{"id":9830,"date":"2013-06-20T10:13:13","date_gmt":"2013-06-20T10:13:13","guid":{"rendered":"https:\/\/www.urlaubcornwall.de\/blog\/?page_id=9830"},"modified":"2026-01-06T16:39:57","modified_gmt":"2026-01-06T16:39:57","slug":"lamorran-ein-mediterraner-garten-an-cornwalls-suedkueste","status":"publish","type":"page","link":"https:\/\/www.urlaubcornwall.de\/blog\/lamorran-ein-mediterraner-garten-an-cornwalls-suedkueste\/","title":{"rendered":"Lamorran \u2013 ein mediterraner Garten an Cornwalls S\u00fcdk\u00fcste"},"content":{"rendered":"<p><b> Lamorran<\/b> <b>Garten St Mawes<\/b><\/p>\n<p><strong>Geh\u00f6rt zu den Great Gardens of Cornwall<\/strong> &#8211; Bei den Lamorran Gardens handelt es sich um eine beschauliche subtropische Gartenanlage in St Mawes auf der Halbinsel Roseland in einer der sch\u00f6nsten Gegenden Cornwalls. Dieser ungew\u00f6hnliche und pers\u00f6nlich gestaltete Garten wurde im Stil der G\u00e4rten aus dem 19. und fr\u00fchen 20. Jahrhundert in S\u00fcdfrankreich und dem Mittelmeerraum angelegt. Er spiegelt den Hintergrund seiner Eigent\u00fcmer und Sch\u00f6pfer, Robert und Maria Antoinetta Dudley-Cooke, wider, die das Lamorran House 1982 erworben haben.<\/p>\n<p>Es liegt auf einem 16.000 m\u00b2 gro\u00dfen Grundst\u00fcck in s\u00fcdlicher Hanglage mit einer atemberaubenden Aussicht auf das Meer und St Anthony\u2019s Head mit dem gleichnamigen Leuchtturm im Hintergrund. An einem sonnigen Tag im Mai zeigten die Eigent\u00fcmer uns den Garten und erz\u00e4hlten uns mehr \u00fcber seine Geschichte.<\/p>\n<p><b>Ein beschaulicher Garten mit kleinen Fu\u00dfwegen und B\u00f6gen<\/b><\/p>\n<p>Lamorran ist ein ganzj\u00e4hriger Garten, da St Mawes in einem der w\u00e4rmsten Regionen Gro\u00dfbritanniens liegt. Die warme Luft wird von 2 Landzungen eingeschlossen. Dadurch entsteht ein Mikroklima, das daf\u00fcr sorgt, dass es praktisch keinen Frost gibt. Da ganzj\u00e4hrig Pflanzen wachsen, zeigen hier Blumen &amp; B\u00e4ume aus der ganzen Welt ihre Pracht.<\/p>\n<p>Rhododendren &amp; Azaleen bildeten den Grundstein des Gartens, doch jetzt findet man dort auch eine Ansammlung von mehr als 200 Palmen mit 30 verschiedenen Arten. Seltene Baumfarne gibt es ebenfalls, darunter Roberts Lieblingspflanze, den Silberfarn. Man trifft bei einem Spaziergang auf Lamorrans verschlungenen Wegen und der Erkundung der versteckten Ecken au\u00dferdem auf Agaven, Aloe-Pflanzen, Puyas und die wundersch\u00f6nen farbenfrohen Bl\u00fcten der Lampranthus.<\/p>\n<p><b>F\u00fcr weitere Informationen:<\/b><a href=\"http:\/\/www.lamorrangarden.co.uk\/\" target=\"_blank\" rel=\"nofollow noopener noreferrer\"><b><span style=\"text-decoration: underline;\"> Lamorran Garten<\/span> &gt;&gt;<\/b><\/a><\/p>\n<p style=\"text-align: center;\"><a class=\"tidycta\" href=\"https:\/\/www.urlaubcornwall.de\/gartenreise.php\">Gartenreisen in England<\/a><\/p>\n<p><b>Erkunden Sie den Garten<\/b><\/p>\n<p>Man findet in Lamorran immer etwas, das gerade bl\u00fcht, und allj\u00e4hrlich am Neujahrstag werden die Bl\u00fcten gez\u00e4hlt. Durchschnittlich bl\u00fchen mehr als 50 Arten. Im Winter und zum Fr\u00fchlingsanfang sind es haupts\u00e4chlich Akazienb\u00e4ume mit gelben duftenden Bl\u00fcten.<\/p>\n<p>Im M\u00e4rz und April verstr\u00f6men Rhododendren, immergr\u00fcne Azaleen, Kamelien und Zitrusbl\u00fcten ihren Duft.<\/p>\n<p><b>Die gr\u00fcne Wand<\/b> &#8211; Der Pfad vom Koi-Teich zur gr\u00fcnen Wand. Betritt man den Garten, sieht man den Koi-Teich vor dem Wasserfall, der von Chinesischen Hanfpalmen umgeben ist. Ein h\u00fcbsches Exemplar der Nootka-Scheinzypresse erhebt sich aus einem Teppich immergr\u00fcner Azaleen. Die gr\u00fcne Wand wurde 2004 erbaut und modern im formalen Stil mit einer Vielzahl an Jasminpflanzen, Heckenkirschen und Bougainvilleas errichtet, was diesem Bereich neben dem Haus ein subtropisches Flair verleiht.<\/p>\n<p><b>Von den Baumfarnen zur Kuppel<\/b> &#8211; Verl\u00e4sst man den oberen Bereich des Gartens, folgt man einem kleinen Strom mit einem gro\u00dfen Exemplar einer Swains Gold-Mittelmeerzypresse \u2013 die goldene Variante des am h\u00e4ufigsten gepflanzten Baums in der Mittelmeerregion. Weiter f\u00fchrt der Pfad mit dem Kamelien-Teppich \u00fcber die Br\u00fccke und Treppen herunter zur Kuppel, wo man \u00fcber den unteren Gartenbereich zum Meer blicken kann.<\/p>\n<p>Die Kuppel befindet sich inmitten des Gartens und bietet einen uneingeschr\u00e4nkten Blick auf St Anthony\u2019s Headland und den Leuchtturm. Dieser Platz eignet sich perfekt, um eine Pause einzulegen und die Aussicht zu genie\u00dfen.<\/p>\n<p>Eine kleine Grotte im japanischen Stil wurde mit vielen seltenen Arten immergr\u00fcner Azaleen unterpflanzt. Das neue Sommerhaus bietet ebenfalls einen tollen Ort zum Ausruhen, w\u00e4hrend man die sch\u00f6ne Aussicht genie\u00dft.<\/p>\n<p><b>Weiter vom Strom zum Bogen<\/b> &#8211; Geht man weiter herunter durch den Garten, kommt man an immergr\u00fcnen Magnolien, Akazien, Rhododendren sowie Kamelien vorbei und der fr\u00fchlingshafte Duft der Skimmia japonica liegt in der Luft.<\/p>\n<p><b>Von der s\u00fcdlichen Hemisph\u00e4re zu einem Sukkulenten-Teppich und dann wieder zur\u00fcck zum Haus<\/b><\/p>\n<p>Der tiefste Teil des Gartens wird von Yucca-Palmen, Agaven und Puyas beherrscht. \u00dcber den Strom f\u00fchrt eine kleine venezianische Br\u00fccke mit Blick auf das Meer. Sieht man die vielen orangefarbenen Mittagsblumen und Palmen, ist es schwer zu glauben, dass man sich auf dem britischen Festland aufh\u00e4lt.<\/p>\n<p><b>F\u00fcr weitere Informationen:<\/b><a href=\"http:\/\/www.lamorrangarden.co.uk\/\" target=\"_blank\" rel=\"nofollow noopener noreferrer\"><b><span style=\"text-decoration: underline;\"> Lamorran Garten<\/span> &gt;&gt;<\/b><\/a><\/p>\n<p><b>Besucherinformationen<\/b><\/p>\n<p>Ge\u00f6ffnet vom 1. April bis Ende September: Mittwoch &amp; Freitag.<\/p>\n<p>Gruppenbuchungen sind nach vorheriger Anmeldung m\u00f6glich.<\/p>\n<p><b>Caf\u00e9<\/b> &#8211; Auf der Terrasse k\u00f6nnen Sie ganz gem\u00fctlich, umgeben von einer wundersch\u00f6nen chinesischen Wisteria und Zitrusb\u00e4umen, einen Nachmittagstee genie\u00dfen. Zudem blicken Sie vorbei an einer Silber-Akazie und einem chilenischen Feuerbusch auf den Leuchtturm.<br \/>\n<iframe loading=\"lazy\" src=\"https:\/\/maps.google.co.uk\/maps\/ms?msa=0&amp;msid=218115240156722179945.0004df92f18d03655c50a&amp;hl=en&amp;ie=UTF8&amp;t=m&amp;ll=50.157546,-5.015259&amp;spn=0.422323,0.878906&amp;z=10&amp;output=embed\" width=\"640\" height=\"480\" frameborder=\"0\" marginwidth=\"0\" marginheight=\"0\" scrolling=\"no\"><\/iframe><br \/>\n<small>View <a style=\"color: #0000ff; text-align: left;\" href=\"https:\/\/maps.google.co.uk\/maps\/ms?msa=0&amp;msid=218115240156722179945.0004df92f18d03655c50a&amp;hl=en&amp;ie=UTF8&amp;t=m&amp;ll=50.157546,-5.015259&amp;spn=0.422323,0.878906&amp;z=10&amp;source=embed\">Lamorran Garten St Mawes<\/a> in a larger map<\/small><\/p>\n<p align=\"right\">\n<\/p>\n","protected":false},"excerpt":{"rendered":"<p>Lamorran Garten St Mawes Geh\u00f6rt zu den Great Gardens of Cornwall &#8211; Bei den Lamorran Gardens handelt es sich um eine beschauliche subtropische Gartenanlage in St Mawes auf der Halbinsel Roseland in einer der sch\u00f6nsten Gegenden Cornwalls. Dieser ungew\u00f6hnliche und pers\u00f6nlich gestaltete Garten wurde im Stil der G\u00e4rten aus dem 19. und fr\u00fchen 20. Jahrhundert [&hellip;]<\/p>\n","protected":false},"author":1,"featured_media":0,"parent":0,"menu_order":0,"comment_status":"closed","ping_status":"closed","template":"single-two.php","meta":[],"acf":[],"yoast_head":"<!-- This site is optimized with the Yoast SEO plugin v19.4 - https:\/\/yoast.com\/wordpress\/plugins\/seo\/ -->\n<title>Lamorran \u2013 ein mediterraner Garten an Cornwalls S\u00fcdk\u00fcste - Urlaub &amp; Reisen<\/title>\n<meta name=\"robots\" content=\"index, follow, max-snippet:-1, max-image-preview:large, max-video-preview:-1\" \/>\n<link rel=\"canonical\" href=\"https:\/\/www.urlaubcornwall.de\/blog\/lamorran-ein-mediterraner-garten-an-cornwalls-suedkueste\/\" \/>\n<meta property=\"og:locale\" content=\"en_US\" \/>\n<meta property=\"og:type\" content=\"article\" \/>\n<meta property=\"og:title\" content=\"Lamorran \u2013 ein mediterraner Garten an Cornwalls S\u00fcdk\u00fcste - Urlaub &amp; Reisen\" \/>\n<meta property=\"og:description\" content=\"Lamorran Garten St Mawes Geh\u00f6rt zu den Great Gardens of Cornwall &#8211; Bei den Lamorran Gardens handelt es sich um eine beschauliche subtropische Gartenanlage in St Mawes auf der Halbinsel Roseland in einer der sch\u00f6nsten Gegenden Cornwalls. Dieser ungew\u00f6hnliche und pers\u00f6nlich gestaltete Garten wurde im Stil der G\u00e4rten aus dem 19. und fr\u00fchen 20. Jahrhundert [&hellip;]\" \/>\n<meta property=\"og:url\" content=\"https:\/\/www.urlaubcornwall.de\/blog\/lamorran-ein-mediterraner-garten-an-cornwalls-suedkueste\/\" \/>\n<meta property=\"og:site_name\" content=\"Urlaub &amp; Reisen\" \/>\n<meta property=\"article:modified_time\" content=\"2026-01-06T16:39:57+00:00\" \/>\n<meta name=\"twitter:card\" content=\"summary\" \/>\n<meta name=\"twitter:label1\" content=\"Est. reading time\" \/>\n\t<meta name=\"twitter:data1\" content=\"3 minutes\" \/>\n<script type=\"application\/ld+json\" class=\"yoast-schema-graph\">{\"@context\":\"https:\/\/schema.org\",\"@graph\":[{\"@type\":\"WebSite\",\"@id\":\"https:\/\/www.urlaubcornwall.de\/blog\/#website\",\"url\":\"https:\/\/www.urlaubcornwall.de\/blog\/\",\"name\":\"Urlaub &amp; Reisen\",\"description\":\"Urlaub, Reisen, Cornwall und S\u00fcdengland: eine perfekte Kombination\",\"potentialAction\":[{\"@type\":\"SearchAction\",\"target\":{\"@type\":\"EntryPoint\",\"urlTemplate\":\"https:\/\/www.urlaubcornwall.de\/blog\/?s={search_term_string}\"},\"query-input\":\"required name=search_term_string\"}],\"inLanguage\":\"en-US\"},{\"@type\":\"WebPage\",\"@id\":\"https:\/\/www.urlaubcornwall.de\/blog\/lamorran-ein-mediterraner-garten-an-cornwalls-suedkueste\/\",\"url\":\"https:\/\/www.urlaubcornwall.de\/blog\/lamorran-ein-mediterraner-garten-an-cornwalls-suedkueste\/\",\"name\":\"Lamorran \u2013 ein mediterraner Garten an Cornwalls S\u00fcdk\u00fcste - Urlaub &amp; Reisen\",\"isPartOf\":{\"@id\":\"https:\/\/www.urlaubcornwall.de\/blog\/#website\"},\"datePublished\":\"2013-06-20T10:13:13+00:00\",\"dateModified\":\"2026-01-06T16:39:57+00:00\",\"breadcrumb\":{\"@id\":\"https:\/\/www.urlaubcornwall.de\/blog\/lamorran-ein-mediterraner-garten-an-cornwalls-suedkueste\/#breadcrumb\"},\"inLanguage\":\"en-US\",\"potentialAction\":[{\"@type\":\"ReadAction\",\"target\":[\"https:\/\/www.urlaubcornwall.de\/blog\/lamorran-ein-mediterraner-garten-an-cornwalls-suedkueste\/\"]}]},{\"@type\":\"BreadcrumbList\",\"@id\":\"https:\/\/www.urlaubcornwall.de\/blog\/lamorran-ein-mediterraner-garten-an-cornwalls-suedkueste\/#breadcrumb\",\"itemListElement\":[{\"@type\":\"ListItem\",\"position\":1,\"name\":\"Home\",\"item\":\"https:\/\/www.urlaubcornwall.de\/blog\/\"},{\"@type\":\"ListItem\",\"position\":2,\"name\":\"Lamorran \u2013 ein mediterraner Garten an Cornwalls S\u00fcdk\u00fcste\"}]}]}<\/script>\n<!-- \/ Yoast SEO plugin. -->","yoast_head_json":{"title":"Lamorran \u2013 ein mediterraner Garten an Cornwalls S\u00fcdk\u00fcste - Urlaub &amp; Reisen","robots":{"index":"index","follow":"follow","max-snippet":"max-snippet:-1","max-image-preview":"max-image-preview:large","max-video-preview":"max-video-preview:-1"},"canonical":"https:\/\/www.urlaubcornwall.de\/blog\/lamorran-ein-mediterraner-garten-an-cornwalls-suedkueste\/","og_locale":"en_US","og_type":"article","og_title":"Lamorran \u2013 ein mediterraner Garten an Cornwalls S\u00fcdk\u00fcste - Urlaub &amp; Reisen","og_description":"Lamorran Garten St Mawes Geh\u00f6rt zu den Great Gardens of Cornwall &#8211; Bei den Lamorran Gardens handelt es sich um eine beschauliche subtropische Gartenanlage in St Mawes auf der Halbinsel Roseland in einer der sch\u00f6nsten Gegenden Cornwalls. Dieser ungew\u00f6hnliche und pers\u00f6nlich gestaltete Garten wurde im Stil der G\u00e4rten aus dem 19. und fr\u00fchen 20. Jahrhundert [&hellip;]","og_url":"https:\/\/www.urlaubcornwall.de\/blog\/lamorran-ein-mediterraner-garten-an-cornwalls-suedkueste\/","og_site_name":"Urlaub &amp; Reisen","article_modified_time":"2026-01-06T16:39:57+00:00","twitter_card":"summary","twitter_misc":{"Est. reading time":"3 minutes"},"schema":{"@context":"https:\/\/schema.org","@graph":[{"@type":"WebSite","@id":"https:\/\/www.urlaubcornwall.de\/blog\/#website","url":"https:\/\/www.urlaubcornwall.de\/blog\/","name":"Urlaub &amp; Reisen","description":"Urlaub, Reisen, Cornwall und S\u00fcdengland: eine perfekte Kombination","potentialAction":[{"@type":"SearchAction","target":{"@type":"EntryPoint","urlTemplate":"https:\/\/www.urlaubcornwall.de\/blog\/?s={search_term_string}"},"query-input":"required name=search_term_string"}],"inLanguage":"en-US"},{"@type":"WebPage","@id":"https:\/\/www.urlaubcornwall.de\/blog\/lamorran-ein-mediterraner-garten-an-cornwalls-suedkueste\/","url":"https:\/\/www.urlaubcornwall.de\/blog\/lamorran-ein-mediterraner-garten-an-cornwalls-suedkueste\/","name":"Lamorran \u2013 ein mediterraner Garten an Cornwalls S\u00fcdk\u00fcste - Urlaub &amp; Reisen","isPartOf":{"@id":"https:\/\/www.urlaubcornwall.de\/blog\/#website"},"datePublished":"2013-06-20T10:13:13+00:00","dateModified":"2026-01-06T16:39:57+00:00","breadcrumb":{"@id":"https:\/\/www.urlaubcornwall.de\/blog\/lamorran-ein-mediterraner-garten-an-cornwalls-suedkueste\/#breadcrumb"},"inLanguage":"en-US","potentialAction":[{"@type":"ReadAction","target":["https:\/\/www.urlaubcornwall.de\/blog\/lamorran-ein-mediterraner-garten-an-cornwalls-suedkueste\/"]}]},{"@type":"BreadcrumbList","@id":"https:\/\/www.urlaubcornwall.de\/blog\/lamorran-ein-mediterraner-garten-an-cornwalls-suedkueste\/#breadcrumb","itemListElement":[{"@type":"ListItem","position":1,"name":"Home","item":"https:\/\/www.urlaubcornwall.de\/blog\/"},{"@type":"ListItem","position":2,"name":"Lamorran \u2013 ein mediterraner Garten an Cornwalls S\u00fcdk\u00fcste"}]}]}},"_links":{"self":[{"href":"https:\/\/www.urlaubcornwall.de\/blog\/wp-json\/wp\/v2\/pages\/9830"}],"collection":[{"href":"https:\/\/www.urlaubcornwall.de\/blog\/wp-json\/wp\/v2\/pages"}],"about":[{"href":"https:\/\/www.urlaubcornwall.de\/blog\/wp-json\/wp\/v2\/types\/page"}],"author":[{"embeddable":true,"href":"https:\/\/www.urlaubcornwall.de\/blog\/wp-json\/wp\/v2\/users\/1"}],"replies":[{"embeddable":true,"href":"https:\/\/www.urlaubcornwall.de\/blog\/wp-json\/wp\/v2\/comments?post=9830"}],"version-history":[{"count":34,"href":"https:\/\/www.urlaubcornwall.de\/blog\/wp-json\/wp\/v2\/pages\/9830\/revisions"}],"predecessor-version":[{"id":51979,"href":"https:\/\/www.urlaubcornwall.de\/blog\/wp-json\/wp\/v2\/pages\/9830\/revisions\/51979"}],"wp:attachment":[{"href":"https:\/\/www.urlaubcornwall.de\/blog\/wp-json\/wp\/v2\/media?parent=9830"}],"curies":[{"name":"wp","href":"https:\/\/api.w.org\/{rel}","templated":true}]}}