{"id":9751,"date":"2013-06-15T09:49:36","date_gmt":"2013-06-15T09:49:36","guid":{"rendered":"https:\/\/www.urlaubcornwall.de\/blog\/?page_id=9751"},"modified":"2024-04-30T15:53:05","modified_gmt":"2024-04-30T15:53:05","slug":"unsere-top-10-tipps-fuer-autoreisen-in-grossbritannien","status":"publish","type":"page","link":"https:\/\/www.urlaubcornwall.de\/blog\/unsere-top-10-tipps-fuer-autoreisen-in-grossbritannien\/","title":{"rendered":"Unsere Top 10 Tipps f\u00fcr Autoreisen in Gro\u00dfbritannien."},"content":{"rendered":"<p><img loading=\"lazy\" class=\"aligncenter size-full wp-image-47900\" src=\"https:\/\/www.urlaubcornwall.de\/blog\/wp-content\/uploads\/2024\/03\/lizard.jpg\" alt=\"lizard kynance\" width=\"750\" height=\"563\" srcset=\"https:\/\/www.urlaubcornwall.de\/blog\/wp-content\/uploads\/2024\/03\/lizard.jpg 750w, https:\/\/www.urlaubcornwall.de\/blog\/wp-content\/uploads\/2024\/03\/lizard-300x225.jpg 300w\" sizes=\"(max-width: 750px) 100vw, 750px\" \/><\/p>\n<p>Autofahren in Gro\u00dfbritannien ist weit weniger be\u00e4ngstigend, als Sie vielleicht annehmen. &#8211; Das Stra\u00dfennetz wurde speziell f\u00fcr den Linksverkehr entwickelt, d. h. Ihre Chancen von der falschen Seite aus in den Kreisverkehr oder auf eine Kreuzung zu fahren sind ziemlich gering. Mit einem britischen Mietwagen l\u00e4sst es sich sogar einfacher fahren, als mit einem Fahrzeug mit Rechtslenkung. Sie stehen mit Ihren Bedenken nat\u00fcrlich nicht allein, aber tausende Besucher fahren Jahr f\u00fcr Jahr gl\u00fccklich und sicher mit dem <a href=\"http:\/\/www.urlaubcornwall.de\/rundreisen\/grossbritannien.php\">Auto durch Gro\u00dfbritannien<\/a><strong>.<\/strong><\/p>\n<p style=\"text-align: left;\">Hier bei <a href=\"http:\/\/www.urlaubcornwall.de\/\">UrlaubCornwall.de<\/a> m\u00f6chten wir nat\u00fcrlich, dass Sie sicher und entspannt durch die Britischen Inseln fahren, und haben Ihnen einige Fahrtipps und Hinweise zusammengestellt, die Ihnen das Autofahren im Linksverkehr hoffentlich erleichtern.<\/p>\n<p style=\"text-align: left;\"><strong>1. Gehen Sie es langsam an<\/strong><\/p>\n<p style=\"text-align: left;\">Falls Sie bisher noch nie in Gro\u00dfbritannien Auto gefahren sind und sich unsicher f\u00fchlen, sollten Sie vielleicht nicht gleich am Flughafen einen Wagen mieten und direkt auf die Autobahn in Richtung Gro\u00dfstadt fahren. Fahren Sie vielleicht besser zun\u00e4chst einmal mit dem Zug zu Ihrem ausw\u00e4rts gelegenen Ziel und stellen Sie sich dann langsam auf den Linksverkehr um, indem Sie zuerst entlang ruhiger Strecken Ihr Selbstvertrauen aufbauen.<\/p>\n<p style=\"text-align: left;\"><strong>2. Fragen Sie nach dem passenden Wagen<\/strong><\/p>\n<p style=\"text-align: left;\">Die meisten Mietwagen haben eine Gangschaltung. Sofern Sie nicht bei der Buchung ausdr\u00fccklich nach einem Wagen mit Automatik verlangen, wird man Ihnen f\u00fcr gew\u00f6hnlich ein Auto mit Gangschaltung geben.<\/p>\n<p style=\"text-align: left;\"><strong>3. Vorsicht vor Fahrern, die Kehrtwendungen vollziehen<\/strong><\/p>\n<p style=\"text-align: left;\">Vorausgesetzt, dass in dem jeweiligen Bereich kein ausdr\u00fcckliches Verbot besteht, ist es Fahrern generell erlaubt, auf allen britischen Stra\u00dfen &#8211; sofern m\u00f6glich und sicher &#8211; eine Kehrtwendung oder eine Wendung in 3 Z\u00fcgen zu vollziehen. Seien Sie daher nicht \u00fcberrascht, wenn Sie einen Fahrer sehen, der mit seiner Kehrtwendung gleich vier Fahrspuren aufh\u00e4lt. Taxifahrer sind dabei besonders hemmungslos!<\/p>\n<div class=\"snippet\"> <a class=\"featured-item\" href=\" https:\/\/www.urlaubcornwall.de\/rundreisen\/grossbritannien.php\"> <span class=\"image-holder\" style=\"background-image: url(' https:\/\/www.urlaubcornwall.de\/blog\/wp-content\/uploads\/2018\/11\/rundreise-cornwall.jpg ');\"><\/span> <span class=\"featured-content\"> \n<h2 class=\"featured-title\">Individuelle Rundreise in Cornwall, S\u00fcdengland &#038; durch Gro\u00dfbritannien<\/h2>\n<p class=\"featured-body\">Bei dieser Rundreise entdecken Sie die H\u00f6hepunkte Gro\u00dfbritanniens Kultur, Geschichte, Landschaft und heutiges Leben werden Sie hierbei kennenlernen&#8230;<\/p>\n<\/span> <span class=\"featured-link-holder\"> <span class=\"featured-extra-info\"> \n<p>Urlaub im eigenen Schritttempo<\/p>\n<\/span> \n<p class=\"featured-link\">DETAILS<\/p>\n<\/span> <\/a><\/div>\n<p style=\"text-align: left;\"><strong>4. Schwimmen Sie mit dem Strom<\/strong><\/p>\n<p style=\"text-align: left;\">Sie werden oftmals Autos sehen, die den Anschein haben, als w\u00e4ren sie auf der falschen Stra\u00dfenseite geparkt, n\u00e4mlich dem Gegenverkehr zugewandt. Im Vereinigten K\u00f6nigreich ist dies jedoch gesetzlich erlaubt und Autofahrer \u00fcberqueren oft die Stra\u00dfe, um einen Parkplatz zu ergattern. Lassen Sie sich nicht dazu verleiten, es ihnen nachzuahmen. Wenn Sie es nicht gewohnt sind, auf der linken Seite zu fahren, vergessen Sie es sp\u00e4ter vielleicht und fahren direkt in den Gegenverkehr los.<\/p>\n<p style=\"text-align: left;\"><strong>5. Immer locker bleiben<\/strong><\/p>\n<p style=\"text-align: left;\">Die interessantesten und malerischsten Stra\u00dfen in Gro\u00dfbritannien sind oftmals die engsten. Es kommt vor, dass Sie hinter einem langsamen Auto h\u00e4ngenbleiben oder dass vor Ihnen ein Traktor schleichend die Stra\u00dfe entlang tuckert. Ruhig Blut und versuchen Sie nicht, impulsiv zu \u00fcberholen. Es ist sicherer, Geduld zu \u00fcben und zu warten, bis Sie eine klare und weite Sicht auf die vor Ihnen liegende Stra\u00dfe haben. Es ist verbl\u00fcffend, wie schnell sich der Gegenverkehr bewegt, wenn Sie gerade versuchen, einen Traktor zu \u00fcberholen!<\/p>\n<p style=\"text-align: left;\"><strong>6. Etikette auf engen Stra\u00dfen<\/strong><\/p>\n\n<p style=\"text-align: left;\">Im l\u00e4ndlichen Gro\u00dfbritannien sind sogar noch kleinere und engere Landstra\u00dfen verbreitet, besonders in <a title=\"Urlaub in Devon\" href=\"https:\/\/www.urlaubcornwall.de\/blog\/urlaub-in-devon\/\">Devon<\/a> und <a title=\"Urlaub in Cornwall\" href=\"http:\/\/www.urlaubcornwall.de\/\">Cornwall<\/a>. Wenn Sie sich auf einer solchen Stra\u00dfe befinden, halten Sie nach kleinen, manchmal gepflasterten Zonen ausschau, wo Sie an die Seite fahren k\u00f6nnen, um ein entgegenkommendes Auto vorbeiziehen zu lassen. Diese Haltebuchten werden auf Englisch <i>lay-bys<\/i> genannt. Manchmal wird ein entgegenkommender Autofahrer an die Seite fahren, um Sie vorbei zu lassen. Und manchmal muss derjenige, der sich dem <i>lay-by<\/i> am n\u00e4chsten befindet, zur\u00fcckfahren. Wenn ein Autofahrer zur Seite f\u00e4hrt, um Sie vorbeizulassen, w\u00fcrdigen Sie dieses Entgegenkommen mit einer gehobenen Hand.<\/p>\n<p style=\"text-align: left;\"><strong>7. Achtung Hecke!<\/strong><\/p>\n<p style=\"text-align: left;\">Anstatt mit Z\u00e4unen werden die Felder in der gesamten englischen Landschaft durch Hecken aufgeteilt. Diese Hecken bestehen aus hohen, dichten Geb\u00fcschen, Kletterpflanzen und kleinen B\u00e4umen, die alle ineinander verwoben und undurchdringlich sind. Auf engen Stra\u00dfen k\u00f6nnen sie die Sicht versperren. Einmal stand ich pl\u00f6tzlich acht K\u00fchen Auge in Auge gegen\u00fcber, die von einer Weide ausgeb\u00fcxt wearen! Falls eine Hecke Ihnen auf einer engen Kurve die Sicht versperrt, gehen Sie es langsam an und hupen Sie. Bei Nacht lassen Sie Ihr Fernlicht aufblitzen, sodass ein eventuell entgegenkommendes Auto Sie wahrnehmen kann.<\/p>\n<div class=\"snippet\"> <a class=\"featured-item\" href=\"https:\/\/www.urlaubcornwall.de\/ferienhaeuser.php\"> <span class=\"image-holder\" style=\"background-image: url(' https:\/\/www.urlaubcornwall.de\/blog\/wp-content\/uploads\/2024\/03\/ferienhaus-england-cornwall.jpg ');\"><\/span> <span class=\"featured-content\"> \n<h2 class=\"featured-title\">Ferienh\u00e4user in Gro\u00dfbritannien zum Verlieben!<\/h2>\n<p class=\"featured-body\">UrlaubCornwall.de hat eine einzigartige Sammlung pers\u00f6nlich inspizierter Ferienh\u00e4user und Ferienwohnungen in Cornwall, S\u00fcdengland und nun auch im gesamten Gro\u00dfbritannien&#8230;..<\/p><\/span> <span class=\"featured-link-holder\"> <span class=\"featured-extra-info\"> \n<p>F\u00fcr Paare, Familien &#038; Gruppen<\/p>\n<\/span> \n<p class=\"featured-link\">DETAILS<\/p>\n<\/span> <\/a><\/div>\n<p style=\"text-align: left;\"><strong>8. Achten Sie auf die Geschwindigkeit<\/strong><\/p>\n<p style=\"text-align: left;\">Auf den Autobahnen betr\u00e4gt die H\u00f6chstgeschwindigkeit normalerweise 70 Meilen pro Stunde (70 mph = 112 km\/h). Auf Landstra\u00dfen wird das Tempolimit auf 40 oder 50mph (64 bzw. 80 km\/h) gedrosselt. Sobald Sie eine geschlossene Ortschaft erreichen, betr\u00e4gt das Tempolimit nicht mehr als 30mph (48 km\/h) \u2013 geringere Geschwindigkeitsgrenzen sind ausgeschildert. Seien Sie vorsichtig, denn die Stadtzentren im gesamten Vereinigten K\u00f6nigreich sind mittlerweile mit Geschwindigkeitskameras ausgestattet. Ein gelbes Schild auf der eine Kamera abgebildet ist, weist darauf hin, dass eine digitale Geschwindigkeitskamera Sie im Umkreis von 200 Metern beobachtet.<\/p>\n<p style=\"text-align: left;\"><strong>9. Parken mit Parkschein (Pay and Display)<\/strong><\/p>\n<p style=\"text-align: left;\">In den meisten St\u00e4dten und D\u00f6rfern gibt es nun \u201cPay and Display\u201d-Parkpl\u00e4tze, die Staus auf den engen alten Stra\u00dfen und Gassen der Stadtzentren entgegenwirken. Die Parkgeb\u00fchr ist gering \u2013 Parken kostet ca. \u00a31 die Stunde und Sie bekommen vom Automaten einen Parkschein, den Sie gut sichtbar auf Ihr Armaturenbrett ablegen. Wenn die Parkeinschr\u00e4nkungen aufgehoben werden (normalerweise nach 18:00 Uhr) k\u00f6nnen Sie auf Stra\u00dfen mit einzelnen gelben Linien parken. Beachten Sie bitte, dass in den Bereichen mit doppelten gelben Linien immer ein Parkverbot besteht.<\/p>\n<p style=\"text-align: left;\"><strong>10. Halten Sie nach Zebras Ausschau<\/strong><\/p>\n<p style=\"text-align: left;\">Wie auch in Deutschland m\u00fcssen Sie den Fu\u00dfg\u00e4ngern auf Zebrastreifen Vorrang gew\u00e4hren. In England werden diese Fu\u00dfg\u00e4nger\u00fcberwege zudem an beiden Enden durch gestreifte Pfosten mit kugelf\u00f6rmigen gelben Lichtern gekennzeichnet.<\/p>\n<p><a href=\"http:\/\/urlaubcornwall.de\/\">UrlaubCornwall.de<\/a> hat seinen Firmensitz in Cornwall in S\u00fcdwestengland und bietet Kunden im Deutsch sprechenden Europa Hilfe im Erstellen der perfekten Urlaubserfahrung hier. Wir haben <a href=\"http:\/\/www.urlaubcornwall.de\/rundreisenservice.php\">ein Team Deutsch sprechender Experten<\/a>, so dass wir eine individuelle Rundreise durch Cornwall, S\u00fcdengland und nun auch durch den Rest Gro\u00dfbritanniens und Irlands anbieten k\u00f6nnen.<br \/>\nWir bieten eine fantastische Auswahl an Rundreisen mit den beliebtesten Attraktionen und St\u00e4dten in <a href=\"http:\/\/www.urlaubcornwall.de\/reiseziel\/cornwall.php\">Cornwall<\/a>, <a href=\"https:\/\/www.urlaubcornwall.de\/blog\/rundreisen-england-wales\/\">England<\/a>, <a href=\"https:\/\/www.urlaubcornwall.de\/blog\/rundreisen-schottland\/\">Schottland,<\/a> <a href=\"https:\/\/www.urlaubcornwall.de\/blog\/rundreisen-england-wales\/\">Wales<\/a> und <a href=\"https:\/\/www.urlaubcornwall.de\/blog\/rundreisen-irland\/\">Irland.<\/a><br \/>\n&nbsp;<\/p>\n","protected":false},"excerpt":{"rendered":"<p>Autofahren in Gro\u00dfbritannien ist weit weniger be\u00e4ngstigend, als Sie vielleicht annehmen. &#8211; Das Stra\u00dfennetz wurde speziell f\u00fcr den Linksverkehr entwickelt, d. h. Ihre Chancen von der falschen Seite aus in den Kreisverkehr oder auf eine Kreuzung zu fahren sind ziemlich gering. Mit einem britischen Mietwagen l\u00e4sst es sich sogar einfacher fahren, als mit einem Fahrzeug [&hellip;]<\/p>\n","protected":false},"author":1,"featured_media":0,"parent":0,"menu_order":0,"comment_status":"closed","ping_status":"closed","template":"single-four.php","meta":[],"acf":[],"yoast_head":"<!-- This site is optimized with the Yoast SEO plugin v19.4 - https:\/\/yoast.com\/wordpress\/plugins\/seo\/ -->\n<title>Unsere Top 10 Tipps f\u00fcr Autoreisen in Gro\u00dfbritannien. - Urlaub &amp; Reisen<\/title>\n<meta name=\"robots\" content=\"index, follow, max-snippet:-1, max-image-preview:large, max-video-preview:-1\" \/>\n<link rel=\"canonical\" href=\"https:\/\/www.urlaubcornwall.de\/blog\/unsere-top-10-tipps-fuer-autoreisen-in-grossbritannien\/\" \/>\n<meta property=\"og:locale\" content=\"en_US\" \/>\n<meta property=\"og:type\" content=\"article\" \/>\n<meta property=\"og:title\" content=\"Unsere Top 10 Tipps f\u00fcr Autoreisen in Gro\u00dfbritannien. - Urlaub &amp; Reisen\" \/>\n<meta property=\"og:description\" content=\"Autofahren in Gro\u00dfbritannien ist weit weniger be\u00e4ngstigend, als Sie vielleicht annehmen. &#8211; Das Stra\u00dfennetz wurde speziell f\u00fcr den Linksverkehr entwickelt, d. h. Ihre Chancen von der falschen Seite aus in den Kreisverkehr oder auf eine Kreuzung zu fahren sind ziemlich gering. Mit einem britischen Mietwagen l\u00e4sst es sich sogar einfacher fahren, als mit einem Fahrzeug [&hellip;]\" \/>\n<meta property=\"og:url\" content=\"https:\/\/www.urlaubcornwall.de\/blog\/unsere-top-10-tipps-fuer-autoreisen-in-grossbritannien\/\" \/>\n<meta property=\"og:site_name\" content=\"Urlaub &amp; Reisen\" \/>\n<meta property=\"article:modified_time\" content=\"2024-04-30T15:53:05+00:00\" \/>\n<meta property=\"og:image\" content=\"https:\/\/www.urlaubcornwall.de\/blog\/wp-content\/uploads\/2024\/03\/lizard.jpg\" \/>\n<meta name=\"twitter:card\" content=\"summary\" \/>\n<meta name=\"twitter:label1\" content=\"Est. reading time\" \/>\n\t<meta name=\"twitter:data1\" content=\"5 minutes\" \/>\n<script type=\"application\/ld+json\" class=\"yoast-schema-graph\">{\"@context\":\"https:\/\/schema.org\",\"@graph\":[{\"@type\":\"WebSite\",\"@id\":\"https:\/\/www.urlaubcornwall.de\/blog\/#website\",\"url\":\"https:\/\/www.urlaubcornwall.de\/blog\/\",\"name\":\"Urlaub &amp; Reisen\",\"description\":\"Urlaub, Reisen, Cornwall und S\u00fcdengland: eine perfekte Kombination\",\"potentialAction\":[{\"@type\":\"SearchAction\",\"target\":{\"@type\":\"EntryPoint\",\"urlTemplate\":\"https:\/\/www.urlaubcornwall.de\/blog\/?s={search_term_string}\"},\"query-input\":\"required name=search_term_string\"}],\"inLanguage\":\"en-US\"},{\"@type\":\"WebPage\",\"@id\":\"https:\/\/www.urlaubcornwall.de\/blog\/unsere-top-10-tipps-fuer-autoreisen-in-grossbritannien\/\",\"url\":\"https:\/\/www.urlaubcornwall.de\/blog\/unsere-top-10-tipps-fuer-autoreisen-in-grossbritannien\/\",\"name\":\"Unsere Top 10 Tipps f\u00fcr Autoreisen in Gro\u00dfbritannien. - Urlaub &amp; Reisen\",\"isPartOf\":{\"@id\":\"https:\/\/www.urlaubcornwall.de\/blog\/#website\"},\"datePublished\":\"2013-06-15T09:49:36+00:00\",\"dateModified\":\"2024-04-30T15:53:05+00:00\",\"breadcrumb\":{\"@id\":\"https:\/\/www.urlaubcornwall.de\/blog\/unsere-top-10-tipps-fuer-autoreisen-in-grossbritannien\/#breadcrumb\"},\"inLanguage\":\"en-US\",\"potentialAction\":[{\"@type\":\"ReadAction\",\"target\":[\"https:\/\/www.urlaubcornwall.de\/blog\/unsere-top-10-tipps-fuer-autoreisen-in-grossbritannien\/\"]}]},{\"@type\":\"BreadcrumbList\",\"@id\":\"https:\/\/www.urlaubcornwall.de\/blog\/unsere-top-10-tipps-fuer-autoreisen-in-grossbritannien\/#breadcrumb\",\"itemListElement\":[{\"@type\":\"ListItem\",\"position\":1,\"name\":\"Home\",\"item\":\"https:\/\/www.urlaubcornwall.de\/blog\/\"},{\"@type\":\"ListItem\",\"position\":2,\"name\":\"Unsere Top 10 Tipps f\u00fcr Autoreisen in Gro\u00dfbritannien.\"}]}]}<\/script>\n<!-- \/ Yoast SEO plugin. -->","yoast_head_json":{"title":"Unsere Top 10 Tipps f\u00fcr Autoreisen in Gro\u00dfbritannien. - Urlaub &amp; Reisen","robots":{"index":"index","follow":"follow","max-snippet":"max-snippet:-1","max-image-preview":"max-image-preview:large","max-video-preview":"max-video-preview:-1"},"canonical":"https:\/\/www.urlaubcornwall.de\/blog\/unsere-top-10-tipps-fuer-autoreisen-in-grossbritannien\/","og_locale":"en_US","og_type":"article","og_title":"Unsere Top 10 Tipps f\u00fcr Autoreisen in Gro\u00dfbritannien. - Urlaub &amp; Reisen","og_description":"Autofahren in Gro\u00dfbritannien ist weit weniger be\u00e4ngstigend, als Sie vielleicht annehmen. &#8211; Das Stra\u00dfennetz wurde speziell f\u00fcr den Linksverkehr entwickelt, d. h. Ihre Chancen von der falschen Seite aus in den Kreisverkehr oder auf eine Kreuzung zu fahren sind ziemlich gering. Mit einem britischen Mietwagen l\u00e4sst es sich sogar einfacher fahren, als mit einem Fahrzeug [&hellip;]","og_url":"https:\/\/www.urlaubcornwall.de\/blog\/unsere-top-10-tipps-fuer-autoreisen-in-grossbritannien\/","og_site_name":"Urlaub &amp; Reisen","article_modified_time":"2024-04-30T15:53:05+00:00","og_image":[{"url":"https:\/\/www.urlaubcornwall.de\/blog\/wp-content\/uploads\/2024\/03\/lizard.jpg"}],"twitter_card":"summary","twitter_misc":{"Est. reading time":"5 minutes"},"schema":{"@context":"https:\/\/schema.org","@graph":[{"@type":"WebSite","@id":"https:\/\/www.urlaubcornwall.de\/blog\/#website","url":"https:\/\/www.urlaubcornwall.de\/blog\/","name":"Urlaub &amp; Reisen","description":"Urlaub, Reisen, Cornwall und S\u00fcdengland: eine perfekte Kombination","potentialAction":[{"@type":"SearchAction","target":{"@type":"EntryPoint","urlTemplate":"https:\/\/www.urlaubcornwall.de\/blog\/?s={search_term_string}"},"query-input":"required name=search_term_string"}],"inLanguage":"en-US"},{"@type":"WebPage","@id":"https:\/\/www.urlaubcornwall.de\/blog\/unsere-top-10-tipps-fuer-autoreisen-in-grossbritannien\/","url":"https:\/\/www.urlaubcornwall.de\/blog\/unsere-top-10-tipps-fuer-autoreisen-in-grossbritannien\/","name":"Unsere Top 10 Tipps f\u00fcr Autoreisen in Gro\u00dfbritannien. - Urlaub &amp; Reisen","isPartOf":{"@id":"https:\/\/www.urlaubcornwall.de\/blog\/#website"},"datePublished":"2013-06-15T09:49:36+00:00","dateModified":"2024-04-30T15:53:05+00:00","breadcrumb":{"@id":"https:\/\/www.urlaubcornwall.de\/blog\/unsere-top-10-tipps-fuer-autoreisen-in-grossbritannien\/#breadcrumb"},"inLanguage":"en-US","potentialAction":[{"@type":"ReadAction","target":["https:\/\/www.urlaubcornwall.de\/blog\/unsere-top-10-tipps-fuer-autoreisen-in-grossbritannien\/"]}]},{"@type":"BreadcrumbList","@id":"https:\/\/www.urlaubcornwall.de\/blog\/unsere-top-10-tipps-fuer-autoreisen-in-grossbritannien\/#breadcrumb","itemListElement":[{"@type":"ListItem","position":1,"name":"Home","item":"https:\/\/www.urlaubcornwall.de\/blog\/"},{"@type":"ListItem","position":2,"name":"Unsere Top 10 Tipps f\u00fcr Autoreisen in Gro\u00dfbritannien."}]}]}},"_links":{"self":[{"href":"https:\/\/www.urlaubcornwall.de\/blog\/wp-json\/wp\/v2\/pages\/9751"}],"collection":[{"href":"https:\/\/www.urlaubcornwall.de\/blog\/wp-json\/wp\/v2\/pages"}],"about":[{"href":"https:\/\/www.urlaubcornwall.de\/blog\/wp-json\/wp\/v2\/types\/page"}],"author":[{"embeddable":true,"href":"https:\/\/www.urlaubcornwall.de\/blog\/wp-json\/wp\/v2\/users\/1"}],"replies":[{"embeddable":true,"href":"https:\/\/www.urlaubcornwall.de\/blog\/wp-json\/wp\/v2\/comments?post=9751"}],"version-history":[{"count":38,"href":"https:\/\/www.urlaubcornwall.de\/blog\/wp-json\/wp\/v2\/pages\/9751\/revisions"}],"predecessor-version":[{"id":50033,"href":"https:\/\/www.urlaubcornwall.de\/blog\/wp-json\/wp\/v2\/pages\/9751\/revisions\/50033"}],"wp:attachment":[{"href":"https:\/\/www.urlaubcornwall.de\/blog\/wp-json\/wp\/v2\/media?parent=9751"}],"curies":[{"name":"wp","href":"https:\/\/api.w.org\/{rel}","templated":true}]}}