{"id":9455,"date":"2013-05-09T10:28:27","date_gmt":"2013-05-09T10:28:27","guid":{"rendered":"https:\/\/www.urlaubcornwall.de\/blog\/?page_id=9455"},"modified":"2026-01-06T16:17:36","modified_gmt":"2026-01-06T16:17:36","slug":"die-lost-gardens-of-heligan-ein-muss-unter-den-kornischen-gaerten","status":"publish","type":"page","link":"https:\/\/www.urlaubcornwall.de\/blog\/die-lost-gardens-of-heligan-ein-muss-unter-den-kornischen-gaerten\/","title":{"rendered":"Die \u201eLost Gardens of Heligan\u201c: Ein \u201eMuss\u201c unter den kornischen G\u00e4rten."},"content":{"rendered":"<p><a href=\"https:\/\/www.urlaubcornwall.de\/blog\/wp-content\/uploads\/2024\/04\/Lost-Gradens-of-Heligan-Rope-Bridge.jpg\"><img loading=\"lazy\" src=\"https:\/\/www.urlaubcornwall.de\/blog\/wp-content\/uploads\/2024\/04\/Lost-Gradens-of-Heligan-Rope-Bridge.jpg\" alt=\"Lost-Gradens-of-Heligan-Rope-Bridge\" width=\"750\" height=\"536\" class=\"alignnone size-full wp-image-49801\" srcset=\"https:\/\/www.urlaubcornwall.de\/blog\/wp-content\/uploads\/2024\/04\/Lost-Gradens-of-Heligan-Rope-Bridge.jpg 750w, https:\/\/www.urlaubcornwall.de\/blog\/wp-content\/uploads\/2024\/04\/Lost-Gradens-of-Heligan-Rope-Bridge-300x214.jpg 300w\" sizes=\"(max-width: 750px) 100vw, 750px\" \/><\/a><\/p>\n<p><strong>Besucherinformation<\/strong><\/p>\n<p>Heligan liegt in der N\u00e4he von <a href=\"https:\/\/www.urlaubcornwall.de\/ferienhaeuser-fewos\/mevagissey.html\">Mevagissey<\/a> entlang der kornischen S\u00fcdk\u00fcste und ist seit \u00fcber 400 Jahren das Heim der Familie Tremayne. Es gilt als eines der geheimnisvollsten Landbesitze in England. Zu Ende des 19. Jahrhunderts entfalteten sich die 400 Hektar gro\u00dfen G\u00e4rten zu voller Bl\u00fcte, jedoch legten Brombeergestr\u00fcpp und Efeu nur wenige Jahre sp\u00e4ter einen gr\u00fcnen Schleier \u00fcber diesen einst pr\u00e4chtigen Garten.<\/p>\n<p>Der Ausbruch des 1. Weltkrieges hatte zur Folge, dass das Team von 20 G\u00e4rtnern zum Kampf ins Ausland geschickt wurde und viele kehrten nie zur\u00fcck. Das pr\u00e4chtige Haus wurde in ein Genesungsheim umgewandelt und die G\u00e4rten besa\u00dfen nun keine Priorit\u00e4t mehr und wurden vergessen, wuchsen zu und waren verschollen.<\/p>\n<p>Nach Jahrzenten der Verwahrlosung h\u00e4tten die Lost Gardens of Heligan als Fu\u00dfnote in die Geschichte eingehen sollen. Doch zwei Personen, Tim Smit und John Willis (ein Nachkomme der Familie Tremayne), entdeckten die verlassenen G\u00e4rten aufs Neue und nahmen sich der Herausforderung an, sie wieder zu neuem Leben zu erwecken.<\/p>\n<p><a href=\"https:\/\/www.urlaubcornwall.de\/blog\/gaerten-in-cornwall\/\"><span style=\"text-decoration: underline;\"><strong>Unsere Auswahl der besten G\u00e4rten in Cornwall<\/strong><\/span><strong>&gt;&gt;<\/strong><\/a><\/p>\n<p><b>Die n\u00f6rdlichen G\u00e4rten<\/b><\/p>\n<p align=\"left\"><strong>Ertragreiche G\u00e4rten<\/strong><\/p>\n<p> &#8211; Gestaltet als ein Fenster in die Vergangenheit, steht die preisgekr\u00f6nte Restauration der ertragreichen G\u00e4rten aus der viktorianischen Zeit als ein lebendes Denkmal f\u00fcr die verschollenen G\u00e4rtner von Heligan.<\/p>\n<p>Das ganze Jahr hindurch intensiv kultiviert, erf\u00fcllten diese G\u00e4rten einst fast alle Bed\u00fcrfnisse der Familie Tremayne und seiner G\u00e4ste im Big House. Das Verm\u00e4chtnis umfasst hunderte Varianten von Fr\u00fcchten, Gem\u00fcse, Salat und Kr\u00e4utern, die den Heligan Tearoom mit frischen, saisonalen Produkten beliefern.<\/p>\n<p align=\"left\"><strong>Parkanlage<\/strong><\/p>\n<p> &#8211; Vor \u00fcber 200 Jahren angelegt, ist die Parkanlage Heimat f\u00fcr eine ungew\u00f6hnliche Bandbreite an romantischen Strukturen und au\u00dfergew\u00f6hnlichen Merkmalen, verbunden durch ein Netzwerk an Spazierwegen, ums\u00e4umt von einer pr\u00e4chtigen Kollektion historischer Anpflanzungen.<\/p>\n<p>Spazieren Sie unter den alten Rhododendrenzweigen aus Indien, neben Maori-geschnitzten Baumfarnen aus Neuseeland, um den italienischen Garten und in die von den Alpen inspirierte Schlucht \u2013 allesamt in Cornwall zu entdecken.<\/p>\n<p><b>Der Dschungel<\/b><\/p>\n<p>Begeben Sie sich auf ein Abenteuer entlang des erh\u00f6hten Fu\u00dfwegs, der sich \u00fcber vier Teiche vorbei an gigantischen Rhabarberstauden, Bananenplantagen und Palmenreihen schl\u00e4ngelt. Spazieren Sie durch Tunnel aus emporragendem Bambus und entdecken Sie eine einzigartige gedeihende Pflanzenkollektion.<\/p>\n<p>Der Dschungel befindet sich in einem steilwandigen Tal, das ein f\u00fcnf Grad w\u00e4rmeres Mikroklima als die n\u00f6rdlichen G\u00e4rten hervorbringt. Von den k\u00fchnen viktorianischen Pflanzenj\u00e4gern und neueren Sammlern mitgebrachte Pflanzen aus der ganzen Welt bieten ein wahres Vergn\u00fcgen f\u00fcr Gartenliebhaber.<\/p>\n<p><strong><\/strong><strong>\u00d6ffnungszeiten<\/strong><\/p>\n<p><b>T\u00e4glich ge\u00f6ffnet, das ganze Jahr \u00fcber.<\/b><\/p>\n<p><b>Hauptsaison:<\/b> 1. April bis 30. September von 10:00 &#8211; 18:00 Uhr (letzter Einlass 16:30 Uhr)<\/p>\n<p><b>Wintersaison:<\/b> 1. Oktober bis 31. M\u00e4rz von 10:00 &#8211; 17:00 Uhr (letzter Einlass 15:30 Uhr)<\/p>\n<p><strong>Erfahren Sie mehr auf der <a href=\"http:\/\/heligan.com\/\"><span style=\"text-decoration: underline;\"><strong>Heligan Website<\/strong><\/span><\/a><\/strong><a href=\"http:\/\/heligan.com\/\">&gt;&gt;<\/a><\/p>\n<p style=\"text-align: center;\"><a class=\"tidycta\" href=\"https:\/\/www.urlaubcornwall.de\/gartenreise.php\">Gartenreisen in England<\/a><\/p>\n<p><iframe loading=\"lazy\" src=\"https:\/\/maps.google.co.uk\/maps\/ms?msa=0&amp;msid=218115240156722179945.0004dc46710afad6cfc19&amp;hl=en&amp;ie=UTF8&amp;t=h&amp;ll=50.285391,-4.811325&amp;spn=0.210596,0.439453&amp;z=11&amp;output=embed\" width=\"640\" height=\"480\" frameborder=\"0\" marginwidth=\"0\" marginheight=\"0\" scrolling=\"no\"><\/iframe><br \/>\n<small>View <a style=\"color: #0000ff; text-align: left;\" href=\"https:\/\/maps.google.co.uk\/maps\/ms?msa=0&amp;msid=218115240156722179945.0004dc46710afad6cfc19&amp;hl=en&amp;ie=UTF8&amp;t=h&amp;ll=50.285391,-4.811325&amp;spn=0.210596,0.439453&amp;z=11&amp;source=embed\">Die Lost Gardens of Heligan<\/a> in a larger map<\/small><\/p>\n","protected":false},"excerpt":{"rendered":"<p>Besucherinformation Heligan liegt in der N\u00e4he von Mevagissey entlang der kornischen S\u00fcdk\u00fcste und ist seit \u00fcber 400 Jahren das Heim der Familie Tremayne. Es gilt als eines der geheimnisvollsten Landbesitze in England. Zu Ende des 19. Jahrhunderts entfalteten sich die 400 Hektar gro\u00dfen G\u00e4rten zu voller Bl\u00fcte, jedoch legten Brombeergestr\u00fcpp und Efeu nur wenige Jahre [&hellip;]<\/p>\n","protected":false},"author":1,"featured_media":0,"parent":0,"menu_order":0,"comment_status":"closed","ping_status":"closed","template":"single-four.php","meta":[],"acf":[],"yoast_head":"<!-- This site is optimized with the Yoast SEO plugin v19.4 - https:\/\/yoast.com\/wordpress\/plugins\/seo\/ -->\n<title>Die \u201eLost Gardens of Heligan\u201c: Ein \u201eMuss\u201c unter den kornischen G\u00e4rten. - Urlaub &amp; Reisen<\/title>\n<meta name=\"robots\" content=\"index, follow, max-snippet:-1, max-image-preview:large, max-video-preview:-1\" \/>\n<link rel=\"canonical\" href=\"https:\/\/www.urlaubcornwall.de\/blog\/die-lost-gardens-of-heligan-ein-muss-unter-den-kornischen-gaerten\/\" \/>\n<meta property=\"og:locale\" content=\"en_US\" \/>\n<meta property=\"og:type\" content=\"article\" \/>\n<meta property=\"og:title\" content=\"Die \u201eLost Gardens of Heligan\u201c: Ein \u201eMuss\u201c unter den kornischen G\u00e4rten. - Urlaub &amp; Reisen\" \/>\n<meta property=\"og:description\" content=\"Besucherinformation Heligan liegt in der N\u00e4he von Mevagissey entlang der kornischen S\u00fcdk\u00fcste und ist seit \u00fcber 400 Jahren das Heim der Familie Tremayne. Es gilt als eines der geheimnisvollsten Landbesitze in England. Zu Ende des 19. Jahrhunderts entfalteten sich die 400 Hektar gro\u00dfen G\u00e4rten zu voller Bl\u00fcte, jedoch legten Brombeergestr\u00fcpp und Efeu nur wenige Jahre [&hellip;]\" \/>\n<meta property=\"og:url\" content=\"https:\/\/www.urlaubcornwall.de\/blog\/die-lost-gardens-of-heligan-ein-muss-unter-den-kornischen-gaerten\/\" \/>\n<meta property=\"og:site_name\" content=\"Urlaub &amp; Reisen\" \/>\n<meta property=\"article:modified_time\" content=\"2026-01-06T16:17:36+00:00\" \/>\n<meta property=\"og:image\" content=\"https:\/\/www.urlaubcornwall.de\/blog\/wp-content\/uploads\/2024\/04\/Lost-Gradens-of-Heligan-Rope-Bridge.jpg\" \/>\n<meta name=\"twitter:card\" content=\"summary\" \/>\n<meta name=\"twitter:label1\" content=\"Est. reading time\" \/>\n\t<meta name=\"twitter:data1\" content=\"3 minutes\" \/>\n<script type=\"application\/ld+json\" class=\"yoast-schema-graph\">{\"@context\":\"https:\/\/schema.org\",\"@graph\":[{\"@type\":\"WebSite\",\"@id\":\"https:\/\/www.urlaubcornwall.de\/blog\/#website\",\"url\":\"https:\/\/www.urlaubcornwall.de\/blog\/\",\"name\":\"Urlaub &amp; Reisen\",\"description\":\"Urlaub, Reisen, Cornwall und S\u00fcdengland: eine perfekte Kombination\",\"potentialAction\":[{\"@type\":\"SearchAction\",\"target\":{\"@type\":\"EntryPoint\",\"urlTemplate\":\"https:\/\/www.urlaubcornwall.de\/blog\/?s={search_term_string}\"},\"query-input\":\"required name=search_term_string\"}],\"inLanguage\":\"en-US\"},{\"@type\":\"WebPage\",\"@id\":\"https:\/\/www.urlaubcornwall.de\/blog\/die-lost-gardens-of-heligan-ein-muss-unter-den-kornischen-gaerten\/\",\"url\":\"https:\/\/www.urlaubcornwall.de\/blog\/die-lost-gardens-of-heligan-ein-muss-unter-den-kornischen-gaerten\/\",\"name\":\"Die \u201eLost Gardens of Heligan\u201c: Ein \u201eMuss\u201c unter den kornischen G\u00e4rten. - Urlaub &amp; Reisen\",\"isPartOf\":{\"@id\":\"https:\/\/www.urlaubcornwall.de\/blog\/#website\"},\"datePublished\":\"2013-05-09T10:28:27+00:00\",\"dateModified\":\"2026-01-06T16:17:36+00:00\",\"breadcrumb\":{\"@id\":\"https:\/\/www.urlaubcornwall.de\/blog\/die-lost-gardens-of-heligan-ein-muss-unter-den-kornischen-gaerten\/#breadcrumb\"},\"inLanguage\":\"en-US\",\"potentialAction\":[{\"@type\":\"ReadAction\",\"target\":[\"https:\/\/www.urlaubcornwall.de\/blog\/die-lost-gardens-of-heligan-ein-muss-unter-den-kornischen-gaerten\/\"]}]},{\"@type\":\"BreadcrumbList\",\"@id\":\"https:\/\/www.urlaubcornwall.de\/blog\/die-lost-gardens-of-heligan-ein-muss-unter-den-kornischen-gaerten\/#breadcrumb\",\"itemListElement\":[{\"@type\":\"ListItem\",\"position\":1,\"name\":\"Home\",\"item\":\"https:\/\/www.urlaubcornwall.de\/blog\/\"},{\"@type\":\"ListItem\",\"position\":2,\"name\":\"Die \u201eLost Gardens of Heligan\u201c: Ein \u201eMuss\u201c unter den kornischen G\u00e4rten.\"}]}]}<\/script>\n<!-- \/ Yoast SEO plugin. -->","yoast_head_json":{"title":"Die \u201eLost Gardens of Heligan\u201c: Ein \u201eMuss\u201c unter den kornischen G\u00e4rten. - Urlaub &amp; Reisen","robots":{"index":"index","follow":"follow","max-snippet":"max-snippet:-1","max-image-preview":"max-image-preview:large","max-video-preview":"max-video-preview:-1"},"canonical":"https:\/\/www.urlaubcornwall.de\/blog\/die-lost-gardens-of-heligan-ein-muss-unter-den-kornischen-gaerten\/","og_locale":"en_US","og_type":"article","og_title":"Die \u201eLost Gardens of Heligan\u201c: Ein \u201eMuss\u201c unter den kornischen G\u00e4rten. - Urlaub &amp; Reisen","og_description":"Besucherinformation Heligan liegt in der N\u00e4he von Mevagissey entlang der kornischen S\u00fcdk\u00fcste und ist seit \u00fcber 400 Jahren das Heim der Familie Tremayne. Es gilt als eines der geheimnisvollsten Landbesitze in England. Zu Ende des 19. Jahrhunderts entfalteten sich die 400 Hektar gro\u00dfen G\u00e4rten zu voller Bl\u00fcte, jedoch legten Brombeergestr\u00fcpp und Efeu nur wenige Jahre [&hellip;]","og_url":"https:\/\/www.urlaubcornwall.de\/blog\/die-lost-gardens-of-heligan-ein-muss-unter-den-kornischen-gaerten\/","og_site_name":"Urlaub &amp; Reisen","article_modified_time":"2026-01-06T16:17:36+00:00","og_image":[{"url":"https:\/\/www.urlaubcornwall.de\/blog\/wp-content\/uploads\/2024\/04\/Lost-Gradens-of-Heligan-Rope-Bridge.jpg"}],"twitter_card":"summary","twitter_misc":{"Est. reading time":"3 minutes"},"schema":{"@context":"https:\/\/schema.org","@graph":[{"@type":"WebSite","@id":"https:\/\/www.urlaubcornwall.de\/blog\/#website","url":"https:\/\/www.urlaubcornwall.de\/blog\/","name":"Urlaub &amp; Reisen","description":"Urlaub, Reisen, Cornwall und S\u00fcdengland: eine perfekte Kombination","potentialAction":[{"@type":"SearchAction","target":{"@type":"EntryPoint","urlTemplate":"https:\/\/www.urlaubcornwall.de\/blog\/?s={search_term_string}"},"query-input":"required name=search_term_string"}],"inLanguage":"en-US"},{"@type":"WebPage","@id":"https:\/\/www.urlaubcornwall.de\/blog\/die-lost-gardens-of-heligan-ein-muss-unter-den-kornischen-gaerten\/","url":"https:\/\/www.urlaubcornwall.de\/blog\/die-lost-gardens-of-heligan-ein-muss-unter-den-kornischen-gaerten\/","name":"Die \u201eLost Gardens of Heligan\u201c: Ein \u201eMuss\u201c unter den kornischen G\u00e4rten. - Urlaub &amp; Reisen","isPartOf":{"@id":"https:\/\/www.urlaubcornwall.de\/blog\/#website"},"datePublished":"2013-05-09T10:28:27+00:00","dateModified":"2026-01-06T16:17:36+00:00","breadcrumb":{"@id":"https:\/\/www.urlaubcornwall.de\/blog\/die-lost-gardens-of-heligan-ein-muss-unter-den-kornischen-gaerten\/#breadcrumb"},"inLanguage":"en-US","potentialAction":[{"@type":"ReadAction","target":["https:\/\/www.urlaubcornwall.de\/blog\/die-lost-gardens-of-heligan-ein-muss-unter-den-kornischen-gaerten\/"]}]},{"@type":"BreadcrumbList","@id":"https:\/\/www.urlaubcornwall.de\/blog\/die-lost-gardens-of-heligan-ein-muss-unter-den-kornischen-gaerten\/#breadcrumb","itemListElement":[{"@type":"ListItem","position":1,"name":"Home","item":"https:\/\/www.urlaubcornwall.de\/blog\/"},{"@type":"ListItem","position":2,"name":"Die \u201eLost Gardens of Heligan\u201c: Ein \u201eMuss\u201c unter den kornischen G\u00e4rten."}]}]}},"_links":{"self":[{"href":"https:\/\/www.urlaubcornwall.de\/blog\/wp-json\/wp\/v2\/pages\/9455"}],"collection":[{"href":"https:\/\/www.urlaubcornwall.de\/blog\/wp-json\/wp\/v2\/pages"}],"about":[{"href":"https:\/\/www.urlaubcornwall.de\/blog\/wp-json\/wp\/v2\/types\/page"}],"author":[{"embeddable":true,"href":"https:\/\/www.urlaubcornwall.de\/blog\/wp-json\/wp\/v2\/users\/1"}],"replies":[{"embeddable":true,"href":"https:\/\/www.urlaubcornwall.de\/blog\/wp-json\/wp\/v2\/comments?post=9455"}],"version-history":[{"count":19,"href":"https:\/\/www.urlaubcornwall.de\/blog\/wp-json\/wp\/v2\/pages\/9455\/revisions"}],"predecessor-version":[{"id":51976,"href":"https:\/\/www.urlaubcornwall.de\/blog\/wp-json\/wp\/v2\/pages\/9455\/revisions\/51976"}],"wp:attachment":[{"href":"https:\/\/www.urlaubcornwall.de\/blog\/wp-json\/wp\/v2\/media?parent=9455"}],"curies":[{"name":"wp","href":"https:\/\/api.w.org\/{rel}","templated":true}]}}