{"id":9405,"date":"2013-05-03T15:44:00","date_gmt":"2013-05-03T15:44:00","guid":{"rendered":"https:\/\/www.urlaubcornwall.de\/blog\/?page_id=9405"},"modified":"2020-02-10T12:20:36","modified_gmt":"2020-02-10T12:20:36","slug":"newquay-zoo-vortreffliche-familienattraktion-in-newquay","status":"publish","type":"page","link":"https:\/\/www.urlaubcornwall.de\/blog\/newquay-zoo-vortreffliche-familienattraktion-in-newquay\/","title":{"rendered":"Newquay Zoo: Vortreffliche Familienattraktion in Newquay"},"content":{"rendered":"<p><strong>Besucherinformation<\/strong><\/p>\n<p>Der Newquay Zoo befindet sich in einem reizvollen Waldst\u00fcck, ein gutes St\u00fcck entfernt vom Trubel des Stadtkerns von Newquay. Mit seinen 130 verschiedenen Tiergattungen und einem 5,2 Hektar gro\u00dfen Gel\u00e4nde ist der Zoo eine der beliebtesten Attraktionen in Cornwall und bietet f\u00fcr alle Altersgruppen etwas.<\/p>\n<p>Die Tiergehege befinden sich in gut gepflegten Anlagen und G\u00e4rten und bieten Ihnen die M\u00f6glichkeit, die tierischen Bewohner hautnah zu erleben.<\/p>\n<p>Zu den beliebtesten Tieren z\u00e4hlen die Lemuren, die auf ihrer eigenen kleinen Insel leben, sowie die Roten Pandas und die seltenen Visayas-Pustelschweine aus Vietnam. Der Newquay Zoo, ein Umweltverband seit 1996, arbeitet mit anderen Zoos und Organisationen aus der ganzen Welt zusammen, um die Tiere wieder auszuwildern und ihre Pflege in Zoos zu verbessern.<\/p>\n<p>Es gibt Picknickpl\u00e4tze sowie das Restaurant Caf\u00e9 Lemur, in dem schlichte Mahlzeiten aus regionalen Zutaten gezaubert werden. Im Sommer gibt es Leckeres vom Grill im Au\u00dfen-Sitzbereich.<\/p>\n<p>Wenn Sie in der Gegend von Newquay verweilen oder Ihre Kinder f\u00fcr einige Stunden w\u00e4hrend Ihres Cornwall-Urlaubs unterhalten m\u00f6chten, dann ist der Newquay Zoo der perfekte Ort f\u00fcr einen Besuch.<\/p>\n<p style=\"text-align: center;\"><b>F\u00fctterungszeiten und Gespr\u00e4che mit Tierpflegern<\/b><\/p>\n<p style=\"text-align: left; padding-left: 210px;\">11:00 Uhr: Wundervolle Makaken-Affen<\/p>\n<p style=\"text-align: left; padding-left: 210px;\">12:00 Uhr: Zoo Special<\/p>\n<p style=\"text-align: left; padding-left: 210px;\">12:30 Uhr: Treffen Sie unsere Erdm\u00e4nnchen-Bande<\/p>\n<p style=\"text-align: left; padding-left: 210px;\">14:00 Uhr: T\u00e4gliche Tierbegegnung<\/p>\n<p style=\"text-align: left; padding-left: 210px;\">14:30 Uhr: Raubkatzen-Plauderei<\/p>\n<p style=\"text-align: left; padding-left: 210px;\">16:00 Uhr: Wie cool sind unsere Pinguine?<\/p>\n<p>Der Newquay Zoo l\u00e4sst sich wunderbar ganzj\u00e4hrig besuchen, da die Tiere durch die Jahreszeiten hinweg verschiedenes Verhalten an den Tag legen \u2013 etwas Spannendes passiert immer gerade.<\/p>\n<p><strong>F\u00fcr weitere Informationen, besuchen Sie die <span style=\"text-decoration: underline;\"><strong><a href=\"http:\/\/www.newquayzoo.org.uk\/\" target=\"_blank\" rel=\"nofollow noopener noreferrer\">Webseite des Newquay Zoo<\/a><\/strong><\/span><\/strong><strong><a href=\"http:\/\/www.newquayzoo.org.uk\/\" target=\"_blank\" rel=\"nofollow noopener noreferrer\">&gt;&gt;<\/a><\/strong><br \/>\n<\/p>\n<p><strong>\u00d6ffnungszeiten<\/strong><\/p>\n<p>T\u00e4glich von 10:00 &#8211; 17:00 Uhr \u00a0ge\u00f6ffnet (au\u00dfer am 1. Weihnachtsfeiertag).<\/p>\n<p><script src=\"\/\/pagead2.googlesyndication.com\/pagead\/js\/adsbygoogle.js\" async=\"\"><\/script><!-- Urlaub Cornwall --> <ins class=\"adsbygoogle\" style=\"display: inline-block; width: 468px; height: 60px;\" data-ad-client=\"ca-pub-3901089389175725\" data-ad-slot=\"9709771099\"><\/ins><script>\/\/ <![CDATA[\n(adsbygoogle = window.adsbygoogle || []).push({});\n\/\/ ]]><\/script><\/p>\n<p><iframe loading=\"lazy\" src=\"https:\/\/maps.google.co.uk\/maps\/ms?msa=0&amp;msid=218115240156722179945.0004dbd25f4c6626b61a1&amp;hl=en&amp;ie=UTF8&amp;t=m&amp;ll=50.411143,-5.06813&amp;spn=0.210039,0.439453&amp;z=11&amp;output=embed\" width=\"640\" height=\"480\" frameborder=\"0\" marginwidth=\"0\" marginheight=\"0\" scrolling=\"no\"><\/iframe><br \/>\n<small>View <a style=\"color: #0000ff; text-align: left;\" href=\"https:\/\/maps.google.co.uk\/maps\/ms?msa=0&amp;msid=218115240156722179945.0004dbd25f4c6626b61a1&amp;hl=en&amp;ie=UTF8&amp;t=m&amp;ll=50.411143,-5.06813&amp;spn=0.210039,0.439453&amp;z=11&amp;source=embed\">Newquay Zoo<\/a> in a larger map<\/small><\/p>\n<p style=\"text-align: right;\">\u00a0<a href=\"https:\/\/plus.google.com\/103486003688192803777\/about?rel=author\">Niall MacDougall Google+<\/a><\/p>\n","protected":false},"excerpt":{"rendered":"<p>Besucherinformation Der Newquay Zoo befindet sich in einem reizvollen Waldst\u00fcck, ein gutes St\u00fcck entfernt vom Trubel des Stadtkerns von Newquay. Mit seinen 130 verschiedenen Tiergattungen und einem 5,2 Hektar gro\u00dfen Gel\u00e4nde ist der Zoo eine der beliebtesten Attraktionen in Cornwall und bietet f\u00fcr alle Altersgruppen etwas. Die Tiergehege befinden sich in gut gepflegten Anlagen und [&hellip;]<\/p>\n","protected":false},"author":1,"featured_media":0,"parent":0,"menu_order":0,"comment_status":"closed","ping_status":"closed","template":"single-three.php","meta":[],"acf":[],"yoast_head":"<!-- This site is optimized with the Yoast SEO plugin v19.4 - https:\/\/yoast.com\/wordpress\/plugins\/seo\/ -->\n<title>Newquay Zoo: Vortreffliche Familienattraktion in Newquay - Urlaub &amp; Reisen<\/title>\n<meta name=\"robots\" content=\"index, follow, max-snippet:-1, max-image-preview:large, max-video-preview:-1\" \/>\n<link rel=\"canonical\" href=\"https:\/\/www.urlaubcornwall.de\/blog\/newquay-zoo-vortreffliche-familienattraktion-in-newquay\/\" \/>\n<meta property=\"og:locale\" content=\"en_US\" \/>\n<meta property=\"og:type\" content=\"article\" \/>\n<meta property=\"og:title\" content=\"Newquay Zoo: Vortreffliche Familienattraktion in Newquay - Urlaub &amp; Reisen\" \/>\n<meta property=\"og:description\" content=\"Besucherinformation Der Newquay Zoo befindet sich in einem reizvollen Waldst\u00fcck, ein gutes St\u00fcck entfernt vom Trubel des Stadtkerns von Newquay. Mit seinen 130 verschiedenen Tiergattungen und einem 5,2 Hektar gro\u00dfen Gel\u00e4nde ist der Zoo eine der beliebtesten Attraktionen in Cornwall und bietet f\u00fcr alle Altersgruppen etwas. Die Tiergehege befinden sich in gut gepflegten Anlagen und [&hellip;]\" \/>\n<meta property=\"og:url\" content=\"https:\/\/www.urlaubcornwall.de\/blog\/newquay-zoo-vortreffliche-familienattraktion-in-newquay\/\" \/>\n<meta property=\"og:site_name\" content=\"Urlaub &amp; Reisen\" \/>\n<meta property=\"article:modified_time\" content=\"2020-02-10T12:20:36+00:00\" \/>\n<meta name=\"twitter:card\" content=\"summary\" \/>\n<meta name=\"twitter:label1\" content=\"Est. reading time\" \/>\n\t<meta name=\"twitter:data1\" content=\"1 minute\" \/>\n<script type=\"application\/ld+json\" class=\"yoast-schema-graph\">{\"@context\":\"https:\/\/schema.org\",\"@graph\":[{\"@type\":\"WebSite\",\"@id\":\"https:\/\/www.urlaubcornwall.de\/blog\/#website\",\"url\":\"https:\/\/www.urlaubcornwall.de\/blog\/\",\"name\":\"Urlaub &amp; Reisen\",\"description\":\"Urlaub, Reisen, Cornwall und S\u00fcdengland: eine perfekte Kombination\",\"potentialAction\":[{\"@type\":\"SearchAction\",\"target\":{\"@type\":\"EntryPoint\",\"urlTemplate\":\"https:\/\/www.urlaubcornwall.de\/blog\/?s={search_term_string}\"},\"query-input\":\"required name=search_term_string\"}],\"inLanguage\":\"en-US\"},{\"@type\":\"WebPage\",\"@id\":\"https:\/\/www.urlaubcornwall.de\/blog\/newquay-zoo-vortreffliche-familienattraktion-in-newquay\/\",\"url\":\"https:\/\/www.urlaubcornwall.de\/blog\/newquay-zoo-vortreffliche-familienattraktion-in-newquay\/\",\"name\":\"Newquay Zoo: Vortreffliche Familienattraktion in Newquay - Urlaub &amp; Reisen\",\"isPartOf\":{\"@id\":\"https:\/\/www.urlaubcornwall.de\/blog\/#website\"},\"datePublished\":\"2013-05-03T15:44:00+00:00\",\"dateModified\":\"2020-02-10T12:20:36+00:00\",\"breadcrumb\":{\"@id\":\"https:\/\/www.urlaubcornwall.de\/blog\/newquay-zoo-vortreffliche-familienattraktion-in-newquay\/#breadcrumb\"},\"inLanguage\":\"en-US\",\"potentialAction\":[{\"@type\":\"ReadAction\",\"target\":[\"https:\/\/www.urlaubcornwall.de\/blog\/newquay-zoo-vortreffliche-familienattraktion-in-newquay\/\"]}]},{\"@type\":\"BreadcrumbList\",\"@id\":\"https:\/\/www.urlaubcornwall.de\/blog\/newquay-zoo-vortreffliche-familienattraktion-in-newquay\/#breadcrumb\",\"itemListElement\":[{\"@type\":\"ListItem\",\"position\":1,\"name\":\"Home\",\"item\":\"https:\/\/www.urlaubcornwall.de\/blog\/\"},{\"@type\":\"ListItem\",\"position\":2,\"name\":\"Newquay Zoo: Vortreffliche Familienattraktion in Newquay\"}]}]}<\/script>\n<!-- \/ Yoast SEO plugin. -->","yoast_head_json":{"title":"Newquay Zoo: Vortreffliche Familienattraktion in Newquay - Urlaub &amp; Reisen","robots":{"index":"index","follow":"follow","max-snippet":"max-snippet:-1","max-image-preview":"max-image-preview:large","max-video-preview":"max-video-preview:-1"},"canonical":"https:\/\/www.urlaubcornwall.de\/blog\/newquay-zoo-vortreffliche-familienattraktion-in-newquay\/","og_locale":"en_US","og_type":"article","og_title":"Newquay Zoo: Vortreffliche Familienattraktion in Newquay - Urlaub &amp; Reisen","og_description":"Besucherinformation Der Newquay Zoo befindet sich in einem reizvollen Waldst\u00fcck, ein gutes St\u00fcck entfernt vom Trubel des Stadtkerns von Newquay. Mit seinen 130 verschiedenen Tiergattungen und einem 5,2 Hektar gro\u00dfen Gel\u00e4nde ist der Zoo eine der beliebtesten Attraktionen in Cornwall und bietet f\u00fcr alle Altersgruppen etwas. Die Tiergehege befinden sich in gut gepflegten Anlagen und [&hellip;]","og_url":"https:\/\/www.urlaubcornwall.de\/blog\/newquay-zoo-vortreffliche-familienattraktion-in-newquay\/","og_site_name":"Urlaub &amp; Reisen","article_modified_time":"2020-02-10T12:20:36+00:00","twitter_card":"summary","twitter_misc":{"Est. reading time":"1 minute"},"schema":{"@context":"https:\/\/schema.org","@graph":[{"@type":"WebSite","@id":"https:\/\/www.urlaubcornwall.de\/blog\/#website","url":"https:\/\/www.urlaubcornwall.de\/blog\/","name":"Urlaub &amp; Reisen","description":"Urlaub, Reisen, Cornwall und S\u00fcdengland: eine perfekte Kombination","potentialAction":[{"@type":"SearchAction","target":{"@type":"EntryPoint","urlTemplate":"https:\/\/www.urlaubcornwall.de\/blog\/?s={search_term_string}"},"query-input":"required name=search_term_string"}],"inLanguage":"en-US"},{"@type":"WebPage","@id":"https:\/\/www.urlaubcornwall.de\/blog\/newquay-zoo-vortreffliche-familienattraktion-in-newquay\/","url":"https:\/\/www.urlaubcornwall.de\/blog\/newquay-zoo-vortreffliche-familienattraktion-in-newquay\/","name":"Newquay Zoo: Vortreffliche Familienattraktion in Newquay - Urlaub &amp; Reisen","isPartOf":{"@id":"https:\/\/www.urlaubcornwall.de\/blog\/#website"},"datePublished":"2013-05-03T15:44:00+00:00","dateModified":"2020-02-10T12:20:36+00:00","breadcrumb":{"@id":"https:\/\/www.urlaubcornwall.de\/blog\/newquay-zoo-vortreffliche-familienattraktion-in-newquay\/#breadcrumb"},"inLanguage":"en-US","potentialAction":[{"@type":"ReadAction","target":["https:\/\/www.urlaubcornwall.de\/blog\/newquay-zoo-vortreffliche-familienattraktion-in-newquay\/"]}]},{"@type":"BreadcrumbList","@id":"https:\/\/www.urlaubcornwall.de\/blog\/newquay-zoo-vortreffliche-familienattraktion-in-newquay\/#breadcrumb","itemListElement":[{"@type":"ListItem","position":1,"name":"Home","item":"https:\/\/www.urlaubcornwall.de\/blog\/"},{"@type":"ListItem","position":2,"name":"Newquay Zoo: Vortreffliche Familienattraktion in Newquay"}]}]}},"_links":{"self":[{"href":"https:\/\/www.urlaubcornwall.de\/blog\/wp-json\/wp\/v2\/pages\/9405"}],"collection":[{"href":"https:\/\/www.urlaubcornwall.de\/blog\/wp-json\/wp\/v2\/pages"}],"about":[{"href":"https:\/\/www.urlaubcornwall.de\/blog\/wp-json\/wp\/v2\/types\/page"}],"author":[{"embeddable":true,"href":"https:\/\/www.urlaubcornwall.de\/blog\/wp-json\/wp\/v2\/users\/1"}],"replies":[{"embeddable":true,"href":"https:\/\/www.urlaubcornwall.de\/blog\/wp-json\/wp\/v2\/comments?post=9405"}],"version-history":[{"count":20,"href":"https:\/\/www.urlaubcornwall.de\/blog\/wp-json\/wp\/v2\/pages\/9405\/revisions"}],"predecessor-version":[{"id":39390,"href":"https:\/\/www.urlaubcornwall.de\/blog\/wp-json\/wp\/v2\/pages\/9405\/revisions\/39390"}],"wp:attachment":[{"href":"https:\/\/www.urlaubcornwall.de\/blog\/wp-json\/wp\/v2\/media?parent=9405"}],"curies":[{"name":"wp","href":"https:\/\/api.w.org\/{rel}","templated":true}]}}