{"id":9218,"date":"2013-04-17T16:12:44","date_gmt":"2013-04-17T16:12:44","guid":{"rendered":"https:\/\/www.urlaubcornwall.de\/blog\/?page_id=9218"},"modified":"2024-04-09T09:39:34","modified_gmt":"2024-04-09T09:39:34","slug":"wandern-in-england-ungefuehrten-individual-oder-gruppenwanderung","status":"publish","type":"page","link":"https:\/\/www.urlaubcornwall.de\/blog\/wandern-in-england-ungefuehrten-individual-oder-gruppenwanderung\/","title":{"rendered":"Wanderurlaub S\u00fcdengland: Ungef\u00fchrte, Gef\u00fchrte, Individual oder Gruppenwanderung."},"content":{"rendered":"<p style=\"text-align: center;\"><a href=\"https:\/\/www.urlaubcornwall.de\/blog\/wp-content\/uploads\/2013\/04\/wandern-in-England.jpg\"><img loading=\"lazy\" class=\"aligncenter size-full wp-image-22306\" src=\"https:\/\/www.urlaubcornwall.de\/blog\/wp-content\/uploads\/2013\/04\/wandern-in-England.jpg\" alt=\"wandern in England\" width=\"749\" height=\"249\"\/><\/a><\/p>\n<p><strong>Wandern in S\u00fcdengland &#8211; Cornwall, Devon, Dorset &amp; in den Cotswolds. <\/strong><\/p>\n<p>Urlaub Cornwall&nbsp; sind Spezialisten f\u00fcr <a href=\"http:\/\/www.urlaubcornwall.de\/wanderurlaub\/cornwall.php\"><span style=\"text-decoration: underline;\">ungef\u00fchrte<\/span><\/a> und <a href=\"https:\/\/www.urlaubcornwall.de\/blog\/gefuehrte-wanderreisen-in-england-individual-oder-gruppenwanderung\/\"><span style=\"text-decoration: underline;\">gef\u00fchrte<\/span><\/a> Wanderurlaube in England. Wir haben unseren Sitz im kornischen St Mawes, direkt am Fernwanderweg South West Coast Path und bieten Ihnen Wanderresien in Cornwall, S\u00fcd- und Nordengland, die Sie entlang der sch\u00f6nsten Wanderlandschaften f\u00fchren, die Gro\u00dfbritannien zu bieten hat.<\/p>\n<h1>Ungef\u00fchrte Wanderreise<\/h1>\n<p><strong>Cornwall und S\u00fcdwestengland<\/strong><\/p>\n<h3>&nbsp;<\/h3>\n<table>\n<tbody>\n<tr>\n<td><img loading=\"lazy\" class=\"aligncenter size-full wp-image-7093\" style=\"border: 0pt none; padding: 0px;\" src=\"https:\/\/www.urlaubcornwall.de\/blog\/wp-content\/uploads\/2012\/05\/St-Ives-Wandern.jpg\" alt=\"Wandern St Ives\" width=\"148\" height=\"118\"\/><\/td>\n<td>Der South West Coast Path ist Gro\u00dfbritanniens l\u00e4ngster Fernwanderweg und bietet eine gro\u00dfartige Herausforderung sowie eine wundersch\u00f6ne Landschaftsvielfalt. Er verl\u00e4uft \u00fcber 1.014 km von Minehead in Devon entlang Cornwalls Nord- und S\u00fcdk\u00fcste und der Jura-K\u00fcste&#8230;\n<h3>&nbsp;<\/h3>\n<p><a href=\"http:\/\/www.urlaubcornwall.de\/wanderurlaub\/cornwall.php\"><span style=\"text-decoration: underline;\"><strong><\/strong><strong>Erfahren Sie mehr<\/strong><\/span><\/a><\/p><\/td>\n<\/tr>\n<\/tbody>\n<\/table>\n<h3>&nbsp;<\/h3>\n<p><strong>Devon, S\u00fcdwestengland: <\/strong><\/p>\n<h3>&nbsp;<\/h3>\n<table>\n<tbody>\n<tr>\n<td><img loading=\"lazy\" class=\"aligncenter size-full wp-image-7093\" style=\"border: 0pt none; padding: 0px;\" src=\"https:\/\/www.urlaubcornwall.de\/blog\/wp-content\/uploads\/2014\/02\/4XDKOZV_1.jpg\" alt=\"Wanderurlaub devon\" width=\"148\" height=\"118\"\/><\/td>\n<td>Die Strecke von Plymouth nach Teignmouth ist eine gro\u00dfartige Wanderung, die Sie zun\u00e4chst durch ein Gebiet Devons f\u00fchrt, das als South Hams bekannt ist. Der zweite Abschnitt von Dartmouth nach Teignmouth&#8230;.\n<h3>&nbsp;<\/h3>\n<p><a href=\"http:\/\/www.urlaubcornwall.de\/wanderurlaub\/devon.php\"><span style=\"text-decoration: underline;\"><strong><\/strong><strong>Erfahren Sie mehr<\/strong><\/span><\/a><\/p><\/td>\n<\/tr>\n<\/tbody>\n<\/table>\n<h3>&nbsp;<\/h3>\n<p><strong>Wandern in den Cotswolds, S\u00fcdengland<\/strong><\/p>\n<h3>&nbsp;<\/h3>\n<table>\n<tbody>\n<tr>\n<td><img loading=\"lazy\" class=\"aligncenter size-full wp-image-7093\" style=\"border: 0pt none; padding: 0px;\" src=\"https:\/\/www.urlaubcornwall.de\/blog\/wp-content\/uploads\/2013\/04\/thames-upper.jpg\" alt=\"Wandern Thames\" width=\"148\" height=\"118\"\/><\/td>\n<td>Die Cotswolds sind eine wundersch\u00f6ne, einzigartige englische Region, und die beste M\u00f6glichkeit zu sehen, was sie zu bieten haben, ist zweifelsohne zu Fu\u00df&#8230;\n<h3>&nbsp;<\/h3>\n<p><a href=\"http:\/\/www.urlaubcornwall.de\/wanderurlaub\/cotswolds.php\"><strong><span style=\"text-decoration: underline;\"><strong>Erfahren Sie mehr<\/strong><\/span><\/strong><\/a><\/p><\/td>\n<\/tr>\n<\/tbody>\n<\/table>\n<h3>&nbsp;<\/h3>\n<p><strong>Wandern im Lake District und Yorkshire, Nordengland<\/strong><\/p>\n<h3>&nbsp;<\/h3>\n<table>\n<tbody>\n<tr>\n<td><img loading=\"lazy\" class=\"aligncenter size-full wp-image-7093\" style=\"border: 0pt none; padding: 0px;\" src=\"https:\/\/www.urlaubcornwall.de\/blog\/wp-content\/uploads\/2013\/04\/lake-district-walks.jpg\" alt=\"wandern Lake District\" width=\"148\" height=\"118\"\/><\/td>\n<td>Der Norden Englands bietet eine gro\u00dfartige Vielfalt an Langstreckenwanderungen und obwohl wir zur Zeit nur die Wanderung Dales Way von Ilkley in den Yorkshire Dales bis zum Rand des Windermere-Sees&#8230;\n<h3>&nbsp;<\/h3>\n<p><a href=\"http:\/\/www.urlaubcornwall.de\/wanderurlaub\/yorkshire.php\"><strong><\/strong><strong><span style=\"text-decoration: underline;\"><strong>Erfahren Sie mehr<\/strong><\/span><\/strong><\/a><\/p><\/td>\n<\/tr>\n<\/tbody>\n<\/table>\n<p><strong>Gef\u00fchrte Wanderurlaub<\/strong><\/p>\n<h3>&nbsp;<\/h3>\n<p><strong>Gef\u00fchrte Wanderreise in Cornwall 10 Tage<\/strong><\/p>\n<h3>&nbsp;<\/h3>\n<table>\n<tbody>\n<tr>\n<td><img loading=\"lazy\" class=\"aligncenter size-full wp-image-7093\" style=\"border: 0pt none; padding: 0px;\" src=\"https:\/\/www.urlaubcornwall.de\/blog\/wp-content\/uploads\/2012\/05\/St-Ives-Wandern.jpg\" alt=\"Wandern St Ives\" width=\"148\" height=\"118\"\/><\/td>\n<td>Wandern auf dem K\u00fcstenpfad Cornwalls, einst zur Kontrolle des Schmuggels an der zerkl\u00fcfteten K\u00fcste angelegt, ist es ein unvergessliches Erlebnis: Raue Klippen und goldene Sandstr\u00e4nde wechseln ab mit sanften Steilk\u00fcsten und hecken durchzogenem Farmland&#8230;.\n<h3>&nbsp;<\/h3>\n<p><strong>Highlights:<\/strong> Falmouth \u2013 Trebah Garden \u2013 St. Michaels Mount \u2013 St. Ives\u2013 Kynance Cove<\/p>\n<h3>&nbsp;<\/h3>\n<p><span style=\"text-decoration: underline;\"><strong><\/strong><strong><a href=\"https:\/\/www.urlaubcornwall.de\/blog\/gefuehrte-wanderreise-in-cornwall-10-tage\/\">Erfahren Sie mehr<\/a><\/strong><\/span><\/p><\/td>\n<\/tr>\n<\/tbody>\n<\/table>\n<h3>&nbsp;<\/h3>\n<p><strong>Wanderreise Wales &#8211; 8 Tage Wanderrundreise Wales und England<\/strong><\/p>\n<h3>&nbsp;<\/h3>\n<table>\n<tbody>\n<tr>\n<td><img loading=\"lazy\" class=\"aligncenter size-full wp-image-7093\" style=\"border: 0pt none; padding: 0px;\" src=\"https:\/\/www.urlaubcornwall.de\/blog\/wp-content\/uploads\/2024\/03\/Snowdon-Caernarfon-1.jpg\" alt=\"Wanderurlaub wales\" width=\"148\" height=\"118\"\/><\/td>\n<td>Wales\u2019 landschaftliche Reize und kulturhistorische Sch\u00e4tze sind in Gro\u00dfbritannien wohl bekannt. Mit 21.000 km\u00b2 ist Wales etwa so gro\u00df wie Hessen, mit 2,9 Millionen Einwohnern aber nur halb so dicht besiedelt. &#8230;.\n<h3>&nbsp;<\/h3>\n<p><strong>Highlights:<\/strong> Manchester &#8211; Conwy Mountain &#8211; Mount Snowdon &#8211; Rhinog Mountain<\/p>\n<h3>&nbsp;<\/h3>\n<p><span style=\"text-decoration: underline;\"><strong><\/strong><strong><a href=\"https:\/\/www.urlaubcornwall.de\/blog\/wanderreise-wales-8-tage-wanderrundreise-wales-und-england\/\">Erfahren Sie mehr<\/a><\/strong><\/span><\/p><\/td>\n<\/tr>\n<\/tbody>\n<\/table>\n<p><b>Sind Sie auf der Suche nach einer ungef\u00fchrte oder gef\u00fchrte Individual-Gruppenwanderung in England? <\/b>Es handelt sich hierbei um Langstreckenwanderurlaube, bei denen Sie jede Nacht an einem anderen Ort verbringen und wir f\u00fcr Sie alles organisieren, einschlie\u00dflich des Transfers Ihres Gep\u00e4cks sowie Ihre Unterkunft.<\/p>\n<p><strong>Wanderferien England:<\/strong> Besuchen Sie die Website unseres Teams in&nbsp;S\u00fcdwestengland oder schicken Sie uns eine <a href=\"http:\/\/www.urlaubcornwall.de\/anfrage.php\"><span style=\"text-decoration: underline;\"><strong>Anfrage<\/strong><\/span><\/a>.<\/p>\n","protected":false},"excerpt":{"rendered":"<p>Wandern in S\u00fcdengland &#8211; Cornwall, Devon, Dorset &amp; in den Cotswolds. Urlaub Cornwall&nbsp; sind Spezialisten f\u00fcr ungef\u00fchrte und gef\u00fchrte Wanderurlaube in England. Wir haben unseren Sitz im kornischen St Mawes, direkt am Fernwanderweg South West Coast Path und bieten Ihnen Wanderresien in Cornwall, S\u00fcd- und Nordengland, die Sie entlang der sch\u00f6nsten Wanderlandschaften f\u00fchren, die Gro\u00dfbritannien [&hellip;]<\/p>\n","protected":false},"author":1,"featured_media":0,"parent":0,"menu_order":0,"comment_status":"closed","ping_status":"closed","template":"single-four.php","meta":[],"acf":[],"yoast_head":"<!-- This site is optimized with the Yoast SEO plugin v19.4 - https:\/\/yoast.com\/wordpress\/plugins\/seo\/ -->\n<title>Wanderurlaub S\u00fcdengland: Ungef\u00fchrte, Gef\u00fchrte, Individual oder Gruppenwanderung. - Urlaub &amp; Reisen<\/title>\n<meta name=\"description\" content=\"Urlaub Cornwall sind Spezialisten f\u00fcr ungef\u00fchrte und gef\u00fchrte Wanderurlaube in England. Wir haben unseren Sitz im kornischen St Mawes, direkt am Fernwanderweg South West Coast Path und bieten Ihnen Wanderresien in Cornwall, S\u00fcd- und Nordengland, die Sie entlang der sch\u00f6nsten Wanderlandschaften f\u00fchren, die Gro\u00dfbritannien zu bieten hat.\" \/>\n<meta name=\"robots\" content=\"index, follow, max-snippet:-1, max-image-preview:large, max-video-preview:-1\" \/>\n<link rel=\"canonical\" href=\"https:\/\/www.urlaubcornwall.de\/blog\/wandern-in-england-ungefuehrten-individual-oder-gruppenwanderung\/\" \/>\n<meta property=\"og:locale\" content=\"en_US\" \/>\n<meta property=\"og:type\" content=\"article\" \/>\n<meta property=\"og:title\" content=\"Wanderurlaub S\u00fcdengland: Ungef\u00fchrte, Gef\u00fchrte, Individual oder Gruppenwanderung. - Urlaub &amp; Reisen\" \/>\n<meta property=\"og:description\" content=\"Urlaub Cornwall sind Spezialisten f\u00fcr ungef\u00fchrte und gef\u00fchrte Wanderurlaube in England. Wir haben unseren Sitz im kornischen St Mawes, direkt am Fernwanderweg South West Coast Path und bieten Ihnen Wanderresien in Cornwall, S\u00fcd- und Nordengland, die Sie entlang der sch\u00f6nsten Wanderlandschaften f\u00fchren, die Gro\u00dfbritannien zu bieten hat.\" \/>\n<meta property=\"og:url\" content=\"https:\/\/www.urlaubcornwall.de\/blog\/wandern-in-england-ungefuehrten-individual-oder-gruppenwanderung\/\" \/>\n<meta property=\"og:site_name\" content=\"Urlaub &amp; Reisen\" \/>\n<meta property=\"article:modified_time\" content=\"2024-04-09T09:39:34+00:00\" \/>\n<meta property=\"og:image\" content=\"https:\/\/www.urlaubcornwall.de\/blog\/wp-content\/uploads\/2013\/04\/wandern-in-England.jpg\" \/>\n<meta name=\"twitter:card\" content=\"summary\" \/>\n<meta name=\"twitter:label1\" content=\"Est. reading time\" \/>\n\t<meta name=\"twitter:data1\" content=\"4 minutes\" \/>\n<script type=\"application\/ld+json\" class=\"yoast-schema-graph\">{\"@context\":\"https:\/\/schema.org\",\"@graph\":[{\"@type\":\"WebSite\",\"@id\":\"https:\/\/www.urlaubcornwall.de\/blog\/#website\",\"url\":\"https:\/\/www.urlaubcornwall.de\/blog\/\",\"name\":\"Urlaub &amp; Reisen\",\"description\":\"Urlaub, Reisen, Cornwall und S\u00fcdengland: eine perfekte Kombination\",\"potentialAction\":[{\"@type\":\"SearchAction\",\"target\":{\"@type\":\"EntryPoint\",\"urlTemplate\":\"https:\/\/www.urlaubcornwall.de\/blog\/?s={search_term_string}\"},\"query-input\":\"required name=search_term_string\"}],\"inLanguage\":\"en-US\"},{\"@type\":\"WebPage\",\"@id\":\"https:\/\/www.urlaubcornwall.de\/blog\/wandern-in-england-ungefuehrten-individual-oder-gruppenwanderung\/\",\"url\":\"https:\/\/www.urlaubcornwall.de\/blog\/wandern-in-england-ungefuehrten-individual-oder-gruppenwanderung\/\",\"name\":\"Wanderurlaub S\u00fcdengland: Ungef\u00fchrte, Gef\u00fchrte, Individual oder Gruppenwanderung. - Urlaub &amp; Reisen\",\"isPartOf\":{\"@id\":\"https:\/\/www.urlaubcornwall.de\/blog\/#website\"},\"datePublished\":\"2013-04-17T16:12:44+00:00\",\"dateModified\":\"2024-04-09T09:39:34+00:00\",\"description\":\"Urlaub Cornwall sind Spezialisten f\u00fcr ungef\u00fchrte und gef\u00fchrte Wanderurlaube in England. Wir haben unseren Sitz im kornischen St Mawes, direkt am Fernwanderweg South West Coast Path und bieten Ihnen Wanderresien in Cornwall, S\u00fcd- und Nordengland, die Sie entlang der sch\u00f6nsten Wanderlandschaften f\u00fchren, die Gro\u00dfbritannien zu bieten hat.\",\"breadcrumb\":{\"@id\":\"https:\/\/www.urlaubcornwall.de\/blog\/wandern-in-england-ungefuehrten-individual-oder-gruppenwanderung\/#breadcrumb\"},\"inLanguage\":\"en-US\",\"potentialAction\":[{\"@type\":\"ReadAction\",\"target\":[\"https:\/\/www.urlaubcornwall.de\/blog\/wandern-in-england-ungefuehrten-individual-oder-gruppenwanderung\/\"]}]},{\"@type\":\"BreadcrumbList\",\"@id\":\"https:\/\/www.urlaubcornwall.de\/blog\/wandern-in-england-ungefuehrten-individual-oder-gruppenwanderung\/#breadcrumb\",\"itemListElement\":[{\"@type\":\"ListItem\",\"position\":1,\"name\":\"Home\",\"item\":\"https:\/\/www.urlaubcornwall.de\/blog\/\"},{\"@type\":\"ListItem\",\"position\":2,\"name\":\"Wanderurlaub S\u00fcdengland: Ungef\u00fchrte, Gef\u00fchrte, Individual oder Gruppenwanderung.\"}]}]}<\/script>\n<!-- \/ Yoast SEO plugin. -->","yoast_head_json":{"title":"Wanderurlaub S\u00fcdengland: Ungef\u00fchrte, Gef\u00fchrte, Individual oder Gruppenwanderung. - Urlaub &amp; Reisen","description":"Urlaub Cornwall sind Spezialisten f\u00fcr ungef\u00fchrte und gef\u00fchrte Wanderurlaube in England. Wir haben unseren Sitz im kornischen St Mawes, direkt am Fernwanderweg South West Coast Path und bieten Ihnen Wanderresien in Cornwall, S\u00fcd- und Nordengland, die Sie entlang der sch\u00f6nsten Wanderlandschaften f\u00fchren, die Gro\u00dfbritannien zu bieten hat.","robots":{"index":"index","follow":"follow","max-snippet":"max-snippet:-1","max-image-preview":"max-image-preview:large","max-video-preview":"max-video-preview:-1"},"canonical":"https:\/\/www.urlaubcornwall.de\/blog\/wandern-in-england-ungefuehrten-individual-oder-gruppenwanderung\/","og_locale":"en_US","og_type":"article","og_title":"Wanderurlaub S\u00fcdengland: Ungef\u00fchrte, Gef\u00fchrte, Individual oder Gruppenwanderung. - Urlaub &amp; Reisen","og_description":"Urlaub Cornwall sind Spezialisten f\u00fcr ungef\u00fchrte und gef\u00fchrte Wanderurlaube in England. Wir haben unseren Sitz im kornischen St Mawes, direkt am Fernwanderweg South West Coast Path und bieten Ihnen Wanderresien in Cornwall, S\u00fcd- und Nordengland, die Sie entlang der sch\u00f6nsten Wanderlandschaften f\u00fchren, die Gro\u00dfbritannien zu bieten hat.","og_url":"https:\/\/www.urlaubcornwall.de\/blog\/wandern-in-england-ungefuehrten-individual-oder-gruppenwanderung\/","og_site_name":"Urlaub &amp; Reisen","article_modified_time":"2024-04-09T09:39:34+00:00","og_image":[{"url":"https:\/\/www.urlaubcornwall.de\/blog\/wp-content\/uploads\/2013\/04\/wandern-in-England.jpg"}],"twitter_card":"summary","twitter_misc":{"Est. reading time":"4 minutes"},"schema":{"@context":"https:\/\/schema.org","@graph":[{"@type":"WebSite","@id":"https:\/\/www.urlaubcornwall.de\/blog\/#website","url":"https:\/\/www.urlaubcornwall.de\/blog\/","name":"Urlaub &amp; Reisen","description":"Urlaub, Reisen, Cornwall und S\u00fcdengland: eine perfekte Kombination","potentialAction":[{"@type":"SearchAction","target":{"@type":"EntryPoint","urlTemplate":"https:\/\/www.urlaubcornwall.de\/blog\/?s={search_term_string}"},"query-input":"required name=search_term_string"}],"inLanguage":"en-US"},{"@type":"WebPage","@id":"https:\/\/www.urlaubcornwall.de\/blog\/wandern-in-england-ungefuehrten-individual-oder-gruppenwanderung\/","url":"https:\/\/www.urlaubcornwall.de\/blog\/wandern-in-england-ungefuehrten-individual-oder-gruppenwanderung\/","name":"Wanderurlaub S\u00fcdengland: Ungef\u00fchrte, Gef\u00fchrte, Individual oder Gruppenwanderung. - Urlaub &amp; Reisen","isPartOf":{"@id":"https:\/\/www.urlaubcornwall.de\/blog\/#website"},"datePublished":"2013-04-17T16:12:44+00:00","dateModified":"2024-04-09T09:39:34+00:00","description":"Urlaub Cornwall sind Spezialisten f\u00fcr ungef\u00fchrte und gef\u00fchrte Wanderurlaube in England. Wir haben unseren Sitz im kornischen St Mawes, direkt am Fernwanderweg South West Coast Path und bieten Ihnen Wanderresien in Cornwall, S\u00fcd- und Nordengland, die Sie entlang der sch\u00f6nsten Wanderlandschaften f\u00fchren, die Gro\u00dfbritannien zu bieten hat.","breadcrumb":{"@id":"https:\/\/www.urlaubcornwall.de\/blog\/wandern-in-england-ungefuehrten-individual-oder-gruppenwanderung\/#breadcrumb"},"inLanguage":"en-US","potentialAction":[{"@type":"ReadAction","target":["https:\/\/www.urlaubcornwall.de\/blog\/wandern-in-england-ungefuehrten-individual-oder-gruppenwanderung\/"]}]},{"@type":"BreadcrumbList","@id":"https:\/\/www.urlaubcornwall.de\/blog\/wandern-in-england-ungefuehrten-individual-oder-gruppenwanderung\/#breadcrumb","itemListElement":[{"@type":"ListItem","position":1,"name":"Home","item":"https:\/\/www.urlaubcornwall.de\/blog\/"},{"@type":"ListItem","position":2,"name":"Wanderurlaub S\u00fcdengland: Ungef\u00fchrte, Gef\u00fchrte, Individual oder Gruppenwanderung."}]}]}},"_links":{"self":[{"href":"https:\/\/www.urlaubcornwall.de\/blog\/wp-json\/wp\/v2\/pages\/9218"}],"collection":[{"href":"https:\/\/www.urlaubcornwall.de\/blog\/wp-json\/wp\/v2\/pages"}],"about":[{"href":"https:\/\/www.urlaubcornwall.de\/blog\/wp-json\/wp\/v2\/types\/page"}],"author":[{"embeddable":true,"href":"https:\/\/www.urlaubcornwall.de\/blog\/wp-json\/wp\/v2\/users\/1"}],"replies":[{"embeddable":true,"href":"https:\/\/www.urlaubcornwall.de\/blog\/wp-json\/wp\/v2\/comments?post=9218"}],"version-history":[{"count":102,"href":"https:\/\/www.urlaubcornwall.de\/blog\/wp-json\/wp\/v2\/pages\/9218\/revisions"}],"predecessor-version":[{"id":49111,"href":"https:\/\/www.urlaubcornwall.de\/blog\/wp-json\/wp\/v2\/pages\/9218\/revisions\/49111"}],"wp:attachment":[{"href":"https:\/\/www.urlaubcornwall.de\/blog\/wp-json\/wp\/v2\/media?parent=9218"}],"curies":[{"name":"wp","href":"https:\/\/api.w.org\/{rel}","templated":true}]}}