{"id":8935,"date":"2013-04-10T09:52:06","date_gmt":"2013-04-10T09:52:06","guid":{"rendered":"https:\/\/www.urlaubcornwall.de\/blog\/?page_id=8935"},"modified":"2020-02-10T15:51:59","modified_gmt":"2020-02-10T15:51:59","slug":"st-marys-hall-hotel-scilly-inseln","status":"publish","type":"page","link":"https:\/\/www.urlaubcornwall.de\/blog\/st-marys-hall-hotel-scilly-inseln\/","title":{"rendered":"St Mary&#8217;s Hall Hotel: Scilly-Inseln"},"content":{"rendered":"<p><strong>Unsere Bewertung<\/strong> &#8211; In Hugh Town auf St Mary&#8217;s gelegen, der gr\u00f6\u00dften der f\u00fcnf bewohnten <strong><a title=\"Urlaub Scilly-Inseln\" href=\"http:\/\/www.urlaubcornwall.de\/Scilly-Inseln.php\">Scilly-Inseln<\/a><\/strong>, liegt in der N\u00e4he des Hafens und des Strandes das St Mary&#8217;s Hall Hotel, ein ansprechendes Geb\u00e4ude aus Granit, das von wundersch\u00f6nen mediterranen G\u00e4rten umgeben wird. Das St Mary&#8217;s Hall Hotel bietet Ihnen einen Hauch von Luxus und bietet doch ein gutes Preisleistungsverh\u00e4ltnis &#8211; der perfekte Ort zum Verweilen w\u00e4hrend eines Urlaubs auf den Scilly-Inseln.<\/p>\n<p>Im Hotel ist die Eigent\u00fcmerin Joan mit ihren Mitarbeitern immer parat, um Sie dabei zu unterst\u00fctzen, die erstaunliche und einzigartige nat\u00fcrliche Umgebung der Scilly-Inseln in vollen Z\u00fcgen zu genie\u00dfen. Das Hotel spiegelt den entspannten und zeitlosen Lebensstil der Insel wider. Es liegt nur zwei Minuten vom Sandstrand Porthcressa und nur 5 Minuten Fu\u00dfweg im flachen Gel\u00e4nde vom Kai entfernt, es ist daher der perfekte Ausgangspunkt im perfekten Ort!<\/p>\n<p style=\"text-align: center;\"><strong><a class=\"tidycta\" href=\"https:\/\/www.booking.com\/hotel\/gb\/st-marys-hall.html?aid=1320750&#038;no_rooms=1&#038;group_adults=2&#038;room1=A%2CA\" rel=\"nofollow\">Verf\u00fcgbarkeit pr\u00fcfen<\/a><\/strong><\/p>\n<p><strong>Schlafzimmer<\/strong><\/p>\n<table>\n<tbody>\n<tr>\n<td><img loading=\"lazy\" class=\"aligncenter size-full wp-image-7093\" style=\"border: 0pt none; padding: 0px;\" src=\"https:\/\/www.urlaubcornwall.de\/blog\/wp-content\/uploads\/2013\/04\/tre_room.jpg\" alt=\"Schlafzimmer St Marys hall hotel\" height=\"118\" width=\"148\"\/><\/td>\n<td><strong>T<\/strong><strong><\/strong><strong>rezise Zimmer: <\/strong>Stilvoll, elegant und komfortabel mit einem Hauch von Luxus. Diese Zimmer sind entweder Doppelbett- oder Zweibettzimmer&#8230;&#8230;<\/td>\n<\/tr>\n<\/tbody>\n<\/table>\n<table>\n<tbody>\n<tr>\n<td><img loading=\"lazy\" class=\"aligncenter size-full wp-image-7093\" style=\"border: 0pt none; padding: 0px;\" src=\"https:\/\/www.urlaubcornwall.de\/blog\/wp-content\/uploads\/2013\/04\/count_leon.jpg\" alt=\"hotel scilly\" height=\"118\" width=\"148\"\/><\/td>\n<td><strong><\/strong><strong>Count Leon Zimmer: <\/strong>Diese ger\u00e4umigen Zimmer befinden sich im originalen Bereich des Hotels und ihr Name geht zur\u00fcck auf den italienischen Grafen&#8230;..<\/td>\n<\/tr>\n<\/tbody>\n<\/table>\n<table>\n<tbody>\n<tr>\n<td><img loading=\"lazy\" class=\"aligncenter size-full wp-image-7093\" style=\"border: 0pt none; padding: 0px;\" src=\"https:\/\/www.urlaubcornwall.de\/blog\/wp-content\/uploads\/2013\/04\/suite.jpg\" alt=\"hotel suiten scilly\" height=\"118\" width=\"148\"\/><\/td>\n<td><strong><\/strong><strong>Suiten<\/strong>: Eine vielseitige Unterkunft im Parterre mit direktem Zugang \u00fcber eine Veranda. Die hellen und luftigen Zimmer stehen Ihnen entweder als Doppelbett- oder Zweibettzimmer&#8230;.<\/td>\n<\/tr>\n<\/tbody>\n<\/table>\n<table>\n<tbody>\n<tr>\n<td><img loading=\"lazy\" class=\"aligncenter size-full wp-image-7093\" style=\"border: 0pt none; padding: 0px;\" src=\"https:\/\/www.urlaubcornwall.de\/blog\/wp-content\/uploads\/2013\/04\/godolphin.jpg\" alt=\"schoene hotel scilly\" height=\"118\" width=\"148\"\/><\/td>\n<td><strong>Countess Zimmer:<\/strong> Die Countess Zimmer befinden sich im originalen Bereich des Geb\u00e4udes und sind ein wenig kleiner als die Count Leon Zimmer&#8230;.<\/td>\n<\/tr>\n<\/tbody>\n<\/table>\n<table>\n<tbody>\n<tr>\n<td><img loading=\"lazy\" class=\"aligncenter size-full wp-image-7093\" style=\"border: 0pt none; padding: 0px;\" src=\"https:\/\/www.urlaubcornwall.de\/blog\/wp-content\/uploads\/2013\/04\/sofa.jpg\" alt=\"Godolphin Zimmer St marys hall hotel\" height=\"118\" width=\"148\"\/><\/td>\n<td><strong>Godolphin Zimmer:<\/strong> Modern aber dennoch vertraut, ungezwungen und lichtdurchflutet &#8211; diese Zimmer bieten Ihnen eine zeitgen\u00f6ssische&#8230;.<\/td>\n<\/tr>\n<\/tbody>\n<\/table>\n<p><strong> Was Sie von den Zimmern im St Mary&#8217;s Hall Hotel erwarten k\u00f6nnen:<\/strong><\/p>\n<p>Herrlich frische wei\u00dfe Bettw\u00e4sche\u2022Flauschige wei\u00dfe Handt\u00fccher\u2022Ein gut gef\u00fclltes Tablett auf Ihrem Zimmer auf Kosten des Hauses\u2022Flachbildfernseher auf allen Zimmern\u2022Shampoo, Duschgel und Seife mit nat\u00fcrlicher Formel\u2022Haartrockner<\/p>\n<p>Alle Zutaten f\u00fcr einen erholsamen Schlaf, nachdem Sie einen herrlichen Tag auf diesen einzigartigen Inseln genossen haben.<\/p>\n<p><strong>Essen<\/strong><\/p>\n<p>Spirit Restaurant &#8211; Speisen sind ein bedeutender Teil von dem, was das Hotel zu bieten hat. Ein ethischer Grundsatz unterst\u00fctzt ihre Leidenschaft f\u00fcr saisonale und regionale Produkte. Auf der Speisekarte stehen feines langsam gez\u00fcchtetes Rindfleisch, Schweinefleisch und Lammfleisch. Feine Zutaten und eine Prise Inspiration des K\u00fcchenteams kreieren ausgezeichnete Speisen. Eine gute Auswahl an Weinen zu angemessenen Preisen rundet das Men\u00fc ab.<\/p>\n<p>Das Fr\u00fchst\u00fcck umfasst ein reichhaltiges &#8220;Full English Breakfast&#8221; und ein kontinentales Fr\u00fchst\u00fcck. Eine Speisekarte mit einem schmackhaften Mittagessen, sowie leckere Bar-Speisen und Nachmittagstee sind erh\u00e4ltlich. Wenn Sie die Inseln erforschen m\u00f6chten, wird Ihnen gern ein Lunchpaket oder ein Picknick zusammengestellt.<\/p>\n<p><strong>Die Anreise zu den Scilly-Inseln<\/strong><\/p>\n<p>Wir werden Ihre <a href=\"http:\/\/www.urlaubcornwall.de\/anreise-zu-den-scilly-inseln.php\"><strong>Reise zu den Scilly-Inseln<\/strong><\/a> einfach und stressfrei gestalten und k\u00f6nnen f\u00fcr Sie zudem Transfers von den Bahnh\u00f6fen in Penzance, Truro und Exeter zum Flughafen von Land&#8217;s End organisieren.<\/p>\n<p style=\"text-align: center;\"><strong><a class=\"tidycta\" href=\"https:\/\/www.booking.com\/hotel\/gb\/st-marys-hall.html?aid=1320750&#038;no_rooms=1&#038;group_adults=2&#038;room1=A%2CA\" rel=\"nofollow\">Verf\u00fcgbarkeit pr\u00fcfen<\/a><br \/>\n&nbsp;<\/strong><\/p>\n","protected":false},"excerpt":{"rendered":"<p>Unsere Bewertung &#8211; In Hugh Town auf St Mary&#8217;s gelegen, der gr\u00f6\u00dften der f\u00fcnf bewohnten Scilly-Inseln, liegt in der N\u00e4he des Hafens und des Strandes das St Mary&#8217;s Hall Hotel, ein ansprechendes Geb\u00e4ude aus Granit, das von wundersch\u00f6nen mediterranen G\u00e4rten umgeben wird. Das St Mary&#8217;s Hall Hotel bietet Ihnen einen Hauch von Luxus und bietet [&hellip;]<\/p>\n","protected":false},"author":1,"featured_media":0,"parent":0,"menu_order":0,"comment_status":"closed","ping_status":"closed","template":"single-three.php","meta":[],"acf":[],"yoast_head":"<!-- This site is optimized with the Yoast SEO plugin v19.4 - https:\/\/yoast.com\/wordpress\/plugins\/seo\/ -->\n<title>St Mary&#039;s Hall Hotel: Scilly-Inseln - Urlaub &amp; Reisen<\/title>\n<meta name=\"robots\" content=\"index, follow, max-snippet:-1, max-image-preview:large, max-video-preview:-1\" \/>\n<link rel=\"canonical\" href=\"https:\/\/www.urlaubcornwall.de\/blog\/st-marys-hall-hotel-scilly-inseln\/\" \/>\n<meta property=\"og:locale\" content=\"en_US\" \/>\n<meta property=\"og:type\" content=\"article\" \/>\n<meta property=\"og:title\" content=\"St Mary&#039;s Hall Hotel: Scilly-Inseln - Urlaub &amp; Reisen\" \/>\n<meta property=\"og:description\" content=\"Unsere Bewertung &#8211; In Hugh Town auf St Mary&#8217;s gelegen, der gr\u00f6\u00dften der f\u00fcnf bewohnten Scilly-Inseln, liegt in der N\u00e4he des Hafens und des Strandes das St Mary&#8217;s Hall Hotel, ein ansprechendes Geb\u00e4ude aus Granit, das von wundersch\u00f6nen mediterranen G\u00e4rten umgeben wird. Das St Mary&#8217;s Hall Hotel bietet Ihnen einen Hauch von Luxus und bietet [&hellip;]\" \/>\n<meta property=\"og:url\" content=\"https:\/\/www.urlaubcornwall.de\/blog\/st-marys-hall-hotel-scilly-inseln\/\" \/>\n<meta property=\"og:site_name\" content=\"Urlaub &amp; Reisen\" \/>\n<meta property=\"article:modified_time\" content=\"2020-02-10T15:51:59+00:00\" \/>\n<meta property=\"og:image\" content=\"https:\/\/www.urlaubcornwall.de\/blog\/wp-content\/uploads\/2013\/04\/tre_room.jpg\" \/>\n<meta name=\"twitter:card\" content=\"summary\" \/>\n<meta name=\"twitter:label1\" content=\"Est. reading time\" \/>\n\t<meta name=\"twitter:data1\" content=\"2 minutes\" \/>\n<script type=\"application\/ld+json\" class=\"yoast-schema-graph\">{\"@context\":\"https:\/\/schema.org\",\"@graph\":[{\"@type\":\"WebSite\",\"@id\":\"https:\/\/www.urlaubcornwall.de\/blog\/#website\",\"url\":\"https:\/\/www.urlaubcornwall.de\/blog\/\",\"name\":\"Urlaub &amp; Reisen\",\"description\":\"Urlaub, Reisen, Cornwall und S\u00fcdengland: eine perfekte Kombination\",\"potentialAction\":[{\"@type\":\"SearchAction\",\"target\":{\"@type\":\"EntryPoint\",\"urlTemplate\":\"https:\/\/www.urlaubcornwall.de\/blog\/?s={search_term_string}\"},\"query-input\":\"required name=search_term_string\"}],\"inLanguage\":\"en-US\"},{\"@type\":\"WebPage\",\"@id\":\"https:\/\/www.urlaubcornwall.de\/blog\/st-marys-hall-hotel-scilly-inseln\/\",\"url\":\"https:\/\/www.urlaubcornwall.de\/blog\/st-marys-hall-hotel-scilly-inseln\/\",\"name\":\"St Mary's Hall Hotel: Scilly-Inseln - Urlaub &amp; Reisen\",\"isPartOf\":{\"@id\":\"https:\/\/www.urlaubcornwall.de\/blog\/#website\"},\"datePublished\":\"2013-04-10T09:52:06+00:00\",\"dateModified\":\"2020-02-10T15:51:59+00:00\",\"breadcrumb\":{\"@id\":\"https:\/\/www.urlaubcornwall.de\/blog\/st-marys-hall-hotel-scilly-inseln\/#breadcrumb\"},\"inLanguage\":\"en-US\",\"potentialAction\":[{\"@type\":\"ReadAction\",\"target\":[\"https:\/\/www.urlaubcornwall.de\/blog\/st-marys-hall-hotel-scilly-inseln\/\"]}]},{\"@type\":\"BreadcrumbList\",\"@id\":\"https:\/\/www.urlaubcornwall.de\/blog\/st-marys-hall-hotel-scilly-inseln\/#breadcrumb\",\"itemListElement\":[{\"@type\":\"ListItem\",\"position\":1,\"name\":\"Home\",\"item\":\"https:\/\/www.urlaubcornwall.de\/blog\/\"},{\"@type\":\"ListItem\",\"position\":2,\"name\":\"St Mary&#8217;s Hall Hotel: Scilly-Inseln\"}]}]}<\/script>\n<!-- \/ Yoast SEO plugin. -->","yoast_head_json":{"title":"St Mary's Hall Hotel: Scilly-Inseln - Urlaub &amp; Reisen","robots":{"index":"index","follow":"follow","max-snippet":"max-snippet:-1","max-image-preview":"max-image-preview:large","max-video-preview":"max-video-preview:-1"},"canonical":"https:\/\/www.urlaubcornwall.de\/blog\/st-marys-hall-hotel-scilly-inseln\/","og_locale":"en_US","og_type":"article","og_title":"St Mary's Hall Hotel: Scilly-Inseln - Urlaub &amp; Reisen","og_description":"Unsere Bewertung &#8211; In Hugh Town auf St Mary&#8217;s gelegen, der gr\u00f6\u00dften der f\u00fcnf bewohnten Scilly-Inseln, liegt in der N\u00e4he des Hafens und des Strandes das St Mary&#8217;s Hall Hotel, ein ansprechendes Geb\u00e4ude aus Granit, das von wundersch\u00f6nen mediterranen G\u00e4rten umgeben wird. Das St Mary&#8217;s Hall Hotel bietet Ihnen einen Hauch von Luxus und bietet [&hellip;]","og_url":"https:\/\/www.urlaubcornwall.de\/blog\/st-marys-hall-hotel-scilly-inseln\/","og_site_name":"Urlaub &amp; Reisen","article_modified_time":"2020-02-10T15:51:59+00:00","og_image":[{"url":"https:\/\/www.urlaubcornwall.de\/blog\/wp-content\/uploads\/2013\/04\/tre_room.jpg"}],"twitter_card":"summary","twitter_misc":{"Est. reading time":"2 minutes"},"schema":{"@context":"https:\/\/schema.org","@graph":[{"@type":"WebSite","@id":"https:\/\/www.urlaubcornwall.de\/blog\/#website","url":"https:\/\/www.urlaubcornwall.de\/blog\/","name":"Urlaub &amp; Reisen","description":"Urlaub, Reisen, Cornwall und S\u00fcdengland: eine perfekte Kombination","potentialAction":[{"@type":"SearchAction","target":{"@type":"EntryPoint","urlTemplate":"https:\/\/www.urlaubcornwall.de\/blog\/?s={search_term_string}"},"query-input":"required name=search_term_string"}],"inLanguage":"en-US"},{"@type":"WebPage","@id":"https:\/\/www.urlaubcornwall.de\/blog\/st-marys-hall-hotel-scilly-inseln\/","url":"https:\/\/www.urlaubcornwall.de\/blog\/st-marys-hall-hotel-scilly-inseln\/","name":"St Mary's Hall Hotel: Scilly-Inseln - Urlaub &amp; Reisen","isPartOf":{"@id":"https:\/\/www.urlaubcornwall.de\/blog\/#website"},"datePublished":"2013-04-10T09:52:06+00:00","dateModified":"2020-02-10T15:51:59+00:00","breadcrumb":{"@id":"https:\/\/www.urlaubcornwall.de\/blog\/st-marys-hall-hotel-scilly-inseln\/#breadcrumb"},"inLanguage":"en-US","potentialAction":[{"@type":"ReadAction","target":["https:\/\/www.urlaubcornwall.de\/blog\/st-marys-hall-hotel-scilly-inseln\/"]}]},{"@type":"BreadcrumbList","@id":"https:\/\/www.urlaubcornwall.de\/blog\/st-marys-hall-hotel-scilly-inseln\/#breadcrumb","itemListElement":[{"@type":"ListItem","position":1,"name":"Home","item":"https:\/\/www.urlaubcornwall.de\/blog\/"},{"@type":"ListItem","position":2,"name":"St Mary&#8217;s Hall Hotel: Scilly-Inseln"}]}]}},"_links":{"self":[{"href":"https:\/\/www.urlaubcornwall.de\/blog\/wp-json\/wp\/v2\/pages\/8935"}],"collection":[{"href":"https:\/\/www.urlaubcornwall.de\/blog\/wp-json\/wp\/v2\/pages"}],"about":[{"href":"https:\/\/www.urlaubcornwall.de\/blog\/wp-json\/wp\/v2\/types\/page"}],"author":[{"embeddable":true,"href":"https:\/\/www.urlaubcornwall.de\/blog\/wp-json\/wp\/v2\/users\/1"}],"replies":[{"embeddable":true,"href":"https:\/\/www.urlaubcornwall.de\/blog\/wp-json\/wp\/v2\/comments?post=8935"}],"version-history":[{"count":146,"href":"https:\/\/www.urlaubcornwall.de\/blog\/wp-json\/wp\/v2\/pages\/8935\/revisions"}],"predecessor-version":[{"id":9096,"href":"https:\/\/www.urlaubcornwall.de\/blog\/wp-json\/wp\/v2\/pages\/8935\/revisions\/9096"}],"wp:attachment":[{"href":"https:\/\/www.urlaubcornwall.de\/blog\/wp-json\/wp\/v2\/media?parent=8935"}],"curies":[{"name":"wp","href":"https:\/\/api.w.org\/{rel}","templated":true}]}}