{"id":8909,"date":"2013-04-11T09:08:37","date_gmt":"2013-04-11T09:08:37","guid":{"rendered":"https:\/\/www.urlaubcornwall.de\/blog\/?page_id=8909"},"modified":"2024-04-29T16:03:12","modified_gmt":"2024-04-29T16:03:12","slug":"sonderangebote-und-last-minute-angebote","status":"publish","type":"page","link":"https:\/\/www.urlaubcornwall.de\/blog\/sonderangebote-und-last-minute-angebote\/","title":{"rendered":"Sonderangebote und Last-Minute-Angebote: Cornwall, S\u00fcdengland und Gro\u00dfbritannien"},"content":{"rendered":"<p><img loading=\"lazy\" class=\"aligncenter size-full wp-image-35222\" src=\"https:\/\/www.urlaubcornwall.de\/blog\/wp-content\/uploads\/2019\/01\/sonderangebote-cornwall.jpg\" alt=\"sonderangebote st ives cornwall\" width=\"748\" height=\"467\"\/><\/p>\n<p>Urlaub in &#038; Reisen durch Cornwall und S\u00fcdengland: eine perfekte Kombination. Ihr Traumurlaub beginnt hier! Mit \u00fcber dreihundert Meilen atemberaubender K\u00fcstenausblicke k\u00f6nnen Sie gut und gerne Cornwall als die Grafschaft betrachten, die Sie dem Meer am n\u00e4chsten bringt.<\/p>\n<div class=\"snippet\"> <a class=\"featured-item\" href=\"https:\/\/www.urlaubcornwall.de\/ferienhaeuser\/cornwall.php\"> <span class=\"image-holder\" style=\"background-image: url('https:\/\/www.urlaubcornwall.de\/blog\/wp-content\/uploads\/2018\/11\/IMG_0594_scilly_inseln_2.jpg');\"><\/span> <span class=\"featured-content\"> \n<h2 class=\"featured-title\">Last Minute Angebote &#038; Discount Ferienh\u00e4user in Cornwall<\/h2>\n<p class=\"featured-body\">Ein Blick in diese Liste lohnt sich, wenn Sie vorhaben, innerhalb der n\u00e4chsten 4 Wochen zu verreisen, denn Sie k\u00f6nnen bis zu 50% vom Normalpreis sparen. \u00dcber 1000 pers\u00f6nlich inspizierte Ferienh\u00e4user&#8230; <\/p><\/span> <span class=\"featured-link-holder\"> <span class=\"featured-extra-info\"> \n<p>F\u00fcr Paare, Familien &#038; Gruppen<\/p>\n<\/span> \n<p class=\"featured-link\">DETAILS<\/p>\n<\/span> <\/a><\/div>\n<div class=\"snippet\"> <a class=\"featured-item\" href=\"https:\/\/www.urlaubcornwall.de\/hotels.php\"> <span class=\"image-holder\" style=\"background-image: url('https:\/\/www.urlaubcornwall.de\/blog\/wp-content\/uploads\/2019\/01\/DiTn0QVWsAIOgjG.jpg');\"><\/span> <span class=\"featured-content\"> \n<h2 class=\"featured-title\">Hotel Sonderangebote in Cornwall<\/h2>\n<p class=\"featured-body\">F\u00fcr all jene, die innerhalb von Cornwalls wundervoller Landschaft untergebracht sein wollen, k\u00f6nnen wir fantastische Hotels mit Meerblick anbieten, die jedem Geldbeutel gerecht werden, von B&#038;Bs, Familienhotels, Luxus-Spa-Hotels &#038; eleganten Herrenh\u00e4usern die ein gro\u00dfartiges Preis-Leistungsverh\u00e4ltnis&#8230;<\/p><\/span> <span class=\"featured-link-holder\"> <span class=\"featured-extra-info\"> \n<p>Die sch\u00f6nsten Hotels<\/p>\n<\/span> \n<p class=\"featured-link\">DETAILS<\/p>\n<\/span> <\/a><\/div>\n<div class=\"snippet\"> <a class=\"featured-item\" href=\"https:\/\/www.urlaubcornwall.de\/blog\/ready-made-routen-cornwall-devon-suedwest-suedengland-und-london\/\"> <span class=\"image-holder\" style=\"background-image: url('https:\/\/www.urlaubcornwall.de\/blog\/wp-content\/uploads\/2024\/03\/ferienhaus-england-cornwall.jpg');\"><\/span> <span class=\"featured-content\"> \n<h2 class=\"featured-title\">G\u00fcnstige Rundreisen buchen<\/h2>\n<p class=\"featured-body\">Hier finden Sie eine Auswahl an Ready Made Touren und Rundreisen in Cornwall, S\u00fcdwest und S\u00fcdengland. Benutzen Sie unsere Website als Inspiration oder teilen Sie uns Ihre Urlaubspl\u00e4ne mit. Wir k\u00fcmmern uns um Alleinreisende, Paare, Familien und Gruppen jeder Gr\u00f6\u00dfe&#8230;.. <\/p><\/span> <span class=\"featured-link-holder\"> <span class=\"featured-extra-info\"> \n<p>Preise auf Anfrage<\/p>\n<\/span> \n<p class=\"featured-link\">DETAILS<\/p>\n<\/span> <\/a><\/div>\n","protected":false},"excerpt":{"rendered":"<p>Urlaub in &#038; Reisen durch Cornwall und S\u00fcdengland: eine perfekte Kombination. Ihr Traumurlaub beginnt hier! Mit \u00fcber dreihundert Meilen atemberaubender K\u00fcstenausblicke k\u00f6nnen Sie gut und gerne Cornwall als die Grafschaft betrachten, die Sie dem Meer am n\u00e4chsten bringt. Last Minute Angebote &#038; Discount Ferienh\u00e4user in Cornwall Ein Blick in diese Liste lohnt sich, wenn Sie [&hellip;]<\/p>\n","protected":false},"author":1,"featured_media":0,"parent":0,"menu_order":0,"comment_status":"closed","ping_status":"closed","template":"single-four.php","meta":[],"acf":[],"yoast_head":"<!-- This site is optimized with the Yoast SEO plugin v19.4 - https:\/\/yoast.com\/wordpress\/plugins\/seo\/ -->\n<title>Sonderangebote und Last-Minute-Angebote: Cornwall, S\u00fcdengland und Gro\u00dfbritannien - Urlaub &amp; Reisen<\/title>\n<meta name=\"robots\" content=\"index, follow, max-snippet:-1, max-image-preview:large, max-video-preview:-1\" \/>\n<link rel=\"canonical\" href=\"https:\/\/www.urlaubcornwall.de\/blog\/sonderangebote-und-last-minute-angebote\/\" \/>\n<meta property=\"og:locale\" content=\"en_US\" \/>\n<meta property=\"og:type\" content=\"article\" \/>\n<meta property=\"og:title\" content=\"Sonderangebote und Last-Minute-Angebote: Cornwall, S\u00fcdengland und Gro\u00dfbritannien - Urlaub &amp; Reisen\" \/>\n<meta property=\"og:description\" content=\"Urlaub in &#038; Reisen durch Cornwall und S\u00fcdengland: eine perfekte Kombination. Ihr Traumurlaub beginnt hier! Mit \u00fcber dreihundert Meilen atemberaubender K\u00fcstenausblicke k\u00f6nnen Sie gut und gerne Cornwall als die Grafschaft betrachten, die Sie dem Meer am n\u00e4chsten bringt. Last Minute Angebote &#038; Discount Ferienh\u00e4user in Cornwall Ein Blick in diese Liste lohnt sich, wenn Sie [&hellip;]\" \/>\n<meta property=\"og:url\" content=\"https:\/\/www.urlaubcornwall.de\/blog\/sonderangebote-und-last-minute-angebote\/\" \/>\n<meta property=\"og:site_name\" content=\"Urlaub &amp; Reisen\" \/>\n<meta property=\"article:modified_time\" content=\"2024-04-29T16:03:12+00:00\" \/>\n<meta property=\"og:image\" content=\"https:\/\/www.urlaubcornwall.de\/blog\/wp-content\/uploads\/2019\/01\/sonderangebote-cornwall.jpg\" \/>\n<meta name=\"twitter:card\" content=\"summary\" \/>\n<meta name=\"twitter:label1\" content=\"Est. reading time\" \/>\n\t<meta name=\"twitter:data1\" content=\"1 minute\" \/>\n<script type=\"application\/ld+json\" class=\"yoast-schema-graph\">{\"@context\":\"https:\/\/schema.org\",\"@graph\":[{\"@type\":\"WebSite\",\"@id\":\"https:\/\/www.urlaubcornwall.de\/blog\/#website\",\"url\":\"https:\/\/www.urlaubcornwall.de\/blog\/\",\"name\":\"Urlaub &amp; Reisen\",\"description\":\"Urlaub, Reisen, Cornwall und S\u00fcdengland: eine perfekte Kombination\",\"potentialAction\":[{\"@type\":\"SearchAction\",\"target\":{\"@type\":\"EntryPoint\",\"urlTemplate\":\"https:\/\/www.urlaubcornwall.de\/blog\/?s={search_term_string}\"},\"query-input\":\"required name=search_term_string\"}],\"inLanguage\":\"en-US\"},{\"@type\":\"WebPage\",\"@id\":\"https:\/\/www.urlaubcornwall.de\/blog\/sonderangebote-und-last-minute-angebote\/\",\"url\":\"https:\/\/www.urlaubcornwall.de\/blog\/sonderangebote-und-last-minute-angebote\/\",\"name\":\"Sonderangebote und Last-Minute-Angebote: Cornwall, S\u00fcdengland und Gro\u00dfbritannien - Urlaub &amp; Reisen\",\"isPartOf\":{\"@id\":\"https:\/\/www.urlaubcornwall.de\/blog\/#website\"},\"datePublished\":\"2013-04-11T09:08:37+00:00\",\"dateModified\":\"2024-04-29T16:03:12+00:00\",\"breadcrumb\":{\"@id\":\"https:\/\/www.urlaubcornwall.de\/blog\/sonderangebote-und-last-minute-angebote\/#breadcrumb\"},\"inLanguage\":\"en-US\",\"potentialAction\":[{\"@type\":\"ReadAction\",\"target\":[\"https:\/\/www.urlaubcornwall.de\/blog\/sonderangebote-und-last-minute-angebote\/\"]}]},{\"@type\":\"BreadcrumbList\",\"@id\":\"https:\/\/www.urlaubcornwall.de\/blog\/sonderangebote-und-last-minute-angebote\/#breadcrumb\",\"itemListElement\":[{\"@type\":\"ListItem\",\"position\":1,\"name\":\"Home\",\"item\":\"https:\/\/www.urlaubcornwall.de\/blog\/\"},{\"@type\":\"ListItem\",\"position\":2,\"name\":\"Sonderangebote und Last-Minute-Angebote: Cornwall, S\u00fcdengland und Gro\u00dfbritannien\"}]}]}<\/script>\n<!-- \/ Yoast SEO plugin. -->","yoast_head_json":{"title":"Sonderangebote und Last-Minute-Angebote: Cornwall, S\u00fcdengland und Gro\u00dfbritannien - Urlaub &amp; Reisen","robots":{"index":"index","follow":"follow","max-snippet":"max-snippet:-1","max-image-preview":"max-image-preview:large","max-video-preview":"max-video-preview:-1"},"canonical":"https:\/\/www.urlaubcornwall.de\/blog\/sonderangebote-und-last-minute-angebote\/","og_locale":"en_US","og_type":"article","og_title":"Sonderangebote und Last-Minute-Angebote: Cornwall, S\u00fcdengland und Gro\u00dfbritannien - Urlaub &amp; Reisen","og_description":"Urlaub in &#038; Reisen durch Cornwall und S\u00fcdengland: eine perfekte Kombination. Ihr Traumurlaub beginnt hier! Mit \u00fcber dreihundert Meilen atemberaubender K\u00fcstenausblicke k\u00f6nnen Sie gut und gerne Cornwall als die Grafschaft betrachten, die Sie dem Meer am n\u00e4chsten bringt. Last Minute Angebote &#038; Discount Ferienh\u00e4user in Cornwall Ein Blick in diese Liste lohnt sich, wenn Sie [&hellip;]","og_url":"https:\/\/www.urlaubcornwall.de\/blog\/sonderangebote-und-last-minute-angebote\/","og_site_name":"Urlaub &amp; Reisen","article_modified_time":"2024-04-29T16:03:12+00:00","og_image":[{"url":"https:\/\/www.urlaubcornwall.de\/blog\/wp-content\/uploads\/2019\/01\/sonderangebote-cornwall.jpg"}],"twitter_card":"summary","twitter_misc":{"Est. reading time":"1 minute"},"schema":{"@context":"https:\/\/schema.org","@graph":[{"@type":"WebSite","@id":"https:\/\/www.urlaubcornwall.de\/blog\/#website","url":"https:\/\/www.urlaubcornwall.de\/blog\/","name":"Urlaub &amp; Reisen","description":"Urlaub, Reisen, Cornwall und S\u00fcdengland: eine perfekte Kombination","potentialAction":[{"@type":"SearchAction","target":{"@type":"EntryPoint","urlTemplate":"https:\/\/www.urlaubcornwall.de\/blog\/?s={search_term_string}"},"query-input":"required name=search_term_string"}],"inLanguage":"en-US"},{"@type":"WebPage","@id":"https:\/\/www.urlaubcornwall.de\/blog\/sonderangebote-und-last-minute-angebote\/","url":"https:\/\/www.urlaubcornwall.de\/blog\/sonderangebote-und-last-minute-angebote\/","name":"Sonderangebote und Last-Minute-Angebote: Cornwall, S\u00fcdengland und Gro\u00dfbritannien - Urlaub &amp; Reisen","isPartOf":{"@id":"https:\/\/www.urlaubcornwall.de\/blog\/#website"},"datePublished":"2013-04-11T09:08:37+00:00","dateModified":"2024-04-29T16:03:12+00:00","breadcrumb":{"@id":"https:\/\/www.urlaubcornwall.de\/blog\/sonderangebote-und-last-minute-angebote\/#breadcrumb"},"inLanguage":"en-US","potentialAction":[{"@type":"ReadAction","target":["https:\/\/www.urlaubcornwall.de\/blog\/sonderangebote-und-last-minute-angebote\/"]}]},{"@type":"BreadcrumbList","@id":"https:\/\/www.urlaubcornwall.de\/blog\/sonderangebote-und-last-minute-angebote\/#breadcrumb","itemListElement":[{"@type":"ListItem","position":1,"name":"Home","item":"https:\/\/www.urlaubcornwall.de\/blog\/"},{"@type":"ListItem","position":2,"name":"Sonderangebote und Last-Minute-Angebote: Cornwall, S\u00fcdengland und Gro\u00dfbritannien"}]}]}},"_links":{"self":[{"href":"https:\/\/www.urlaubcornwall.de\/blog\/wp-json\/wp\/v2\/pages\/8909"}],"collection":[{"href":"https:\/\/www.urlaubcornwall.de\/blog\/wp-json\/wp\/v2\/pages"}],"about":[{"href":"https:\/\/www.urlaubcornwall.de\/blog\/wp-json\/wp\/v2\/types\/page"}],"author":[{"embeddable":true,"href":"https:\/\/www.urlaubcornwall.de\/blog\/wp-json\/wp\/v2\/users\/1"}],"replies":[{"embeddable":true,"href":"https:\/\/www.urlaubcornwall.de\/blog\/wp-json\/wp\/v2\/comments?post=8909"}],"version-history":[{"count":179,"href":"https:\/\/www.urlaubcornwall.de\/blog\/wp-json\/wp\/v2\/pages\/8909\/revisions"}],"predecessor-version":[{"id":49942,"href":"https:\/\/www.urlaubcornwall.de\/blog\/wp-json\/wp\/v2\/pages\/8909\/revisions\/49942"}],"wp:attachment":[{"href":"https:\/\/www.urlaubcornwall.de\/blog\/wp-json\/wp\/v2\/media?parent=8909"}],"curies":[{"name":"wp","href":"https:\/\/api.w.org\/{rel}","templated":true}]}}