{"id":8788,"date":"2013-03-27T16:33:16","date_gmt":"2013-03-27T16:33:16","guid":{"rendered":"https:\/\/www.urlaubcornwall.de\/blog\/?page_id=8788"},"modified":"2019-01-29T14:58:12","modified_gmt":"2019-01-29T14:58:12","slug":"the-beach-boutique-hotel-in-bude-nordkueste-cornwall","status":"publish","type":"page","link":"https:\/\/www.urlaubcornwall.de\/blog\/the-beach-boutique-hotel-in-bude-nordkueste-cornwall\/","title":{"rendered":"The Beach Boutique-Hotel am Meer Bude, Nordk\u00fcste Cornwall"},"content":{"rendered":"<p><strong>Unsere Bewertung<\/strong> &#8211; The Beach ist ein <a href=\"https:\/\/www.booking.com\/hotel\/gb\/the-beach-at-bude.en.html?aid=1320750&#038;no_rooms=1&#038;group_adults=2&#038;room1=A%2CA\" rel=\"nofollow\"><span style=\"text-decoration: underline;\"><strong>luxuri\u00f6ses Boutique-Hotel<\/strong><\/span><\/a> in dem beliebten St\u00e4dtchen Bude an der kornischen Nordk\u00fcste und befindet sich in einer besonderen Lage oberhalb des Strandes Summerleaze. Es ist daher ein ideales Fleckchen, um den Panoramablick auf das Meer zu genie\u00dfen. Wir haben The Beach im M\u00e4rz besucht. Es liegt in einer ruhigen Stra\u00dfe ohne vorbeifahrenden Verkehr mit hoteleigenem Parkplatz und ist nur einen kurzen Spaziergang vom Trubel im Herzen der Stadt entfernt.<\/p>\n<p>Luxus lautet hier das Motto: Die Zimmer sind neu renoviert und bieten Ihnen einen sehr hohen Standard. Die Schlafzimmer sind alle ger\u00e4umig, drei davon liegen im Parterre (eins davon ist ohne Stufen zug\u00e4nglich). In den Zimmern werden Sie gekalkte W\u00e4nde, Eichenm\u00f6bel, stilvolle Akzente und ein fabelhaftes Badezimmer vorfinden. Einige Zimmer verf\u00fcgen \u00fcber eine private Terrasse oder einen franz\u00f6sischen Balkon und die meisten bieten einen herrlichen Meerblick. Alle Betten haben dicke und bequeme Matratzen der Marke Vi-Spring und sch\u00f6ne wei\u00dfe Baumwolle. Alles ist neu, makellos und modern.<\/p>\n<p>Das Fr\u00fchst\u00fcck wird Ihnen in einem hellen und luftigen Speisesaal vor gro\u00dfen Panoramafenstern serviert und bietet einen ansprechenden Hauch von Neuengland.<\/p>\n<p>Es gibt zudem eine Bibliothek mit einer guten Auswahl an B\u00fcchern und Brettspielen, sowie ein ruhiges Arbeitszimmer, damit G\u00e4ste bei Bedarf Ihre E-Mails abrufen k\u00f6nnen. Den Hotelg\u00e4sten steht eine Bar zur Verf\u00fcgung. Treten Sie hinaus auf die Terrasse, lehnen Sie sich zur\u00fcck und lassen Sie die wundersch\u00f6ne Aussicht auf sich wirken.<\/p>\n<p><b>Unser Tipp:<\/b> Erkunden Sie Bude, denn es hat soviel mehr zu bieten, als man glaubt. Hier warten sandige Surfstr\u00e4nde auf Sie, es gibt einen Gezeitent\u00fcmpel sowie sichere Badem\u00f6glichkeiten f\u00fcr Kinder und der ber\u00fchmte K\u00fcstenpfad <i>South West Coast Path<\/i> liegt ganz in der N\u00e4he.<\/p>\n<p style=\"text-align: center;\"><a class=\"tidycta\" href=\"https:\/\/www.booking.com\/hotel\/gb\/the-beach-at-bude.en.html?aid=1320750&#038;no_rooms=1&#038;group_adults=2&#038;room1=A%2CA\" rel=\"nofollow\">Verf\u00fcgbarkeit pr\u00fcfen<\/a><\/p>\n<p><b>Klicken Sie <\/b><strong>hie<\/strong>r<b>, um sich unser vollst\u00e4ndiges Angebot der besten <a href=\"https:\/\/www.urlaubcornwall.de\/hotels.php\">Hotels in Cornwall&gt;&gt;<\/a><\/b><\/p>\n<p style=\"text-align: right;\"><a href=\"https:\/\/plus.google.com\/103486003688192803777\/about?rel=author\">Niall MacDougall Google+<\/a><\/p>\n","protected":false},"excerpt":{"rendered":"<p>Unsere Bewertung &#8211; The Beach ist ein luxuri\u00f6ses Boutique-Hotel in dem beliebten St\u00e4dtchen Bude an der kornischen Nordk\u00fcste und befindet sich in einer besonderen Lage oberhalb des Strandes Summerleaze. Es ist daher ein ideales Fleckchen, um den Panoramablick auf das Meer zu genie\u00dfen. Wir haben The Beach im M\u00e4rz besucht. Es liegt in einer ruhigen [&hellip;]<\/p>\n","protected":false},"author":1,"featured_media":0,"parent":0,"menu_order":0,"comment_status":"closed","ping_status":"closed","template":"single-two.php","meta":[],"acf":[],"yoast_head":"<!-- This site is optimized with the Yoast SEO plugin v19.4 - https:\/\/yoast.com\/wordpress\/plugins\/seo\/ -->\n<title>The Beach Boutique-Hotel am Meer Bude, Nordk\u00fcste Cornwall - Urlaub &amp; Reisen<\/title>\n<meta name=\"robots\" content=\"index, follow, max-snippet:-1, max-image-preview:large, max-video-preview:-1\" \/>\n<link rel=\"canonical\" href=\"https:\/\/www.urlaubcornwall.de\/blog\/the-beach-boutique-hotel-in-bude-nordkueste-cornwall\/\" \/>\n<meta property=\"og:locale\" content=\"en_US\" \/>\n<meta property=\"og:type\" content=\"article\" \/>\n<meta property=\"og:title\" content=\"The Beach Boutique-Hotel am Meer Bude, Nordk\u00fcste Cornwall - Urlaub &amp; Reisen\" \/>\n<meta property=\"og:description\" content=\"Unsere Bewertung &#8211; The Beach ist ein luxuri\u00f6ses Boutique-Hotel in dem beliebten St\u00e4dtchen Bude an der kornischen Nordk\u00fcste und befindet sich in einer besonderen Lage oberhalb des Strandes Summerleaze. Es ist daher ein ideales Fleckchen, um den Panoramablick auf das Meer zu genie\u00dfen. Wir haben The Beach im M\u00e4rz besucht. Es liegt in einer ruhigen [&hellip;]\" \/>\n<meta property=\"og:url\" content=\"https:\/\/www.urlaubcornwall.de\/blog\/the-beach-boutique-hotel-in-bude-nordkueste-cornwall\/\" \/>\n<meta property=\"og:site_name\" content=\"Urlaub &amp; Reisen\" \/>\n<meta property=\"article:modified_time\" content=\"2019-01-29T14:58:12+00:00\" \/>\n<meta name=\"twitter:card\" content=\"summary\" \/>\n<meta name=\"twitter:label1\" content=\"Est. reading time\" \/>\n\t<meta name=\"twitter:data1\" content=\"2 minutes\" \/>\n<script type=\"application\/ld+json\" class=\"yoast-schema-graph\">{\"@context\":\"https:\/\/schema.org\",\"@graph\":[{\"@type\":\"WebSite\",\"@id\":\"https:\/\/www.urlaubcornwall.de\/blog\/#website\",\"url\":\"https:\/\/www.urlaubcornwall.de\/blog\/\",\"name\":\"Urlaub &amp; Reisen\",\"description\":\"Urlaub, Reisen, Cornwall und S\u00fcdengland: eine perfekte Kombination\",\"potentialAction\":[{\"@type\":\"SearchAction\",\"target\":{\"@type\":\"EntryPoint\",\"urlTemplate\":\"https:\/\/www.urlaubcornwall.de\/blog\/?s={search_term_string}\"},\"query-input\":\"required name=search_term_string\"}],\"inLanguage\":\"en-US\"},{\"@type\":\"WebPage\",\"@id\":\"https:\/\/www.urlaubcornwall.de\/blog\/the-beach-boutique-hotel-in-bude-nordkueste-cornwall\/\",\"url\":\"https:\/\/www.urlaubcornwall.de\/blog\/the-beach-boutique-hotel-in-bude-nordkueste-cornwall\/\",\"name\":\"The Beach Boutique-Hotel am Meer Bude, Nordk\u00fcste Cornwall - Urlaub &amp; Reisen\",\"isPartOf\":{\"@id\":\"https:\/\/www.urlaubcornwall.de\/blog\/#website\"},\"datePublished\":\"2013-03-27T16:33:16+00:00\",\"dateModified\":\"2019-01-29T14:58:12+00:00\",\"breadcrumb\":{\"@id\":\"https:\/\/www.urlaubcornwall.de\/blog\/the-beach-boutique-hotel-in-bude-nordkueste-cornwall\/#breadcrumb\"},\"inLanguage\":\"en-US\",\"potentialAction\":[{\"@type\":\"ReadAction\",\"target\":[\"https:\/\/www.urlaubcornwall.de\/blog\/the-beach-boutique-hotel-in-bude-nordkueste-cornwall\/\"]}]},{\"@type\":\"BreadcrumbList\",\"@id\":\"https:\/\/www.urlaubcornwall.de\/blog\/the-beach-boutique-hotel-in-bude-nordkueste-cornwall\/#breadcrumb\",\"itemListElement\":[{\"@type\":\"ListItem\",\"position\":1,\"name\":\"Home\",\"item\":\"https:\/\/www.urlaubcornwall.de\/blog\/\"},{\"@type\":\"ListItem\",\"position\":2,\"name\":\"The Beach Boutique-Hotel am Meer Bude, Nordk\u00fcste Cornwall\"}]}]}<\/script>\n<!-- \/ Yoast SEO plugin. -->","yoast_head_json":{"title":"The Beach Boutique-Hotel am Meer Bude, Nordk\u00fcste Cornwall - Urlaub &amp; Reisen","robots":{"index":"index","follow":"follow","max-snippet":"max-snippet:-1","max-image-preview":"max-image-preview:large","max-video-preview":"max-video-preview:-1"},"canonical":"https:\/\/www.urlaubcornwall.de\/blog\/the-beach-boutique-hotel-in-bude-nordkueste-cornwall\/","og_locale":"en_US","og_type":"article","og_title":"The Beach Boutique-Hotel am Meer Bude, Nordk\u00fcste Cornwall - Urlaub &amp; Reisen","og_description":"Unsere Bewertung &#8211; The Beach ist ein luxuri\u00f6ses Boutique-Hotel in dem beliebten St\u00e4dtchen Bude an der kornischen Nordk\u00fcste und befindet sich in einer besonderen Lage oberhalb des Strandes Summerleaze. Es ist daher ein ideales Fleckchen, um den Panoramablick auf das Meer zu genie\u00dfen. Wir haben The Beach im M\u00e4rz besucht. Es liegt in einer ruhigen [&hellip;]","og_url":"https:\/\/www.urlaubcornwall.de\/blog\/the-beach-boutique-hotel-in-bude-nordkueste-cornwall\/","og_site_name":"Urlaub &amp; Reisen","article_modified_time":"2019-01-29T14:58:12+00:00","twitter_card":"summary","twitter_misc":{"Est. reading time":"2 minutes"},"schema":{"@context":"https:\/\/schema.org","@graph":[{"@type":"WebSite","@id":"https:\/\/www.urlaubcornwall.de\/blog\/#website","url":"https:\/\/www.urlaubcornwall.de\/blog\/","name":"Urlaub &amp; Reisen","description":"Urlaub, Reisen, Cornwall und S\u00fcdengland: eine perfekte Kombination","potentialAction":[{"@type":"SearchAction","target":{"@type":"EntryPoint","urlTemplate":"https:\/\/www.urlaubcornwall.de\/blog\/?s={search_term_string}"},"query-input":"required name=search_term_string"}],"inLanguage":"en-US"},{"@type":"WebPage","@id":"https:\/\/www.urlaubcornwall.de\/blog\/the-beach-boutique-hotel-in-bude-nordkueste-cornwall\/","url":"https:\/\/www.urlaubcornwall.de\/blog\/the-beach-boutique-hotel-in-bude-nordkueste-cornwall\/","name":"The Beach Boutique-Hotel am Meer Bude, Nordk\u00fcste Cornwall - Urlaub &amp; Reisen","isPartOf":{"@id":"https:\/\/www.urlaubcornwall.de\/blog\/#website"},"datePublished":"2013-03-27T16:33:16+00:00","dateModified":"2019-01-29T14:58:12+00:00","breadcrumb":{"@id":"https:\/\/www.urlaubcornwall.de\/blog\/the-beach-boutique-hotel-in-bude-nordkueste-cornwall\/#breadcrumb"},"inLanguage":"en-US","potentialAction":[{"@type":"ReadAction","target":["https:\/\/www.urlaubcornwall.de\/blog\/the-beach-boutique-hotel-in-bude-nordkueste-cornwall\/"]}]},{"@type":"BreadcrumbList","@id":"https:\/\/www.urlaubcornwall.de\/blog\/the-beach-boutique-hotel-in-bude-nordkueste-cornwall\/#breadcrumb","itemListElement":[{"@type":"ListItem","position":1,"name":"Home","item":"https:\/\/www.urlaubcornwall.de\/blog\/"},{"@type":"ListItem","position":2,"name":"The Beach Boutique-Hotel am Meer Bude, Nordk\u00fcste Cornwall"}]}]}},"_links":{"self":[{"href":"https:\/\/www.urlaubcornwall.de\/blog\/wp-json\/wp\/v2\/pages\/8788"}],"collection":[{"href":"https:\/\/www.urlaubcornwall.de\/blog\/wp-json\/wp\/v2\/pages"}],"about":[{"href":"https:\/\/www.urlaubcornwall.de\/blog\/wp-json\/wp\/v2\/types\/page"}],"author":[{"embeddable":true,"href":"https:\/\/www.urlaubcornwall.de\/blog\/wp-json\/wp\/v2\/users\/1"}],"replies":[{"embeddable":true,"href":"https:\/\/www.urlaubcornwall.de\/blog\/wp-json\/wp\/v2\/comments?post=8788"}],"version-history":[{"count":23,"href":"https:\/\/www.urlaubcornwall.de\/blog\/wp-json\/wp\/v2\/pages\/8788\/revisions"}],"predecessor-version":[{"id":35487,"href":"https:\/\/www.urlaubcornwall.de\/blog\/wp-json\/wp\/v2\/pages\/8788\/revisions\/35487"}],"wp:attachment":[{"href":"https:\/\/www.urlaubcornwall.de\/blog\/wp-json\/wp\/v2\/media?parent=8788"}],"curies":[{"name":"wp","href":"https:\/\/api.w.org\/{rel}","templated":true}]}}