{"id":8610,"date":"2013-03-18T13:21:57","date_gmt":"2013-03-18T13:21:57","guid":{"rendered":"https:\/\/www.urlaubcornwall.de\/blog\/?page_id=8610"},"modified":"2019-01-29T14:15:38","modified_gmt":"2019-01-29T14:15:38","slug":"hotel-penzance-entdecke-west-cornwall","status":"publish","type":"page","link":"https:\/\/www.urlaubcornwall.de\/blog\/hotel-penzance-entdecke-west-cornwall\/","title":{"rendered":"Hotel Penzance am Meer &#8211; Entdecke West-Cornwall."},"content":{"rendered":"<p><strong>Unsere Bewertung<\/strong> &#8211; Das 4 Sterne <a href=\"https:\/\/www.booking.com\/hotel\/gb\/mountprospect.html?aid=1320750&#038;no_rooms=1&#038;group_adults=2&#038;room1=A%2CA\" rel=\"nofollow\"><span style=\"text-decoration: underline;\"><strong>Hotel Penzance<\/strong><\/span><\/a> ist eine stilvolle und komfortable Stadtvilla am Meer, die sich in unmittelbarer N\u00e4he des Stadtzentrums von Penzance befindet. Wir haben vor Kurzem diese elegante edwardianische Villa besucht, die inmitten eines mediterranen Gartens liegt und \u00fcber einen hauseigenen Pool verf\u00fcgt. Das Hotel genie\u00dft einen Panoramablick \u00fcber den Hafen und St Michael&#8217;s Mount sowie eine Aussicht auf die Bucht Mounts Bay.<\/p>\n<p>Das Hotel befindet sich in ruhiger Lage, nur 5 Minuten zu Fu\u00df vom Stadtzentrum und dem Bahnhof entfernt &#8211; perfekt f\u00fcr G\u00e4ste, die mit dem Zug anreisen. Das Hotel verf\u00fcgt \u00fcber 25 Zimmer, alle nach h\u00f6chstem Niveau eingerichtet und viele davon haben ein frisch renoviertes Badezimmer oder Nasszelle.<\/p>\n<p>Die Schlafzimmer verf\u00fcgen \u00fcber Betten von h\u00f6chster Qualit\u00e4t und im Zimmer stehen luxuri\u00f6se Badeartikel, flauschige Badem\u00e4ntel, eine Nespresso-Maschine zur Kaffeezubereitung und eine Auswahl an Teesorten, sowie komplement\u00e4res Tafelwasser in Flaschen f\u00fcr Sie bereit &#8211; alles was Sie von einem 4-Sterne-Hotel erwarten. Drahtloser Internetzugang per WLAN ist f\u00fcr Sie kostenlos im ganzen Hotel verf\u00fcgbar. Es gibt vier verschiedene Zimmerkategorien: Superior mit Meerblick, Classic mit Meerblick, Classic ohne Meerblick und Einzelzimmer. Die h\u00f6chst ger\u00e4umigen Superior-Zimmer sind mit einem sehr gro\u00dfen Doppelbett (Super-King-Size-Bett) ausgestattet und genie\u00dfen allesamt eine wundersch\u00f6ne Aussicht und einige bieten sogar einen atemberaubenden Blick auf den Hafen und den weltber\u00fchmten St Michael&#8217;s Mount zugleich.<\/p>\n<p>Das Hotel erfreut sich eines ausgezeichneten Rufes f\u00fcr seinen freundlichen Service, der w\u00e4hrend unseres Besuchs durch das \u00e4u\u00dferst zuvorkommende Hotel- und Restaurantpersonal best\u00e4tigt wurde.<\/p>\n<p><b>Restaurant<\/b> &#8211; Das preisgekr\u00f6nte Restaurant spezialisiert sich auf die raffinierte Zubereitung von Fisch- und Meeresfr\u00fcchten sowie auf die moderne britische K\u00fcche. Reservierung erforderlich. Am Abend k\u00f6nnen G\u00e4ste aus einer Vielzahl von \u00e0 la carte Gerichten ausw\u00e4hlen, gezaubert aus den allerbesten und frischsten Zutaten der Region. Bei unserem Besuch standen ged\u00fcnstete West Country Miesmuscheln in einer So\u00dfe aus Edelzwiebeln, Knoblauch, Fenchel und Pernod auf dem Men\u00fc. Gefolgt von gebratenen Seeteufelmedaillons mit Muscheln und Rote Beete, ger\u00e4ucherte Makrelencreme und Dill.<\/p>\n<p><b>Unser Tipp:<\/b> Wir sch\u00e4tzen Penzance als einen idealen Ausgangspunkt, um Westcornwall zu erkunden. Im unmittelbaren Umfeld liegen Land&#8217;s End und St Michael&#8217;s Mount sowie einige der gro\u00dfartigen G\u00e4rten von Cornwall und St Ives oder besuchen Sie von hier aus bequem die Scilly-Inseln. Das Hotel Penzance liegt nur wenige Minuten vom Penzance Bahnhof entfernt, somit besonders perfekt gelegen, wenn Sie mit dem Zug anreisen m\u00f6chten.<\/p>\n<p style=\"text-align: center;\"><a class=\"tidycta\" href=\"https:\/\/www.booking.com\/hotel\/gb\/mountprospect.html?aid=1320750&#038;no_rooms=1&#038;group_adults=2&#038;room1=A%2CA\" rel=\"nofollowS\">Verf\u00fcgbarkeit pr\u00fcfen<\/a><\/p>\n<p>Klicken Sie hier, um sich unser vollst\u00e4ndiges Angebot der besten <a href=\"https:\/\/www.urlaubcornwall.de\/hotels.php\">Hotels in Cornwall&gt;&gt;<\/a><\/p>\n","protected":false},"excerpt":{"rendered":"<p>Unsere Bewertung &#8211; Das 4 Sterne Hotel Penzance ist eine stilvolle und komfortable Stadtvilla am Meer, die sich in unmittelbarer N\u00e4he des Stadtzentrums von Penzance befindet. Wir haben vor Kurzem diese elegante edwardianische Villa besucht, die inmitten eines mediterranen Gartens liegt und \u00fcber einen hauseigenen Pool verf\u00fcgt. Das Hotel genie\u00dft einen Panoramablick \u00fcber den Hafen [&hellip;]<\/p>\n","protected":false},"author":1,"featured_media":0,"parent":0,"menu_order":0,"comment_status":"closed","ping_status":"closed","template":"single-three.php","meta":[],"acf":[],"yoast_head":"<!-- This site is optimized with the Yoast SEO plugin v19.4 - https:\/\/yoast.com\/wordpress\/plugins\/seo\/ -->\n<title>Hotel Penzance am Meer - Entdecke West-Cornwall. - Urlaub &amp; Reisen<\/title>\n<meta name=\"robots\" content=\"index, follow, max-snippet:-1, max-image-preview:large, max-video-preview:-1\" \/>\n<link rel=\"canonical\" href=\"https:\/\/www.urlaubcornwall.de\/blog\/hotel-penzance-entdecke-west-cornwall\/\" \/>\n<meta property=\"og:locale\" content=\"en_US\" \/>\n<meta property=\"og:type\" content=\"article\" \/>\n<meta property=\"og:title\" content=\"Hotel Penzance am Meer - Entdecke West-Cornwall. - Urlaub &amp; Reisen\" \/>\n<meta property=\"og:description\" content=\"Unsere Bewertung &#8211; Das 4 Sterne Hotel Penzance ist eine stilvolle und komfortable Stadtvilla am Meer, die sich in unmittelbarer N\u00e4he des Stadtzentrums von Penzance befindet. Wir haben vor Kurzem diese elegante edwardianische Villa besucht, die inmitten eines mediterranen Gartens liegt und \u00fcber einen hauseigenen Pool verf\u00fcgt. Das Hotel genie\u00dft einen Panoramablick \u00fcber den Hafen [&hellip;]\" \/>\n<meta property=\"og:url\" content=\"https:\/\/www.urlaubcornwall.de\/blog\/hotel-penzance-entdecke-west-cornwall\/\" \/>\n<meta property=\"og:site_name\" content=\"Urlaub &amp; Reisen\" \/>\n<meta property=\"article:modified_time\" content=\"2019-01-29T14:15:38+00:00\" \/>\n<meta name=\"twitter:card\" content=\"summary\" \/>\n<meta name=\"twitter:label1\" content=\"Est. reading time\" \/>\n\t<meta name=\"twitter:data1\" content=\"2 minutes\" \/>\n<script type=\"application\/ld+json\" class=\"yoast-schema-graph\">{\"@context\":\"https:\/\/schema.org\",\"@graph\":[{\"@type\":\"WebSite\",\"@id\":\"https:\/\/www.urlaubcornwall.de\/blog\/#website\",\"url\":\"https:\/\/www.urlaubcornwall.de\/blog\/\",\"name\":\"Urlaub &amp; Reisen\",\"description\":\"Urlaub, Reisen, Cornwall und S\u00fcdengland: eine perfekte Kombination\",\"potentialAction\":[{\"@type\":\"SearchAction\",\"target\":{\"@type\":\"EntryPoint\",\"urlTemplate\":\"https:\/\/www.urlaubcornwall.de\/blog\/?s={search_term_string}\"},\"query-input\":\"required name=search_term_string\"}],\"inLanguage\":\"en-US\"},{\"@type\":\"WebPage\",\"@id\":\"https:\/\/www.urlaubcornwall.de\/blog\/hotel-penzance-entdecke-west-cornwall\/\",\"url\":\"https:\/\/www.urlaubcornwall.de\/blog\/hotel-penzance-entdecke-west-cornwall\/\",\"name\":\"Hotel Penzance am Meer - Entdecke West-Cornwall. - Urlaub &amp; Reisen\",\"isPartOf\":{\"@id\":\"https:\/\/www.urlaubcornwall.de\/blog\/#website\"},\"datePublished\":\"2013-03-18T13:21:57+00:00\",\"dateModified\":\"2019-01-29T14:15:38+00:00\",\"breadcrumb\":{\"@id\":\"https:\/\/www.urlaubcornwall.de\/blog\/hotel-penzance-entdecke-west-cornwall\/#breadcrumb\"},\"inLanguage\":\"en-US\",\"potentialAction\":[{\"@type\":\"ReadAction\",\"target\":[\"https:\/\/www.urlaubcornwall.de\/blog\/hotel-penzance-entdecke-west-cornwall\/\"]}]},{\"@type\":\"BreadcrumbList\",\"@id\":\"https:\/\/www.urlaubcornwall.de\/blog\/hotel-penzance-entdecke-west-cornwall\/#breadcrumb\",\"itemListElement\":[{\"@type\":\"ListItem\",\"position\":1,\"name\":\"Home\",\"item\":\"https:\/\/www.urlaubcornwall.de\/blog\/\"},{\"@type\":\"ListItem\",\"position\":2,\"name\":\"Hotel Penzance am Meer &#8211; Entdecke West-Cornwall.\"}]}]}<\/script>\n<!-- \/ Yoast SEO plugin. -->","yoast_head_json":{"title":"Hotel Penzance am Meer - Entdecke West-Cornwall. - Urlaub &amp; Reisen","robots":{"index":"index","follow":"follow","max-snippet":"max-snippet:-1","max-image-preview":"max-image-preview:large","max-video-preview":"max-video-preview:-1"},"canonical":"https:\/\/www.urlaubcornwall.de\/blog\/hotel-penzance-entdecke-west-cornwall\/","og_locale":"en_US","og_type":"article","og_title":"Hotel Penzance am Meer - Entdecke West-Cornwall. - Urlaub &amp; Reisen","og_description":"Unsere Bewertung &#8211; Das 4 Sterne Hotel Penzance ist eine stilvolle und komfortable Stadtvilla am Meer, die sich in unmittelbarer N\u00e4he des Stadtzentrums von Penzance befindet. Wir haben vor Kurzem diese elegante edwardianische Villa besucht, die inmitten eines mediterranen Gartens liegt und \u00fcber einen hauseigenen Pool verf\u00fcgt. Das Hotel genie\u00dft einen Panoramablick \u00fcber den Hafen [&hellip;]","og_url":"https:\/\/www.urlaubcornwall.de\/blog\/hotel-penzance-entdecke-west-cornwall\/","og_site_name":"Urlaub &amp; Reisen","article_modified_time":"2019-01-29T14:15:38+00:00","twitter_card":"summary","twitter_misc":{"Est. reading time":"2 minutes"},"schema":{"@context":"https:\/\/schema.org","@graph":[{"@type":"WebSite","@id":"https:\/\/www.urlaubcornwall.de\/blog\/#website","url":"https:\/\/www.urlaubcornwall.de\/blog\/","name":"Urlaub &amp; Reisen","description":"Urlaub, Reisen, Cornwall und S\u00fcdengland: eine perfekte Kombination","potentialAction":[{"@type":"SearchAction","target":{"@type":"EntryPoint","urlTemplate":"https:\/\/www.urlaubcornwall.de\/blog\/?s={search_term_string}"},"query-input":"required name=search_term_string"}],"inLanguage":"en-US"},{"@type":"WebPage","@id":"https:\/\/www.urlaubcornwall.de\/blog\/hotel-penzance-entdecke-west-cornwall\/","url":"https:\/\/www.urlaubcornwall.de\/blog\/hotel-penzance-entdecke-west-cornwall\/","name":"Hotel Penzance am Meer - Entdecke West-Cornwall. - Urlaub &amp; Reisen","isPartOf":{"@id":"https:\/\/www.urlaubcornwall.de\/blog\/#website"},"datePublished":"2013-03-18T13:21:57+00:00","dateModified":"2019-01-29T14:15:38+00:00","breadcrumb":{"@id":"https:\/\/www.urlaubcornwall.de\/blog\/hotel-penzance-entdecke-west-cornwall\/#breadcrumb"},"inLanguage":"en-US","potentialAction":[{"@type":"ReadAction","target":["https:\/\/www.urlaubcornwall.de\/blog\/hotel-penzance-entdecke-west-cornwall\/"]}]},{"@type":"BreadcrumbList","@id":"https:\/\/www.urlaubcornwall.de\/blog\/hotel-penzance-entdecke-west-cornwall\/#breadcrumb","itemListElement":[{"@type":"ListItem","position":1,"name":"Home","item":"https:\/\/www.urlaubcornwall.de\/blog\/"},{"@type":"ListItem","position":2,"name":"Hotel Penzance am Meer &#8211; Entdecke West-Cornwall."}]}]}},"_links":{"self":[{"href":"https:\/\/www.urlaubcornwall.de\/blog\/wp-json\/wp\/v2\/pages\/8610"}],"collection":[{"href":"https:\/\/www.urlaubcornwall.de\/blog\/wp-json\/wp\/v2\/pages"}],"about":[{"href":"https:\/\/www.urlaubcornwall.de\/blog\/wp-json\/wp\/v2\/types\/page"}],"author":[{"embeddable":true,"href":"https:\/\/www.urlaubcornwall.de\/blog\/wp-json\/wp\/v2\/users\/1"}],"replies":[{"embeddable":true,"href":"https:\/\/www.urlaubcornwall.de\/blog\/wp-json\/wp\/v2\/comments?post=8610"}],"version-history":[{"count":28,"href":"https:\/\/www.urlaubcornwall.de\/blog\/wp-json\/wp\/v2\/pages\/8610\/revisions"}],"predecessor-version":[{"id":35477,"href":"https:\/\/www.urlaubcornwall.de\/blog\/wp-json\/wp\/v2\/pages\/8610\/revisions\/35477"}],"wp:attachment":[{"href":"https:\/\/www.urlaubcornwall.de\/blog\/wp-json\/wp\/v2\/media?parent=8610"}],"curies":[{"name":"wp","href":"https:\/\/api.w.org\/{rel}","templated":true}]}}