{"id":8109,"date":"2013-02-26T09:43:55","date_gmt":"2013-02-26T09:43:55","guid":{"rendered":"https:\/\/www.urlaubcornwall.de\/blog\/?page_id=8109"},"modified":"2026-01-06T14:11:16","modified_gmt":"2026-01-06T14:11:16","slug":"das-st-michaels-mount-die-ikonische-attraktion-in-westcornwall","status":"publish","type":"page","link":"https:\/\/www.urlaubcornwall.de\/blog\/das-st-michaels-mount-die-ikonische-attraktion-in-westcornwall\/","title":{"rendered":"Das St Michael\u2019s Mount: Die ikonische Attraktion in Westcornwall"},"content":{"rendered":"<p><a href=\"https:\/\/www.urlaubcornwall.de\/blog\/wp-content\/uploads\/2024\/03\/marazion_und-st-michaels-mount-1.jpg\"><img loading=\"lazy\" src=\"https:\/\/www.urlaubcornwall.de\/blog\/wp-content\/uploads\/2024\/03\/marazion_und-st-michaels-mount-1.jpg\" alt=\"marazion_und st michaels mount\" width=\"750\" height=\"500\" class=\"alignnone size-full wp-image-47921\" srcset=\"https:\/\/www.urlaubcornwall.de\/blog\/wp-content\/uploads\/2024\/03\/marazion_und-st-michaels-mount-1.jpg 750w, https:\/\/www.urlaubcornwall.de\/blog\/wp-content\/uploads\/2024\/03\/marazion_und-st-michaels-mount-1-300x200.jpg 300w\" sizes=\"(max-width: 750px) 100vw, 750px\" \/><\/a><\/p>\n<p><strong>Besucherinformation<\/strong><\/p>\n<p>Erkunden Sie die fantastische Insel St Michael\u2019s Mount. Der Abt des in der Normandie gelegenen Mont St Michel lie\u00df die Burg im 12. Jahrhundert als Benediktinerkloster erbauen. Im Mittelalter entwickelte sich das Kloster zu einer beliebten Pilgerst\u00e4tte und noch heute wird die ikonische Felseninsel durch eine mittelalterliche Kirche und Burg gekr\u00f6nt. 1647 wurde Colonel John St Aubyn zum Gouverneur der Insel ernannt und seit dem bewohnen seine Nachkommen, die Aubyns, die Burg.<\/p>\n<p>Entdecken Sie Mythen und Legenden sowie seine unglaubliche Geschichte, die \u00fcber 1000 Jahre zur\u00fcckreicht. Genie\u00dfen Sie den subtropischen Terrassengarten und die spektakul\u00e4re Aussicht von den Festungsmauern der Burg \u00fcber die Mount\u2019s Bay bis hin zur Lizard-Halbinsel.<\/p>\n<p><b>\u00d6ffnungszeiten<\/b><\/p>\n<p>Burg<\/p>\n<p>18.M\u00e4rz &#8211; 30. Juni\u00a0\u00a0 \u00a0\u00a0\u00a0\u00a0\u00a0\u00a0\u00a0\u00a0\u00a0\u00a0\u00a0\u00a0\u00a0\u00a0\u00a0 10:30 \u2013 17:00 Uhr\u00a0\u00a0\u00a0\u00a0 Mo Di Mi Do Fr So<\/p>\n<p>1. Juli \u2013 30. August\u00a0 \u00a0\u00a0\u00a0\u00a0\u00a0\u00a0\u00a0\u00a0\u00a0\u00a0\u00a0\u00a0\u00a0\u00a0\u00a0 10:30 \u2013 17:30 Uhr\u00a0\u00a0\u00a0\u00a0 Mo Di Mi Do Fr So<\/p>\n<p>1. September \u2013 3. November\u00a0\u00a0\u00a0\u00a0\u00a0\u00a0 10:30 \u2013 17:00 Uhr\u00a0\u00a0\u00a0 Mo Di Mi Do Fr So<\/p>\n<p><strong>Garten<\/strong><\/p>\n<p>15. April \u2013 28. Juni\u00a0\u00a0\u00a0\u00a0\u00a0\u00a0\u00a0\u00a0 \u00a0\u00a0\u00a0\u00a0\u00a0\u00a0\u00a0\u00a0 10:30 \u2013 17:00 Uhr\u00a0\u00a0\u00a0\u00a0 Mo Di Mi Do Fr<\/p>\n<p>4. Juli \u2013 30. August\u00a0\u00a0\u00a0\u00a0\u00a0\u00a0\u00a0\u00a0 \u00a0\u00a0\u00a0\u00a0\u00a0\u00a0\u00a0\u00a0 10:30 \u2013\u00a0 17:30 Uhr\u00a0\u00a0\u00a0\u00a0 Do Fr<\/p>\n<p>5. September &#8211; 27. September\u00a0\u00a0 \u00a0\u00a0\u00a0\u00a0\u00a0\u00a0\u00a0\u00a0\u00a0\u00a0 10:30 \u2013 17:00 Uhr\u00a0\u00a0\u00a0\u00a0\u00a0 Do Fr<\/p>\n<p>Hunde sind nicht gestattet. Ausnahmen gelten jedoch f\u00fcr Blindenhunde.<\/p>\n<p>Der letzte Einlass ist jeweils 45 Minuten vor Schlie\u00dfung der Burg.<\/p>\n<p>Freier Eintritt f\u00fcr National Trust Mitglieder<\/p>\n<p><strong>Touren<\/strong><\/p>\n<p>Die Tour dauert 2 Stunden und beginnt vom Island Caf\u00e9 aus, welches sich direkt auf der Insel befindet. Karten sind am selben Tag erh\u00e4ltlich und k\u00f6nnen im Island Caf\u00e9 auf St Michael&#8217;s Mount erworben werden. Gef\u00fchrte Touren sind auf 30 Personen pro Tour limitiert, daher empfehlen wir Ihnen, fr\u00fchzeitig zu erscheinen, um einen Platz auf der Tour zu sichern.<\/p>\n<p><b>Anfahrtsbeschreibung<\/b><\/p>\n<p><strong>Eine Insel, die vor der kornischen Westk\u00fcste auf den Wellen treibt.<\/strong><\/p>\n<p>Ein gepflasterter Damm f\u00fchrt zum St Michael\u2019s Mount und trifft auf den schimmernden Sandstrand von Marazion, wo es gleich zwei Parkpl\u00e4tze gibt, von denen aus man den Strand und die Helling schnell und leicht erreichen kann.<\/p>\n<p><strong>Zu Fu\u00df<\/strong><\/p>\n<p>Bei Ebbe folgen Sie einfach den Fu\u00dfstapfen der Pilger und Riesen w\u00e4hrend Sie den historischen Damm nach St Michael\u2019s Mount \u00fcberqueren. Vom Godolphin Arms Hotel, das direkt am Strand von Marazion liegt, kann man die Bucht vom Festland aus bis zur Insel in nur wenigen Minuten durchqueren.<\/p>\n<p><strong>Mit Boot<\/strong><\/p>\n<p>H\u00fcpfen Sie an Bord f\u00fcr eine Bootsfahrt zum antiken Hafen von St Michael\u2019s Mount. Im Fr\u00fchling, Sommer und Herbst fahren bei Hochwasser regelm\u00e4\u00dfig Motorboote zwischen dem Mount und Marazion hin und her.<\/p>\n<p>Informationen zu den Gezeiten oder n\u00e4here Auskunft erhalten Sie unter der Telefonnummer +44 (0) 1736 710265.<\/p>\n<p>Hinweis: Es kann vorkommen, dass der Bootsverkehr aufgrund von ung\u00fcnstigem Wetter und schlechten Seeverh\u00e4ltnissen beeintr\u00e4chtigt oder gestrichen wird.<\/p>\n<p><strong>Mit Auto und Fahrrad (Parkm\u00f6glichkeit)<\/strong><\/p>\n<p>Das Parken wird Ihnen leicht gemacht \u2013 in Marazion stehen Ihnen n\u00e4mlich gleich zwei Parkpl\u00e4tze direkt am Strand zur Verf\u00fcgung (beide geb\u00fchrenpflichtig). Wenn Sie sich dem St\u00e4dtchen vom Westen aus n\u00e4hern, liegt das Meer dabei auf Ihrer linken Seite und die Parkpl\u00e4tze Folly Field und Slipway befinden sich direkt neben dem Strand, dem St Michael\u2019s Mount zugewandt.<\/p>\n<p><strong>Wetter \u2013 Tage, an denen die schwarze Fahne weht<\/strong><\/p>\n<p>Sehr vereinzelt kommt es vor, dass wir aufgrund von schlechtem Wetter schlie\u00dfen m\u00fcssen. In einem solchen Fall wird die schwarze Fahne gehisst.<\/p>\n<p>Im Zweifelsfall \u00fcberpr\u00fcfen Sie bitte im Vorfeld Ihres Besuchs die Wetterbedingungen durch einen Anruf unter 01736 710265.<\/p>\n<p><b>Veranstaltungen<\/b><\/p>\n<p>Von einem w\u00f6chentlichen Gottesdienst bis zu Konzerten im Gr\u00fcnen jeden Sonntag, richtet das St Michael&#8217;s Mount durch die Jahreszeiten hindurch verschiedene interessante Veranstaltungen aus. Von Ostereiersuchen bis Island Jazz und Halloween bis hin zu einem Unterhaltungsfestival mit Livemusik auf dem Mount \u2013 es hat wahrhaftig f\u00fcr jeden Geschmack und jede Altersgruppe etwas zu bieten.<\/p>\n<p><b>Essen und Shoppen<\/b><\/p>\n<p>Das Island Caf\u00e9 (mit Alkoholausschank) \u2013 serviert Ihnen k\u00f6stliche Cream Teas, kornische Pasties und Snacks.<\/p>\n<p>Das Sail Loft Restaurant (mit Alkoholausschank) \u2013 serviert Ihnen eine leckere Mahlzeit und selbst gebackene Kuchen.<\/p>\n<p>Im Island Shop k\u00f6nnen Sie nach einem tollen Andenken st\u00f6bern.<\/p>\n<p>Karte<br \/>\n<iframe loading=\"lazy\" src=\"https:\/\/maps.google.com\/maps\/ms?msa=0&amp;msid=218115240156722179945.0004d68f3ecf07db17234&amp;hl=en&amp;ie=UTF8&amp;t=m&amp;ll=50.280564,-5.501404&amp;spn=0.842473,1.757812&amp;z=9&amp;iwloc=0004d68f4e4f28d8c1bae&amp;output=embed\" height=\"480\" width=\"640\" frameborder=\"0\" marginwidth=\"0\" marginheight=\"0\" scrolling=\"no\"><\/iframe><br \/>\n<small>View <a style=\"color: #0000ff; text-align: left;\" href=\"https:\/\/maps.google.com\/maps\/ms?msa=0&amp;msid=218115240156722179945.0004d68f3ecf07db17234&amp;hl=en&amp;ie=UTF8&amp;t=m&amp;ll=50.280564,-5.501404&amp;spn=0.842473,1.757812&amp;z=9&amp;iwloc=0004d68f4e4f28d8c1bae&amp;source=embed\">St Michael\u2019s Mount<\/a> in a larger map<\/small><\/p>\n","protected":false},"excerpt":{"rendered":"<p>Besucherinformation Erkunden Sie die fantastische Insel St Michael\u2019s Mount. Der Abt des in der Normandie gelegenen Mont St Michel lie\u00df die Burg im 12. Jahrhundert als Benediktinerkloster erbauen. Im Mittelalter entwickelte sich das Kloster zu einer beliebten Pilgerst\u00e4tte und noch heute wird die ikonische Felseninsel durch eine mittelalterliche Kirche und Burg gekr\u00f6nt. 1647 wurde Colonel [&hellip;]<\/p>\n","protected":false},"author":1,"featured_media":0,"parent":0,"menu_order":0,"comment_status":"closed","ping_status":"closed","template":"single-four.php","meta":[],"acf":[],"yoast_head":"<!-- This site is optimized with the Yoast SEO plugin v19.4 - https:\/\/yoast.com\/wordpress\/plugins\/seo\/ -->\n<title>Das St Michael\u2019s Mount: Die ikonische Attraktion in Westcornwall - Urlaub &amp; Reisen<\/title>\n<meta name=\"robots\" content=\"index, follow, max-snippet:-1, max-image-preview:large, max-video-preview:-1\" \/>\n<link rel=\"canonical\" href=\"https:\/\/www.urlaubcornwall.de\/blog\/das-st-michaels-mount-die-ikonische-attraktion-in-westcornwall\/\" \/>\n<meta property=\"og:locale\" content=\"en_US\" \/>\n<meta property=\"og:type\" content=\"article\" \/>\n<meta property=\"og:title\" content=\"Das St Michael\u2019s Mount: Die ikonische Attraktion in Westcornwall - Urlaub &amp; Reisen\" \/>\n<meta property=\"og:description\" content=\"Besucherinformation Erkunden Sie die fantastische Insel St Michael\u2019s Mount. Der Abt des in der Normandie gelegenen Mont St Michel lie\u00df die Burg im 12. Jahrhundert als Benediktinerkloster erbauen. Im Mittelalter entwickelte sich das Kloster zu einer beliebten Pilgerst\u00e4tte und noch heute wird die ikonische Felseninsel durch eine mittelalterliche Kirche und Burg gekr\u00f6nt. 1647 wurde Colonel [&hellip;]\" \/>\n<meta property=\"og:url\" content=\"https:\/\/www.urlaubcornwall.de\/blog\/das-st-michaels-mount-die-ikonische-attraktion-in-westcornwall\/\" \/>\n<meta property=\"og:site_name\" content=\"Urlaub &amp; Reisen\" \/>\n<meta property=\"article:modified_time\" content=\"2026-01-06T14:11:16+00:00\" \/>\n<meta property=\"og:image\" content=\"https:\/\/www.urlaubcornwall.de\/blog\/wp-content\/uploads\/2024\/03\/marazion_und-st-michaels-mount-1.jpg\" \/>\n<meta name=\"twitter:card\" content=\"summary\" \/>\n<meta name=\"twitter:label1\" content=\"Est. reading time\" \/>\n\t<meta name=\"twitter:data1\" content=\"4 minutes\" \/>\n<script type=\"application\/ld+json\" class=\"yoast-schema-graph\">{\"@context\":\"https:\/\/schema.org\",\"@graph\":[{\"@type\":\"WebSite\",\"@id\":\"https:\/\/www.urlaubcornwall.de\/blog\/#website\",\"url\":\"https:\/\/www.urlaubcornwall.de\/blog\/\",\"name\":\"Urlaub &amp; Reisen\",\"description\":\"Urlaub, Reisen, Cornwall und S\u00fcdengland: eine perfekte Kombination\",\"potentialAction\":[{\"@type\":\"SearchAction\",\"target\":{\"@type\":\"EntryPoint\",\"urlTemplate\":\"https:\/\/www.urlaubcornwall.de\/blog\/?s={search_term_string}\"},\"query-input\":\"required name=search_term_string\"}],\"inLanguage\":\"en-US\"},{\"@type\":\"WebPage\",\"@id\":\"https:\/\/www.urlaubcornwall.de\/blog\/das-st-michaels-mount-die-ikonische-attraktion-in-westcornwall\/\",\"url\":\"https:\/\/www.urlaubcornwall.de\/blog\/das-st-michaels-mount-die-ikonische-attraktion-in-westcornwall\/\",\"name\":\"Das St Michael\u2019s Mount: Die ikonische Attraktion in Westcornwall - Urlaub &amp; Reisen\",\"isPartOf\":{\"@id\":\"https:\/\/www.urlaubcornwall.de\/blog\/#website\"},\"datePublished\":\"2013-02-26T09:43:55+00:00\",\"dateModified\":\"2026-01-06T14:11:16+00:00\",\"breadcrumb\":{\"@id\":\"https:\/\/www.urlaubcornwall.de\/blog\/das-st-michaels-mount-die-ikonische-attraktion-in-westcornwall\/#breadcrumb\"},\"inLanguage\":\"en-US\",\"potentialAction\":[{\"@type\":\"ReadAction\",\"target\":[\"https:\/\/www.urlaubcornwall.de\/blog\/das-st-michaels-mount-die-ikonische-attraktion-in-westcornwall\/\"]}]},{\"@type\":\"BreadcrumbList\",\"@id\":\"https:\/\/www.urlaubcornwall.de\/blog\/das-st-michaels-mount-die-ikonische-attraktion-in-westcornwall\/#breadcrumb\",\"itemListElement\":[{\"@type\":\"ListItem\",\"position\":1,\"name\":\"Home\",\"item\":\"https:\/\/www.urlaubcornwall.de\/blog\/\"},{\"@type\":\"ListItem\",\"position\":2,\"name\":\"Das St Michael\u2019s Mount: Die ikonische Attraktion in Westcornwall\"}]}]}<\/script>\n<!-- \/ Yoast SEO plugin. -->","yoast_head_json":{"title":"Das St Michael\u2019s Mount: Die ikonische Attraktion in Westcornwall - Urlaub &amp; Reisen","robots":{"index":"index","follow":"follow","max-snippet":"max-snippet:-1","max-image-preview":"max-image-preview:large","max-video-preview":"max-video-preview:-1"},"canonical":"https:\/\/www.urlaubcornwall.de\/blog\/das-st-michaels-mount-die-ikonische-attraktion-in-westcornwall\/","og_locale":"en_US","og_type":"article","og_title":"Das St Michael\u2019s Mount: Die ikonische Attraktion in Westcornwall - Urlaub &amp; Reisen","og_description":"Besucherinformation Erkunden Sie die fantastische Insel St Michael\u2019s Mount. Der Abt des in der Normandie gelegenen Mont St Michel lie\u00df die Burg im 12. Jahrhundert als Benediktinerkloster erbauen. Im Mittelalter entwickelte sich das Kloster zu einer beliebten Pilgerst\u00e4tte und noch heute wird die ikonische Felseninsel durch eine mittelalterliche Kirche und Burg gekr\u00f6nt. 1647 wurde Colonel [&hellip;]","og_url":"https:\/\/www.urlaubcornwall.de\/blog\/das-st-michaels-mount-die-ikonische-attraktion-in-westcornwall\/","og_site_name":"Urlaub &amp; Reisen","article_modified_time":"2026-01-06T14:11:16+00:00","og_image":[{"url":"https:\/\/www.urlaubcornwall.de\/blog\/wp-content\/uploads\/2024\/03\/marazion_und-st-michaels-mount-1.jpg"}],"twitter_card":"summary","twitter_misc":{"Est. reading time":"4 minutes"},"schema":{"@context":"https:\/\/schema.org","@graph":[{"@type":"WebSite","@id":"https:\/\/www.urlaubcornwall.de\/blog\/#website","url":"https:\/\/www.urlaubcornwall.de\/blog\/","name":"Urlaub &amp; Reisen","description":"Urlaub, Reisen, Cornwall und S\u00fcdengland: eine perfekte Kombination","potentialAction":[{"@type":"SearchAction","target":{"@type":"EntryPoint","urlTemplate":"https:\/\/www.urlaubcornwall.de\/blog\/?s={search_term_string}"},"query-input":"required name=search_term_string"}],"inLanguage":"en-US"},{"@type":"WebPage","@id":"https:\/\/www.urlaubcornwall.de\/blog\/das-st-michaels-mount-die-ikonische-attraktion-in-westcornwall\/","url":"https:\/\/www.urlaubcornwall.de\/blog\/das-st-michaels-mount-die-ikonische-attraktion-in-westcornwall\/","name":"Das St Michael\u2019s Mount: Die ikonische Attraktion in Westcornwall - Urlaub &amp; Reisen","isPartOf":{"@id":"https:\/\/www.urlaubcornwall.de\/blog\/#website"},"datePublished":"2013-02-26T09:43:55+00:00","dateModified":"2026-01-06T14:11:16+00:00","breadcrumb":{"@id":"https:\/\/www.urlaubcornwall.de\/blog\/das-st-michaels-mount-die-ikonische-attraktion-in-westcornwall\/#breadcrumb"},"inLanguage":"en-US","potentialAction":[{"@type":"ReadAction","target":["https:\/\/www.urlaubcornwall.de\/blog\/das-st-michaels-mount-die-ikonische-attraktion-in-westcornwall\/"]}]},{"@type":"BreadcrumbList","@id":"https:\/\/www.urlaubcornwall.de\/blog\/das-st-michaels-mount-die-ikonische-attraktion-in-westcornwall\/#breadcrumb","itemListElement":[{"@type":"ListItem","position":1,"name":"Home","item":"https:\/\/www.urlaubcornwall.de\/blog\/"},{"@type":"ListItem","position":2,"name":"Das St Michael\u2019s Mount: Die ikonische Attraktion in Westcornwall"}]}]}},"_links":{"self":[{"href":"https:\/\/www.urlaubcornwall.de\/blog\/wp-json\/wp\/v2\/pages\/8109"}],"collection":[{"href":"https:\/\/www.urlaubcornwall.de\/blog\/wp-json\/wp\/v2\/pages"}],"about":[{"href":"https:\/\/www.urlaubcornwall.de\/blog\/wp-json\/wp\/v2\/types\/page"}],"author":[{"embeddable":true,"href":"https:\/\/www.urlaubcornwall.de\/blog\/wp-json\/wp\/v2\/users\/1"}],"replies":[{"embeddable":true,"href":"https:\/\/www.urlaubcornwall.de\/blog\/wp-json\/wp\/v2\/comments?post=8109"}],"version-history":[{"count":51,"href":"https:\/\/www.urlaubcornwall.de\/blog\/wp-json\/wp\/v2\/pages\/8109\/revisions"}],"predecessor-version":[{"id":51962,"href":"https:\/\/www.urlaubcornwall.de\/blog\/wp-json\/wp\/v2\/pages\/8109\/revisions\/51962"}],"wp:attachment":[{"href":"https:\/\/www.urlaubcornwall.de\/blog\/wp-json\/wp\/v2\/media?parent=8109"}],"curies":[{"name":"wp","href":"https:\/\/api.w.org\/{rel}","templated":true}]}}