{"id":8009,"date":"2013-02-22T11:29:36","date_gmt":"2013-02-22T11:29:36","guid":{"rendered":"https:\/\/www.urlaubcornwall.de\/blog\/?page_id=8009"},"modified":"2022-10-25T08:04:40","modified_gmt":"2022-10-25T08:04:40","slug":"familienattraktionen-in-cornwall","status":"publish","type":"page","link":"https:\/\/www.urlaubcornwall.de\/blog\/familienattraktionen-in-cornwall\/","title":{"rendered":"Familienattraktionen in Cornwall"},"content":{"rendered":"<p>Cornwall ist Englands beliebteste Ferienregion und bietet eine breite Auswahl an Orten, die eines Besuches wert sind und Attraktionen f\u00fcr Kinder.<\/p>\n<div class=\"Banner\"><a href=\"https:\/\/www.urlaubcornwall.de\/blog\/adrenalin-quarry-abenteuern-im-freien-und-extremsport-in-cornwall\/\" rel=\"nofollow\"><img title=\"Adrenalin Quarry\" src=\"https:\/\/www.urlaubcornwall.de\/blog\/wp-content\/uploads\/banners\/adrenalin-quarry.jpg\" alt=\"Adrenalin Quarry\" border=\"0\" \/><\/a><\/div>\n<p><a href=\"http:\/\/www.nmmc.co.uk\" target=\"_blank\" rel=\"nofollow noopener\"><img class=\"aligncenter\" style=\"float: left; background-color: #fff; border: none;\" title=\"Maritime Museum\" src=\"http:\/\/urlaubcornwall.de\/urlaub-cornwall-img\/attraction-banners\/nationalmaritime.jpg\" alt=\"familienattraktionen in cornwall\" border=\"0\" \/><\/a><br \/>\n<a href=\"blog\/heartlands-ist-die-groesste-attraktion-mit-freiem-eintritt-in-cornwall\/\" target=\"_blank\" rel=\"noopener\"><img class=\"aligncenter\" style=\"float: left; background-color: #fff; border: none;\" title=\"Heartlands\" src=\"http:\/\/urlaubcornwall.de\/urlaub-cornwall-img\/attraction-banners\/heartlands.jpg\" alt=\"familienattraktionen in cornwall\" border=\"0\" \/><\/a><\/p>\n<div class=\"Banner\"><a href=\"https:\/\/www.urlaubcornwall.de\/blog\/geevor-zinn-bergwerk\/\"><img title=\"Geevor Banner\" src=\"https:\/\/urlaubcornwall.de\/blog\/wp-content\/uploads\/banners\/geevor-tin-mine-museum.jpg\" alt=\"Geevor Banner\" border=\"0\" \/><\/a><\/div>\n<p><a href=\"https:\/\/www.urlaubcornwall.de\/blog\/newquay-zoo-vortreffliche-familienattraktion-in-newquay\/\" target=\"_blank\" rel=\"noopener\"><br \/>\n<img class=\"aligncenter\" style=\"float: left; background-color: #fff; border: none;\" title=\"Newquay Zoo\" src=\"https:\/\/urlaubcornwall.de\/blog\/wp-content\/uploads\/banners\/newquay.png\" alt=\"familienattraktionen in cornwall\" border=\"0\" \/><\/a><br \/>\n<a href=\"http:\/\/www.urlaubcornwall.de\/surfen-cornwall.php\" target=\"_blank\" rel=\"noopener\"><img class=\"aligncenter\" style=\"float: left; border: none;\" title=\"Harlyn Surf School\" src=\"https:\/\/www.urlaubcornwall.de\/blog\/wp-content\/uploads\/banners\/harlyn_surf_school.png\" alt=\"\" border=\"0\" \/><\/a><br \/>\n<a href=\" https:\/\/www.urlaubcornwall.de\/blog\/2013\/02\/die-top-5-familienstraende-in-cornwall\/\"><br \/>\n<img style=\"float: left; background-color: #fff; border: none;\" src=\"https:\/\/urlaubcornwall.de\/blog\/wp-content\/uploads\/banners\/family-beaches-banner_01.jpg\" alt=\"TOP 5 FAMILIENSTR\u00c4NDE IN CORNWALL\" border=\"0\" \/><\/a><\/p>\n<p><a href=\" https:\/\/www.urlaubcornwall.de\/blog\/2013\/02\/die-top-5-familienpicknickplaetze-in-cornwall\/\"><br \/>\n<img style=\"float: left; background-color: #fff; border: none;\" src=\"https:\/\/urlaubcornwall.de\/blog\/wp-content\/uploads\/banners\/family-beaches-banner_02.jpg\" alt=\"DIE TOP 5 FAMILIENPICKNICKPL\u00c4TZE IN CORNWALL\" border=\"0\" \/><\/a><\/p>\n<p><strong>Urlaubsattraktionen f\u00fcr Familien<\/strong><\/p>\n<p>UrlaubCornwall hat seinen Sitz in Cornwall, und wir haben eine pers\u00f6nliche Auswahl unserer beliebtesten Attraktionen, einige davon wohl bekannt, andere jedoch weniger bekannt.<\/p>\n<p>Erleben Sie Aufregung und Nervenkitzel am Adrenalin Quarry oder probieren Sie in der N\u00e4he Padstows an Cornwalls Nordk\u00fcste das Surfen und andere Wassersportm\u00f6glichkeiten aus, wie Coasteering, Kajak fahren und Paddeln. Erleben sie ganz nahe eine Reihe seltener oder bedrohter Tierarten im Zoo Newquays, der friedlich gelegen ist au\u00dferhalb dieser beliebten Stadt.<\/p>\n<p>Falls Sie Falmouth besuchen, so bietet das National Maritime Museum Informationen und unterh\u00e4lt Kinder jeden Alters; ein guter Ort, falls das Wetter nicht so sch\u00f6n ist. Es liegt am Discovery Key am Ufer dieser gesch\u00e4ftigen Stadt mit betriebsamem Hafen.<\/p>\n<p>W\u00e4hrend der Sommermonate zieht es die meisten Familien an die Sandstr\u00e4nde oder vielleicht zu einem Picknick an einem malerischen Ort, um die Vorteile der Natursch\u00f6nheit zu genie\u00dfen, die Cornwall bietet.<\/p>\n","protected":false},"excerpt":{"rendered":"<p>Cornwall ist Englands beliebteste Ferienregion und bietet eine breite Auswahl an Orten, die eines Besuches wert sind und Attraktionen f\u00fcr Kinder. Urlaubsattraktionen f\u00fcr Familien UrlaubCornwall hat seinen Sitz in Cornwall, und wir haben eine pers\u00f6nliche Auswahl unserer beliebtesten Attraktionen, einige davon wohl bekannt, andere jedoch weniger bekannt. Erleben Sie Aufregung und Nervenkitzel am Adrenalin Quarry [&hellip;]<\/p>\n","protected":false},"author":1,"featured_media":0,"parent":0,"menu_order":0,"comment_status":"closed","ping_status":"closed","template":"single-four.php","meta":[],"acf":[],"yoast_head":"<!-- This site is optimized with the Yoast SEO plugin v19.4 - https:\/\/yoast.com\/wordpress\/plugins\/seo\/ -->\n<title>Familienattraktionen in Cornwall - Urlaub &amp; Reisen<\/title>\n<meta name=\"robots\" content=\"index, follow, max-snippet:-1, max-image-preview:large, max-video-preview:-1\" \/>\n<link rel=\"canonical\" href=\"https:\/\/www.urlaubcornwall.de\/blog\/familienattraktionen-in-cornwall\/\" \/>\n<meta property=\"og:locale\" content=\"en_US\" \/>\n<meta property=\"og:type\" content=\"article\" \/>\n<meta property=\"og:title\" content=\"Familienattraktionen in Cornwall - Urlaub &amp; Reisen\" \/>\n<meta property=\"og:description\" content=\"Cornwall ist Englands beliebteste Ferienregion und bietet eine breite Auswahl an Orten, die eines Besuches wert sind und Attraktionen f\u00fcr Kinder. Urlaubsattraktionen f\u00fcr Familien UrlaubCornwall hat seinen Sitz in Cornwall, und wir haben eine pers\u00f6nliche Auswahl unserer beliebtesten Attraktionen, einige davon wohl bekannt, andere jedoch weniger bekannt. Erleben Sie Aufregung und Nervenkitzel am Adrenalin Quarry [&hellip;]\" \/>\n<meta property=\"og:url\" content=\"https:\/\/www.urlaubcornwall.de\/blog\/familienattraktionen-in-cornwall\/\" \/>\n<meta property=\"og:site_name\" content=\"Urlaub &amp; Reisen\" \/>\n<meta property=\"article:modified_time\" content=\"2022-10-25T08:04:40+00:00\" \/>\n<meta property=\"og:image\" content=\"https:\/\/www.urlaubcornwall.de\/blog\/wp-content\/uploads\/banners\/adrenalin-quarry.jpg\" \/>\n<meta name=\"twitter:card\" content=\"summary\" \/>\n<meta name=\"twitter:label1\" content=\"Est. reading time\" \/>\n\t<meta name=\"twitter:data1\" content=\"3 minutes\" \/>\n<script type=\"application\/ld+json\" class=\"yoast-schema-graph\">{\"@context\":\"https:\/\/schema.org\",\"@graph\":[{\"@type\":\"WebSite\",\"@id\":\"https:\/\/www.urlaubcornwall.de\/blog\/#website\",\"url\":\"https:\/\/www.urlaubcornwall.de\/blog\/\",\"name\":\"Urlaub &amp; Reisen\",\"description\":\"Urlaub, Reisen, Cornwall und S\u00fcdengland: eine perfekte Kombination\",\"potentialAction\":[{\"@type\":\"SearchAction\",\"target\":{\"@type\":\"EntryPoint\",\"urlTemplate\":\"https:\/\/www.urlaubcornwall.de\/blog\/?s={search_term_string}\"},\"query-input\":\"required name=search_term_string\"}],\"inLanguage\":\"en-US\"},{\"@type\":\"WebPage\",\"@id\":\"https:\/\/www.urlaubcornwall.de\/blog\/familienattraktionen-in-cornwall\/\",\"url\":\"https:\/\/www.urlaubcornwall.de\/blog\/familienattraktionen-in-cornwall\/\",\"name\":\"Familienattraktionen in Cornwall - Urlaub &amp; Reisen\",\"isPartOf\":{\"@id\":\"https:\/\/www.urlaubcornwall.de\/blog\/#website\"},\"datePublished\":\"2013-02-22T11:29:36+00:00\",\"dateModified\":\"2022-10-25T08:04:40+00:00\",\"breadcrumb\":{\"@id\":\"https:\/\/www.urlaubcornwall.de\/blog\/familienattraktionen-in-cornwall\/#breadcrumb\"},\"inLanguage\":\"en-US\",\"potentialAction\":[{\"@type\":\"ReadAction\",\"target\":[\"https:\/\/www.urlaubcornwall.de\/blog\/familienattraktionen-in-cornwall\/\"]}]},{\"@type\":\"BreadcrumbList\",\"@id\":\"https:\/\/www.urlaubcornwall.de\/blog\/familienattraktionen-in-cornwall\/#breadcrumb\",\"itemListElement\":[{\"@type\":\"ListItem\",\"position\":1,\"name\":\"Home\",\"item\":\"https:\/\/www.urlaubcornwall.de\/blog\/\"},{\"@type\":\"ListItem\",\"position\":2,\"name\":\"Familienattraktionen in Cornwall\"}]}]}<\/script>\n<!-- \/ Yoast SEO plugin. -->","yoast_head_json":{"title":"Familienattraktionen in Cornwall - Urlaub &amp; Reisen","robots":{"index":"index","follow":"follow","max-snippet":"max-snippet:-1","max-image-preview":"max-image-preview:large","max-video-preview":"max-video-preview:-1"},"canonical":"https:\/\/www.urlaubcornwall.de\/blog\/familienattraktionen-in-cornwall\/","og_locale":"en_US","og_type":"article","og_title":"Familienattraktionen in Cornwall - Urlaub &amp; Reisen","og_description":"Cornwall ist Englands beliebteste Ferienregion und bietet eine breite Auswahl an Orten, die eines Besuches wert sind und Attraktionen f\u00fcr Kinder. Urlaubsattraktionen f\u00fcr Familien UrlaubCornwall hat seinen Sitz in Cornwall, und wir haben eine pers\u00f6nliche Auswahl unserer beliebtesten Attraktionen, einige davon wohl bekannt, andere jedoch weniger bekannt. Erleben Sie Aufregung und Nervenkitzel am Adrenalin Quarry [&hellip;]","og_url":"https:\/\/www.urlaubcornwall.de\/blog\/familienattraktionen-in-cornwall\/","og_site_name":"Urlaub &amp; Reisen","article_modified_time":"2022-10-25T08:04:40+00:00","og_image":[{"url":"https:\/\/www.urlaubcornwall.de\/blog\/wp-content\/uploads\/banners\/adrenalin-quarry.jpg"}],"twitter_card":"summary","twitter_misc":{"Est. reading time":"3 minutes"},"schema":{"@context":"https:\/\/schema.org","@graph":[{"@type":"WebSite","@id":"https:\/\/www.urlaubcornwall.de\/blog\/#website","url":"https:\/\/www.urlaubcornwall.de\/blog\/","name":"Urlaub &amp; Reisen","description":"Urlaub, Reisen, Cornwall und S\u00fcdengland: eine perfekte Kombination","potentialAction":[{"@type":"SearchAction","target":{"@type":"EntryPoint","urlTemplate":"https:\/\/www.urlaubcornwall.de\/blog\/?s={search_term_string}"},"query-input":"required name=search_term_string"}],"inLanguage":"en-US"},{"@type":"WebPage","@id":"https:\/\/www.urlaubcornwall.de\/blog\/familienattraktionen-in-cornwall\/","url":"https:\/\/www.urlaubcornwall.de\/blog\/familienattraktionen-in-cornwall\/","name":"Familienattraktionen in Cornwall - Urlaub &amp; Reisen","isPartOf":{"@id":"https:\/\/www.urlaubcornwall.de\/blog\/#website"},"datePublished":"2013-02-22T11:29:36+00:00","dateModified":"2022-10-25T08:04:40+00:00","breadcrumb":{"@id":"https:\/\/www.urlaubcornwall.de\/blog\/familienattraktionen-in-cornwall\/#breadcrumb"},"inLanguage":"en-US","potentialAction":[{"@type":"ReadAction","target":["https:\/\/www.urlaubcornwall.de\/blog\/familienattraktionen-in-cornwall\/"]}]},{"@type":"BreadcrumbList","@id":"https:\/\/www.urlaubcornwall.de\/blog\/familienattraktionen-in-cornwall\/#breadcrumb","itemListElement":[{"@type":"ListItem","position":1,"name":"Home","item":"https:\/\/www.urlaubcornwall.de\/blog\/"},{"@type":"ListItem","position":2,"name":"Familienattraktionen in Cornwall"}]}]}},"_links":{"self":[{"href":"https:\/\/www.urlaubcornwall.de\/blog\/wp-json\/wp\/v2\/pages\/8009"}],"collection":[{"href":"https:\/\/www.urlaubcornwall.de\/blog\/wp-json\/wp\/v2\/pages"}],"about":[{"href":"https:\/\/www.urlaubcornwall.de\/blog\/wp-json\/wp\/v2\/types\/page"}],"author":[{"embeddable":true,"href":"https:\/\/www.urlaubcornwall.de\/blog\/wp-json\/wp\/v2\/users\/1"}],"replies":[{"embeddable":true,"href":"https:\/\/www.urlaubcornwall.de\/blog\/wp-json\/wp\/v2\/comments?post=8009"}],"version-history":[{"count":29,"href":"https:\/\/www.urlaubcornwall.de\/blog\/wp-json\/wp\/v2\/pages\/8009\/revisions"}],"predecessor-version":[{"id":45209,"href":"https:\/\/www.urlaubcornwall.de\/blog\/wp-json\/wp\/v2\/pages\/8009\/revisions\/45209"}],"wp:attachment":[{"href":"https:\/\/www.urlaubcornwall.de\/blog\/wp-json\/wp\/v2\/media?parent=8009"}],"curies":[{"name":"wp","href":"https:\/\/api.w.org\/{rel}","templated":true}]}}