{"id":8005,"date":"2013-02-22T11:14:54","date_gmt":"2013-02-22T11:14:54","guid":{"rendered":"https:\/\/www.urlaubcornwall.de\/blog\/?page_id=8005"},"modified":"2024-09-23T07:46:35","modified_gmt":"2024-09-23T07:46:35","slug":"historische-haeuser-in-cornwall","status":"publish","type":"page","link":"https:\/\/www.urlaubcornwall.de\/blog\/historische-haeuser-in-cornwall\/","title":{"rendered":"Historische H\u00e4user in Cornwall"},"content":{"rendered":"<p><a href=\"https:\/\/www.urlaubcornwall.de\/blog\/wp-content\/uploads\/2024\/04\/trerice-insta-scaled-e1712151135280.jpg\"><img loading=\"lazy\" src=\"https:\/\/www.urlaubcornwall.de\/blog\/wp-content\/uploads\/2024\/04\/trerice-insta-1024x952.jpg\" alt=\"trerice\" width=\"1024\" height=\"952\" class=\"alignnone size-large wp-image-48846\" \/><\/a><\/p>\n<p>Cornwall war einst eine sehr reiche Grafschaft dank seiner aktiven Seefahrts- und Bergbautradition, und so gibt es viele Landh\u00e4user und historische Orte, die noch heute von diesem Reichtum zeugen. Wir erz\u00e4hlen Ihnen interessante Fakten \u00fcber einige dieser Landh\u00e4user und Orte, einige von denen Sie vielleicht schon mal geh\u00f6rt haben werden und empfehlen Ihnen auch die weniger bekannten zu besuchen. H\u00e4user wie Port Eliot, an der Grenze zu Devon, zeichnen sich durch eine lange Geschichte aus, haben eine ungew\u00f6hnliche Kunstsammlung sowie atemberaubende G\u00e4rten und Anlagen.<\/p>\n<p><a href=\"https:\/\/www.urlaubcornwall.de\/blog\/national-trust-historische-haeuser-cornwall-devon\/\">Top 10 National Trust Historische H\u00e4user, die es in Cornwall &#038; Devon zu besuchen gibt<\/a><\/p>\n","protected":false},"excerpt":{"rendered":"<p>Cornwall war einst eine sehr reiche Grafschaft dank seiner aktiven Seefahrts- und Bergbautradition, und so gibt es viele Landh\u00e4user und historische Orte, die noch heute von diesem Reichtum zeugen. Wir erz\u00e4hlen Ihnen interessante Fakten \u00fcber einige dieser Landh\u00e4user und Orte, einige von denen Sie vielleicht schon mal geh\u00f6rt haben werden und empfehlen Ihnen auch die [&hellip;]<\/p>\n","protected":false},"author":1,"featured_media":0,"parent":0,"menu_order":0,"comment_status":"closed","ping_status":"closed","template":"single-four.php","meta":[],"acf":[],"yoast_head":"<!-- This site is optimized with the Yoast SEO plugin v19.4 - https:\/\/yoast.com\/wordpress\/plugins\/seo\/ -->\n<title>Historische H\u00e4user in Cornwall - Urlaub &amp; Reisen<\/title>\n<meta name=\"robots\" content=\"index, follow, max-snippet:-1, max-image-preview:large, max-video-preview:-1\" \/>\n<link rel=\"canonical\" href=\"https:\/\/www.urlaubcornwall.de\/blog\/historische-haeuser-in-cornwall\/\" \/>\n<meta property=\"og:locale\" content=\"en_US\" \/>\n<meta property=\"og:type\" content=\"article\" \/>\n<meta property=\"og:title\" content=\"Historische H\u00e4user in Cornwall - Urlaub &amp; Reisen\" \/>\n<meta property=\"og:description\" content=\"Cornwall war einst eine sehr reiche Grafschaft dank seiner aktiven Seefahrts- und Bergbautradition, und so gibt es viele Landh\u00e4user und historische Orte, die noch heute von diesem Reichtum zeugen. Wir erz\u00e4hlen Ihnen interessante Fakten \u00fcber einige dieser Landh\u00e4user und Orte, einige von denen Sie vielleicht schon mal geh\u00f6rt haben werden und empfehlen Ihnen auch die [&hellip;]\" \/>\n<meta property=\"og:url\" content=\"https:\/\/www.urlaubcornwall.de\/blog\/historische-haeuser-in-cornwall\/\" \/>\n<meta property=\"og:site_name\" content=\"Urlaub &amp; Reisen\" \/>\n<meta property=\"article:modified_time\" content=\"2024-09-23T07:46:35+00:00\" \/>\n<meta property=\"og:image\" content=\"https:\/\/www.urlaubcornwall.de\/blog\/wp-content\/uploads\/2024\/04\/trerice-insta-1024x952.jpg\" \/>\n<meta name=\"twitter:card\" content=\"summary\" \/>\n<meta name=\"twitter:label1\" content=\"Est. reading time\" \/>\n\t<meta name=\"twitter:data1\" content=\"1 minute\" \/>\n<script type=\"application\/ld+json\" class=\"yoast-schema-graph\">{\"@context\":\"https:\/\/schema.org\",\"@graph\":[{\"@type\":\"WebSite\",\"@id\":\"https:\/\/www.urlaubcornwall.de\/blog\/#website\",\"url\":\"https:\/\/www.urlaubcornwall.de\/blog\/\",\"name\":\"Urlaub &amp; Reisen\",\"description\":\"Urlaub, Reisen, Cornwall und S\u00fcdengland: eine perfekte Kombination\",\"potentialAction\":[{\"@type\":\"SearchAction\",\"target\":{\"@type\":\"EntryPoint\",\"urlTemplate\":\"https:\/\/www.urlaubcornwall.de\/blog\/?s={search_term_string}\"},\"query-input\":\"required name=search_term_string\"}],\"inLanguage\":\"en-US\"},{\"@type\":\"WebPage\",\"@id\":\"https:\/\/www.urlaubcornwall.de\/blog\/historische-haeuser-in-cornwall\/\",\"url\":\"https:\/\/www.urlaubcornwall.de\/blog\/historische-haeuser-in-cornwall\/\",\"name\":\"Historische H\u00e4user in Cornwall - Urlaub &amp; Reisen\",\"isPartOf\":{\"@id\":\"https:\/\/www.urlaubcornwall.de\/blog\/#website\"},\"datePublished\":\"2013-02-22T11:14:54+00:00\",\"dateModified\":\"2024-09-23T07:46:35+00:00\",\"breadcrumb\":{\"@id\":\"https:\/\/www.urlaubcornwall.de\/blog\/historische-haeuser-in-cornwall\/#breadcrumb\"},\"inLanguage\":\"en-US\",\"potentialAction\":[{\"@type\":\"ReadAction\",\"target\":[\"https:\/\/www.urlaubcornwall.de\/blog\/historische-haeuser-in-cornwall\/\"]}]},{\"@type\":\"BreadcrumbList\",\"@id\":\"https:\/\/www.urlaubcornwall.de\/blog\/historische-haeuser-in-cornwall\/#breadcrumb\",\"itemListElement\":[{\"@type\":\"ListItem\",\"position\":1,\"name\":\"Home\",\"item\":\"https:\/\/www.urlaubcornwall.de\/blog\/\"},{\"@type\":\"ListItem\",\"position\":2,\"name\":\"Historische H\u00e4user in Cornwall\"}]}]}<\/script>\n<!-- \/ Yoast SEO plugin. -->","yoast_head_json":{"title":"Historische H\u00e4user in Cornwall - Urlaub &amp; Reisen","robots":{"index":"index","follow":"follow","max-snippet":"max-snippet:-1","max-image-preview":"max-image-preview:large","max-video-preview":"max-video-preview:-1"},"canonical":"https:\/\/www.urlaubcornwall.de\/blog\/historische-haeuser-in-cornwall\/","og_locale":"en_US","og_type":"article","og_title":"Historische H\u00e4user in Cornwall - Urlaub &amp; Reisen","og_description":"Cornwall war einst eine sehr reiche Grafschaft dank seiner aktiven Seefahrts- und Bergbautradition, und so gibt es viele Landh\u00e4user und historische Orte, die noch heute von diesem Reichtum zeugen. Wir erz\u00e4hlen Ihnen interessante Fakten \u00fcber einige dieser Landh\u00e4user und Orte, einige von denen Sie vielleicht schon mal geh\u00f6rt haben werden und empfehlen Ihnen auch die [&hellip;]","og_url":"https:\/\/www.urlaubcornwall.de\/blog\/historische-haeuser-in-cornwall\/","og_site_name":"Urlaub &amp; Reisen","article_modified_time":"2024-09-23T07:46:35+00:00","og_image":[{"url":"https:\/\/www.urlaubcornwall.de\/blog\/wp-content\/uploads\/2024\/04\/trerice-insta-1024x952.jpg"}],"twitter_card":"summary","twitter_misc":{"Est. reading time":"1 minute"},"schema":{"@context":"https:\/\/schema.org","@graph":[{"@type":"WebSite","@id":"https:\/\/www.urlaubcornwall.de\/blog\/#website","url":"https:\/\/www.urlaubcornwall.de\/blog\/","name":"Urlaub &amp; Reisen","description":"Urlaub, Reisen, Cornwall und S\u00fcdengland: eine perfekte Kombination","potentialAction":[{"@type":"SearchAction","target":{"@type":"EntryPoint","urlTemplate":"https:\/\/www.urlaubcornwall.de\/blog\/?s={search_term_string}"},"query-input":"required name=search_term_string"}],"inLanguage":"en-US"},{"@type":"WebPage","@id":"https:\/\/www.urlaubcornwall.de\/blog\/historische-haeuser-in-cornwall\/","url":"https:\/\/www.urlaubcornwall.de\/blog\/historische-haeuser-in-cornwall\/","name":"Historische H\u00e4user in Cornwall - Urlaub &amp; Reisen","isPartOf":{"@id":"https:\/\/www.urlaubcornwall.de\/blog\/#website"},"datePublished":"2013-02-22T11:14:54+00:00","dateModified":"2024-09-23T07:46:35+00:00","breadcrumb":{"@id":"https:\/\/www.urlaubcornwall.de\/blog\/historische-haeuser-in-cornwall\/#breadcrumb"},"inLanguage":"en-US","potentialAction":[{"@type":"ReadAction","target":["https:\/\/www.urlaubcornwall.de\/blog\/historische-haeuser-in-cornwall\/"]}]},{"@type":"BreadcrumbList","@id":"https:\/\/www.urlaubcornwall.de\/blog\/historische-haeuser-in-cornwall\/#breadcrumb","itemListElement":[{"@type":"ListItem","position":1,"name":"Home","item":"https:\/\/www.urlaubcornwall.de\/blog\/"},{"@type":"ListItem","position":2,"name":"Historische H\u00e4user in Cornwall"}]}]}},"_links":{"self":[{"href":"https:\/\/www.urlaubcornwall.de\/blog\/wp-json\/wp\/v2\/pages\/8005"}],"collection":[{"href":"https:\/\/www.urlaubcornwall.de\/blog\/wp-json\/wp\/v2\/pages"}],"about":[{"href":"https:\/\/www.urlaubcornwall.de\/blog\/wp-json\/wp\/v2\/types\/page"}],"author":[{"embeddable":true,"href":"https:\/\/www.urlaubcornwall.de\/blog\/wp-json\/wp\/v2\/users\/1"}],"replies":[{"embeddable":true,"href":"https:\/\/www.urlaubcornwall.de\/blog\/wp-json\/wp\/v2\/comments?post=8005"}],"version-history":[{"count":13,"href":"https:\/\/www.urlaubcornwall.de\/blog\/wp-json\/wp\/v2\/pages\/8005\/revisions"}],"predecessor-version":[{"id":51565,"href":"https:\/\/www.urlaubcornwall.de\/blog\/wp-json\/wp\/v2\/pages\/8005\/revisions\/51565"}],"wp:attachment":[{"href":"https:\/\/www.urlaubcornwall.de\/blog\/wp-json\/wp\/v2\/media?parent=8005"}],"curies":[{"name":"wp","href":"https:\/\/api.w.org\/{rel}","templated":true}]}}