{"id":7866,"date":"2013-02-14T16:23:18","date_gmt":"2013-02-14T16:23:18","guid":{"rendered":"https:\/\/www.urlaubcornwall.de\/blog\/?page_id=7866"},"modified":"2020-02-11T11:29:00","modified_gmt":"2020-02-11T11:29:00","slug":"luxus-ferienhaus-fuer-2-personen-fowey-suedkueste-cornwall","status":"publish","type":"page","link":"https:\/\/www.urlaubcornwall.de\/blog\/luxus-ferienhaus-fuer-2-personen-fowey-suedkueste-cornwall\/","title":{"rendered":"Luxus Ferienhaus f\u00fcr 2 Personen &#8211; Fowey, S\u00fcdk\u00fcste Cornwall"},"content":{"rendered":"<p><strong>Sea Room<\/strong> at Ropehawn &#8211; Luxus-Unterkunft am Meer Fowey <\/p>\n<p>Preise von \u00a3898 f\u00fcr ein langes Wochenende im Winter bis zu \u00a31851 f\u00fcr eine Woche im Sommer.<\/p>\n<p><strong>Details<\/strong><\/p>\n<ul>\n<li>Entspannt: Speisen im Freien mit Meerblick<\/li>\n<li>Romantisches Ferienhaus: der ideale Ort f\u00fcr Ihre Flitterwochen<\/li>\n<li>Gem\u00fctlich zur\u00fcckziehen: Holz\u00f6fen<\/li>\n<li>Perfekte Lage: nur einen Katzensprung vom Strand<\/li>\n<\/ul>\n<p>Das <strong>Sea Room in Fowey<\/strong><a href=\"https:\/\/www.boutique-retreats.co.uk?utm_referral=urlaubcornwall.de\"rel=\"sponsored\"><\/a> ist so nah am Wasser gelegen, dass es nur \u00fcber einen Fu\u00dfweg oder mit einem Boot erreichbar ist. Es ist das perfekte Luxus-Retreat, um sich der Au\u00dfenwelt zu entziehen, ein wahrhaft romantischer Zufluchtsort. Ein makelloses umgebautes Bootshaus direkt am Rande der Bucht gelegen, stilvoll mit einem Hauch von Deluxe.<\/p>\n<p>Es k\u00f6nnte glatt einem Roman von Daphne du Maurier entsprungen sein. Dieses makellos renovierte Bootshaus liegt am Rande der Bucht von St Austell mit direktem Blick hinaus aufs Meer in Richtung Fowey. Raumhohe Fenstert\u00fcren an der Vorderseite bilden den Eingangsbereich des Sea Rooms, in dem Sie ein Wohnzimmer vorfinden werden, das speziell angelegt wurde, um die atemberaubende Aussicht auf die zerkl\u00fcftete Bucht vollst\u00e4ndig auszukosten. Die W\u00e4nde des offenen Wohnbereichs sind mit vollgestapelten B\u00fccherregalen geschm\u00fcckt, aber auch moderner Komfort wie &nbsp;Fernseher, DVD-Player und WLAN steht f\u00fcr Sie zur Verf\u00fcgung. N\u00fctzlicher Nippes wie Ferngl\u00e4ser und Taschenlampen liegt f\u00fcr Sie bereit. Es gibt einen gro\u00dfen Holzofen f\u00fcr Abende mit st\u00fcrmischem Wetter oder an milden und gl\u00fchend hei\u00dfen Tagen k\u00f6nnen Sie die auf Ihre private Terrasse f\u00fchrenden Verandat\u00fcren weit \u00f6ffnen und die frische salzige Meeresluft hineinstr\u00f6men lassen.<\/p>\n<p><strong>Essbereich<\/strong><\/p>\n<p>Die in einer Ecke des offenen Wohnbereichs versteckte K\u00fcche ist ma\u00dfgeschneidert und vollst\u00e4ndig ausgestattet mit Haushaltsger\u00e4ten der Spitzenklasse und einem separaten Gasherd. Drau\u00dfen gibt es eine angrenzende Stiefelkammer mit Waschmaschine und W\u00e4schetrockner, sowie Platz, um ihre Badeanz\u00fcge zum Trocknen aufzuh\u00e4ngen.<\/p>\n<p><strong>Schlafbereich<\/strong><\/p>\n<p>Das Schlafzimmer ist auf dem Hochparterre gelegen und kostet so den Meerblick vollst\u00e4ndig aus. Es wurde unter den Dachsparren eingebaut und vom gro\u00dfen Doppelbett k\u00f6nnen Sie die Aussicht \u00fcber die Bucht genie\u00dfen. Das Schlafzimmer verf\u00fcgt zudem \u00fcber ein eigenes Bad.<\/p>\n<p><strong>Badezimmer<\/strong><\/p>\n<p>Das Badezimmer mit offener Dusche (Nasszelle) macht das Meiste aus seinen nautischen klaren Linien. Das WC befindet sich abgetrennt auf der linken Seite. Die Badezimmert\u00fcren f\u00fchren direkt auf ein tiefes Waschbecken mit Blick aufs Meer. Der Raum ist mit einer Power-Dusche ausgestattet, damit Sie sich ganz bequem das Salzwasser abbrausen k\u00f6nnen.<\/p>\n<p><strong>Garten<\/strong><\/p>\n<p>An der Vorderseite des Anwesens hat das Sea Room einen privaten Hof mit Blick aufs Meer, es ist das perfekte Fleckchen, um im Freien zu fr\u00fchst\u00fccken oder am Abend zu grillen. Bei Ebbe hat das Sea Room seinen eigenen privaten Kiesstrand. Das Meer ist eine Erweiterung Ihres Gartens. Stellen Sie sich vor, direkt von Ihrem Ferienhaus aus ins Kanu zu steigen und auf der Suche nach versteckten Str\u00e4nden und geheimen Buchten das Wasser zu \u00fcberqueren.<\/p>\n<p><strong>Parken<\/strong><\/p>\n<p>Die bei Weitem sch\u00f6nste Weise, diese Luxusunterkunft zu erreichen, ist mit dem Boot. Das Sea Room besitzt eine private Anlegestelle, die Ihnen zu Ihrer pers\u00f6nlichen Verwendung zur Verf\u00fcgung steht. Wenn Sie mit dem Auto anreisen, steht Ihnen ein privater Pkw-Stellplatz zur Verf\u00fcgung. Beachten Sie bitte, dass zwischen dem Parkplatz und Ihrem Ferienhaus ein Wald des Cornwall Wildlife Trust liegt&nbsp;und ein kurzer aber steiler Fu\u00dfweg zu Ihrer Unterkunft f\u00fchrt. Wir k\u00f6nnen arrangieren, dass jemand Sie abholt und Sie mitsamt Ihrem Gep\u00e4ck zum Sea Room begleitet. Wenn Sie sp\u00e4t anreisen, sind festes Schuhwerk und Taschenlampen ein Muss. Leistungsstarke Taschenlampen liegen im Sea Room f\u00fcr Sie bereit.<\/p>\n<p><strong>M\u00f6chten Sie alle atemberaubende Unterk\u00fcnfte sehen, die Boutique Retreats zu bieten hat? <\/strong><\/p>\n<p><strong><a href=\"https:\/\/www.boutique-retreats.co.uk?utm_referral=urlaubcornwall.de\"  rel=\"sponsored\"><span style=\"text-decoration: underline;\">Klicken Sie hier<\/span>&gt;&gt;<\/a><\/strong><\/p>\n","protected":false},"excerpt":{"rendered":"<p>Sea Room at Ropehawn &#8211; Luxus-Unterkunft am Meer Fowey Preise von \u00a3898 f\u00fcr ein langes Wochenende im Winter bis zu \u00a31851 f\u00fcr eine Woche im Sommer. Details Entspannt: Speisen im Freien mit Meerblick Romantisches Ferienhaus: der ideale Ort f\u00fcr Ihre Flitterwochen Gem\u00fctlich zur\u00fcckziehen: Holz\u00f6fen Perfekte Lage: nur einen Katzensprung vom Strand Das Sea Room in [&hellip;]<\/p>\n","protected":false},"author":1,"featured_media":0,"parent":0,"menu_order":0,"comment_status":"closed","ping_status":"closed","template":"single-two.php","meta":[],"acf":[],"yoast_head":"<!-- This site is optimized with the Yoast SEO plugin v19.4 - https:\/\/yoast.com\/wordpress\/plugins\/seo\/ -->\n<title>Luxus Ferienhaus f\u00fcr 2 Personen - Fowey, S\u00fcdk\u00fcste Cornwall - Urlaub &amp; Reisen<\/title>\n<meta name=\"robots\" content=\"index, follow, max-snippet:-1, max-image-preview:large, max-video-preview:-1\" \/>\n<link rel=\"canonical\" href=\"https:\/\/www.urlaubcornwall.de\/blog\/luxus-ferienhaus-fuer-2-personen-fowey-suedkueste-cornwall\/\" \/>\n<meta property=\"og:locale\" content=\"en_US\" \/>\n<meta property=\"og:type\" content=\"article\" \/>\n<meta property=\"og:title\" content=\"Luxus Ferienhaus f\u00fcr 2 Personen - Fowey, S\u00fcdk\u00fcste Cornwall - Urlaub &amp; Reisen\" \/>\n<meta property=\"og:description\" content=\"Sea Room at Ropehawn &#8211; Luxus-Unterkunft am Meer Fowey Preise von \u00a3898 f\u00fcr ein langes Wochenende im Winter bis zu \u00a31851 f\u00fcr eine Woche im Sommer. Details Entspannt: Speisen im Freien mit Meerblick Romantisches Ferienhaus: der ideale Ort f\u00fcr Ihre Flitterwochen Gem\u00fctlich zur\u00fcckziehen: Holz\u00f6fen Perfekte Lage: nur einen Katzensprung vom Strand Das Sea Room in [&hellip;]\" \/>\n<meta property=\"og:url\" content=\"https:\/\/www.urlaubcornwall.de\/blog\/luxus-ferienhaus-fuer-2-personen-fowey-suedkueste-cornwall\/\" \/>\n<meta property=\"og:site_name\" content=\"Urlaub &amp; Reisen\" \/>\n<meta property=\"article:modified_time\" content=\"2020-02-11T11:29:00+00:00\" \/>\n<meta name=\"twitter:card\" content=\"summary\" \/>\n<meta name=\"twitter:label1\" content=\"Est. reading time\" \/>\n\t<meta name=\"twitter:data1\" content=\"3 minutes\" \/>\n<script type=\"application\/ld+json\" class=\"yoast-schema-graph\">{\"@context\":\"https:\/\/schema.org\",\"@graph\":[{\"@type\":\"WebSite\",\"@id\":\"https:\/\/www.urlaubcornwall.de\/blog\/#website\",\"url\":\"https:\/\/www.urlaubcornwall.de\/blog\/\",\"name\":\"Urlaub &amp; Reisen\",\"description\":\"Urlaub, Reisen, Cornwall und S\u00fcdengland: eine perfekte Kombination\",\"potentialAction\":[{\"@type\":\"SearchAction\",\"target\":{\"@type\":\"EntryPoint\",\"urlTemplate\":\"https:\/\/www.urlaubcornwall.de\/blog\/?s={search_term_string}\"},\"query-input\":\"required name=search_term_string\"}],\"inLanguage\":\"en-US\"},{\"@type\":\"WebPage\",\"@id\":\"https:\/\/www.urlaubcornwall.de\/blog\/luxus-ferienhaus-fuer-2-personen-fowey-suedkueste-cornwall\/\",\"url\":\"https:\/\/www.urlaubcornwall.de\/blog\/luxus-ferienhaus-fuer-2-personen-fowey-suedkueste-cornwall\/\",\"name\":\"Luxus Ferienhaus f\u00fcr 2 Personen - Fowey, S\u00fcdk\u00fcste Cornwall - Urlaub &amp; Reisen\",\"isPartOf\":{\"@id\":\"https:\/\/www.urlaubcornwall.de\/blog\/#website\"},\"datePublished\":\"2013-02-14T16:23:18+00:00\",\"dateModified\":\"2020-02-11T11:29:00+00:00\",\"breadcrumb\":{\"@id\":\"https:\/\/www.urlaubcornwall.de\/blog\/luxus-ferienhaus-fuer-2-personen-fowey-suedkueste-cornwall\/#breadcrumb\"},\"inLanguage\":\"en-US\",\"potentialAction\":[{\"@type\":\"ReadAction\",\"target\":[\"https:\/\/www.urlaubcornwall.de\/blog\/luxus-ferienhaus-fuer-2-personen-fowey-suedkueste-cornwall\/\"]}]},{\"@type\":\"BreadcrumbList\",\"@id\":\"https:\/\/www.urlaubcornwall.de\/blog\/luxus-ferienhaus-fuer-2-personen-fowey-suedkueste-cornwall\/#breadcrumb\",\"itemListElement\":[{\"@type\":\"ListItem\",\"position\":1,\"name\":\"Home\",\"item\":\"https:\/\/www.urlaubcornwall.de\/blog\/\"},{\"@type\":\"ListItem\",\"position\":2,\"name\":\"Luxus Ferienhaus f\u00fcr 2 Personen &#8211; Fowey, S\u00fcdk\u00fcste Cornwall\"}]}]}<\/script>\n<!-- \/ Yoast SEO plugin. -->","yoast_head_json":{"title":"Luxus Ferienhaus f\u00fcr 2 Personen - Fowey, S\u00fcdk\u00fcste Cornwall - Urlaub &amp; Reisen","robots":{"index":"index","follow":"follow","max-snippet":"max-snippet:-1","max-image-preview":"max-image-preview:large","max-video-preview":"max-video-preview:-1"},"canonical":"https:\/\/www.urlaubcornwall.de\/blog\/luxus-ferienhaus-fuer-2-personen-fowey-suedkueste-cornwall\/","og_locale":"en_US","og_type":"article","og_title":"Luxus Ferienhaus f\u00fcr 2 Personen - Fowey, S\u00fcdk\u00fcste Cornwall - Urlaub &amp; Reisen","og_description":"Sea Room at Ropehawn &#8211; Luxus-Unterkunft am Meer Fowey Preise von \u00a3898 f\u00fcr ein langes Wochenende im Winter bis zu \u00a31851 f\u00fcr eine Woche im Sommer. Details Entspannt: Speisen im Freien mit Meerblick Romantisches Ferienhaus: der ideale Ort f\u00fcr Ihre Flitterwochen Gem\u00fctlich zur\u00fcckziehen: Holz\u00f6fen Perfekte Lage: nur einen Katzensprung vom Strand Das Sea Room in [&hellip;]","og_url":"https:\/\/www.urlaubcornwall.de\/blog\/luxus-ferienhaus-fuer-2-personen-fowey-suedkueste-cornwall\/","og_site_name":"Urlaub &amp; Reisen","article_modified_time":"2020-02-11T11:29:00+00:00","twitter_card":"summary","twitter_misc":{"Est. reading time":"3 minutes"},"schema":{"@context":"https:\/\/schema.org","@graph":[{"@type":"WebSite","@id":"https:\/\/www.urlaubcornwall.de\/blog\/#website","url":"https:\/\/www.urlaubcornwall.de\/blog\/","name":"Urlaub &amp; Reisen","description":"Urlaub, Reisen, Cornwall und S\u00fcdengland: eine perfekte Kombination","potentialAction":[{"@type":"SearchAction","target":{"@type":"EntryPoint","urlTemplate":"https:\/\/www.urlaubcornwall.de\/blog\/?s={search_term_string}"},"query-input":"required name=search_term_string"}],"inLanguage":"en-US"},{"@type":"WebPage","@id":"https:\/\/www.urlaubcornwall.de\/blog\/luxus-ferienhaus-fuer-2-personen-fowey-suedkueste-cornwall\/","url":"https:\/\/www.urlaubcornwall.de\/blog\/luxus-ferienhaus-fuer-2-personen-fowey-suedkueste-cornwall\/","name":"Luxus Ferienhaus f\u00fcr 2 Personen - Fowey, S\u00fcdk\u00fcste Cornwall - Urlaub &amp; Reisen","isPartOf":{"@id":"https:\/\/www.urlaubcornwall.de\/blog\/#website"},"datePublished":"2013-02-14T16:23:18+00:00","dateModified":"2020-02-11T11:29:00+00:00","breadcrumb":{"@id":"https:\/\/www.urlaubcornwall.de\/blog\/luxus-ferienhaus-fuer-2-personen-fowey-suedkueste-cornwall\/#breadcrumb"},"inLanguage":"en-US","potentialAction":[{"@type":"ReadAction","target":["https:\/\/www.urlaubcornwall.de\/blog\/luxus-ferienhaus-fuer-2-personen-fowey-suedkueste-cornwall\/"]}]},{"@type":"BreadcrumbList","@id":"https:\/\/www.urlaubcornwall.de\/blog\/luxus-ferienhaus-fuer-2-personen-fowey-suedkueste-cornwall\/#breadcrumb","itemListElement":[{"@type":"ListItem","position":1,"name":"Home","item":"https:\/\/www.urlaubcornwall.de\/blog\/"},{"@type":"ListItem","position":2,"name":"Luxus Ferienhaus f\u00fcr 2 Personen &#8211; Fowey, S\u00fcdk\u00fcste Cornwall"}]}]}},"_links":{"self":[{"href":"https:\/\/www.urlaubcornwall.de\/blog\/wp-json\/wp\/v2\/pages\/7866"}],"collection":[{"href":"https:\/\/www.urlaubcornwall.de\/blog\/wp-json\/wp\/v2\/pages"}],"about":[{"href":"https:\/\/www.urlaubcornwall.de\/blog\/wp-json\/wp\/v2\/types\/page"}],"author":[{"embeddable":true,"href":"https:\/\/www.urlaubcornwall.de\/blog\/wp-json\/wp\/v2\/users\/1"}],"replies":[{"embeddable":true,"href":"https:\/\/www.urlaubcornwall.de\/blog\/wp-json\/wp\/v2\/comments?post=7866"}],"version-history":[{"count":20,"href":"https:\/\/www.urlaubcornwall.de\/blog\/wp-json\/wp\/v2\/pages\/7866\/revisions"}],"predecessor-version":[{"id":39434,"href":"https:\/\/www.urlaubcornwall.de\/blog\/wp-json\/wp\/v2\/pages\/7866\/revisions\/39434"}],"wp:attachment":[{"href":"https:\/\/www.urlaubcornwall.de\/blog\/wp-json\/wp\/v2\/media?parent=7866"}],"curies":[{"name":"wp","href":"https:\/\/api.w.org\/{rel}","templated":true}]}}