{"id":7832,"date":"2013-02-14T16:00:40","date_gmt":"2013-02-14T16:00:40","guid":{"rendered":"https:\/\/www.urlaubcornwall.de\/blog\/?page_id=7832"},"modified":"2020-02-11T10:49:54","modified_gmt":"2020-02-11T10:49:54","slug":"luxus-ferienhaus-fuer-4-personen-st-agnes-nord-cornwall","status":"publish","type":"page","link":"https:\/\/www.urlaubcornwall.de\/blog\/luxus-ferienhaus-fuer-4-personen-st-agnes-nord-cornwall\/","title":{"rendered":"Luxus-Ferienhaus f\u00fcr 4 Personen &#8211; St Agnes, Nord Cornwall"},"content":{"rendered":"<p>Luxus-Unterkunft am Meer, St Agnes Nord Cornwall &#8211; <a href=\"https:\/\/www.boutique-retreats.co.uk?utm_referral=urlaubcornwall.de\" rel=\"nofollow\"\"><strong>Sea Thatch Cottage<\/strong> f\u00fcr bis zu 4 Personen<\/a><\/p>\n<p>Preise von \u00a3540 f\u00fcr ein langes Wochenende im Winter bis zu \u00a31500 f\u00fcr eine Woche im Sommer.<\/p>\n<p><strong>Details<\/strong><\/p>\n<ul>\n<li>Entspannend: Speisen im Freien<\/li>\n<li>Hundefreundlich: Haustiere willkommen<\/li>\n<li>Perfekte Lage: nur einen Katzensprung vom Meer entfernt<\/li>\n<li>Privatkoch: Catering vor Ort erh\u00e4ltlich<\/li>\n<li>Stilvoll: makelloser Luxus<\/li>\n<\/ul>\n<p>Das Sea Thatch ist durch und durch kornisch. Dieses luxuri\u00f6se Ferienhaus aus Naturstein datiert aus dem 16. Jahrhundert und liegt in einem pr\u00e4chtigen privaten Garten. Es ist voller Antiquit\u00e4ten und gro\u00dfz\u00fcgig mit allem modernen Komfort ausgestattet.<\/p>\n<p><strong>Wohnbereich<\/strong><\/p>\n<p>Treten Sie in den offenen Wohnbereich ein, sp\u00fcren Sie die W\u00e4rme des beheizten Steinfu\u00dfbodens unter Ihren F\u00fc\u00dfen und lassen Sie den Alltag hinter sich. Am einen Ende des Zimmers befinden sich ein Kaminofen, luxuri\u00f6s weiche Ledersofas und antike St\u00fchle, am anderen Ende steht der Esstisch aus franz\u00f6sischer Eiche mit bequemen St\u00fchlen. B\u00fccher sind in H\u00fclle und F\u00fclle vorhanden. Es gibt einen gro\u00dfen Fernseher (mit Apple TV-Option), einen BluRay\/DVD-Player und eine Hochgeschwindigkeits-Internetverbindung mit starkem WLAN-Signal im ganzen Haus. Machen Sie es sich nach einem Tag am Strand, Sonnenbaden und Surfen gem\u00fctlich oder veranstalten Sie eine Dinnerparty in Ihrem zweiten Zuhause.<\/p>\n<p><strong>Essbereich<\/strong><\/p>\n<p>Die K\u00fcche ist vom Wohnbereich getrennt und wurde handgefertigt, damit sie in dieses sehr alte H\u00e4uschen passt. Arbeitsfl\u00e4chen aus Marmor, erstklassige Haushaltsger\u00e4te und vollst\u00e4ndig ausgestattet mit einem K\u00fchlschrank der Marke Smeg, einer Geschirrsp\u00fclmaschine und einem Everhot-Backofen. In der K\u00fcche befindet sich au\u00dferdem ein runder Esstisch f\u00fcr 4 Personen.<\/p>\n<p>Wenn Ihnen w\u00e4hrend Ihres Urlaubs nicht nach Kochen zumute ist oder Sie sich eine besondere Freude machen m\u00f6chten, dann k\u00f6nnen Sie unseren Privatkoch buchen, der Ihnen im Voraus ein leckeres Essen zaubert, eine gr\u00f6\u00dfere Dinnerparty im Sea Thatch f\u00fcr Sie ausrichtet oder Sie auf eine kulinarische Einkaufstour mitnimmt f\u00fcr das allerbeste Grillerlebnis am Strand.<\/p>\n<p><strong>Schlafbereich<\/strong><\/p>\n<p>Das Sea Thatch verf\u00fcgt \u00fcber zwei Schlafzimmer, das Hauptschlafzimmer mit einem hervorragenden und extragro\u00dfen Doppelbett (Super-Kingsize) und das zweite Schlafzimmer mit zwei Einzelbetten. Was einst das mittlere dritte Schlafzimmer war, dient heute als der Ankleideraum der beiden gr\u00f6\u00dferen Schlafzimmer, eignet sich aber auch hervorragend f\u00fcr ein kleines Kind oder Baby in einem Kinderreisebett.<\/p>\n<p><strong>Badezimmer<\/strong><\/p>\n<p>Das Badezimmer befindet sich im Erdgeschoss und ist ein gro\u00dfer, im \u201eSeaside Chic\u201c-Stil eingerichteter Raum mit einer Badewanne und einer elektrischen Power-Dusche. Auch der Steinfu\u00dfboden ist beheizt und es gibt zwei Handtuchhalter, damit Ihre Handt\u00fccher gut trocknen k\u00f6nnen!<\/p>\n<p><strong>Garten<\/strong><\/p>\n<p>Das Sea Thatch ist ein freistehendes Anwesen mit einem umlaufenden Garten, geheimen Mauern mit Ecken und Winkeln. Der Garten wird w\u00f6chentlich gepflegt, sodass er immer instand gehalten ist und es gibt zudem einen gro\u00dfen Esstisch mit St\u00fchlen \u2013 ideal, um im Freien zu speisen.<\/p>\n<p><strong>Parken<\/strong><\/p>\n<p>Das Sea Thatch bietet einen privaten Parkplatz f\u00fcr ein gr\u00f6\u00dferes Auto. Wenn Sie mit einem zweiten Auto anreisen m\u00f6chten, lassen Sie es uns einfach wissen, damit wir f\u00fcr Sie nebenan eine zus\u00e4tzliche Parkm\u00f6glichkeit arrangieren k\u00f6nnen.<\/p>\n<p><a href=\" https:\/\/www.boutique-retreats.co.uk?utm_referral=urlaubcornwall.de\" rel=\"nofollow\" rel=\"nofollow\"><span style=\"text-decoration: underline;\"><strong>Pr\u00fcfen Sie die Verf\u00fcgbarkeit mit Boutique Retreats<\/strong><\/span><strong>&gt;&gt;<\/strong><\/a><\/p>\n<p><strong>M\u00f6chten Sie alle atemberaubende Unterk\u00fcnfte sehen, die Boutique Retreats zu bieten hat? <\/strong><\/p>\n<p><strong><a href=\"https:\/\/www.boutique-retreats.co.uk?utm_referral=urlaubcornwall.de\" rel=\"nofollow\"><span style=\"text-decoration: underline;\">Klicken Sie hier<\/span>&gt;&gt;<\/a><\/strong><\/p>\n","protected":false},"excerpt":{"rendered":"<p>Luxus-Unterkunft am Meer, St Agnes Nord Cornwall &#8211;<\/p>\n","protected":false},"author":1,"featured_media":0,"parent":0,"menu_order":0,"comment_status":"closed","ping_status":"closed","template":"single-two.php","meta":[],"acf":[],"yoast_head":"<!-- This site is optimized with the Yoast SEO plugin v19.4 - https:\/\/yoast.com\/wordpress\/plugins\/seo\/ -->\n<title>Luxus-Ferienhaus f\u00fcr 4 Personen - St Agnes, Nord Cornwall - Urlaub &amp; Reisen<\/title>\n<meta name=\"robots\" content=\"index, follow, max-snippet:-1, max-image-preview:large, max-video-preview:-1\" \/>\n<link rel=\"canonical\" href=\"https:\/\/www.urlaubcornwall.de\/blog\/luxus-ferienhaus-fuer-4-personen-st-agnes-nord-cornwall\/\" \/>\n<meta property=\"og:locale\" content=\"en_US\" \/>\n<meta property=\"og:type\" content=\"article\" \/>\n<meta property=\"og:title\" content=\"Luxus-Ferienhaus f\u00fcr 4 Personen - St Agnes, Nord Cornwall - Urlaub &amp; Reisen\" \/>\n<meta property=\"og:description\" content=\"Luxus-Unterkunft am Meer, St Agnes Nord Cornwall &#8211;\" \/>\n<meta property=\"og:url\" content=\"https:\/\/www.urlaubcornwall.de\/blog\/luxus-ferienhaus-fuer-4-personen-st-agnes-nord-cornwall\/\" \/>\n<meta property=\"og:site_name\" content=\"Urlaub &amp; Reisen\" \/>\n<meta property=\"article:modified_time\" content=\"2020-02-11T10:49:54+00:00\" \/>\n<meta name=\"twitter:card\" content=\"summary\" \/>\n<script type=\"application\/ld+json\" class=\"yoast-schema-graph\">{\"@context\":\"https:\/\/schema.org\",\"@graph\":[{\"@type\":\"WebSite\",\"@id\":\"https:\/\/www.urlaubcornwall.de\/blog\/#website\",\"url\":\"https:\/\/www.urlaubcornwall.de\/blog\/\",\"name\":\"Urlaub &amp; Reisen\",\"description\":\"Urlaub, Reisen, Cornwall und S\u00fcdengland: eine perfekte Kombination\",\"potentialAction\":[{\"@type\":\"SearchAction\",\"target\":{\"@type\":\"EntryPoint\",\"urlTemplate\":\"https:\/\/www.urlaubcornwall.de\/blog\/?s={search_term_string}\"},\"query-input\":\"required name=search_term_string\"}],\"inLanguage\":\"en-US\"},{\"@type\":\"WebPage\",\"@id\":\"https:\/\/www.urlaubcornwall.de\/blog\/luxus-ferienhaus-fuer-4-personen-st-agnes-nord-cornwall\/\",\"url\":\"https:\/\/www.urlaubcornwall.de\/blog\/luxus-ferienhaus-fuer-4-personen-st-agnes-nord-cornwall\/\",\"name\":\"Luxus-Ferienhaus f\u00fcr 4 Personen - St Agnes, Nord Cornwall - Urlaub &amp; Reisen\",\"isPartOf\":{\"@id\":\"https:\/\/www.urlaubcornwall.de\/blog\/#website\"},\"datePublished\":\"2013-02-14T16:00:40+00:00\",\"dateModified\":\"2020-02-11T10:49:54+00:00\",\"breadcrumb\":{\"@id\":\"https:\/\/www.urlaubcornwall.de\/blog\/luxus-ferienhaus-fuer-4-personen-st-agnes-nord-cornwall\/#breadcrumb\"},\"inLanguage\":\"en-US\",\"potentialAction\":[{\"@type\":\"ReadAction\",\"target\":[\"https:\/\/www.urlaubcornwall.de\/blog\/luxus-ferienhaus-fuer-4-personen-st-agnes-nord-cornwall\/\"]}]},{\"@type\":\"BreadcrumbList\",\"@id\":\"https:\/\/www.urlaubcornwall.de\/blog\/luxus-ferienhaus-fuer-4-personen-st-agnes-nord-cornwall\/#breadcrumb\",\"itemListElement\":[{\"@type\":\"ListItem\",\"position\":1,\"name\":\"Home\",\"item\":\"https:\/\/www.urlaubcornwall.de\/blog\/\"},{\"@type\":\"ListItem\",\"position\":2,\"name\":\"Luxus-Ferienhaus f\u00fcr 4 Personen &#8211; St Agnes, Nord Cornwall\"}]}]}<\/script>\n<!-- \/ Yoast SEO plugin. -->","yoast_head_json":{"title":"Luxus-Ferienhaus f\u00fcr 4 Personen - St Agnes, Nord Cornwall - Urlaub &amp; Reisen","robots":{"index":"index","follow":"follow","max-snippet":"max-snippet:-1","max-image-preview":"max-image-preview:large","max-video-preview":"max-video-preview:-1"},"canonical":"https:\/\/www.urlaubcornwall.de\/blog\/luxus-ferienhaus-fuer-4-personen-st-agnes-nord-cornwall\/","og_locale":"en_US","og_type":"article","og_title":"Luxus-Ferienhaus f\u00fcr 4 Personen - St Agnes, Nord Cornwall - Urlaub &amp; Reisen","og_description":"Luxus-Unterkunft am Meer, St Agnes Nord Cornwall &#8211;","og_url":"https:\/\/www.urlaubcornwall.de\/blog\/luxus-ferienhaus-fuer-4-personen-st-agnes-nord-cornwall\/","og_site_name":"Urlaub &amp; Reisen","article_modified_time":"2020-02-11T10:49:54+00:00","twitter_card":"summary","schema":{"@context":"https:\/\/schema.org","@graph":[{"@type":"WebSite","@id":"https:\/\/www.urlaubcornwall.de\/blog\/#website","url":"https:\/\/www.urlaubcornwall.de\/blog\/","name":"Urlaub &amp; Reisen","description":"Urlaub, Reisen, Cornwall und S\u00fcdengland: eine perfekte Kombination","potentialAction":[{"@type":"SearchAction","target":{"@type":"EntryPoint","urlTemplate":"https:\/\/www.urlaubcornwall.de\/blog\/?s={search_term_string}"},"query-input":"required name=search_term_string"}],"inLanguage":"en-US"},{"@type":"WebPage","@id":"https:\/\/www.urlaubcornwall.de\/blog\/luxus-ferienhaus-fuer-4-personen-st-agnes-nord-cornwall\/","url":"https:\/\/www.urlaubcornwall.de\/blog\/luxus-ferienhaus-fuer-4-personen-st-agnes-nord-cornwall\/","name":"Luxus-Ferienhaus f\u00fcr 4 Personen - St Agnes, Nord Cornwall - Urlaub &amp; Reisen","isPartOf":{"@id":"https:\/\/www.urlaubcornwall.de\/blog\/#website"},"datePublished":"2013-02-14T16:00:40+00:00","dateModified":"2020-02-11T10:49:54+00:00","breadcrumb":{"@id":"https:\/\/www.urlaubcornwall.de\/blog\/luxus-ferienhaus-fuer-4-personen-st-agnes-nord-cornwall\/#breadcrumb"},"inLanguage":"en-US","potentialAction":[{"@type":"ReadAction","target":["https:\/\/www.urlaubcornwall.de\/blog\/luxus-ferienhaus-fuer-4-personen-st-agnes-nord-cornwall\/"]}]},{"@type":"BreadcrumbList","@id":"https:\/\/www.urlaubcornwall.de\/blog\/luxus-ferienhaus-fuer-4-personen-st-agnes-nord-cornwall\/#breadcrumb","itemListElement":[{"@type":"ListItem","position":1,"name":"Home","item":"https:\/\/www.urlaubcornwall.de\/blog\/"},{"@type":"ListItem","position":2,"name":"Luxus-Ferienhaus f\u00fcr 4 Personen &#8211; St Agnes, Nord Cornwall"}]}]}},"_links":{"self":[{"href":"https:\/\/www.urlaubcornwall.de\/blog\/wp-json\/wp\/v2\/pages\/7832"}],"collection":[{"href":"https:\/\/www.urlaubcornwall.de\/blog\/wp-json\/wp\/v2\/pages"}],"about":[{"href":"https:\/\/www.urlaubcornwall.de\/blog\/wp-json\/wp\/v2\/types\/page"}],"author":[{"embeddable":true,"href":"https:\/\/www.urlaubcornwall.de\/blog\/wp-json\/wp\/v2\/users\/1"}],"replies":[{"embeddable":true,"href":"https:\/\/www.urlaubcornwall.de\/blog\/wp-json\/wp\/v2\/comments?post=7832"}],"version-history":[{"count":20,"href":"https:\/\/www.urlaubcornwall.de\/blog\/wp-json\/wp\/v2\/pages\/7832\/revisions"}],"predecessor-version":[{"id":39427,"href":"https:\/\/www.urlaubcornwall.de\/blog\/wp-json\/wp\/v2\/pages\/7832\/revisions\/39427"}],"wp:attachment":[{"href":"https:\/\/www.urlaubcornwall.de\/blog\/wp-json\/wp\/v2\/media?parent=7832"}],"curies":[{"name":"wp","href":"https:\/\/api.w.org\/{rel}","templated":true}]}}