{"id":7768,"date":"2013-02-14T13:42:44","date_gmt":"2013-02-14T13:42:44","guid":{"rendered":"https:\/\/www.urlaubcornwall.de\/blog\/?page_id=7768"},"modified":"2020-02-11T11:28:15","modified_gmt":"2020-02-11T11:28:15","slug":"luxus-ferienhaus-fuer-2-personen-st-ives-cornwall","status":"publish","type":"page","link":"https:\/\/www.urlaubcornwall.de\/blog\/luxus-ferienhaus-fuer-2-personen-st-ives-cornwall\/","title":{"rendered":"Luxus-Ferienhaus f\u00fcr 2 Personen &#8211; St Ives, Cornwall"},"content":{"rendered":"<p><strong>The Cabin, St Ives<\/strong>: Luxus-Unterkunft am Meer, St Ives Cornwall. <a href=\"https:\/\/www.boutique-retreats.co.uk?utm_referral=urlaubcornwall.de\" rel=\"sponsored\">Unsere luxuri\u00f6se Strandh\u00fctte ist ein Luxusrefugium mit atemberaubender Aussicht.<\/a><\/p>\n<p>Preise von \u00a3482 f\u00fcr ein langes Wochenende im Winter bis \u00a3987 f\u00fcr eine Woche im Sommer.<\/p>\n<p><strong>Details<\/strong><\/p>\n<ul>\n<li>Entspannt: Essen im Freien<\/li>\n<li>Praktisch und bequem: privates Parken<\/li>\n<li>Perfekte Lage: nur einen Katzensprung vom Meer entfernt<\/li>\n<li>Meerblick: Aussicht auf einen langen Sandstrand<\/li>\n<\/ul>\n<p>The Cabin ist nur zu Fu\u00df erreichbar und k\u00f6nnte daher privater nicht sein. Innen befindet sich eine pfiffige Mischung aus Alt und Neu, wei\u00df get\u00fcnchte Dielen, Arbeitsfl\u00e4chen aus Schiefer und nautische Akzente. Mit seinem eigenen Schlafbereich im Hochparterre ist es perfekt f\u00fcr ein P\u00e4rchen und genie\u00dft eine Aussicht auf den meilenweiten Strand und die Brandung von Porthkidney.<\/p>\n<p><strong>Wohnbereich<\/strong><\/p>\n<p>The Cabin ist gr\u00f6\u00dftenteils durchgehend mit raumhohen Glasfassaden und einer umlaufenden Holzterrasse aufgeteilt, sodass drau\u00dfen immer auf drinnen trifft, ungeachtet des Wetters. Seine Holzkonstruktion, der elektrische Fl\u00e4chenheizk\u00f6rper und die Fenster mit Doppelverglasung verleihen diesem kleinen Erholungsort die gew\u00fcnschte Behaglichkeit. Ein ger\u00e4umiger Wohnbereich mit einem gro\u00dfen Sofa und einer perfekt aufeinander abgestimmten Sammlung von Retrom\u00f6beln und L\u00e4ufern, B\u00fcchern, Brettspielen und nat\u00fcrlich modernem Komfort wie Fernseher, DVD-Player und iPod-Dockingstation bedeuten, dass Sie ganz einfach und entspannt zusammen herumh\u00e4ngen k\u00f6nnen. Neben dem Hauptwohnbereich befindet sich ein Abstellraum mit H\u00e4ngeschr\u00e4nken, Waschmaschine und K\u00fchlschrank mit Gefrierfach.<\/p>\n<p><strong>Essbereich<\/strong><\/p>\n<p>Eine sehr simple aber todschicke, komb\u00fcsenartig gestaltete K\u00fcche, die sich unter dem Hochparterre befindet. Die K\u00fcche ist mit allem Notwendigen ausgestattet samt einer Geschirrsp\u00fclmaschine. Der K\u00fchlschrank mit Gefrierfach ist in der Stiefelkammer versteckt. Bitte beachten Sie, dass die K\u00fcche zwar mit Geschirr und Utensilien ausgestattet ist, wegen der Holzkonstruktion dieser luxuri\u00f6sen Strandh\u00fctte ist der Backofen lediglich ein Hei\u00dfluftherd und es gibt eine separate Elektro-Kochplatte. Grillen ist drau\u00dfen auf der Terrasse mittels eines Terrassenofens m\u00f6glich.<\/p>\n<p><strong>Schlafbereich<\/strong><\/p>\n<p>Teil des Charmes dieser Luxusunterkunft liegt in seinem Schlafbereich im Hochparterre. Das gro\u00dfe Doppelbett schmiegt sich unter das Giebeldach, neben einem gem\u00fctlichen Wohnbereich mit L\u00e4ufern und B\u00fccherregalen. Beachten Sie aber bitte, dass das Hochparterre eine begrenzte Kopfh\u00f6he aufweist und daher nur zum Schlafen gedacht ist. Der Schlafbereich ist \u00fcber eine sichere, aber steile Holztreppe zu erreichen.<\/p>\n<p><strong>Badezimmer<\/strong><\/p>\n<p>Es gibt einen kleinen Duschraum, der unter dem Hochparterre liegt, mit einem WC und Waschbecken. Es gibt zudem eine Au\u00dfendusche (mit hei\u00dfem Wasser), ideal geeignet f\u00fcr eine Dusche nach einem Tag am Strand oder einer guten Surf-Session!<\/p>\n<p><strong>Parken<\/strong><\/p>\n<p>Der Parkplatz befindet sich oben auf dem H\u00fcgel, aber denken Sie beim Packen bitte daran, dass The Cabin nur zu Fu\u00df erreicht werden kann! Es gibt einen Punkt an dem Sie Ihr Gep\u00e4ck abladen k\u00f6nnen, der n\u00e4her an der Strandh\u00fctte liegt. Vom Parkplatz ist es ein zweimin\u00fctiger Fu\u00dfweg bergauf bis Ihrer Unterkunft.<\/p>\n<p><strong>Au\u00dfenbereich<\/strong><\/p>\n<p>Die umlaufende Terrasse geh\u00f6rt ganz Ihnen, folgen Sie aber dem Fu\u00dfweg, sto\u00dfen Sie direkt auf den Strand! Porth Kidney ist St Ives\u2019 bestgeh\u00fctetes Geheimnis, ein v\u00f6llig unber\u00fchrter Abschnitt, der nie belebt ist und nur von Insidern wie Surfern, Reitern, Spazierg\u00e4ngern mit Hund, Anglern und Vogelbeobachtern benutzt wird.<\/p>\n<p><strong>M\u00f6chten Sie alle atemberaubende Unterk\u00fcnfte sehen, die Boutique Retreats zu bieten hat? <\/strong><strong><a href=\"https:\/\/www.boutique-retreats.co.uk?utm_referral=urlaubcornwall.de\" rel=\"sponsored\"><span style=\"text-decoration: underline;\">Klicken Sie hier<\/span>&gt;&gt;<\/a><\/strong><\/p>\n","protected":false},"excerpt":{"rendered":"<p>The Cabin, St Ives: Luxus-Unterkunft am Meer, St Ives Cornwall. Unsere luxuri\u00f6se Strandh\u00fctte ist ein Luxusrefugium mit atemberaubender Aussicht. Preise von \u00a3482 f\u00fcr ein langes Wochenende im Winter bis \u00a3987 f\u00fcr eine Woche im Sommer. Details Entspannt: Essen im Freien Praktisch und bequem: privates Parken Perfekte Lage: nur einen Katzensprung vom Meer entfernt Meerblick: Aussicht [&hellip;]<\/p>\n","protected":false},"author":1,"featured_media":0,"parent":0,"menu_order":0,"comment_status":"closed","ping_status":"closed","template":"single-two.php","meta":[],"acf":[],"yoast_head":"<!-- This site is optimized with the Yoast SEO plugin v19.4 - https:\/\/yoast.com\/wordpress\/plugins\/seo\/ -->\n<title>Luxus-Ferienhaus f\u00fcr 2 Personen - St Ives, Cornwall - Urlaub &amp; Reisen<\/title>\n<meta name=\"robots\" content=\"index, follow, max-snippet:-1, max-image-preview:large, max-video-preview:-1\" \/>\n<link rel=\"canonical\" href=\"https:\/\/www.urlaubcornwall.de\/blog\/luxus-ferienhaus-fuer-2-personen-st-ives-cornwall\/\" \/>\n<meta property=\"og:locale\" content=\"en_US\" \/>\n<meta property=\"og:type\" content=\"article\" \/>\n<meta property=\"og:title\" content=\"Luxus-Ferienhaus f\u00fcr 2 Personen - St Ives, Cornwall - Urlaub &amp; Reisen\" \/>\n<meta property=\"og:description\" content=\"The Cabin, St Ives: Luxus-Unterkunft am Meer, St Ives Cornwall. Unsere luxuri\u00f6se Strandh\u00fctte ist ein Luxusrefugium mit atemberaubender Aussicht. Preise von \u00a3482 f\u00fcr ein langes Wochenende im Winter bis \u00a3987 f\u00fcr eine Woche im Sommer. Details Entspannt: Essen im Freien Praktisch und bequem: privates Parken Perfekte Lage: nur einen Katzensprung vom Meer entfernt Meerblick: Aussicht [&hellip;]\" \/>\n<meta property=\"og:url\" content=\"https:\/\/www.urlaubcornwall.de\/blog\/luxus-ferienhaus-fuer-2-personen-st-ives-cornwall\/\" \/>\n<meta property=\"og:site_name\" content=\"Urlaub &amp; Reisen\" \/>\n<meta property=\"article:modified_time\" content=\"2020-02-11T11:28:15+00:00\" \/>\n<meta name=\"twitter:card\" content=\"summary\" \/>\n<meta name=\"twitter:label1\" content=\"Est. reading time\" \/>\n\t<meta name=\"twitter:data1\" content=\"3 minutes\" \/>\n<script type=\"application\/ld+json\" class=\"yoast-schema-graph\">{\"@context\":\"https:\/\/schema.org\",\"@graph\":[{\"@type\":\"WebSite\",\"@id\":\"https:\/\/www.urlaubcornwall.de\/blog\/#website\",\"url\":\"https:\/\/www.urlaubcornwall.de\/blog\/\",\"name\":\"Urlaub &amp; Reisen\",\"description\":\"Urlaub, Reisen, Cornwall und S\u00fcdengland: eine perfekte Kombination\",\"potentialAction\":[{\"@type\":\"SearchAction\",\"target\":{\"@type\":\"EntryPoint\",\"urlTemplate\":\"https:\/\/www.urlaubcornwall.de\/blog\/?s={search_term_string}\"},\"query-input\":\"required name=search_term_string\"}],\"inLanguage\":\"en-US\"},{\"@type\":\"WebPage\",\"@id\":\"https:\/\/www.urlaubcornwall.de\/blog\/luxus-ferienhaus-fuer-2-personen-st-ives-cornwall\/\",\"url\":\"https:\/\/www.urlaubcornwall.de\/blog\/luxus-ferienhaus-fuer-2-personen-st-ives-cornwall\/\",\"name\":\"Luxus-Ferienhaus f\u00fcr 2 Personen - St Ives, Cornwall - Urlaub &amp; Reisen\",\"isPartOf\":{\"@id\":\"https:\/\/www.urlaubcornwall.de\/blog\/#website\"},\"datePublished\":\"2013-02-14T13:42:44+00:00\",\"dateModified\":\"2020-02-11T11:28:15+00:00\",\"breadcrumb\":{\"@id\":\"https:\/\/www.urlaubcornwall.de\/blog\/luxus-ferienhaus-fuer-2-personen-st-ives-cornwall\/#breadcrumb\"},\"inLanguage\":\"en-US\",\"potentialAction\":[{\"@type\":\"ReadAction\",\"target\":[\"https:\/\/www.urlaubcornwall.de\/blog\/luxus-ferienhaus-fuer-2-personen-st-ives-cornwall\/\"]}]},{\"@type\":\"BreadcrumbList\",\"@id\":\"https:\/\/www.urlaubcornwall.de\/blog\/luxus-ferienhaus-fuer-2-personen-st-ives-cornwall\/#breadcrumb\",\"itemListElement\":[{\"@type\":\"ListItem\",\"position\":1,\"name\":\"Home\",\"item\":\"https:\/\/www.urlaubcornwall.de\/blog\/\"},{\"@type\":\"ListItem\",\"position\":2,\"name\":\"Luxus-Ferienhaus f\u00fcr 2 Personen &#8211; St Ives, Cornwall\"}]}]}<\/script>\n<!-- \/ Yoast SEO plugin. -->","yoast_head_json":{"title":"Luxus-Ferienhaus f\u00fcr 2 Personen - St Ives, Cornwall - Urlaub &amp; Reisen","robots":{"index":"index","follow":"follow","max-snippet":"max-snippet:-1","max-image-preview":"max-image-preview:large","max-video-preview":"max-video-preview:-1"},"canonical":"https:\/\/www.urlaubcornwall.de\/blog\/luxus-ferienhaus-fuer-2-personen-st-ives-cornwall\/","og_locale":"en_US","og_type":"article","og_title":"Luxus-Ferienhaus f\u00fcr 2 Personen - St Ives, Cornwall - Urlaub &amp; Reisen","og_description":"The Cabin, St Ives: Luxus-Unterkunft am Meer, St Ives Cornwall. Unsere luxuri\u00f6se Strandh\u00fctte ist ein Luxusrefugium mit atemberaubender Aussicht. Preise von \u00a3482 f\u00fcr ein langes Wochenende im Winter bis \u00a3987 f\u00fcr eine Woche im Sommer. Details Entspannt: Essen im Freien Praktisch und bequem: privates Parken Perfekte Lage: nur einen Katzensprung vom Meer entfernt Meerblick: Aussicht [&hellip;]","og_url":"https:\/\/www.urlaubcornwall.de\/blog\/luxus-ferienhaus-fuer-2-personen-st-ives-cornwall\/","og_site_name":"Urlaub &amp; Reisen","article_modified_time":"2020-02-11T11:28:15+00:00","twitter_card":"summary","twitter_misc":{"Est. reading time":"3 minutes"},"schema":{"@context":"https:\/\/schema.org","@graph":[{"@type":"WebSite","@id":"https:\/\/www.urlaubcornwall.de\/blog\/#website","url":"https:\/\/www.urlaubcornwall.de\/blog\/","name":"Urlaub &amp; Reisen","description":"Urlaub, Reisen, Cornwall und S\u00fcdengland: eine perfekte Kombination","potentialAction":[{"@type":"SearchAction","target":{"@type":"EntryPoint","urlTemplate":"https:\/\/www.urlaubcornwall.de\/blog\/?s={search_term_string}"},"query-input":"required name=search_term_string"}],"inLanguage":"en-US"},{"@type":"WebPage","@id":"https:\/\/www.urlaubcornwall.de\/blog\/luxus-ferienhaus-fuer-2-personen-st-ives-cornwall\/","url":"https:\/\/www.urlaubcornwall.de\/blog\/luxus-ferienhaus-fuer-2-personen-st-ives-cornwall\/","name":"Luxus-Ferienhaus f\u00fcr 2 Personen - St Ives, Cornwall - Urlaub &amp; Reisen","isPartOf":{"@id":"https:\/\/www.urlaubcornwall.de\/blog\/#website"},"datePublished":"2013-02-14T13:42:44+00:00","dateModified":"2020-02-11T11:28:15+00:00","breadcrumb":{"@id":"https:\/\/www.urlaubcornwall.de\/blog\/luxus-ferienhaus-fuer-2-personen-st-ives-cornwall\/#breadcrumb"},"inLanguage":"en-US","potentialAction":[{"@type":"ReadAction","target":["https:\/\/www.urlaubcornwall.de\/blog\/luxus-ferienhaus-fuer-2-personen-st-ives-cornwall\/"]}]},{"@type":"BreadcrumbList","@id":"https:\/\/www.urlaubcornwall.de\/blog\/luxus-ferienhaus-fuer-2-personen-st-ives-cornwall\/#breadcrumb","itemListElement":[{"@type":"ListItem","position":1,"name":"Home","item":"https:\/\/www.urlaubcornwall.de\/blog\/"},{"@type":"ListItem","position":2,"name":"Luxus-Ferienhaus f\u00fcr 2 Personen &#8211; St Ives, Cornwall"}]}]}},"_links":{"self":[{"href":"https:\/\/www.urlaubcornwall.de\/blog\/wp-json\/wp\/v2\/pages\/7768"}],"collection":[{"href":"https:\/\/www.urlaubcornwall.de\/blog\/wp-json\/wp\/v2\/pages"}],"about":[{"href":"https:\/\/www.urlaubcornwall.de\/blog\/wp-json\/wp\/v2\/types\/page"}],"author":[{"embeddable":true,"href":"https:\/\/www.urlaubcornwall.de\/blog\/wp-json\/wp\/v2\/users\/1"}],"replies":[{"embeddable":true,"href":"https:\/\/www.urlaubcornwall.de\/blog\/wp-json\/wp\/v2\/comments?post=7768"}],"version-history":[{"count":24,"href":"https:\/\/www.urlaubcornwall.de\/blog\/wp-json\/wp\/v2\/pages\/7768\/revisions"}],"predecessor-version":[{"id":39433,"href":"https:\/\/www.urlaubcornwall.de\/blog\/wp-json\/wp\/v2\/pages\/7768\/revisions\/39433"}],"wp:attachment":[{"href":"https:\/\/www.urlaubcornwall.de\/blog\/wp-json\/wp\/v2\/media?parent=7768"}],"curies":[{"name":"wp","href":"https:\/\/api.w.org\/{rel}","templated":true}]}}