{"id":7738,"date":"2013-02-14T13:08:54","date_gmt":"2013-02-14T13:08:54","guid":{"rendered":"https:\/\/www.urlaubcornwall.de\/blog\/?page_id=7738"},"modified":"2020-02-10T12:10:52","modified_gmt":"2020-02-10T12:10:52","slug":"luxus-ferienhaus-fuer-2-personen-boscastle-nord-cornwall","status":"publish","type":"page","link":"https:\/\/www.urlaubcornwall.de\/blog\/luxus-ferienhaus-fuer-2-personen-boscastle-nord-cornwall\/","title":{"rendered":"Luxus-Ferienhaus f\u00fcr 2 Personen &#8211; Boscastle, Nord Cornwall"},"content":{"rendered":"<p><strong>Luxus-Unterkunft am Meer, Nordk\u00fcste Cornwall <\/strong> &#8211; <strong><a href=\"https:\/\/www.boutique-retreats.co.uk?utm_referral=urlaubcornwall.de\" rel=\"nofollow\">Harbourside, Boscastle &gt;&gt;<\/a> <\/strong><b><\/b><\/p>\n<p>Preise: Von \u00a3414 f\u00fcr ein langes Wochenende im Winter bis \u00a3750 f\u00fcr eine Woche im Sommer.<\/p>\n<p><strong>Auf einen Blick<br \/>\n<\/strong><\/p>\n<ul>\n<li>Meerblick: Nordcornwalls schroffe K\u00fcstenlinie<\/li>\n<li>Hundefreundlich: Haustiere sind willkommen<\/li>\n<li>Perfekte Lage: Strand und traditionelles Pub zu Fu\u00df zu erreichen<\/li>\n<li>Kinderfreundlich: Babys willkommen (bis 12 Monate)<\/li>\n<li>Romantisches Ferienhaus: Perfekt f\u00fcr P\u00e4rchen<\/li>\n<\/ul>\n<p>Harbourside liegt versteckt neben dem Hafen von Boscastle, dem Ort, an dem Thomas Hardy sich in seine Braut verliebte. Das luxuri\u00f6se kleine Fischerh\u00e4uschen steckt voller Romantik und besitzt allen modernen Komfort, fernab von den Menschenmassen der St\u00e4dte.<\/p>\n<p><strong>Wohnbereich<\/strong> &#8211; Im Harbourside trifft zeitgen\u00f6ssisches Fischerh\u00e4uschen auf durch und durch kornisch. Ein offener Wohnbereich mit originalen Deckenbalken und Fu\u00dfb\u00f6den aus Schiefer, das gem\u00fctliche Sofa ist neben dem Kaminofen perfekt platziert und versteckt unter dem Dachvorsprung gibt es einen Vintage-Essbereich f\u00fcr ein romantisches Abendessen zu zweit. Treten Sie hinaus ins Freie, spazieren Sie durch die bis heute bewirtschaftete Landschaft rundum Forrabury Stitches und erhaschen Sie einen seltenen Blick auf die antiken streifenf\u00f6rmigen Feldformationen aus der Zeit der Kelten. Packen Sie einen Korb mit kornischen Leckereien und erforschen Sie die halb vergessenen Kirchen von Minster und St Juliots, die einst durch Thomas Hardy ber\u00fchmt gemacht wurden.<\/p>\n<p><strong>Essbereich<\/strong> &#8211; Lassen Sie sich von den funkelnden K\u00fcchenarbeitsfl\u00e4chen aus Granit inspirieren und zaubern Sie eine kulinarische Leckerei. Die K\u00fcche wurde auf geschickte Weise mit allem N\u00f6tigen ausstaffiert: Geschirrsp\u00fcler, Toaster der Marke Dualit, hervorragende erstklassige Chefkochmesser und eine Menge Platz im Backofen f\u00fcr das Le Creuset-Kochgeschirr.<\/p>\n<p><strong>Badezimmer<\/strong> &#8211; Fliesen in gedeckten Sand- und Meert\u00f6nen umgeben die Badewanne mit integrierter Power-Dusche. Der super-hei\u00dfe elektrische Handtuchhalter sorgt f\u00fcr kuschelig-warme Handt\u00fccher nach dem Baden.<\/p>\n<p><strong>Schlafbereich<\/strong> &#8211; Das nautisch inspirierte Hauptschlafzimmer hat einen ganz eigenen Stil. Mit Blick auf den Hafen und einer gro\u00dfartigen Aussicht auf die Fischerboote und das Meer bietet es den perfekten R\u00fcckzugsort, um ein Buch zu lesen oder einfach nur richtig sch\u00f6n in den Tag hineinzuschlafen. Eine zeitgen\u00f6ssische Interpretation der klassischen Gep\u00e4ckablage und die Vintage-Kommode machen das Meiste aus dem kleinen Platz, der \u00fcblicherweise in den typisch kornischen H\u00e4userchen zur Verf\u00fcgung steht.<\/p>\n<p><strong>Au\u00dfenbereich<\/strong> &#8211; Die Holzterrasse ist tipptopp und liegt in einem abgez\u00e4unten Garten. Dieses sonnige Pl\u00e4tzchen an der hinteren Seite des Luxus-H\u00e4uschens ist ein ideales Fleckchen, um den Hexen von Boscastle zu entgehen.<\/p>\n<p><strong>Parken<\/strong> &#8211; Das Harbourside liegt abseits der Hauptstra\u00dfe auf einer Privatstra\u00dfe. Sie k\u00f6nnen direkt vor dem Ferienhaus anhalten, um Ihre Koffer abzuladen. Geparkt wird allerdings auf dem nur eine Minute zu Fu\u00df entfernten \u201eCobweb\u201c-Parkplatz (Parken mit Parkschein). Ein Wochenticket ist f\u00fcr \u00a328 erh\u00e4ltlich (gilt nur f\u00fcr Autos) und kann nur \u00fcber Handy-Parken von RingGo erworben werden.<\/p>\n<p><strong>M\u00f6chten Sie alle atemberaubende Unterk\u00fcnfte sehen, die Boutique Retreats zu bieten hat? <\/strong><\/p>\n<p><strong><a href=\"https:\/\/www.boutique-retreats.co.uk?utm_referral=urlaubcornwall.de\" rel=\"nofollow\"><span style=\"text-decoration: underline;\">Klicken Sie hier<\/span>&gt;&gt;<\/a><\/strong><\/p>\n","protected":false},"excerpt":{"rendered":"<p>Luxus-Unterkunft am Meer, Nordk\u00fcste Cornwall &#8211; Harbourside, Boscastle &gt;&gt; Preise: Von \u00a3414 f\u00fcr ein langes Wochenende im Winter bis \u00a3750 f\u00fcr eine Woche im Sommer. Auf einen Blick Meerblick: Nordcornwalls schroffe K\u00fcstenlinie Hundefreundlich: Haustiere sind willkommen Perfekte Lage: Strand und traditionelles Pub zu Fu\u00df zu erreichen Kinderfreundlich: Babys willkommen (bis 12 Monate) Romantisches Ferienhaus: Perfekt [&hellip;]<\/p>\n","protected":false},"author":1,"featured_media":0,"parent":0,"menu_order":0,"comment_status":"closed","ping_status":"closed","template":"single-two.php","meta":[],"acf":[],"yoast_head":"<!-- This site is optimized with the Yoast SEO plugin v19.4 - https:\/\/yoast.com\/wordpress\/plugins\/seo\/ -->\n<title>Luxus-Ferienhaus f\u00fcr 2 Personen - Boscastle, Nord Cornwall - Urlaub &amp; Reisen<\/title>\n<meta name=\"robots\" content=\"index, follow, max-snippet:-1, max-image-preview:large, max-video-preview:-1\" \/>\n<link rel=\"canonical\" href=\"https:\/\/www.urlaubcornwall.de\/blog\/luxus-ferienhaus-fuer-2-personen-boscastle-nord-cornwall\/\" \/>\n<meta property=\"og:locale\" content=\"en_US\" \/>\n<meta property=\"og:type\" content=\"article\" \/>\n<meta property=\"og:title\" content=\"Luxus-Ferienhaus f\u00fcr 2 Personen - Boscastle, Nord Cornwall - Urlaub &amp; Reisen\" \/>\n<meta property=\"og:description\" content=\"Luxus-Unterkunft am Meer, Nordk\u00fcste Cornwall &#8211; Harbourside, Boscastle &gt;&gt; Preise: Von \u00a3414 f\u00fcr ein langes Wochenende im Winter bis \u00a3750 f\u00fcr eine Woche im Sommer. Auf einen Blick Meerblick: Nordcornwalls schroffe K\u00fcstenlinie Hundefreundlich: Haustiere sind willkommen Perfekte Lage: Strand und traditionelles Pub zu Fu\u00df zu erreichen Kinderfreundlich: Babys willkommen (bis 12 Monate) Romantisches Ferienhaus: Perfekt [&hellip;]\" \/>\n<meta property=\"og:url\" content=\"https:\/\/www.urlaubcornwall.de\/blog\/luxus-ferienhaus-fuer-2-personen-boscastle-nord-cornwall\/\" \/>\n<meta property=\"og:site_name\" content=\"Urlaub &amp; Reisen\" \/>\n<meta property=\"article:modified_time\" content=\"2020-02-10T12:10:52+00:00\" \/>\n<meta name=\"twitter:card\" content=\"summary\" \/>\n<meta name=\"twitter:label1\" content=\"Est. reading time\" \/>\n\t<meta name=\"twitter:data1\" content=\"2 minutes\" \/>\n<script type=\"application\/ld+json\" class=\"yoast-schema-graph\">{\"@context\":\"https:\/\/schema.org\",\"@graph\":[{\"@type\":\"WebSite\",\"@id\":\"https:\/\/www.urlaubcornwall.de\/blog\/#website\",\"url\":\"https:\/\/www.urlaubcornwall.de\/blog\/\",\"name\":\"Urlaub &amp; Reisen\",\"description\":\"Urlaub, Reisen, Cornwall und S\u00fcdengland: eine perfekte Kombination\",\"potentialAction\":[{\"@type\":\"SearchAction\",\"target\":{\"@type\":\"EntryPoint\",\"urlTemplate\":\"https:\/\/www.urlaubcornwall.de\/blog\/?s={search_term_string}\"},\"query-input\":\"required name=search_term_string\"}],\"inLanguage\":\"en-US\"},{\"@type\":\"WebPage\",\"@id\":\"https:\/\/www.urlaubcornwall.de\/blog\/luxus-ferienhaus-fuer-2-personen-boscastle-nord-cornwall\/\",\"url\":\"https:\/\/www.urlaubcornwall.de\/blog\/luxus-ferienhaus-fuer-2-personen-boscastle-nord-cornwall\/\",\"name\":\"Luxus-Ferienhaus f\u00fcr 2 Personen - Boscastle, Nord Cornwall - Urlaub &amp; Reisen\",\"isPartOf\":{\"@id\":\"https:\/\/www.urlaubcornwall.de\/blog\/#website\"},\"datePublished\":\"2013-02-14T13:08:54+00:00\",\"dateModified\":\"2020-02-10T12:10:52+00:00\",\"breadcrumb\":{\"@id\":\"https:\/\/www.urlaubcornwall.de\/blog\/luxus-ferienhaus-fuer-2-personen-boscastle-nord-cornwall\/#breadcrumb\"},\"inLanguage\":\"en-US\",\"potentialAction\":[{\"@type\":\"ReadAction\",\"target\":[\"https:\/\/www.urlaubcornwall.de\/blog\/luxus-ferienhaus-fuer-2-personen-boscastle-nord-cornwall\/\"]}]},{\"@type\":\"BreadcrumbList\",\"@id\":\"https:\/\/www.urlaubcornwall.de\/blog\/luxus-ferienhaus-fuer-2-personen-boscastle-nord-cornwall\/#breadcrumb\",\"itemListElement\":[{\"@type\":\"ListItem\",\"position\":1,\"name\":\"Home\",\"item\":\"https:\/\/www.urlaubcornwall.de\/blog\/\"},{\"@type\":\"ListItem\",\"position\":2,\"name\":\"Luxus-Ferienhaus f\u00fcr 2 Personen &#8211; Boscastle, Nord Cornwall\"}]}]}<\/script>\n<!-- \/ Yoast SEO plugin. -->","yoast_head_json":{"title":"Luxus-Ferienhaus f\u00fcr 2 Personen - Boscastle, Nord Cornwall - Urlaub &amp; Reisen","robots":{"index":"index","follow":"follow","max-snippet":"max-snippet:-1","max-image-preview":"max-image-preview:large","max-video-preview":"max-video-preview:-1"},"canonical":"https:\/\/www.urlaubcornwall.de\/blog\/luxus-ferienhaus-fuer-2-personen-boscastle-nord-cornwall\/","og_locale":"en_US","og_type":"article","og_title":"Luxus-Ferienhaus f\u00fcr 2 Personen - Boscastle, Nord Cornwall - Urlaub &amp; Reisen","og_description":"Luxus-Unterkunft am Meer, Nordk\u00fcste Cornwall &#8211; Harbourside, Boscastle &gt;&gt; Preise: Von \u00a3414 f\u00fcr ein langes Wochenende im Winter bis \u00a3750 f\u00fcr eine Woche im Sommer. Auf einen Blick Meerblick: Nordcornwalls schroffe K\u00fcstenlinie Hundefreundlich: Haustiere sind willkommen Perfekte Lage: Strand und traditionelles Pub zu Fu\u00df zu erreichen Kinderfreundlich: Babys willkommen (bis 12 Monate) Romantisches Ferienhaus: Perfekt [&hellip;]","og_url":"https:\/\/www.urlaubcornwall.de\/blog\/luxus-ferienhaus-fuer-2-personen-boscastle-nord-cornwall\/","og_site_name":"Urlaub &amp; Reisen","article_modified_time":"2020-02-10T12:10:52+00:00","twitter_card":"summary","twitter_misc":{"Est. reading time":"2 minutes"},"schema":{"@context":"https:\/\/schema.org","@graph":[{"@type":"WebSite","@id":"https:\/\/www.urlaubcornwall.de\/blog\/#website","url":"https:\/\/www.urlaubcornwall.de\/blog\/","name":"Urlaub &amp; Reisen","description":"Urlaub, Reisen, Cornwall und S\u00fcdengland: eine perfekte Kombination","potentialAction":[{"@type":"SearchAction","target":{"@type":"EntryPoint","urlTemplate":"https:\/\/www.urlaubcornwall.de\/blog\/?s={search_term_string}"},"query-input":"required name=search_term_string"}],"inLanguage":"en-US"},{"@type":"WebPage","@id":"https:\/\/www.urlaubcornwall.de\/blog\/luxus-ferienhaus-fuer-2-personen-boscastle-nord-cornwall\/","url":"https:\/\/www.urlaubcornwall.de\/blog\/luxus-ferienhaus-fuer-2-personen-boscastle-nord-cornwall\/","name":"Luxus-Ferienhaus f\u00fcr 2 Personen - Boscastle, Nord Cornwall - Urlaub &amp; Reisen","isPartOf":{"@id":"https:\/\/www.urlaubcornwall.de\/blog\/#website"},"datePublished":"2013-02-14T13:08:54+00:00","dateModified":"2020-02-10T12:10:52+00:00","breadcrumb":{"@id":"https:\/\/www.urlaubcornwall.de\/blog\/luxus-ferienhaus-fuer-2-personen-boscastle-nord-cornwall\/#breadcrumb"},"inLanguage":"en-US","potentialAction":[{"@type":"ReadAction","target":["https:\/\/www.urlaubcornwall.de\/blog\/luxus-ferienhaus-fuer-2-personen-boscastle-nord-cornwall\/"]}]},{"@type":"BreadcrumbList","@id":"https:\/\/www.urlaubcornwall.de\/blog\/luxus-ferienhaus-fuer-2-personen-boscastle-nord-cornwall\/#breadcrumb","itemListElement":[{"@type":"ListItem","position":1,"name":"Home","item":"https:\/\/www.urlaubcornwall.de\/blog\/"},{"@type":"ListItem","position":2,"name":"Luxus-Ferienhaus f\u00fcr 2 Personen &#8211; Boscastle, Nord Cornwall"}]}]}},"_links":{"self":[{"href":"https:\/\/www.urlaubcornwall.de\/blog\/wp-json\/wp\/v2\/pages\/7738"}],"collection":[{"href":"https:\/\/www.urlaubcornwall.de\/blog\/wp-json\/wp\/v2\/pages"}],"about":[{"href":"https:\/\/www.urlaubcornwall.de\/blog\/wp-json\/wp\/v2\/types\/page"}],"author":[{"embeddable":true,"href":"https:\/\/www.urlaubcornwall.de\/blog\/wp-json\/wp\/v2\/users\/1"}],"replies":[{"embeddable":true,"href":"https:\/\/www.urlaubcornwall.de\/blog\/wp-json\/wp\/v2\/comments?post=7738"}],"version-history":[{"count":36,"href":"https:\/\/www.urlaubcornwall.de\/blog\/wp-json\/wp\/v2\/pages\/7738\/revisions"}],"predecessor-version":[{"id":39387,"href":"https:\/\/www.urlaubcornwall.de\/blog\/wp-json\/wp\/v2\/pages\/7738\/revisions\/39387"}],"wp:attachment":[{"href":"https:\/\/www.urlaubcornwall.de\/blog\/wp-json\/wp\/v2\/media?parent=7738"}],"curies":[{"name":"wp","href":"https:\/\/api.w.org\/{rel}","templated":true}]}}