{"id":7666,"date":"2013-02-14T17:06:47","date_gmt":"2013-02-14T17:06:47","guid":{"rendered":"https:\/\/www.urlaubcornwall.de\/blog\/?page_id=7666"},"modified":"2024-10-24T15:01:34","modified_gmt":"2024-10-24T15:01:34","slug":"boutique-retreats-luxus-ferienhaueser-und-luxus-ferienwohnungen-in-cornwall","status":"publish","type":"page","link":"https:\/\/www.urlaubcornwall.de\/blog\/boutique-retreats-luxus-ferienhaueser-und-luxus-ferienwohnungen-in-cornwall\/","title":{"rendered":"Luxus Ferienh\u00e4user und exklusive Ferienwohnungen &#8211; Cornwall, Devon und Dorset"},"content":{"rendered":"<p><a href=\"https:\/\/www.urlaubcornwall.de\/blog\/wp-content\/uploads\/2013\/02\/luxus-ferienhaus-st-ives.jpg\"><img loading=\"lazy\" class=\"aligncenter size-full wp-image-22009\" src=\"https:\/\/www.urlaubcornwall.de\/blog\/wp-content\/uploads\/2013\/02\/luxus-ferienhaus-st-ives.jpg\" alt=\"luxus ferienhaus st ives\" width=\"748\" height=\"380\" \/><\/a><\/p>\n<p>Das perfekte Rezept f\u00fcr Boutique-Hotels, Luxusunterk\u00fcnfte &amp; erg\u00f6tzliche private Villen in Cornwall, Devon, Dorset \u2013 Luxus-Retreats vom Feinsten. Nehmen Sie die ganzen Vorz\u00fcge eines Boutique-Hotels &amp; mischen Sie diese mit einer sorgf\u00e4ltig ausgew\u00e4hlten Lage in Cornwall. F\u00fcgen Sie eine gro\u00dfz\u00fcgige Menge an Charakter, Privatsph\u00e4re &amp; individuell gestalteter Innenausstattung hinzu und voil\u00e0, Sie erhalten eine unserer perfekten Unterk\u00fcnfte.<\/p>\n<p>Sie suchen nach einer einzigartigen Unterkunft in Cornwall? Wir haben alles von K\u00fcste zu K\u00fcste f\u00fcr Sie abgedeckt. Romantische Luxus-Retreats in Mousehole &amp; fantastische Privatunterk\u00fcnfte in Polzeath. Meerblick in Fowey und Luxusvillen in Rock. Betrachten Sie das Team hinter den Kulissen als Ihre Gastgeber, die sofort zur Stelle sind, um Sie vor, w\u00e4hrend und nach Ihrem Aufenthalt zu unterst\u00fctzen. So genie\u00dfen Sie einen unvergesslichen Urlaub in Cornwall, dem beliebtesten Reiseziel in S\u00fcdengland.<\/p>\n<p><strong>Ferienha\u00fcser\u00a0<\/strong><strong>f\u00fcr Familien<\/strong> <\/p>\n<h3><\/h3>\n<h3><span style=\"color: #999999;\">Luxus-Ferienhaus f\u00fcr 4 Personen &#8211; St Agnes, Nord Cornwall<\/span><\/h3>\n<table>\n<tbody>\n<tr>\n<td><img loading=\"lazy\" class=\"aligncenter size-full wp-image-6603\" style=\"border: 0pt none; padding: 0px;\" src=\"https:\/\/www.urlaubcornwall.de\/blog\/wp-content\/uploads\/2013\/02\/230031.jpg\" alt=\"28 (Custom) (3)\" width=\"148\" height=\"118\" \/><\/td>\n<td>Das Sea Thatch ist durch und durch kornisch. Dieses luxuri\u00f6se Ferienhaus aus Naturstein datiert aus dem 16. Jahrhundert und liegt in einem pr\u00e4chtigen privaten Garten. Es ist voller Antiquit\u00e4ten und gro\u00dfz\u00fcgig mit allem modernen Komfort ausgestattet&#8230;<a href=\"https:\/\/www.urlaubcornwall.de\/blog\/luxus-ferienhaus-fuer-4-personen-st-agnes-nord-cornwall\/\"><strong><span style=\"text-decoration: underline;\">Mehr<\/span><\/strong><\/a><\/td>\n<\/tr>\n<\/tbody>\n<\/table>\n<h3><\/h3>\n<h3><span style=\"color: #999999;\">Luxus-Ferienhaus f\u00fcr 8 Personen &#8211; Tintagel, Nord Cornwall<\/span><\/h3>\n<h3><\/h3>\n<table>\n<tbody>\n<tr>\n<td><img loading=\"lazy\" class=\"aligncenter size-full wp-image-6603\" style=\"border: 0pt none; padding: 0px;\" src=\"https:\/\/www.urlaubcornwall.de\/blog\/wp-content\/uploads\/2013\/02\/Fentafiddle12.jpg\" alt=\"28 (Custom) (3)\" width=\"148\" height=\"118\" \/><\/td>\n<td>Diese einstige M\u00fchle wurde liebevoll in ein gro\u00dfz\u00fcgiges Luxusferienhaus umgewandelt \u2013 ideal f\u00fcr Familien oder gr\u00f6\u00dfere Reisegruppen, die nach v\u00f6lligem Luxus suchen. Direkt am Meer gelegen bietet es einen\u00a0Panoramablick \u00fcber die K\u00fcste&#8230;<a href=\"https:\/\/www.urlaubcornwall.de\/blog\/luxus-ferienhaus-fuer-8-personen-tintagel-nord-cornwall\/\"><strong><span style=\"text-decoration: underline;\">Mehr<\/span><\/strong><\/a><\/td>\n<\/tr>\n<\/tbody>\n<\/table>\n<h3><\/h3>\n<h3><span style=\"color: #999999;\">Luxus-Ferienpark am Meer in Cornwall<\/span><\/h3>\n<h3><\/h3>\n<table>\n<tbody>\n<tr>\n<td><img loading=\"lazy\" class=\"aligncenter size-full wp-image-6603\" style=\"border: 0pt none; padding: 0px;\" src=\"https:\/\/www.urlaubcornwall.de\/blog\/wp-content\/uploads\/2015\/04\/Residence-2-bed-lounge.jpg\" alt=\"\" width=\"148\" height=\"118\" \/><\/td>\n<td>Der Ferienpark in Cornwall, der neuen Standard setzt: Landal Gwel an Mor hat w\u00e4hrend der vergangenen 3 Jahre nicht weniger als 14 Auszeichnungen bekommen, einschlie\u00dflich &#8220;beste Ferienanlage in Gro\u00dfbritannien.&#8221;&#8230;<a href=\"http:\/\/www.urlaubcornwall.de\/ferienparks-und-ferienanlage\/cornwall.php\"><strong><span style=\"text-decoration: underline;\">Mehr<\/span><\/strong><\/a><\/td>\n<\/tr>\n<\/tbody>\n<\/table>\n<h3><\/h3>\n<p><strong>M\u00f6chten Sie alle atemberaubende Unterk\u00fcnfte sehen, die Boutique Retreats zu bieten hat? <\/strong><\/p>\n<p><strong><a href=\"https:\/\/www.boutique-retreats.co.uk?utm_referral=urlaubcornwall.de\"  rel=\"nofollow\"><span style=\"text-decoration: underline;\">Klicken Sie hier<\/span>&gt;&gt;<\/a><\/strong><\/p>\n<p><strong>Ferienha\u00fcser\u00a0<\/strong><strong>f\u00fcr P\u00e4rchen<\/strong><\/p>\n<h3><\/h3>\n<h3><span style=\"color: #999999;\"><strong>Luxus-Ferienhaus f\u00fcr 2 Personen \u2013 Boscastle, Nord Cornwall<\/strong><\/span><\/h3>\n<h3><\/h3>\n<table>\n<tbody>\n<tr>\n<td><img loading=\"lazy\" class=\"aligncenter size-full wp-image-6603\" style=\"border: 0pt none; padding: 0px;\" src=\"https:\/\/www.urlaubcornwall.de\/blog\/wp-content\/uploads\/2013\/02\/290005.jpg\" alt=\"28 (Custom) (3)\" width=\"148\" height=\"118\" \/><\/td>\n<td>Harbourside liegt versteckt neben dem Hafen von Boscastle, dem Ort, an dem Thomas Hardy sich in seine Braut verliebte. Das luxuri\u00f6se kleine Fischerh\u00e4uschen steckt voller Romantik und besitzt allen modernen Komfort, fernab von den Menschenmassen der St\u00e4dte&#8230;<a href=\"https:\/\/www.urlaubcornwall.de\/blog\/luxus-ferienhaus-fuer-2-personen-boscastle-nord-cornwall\/\"><strong><span style=\"text-decoration: underline;\">Mehr<\/span><\/strong><\/a><\/td>\n<\/tr>\n<\/tbody>\n<\/table>\n<h3><\/h3>\n<h3><span style=\"color: #999999;\"> Luxus Ferienhaus f\u00fcr 2 Personen &#8211; Fowey, S\u00fcdk\u00fcste Cornwall<\/span><\/h3>\n<h3><\/h3>\n<table>\n<tbody>\n<tr>\n<td><img loading=\"lazy\" class=\"aligncenter size-full wp-image-6603\" style=\"border: 0pt none; padding: 0px;\" src=\"https:\/\/www.urlaubcornwall.de\/blog\/wp-content\/uploads\/2013\/02\/120121.jpg\" alt=\"28 (Custom) (3)\" width=\"148\" height=\"118\" \/><\/td>\n<td>Das Sea Room in Fowey ist so nah am Wasser gelegen, dass es nur \u00fcber einen Fu\u00dfweg oder mit einem Boot erreichbar ist. Es ist das perfekte Luxus-Retreat, um sich der Au\u00dfenwelt zu entziehen, ein wahrhaft romantischer Zufluchtsort. Ein makelloses umgebautes Bootshaus direkt am Rande der Bucht gelegen, stilvoll mit einem Hauch von Deluxe&#8230;<a href=\"https:\/\/www.urlaubcornwall.de\/blog\/luxus-ferienhaus-fuer-2-personen-fowey-suedkueste-cornwall\/\"><strong><span style=\"text-decoration: underline;\">Mehr<\/span><\/strong><\/a><\/td>\n<\/tr>\n<\/tbody>\n<\/table>\n<h3><\/h3>\n<h3><span style=\"color: #999999;\"> Luxus-Ferienhaus f\u00fcr 2 Personen &#8211; St Ives, Cornwall<\/span><\/h3>\n<h3><\/h3>\n<table>\n<tbody>\n<tr>\n<td><img loading=\"lazy\" class=\"aligncenter size-full wp-image-6603\" style=\"border: 0pt none; padding: 0px;\" src=\"https:\/\/www.urlaubcornwall.de\/blog\/wp-content\/uploads\/2013\/02\/30126.jpg\" alt=\"28 (Custom) (3)\" width=\"148\" height=\"118\" \/><\/td>\n<td>The Cabin ist nur zu Fu\u00df erreichbar und k\u00f6nnte daher privater nicht sein. Innen befindet sich eine pfiffige Mischung aus Alt und Neu, wei\u00df get\u00fcnchte Dielen, Arbeitsfl\u00e4chen aus Schiefer und nautische Akzente. Mit seinem eigenen Schlafbereich im Hochparterre ist es perfekt f\u00fcr ein P\u00e4rchen und genie\u00dft eine Aussicht auf den meilenweiten Strand und die Brandung von Porthkidney&#8230;<a href=\"https:\/\/www.urlaubcornwall.de\/blog\/luxus-ferienhaus-fuer-2-personen-st-ives-cornwall\/\"><strong><span style=\"text-decoration: underline;\">Mehr<\/span><\/strong><\/a><\/td>\n<\/tr>\n<\/tbody>\n<\/table>\n<h3><\/h3>\n<h3><span style=\"color: #999999;\">Luxus Ferienhaus f\u00fcr 2 Personen &#8211; Falmouth, S\u00fcdk\u00fcste Cornwall<\/span><\/h3>\n<h3><\/h3>\n<table>\n<tbody>\n<tr>\n<td><img loading=\"lazy\" class=\"aligncenter size-full wp-image-6603\" style=\"border: 0pt none; padding: 0px;\" src=\"https:\/\/www.urlaubcornwall.de\/blog\/wp-content\/uploads\/2014\/04\/560014.jpg\" alt=\"\" width=\"148\" height=\"118\" \/><\/td>\n<td>In Gelb und Blau gehalten, werden das gl\u00e4nzende Wasser und die Sonnenstrahlen widergespiegelt; Retro Anglepoise Lampen, hohe Decken, urspr\u00fcnglich erhaltene Simse und Bilderreihen kr\u00f6nen im h\u00fcbschen Wohnzimmer hervorragende Meereskunst&#8230;<a href=\"https:\/\/www.urlaubcornwall.de\/blog\/luxus-ferienhaeuser-in-falmouth-falmouth-ferienhaeuser\/\"><strong><span style=\"text-decoration: underline;\">Mehr<\/span><\/strong><\/a><\/td>\n<\/tr>\n<\/tbody>\n<\/table>\n<h3><\/h3>\n<p><strong>M\u00f6chten Sie alle atemberaubende Unterk\u00fcnfte sehen, die Boutique Retreats zu bieten hat? <\/strong><\/p>\n<p><strong><a href=\"https:\/\/www.boutique-retreats.co.uk?utm_referral=urlaubcornwall.de\"  rel=\"nofollow\"><span style=\"text-decoration: underline;\">Klicken Sie hier<\/span>&gt;&gt;<\/a><\/strong><\/p>\n<p><strong>Ferienha\u00fcser<\/strong> <strong>Devon<\/strong><\/p>\n<h3><\/h3>\n<h3><span style=\"color: #999999;\">Luxus-Ferienhaus f\u00fcr 2 Personen, 3 km nordwestlich von Hartland, Norddevon, 1 Schlafzimmer<br \/>\n<\/span><\/h3>\n<h3><\/h3>\n<table>\n<tbody>\n<tr>\n<td><img loading=\"lazy\" class=\"aligncenter size-full wp-image-6603\" style=\"border: 0pt none; padding: 0px;\" src=\"https:\/\/www.urlaubcornwall.de\/blog\/wp-content\/uploads\/2014\/12\/ferienhaus-devon-am-meer_11.jpg\" alt=\"luxus ferienhaus devon\" width=\"148\" height=\"118\" \/><\/td>\n<td>Eine zauberhafte Kombination aus bewirtschaftetem Bauernhof, urigem Umbau der Kornkammer mit zeitgen\u00f6ssischer k\u00fcstenspezifischer Inneneinrichtung \u2013 nahe gelegen an der zerkl\u00fcfteten Nordk\u00fcste und dem rauschenden Ozean&#8230;&#8230;<a href=\"https:\/\/www.urlaubcornwall.de\/blog\/luxus-ferienhaus-devon-puffins-nest-am-meer\/\"><strong><span style=\"text-decoration: underline;\">Mehr<\/span><\/strong><\/a><\/td>\n<\/tr>\n<\/tbody>\n<\/table>\n<h3><\/h3>\n<p><strong>Ferienha\u00fcser<\/strong> <strong>Dorset<\/strong><\/p>\n<h3><\/h3>\n<h3><span style=\"color: #999999;\">Luxus-Ferienhaus f\u00fcr 6 Personen, 7 km \u00f6stlich von Lyme Regis, 3 Schlafzimmer<br \/>\n<\/span><\/h3>\n<h3><\/h3>\n<table>\n<tbody>\n<tr>\n<td><img loading=\"lazy\" class=\"aligncenter size-full wp-image-6603\" style=\"border: 0pt none; padding: 0px;\" src=\"https:\/\/www.urlaubcornwall.de\/blog\/wp-content\/uploads\/2014\/12\/600040_11.jpg\" alt=\"Luxus Ferienhaus Dorset)\" width=\"148\" height=\"118\" \/><\/td>\n<td>Lauschen Sie, wie die Kiesel von den Wellen bewegt werden; atmen Sie durch die B\u00e4ume hindurch die salzhaltige Luft ein; schlendern Sie an einem warmen Abend oder zum Mittagessen zum Gasthaus am Ufer, zum Beispiel im Anschluss an einen belebenden Spaziergang zu Dorsets ikonischer Sehensw\u00fcrdigkeit, Golden Cap, hoch \u00fcber der Ansiedlung Seatown gelegen&#8230;<a href=\"https:\/\/www.urlaubcornwall.de\/blog\/luxus-ferienhaus-dorset-das-strandhaus-lyme-regis-dorset\/\"><strong><span style=\"text-decoration: underline;\">Mehr<\/span><\/strong><\/a><\/td>\n<\/tr>\n<\/tbody>\n<\/table>\n","protected":false},"excerpt":{"rendered":"<p>Das perfekte Rezept f\u00fcr Boutique-Hotels, Luxusunterk\u00fcnfte &amp; erg\u00f6tzliche private Villen in Cornwall, Devon, Dorset \u2013 Luxus-Retreats vom Feinsten. Nehmen Sie die ganzen Vorz\u00fcge eines Boutique-Hotels &amp; mischen Sie diese mit einer sorgf\u00e4ltig ausgew\u00e4hlten Lage in Cornwall. F\u00fcgen Sie eine gro\u00dfz\u00fcgige Menge an Charakter, Privatsph\u00e4re &amp; individuell gestalteter Innenausstattung hinzu und voil\u00e0, Sie erhalten eine unserer [&hellip;]<\/p>\n","protected":false},"author":1,"featured_media":0,"parent":0,"menu_order":0,"comment_status":"closed","ping_status":"closed","template":"single-four.php","meta":[],"acf":[],"yoast_head":"<!-- This site is optimized with the Yoast SEO plugin v19.4 - https:\/\/yoast.com\/wordpress\/plugins\/seo\/ -->\n<title>Luxus Ferienh\u00e4user und exklusive Ferienwohnungen - Cornwall, Devon und Dorset - Urlaub &amp; Reisen<\/title>\n<meta name=\"robots\" content=\"index, follow, max-snippet:-1, max-image-preview:large, max-video-preview:-1\" \/>\n<link rel=\"canonical\" href=\"https:\/\/www.urlaubcornwall.de\/blog\/boutique-retreats-luxus-ferienhaueser-und-luxus-ferienwohnungen-in-cornwall\/\" \/>\n<meta property=\"og:locale\" content=\"en_US\" \/>\n<meta property=\"og:type\" content=\"article\" \/>\n<meta property=\"og:title\" content=\"Luxus Ferienh\u00e4user und exklusive Ferienwohnungen - Cornwall, Devon und Dorset - Urlaub &amp; Reisen\" \/>\n<meta property=\"og:description\" content=\"Das perfekte Rezept f\u00fcr Boutique-Hotels, Luxusunterk\u00fcnfte &amp; erg\u00f6tzliche private Villen in Cornwall, Devon, Dorset \u2013 Luxus-Retreats vom Feinsten. Nehmen Sie die ganzen Vorz\u00fcge eines Boutique-Hotels &amp; mischen Sie diese mit einer sorgf\u00e4ltig ausgew\u00e4hlten Lage in Cornwall. F\u00fcgen Sie eine gro\u00dfz\u00fcgige Menge an Charakter, Privatsph\u00e4re &amp; individuell gestalteter Innenausstattung hinzu und voil\u00e0, Sie erhalten eine unserer [&hellip;]\" \/>\n<meta property=\"og:url\" content=\"https:\/\/www.urlaubcornwall.de\/blog\/boutique-retreats-luxus-ferienhaueser-und-luxus-ferienwohnungen-in-cornwall\/\" \/>\n<meta property=\"og:site_name\" content=\"Urlaub &amp; Reisen\" \/>\n<meta property=\"article:modified_time\" content=\"2024-10-24T15:01:34+00:00\" \/>\n<meta property=\"og:image\" content=\"https:\/\/www.urlaubcornwall.de\/blog\/wp-content\/uploads\/2013\/02\/luxus-ferienhaus-st-ives.jpg\" \/>\n<meta name=\"twitter:card\" content=\"summary\" \/>\n<meta name=\"twitter:label1\" content=\"Est. reading time\" \/>\n\t<meta name=\"twitter:data1\" content=\"5 minutes\" \/>\n<script type=\"application\/ld+json\" class=\"yoast-schema-graph\">{\"@context\":\"https:\/\/schema.org\",\"@graph\":[{\"@type\":\"WebSite\",\"@id\":\"https:\/\/www.urlaubcornwall.de\/blog\/#website\",\"url\":\"https:\/\/www.urlaubcornwall.de\/blog\/\",\"name\":\"Urlaub &amp; Reisen\",\"description\":\"Urlaub, Reisen, Cornwall und S\u00fcdengland: eine perfekte Kombination\",\"potentialAction\":[{\"@type\":\"SearchAction\",\"target\":{\"@type\":\"EntryPoint\",\"urlTemplate\":\"https:\/\/www.urlaubcornwall.de\/blog\/?s={search_term_string}\"},\"query-input\":\"required name=search_term_string\"}],\"inLanguage\":\"en-US\"},{\"@type\":\"WebPage\",\"@id\":\"https:\/\/www.urlaubcornwall.de\/blog\/boutique-retreats-luxus-ferienhaueser-und-luxus-ferienwohnungen-in-cornwall\/\",\"url\":\"https:\/\/www.urlaubcornwall.de\/blog\/boutique-retreats-luxus-ferienhaueser-und-luxus-ferienwohnungen-in-cornwall\/\",\"name\":\"Luxus Ferienh\u00e4user und exklusive Ferienwohnungen - Cornwall, Devon und Dorset - Urlaub &amp; Reisen\",\"isPartOf\":{\"@id\":\"https:\/\/www.urlaubcornwall.de\/blog\/#website\"},\"datePublished\":\"2013-02-14T17:06:47+00:00\",\"dateModified\":\"2024-10-24T15:01:34+00:00\",\"breadcrumb\":{\"@id\":\"https:\/\/www.urlaubcornwall.de\/blog\/boutique-retreats-luxus-ferienhaueser-und-luxus-ferienwohnungen-in-cornwall\/#breadcrumb\"},\"inLanguage\":\"en-US\",\"potentialAction\":[{\"@type\":\"ReadAction\",\"target\":[\"https:\/\/www.urlaubcornwall.de\/blog\/boutique-retreats-luxus-ferienhaueser-und-luxus-ferienwohnungen-in-cornwall\/\"]}]},{\"@type\":\"BreadcrumbList\",\"@id\":\"https:\/\/www.urlaubcornwall.de\/blog\/boutique-retreats-luxus-ferienhaueser-und-luxus-ferienwohnungen-in-cornwall\/#breadcrumb\",\"itemListElement\":[{\"@type\":\"ListItem\",\"position\":1,\"name\":\"Home\",\"item\":\"https:\/\/www.urlaubcornwall.de\/blog\/\"},{\"@type\":\"ListItem\",\"position\":2,\"name\":\"Luxus Ferienh\u00e4user und exklusive Ferienwohnungen &#8211; Cornwall, Devon und Dorset\"}]}]}<\/script>\n<!-- \/ Yoast SEO plugin. -->","yoast_head_json":{"title":"Luxus Ferienh\u00e4user und exklusive Ferienwohnungen - Cornwall, Devon und Dorset - Urlaub &amp; Reisen","robots":{"index":"index","follow":"follow","max-snippet":"max-snippet:-1","max-image-preview":"max-image-preview:large","max-video-preview":"max-video-preview:-1"},"canonical":"https:\/\/www.urlaubcornwall.de\/blog\/boutique-retreats-luxus-ferienhaueser-und-luxus-ferienwohnungen-in-cornwall\/","og_locale":"en_US","og_type":"article","og_title":"Luxus Ferienh\u00e4user und exklusive Ferienwohnungen - Cornwall, Devon und Dorset - Urlaub &amp; Reisen","og_description":"Das perfekte Rezept f\u00fcr Boutique-Hotels, Luxusunterk\u00fcnfte &amp; erg\u00f6tzliche private Villen in Cornwall, Devon, Dorset \u2013 Luxus-Retreats vom Feinsten. Nehmen Sie die ganzen Vorz\u00fcge eines Boutique-Hotels &amp; mischen Sie diese mit einer sorgf\u00e4ltig ausgew\u00e4hlten Lage in Cornwall. F\u00fcgen Sie eine gro\u00dfz\u00fcgige Menge an Charakter, Privatsph\u00e4re &amp; individuell gestalteter Innenausstattung hinzu und voil\u00e0, Sie erhalten eine unserer [&hellip;]","og_url":"https:\/\/www.urlaubcornwall.de\/blog\/boutique-retreats-luxus-ferienhaueser-und-luxus-ferienwohnungen-in-cornwall\/","og_site_name":"Urlaub &amp; Reisen","article_modified_time":"2024-10-24T15:01:34+00:00","og_image":[{"url":"https:\/\/www.urlaubcornwall.de\/blog\/wp-content\/uploads\/2013\/02\/luxus-ferienhaus-st-ives.jpg"}],"twitter_card":"summary","twitter_misc":{"Est. reading time":"5 minutes"},"schema":{"@context":"https:\/\/schema.org","@graph":[{"@type":"WebSite","@id":"https:\/\/www.urlaubcornwall.de\/blog\/#website","url":"https:\/\/www.urlaubcornwall.de\/blog\/","name":"Urlaub &amp; Reisen","description":"Urlaub, Reisen, Cornwall und S\u00fcdengland: eine perfekte Kombination","potentialAction":[{"@type":"SearchAction","target":{"@type":"EntryPoint","urlTemplate":"https:\/\/www.urlaubcornwall.de\/blog\/?s={search_term_string}"},"query-input":"required name=search_term_string"}],"inLanguage":"en-US"},{"@type":"WebPage","@id":"https:\/\/www.urlaubcornwall.de\/blog\/boutique-retreats-luxus-ferienhaueser-und-luxus-ferienwohnungen-in-cornwall\/","url":"https:\/\/www.urlaubcornwall.de\/blog\/boutique-retreats-luxus-ferienhaueser-und-luxus-ferienwohnungen-in-cornwall\/","name":"Luxus Ferienh\u00e4user und exklusive Ferienwohnungen - Cornwall, Devon und Dorset - Urlaub &amp; Reisen","isPartOf":{"@id":"https:\/\/www.urlaubcornwall.de\/blog\/#website"},"datePublished":"2013-02-14T17:06:47+00:00","dateModified":"2024-10-24T15:01:34+00:00","breadcrumb":{"@id":"https:\/\/www.urlaubcornwall.de\/blog\/boutique-retreats-luxus-ferienhaueser-und-luxus-ferienwohnungen-in-cornwall\/#breadcrumb"},"inLanguage":"en-US","potentialAction":[{"@type":"ReadAction","target":["https:\/\/www.urlaubcornwall.de\/blog\/boutique-retreats-luxus-ferienhaueser-und-luxus-ferienwohnungen-in-cornwall\/"]}]},{"@type":"BreadcrumbList","@id":"https:\/\/www.urlaubcornwall.de\/blog\/boutique-retreats-luxus-ferienhaueser-und-luxus-ferienwohnungen-in-cornwall\/#breadcrumb","itemListElement":[{"@type":"ListItem","position":1,"name":"Home","item":"https:\/\/www.urlaubcornwall.de\/blog\/"},{"@type":"ListItem","position":2,"name":"Luxus Ferienh\u00e4user und exklusive Ferienwohnungen &#8211; Cornwall, Devon und Dorset"}]}]}},"_links":{"self":[{"href":"https:\/\/www.urlaubcornwall.de\/blog\/wp-json\/wp\/v2\/pages\/7666"}],"collection":[{"href":"https:\/\/www.urlaubcornwall.de\/blog\/wp-json\/wp\/v2\/pages"}],"about":[{"href":"https:\/\/www.urlaubcornwall.de\/blog\/wp-json\/wp\/v2\/types\/page"}],"author":[{"embeddable":true,"href":"https:\/\/www.urlaubcornwall.de\/blog\/wp-json\/wp\/v2\/users\/1"}],"replies":[{"embeddable":true,"href":"https:\/\/www.urlaubcornwall.de\/blog\/wp-json\/wp\/v2\/comments?post=7666"}],"version-history":[{"count":79,"href":"https:\/\/www.urlaubcornwall.de\/blog\/wp-json\/wp\/v2\/pages\/7666\/revisions"}],"predecessor-version":[{"id":51714,"href":"https:\/\/www.urlaubcornwall.de\/blog\/wp-json\/wp\/v2\/pages\/7666\/revisions\/51714"}],"wp:attachment":[{"href":"https:\/\/www.urlaubcornwall.de\/blog\/wp-json\/wp\/v2\/media?parent=7666"}],"curies":[{"name":"wp","href":"https:\/\/api.w.org\/{rel}","templated":true}]}}