{"id":7145,"date":"2013-01-14T15:34:33","date_gmt":"2013-01-14T15:34:33","guid":{"rendered":"https:\/\/www.urlaubcornwall.de\/blog\/?page_id=7145"},"modified":"2026-01-06T16:11:16","modified_gmt":"2026-01-06T16:11:16","slug":"heartlands-ist-die-groesste-attraktion-mit-freiem-eintritt-in-cornwall","status":"publish","type":"page","link":"https:\/\/www.urlaubcornwall.de\/blog\/heartlands-ist-die-groesste-attraktion-mit-freiem-eintritt-in-cornwall\/","title":{"rendered":"Heartlands ist die gr\u00f6\u00dfte Attraktion mit freiem Eintritt in Cornwall!"},"content":{"rendered":"<p><strong>Besucherinformation<\/strong> &#8211; Heartlands ist die gr\u00f6\u00dfte Attraktion mit freiem Eintritt in Cornwall, bei der es eine Menge zu entdecken und erleben gibt, f\u00fcr Erwachsene und Kinder gleicherma\u00dfen. Diese Region im Zentrum von Cornwall, ehemals weltber\u00fchmt f\u00fcr den kornischen Zinnabbau, wurde zur Weltkulturerbest\u00e4tte ausgebaut und ist bei jedem Wetter einen Tagesausflug wert. Heartlands bietet u.a. folgende Attraktionen:<\/p>\n<p><strong>Abenteuerspielplatz<\/strong> \u2013 Kinder werden es lieben, den gr\u00f6\u00dften kostenfreien Spielplatz der Region zu erforschen und dort herumtollen zu k\u00f6nnen.<\/p>\n<p><strong>Die botanischen G\u00e4rten Diaspora<\/strong> \u2013 Pflanzen und Blumen aus der ganzen Welt gedeihen hier im kornischen Klima.<\/p>\n<p><strong>Das Red River Caf\u00e9<\/strong> \u2013 serviert Ihnen eine schmackhafte Auswahl an Cornish Pasties, Mittagessen sowie einen kleinen Imbiss den ganzen Tag \u00fcber.<\/p>\n<p><strong>Weltkulturerbe-Ausstellungen<\/strong> \u2013 Entdecken Sie, wodurch Cornwall anf\u00e4nglich seine Bedeutung erlangt hat. Schauen Sie sich die interaktiven geologischen und historischen Ausstellungen mit eindrucksvollen Original-Dampfmaschinen n\u00e4her an und lassen Sie sich von Erz\u00e4hlungen \u00fcber das Leben der Bergarbeiter in das alte Cornwall zur\u00fcckversetzen.<\/p>\n<p><strong>Besucherzentrum und Laden<\/strong> \u2013 eine gro\u00dfartige Informationsquelle \u00fcber Heartlands, der Umgebung von Camborne und weiteren kornischen Attraktionen, wie das <a href=\"https:\/\/www.urlaubcornwall.de\/blog\/all-das-was-sie-schon-immer-ueber-das-eden-project-wissen-wollten\/\">Eden Project<\/a> und das Tate St Ives. Eine einzigartige interaktive Karte hilft Ihnen dabei, Ihren restlichen Urlaub in Cornwall zu gestalten.<\/p>\n<p><strong>F\u00fcr weitere Informationen, besuchen Sie die <span style=\"text-decoration: underline;\"><strong><a onclick=\"_gaq.push(['_trackEvent','Heartlands Text Link',' http:\/\/www.heartlandscornwall.com\/ ','outbound links']);\" href=\"http:\/\/www.heartlandscornwall.com\/\" target=\"_blank\" rel=\"nofollow noopener noreferrer\">Webseite des Heartlands&gt;&gt;<\/a><\/strong><\/span> <\/strong><\/p>\n<p><b>Heartlands Geschichte<\/b> &#8211; Heartlands feiert das Zeitalter, in dem der Bergbau in Cornwall eines der weltweit lukrativsten Industrien war und die kornischen Bergarbeiter auf der ganzen Welt gefragt waren, um neue Projekte zu leiten. Es ist ein derart bedeutender Ort, dass die UNESCO Heartlands als eine Weltkulturerbest\u00e4tte anerkannt hat, und es dadurch mit Denkm\u00e4lern, wie die Akropolis und dem Taj Mahal gleichgesetzt hat als einen Ort von weltweiter kultureller Bedeutung. Heartlands verf\u00fcgt \u00fcber einige unglaubliche Exemplare der in Cornwall erfundenen leistungsstarken Dampfmaschinen, die zur Metallgewinnung tief unter Tage eingesetzt wurden. Interaktive Versuchstafeln laden zum Anfassen der Edelmetalle ein und Sie k\u00f6nnen erfahren, wie diese aus dem Felsgestein extrahiert wurden. H\u00f6ren Sie dabei Geschichten \u00fcber die mutigen und pionierhaften kornischen Landsm\u00e4nner, die diese gef\u00e4hrliche Arbeit verrichteten.<\/p>\n<p><b>Events<\/b> &#8211; In 2013 wird Heartlands das ganze Jahr hindurch eine Vielfalt von Events veranstalten, bei denen es von seinen fantastischen Innen- und Au\u00dfenanlagen Gebrauch macht. Von Kulturerbewochenenden \u00fcber Bauernm\u00e4rkte bis hin zu Dinner- und Musikabenden im Red River Caf\u00e9 wird es im Heartlands auf keinen Fall langweilig. T\u00e4glich gibt es von einheimischen Experten gef\u00fchrte Touren durch die Maschinenh\u00e4user sowie Mal- und Bastel-Workshops, damit sich die ganze Familie vergn\u00fcgen kann.<\/p>\n<p>Heartlands befindet sich genau im Zentrum von Cornwall, nahe der St\u00e4dtchen Camborne und Redruth. Durch seine zentrale Lage ist es nur eine drei\u00dfigmin\u00fctige Autofahrt von Falmouth an der S\u00fcdk\u00fcste, Newquay an der Nordk\u00fcste und Penzance im Westen entfernt. <\/p>\n<p><iframe loading=\"lazy\" src=\"https:\/\/maps.google.com\/maps\/ms?msa=0&amp;msid=218115240156722179945.0004d37a758e1957246b0&amp;hl=en&amp;ie=UTF8&amp;t=m&amp;ll=50.250718,-5.270691&amp;spn=0.210749,0.439453&amp;z=11&amp;iwloc=0004d37a899a1559d562b&amp;output=embed\" height=\"480\" width=\"640\" frameborder=\"0\" marginwidth=\"0\" marginheight=\"0\" scrolling=\"no\"><\/iframe> <small>View <a style=\"color: #0000ff; text-align: left;\" href=\"https:\/\/maps.google.com\/maps\/ms?msa=0&amp;msid=218115240156722179945.0004d37a758e1957246b0&amp;hl=en&amp;ie=UTF8&amp;t=m&amp;ll=50.250718,-5.270691&amp;spn=0.210749,0.439453&amp;z=11&amp;iwloc=0004d37a899a1559d562b&amp;source=embed\">Heartlands<\/a> in a larger map<\/small> <\/p>\n","protected":false},"excerpt":{"rendered":"<p>Besucherinformation &#8211; Heartlands ist die gr\u00f6\u00dfte Attraktion mit freiem Eintritt in Cornwall, bei der es eine Menge zu entdecken und erleben gibt, f\u00fcr Erwachsene und Kinder gleicherma\u00dfen. Diese Region im Zentrum von Cornwall, ehemals weltber\u00fchmt f\u00fcr den kornischen Zinnabbau, wurde zur Weltkulturerbest\u00e4tte ausgebaut und ist bei jedem Wetter einen Tagesausflug wert. Heartlands bietet u.a. folgende [&hellip;]<\/p>\n","protected":false},"author":1,"featured_media":0,"parent":0,"menu_order":0,"comment_status":"closed","ping_status":"closed","template":"single-three.php","meta":[],"acf":[],"yoast_head":"<!-- This site is optimized with the Yoast SEO plugin v19.4 - https:\/\/yoast.com\/wordpress\/plugins\/seo\/ -->\n<title>Heartlands ist die gr\u00f6\u00dfte Attraktion mit freiem Eintritt in Cornwall! - Urlaub &amp; Reisen<\/title>\n<meta name=\"robots\" content=\"index, follow, max-snippet:-1, max-image-preview:large, max-video-preview:-1\" \/>\n<link rel=\"canonical\" href=\"https:\/\/www.urlaubcornwall.de\/blog\/heartlands-ist-die-groesste-attraktion-mit-freiem-eintritt-in-cornwall\/\" \/>\n<meta property=\"og:locale\" content=\"en_US\" \/>\n<meta property=\"og:type\" content=\"article\" \/>\n<meta property=\"og:title\" content=\"Heartlands ist die gr\u00f6\u00dfte Attraktion mit freiem Eintritt in Cornwall! - Urlaub &amp; Reisen\" \/>\n<meta property=\"og:description\" content=\"Besucherinformation &#8211; Heartlands ist die gr\u00f6\u00dfte Attraktion mit freiem Eintritt in Cornwall, bei der es eine Menge zu entdecken und erleben gibt, f\u00fcr Erwachsene und Kinder gleicherma\u00dfen. Diese Region im Zentrum von Cornwall, ehemals weltber\u00fchmt f\u00fcr den kornischen Zinnabbau, wurde zur Weltkulturerbest\u00e4tte ausgebaut und ist bei jedem Wetter einen Tagesausflug wert. Heartlands bietet u.a. folgende [&hellip;]\" \/>\n<meta property=\"og:url\" content=\"https:\/\/www.urlaubcornwall.de\/blog\/heartlands-ist-die-groesste-attraktion-mit-freiem-eintritt-in-cornwall\/\" \/>\n<meta property=\"og:site_name\" content=\"Urlaub &amp; Reisen\" \/>\n<meta property=\"article:modified_time\" content=\"2026-01-06T16:11:16+00:00\" \/>\n<meta name=\"twitter:card\" content=\"summary\" \/>\n<meta name=\"twitter:label1\" content=\"Est. reading time\" \/>\n\t<meta name=\"twitter:data1\" content=\"2 minutes\" \/>\n<script type=\"application\/ld+json\" class=\"yoast-schema-graph\">{\"@context\":\"https:\/\/schema.org\",\"@graph\":[{\"@type\":\"WebSite\",\"@id\":\"https:\/\/www.urlaubcornwall.de\/blog\/#website\",\"url\":\"https:\/\/www.urlaubcornwall.de\/blog\/\",\"name\":\"Urlaub &amp; Reisen\",\"description\":\"Urlaub, Reisen, Cornwall und S\u00fcdengland: eine perfekte Kombination\",\"potentialAction\":[{\"@type\":\"SearchAction\",\"target\":{\"@type\":\"EntryPoint\",\"urlTemplate\":\"https:\/\/www.urlaubcornwall.de\/blog\/?s={search_term_string}\"},\"query-input\":\"required name=search_term_string\"}],\"inLanguage\":\"en-US\"},{\"@type\":\"WebPage\",\"@id\":\"https:\/\/www.urlaubcornwall.de\/blog\/heartlands-ist-die-groesste-attraktion-mit-freiem-eintritt-in-cornwall\/\",\"url\":\"https:\/\/www.urlaubcornwall.de\/blog\/heartlands-ist-die-groesste-attraktion-mit-freiem-eintritt-in-cornwall\/\",\"name\":\"Heartlands ist die gr\u00f6\u00dfte Attraktion mit freiem Eintritt in Cornwall! - Urlaub &amp; Reisen\",\"isPartOf\":{\"@id\":\"https:\/\/www.urlaubcornwall.de\/blog\/#website\"},\"datePublished\":\"2013-01-14T15:34:33+00:00\",\"dateModified\":\"2026-01-06T16:11:16+00:00\",\"breadcrumb\":{\"@id\":\"https:\/\/www.urlaubcornwall.de\/blog\/heartlands-ist-die-groesste-attraktion-mit-freiem-eintritt-in-cornwall\/#breadcrumb\"},\"inLanguage\":\"en-US\",\"potentialAction\":[{\"@type\":\"ReadAction\",\"target\":[\"https:\/\/www.urlaubcornwall.de\/blog\/heartlands-ist-die-groesste-attraktion-mit-freiem-eintritt-in-cornwall\/\"]}]},{\"@type\":\"BreadcrumbList\",\"@id\":\"https:\/\/www.urlaubcornwall.de\/blog\/heartlands-ist-die-groesste-attraktion-mit-freiem-eintritt-in-cornwall\/#breadcrumb\",\"itemListElement\":[{\"@type\":\"ListItem\",\"position\":1,\"name\":\"Home\",\"item\":\"https:\/\/www.urlaubcornwall.de\/blog\/\"},{\"@type\":\"ListItem\",\"position\":2,\"name\":\"Heartlands ist die gr\u00f6\u00dfte Attraktion mit freiem Eintritt in Cornwall!\"}]}]}<\/script>\n<!-- \/ Yoast SEO plugin. -->","yoast_head_json":{"title":"Heartlands ist die gr\u00f6\u00dfte Attraktion mit freiem Eintritt in Cornwall! - Urlaub &amp; Reisen","robots":{"index":"index","follow":"follow","max-snippet":"max-snippet:-1","max-image-preview":"max-image-preview:large","max-video-preview":"max-video-preview:-1"},"canonical":"https:\/\/www.urlaubcornwall.de\/blog\/heartlands-ist-die-groesste-attraktion-mit-freiem-eintritt-in-cornwall\/","og_locale":"en_US","og_type":"article","og_title":"Heartlands ist die gr\u00f6\u00dfte Attraktion mit freiem Eintritt in Cornwall! - Urlaub &amp; Reisen","og_description":"Besucherinformation &#8211; Heartlands ist die gr\u00f6\u00dfte Attraktion mit freiem Eintritt in Cornwall, bei der es eine Menge zu entdecken und erleben gibt, f\u00fcr Erwachsene und Kinder gleicherma\u00dfen. Diese Region im Zentrum von Cornwall, ehemals weltber\u00fchmt f\u00fcr den kornischen Zinnabbau, wurde zur Weltkulturerbest\u00e4tte ausgebaut und ist bei jedem Wetter einen Tagesausflug wert. Heartlands bietet u.a. folgende [&hellip;]","og_url":"https:\/\/www.urlaubcornwall.de\/blog\/heartlands-ist-die-groesste-attraktion-mit-freiem-eintritt-in-cornwall\/","og_site_name":"Urlaub &amp; Reisen","article_modified_time":"2026-01-06T16:11:16+00:00","twitter_card":"summary","twitter_misc":{"Est. reading time":"2 minutes"},"schema":{"@context":"https:\/\/schema.org","@graph":[{"@type":"WebSite","@id":"https:\/\/www.urlaubcornwall.de\/blog\/#website","url":"https:\/\/www.urlaubcornwall.de\/blog\/","name":"Urlaub &amp; Reisen","description":"Urlaub, Reisen, Cornwall und S\u00fcdengland: eine perfekte Kombination","potentialAction":[{"@type":"SearchAction","target":{"@type":"EntryPoint","urlTemplate":"https:\/\/www.urlaubcornwall.de\/blog\/?s={search_term_string}"},"query-input":"required name=search_term_string"}],"inLanguage":"en-US"},{"@type":"WebPage","@id":"https:\/\/www.urlaubcornwall.de\/blog\/heartlands-ist-die-groesste-attraktion-mit-freiem-eintritt-in-cornwall\/","url":"https:\/\/www.urlaubcornwall.de\/blog\/heartlands-ist-die-groesste-attraktion-mit-freiem-eintritt-in-cornwall\/","name":"Heartlands ist die gr\u00f6\u00dfte Attraktion mit freiem Eintritt in Cornwall! - Urlaub &amp; Reisen","isPartOf":{"@id":"https:\/\/www.urlaubcornwall.de\/blog\/#website"},"datePublished":"2013-01-14T15:34:33+00:00","dateModified":"2026-01-06T16:11:16+00:00","breadcrumb":{"@id":"https:\/\/www.urlaubcornwall.de\/blog\/heartlands-ist-die-groesste-attraktion-mit-freiem-eintritt-in-cornwall\/#breadcrumb"},"inLanguage":"en-US","potentialAction":[{"@type":"ReadAction","target":["https:\/\/www.urlaubcornwall.de\/blog\/heartlands-ist-die-groesste-attraktion-mit-freiem-eintritt-in-cornwall\/"]}]},{"@type":"BreadcrumbList","@id":"https:\/\/www.urlaubcornwall.de\/blog\/heartlands-ist-die-groesste-attraktion-mit-freiem-eintritt-in-cornwall\/#breadcrumb","itemListElement":[{"@type":"ListItem","position":1,"name":"Home","item":"https:\/\/www.urlaubcornwall.de\/blog\/"},{"@type":"ListItem","position":2,"name":"Heartlands ist die gr\u00f6\u00dfte Attraktion mit freiem Eintritt in Cornwall!"}]}]}},"_links":{"self":[{"href":"https:\/\/www.urlaubcornwall.de\/blog\/wp-json\/wp\/v2\/pages\/7145"}],"collection":[{"href":"https:\/\/www.urlaubcornwall.de\/blog\/wp-json\/wp\/v2\/pages"}],"about":[{"href":"https:\/\/www.urlaubcornwall.de\/blog\/wp-json\/wp\/v2\/types\/page"}],"author":[{"embeddable":true,"href":"https:\/\/www.urlaubcornwall.de\/blog\/wp-json\/wp\/v2\/users\/1"}],"replies":[{"embeddable":true,"href":"https:\/\/www.urlaubcornwall.de\/blog\/wp-json\/wp\/v2\/comments?post=7145"}],"version-history":[{"count":50,"href":"https:\/\/www.urlaubcornwall.de\/blog\/wp-json\/wp\/v2\/pages\/7145\/revisions"}],"predecessor-version":[{"id":51973,"href":"https:\/\/www.urlaubcornwall.de\/blog\/wp-json\/wp\/v2\/pages\/7145\/revisions\/51973"}],"wp:attachment":[{"href":"https:\/\/www.urlaubcornwall.de\/blog\/wp-json\/wp\/v2\/media?parent=7145"}],"curies":[{"name":"wp","href":"https:\/\/api.w.org\/{rel}","templated":true}]}}