{"id":5337,"date":"2012-10-07T15:32:52","date_gmt":"2012-10-07T15:32:52","guid":{"rendered":"https:\/\/www.urlaubcornwall.de\/blog\/?page_id=5337"},"modified":"2020-09-22T10:05:22","modified_gmt":"2020-09-22T10:05:22","slug":"das-primrose-valley-hotel-in-st-ives-ein-boutique-hotel-auf-die-oekofreundliche-art","status":"publish","type":"page","link":"https:\/\/www.urlaubcornwall.de\/blog\/das-primrose-valley-hotel-in-st-ives-ein-boutique-hotel-auf-die-oekofreundliche-art\/","title":{"rendered":"Das Primrose House Hotel in St Ives: Ein Boutique-Hotel auf die \u00f6kofreundliche Art."},"content":{"rendered":"<p><strong>Unsere Bewertung<\/strong> &#8211; Wir haben dieses <a href=\"https:\/\/www.booking.com\/hotel\/gb\/primrose-valley.html?aid=1320750&#038;no_rooms=1&#038;group_adults=2&#038;room1=A%2CA\"rel=\"nofollow\">perfekte kleine Hotel mit Seeblick in St Ives<\/a> gleich neben dem bekannten Porthminster Beach entdeckt. Es hat so viel mehr zu bieten als ein modernes Bed &amp; Breakfast oder ein typisches Gro\u00dfhotel. Hier finden Sie sehr preisg\u00fcnstige, aber elegante Unterkunft in einem Boutique-Hotel mit einem Hauch Luxus, der sonst nur in teureren Hotels zu erwarten ist.<\/p>\n<p>Besonders begeistert waren wir von der Detailliebe und der Qualit\u00e4t der Zimmer und noch mehr von Hingabe, mit der G\u00e4ste so nachhaltig wie m\u00f6glich unterkommen &#8211; was dem Hotel die Gold-Auszeichnung als erstes Hotel in Cornwall mit Umweltzertifikat einbrachte. Ebenso wichtig ist die Unterst\u00fctzung der \u00f6rtlichen Wirtschaft durch den Einsatz von Lieferanten aus Cornwall. Ein Gro\u00dfteil der Speisen, des Weins und sogar des Tees stammt von Produzenten in Cornwall.<\/p>\n<p><strong>Zimmer<\/strong><\/p>\n<p>Manche Zimmer \u00fcberblicken die Bucht von St Ives und den Atlantik, aber nicht alle. Manche sind pastellfarben und hell, andere haben tiefere, dunklere Designs. Aber alle haben luxuri\u00f6se, handgestickte Matratzen, gro\u00dfe kuschelig weiche Handt\u00fccher und hochwertige Kissen gemeinsam.<\/p>\n<p>Im Hotel gibt es ein wundersch\u00f6nes Luxus-Hotelapartment in kontempor\u00e4rem Design, mit Detailliebe, Technologie, Komfort und Qualit\u00e4t. Das ger\u00e4umige Badezimmer besticht durch herrliche Beleuchtung und Armaturen von Phillipe Starck. Unserer Meinung nach eignet es sich ideal f\u00fcr einen romantischen Urlaub in Cornwall.<\/p>\n<p><strong>St Ives<\/strong> &#8211; Eine einzigartige Hafenstadt mit reicher Geschichte und einer f\u00fchrenden Rolle in der britischen Kunst des 20. Jahrhunderts. Die vielen lebhaften kleinen Kunstgalerien, die Gemeinschaft der hier arbeitenden K\u00fcnstler halten diese Tradition ebenso am Leben wie das Tate St Ives. Hier finden Sie familienfreundliche Str\u00e4nde der Weltklasse, eine enorme Vielfalt an hervorragenden Restaurants, Caf\u00e9s und Bars. Die engen verschlungenen G\u00e4sschen verlocken mit ihren vielen kleinen Gesch\u00e4ften.<\/p>\n<p style=\"text-align: center;\"><a class=\"tidycta\" href=\"htts:\/\/www.booking.com\/hotel\/gb\/primrose-valley.html?aid=1320750&#038;no_rooms=1&#038;group_adults=2&#038;room1=A%2CA\" rel=\"nofollow\">Verf\u00fcgbarkeit pr\u00fcfen<\/a><\/p>\n<p style=\"text-align: center;\"><b>Klicken Sie <\/b><strong>hie<\/strong>r<b>, um sich unser vollst\u00e4ndiges Angebot der besten <a href=\"https:\/\/www.urlaubcornwall.de\/hotels.php\">Hotels in Cornwall&gt;&gt;<\/a><\/b><\/p>\n","protected":false},"excerpt":{"rendered":"<p>Unsere Bewertung &#8211; Wir haben dieses perfekte kleine Hotel mit Seeblick in St Ives gleich neben dem bekannten Porthminster Beach entdeckt. Es hat so viel mehr zu bieten als ein modernes Bed &amp; Breakfast oder ein typisches Gro\u00dfhotel. Hier finden Sie sehr preisg\u00fcnstige, aber elegante Unterkunft in einem Boutique-Hotel mit einem Hauch Luxus, der sonst [&hellip;]<\/p>\n","protected":false},"author":1,"featured_media":0,"parent":0,"menu_order":0,"comment_status":"closed","ping_status":"closed","template":"single-three.php","meta":[],"acf":[],"yoast_head":"<!-- This site is optimized with the Yoast SEO plugin v19.4 - https:\/\/yoast.com\/wordpress\/plugins\/seo\/ -->\n<title>Das Primrose House Hotel in St Ives: Ein Boutique-Hotel auf die \u00f6kofreundliche Art. - Urlaub &amp; Reisen<\/title>\n<meta name=\"robots\" content=\"index, follow, max-snippet:-1, max-image-preview:large, max-video-preview:-1\" \/>\n<link rel=\"canonical\" href=\"https:\/\/www.urlaubcornwall.de\/blog\/das-primrose-valley-hotel-in-st-ives-ein-boutique-hotel-auf-die-oekofreundliche-art\/\" \/>\n<meta property=\"og:locale\" content=\"en_US\" \/>\n<meta property=\"og:type\" content=\"article\" \/>\n<meta property=\"og:title\" content=\"Das Primrose House Hotel in St Ives: Ein Boutique-Hotel auf die \u00f6kofreundliche Art. - Urlaub &amp; Reisen\" \/>\n<meta property=\"og:description\" content=\"Unsere Bewertung &#8211; Wir haben dieses perfekte kleine Hotel mit Seeblick in St Ives gleich neben dem bekannten Porthminster Beach entdeckt. Es hat so viel mehr zu bieten als ein modernes Bed &amp; Breakfast oder ein typisches Gro\u00dfhotel. Hier finden Sie sehr preisg\u00fcnstige, aber elegante Unterkunft in einem Boutique-Hotel mit einem Hauch Luxus, der sonst [&hellip;]\" \/>\n<meta property=\"og:url\" content=\"https:\/\/www.urlaubcornwall.de\/blog\/das-primrose-valley-hotel-in-st-ives-ein-boutique-hotel-auf-die-oekofreundliche-art\/\" \/>\n<meta property=\"og:site_name\" content=\"Urlaub &amp; Reisen\" \/>\n<meta property=\"article:modified_time\" content=\"2020-09-22T10:05:22+00:00\" \/>\n<meta name=\"twitter:card\" content=\"summary\" \/>\n<meta name=\"twitter:label1\" content=\"Est. reading time\" \/>\n\t<meta name=\"twitter:data1\" content=\"2 minutes\" \/>\n<script type=\"application\/ld+json\" class=\"yoast-schema-graph\">{\"@context\":\"https:\/\/schema.org\",\"@graph\":[{\"@type\":\"WebSite\",\"@id\":\"https:\/\/www.urlaubcornwall.de\/blog\/#website\",\"url\":\"https:\/\/www.urlaubcornwall.de\/blog\/\",\"name\":\"Urlaub &amp; Reisen\",\"description\":\"Urlaub, Reisen, Cornwall und S\u00fcdengland: eine perfekte Kombination\",\"potentialAction\":[{\"@type\":\"SearchAction\",\"target\":{\"@type\":\"EntryPoint\",\"urlTemplate\":\"https:\/\/www.urlaubcornwall.de\/blog\/?s={search_term_string}\"},\"query-input\":\"required name=search_term_string\"}],\"inLanguage\":\"en-US\"},{\"@type\":\"WebPage\",\"@id\":\"https:\/\/www.urlaubcornwall.de\/blog\/das-primrose-valley-hotel-in-st-ives-ein-boutique-hotel-auf-die-oekofreundliche-art\/\",\"url\":\"https:\/\/www.urlaubcornwall.de\/blog\/das-primrose-valley-hotel-in-st-ives-ein-boutique-hotel-auf-die-oekofreundliche-art\/\",\"name\":\"Das Primrose House Hotel in St Ives: Ein Boutique-Hotel auf die \u00f6kofreundliche Art. - Urlaub &amp; Reisen\",\"isPartOf\":{\"@id\":\"https:\/\/www.urlaubcornwall.de\/blog\/#website\"},\"datePublished\":\"2012-10-07T15:32:52+00:00\",\"dateModified\":\"2020-09-22T10:05:22+00:00\",\"breadcrumb\":{\"@id\":\"https:\/\/www.urlaubcornwall.de\/blog\/das-primrose-valley-hotel-in-st-ives-ein-boutique-hotel-auf-die-oekofreundliche-art\/#breadcrumb\"},\"inLanguage\":\"en-US\",\"potentialAction\":[{\"@type\":\"ReadAction\",\"target\":[\"https:\/\/www.urlaubcornwall.de\/blog\/das-primrose-valley-hotel-in-st-ives-ein-boutique-hotel-auf-die-oekofreundliche-art\/\"]}]},{\"@type\":\"BreadcrumbList\",\"@id\":\"https:\/\/www.urlaubcornwall.de\/blog\/das-primrose-valley-hotel-in-st-ives-ein-boutique-hotel-auf-die-oekofreundliche-art\/#breadcrumb\",\"itemListElement\":[{\"@type\":\"ListItem\",\"position\":1,\"name\":\"Home\",\"item\":\"https:\/\/www.urlaubcornwall.de\/blog\/\"},{\"@type\":\"ListItem\",\"position\":2,\"name\":\"Das Primrose House Hotel in St Ives: Ein Boutique-Hotel auf die \u00f6kofreundliche Art.\"}]}]}<\/script>\n<!-- \/ Yoast SEO plugin. -->","yoast_head_json":{"title":"Das Primrose House Hotel in St Ives: Ein Boutique-Hotel auf die \u00f6kofreundliche Art. - Urlaub &amp; Reisen","robots":{"index":"index","follow":"follow","max-snippet":"max-snippet:-1","max-image-preview":"max-image-preview:large","max-video-preview":"max-video-preview:-1"},"canonical":"https:\/\/www.urlaubcornwall.de\/blog\/das-primrose-valley-hotel-in-st-ives-ein-boutique-hotel-auf-die-oekofreundliche-art\/","og_locale":"en_US","og_type":"article","og_title":"Das Primrose House Hotel in St Ives: Ein Boutique-Hotel auf die \u00f6kofreundliche Art. - Urlaub &amp; Reisen","og_description":"Unsere Bewertung &#8211; Wir haben dieses perfekte kleine Hotel mit Seeblick in St Ives gleich neben dem bekannten Porthminster Beach entdeckt. Es hat so viel mehr zu bieten als ein modernes Bed &amp; Breakfast oder ein typisches Gro\u00dfhotel. Hier finden Sie sehr preisg\u00fcnstige, aber elegante Unterkunft in einem Boutique-Hotel mit einem Hauch Luxus, der sonst [&hellip;]","og_url":"https:\/\/www.urlaubcornwall.de\/blog\/das-primrose-valley-hotel-in-st-ives-ein-boutique-hotel-auf-die-oekofreundliche-art\/","og_site_name":"Urlaub &amp; Reisen","article_modified_time":"2020-09-22T10:05:22+00:00","twitter_card":"summary","twitter_misc":{"Est. reading time":"2 minutes"},"schema":{"@context":"https:\/\/schema.org","@graph":[{"@type":"WebSite","@id":"https:\/\/www.urlaubcornwall.de\/blog\/#website","url":"https:\/\/www.urlaubcornwall.de\/blog\/","name":"Urlaub &amp; Reisen","description":"Urlaub, Reisen, Cornwall und S\u00fcdengland: eine perfekte Kombination","potentialAction":[{"@type":"SearchAction","target":{"@type":"EntryPoint","urlTemplate":"https:\/\/www.urlaubcornwall.de\/blog\/?s={search_term_string}"},"query-input":"required name=search_term_string"}],"inLanguage":"en-US"},{"@type":"WebPage","@id":"https:\/\/www.urlaubcornwall.de\/blog\/das-primrose-valley-hotel-in-st-ives-ein-boutique-hotel-auf-die-oekofreundliche-art\/","url":"https:\/\/www.urlaubcornwall.de\/blog\/das-primrose-valley-hotel-in-st-ives-ein-boutique-hotel-auf-die-oekofreundliche-art\/","name":"Das Primrose House Hotel in St Ives: Ein Boutique-Hotel auf die \u00f6kofreundliche Art. - Urlaub &amp; Reisen","isPartOf":{"@id":"https:\/\/www.urlaubcornwall.de\/blog\/#website"},"datePublished":"2012-10-07T15:32:52+00:00","dateModified":"2020-09-22T10:05:22+00:00","breadcrumb":{"@id":"https:\/\/www.urlaubcornwall.de\/blog\/das-primrose-valley-hotel-in-st-ives-ein-boutique-hotel-auf-die-oekofreundliche-art\/#breadcrumb"},"inLanguage":"en-US","potentialAction":[{"@type":"ReadAction","target":["https:\/\/www.urlaubcornwall.de\/blog\/das-primrose-valley-hotel-in-st-ives-ein-boutique-hotel-auf-die-oekofreundliche-art\/"]}]},{"@type":"BreadcrumbList","@id":"https:\/\/www.urlaubcornwall.de\/blog\/das-primrose-valley-hotel-in-st-ives-ein-boutique-hotel-auf-die-oekofreundliche-art\/#breadcrumb","itemListElement":[{"@type":"ListItem","position":1,"name":"Home","item":"https:\/\/www.urlaubcornwall.de\/blog\/"},{"@type":"ListItem","position":2,"name":"Das Primrose House Hotel in St Ives: Ein Boutique-Hotel auf die \u00f6kofreundliche Art."}]}]}},"_links":{"self":[{"href":"https:\/\/www.urlaubcornwall.de\/blog\/wp-json\/wp\/v2\/pages\/5337"}],"collection":[{"href":"https:\/\/www.urlaubcornwall.de\/blog\/wp-json\/wp\/v2\/pages"}],"about":[{"href":"https:\/\/www.urlaubcornwall.de\/blog\/wp-json\/wp\/v2\/types\/page"}],"author":[{"embeddable":true,"href":"https:\/\/www.urlaubcornwall.de\/blog\/wp-json\/wp\/v2\/users\/1"}],"replies":[{"embeddable":true,"href":"https:\/\/www.urlaubcornwall.de\/blog\/wp-json\/wp\/v2\/comments?post=5337"}],"version-history":[{"count":63,"href":"https:\/\/www.urlaubcornwall.de\/blog\/wp-json\/wp\/v2\/pages\/5337\/revisions"}],"predecessor-version":[{"id":40768,"href":"https:\/\/www.urlaubcornwall.de\/blog\/wp-json\/wp\/v2\/pages\/5337\/revisions\/40768"}],"wp:attachment":[{"href":"https:\/\/www.urlaubcornwall.de\/blog\/wp-json\/wp\/v2\/media?parent=5337"}],"curies":[{"name":"wp","href":"https:\/\/api.w.org\/{rel}","templated":true}]}}