{"id":51872,"date":"2025-06-06T10:31:04","date_gmt":"2025-06-06T10:31:04","guid":{"rendered":"https:\/\/www.urlaubcornwall.de\/blog\/?page_id=51872"},"modified":"2026-01-05T11:52:50","modified_gmt":"2026-01-05T11:52:50","slug":"was-kann-man-im-urlaub-in-fowey-am-besten-unternehmen","status":"publish","type":"page","link":"https:\/\/www.urlaubcornwall.de\/blog\/was-kann-man-im-urlaub-in-fowey-am-besten-unternehmen\/","title":{"rendered":"Was kann man im Urlaub in Fowey am besten unternehmen?"},"content":{"rendered":"<p><a href=\"https:\/\/www.urlaubcornwall.de\/blog\/wp-content\/uploads\/2026\/01\/IMG_8762_edit.jpg\"><img loading=\"lazy\" src=\"https:\/\/www.urlaubcornwall.de\/blog\/wp-content\/uploads\/2026\/01\/IMG_8762_edit.jpg\" alt=\"\" width=\"749\" height=\"633\" class=\"alignnone size-full wp-image-51939\" \/><\/a><\/p>\n<p>Wenn Sie f\u00fcr Ihren <a href=\"https:\/\/www.urlaubcornwall.de\/ferienhaeuser-fewos\/suedkueste-cornwall.html\">Urlaub in S\u00fcd-Cornwall<\/a> eine authentische Stadt im Cornwall-Stil oder eine Unterkunft suchen, sind Sie im <a href=\"https:\/\/www.urlaubcornwall.de\/ferienhaeuser-fewos\/fowey.html\">fantastischen Fowey<\/a> genau richtig. Diese malerische Hafenstadt liegt versteckt an Cornwalls h\u00fcbscher S\u00fcdk\u00fcste, und ihre verwinkelten Gassen verstr\u00f6men eine unwiderstehliche Mischung aus maritimem Erbe, nat\u00fcrlicher Sch\u00f6nheit und literarischer Tradition.<\/p>\n<p>Vom gesch\u00e4ftigen Hafen und der reichen Segeltradition bis hin zur maritimen Geschichte, die in Sehensw\u00fcrdigkeiten wie St. Catherine&#8217;s Castle zu sehen ist \u2013 ein Spaziergang durch diese elegante und doch malerische Hafenstadt zeigt Ihnen Foweys enge Verbindung zur K\u00fcste. Wenig \u00fcberraschend sind die K\u00fcsten- und Flusswanderungen hier fantastisch; denken Sie an versteckte Buchten und B\u00e4che voller Wildtiere.<\/p>\n<p>Aber nicht nur die landschaftliche Sch\u00f6nheit z\u00e4hlt, auch die literarische Tradition der Stadt ist bemerkenswert, dank ihrer engen Verbindung zur ber\u00fchmten Schriftstellerin Daphne du Maurier. Ob Sie in Buchhandlungen st\u00f6bern, ihre Lieblingsorte erkunden oder das du Maurier Fowey Literary Festival besuchen, die Stadt hat einen m\u00e4rchenhaften Charakter.<\/p>\n<p>Geschichtsinteressierte kommen hier ebenso auf ihre Kosten wie alle, die Geschichten \u00fcber Piraten und Schmuggler lieben. Auch Feinschmecker kommen in den zahlreichen ausgezeichneten Restaurants auf ihre Kosten.<\/p>\n<p>Ein Spaziergang durch diese malerische Stadt lohnt sich auf jeden Fall. Werfen wir einen Blick auf die besten Aktivit\u00e4ten in Fowey, um Ihren Urlaubsplan zu planen \u2026<\/p>\n<p><strong>Genie\u00dfen Sie einen Strandtag<\/strong><\/p>\n<p><a href=\"https:\/\/www.urlaubcornwall.de\/blog\/wp-content\/uploads\/2025\/06\/lantic-bay-boat.jpg\"><img loading=\"lazy\" src=\"https:\/\/www.urlaubcornwall.de\/blog\/wp-content\/uploads\/2025\/06\/lantic-bay-boat.jpg\" alt=\"lantic-bay-boat\" width=\"750\" height=\"501\" class=\"alignnone size-full wp-image-51875\" srcset=\"https:\/\/www.urlaubcornwall.de\/blog\/wp-content\/uploads\/2025\/06\/lantic-bay-boat.jpg 750w, https:\/\/www.urlaubcornwall.de\/blog\/wp-content\/uploads\/2025\/06\/lantic-bay-boat-300x200.jpg 300w\" sizes=\"(max-width: 750px) 100vw, 750px\" \/><\/a><\/p>\n<p>Fahren Sie zur Readymoney Cove, einem nach S\u00fcdosten ausgerichteten Sandstrand s\u00fcdlich von Fowey. Halten Sie sich vom Hafen aus links vom Meer und folgen Sie ihm etwa 1 km den South West Coast Path entlang, um zur Readymoney Cove zu gelangen \u2013 ein wunderbar kurzer Spaziergang, der den Abenteurer in Ihnen weckt. Nahe der Flussm\u00fcndung und gesch\u00fctzt durch die umliegenden Klippen ist dies ein gesch\u00fctzter Ort, ideal zum Sonnenbaden und Schwimmen. Vom Strand aus k\u00f6nnen Sie die Ruinen von St. Catherine&#8217;s Castle aus dem 16. Jahrhundert sehen. Ab dem sp\u00e4ten Fr\u00fchjahr kommt der schwimmende Ponton etwa 20 m vom Ufer entfernt zur\u00fcck \u2013 schwimmen Sie hinaus und haben Sie Spa\u00df!<\/p>\n<p>Wenn Sie es etwas wilder m\u00f6gen, fahren Sie entlang der K\u00fcste zur Lantic Bay. Der Abstieg und das Fehlen jeglicher Annehmlichkeiten sorgen daf\u00fcr, dass dieser Strand oft wunderbar ruhig ist und Sie einl\u00e4dt, die Landschaft in Ruhe zu genie\u00dfen. Nach S\u00fcden ausgerichtet und mit einer unvergleichlichen Lage, ist es kein Wunder, dass diese versteckte Bucht als einer der sch\u00f6nsten Str\u00e4nde Cornwalls gilt.<\/p>\n<p><strong>Entdecken Sie die M\u00fcndung vom Wasser aus<\/strong><\/p>\n<p><a href=\"https:\/\/www.urlaubcornwall.de\/blog\/wp-content\/uploads\/2025\/06\/fowey-boat-trip.jpg\"><img loading=\"lazy\" src=\"https:\/\/www.urlaubcornwall.de\/blog\/wp-content\/uploads\/2025\/06\/fowey-boat-trip.jpg\" alt=\"fowey-boat-trip\" width=\"750\" height=\"501\" class=\"alignnone size-full wp-image-51876\" srcset=\"https:\/\/www.urlaubcornwall.de\/blog\/wp-content\/uploads\/2025\/06\/fowey-boat-trip.jpg 750w, https:\/\/www.urlaubcornwall.de\/blog\/wp-content\/uploads\/2025\/06\/fowey-boat-trip-300x200.jpg 300w\" sizes=\"(max-width: 750px) 100vw, 750px\" \/><\/a><\/p>\n<p>Es gibt verschiedene M\u00f6glichkeiten, diese bezaubernden Gew\u00e4sser zu erkunden. Informieren Sie sich am Hafen \u00fcber aktuelle Bootstouren oder besuchen Sie <a href=\"https:\/\/www.foweyriverhire.co.uk\/\">Fowey River Hire<\/a>, wenn Sie es lieber selbst ausprobieren m\u00f6chten. Hier k\u00f6nnen Sie Ihr eigenes Motorboot mieten und den Fluss auf Ihre eigene Art erkunden. Wenn Ihnen das im Urlaub zu anstrengend erscheint, k\u00f6nnen Sie an einer Sea Safari teilnehmen und nach Robben und Delfinen Ausschau halten.<\/p>\n<p>M\u00f6chten Sie Kajakfahren ausprobieren? Fahren Sie die M\u00fcndung hinauf zum malerischen Dorf Golant und buchen Sie eine Tour bei <a href=\"https:\/\/www.encountercornwall.com\/kayak-tours-cornwall\">Encounter Cornwall<\/a>.<\/p>\n<p>Steigen Sie in Ihr Kajak und paddeln Sie gem\u00fctlich die M\u00fcndung hinauf zum charmanten Dorf Lerryn, das angeblich die Inspiration f\u00fcr \u201eDer Wind in den Weiden\u201c war. Halten Sie unterwegs Ausschau nach Reihern, Eisv\u00f6geln und Kormoranen. In Lerryn angekommen, k\u00f6nnen Sie einen Spaziergang durch das Dorf machen und im Dorfladen eine Cornish Pasty oder ein Eis kaufen.<\/p>\n<p><strong>Souvenirs ergattern<\/strong><\/p>\n<p><a href=\"https:\/\/www.urlaubcornwall.de\/blog\/wp-content\/uploads\/2024\/10\/fowey-views.jpg\"><img loading=\"lazy\" src=\"https:\/\/www.urlaubcornwall.de\/blog\/wp-content\/uploads\/2024\/10\/fowey-views.jpg\" alt=\"fowey-blick\" width=\"750\" height=\"501\" class=\"alignnone size-full wp-image-51576\" srcset=\"https:\/\/www.urlaubcornwall.de\/blog\/wp-content\/uploads\/2024\/10\/fowey-views.jpg 750w, https:\/\/www.urlaubcornwall.de\/blog\/wp-content\/uploads\/2024\/10\/fowey-views-300x200.jpg 300w\" sizes=\"(max-width: 750px) 100vw, 750px\" \/><\/a><\/p>\n<p>Wenn Sie vor der Heimreise noch Souvenirs brauchen, ist Fowey ideal f\u00fcr alle, die sch\u00f6ne, hochwertige und kunsthandwerkliche Produkte suchen. Wie der Name schon sagt, bietet Treasures of Fowey ein vielseitiges Sortiment, viele davon von lokalen Unternehmen und K\u00fcnstlern. F\u00fcr nat\u00fcrliche, lokal hergestellte Hautpflegeprodukte oder f\u00fcr nachhaltiges Kunsthandwerk von lokalen Herstellern besuchen Sie Pebble &#038; Salt. Suchen Sie nach Haushaltswaren? Cove Antiques &#038; Interiors ist ein fabelhafter kleiner Laden, in dem Sie ein St\u00fcck Fowey f\u00fcr Ihr Zuhause finden.<\/p>\n<p>Kunst und dieser h\u00fcbsche K\u00fcstenabschnitt geh\u00f6ren zusammen, daher ist es nicht verwunderlich, dass es K\u00fcnstler immer wieder an diese K\u00fcste zieht. Warum nehmen Sie nicht ein St\u00fcck Fowey mit nach Hause und g\u00f6nnen sich lokale Kunstwerke?<\/p>\n<p>Die <a href=\"https:\/\/www.foweyrivergallery.co.uk\/showartop.php\">Fowey River Gallery<\/a>, untergebracht in einem pr\u00e4chtigen georgianischen Kaufmannshaus, bietet oft eine gro\u00dfe Auswahl an lokaler Kunst sowie eine gute Auswahl an Geschenken, Taschen, Schals und Karten. Wenn Sie etwas anderes suchen, schauen Sie bei Molesworth and Bird vorbei und sichern Sie sich einen Seetang-Kunstdruck in limitierter Auflage. Sie machen Karten, Postkarten, Geschirrt\u00fccher, Taschen, Kissen, Emaillewaren und mehr! Besuchen Sie Jo Downs Handmade Glass f\u00fcr eine zarte, von der K\u00fcste inspirierte Kreation oder besuchen Sie die 9 South Street Gallery f\u00fcr eine vielf\u00e4ltige Auswahl lokaler Kunst.<\/p>\n<p>Sie denken vielleicht nicht, dass Fowey ein naheliegender Ort ist, um sich ein paar neue Klamotten zu g\u00f6nnen, aber wenn Sie ein Fan hochwertiger, ungew\u00f6hnlicher Kleidung sind, werden Sie es hier lieben. Gehen Sie zu Boheme f\u00fcr Kleidung, die zum Boh\u00e8me-Stil passt, oder probieren Sie <a href=\"https:\/\/www.coastaloutfitters.co.uk\/\">Coastal Outfitters<\/a> oder Quba Sails f\u00fcr K\u00fcstenklassiker. Se7en ist der unabh\u00e4ngige Laden f\u00fcr stilvolle Versionen moderner Lieblingsst\u00fccke, w\u00e4hrend <a href=\"https:\/\/www.just-jonah.co.uk\/\">Just Jonah<\/a> der richtige Ort in der Stadt ist, um die Garderobe Ihrer Kinder aufzufrischen.<\/p>\n<p><strong>Erkunden Sie die umliegende K\u00fcste<\/strong><\/p>\n<p><a href=\"https:\/\/www.urlaubcornwall.de\/blog\/wp-content\/uploads\/2025\/06\/polruan-street-sea-view.jpg\"><img loading=\"lazy\" src=\"https:\/\/www.urlaubcornwall.de\/blog\/wp-content\/uploads\/2025\/06\/polruan-street-sea-view.jpg\" alt=\"polruan-street-meerblick\" width=\"750\" height=\"501\" class=\"alignnone size-full wp-image-51877\" srcset=\"https:\/\/www.urlaubcornwall.de\/blog\/wp-content\/uploads\/2025\/06\/polruan-street-sea-view.jpg 750w, https:\/\/www.urlaubcornwall.de\/blog\/wp-content\/uploads\/2025\/06\/polruan-street-sea-view-300x200.jpg 300w\" sizes=\"(max-width: 750px) 100vw, 750px\" \/><\/a><\/p>\n<p>Gleich hinter dem Fluss liegt Polruan, ein historisches Fischerdorf, in dem die Zeit stehen geblieben ist. Gehen Sie an Bord der F\u00e4hre und erkunden Sie die engen Gassen und tauchen Sie ein in die Welt der Schiffbaugeschichte. Oder schlendern Sie entlang des <a href=\"https:\/\/www.urlaubcornwall.de\/wanderurlaub\/cornwall.php\">South West Coast Path<\/a> und genie\u00dfen Sie den Blick auf das Meer von einem anderen Aussichtspunkt aus. Um alle Sehensw\u00fcrdigkeiten und Orte der Umgebung zu erkunden, empfehlen wir Ihnen den ber\u00fchmten Hall Walk, der Sie an beiden St\u00e4dten sowie an h\u00fcbschen B\u00e4chen und Waldst\u00fccken vorbeif\u00fchrt.<\/p>\n<p>Tauchen Sie tiefer in die Welt von Daphne du Maurier ein und erkunden Sie die Kulisse ihrer ber\u00fchmten B\u00fccher. Probieren Sie den K\u00fcstenrundweg aus und wandern Sie durch W\u00e4lder, vorbei an geheimen Buchten und legen Sie eine (oder zwei) Pause am Strand ein.<\/p>\n<p>Sie erkennen Gribbin Head an der 30 m hohen rot-wei\u00df gestreiften Gribbin Daymark, die zur Orientierung von Schiffen dient. Besuchen Sie den Ort an einem Sommersonntag. Sofern keine Reparaturarbeiten stattfinden, k\u00f6nnen Sie sogar hineinklettern. Direkt darunter liegt der Polridmouth Beach, der perfekte Ort f\u00fcr einen Strandtag abseits der Touristenpfade.<\/p>\n<p><a href=\"https:\/\/www.english-heritage.org.uk\/visit\/places\/st-catherines-castle\/\">St. Catherine\u2019s Castle<\/a> thront auf einer Klippe mit Blick auf das Meer und wurde in den 1530er Jahren als Teil von Heinrichs VIII. Plan zur Verteidigung des Hafens von Fowey erbaut. Geschichtsinteressierte sollten unbedingt einen Besuch machen. Es wurde zwar vor etwa f\u00fcnf Jahrhunderten erbaut, aber im 19. Jahrhundert w\u00e4hrend des Krimkriegs und erneut im Zweiten Weltkrieg umgebaut, als es zu einem Munitionslager und einer Flugabwehrkanone umfunktioniert wurde.<\/p>\n<p><strong>Entdecken Sie die lokalen Attraktionen<\/strong><\/p>\n<p><a href=\"https:\/\/www.urlaubcornwall.de\/blog\/wp-content\/uploads\/2025\/06\/fowey-museum.jpg\"><img loading=\"lazy\" src=\"https:\/\/www.urlaubcornwall.de\/blog\/wp-content\/uploads\/2025\/06\/fowey-museum.jpg\" alt=\"fowey-museum\" width=\"750\" height=\"501\" class=\"alignnone size-full wp-image-51878\" srcset=\"https:\/\/www.urlaubcornwall.de\/blog\/wp-content\/uploads\/2025\/06\/fowey-museum.jpg 750w, https:\/\/www.urlaubcornwall.de\/blog\/wp-content\/uploads\/2025\/06\/fowey-museum-300x200.jpg 300w\" sizes=\"(max-width: 750px) 100vw, 750px\" \/><\/a><\/p>\n<p>Das <a href=\"https:\/\/www.foweyaquarium.co.uk\/\">Fowey Aquarium<\/a> ist der perfekte Ort, um Ihr Interesse an der lokalen Meeresfauna zu wecken und eignet sich ideal f\u00fcr einen verregneten Nachmittag in Fowey. Vergessen Sie exotische Arten, diese Attraktion ist eine Hommage an einheimische Arten! Das Aquarium am historischen Fowey Town Quay beherbergt lokale Fische wie Meeraal, Glattbutt, Steinbutt, Pollack, Barsch und Brachse. Es gibt auch ein Streichelbecken \u2013 ideal f\u00fcr kleine Entdecker, die ein interaktives Erlebnis suchen.<\/p>\n<p>Kennen Sie schon die Vogeldame von Fowey? Sarah, die mit dem Titel \u201eWildlife Specialist of the Year 2022\u201c ausgezeichnet wurde, hat acht Eulen, zwei Falken und eine gro\u00dfe Begeisterung f\u00fcr alles, was mit Greifv\u00f6geln zu tun hat. Organisieren Sie f\u00fcr einen unvergesslichen Tag ein Erlebnis, bei dem Sie die V\u00f6gel aus n\u00e4chster N\u00e4he sehen, anfassen und sogar einen W\u00fcstenbussard frei fliegen lassen k\u00f6nnen!<\/p>\n<p>Entdecken Sie die Geschichte der Stadt bei einem Spaziergang durch das Fowey Museum. Das Fowey Museum befindet sich im ehemaligen Sitzungssaal des Stadtrats und bietet zahlreiche interessante Artefakte und Informationen. Sie k\u00f6nnen sehen, wie diese kleine Stadt in Cornwall einen gro\u00dfen globalen Einfluss hatte, sei es durch ihre Verbindungen zum Export von Kaolin oder zu den Vereinigten Staaten durch Hugh Peters und die Landung in der Normandie.<\/p>\n<p><strong>Entspannen Sie im Fowey Hall Spa<\/strong><\/p>\n<p>Wenn Sie bei Ihrem n\u00e4chsten Urlaub noch mehr Entspannung brauchen, buchen Sie einen Wellnesstag im <a href=\"https:\/\/luxuryfamilyhotels.co.uk\/locations\/fowey-hall\/spa\/\">Fowey Hall Spa<\/a>. Am Rande einer Klippe, eingebettet in ein pr\u00e4chtiges viktorianisches Herrenhaus, finden Sie diese Oase der Ruhe. Mit einer Tageskarte haben Sie vier Stunden Spa-Zugang, inklusive Innen- und Au\u00dfenpool, Dampfbad, Whirlpool und der einzigartigen Pferdebox-Sauna. Oder buchen Sie einen Spa-Tag und g\u00f6nnen Sie sich eine 55-min\u00fctige Behandlung und ein leichtes Mittagessen. Wir wissen, worauf wir Lust haben.<\/p>\n<p><strong>Probieren Sie etwas Leckeres!<\/strong><\/p>\n<p><a href=\"https:\/\/www.urlaubcornwall.de\/blog\/wp-content\/uploads\/2025\/06\/the-old-ferry-inn.jpg\"><img loading=\"lazy\" src=\"https:\/\/www.urlaubcornwall.de\/blog\/wp-content\/uploads\/2025\/06\/the-old-ferry-inn.jpg\" alt=\"the-old-ferry-inn\" width=\"750\" height=\"501\" class=\"alignnone size-full wp-image-51879\" srcset=\"https:\/\/www.urlaubcornwall.de\/blog\/wp-content\/uploads\/2025\/06\/the-old-ferry-inn.jpg 750w, https:\/\/www.urlaubcornwall.de\/blog\/wp-content\/uploads\/2025\/06\/the-old-ferry-inn-300x200.jpg 300w\" sizes=\"(max-width: 750px) 100vw, 750px\" \/><\/a><\/p>\n<p>Ob Sie ein Pint in einem gem\u00fctlichen Lokal oder ein modernes, gehobenes Restaurant suchen \u2013 Fowey bietet eine vielseitige Auswahl an Pubs. Besuchen Sie das <a href=\"https:\/\/www.theshipinnfowey.co.uk\/\">Ship Inn<\/a>, Foweys \u00e4ltestes Pub, das 1570 vom Abenteurer John Rashleigh erbaut wurde. Genie\u00dfen Sie im Winter einen traditionellen Braten am prasselnden Kaminfeuer oder im Sommer ein exzellentes Krabbensandwich. Oder schlendern Sie zum Hafen hinunter, wo Sie das ikonische, rosa gestrichene Restaurant und Pub \u201e<a href=\"https:\/\/www.thekingfowey.co.uk\/\">The King of Prussia<\/a>\u201c nicht verpassen d\u00fcrfen. Genie\u00dfen Sie moderne britische K\u00fcche und fachm\u00e4nnisch gemixte Cocktails, w\u00e4hrend Sie die Sch\u00f6nheit der Fowey-M\u00fcndung genie\u00dfen.<\/p>\n<p>Angesichts seiner Lage ist es nicht verwunderlich, dass Fowey der perfekte Ort ist, um den frischesten Fisch Cornwalls zu genie\u00dfen. <a href=\"https:\/\/samscornwall.co.uk\/fowey\/restaurant-cocktail-bar\/\">Sam&#8217;s<\/a>, in einem historischen Geb\u00e4ude aus dem 13. Jahrhundert untergebracht, ist eine beliebte lokale Institution, die seit den 80er Jahren k\u00f6stliche Meeresfr\u00fcchte aus der Region serviert. Probieren Sie eine Sch\u00fcssel ihrer legend\u00e4ren Bouillabaisse und Sie werden nicht entt\u00e4uscht sein.<\/p>\n<p>Oder besuchen Sie die North Street Kitchen. Das Restaurant befindet sich in einem umgebauten Bootshaus mit atemberaubendem Blick auf die Flussm\u00fcndung und wurde f\u00fcr seine hochwertige und preiswerte K\u00fcche mit einem Michelin-Stern ausgezeichnet. Die Speisekarte richtet sich nach dem Fang des Tages, aber mit den Fowey-Austern oder dem einzigartigen Brown Crab Rarebit liegen Sie immer richtig.<\/p>\n<p><strong>T\u00f6pfern<\/strong><\/p>\n<p>Ob Sie schon immer mal T\u00f6pfern wollten oder ein handgemachtes Souvenir mit nach Hause nehmen m\u00f6chten \u2013 ein T\u00f6pferworkshop ist eine fantastische und unvergessliche M\u00f6glichkeit, einen Vormittag oder Nachmittag w\u00e4hrend Ihres n\u00e4chsten Urlaubs in Fowey zu verbringen. Besuchen Sie <a href=\"https:\/\/www.heatherhuntceramics.co.uk\/section870602.html\">Heather Hunt Ceramics<\/a> und buchen Sie einen Workshop oder eine Unterrichtsstunde in einer kleinen Gruppe. Unter Heathers fachkundiger Anleitung k\u00f6nnen Sie mit verschiedenen Techniken experimentieren und etwas wirklich Einzigartiges schaffen, das Sie mit nach Hause nehmen k\u00f6nnen.<\/p>\n<p>Haben Sie sich in Fowey verliebt? Planen Sie Ihren n\u00e4chsten Urlaub in Cornwall und entdecken Sie <a href=\"https:\/\/www.urlaubcornwall.de\/ferienhaeuser-fewos\/fowey.html\">unsere Auswahl an Ferienh\u00e4usern in Fowey<\/a>.<\/p>\n","protected":false},"excerpt":{"rendered":"<p>Wenn Sie f\u00fcr Ihren Urlaub in S\u00fcd-Cornwall eine authentische Stadt im Cornwall-Stil oder eine Unterkunft suchen, sind Sie im fantastischen Fowey genau richtig. Diese malerische Hafenstadt liegt versteckt an Cornwalls h\u00fcbscher S\u00fcdk\u00fcste, und ihre verwinkelten Gassen verstr\u00f6men eine unwiderstehliche Mischung aus maritimem Erbe, nat\u00fcrlicher Sch\u00f6nheit und literarischer Tradition. Vom gesch\u00e4ftigen Hafen und der reichen Segeltradition [&hellip;]<\/p>\n","protected":false},"author":1,"featured_media":0,"parent":0,"menu_order":0,"comment_status":"closed","ping_status":"closed","template":"single-four.php","meta":[],"acf":[],"yoast_head":"<!-- This site is optimized with the Yoast SEO plugin v19.4 - https:\/\/yoast.com\/wordpress\/plugins\/seo\/ -->\n<title>Was kann man im Urlaub in Fowey am besten unternehmen? - Urlaub &amp; Reisen<\/title>\n<meta name=\"robots\" content=\"index, follow, max-snippet:-1, max-image-preview:large, max-video-preview:-1\" \/>\n<link rel=\"canonical\" href=\"https:\/\/www.urlaubcornwall.de\/blog\/was-kann-man-im-urlaub-in-fowey-am-besten-unternehmen\/\" \/>\n<meta property=\"og:locale\" content=\"en_US\" \/>\n<meta property=\"og:type\" content=\"article\" \/>\n<meta property=\"og:title\" content=\"Was kann man im Urlaub in Fowey am besten unternehmen? - Urlaub &amp; Reisen\" \/>\n<meta property=\"og:description\" content=\"Wenn Sie f\u00fcr Ihren Urlaub in S\u00fcd-Cornwall eine authentische Stadt im Cornwall-Stil oder eine Unterkunft suchen, sind Sie im fantastischen Fowey genau richtig. Diese malerische Hafenstadt liegt versteckt an Cornwalls h\u00fcbscher S\u00fcdk\u00fcste, und ihre verwinkelten Gassen verstr\u00f6men eine unwiderstehliche Mischung aus maritimem Erbe, nat\u00fcrlicher Sch\u00f6nheit und literarischer Tradition. Vom gesch\u00e4ftigen Hafen und der reichen Segeltradition [&hellip;]\" \/>\n<meta property=\"og:url\" content=\"https:\/\/www.urlaubcornwall.de\/blog\/was-kann-man-im-urlaub-in-fowey-am-besten-unternehmen\/\" \/>\n<meta property=\"og:site_name\" content=\"Urlaub &amp; Reisen\" \/>\n<meta property=\"article:modified_time\" content=\"2026-01-05T11:52:50+00:00\" \/>\n<meta property=\"og:image\" content=\"https:\/\/www.urlaubcornwall.de\/blog\/wp-content\/uploads\/2026\/01\/IMG_8762_edit.jpg\" \/>\n<meta name=\"twitter:card\" content=\"summary\" \/>\n<meta name=\"twitter:label1\" content=\"Est. reading time\" \/>\n\t<meta name=\"twitter:data1\" content=\"9 minutes\" \/>\n<script type=\"application\/ld+json\" class=\"yoast-schema-graph\">{\"@context\":\"https:\/\/schema.org\",\"@graph\":[{\"@type\":\"WebSite\",\"@id\":\"https:\/\/www.urlaubcornwall.de\/blog\/#website\",\"url\":\"https:\/\/www.urlaubcornwall.de\/blog\/\",\"name\":\"Urlaub &amp; Reisen\",\"description\":\"Urlaub, Reisen, Cornwall und S\u00fcdengland: eine perfekte Kombination\",\"potentialAction\":[{\"@type\":\"SearchAction\",\"target\":{\"@type\":\"EntryPoint\",\"urlTemplate\":\"https:\/\/www.urlaubcornwall.de\/blog\/?s={search_term_string}\"},\"query-input\":\"required name=search_term_string\"}],\"inLanguage\":\"en-US\"},{\"@type\":\"WebPage\",\"@id\":\"https:\/\/www.urlaubcornwall.de\/blog\/was-kann-man-im-urlaub-in-fowey-am-besten-unternehmen\/\",\"url\":\"https:\/\/www.urlaubcornwall.de\/blog\/was-kann-man-im-urlaub-in-fowey-am-besten-unternehmen\/\",\"name\":\"Was kann man im Urlaub in Fowey am besten unternehmen? - Urlaub &amp; Reisen\",\"isPartOf\":{\"@id\":\"https:\/\/www.urlaubcornwall.de\/blog\/#website\"},\"datePublished\":\"2025-06-06T10:31:04+00:00\",\"dateModified\":\"2026-01-05T11:52:50+00:00\",\"breadcrumb\":{\"@id\":\"https:\/\/www.urlaubcornwall.de\/blog\/was-kann-man-im-urlaub-in-fowey-am-besten-unternehmen\/#breadcrumb\"},\"inLanguage\":\"en-US\",\"potentialAction\":[{\"@type\":\"ReadAction\",\"target\":[\"https:\/\/www.urlaubcornwall.de\/blog\/was-kann-man-im-urlaub-in-fowey-am-besten-unternehmen\/\"]}]},{\"@type\":\"BreadcrumbList\",\"@id\":\"https:\/\/www.urlaubcornwall.de\/blog\/was-kann-man-im-urlaub-in-fowey-am-besten-unternehmen\/#breadcrumb\",\"itemListElement\":[{\"@type\":\"ListItem\",\"position\":1,\"name\":\"Home\",\"item\":\"https:\/\/www.urlaubcornwall.de\/blog\/\"},{\"@type\":\"ListItem\",\"position\":2,\"name\":\"Was kann man im Urlaub in Fowey am besten unternehmen?\"}]}]}<\/script>\n<!-- \/ Yoast SEO plugin. -->","yoast_head_json":{"title":"Was kann man im Urlaub in Fowey am besten unternehmen? - Urlaub &amp; Reisen","robots":{"index":"index","follow":"follow","max-snippet":"max-snippet:-1","max-image-preview":"max-image-preview:large","max-video-preview":"max-video-preview:-1"},"canonical":"https:\/\/www.urlaubcornwall.de\/blog\/was-kann-man-im-urlaub-in-fowey-am-besten-unternehmen\/","og_locale":"en_US","og_type":"article","og_title":"Was kann man im Urlaub in Fowey am besten unternehmen? - Urlaub &amp; Reisen","og_description":"Wenn Sie f\u00fcr Ihren Urlaub in S\u00fcd-Cornwall eine authentische Stadt im Cornwall-Stil oder eine Unterkunft suchen, sind Sie im fantastischen Fowey genau richtig. Diese malerische Hafenstadt liegt versteckt an Cornwalls h\u00fcbscher S\u00fcdk\u00fcste, und ihre verwinkelten Gassen verstr\u00f6men eine unwiderstehliche Mischung aus maritimem Erbe, nat\u00fcrlicher Sch\u00f6nheit und literarischer Tradition. Vom gesch\u00e4ftigen Hafen und der reichen Segeltradition [&hellip;]","og_url":"https:\/\/www.urlaubcornwall.de\/blog\/was-kann-man-im-urlaub-in-fowey-am-besten-unternehmen\/","og_site_name":"Urlaub &amp; Reisen","article_modified_time":"2026-01-05T11:52:50+00:00","og_image":[{"url":"https:\/\/www.urlaubcornwall.de\/blog\/wp-content\/uploads\/2026\/01\/IMG_8762_edit.jpg"}],"twitter_card":"summary","twitter_misc":{"Est. reading time":"9 minutes"},"schema":{"@context":"https:\/\/schema.org","@graph":[{"@type":"WebSite","@id":"https:\/\/www.urlaubcornwall.de\/blog\/#website","url":"https:\/\/www.urlaubcornwall.de\/blog\/","name":"Urlaub &amp; Reisen","description":"Urlaub, Reisen, Cornwall und S\u00fcdengland: eine perfekte Kombination","potentialAction":[{"@type":"SearchAction","target":{"@type":"EntryPoint","urlTemplate":"https:\/\/www.urlaubcornwall.de\/blog\/?s={search_term_string}"},"query-input":"required name=search_term_string"}],"inLanguage":"en-US"},{"@type":"WebPage","@id":"https:\/\/www.urlaubcornwall.de\/blog\/was-kann-man-im-urlaub-in-fowey-am-besten-unternehmen\/","url":"https:\/\/www.urlaubcornwall.de\/blog\/was-kann-man-im-urlaub-in-fowey-am-besten-unternehmen\/","name":"Was kann man im Urlaub in Fowey am besten unternehmen? - Urlaub &amp; Reisen","isPartOf":{"@id":"https:\/\/www.urlaubcornwall.de\/blog\/#website"},"datePublished":"2025-06-06T10:31:04+00:00","dateModified":"2026-01-05T11:52:50+00:00","breadcrumb":{"@id":"https:\/\/www.urlaubcornwall.de\/blog\/was-kann-man-im-urlaub-in-fowey-am-besten-unternehmen\/#breadcrumb"},"inLanguage":"en-US","potentialAction":[{"@type":"ReadAction","target":["https:\/\/www.urlaubcornwall.de\/blog\/was-kann-man-im-urlaub-in-fowey-am-besten-unternehmen\/"]}]},{"@type":"BreadcrumbList","@id":"https:\/\/www.urlaubcornwall.de\/blog\/was-kann-man-im-urlaub-in-fowey-am-besten-unternehmen\/#breadcrumb","itemListElement":[{"@type":"ListItem","position":1,"name":"Home","item":"https:\/\/www.urlaubcornwall.de\/blog\/"},{"@type":"ListItem","position":2,"name":"Was kann man im Urlaub in Fowey am besten unternehmen?"}]}]}},"_links":{"self":[{"href":"https:\/\/www.urlaubcornwall.de\/blog\/wp-json\/wp\/v2\/pages\/51872"}],"collection":[{"href":"https:\/\/www.urlaubcornwall.de\/blog\/wp-json\/wp\/v2\/pages"}],"about":[{"href":"https:\/\/www.urlaubcornwall.de\/blog\/wp-json\/wp\/v2\/types\/page"}],"author":[{"embeddable":true,"href":"https:\/\/www.urlaubcornwall.de\/blog\/wp-json\/wp\/v2\/users\/1"}],"replies":[{"embeddable":true,"href":"https:\/\/www.urlaubcornwall.de\/blog\/wp-json\/wp\/v2\/comments?post=51872"}],"version-history":[{"count":5,"href":"https:\/\/www.urlaubcornwall.de\/blog\/wp-json\/wp\/v2\/pages\/51872\/revisions"}],"predecessor-version":[{"id":51940,"href":"https:\/\/www.urlaubcornwall.de\/blog\/wp-json\/wp\/v2\/pages\/51872\/revisions\/51940"}],"wp:attachment":[{"href":"https:\/\/www.urlaubcornwall.de\/blog\/wp-json\/wp\/v2\/media?parent=51872"}],"curies":[{"name":"wp","href":"https:\/\/api.w.org\/{rel}","templated":true}]}}