{"id":51844,"date":"2025-02-03T14:33:59","date_gmt":"2025-02-03T14:33:59","guid":{"rendered":"https:\/\/www.urlaubcornwall.de\/blog\/?page_id=51844"},"modified":"2025-02-03T14:51:13","modified_gmt":"2025-02-03T14:51:13","slug":"direktfluege-von-amsterdam-cornwall-devon-und-suedwestengland","status":"publish","type":"page","link":"https:\/\/www.urlaubcornwall.de\/blog\/direktfluege-von-amsterdam-cornwall-devon-und-suedwestengland\/","title":{"rendered":"Direktfl\u00fcge von Amsterdam \u2013 Cornwall, Devon und S\u00fcdwestengland"},"content":{"rendered":"<p><a href=\"https:\/\/www.urlaubcornwall.de\/blog\/wp-content\/uploads\/2024\/05\/portscatho_new.jpg\"><img loading=\"lazy\" src=\"https:\/\/www.urlaubcornwall.de\/blog\/wp-content\/uploads\/2024\/05\/portscatho_new.jpg\" alt=\"portscatho\" width=\"750\" height=\"595\" class=\"alignnone size-full wp-image-50794\" srcset=\"https:\/\/www.urlaubcornwall.de\/blog\/wp-content\/uploads\/2024\/05\/portscatho_new.jpg 750w, https:\/\/www.urlaubcornwall.de\/blog\/wp-content\/uploads\/2024\/05\/portscatho_new-300x238.jpg 300w\" sizes=\"(max-width: 750px) 100vw, 750px\" \/><\/a><\/p>\n<p>Die lang erwartete Route nach Exeter in Devon (30. M\u00e4rz 2025) bietet eine gute Verbindung f\u00fcr den S\u00fcdwesten und reist nach Amsterdam und weiter. Der Service ist bei lokalen Touristen nicht beliebt, aber auch internationale Touristen und Touristen reisen in die Region.<\/p>\n<p><a href=\"https:\/\/cornwall-dmc.co.uk\/de\/\">Cornwall DMC, Ihr Spezialist f\u00fcr erstklassiges Management<\/a>, freut sich darauf, Sie in der magischen Welt des S\u00fcdwestens von England begr\u00fc\u00dfen zu d\u00fcrfen, und hat sich auf die Zusammenarbeit mit Partnern in der Reisindustrie spezialisiert. Sie haben jetzt einen Gruppenreiseorganisator, einen Repr\u00e4sentanten oder einen Reiseplaner, der sich darauf konzentriert, Ihre Arbeit gemeinsam zu erledigen und Ihre Reise weiter voranzutreiben. Experten f\u00fcr die Integration in die Region Cornwall reisen nach England und in die Region VK, einschlie\u00dflich London.<\/p>\n<p>Stephen Wiltshire, Gesch\u00e4ftsf\u00fchrer des Flughafens Exeter, sagte: \u201eWir haben die Antwort auf den neuen Service von KLM erhalten, die Kunden interessierten sich daf\u00fcr, dass sie noch mehr Verbindungen und Konnektivit\u00e4t ben\u00f6tigen.\u201c<\/p>\n<p>Der Flug dauert nur 90 Minuten mit einem Ausflug von Amsterdam nach Exeter um 16.15 Uhr Ortszeit und von Exeter nach Amsterdam um 17.20 Uhr Ortszeit, sieben Tage pro Woche.<\/p>\n<p>\u201eDie Zeit, in der wir uns auf den Weg machen wollen, um zu reisen, ist eine wichtige Rolle in den regionalen Flugh\u00e4fen, die die Konnektivit\u00e4t f\u00fcr unsere Zeit und den Urlaub stimulieren, und wir k\u00f6nnen uns auf die Reise von 30 bis 30 Jahren an Bord freuen verwelkomen.\u201c<\/p>\n<p>Die Route nach Amsterdam ist am ehesten mit dem Flughafen Exeter verbunden und wird seit einigen Jahren bedient, und zwar zun\u00e4chst f\u00fcr KLM vom Flughafen Devon aus.<\/p>\n<p>Nehmen Sie <a href=\"https:\/\/cornwall-dmc.co.uk\/contact\/\">Kontakt mit uns auf, um die von Ihnen ausgew\u00e4hlten Reiseprogramme f\u00fcr Ihre Gruppe<\/a> zu nutzen.<\/p>\n","protected":false},"excerpt":{"rendered":"<p>Die lang erwartete Route nach Exeter in Devon (30. M\u00e4rz 2025) bietet eine gute Verbindung f\u00fcr den S\u00fcdwesten und reist nach Amsterdam und weiter. Der Service ist bei lokalen Touristen nicht beliebt, aber auch internationale Touristen und Touristen reisen in die Region. Cornwall DMC, Ihr Spezialist f\u00fcr erstklassiges Management, freut sich darauf, Sie in der [&hellip;]<\/p>\n","protected":false},"author":1,"featured_media":0,"parent":0,"menu_order":0,"comment_status":"closed","ping_status":"closed","template":"single-four.php","meta":[],"acf":[],"yoast_head":"<!-- This site is optimized with the Yoast SEO plugin v19.4 - https:\/\/yoast.com\/wordpress\/plugins\/seo\/ -->\n<title>Direktfl\u00fcge von Amsterdam \u2013 Cornwall, Devon und S\u00fcdwestengland - Urlaub &amp; Reisen<\/title>\n<meta name=\"robots\" content=\"index, follow, max-snippet:-1, max-image-preview:large, max-video-preview:-1\" \/>\n<link rel=\"canonical\" href=\"https:\/\/www.urlaubcornwall.de\/blog\/direktfluege-von-amsterdam-cornwall-devon-und-suedwestengland\/\" \/>\n<meta property=\"og:locale\" content=\"en_US\" \/>\n<meta property=\"og:type\" content=\"article\" \/>\n<meta property=\"og:title\" content=\"Direktfl\u00fcge von Amsterdam \u2013 Cornwall, Devon und S\u00fcdwestengland - Urlaub &amp; Reisen\" \/>\n<meta property=\"og:description\" content=\"Die lang erwartete Route nach Exeter in Devon (30. M\u00e4rz 2025) bietet eine gute Verbindung f\u00fcr den S\u00fcdwesten und reist nach Amsterdam und weiter. Der Service ist bei lokalen Touristen nicht beliebt, aber auch internationale Touristen und Touristen reisen in die Region. Cornwall DMC, Ihr Spezialist f\u00fcr erstklassiges Management, freut sich darauf, Sie in der [&hellip;]\" \/>\n<meta property=\"og:url\" content=\"https:\/\/www.urlaubcornwall.de\/blog\/direktfluege-von-amsterdam-cornwall-devon-und-suedwestengland\/\" \/>\n<meta property=\"og:site_name\" content=\"Urlaub &amp; Reisen\" \/>\n<meta property=\"article:modified_time\" content=\"2025-02-03T14:51:13+00:00\" \/>\n<meta property=\"og:image\" content=\"https:\/\/www.urlaubcornwall.de\/blog\/wp-content\/uploads\/2024\/05\/portscatho_new.jpg\" \/>\n<meta name=\"twitter:card\" content=\"summary\" \/>\n<meta name=\"twitter:label1\" content=\"Est. reading time\" \/>\n\t<meta name=\"twitter:data1\" content=\"2 minutes\" \/>\n<script type=\"application\/ld+json\" class=\"yoast-schema-graph\">{\"@context\":\"https:\/\/schema.org\",\"@graph\":[{\"@type\":\"WebSite\",\"@id\":\"https:\/\/www.urlaubcornwall.de\/blog\/#website\",\"url\":\"https:\/\/www.urlaubcornwall.de\/blog\/\",\"name\":\"Urlaub &amp; Reisen\",\"description\":\"Urlaub, Reisen, Cornwall und S\u00fcdengland: eine perfekte Kombination\",\"potentialAction\":[{\"@type\":\"SearchAction\",\"target\":{\"@type\":\"EntryPoint\",\"urlTemplate\":\"https:\/\/www.urlaubcornwall.de\/blog\/?s={search_term_string}\"},\"query-input\":\"required name=search_term_string\"}],\"inLanguage\":\"en-US\"},{\"@type\":\"WebPage\",\"@id\":\"https:\/\/www.urlaubcornwall.de\/blog\/direktfluege-von-amsterdam-cornwall-devon-und-suedwestengland\/\",\"url\":\"https:\/\/www.urlaubcornwall.de\/blog\/direktfluege-von-amsterdam-cornwall-devon-und-suedwestengland\/\",\"name\":\"Direktfl\u00fcge von Amsterdam \u2013 Cornwall, Devon und S\u00fcdwestengland - Urlaub &amp; Reisen\",\"isPartOf\":{\"@id\":\"https:\/\/www.urlaubcornwall.de\/blog\/#website\"},\"datePublished\":\"2025-02-03T14:33:59+00:00\",\"dateModified\":\"2025-02-03T14:51:13+00:00\",\"breadcrumb\":{\"@id\":\"https:\/\/www.urlaubcornwall.de\/blog\/direktfluege-von-amsterdam-cornwall-devon-und-suedwestengland\/#breadcrumb\"},\"inLanguage\":\"en-US\",\"potentialAction\":[{\"@type\":\"ReadAction\",\"target\":[\"https:\/\/www.urlaubcornwall.de\/blog\/direktfluege-von-amsterdam-cornwall-devon-und-suedwestengland\/\"]}]},{\"@type\":\"BreadcrumbList\",\"@id\":\"https:\/\/www.urlaubcornwall.de\/blog\/direktfluege-von-amsterdam-cornwall-devon-und-suedwestengland\/#breadcrumb\",\"itemListElement\":[{\"@type\":\"ListItem\",\"position\":1,\"name\":\"Home\",\"item\":\"https:\/\/www.urlaubcornwall.de\/blog\/\"},{\"@type\":\"ListItem\",\"position\":2,\"name\":\"Direktfl\u00fcge von Amsterdam \u2013 Cornwall, Devon und S\u00fcdwestengland\"}]}]}<\/script>\n<!-- \/ Yoast SEO plugin. -->","yoast_head_json":{"title":"Direktfl\u00fcge von Amsterdam \u2013 Cornwall, Devon und S\u00fcdwestengland - Urlaub &amp; Reisen","robots":{"index":"index","follow":"follow","max-snippet":"max-snippet:-1","max-image-preview":"max-image-preview:large","max-video-preview":"max-video-preview:-1"},"canonical":"https:\/\/www.urlaubcornwall.de\/blog\/direktfluege-von-amsterdam-cornwall-devon-und-suedwestengland\/","og_locale":"en_US","og_type":"article","og_title":"Direktfl\u00fcge von Amsterdam \u2013 Cornwall, Devon und S\u00fcdwestengland - Urlaub &amp; Reisen","og_description":"Die lang erwartete Route nach Exeter in Devon (30. M\u00e4rz 2025) bietet eine gute Verbindung f\u00fcr den S\u00fcdwesten und reist nach Amsterdam und weiter. Der Service ist bei lokalen Touristen nicht beliebt, aber auch internationale Touristen und Touristen reisen in die Region. Cornwall DMC, Ihr Spezialist f\u00fcr erstklassiges Management, freut sich darauf, Sie in der [&hellip;]","og_url":"https:\/\/www.urlaubcornwall.de\/blog\/direktfluege-von-amsterdam-cornwall-devon-und-suedwestengland\/","og_site_name":"Urlaub &amp; Reisen","article_modified_time":"2025-02-03T14:51:13+00:00","og_image":[{"url":"https:\/\/www.urlaubcornwall.de\/blog\/wp-content\/uploads\/2024\/05\/portscatho_new.jpg"}],"twitter_card":"summary","twitter_misc":{"Est. reading time":"2 minutes"},"schema":{"@context":"https:\/\/schema.org","@graph":[{"@type":"WebSite","@id":"https:\/\/www.urlaubcornwall.de\/blog\/#website","url":"https:\/\/www.urlaubcornwall.de\/blog\/","name":"Urlaub &amp; Reisen","description":"Urlaub, Reisen, Cornwall und S\u00fcdengland: eine perfekte Kombination","potentialAction":[{"@type":"SearchAction","target":{"@type":"EntryPoint","urlTemplate":"https:\/\/www.urlaubcornwall.de\/blog\/?s={search_term_string}"},"query-input":"required name=search_term_string"}],"inLanguage":"en-US"},{"@type":"WebPage","@id":"https:\/\/www.urlaubcornwall.de\/blog\/direktfluege-von-amsterdam-cornwall-devon-und-suedwestengland\/","url":"https:\/\/www.urlaubcornwall.de\/blog\/direktfluege-von-amsterdam-cornwall-devon-und-suedwestengland\/","name":"Direktfl\u00fcge von Amsterdam \u2013 Cornwall, Devon und S\u00fcdwestengland - Urlaub &amp; Reisen","isPartOf":{"@id":"https:\/\/www.urlaubcornwall.de\/blog\/#website"},"datePublished":"2025-02-03T14:33:59+00:00","dateModified":"2025-02-03T14:51:13+00:00","breadcrumb":{"@id":"https:\/\/www.urlaubcornwall.de\/blog\/direktfluege-von-amsterdam-cornwall-devon-und-suedwestengland\/#breadcrumb"},"inLanguage":"en-US","potentialAction":[{"@type":"ReadAction","target":["https:\/\/www.urlaubcornwall.de\/blog\/direktfluege-von-amsterdam-cornwall-devon-und-suedwestengland\/"]}]},{"@type":"BreadcrumbList","@id":"https:\/\/www.urlaubcornwall.de\/blog\/direktfluege-von-amsterdam-cornwall-devon-und-suedwestengland\/#breadcrumb","itemListElement":[{"@type":"ListItem","position":1,"name":"Home","item":"https:\/\/www.urlaubcornwall.de\/blog\/"},{"@type":"ListItem","position":2,"name":"Direktfl\u00fcge von Amsterdam \u2013 Cornwall, Devon und S\u00fcdwestengland"}]}]}},"_links":{"self":[{"href":"https:\/\/www.urlaubcornwall.de\/blog\/wp-json\/wp\/v2\/pages\/51844"}],"collection":[{"href":"https:\/\/www.urlaubcornwall.de\/blog\/wp-json\/wp\/v2\/pages"}],"about":[{"href":"https:\/\/www.urlaubcornwall.de\/blog\/wp-json\/wp\/v2\/types\/page"}],"author":[{"embeddable":true,"href":"https:\/\/www.urlaubcornwall.de\/blog\/wp-json\/wp\/v2\/users\/1"}],"replies":[{"embeddable":true,"href":"https:\/\/www.urlaubcornwall.de\/blog\/wp-json\/wp\/v2\/comments?post=51844"}],"version-history":[{"count":2,"href":"https:\/\/www.urlaubcornwall.de\/blog\/wp-json\/wp\/v2\/pages\/51844\/revisions"}],"predecessor-version":[{"id":51846,"href":"https:\/\/www.urlaubcornwall.de\/blog\/wp-json\/wp\/v2\/pages\/51844\/revisions\/51846"}],"wp:attachment":[{"href":"https:\/\/www.urlaubcornwall.de\/blog\/wp-json\/wp\/v2\/media?parent=51844"}],"curies":[{"name":"wp","href":"https:\/\/api.w.org\/{rel}","templated":true}]}}