{"id":51833,"date":"2024-12-30T09:17:34","date_gmt":"2024-12-30T09:17:34","guid":{"rendered":"https:\/\/www.urlaubcornwall.de\/blog\/?page_id=51833"},"modified":"2024-12-30T09:17:34","modified_gmt":"2024-12-30T09:17:34","slug":"abenteuer-in-cornwall-fuer-deutsche-reiseveranstalter","status":"publish","type":"page","link":"https:\/\/www.urlaubcornwall.de\/blog\/abenteuer-in-cornwall-fuer-deutsche-reiseveranstalter\/","title":{"rendered":"Abenteuer in Cornwall f\u00fcr deutsche Reiseveranstalter"},"content":{"rendered":"<p><a href=\"https:\/\/www.urlaubcornwall.de\/blog\/wp-content\/uploads\/2024\/05\/wheal-coates_st-agnes.jpg\"><img loading=\"lazy\" class=\"alignnone size-full wp-image-50761\" src=\"https:\/\/www.urlaubcornwall.de\/blog\/wp-content\/uploads\/2024\/05\/wheal-coates_st-agnes.jpg\" alt=\"wheal coates_st agnes\" width=\"750\" height=\"540\" srcset=\"https:\/\/www.urlaubcornwall.de\/blog\/wp-content\/uploads\/2024\/05\/wheal-coates_st-agnes.jpg 750w, https:\/\/www.urlaubcornwall.de\/blog\/wp-content\/uploads\/2024\/05\/wheal-coates_st-agnes-300x216.jpg 300w\" sizes=\"(max-width: 750px) 100vw, 750px\" \/><\/a><\/p>\n<p><strong>Lokaler DMC &amp; Spezial-Reiseveranstalter f\u00fcr Gruppen aus Deutschland, der Schweiz und \u00d6sterreich<\/strong><\/p>\n<p>Wir spezialisieren uns auf <a href=\"https:\/\/www.urlaubcornwall.de\/massgeschneiderte-gruppenreisen-und-touren.php\">Gruppenreisen<\/a>, die sowohl bildend als auch unterhaltsam f\u00fcr Reiseveranstalter, Reiseb\u00fcros und Gruppenleiter sind. Fordere uns heraus, einen Cornwall-Itinerar zu gestalten, der deine Kunden fesselt und auf interaktives Lernen fokussiert.<\/p>\n<p>Bei <a href=\"https:\/\/cornwall-dmc.co.uk\/de\/\">Cornwall DMC, dem einzigen spezialisierten Destination-Management-Unternehmen der Region<\/a>, k\u00f6nnen wir eine vollst\u00e4ndige Palette von Dienstleistungen f\u00fcr Gruppentourismus anbieten, einschlie\u00dflich Unterkunft, Transport, Reiserouten und lokale F\u00fchrer. Wir bedienen kleine Reiseb\u00fcros mit ma\u00dfgeschneiderten Gruppen, Paaren und Familien, gro\u00dfe Reiseveranstalter aus der ganzen Welt mit Programmen in ganz England und dar\u00fcber hinaus, die Raumzuweisungen ben\u00f6tigen, sowie hochwertige Luxus-FIT-Kunden.<\/p>\n<p><strong>Unsere Cornwall-L\u00f6sungen<\/strong><\/p>\n<p>Bildungsabenteuer: Cornwall DMC organisierte interaktive Sitzungen im Geevor Tin Mine, wo deine Kunden durch praktische Abbauaktivit\u00e4ten \u00fcber Geologie lernen konnten.<\/p>\n<p>Familienfreundliche Kulturexpeditionen: Besuche an Orten wie den Lost Gardens of Heligan beinhalteten Schnitzeljagden und Geschichtenstunden, um Geschichte und Natur spannend zu gestalten.<\/p>\n<p>Strand- und K\u00fcstenaktivit\u00e4ten: Familien-Surfunterricht in Newquay kombiniert mit Initiativen zur Strandreinigung, um Kindern Umweltbewusstsein beizubringen.<\/p>\n<p><strong>Warum Cornwall DMC?<\/strong><\/p>\n<p>Expertise f\u00fcr deutsche Vorlieben: Verstehen, was den deutschen Reisenden fasziniert, von malerischer Sch\u00f6nheit bis zur historischen Tiefe, und gestalten Erlebnisse, die sowohl exotisch als auch vertraut wirken.<\/p>\n<p>Ma\u00dfanpassung auf h\u00f6chstem Niveau: Jede Tour wird nicht nur an das Reiseziel, sondern auch an die spezifischen Interessen der Gruppe angepasst, sei es Luxus, Abenteuer oder kulturelle Immersion.<\/p>\n<p>Nahtlose Logistik: Von Transport bis zu Unterk\u00fcnften die Komplexit\u00e4ten bew\u00e4ltigen, sodass deutsche Agenturen sich darauf konzentrieren k\u00f6nnen, den Traum zu verkaufen, anstatt die Details zu verwalten.<\/p>\n<p>Kulturelle Br\u00fcckenbauer: \u00dcberbr\u00fccken den Graben zwischen britischer und deutscher Kultur, um sicherzustellen, dass jeder Aspekt der Reise bei deutschsprachigen Besuchern widerhallt.<\/p>\n","protected":false},"excerpt":{"rendered":"<p>Lokaler DMC &amp; Spezial-Reiseveranstalter f\u00fcr Gruppen aus Deutschland, der Schweiz und \u00d6sterreich Wir spezialisieren uns auf Gruppenreisen, die sowohl bildend als auch unterhaltsam f\u00fcr Reiseveranstalter, Reiseb\u00fcros und Gruppenleiter sind. Fordere uns heraus, einen Cornwall-Itinerar zu gestalten, der deine Kunden fesselt und auf interaktives Lernen fokussiert. Bei Cornwall DMC, dem einzigen spezialisierten Destination-Management-Unternehmen der Region, k\u00f6nnen [&hellip;]<\/p>\n","protected":false},"author":1,"featured_media":0,"parent":0,"menu_order":0,"comment_status":"closed","ping_status":"closed","template":"single-four.php","meta":[],"acf":[],"yoast_head":"<!-- This site is optimized with the Yoast SEO plugin v19.4 - https:\/\/yoast.com\/wordpress\/plugins\/seo\/ -->\n<title>Abenteuer in Cornwall f\u00fcr deutsche Reiseveranstalter - Urlaub &amp; Reisen<\/title>\n<meta name=\"robots\" content=\"index, follow, max-snippet:-1, max-image-preview:large, max-video-preview:-1\" \/>\n<link rel=\"canonical\" href=\"https:\/\/www.urlaubcornwall.de\/blog\/abenteuer-in-cornwall-fuer-deutsche-reiseveranstalter\/\" \/>\n<meta property=\"og:locale\" content=\"en_US\" \/>\n<meta property=\"og:type\" content=\"article\" \/>\n<meta property=\"og:title\" content=\"Abenteuer in Cornwall f\u00fcr deutsche Reiseveranstalter - Urlaub &amp; Reisen\" \/>\n<meta property=\"og:description\" content=\"Lokaler DMC &amp; Spezial-Reiseveranstalter f\u00fcr Gruppen aus Deutschland, der Schweiz und \u00d6sterreich Wir spezialisieren uns auf Gruppenreisen, die sowohl bildend als auch unterhaltsam f\u00fcr Reiseveranstalter, Reiseb\u00fcros und Gruppenleiter sind. Fordere uns heraus, einen Cornwall-Itinerar zu gestalten, der deine Kunden fesselt und auf interaktives Lernen fokussiert. Bei Cornwall DMC, dem einzigen spezialisierten Destination-Management-Unternehmen der Region, k\u00f6nnen [&hellip;]\" \/>\n<meta property=\"og:url\" content=\"https:\/\/www.urlaubcornwall.de\/blog\/abenteuer-in-cornwall-fuer-deutsche-reiseveranstalter\/\" \/>\n<meta property=\"og:site_name\" content=\"Urlaub &amp; Reisen\" \/>\n<meta property=\"og:image\" content=\"https:\/\/www.urlaubcornwall.de\/blog\/wp-content\/uploads\/2024\/05\/wheal-coates_st-agnes.jpg\" \/>\n<meta name=\"twitter:card\" content=\"summary\" \/>\n<meta name=\"twitter:label1\" content=\"Est. reading time\" \/>\n\t<meta name=\"twitter:data1\" content=\"2 minutes\" \/>\n<script type=\"application\/ld+json\" class=\"yoast-schema-graph\">{\"@context\":\"https:\/\/schema.org\",\"@graph\":[{\"@type\":\"WebSite\",\"@id\":\"https:\/\/www.urlaubcornwall.de\/blog\/#website\",\"url\":\"https:\/\/www.urlaubcornwall.de\/blog\/\",\"name\":\"Urlaub &amp; Reisen\",\"description\":\"Urlaub, Reisen, Cornwall und S\u00fcdengland: eine perfekte Kombination\",\"potentialAction\":[{\"@type\":\"SearchAction\",\"target\":{\"@type\":\"EntryPoint\",\"urlTemplate\":\"https:\/\/www.urlaubcornwall.de\/blog\/?s={search_term_string}\"},\"query-input\":\"required name=search_term_string\"}],\"inLanguage\":\"en-US\"},{\"@type\":\"WebPage\",\"@id\":\"https:\/\/www.urlaubcornwall.de\/blog\/abenteuer-in-cornwall-fuer-deutsche-reiseveranstalter\/\",\"url\":\"https:\/\/www.urlaubcornwall.de\/blog\/abenteuer-in-cornwall-fuer-deutsche-reiseveranstalter\/\",\"name\":\"Abenteuer in Cornwall f\u00fcr deutsche Reiseveranstalter - Urlaub &amp; Reisen\",\"isPartOf\":{\"@id\":\"https:\/\/www.urlaubcornwall.de\/blog\/#website\"},\"datePublished\":\"2024-12-30T09:17:34+00:00\",\"dateModified\":\"2024-12-30T09:17:34+00:00\",\"breadcrumb\":{\"@id\":\"https:\/\/www.urlaubcornwall.de\/blog\/abenteuer-in-cornwall-fuer-deutsche-reiseveranstalter\/#breadcrumb\"},\"inLanguage\":\"en-US\",\"potentialAction\":[{\"@type\":\"ReadAction\",\"target\":[\"https:\/\/www.urlaubcornwall.de\/blog\/abenteuer-in-cornwall-fuer-deutsche-reiseveranstalter\/\"]}]},{\"@type\":\"BreadcrumbList\",\"@id\":\"https:\/\/www.urlaubcornwall.de\/blog\/abenteuer-in-cornwall-fuer-deutsche-reiseveranstalter\/#breadcrumb\",\"itemListElement\":[{\"@type\":\"ListItem\",\"position\":1,\"name\":\"Home\",\"item\":\"https:\/\/www.urlaubcornwall.de\/blog\/\"},{\"@type\":\"ListItem\",\"position\":2,\"name\":\"Abenteuer in Cornwall f\u00fcr deutsche Reiseveranstalter\"}]}]}<\/script>\n<!-- \/ Yoast SEO plugin. -->","yoast_head_json":{"title":"Abenteuer in Cornwall f\u00fcr deutsche Reiseveranstalter - Urlaub &amp; Reisen","robots":{"index":"index","follow":"follow","max-snippet":"max-snippet:-1","max-image-preview":"max-image-preview:large","max-video-preview":"max-video-preview:-1"},"canonical":"https:\/\/www.urlaubcornwall.de\/blog\/abenteuer-in-cornwall-fuer-deutsche-reiseveranstalter\/","og_locale":"en_US","og_type":"article","og_title":"Abenteuer in Cornwall f\u00fcr deutsche Reiseveranstalter - Urlaub &amp; Reisen","og_description":"Lokaler DMC &amp; Spezial-Reiseveranstalter f\u00fcr Gruppen aus Deutschland, der Schweiz und \u00d6sterreich Wir spezialisieren uns auf Gruppenreisen, die sowohl bildend als auch unterhaltsam f\u00fcr Reiseveranstalter, Reiseb\u00fcros und Gruppenleiter sind. Fordere uns heraus, einen Cornwall-Itinerar zu gestalten, der deine Kunden fesselt und auf interaktives Lernen fokussiert. Bei Cornwall DMC, dem einzigen spezialisierten Destination-Management-Unternehmen der Region, k\u00f6nnen [&hellip;]","og_url":"https:\/\/www.urlaubcornwall.de\/blog\/abenteuer-in-cornwall-fuer-deutsche-reiseveranstalter\/","og_site_name":"Urlaub &amp; Reisen","og_image":[{"url":"https:\/\/www.urlaubcornwall.de\/blog\/wp-content\/uploads\/2024\/05\/wheal-coates_st-agnes.jpg"}],"twitter_card":"summary","twitter_misc":{"Est. reading time":"2 minutes"},"schema":{"@context":"https:\/\/schema.org","@graph":[{"@type":"WebSite","@id":"https:\/\/www.urlaubcornwall.de\/blog\/#website","url":"https:\/\/www.urlaubcornwall.de\/blog\/","name":"Urlaub &amp; Reisen","description":"Urlaub, Reisen, Cornwall und S\u00fcdengland: eine perfekte Kombination","potentialAction":[{"@type":"SearchAction","target":{"@type":"EntryPoint","urlTemplate":"https:\/\/www.urlaubcornwall.de\/blog\/?s={search_term_string}"},"query-input":"required name=search_term_string"}],"inLanguage":"en-US"},{"@type":"WebPage","@id":"https:\/\/www.urlaubcornwall.de\/blog\/abenteuer-in-cornwall-fuer-deutsche-reiseveranstalter\/","url":"https:\/\/www.urlaubcornwall.de\/blog\/abenteuer-in-cornwall-fuer-deutsche-reiseveranstalter\/","name":"Abenteuer in Cornwall f\u00fcr deutsche Reiseveranstalter - Urlaub &amp; Reisen","isPartOf":{"@id":"https:\/\/www.urlaubcornwall.de\/blog\/#website"},"datePublished":"2024-12-30T09:17:34+00:00","dateModified":"2024-12-30T09:17:34+00:00","breadcrumb":{"@id":"https:\/\/www.urlaubcornwall.de\/blog\/abenteuer-in-cornwall-fuer-deutsche-reiseveranstalter\/#breadcrumb"},"inLanguage":"en-US","potentialAction":[{"@type":"ReadAction","target":["https:\/\/www.urlaubcornwall.de\/blog\/abenteuer-in-cornwall-fuer-deutsche-reiseveranstalter\/"]}]},{"@type":"BreadcrumbList","@id":"https:\/\/www.urlaubcornwall.de\/blog\/abenteuer-in-cornwall-fuer-deutsche-reiseveranstalter\/#breadcrumb","itemListElement":[{"@type":"ListItem","position":1,"name":"Home","item":"https:\/\/www.urlaubcornwall.de\/blog\/"},{"@type":"ListItem","position":2,"name":"Abenteuer in Cornwall f\u00fcr deutsche Reiseveranstalter"}]}]}},"_links":{"self":[{"href":"https:\/\/www.urlaubcornwall.de\/blog\/wp-json\/wp\/v2\/pages\/51833"}],"collection":[{"href":"https:\/\/www.urlaubcornwall.de\/blog\/wp-json\/wp\/v2\/pages"}],"about":[{"href":"https:\/\/www.urlaubcornwall.de\/blog\/wp-json\/wp\/v2\/types\/page"}],"author":[{"embeddable":true,"href":"https:\/\/www.urlaubcornwall.de\/blog\/wp-json\/wp\/v2\/users\/1"}],"replies":[{"embeddable":true,"href":"https:\/\/www.urlaubcornwall.de\/blog\/wp-json\/wp\/v2\/comments?post=51833"}],"version-history":[{"count":1,"href":"https:\/\/www.urlaubcornwall.de\/blog\/wp-json\/wp\/v2\/pages\/51833\/revisions"}],"predecessor-version":[{"id":51834,"href":"https:\/\/www.urlaubcornwall.de\/blog\/wp-json\/wp\/v2\/pages\/51833\/revisions\/51834"}],"wp:attachment":[{"href":"https:\/\/www.urlaubcornwall.de\/blog\/wp-json\/wp\/v2\/media?parent=51833"}],"curies":[{"name":"wp","href":"https:\/\/api.w.org\/{rel}","templated":true}]}}