{"id":51765,"date":"2024-11-01T15:29:25","date_gmt":"2024-11-01T15:29:25","guid":{"rendered":"https:\/\/www.urlaubcornwall.de\/blog\/?page_id=51765"},"modified":"2025-02-28T12:56:43","modified_gmt":"2025-02-28T12:56:43","slug":"die-isles-of-scilly-ein-luxusretreat-fuer-kleine-gruppen","status":"publish","type":"page","link":"https:\/\/www.urlaubcornwall.de\/blog\/die-isles-of-scilly-ein-luxusretreat-fuer-kleine-gruppen\/","title":{"rendered":"Die Isles of Scilly, Cornwall: Ein Luxusretreat f\u00fcr kleine Gruppen"},"content":{"rendered":"<p><a href=\"https:\/\/www.urlaubcornwall.de\/blog\/wp-content\/uploads\/2021\/08\/scilly-klima-wetter-urlaub.jpg\"><img loading=\"lazy\" src=\"https:\/\/www.urlaubcornwall.de\/blog\/wp-content\/uploads\/2021\/08\/scilly-klima-wetter-urlaub.jpg\" alt=\"scilly cornwall urlaub sommer\" width=\"750\" height=\"772\" class=\"alignnone size-full wp-image-42090\" srcset=\"https:\/\/www.urlaubcornwall.de\/blog\/wp-content\/uploads\/2021\/08\/scilly-klima-wetter-urlaub.jpg 750w, https:\/\/www.urlaubcornwall.de\/blog\/wp-content\/uploads\/2021\/08\/scilly-klima-wetter-urlaub-291x300.jpg 291w\" sizes=\"(max-width: 750px) 100vw, 750px\" \/><\/a><\/p>\n<p>Die Isles of Scilly, ein idyllisches Archipel vor der K\u00fcste Cornwalls, bieten eine exklusive Flucht in die Natur und die Geschichte Britanniens. Unsere Reise f\u00fchrt Sie durch die malerischen Landschaften dieser Inseln, die sich durch ihre unber\u00fchrte Sch\u00f6nheit und ihren einzigartigen Charme auszeichnen.<\/p>\n<p><strong>Highlights der Reise:<\/strong><\/p>\n<p><strong>Botanische Wunder:<\/strong> Beginnen Sie Ihre Reise in den G\u00e4rten der Tresco Abbey, wo exotische Pflanzenarten und historische Relikte aufeinandertreffen. Die G\u00e4rten sind ein Paradies f\u00fcr Naturliebhaber und bieten eine Oase der Ruhe und Sch\u00f6nheit.<\/p>\n<p><strong>Str\u00e4nde und Meer:<\/strong> Die Isles of Scilly sind bekannt f\u00fcr ihre atemberaubenden Str\u00e4nde mit wei\u00dfem Sand und kristallklarem Wasser. Genie\u00dfen Sie private Bootsausfl\u00fcge oder tauchen Sie in die Unterwasserwelt ein, um die reiche Meeresfauna zu erkunden.<\/p>\n<p><strong>Historische Sites:<\/strong> Erleben Sie die reiche Geschichte der Inseln, von den alten Ruinen auf Tresco bis zu den vorgeschichtlichen Steinkreisen auf St. Mary&#8217;s. Jede Insel erz\u00e4hlt ihre eigene Geschichte, die Sie mit einem privaten F\u00fchrer entdecken k\u00f6nnen.<\/p>\n<p><strong>Vogelbeobachtung:<\/strong> Die Scilly-Inseln sind ein Hotspot f\u00fcr Vogelbeobachter. Im Fr\u00fchling und Herbst ziehen zahlreiche Vogelarten durch, was die Inseln zu einem idealen Ort f\u00fcr die Ornithologie macht.<\/p>\n<p><strong>Kulinarische Erlebnisse:<\/strong> Genie\u00dfen Sie lokale Delikatessen in exklusiven Restaurants, die frische Meeresfr\u00fcchte und regionale Spezialit\u00e4ten anbieten. Unsere Reisen umfassen private Abendessen mit Aussicht auf den Atlantik, die Ihre Geschmacksknospen und Ihr Herz gleicherma\u00dfen erfreuen werden.<\/p>\n<p>Mit <a href=\"https:\/\/cornwall-dmc.co.uk\/de\/\">unserem lokalen Partner Cornwall DMC bieten wir einen einzigartigen Reiseservice f\u00fcr Gruppen<\/a>, die Cornwall &#038; Isles of Scilly besuchen m\u00f6chten. Komplette Urlaubspakete in Zusammenarbeit mit Gruppenleitern, Reiseveranstaltern und Reiseb\u00fcros <\/p>\n","protected":false},"excerpt":{"rendered":"<p>Die Isles of Scilly, ein idyllisches Archipel vor der K\u00fcste Cornwalls, bieten eine exklusive Flucht in die Natur und die Geschichte Britanniens. Unsere Reise f\u00fchrt Sie durch die malerischen Landschaften dieser Inseln, die sich durch ihre unber\u00fchrte Sch\u00f6nheit und ihren einzigartigen Charme auszeichnen. Highlights der Reise: Botanische Wunder: Beginnen Sie Ihre Reise in den G\u00e4rten [&hellip;]<\/p>\n","protected":false},"author":1,"featured_media":0,"parent":0,"menu_order":0,"comment_status":"closed","ping_status":"closed","template":"single-four.php","meta":[],"acf":[],"yoast_head":"<!-- This site is optimized with the Yoast SEO plugin v19.4 - https:\/\/yoast.com\/wordpress\/plugins\/seo\/ -->\n<title>Die Isles of Scilly, Cornwall: Ein Luxusretreat f\u00fcr kleine Gruppen - Urlaub &amp; Reisen<\/title>\n<meta name=\"robots\" content=\"index, follow, max-snippet:-1, max-image-preview:large, max-video-preview:-1\" \/>\n<link rel=\"canonical\" href=\"https:\/\/www.urlaubcornwall.de\/blog\/die-isles-of-scilly-ein-luxusretreat-fuer-kleine-gruppen\/\" \/>\n<meta property=\"og:locale\" content=\"en_US\" \/>\n<meta property=\"og:type\" content=\"article\" \/>\n<meta property=\"og:title\" content=\"Die Isles of Scilly, Cornwall: Ein Luxusretreat f\u00fcr kleine Gruppen - Urlaub &amp; Reisen\" \/>\n<meta property=\"og:description\" content=\"Die Isles of Scilly, ein idyllisches Archipel vor der K\u00fcste Cornwalls, bieten eine exklusive Flucht in die Natur und die Geschichte Britanniens. Unsere Reise f\u00fchrt Sie durch die malerischen Landschaften dieser Inseln, die sich durch ihre unber\u00fchrte Sch\u00f6nheit und ihren einzigartigen Charme auszeichnen. Highlights der Reise: Botanische Wunder: Beginnen Sie Ihre Reise in den G\u00e4rten [&hellip;]\" \/>\n<meta property=\"og:url\" content=\"https:\/\/www.urlaubcornwall.de\/blog\/die-isles-of-scilly-ein-luxusretreat-fuer-kleine-gruppen\/\" \/>\n<meta property=\"og:site_name\" content=\"Urlaub &amp; Reisen\" \/>\n<meta property=\"article:modified_time\" content=\"2025-02-28T12:56:43+00:00\" \/>\n<meta property=\"og:image\" content=\"https:\/\/www.urlaubcornwall.de\/blog\/wp-content\/uploads\/2021\/08\/scilly-klima-wetter-urlaub.jpg\" \/>\n<meta name=\"twitter:card\" content=\"summary\" \/>\n<meta name=\"twitter:label1\" content=\"Est. reading time\" \/>\n\t<meta name=\"twitter:data1\" content=\"1 minute\" \/>\n<script type=\"application\/ld+json\" class=\"yoast-schema-graph\">{\"@context\":\"https:\/\/schema.org\",\"@graph\":[{\"@type\":\"WebSite\",\"@id\":\"https:\/\/www.urlaubcornwall.de\/blog\/#website\",\"url\":\"https:\/\/www.urlaubcornwall.de\/blog\/\",\"name\":\"Urlaub &amp; Reisen\",\"description\":\"Urlaub, Reisen, Cornwall und S\u00fcdengland: eine perfekte Kombination\",\"potentialAction\":[{\"@type\":\"SearchAction\",\"target\":{\"@type\":\"EntryPoint\",\"urlTemplate\":\"https:\/\/www.urlaubcornwall.de\/blog\/?s={search_term_string}\"},\"query-input\":\"required name=search_term_string\"}],\"inLanguage\":\"en-US\"},{\"@type\":\"WebPage\",\"@id\":\"https:\/\/www.urlaubcornwall.de\/blog\/die-isles-of-scilly-ein-luxusretreat-fuer-kleine-gruppen\/\",\"url\":\"https:\/\/www.urlaubcornwall.de\/blog\/die-isles-of-scilly-ein-luxusretreat-fuer-kleine-gruppen\/\",\"name\":\"Die Isles of Scilly, Cornwall: Ein Luxusretreat f\u00fcr kleine Gruppen - Urlaub &amp; Reisen\",\"isPartOf\":{\"@id\":\"https:\/\/www.urlaubcornwall.de\/blog\/#website\"},\"datePublished\":\"2024-11-01T15:29:25+00:00\",\"dateModified\":\"2025-02-28T12:56:43+00:00\",\"breadcrumb\":{\"@id\":\"https:\/\/www.urlaubcornwall.de\/blog\/die-isles-of-scilly-ein-luxusretreat-fuer-kleine-gruppen\/#breadcrumb\"},\"inLanguage\":\"en-US\",\"potentialAction\":[{\"@type\":\"ReadAction\",\"target\":[\"https:\/\/www.urlaubcornwall.de\/blog\/die-isles-of-scilly-ein-luxusretreat-fuer-kleine-gruppen\/\"]}]},{\"@type\":\"BreadcrumbList\",\"@id\":\"https:\/\/www.urlaubcornwall.de\/blog\/die-isles-of-scilly-ein-luxusretreat-fuer-kleine-gruppen\/#breadcrumb\",\"itemListElement\":[{\"@type\":\"ListItem\",\"position\":1,\"name\":\"Home\",\"item\":\"https:\/\/www.urlaubcornwall.de\/blog\/\"},{\"@type\":\"ListItem\",\"position\":2,\"name\":\"Die Isles of Scilly, Cornwall: Ein Luxusretreat f\u00fcr kleine Gruppen\"}]}]}<\/script>\n<!-- \/ Yoast SEO plugin. -->","yoast_head_json":{"title":"Die Isles of Scilly, Cornwall: Ein Luxusretreat f\u00fcr kleine Gruppen - Urlaub &amp; Reisen","robots":{"index":"index","follow":"follow","max-snippet":"max-snippet:-1","max-image-preview":"max-image-preview:large","max-video-preview":"max-video-preview:-1"},"canonical":"https:\/\/www.urlaubcornwall.de\/blog\/die-isles-of-scilly-ein-luxusretreat-fuer-kleine-gruppen\/","og_locale":"en_US","og_type":"article","og_title":"Die Isles of Scilly, Cornwall: Ein Luxusretreat f\u00fcr kleine Gruppen - Urlaub &amp; Reisen","og_description":"Die Isles of Scilly, ein idyllisches Archipel vor der K\u00fcste Cornwalls, bieten eine exklusive Flucht in die Natur und die Geschichte Britanniens. Unsere Reise f\u00fchrt Sie durch die malerischen Landschaften dieser Inseln, die sich durch ihre unber\u00fchrte Sch\u00f6nheit und ihren einzigartigen Charme auszeichnen. Highlights der Reise: Botanische Wunder: Beginnen Sie Ihre Reise in den G\u00e4rten [&hellip;]","og_url":"https:\/\/www.urlaubcornwall.de\/blog\/die-isles-of-scilly-ein-luxusretreat-fuer-kleine-gruppen\/","og_site_name":"Urlaub &amp; Reisen","article_modified_time":"2025-02-28T12:56:43+00:00","og_image":[{"url":"https:\/\/www.urlaubcornwall.de\/blog\/wp-content\/uploads\/2021\/08\/scilly-klima-wetter-urlaub.jpg"}],"twitter_card":"summary","twitter_misc":{"Est. reading time":"1 minute"},"schema":{"@context":"https:\/\/schema.org","@graph":[{"@type":"WebSite","@id":"https:\/\/www.urlaubcornwall.de\/blog\/#website","url":"https:\/\/www.urlaubcornwall.de\/blog\/","name":"Urlaub &amp; Reisen","description":"Urlaub, Reisen, Cornwall und S\u00fcdengland: eine perfekte Kombination","potentialAction":[{"@type":"SearchAction","target":{"@type":"EntryPoint","urlTemplate":"https:\/\/www.urlaubcornwall.de\/blog\/?s={search_term_string}"},"query-input":"required name=search_term_string"}],"inLanguage":"en-US"},{"@type":"WebPage","@id":"https:\/\/www.urlaubcornwall.de\/blog\/die-isles-of-scilly-ein-luxusretreat-fuer-kleine-gruppen\/","url":"https:\/\/www.urlaubcornwall.de\/blog\/die-isles-of-scilly-ein-luxusretreat-fuer-kleine-gruppen\/","name":"Die Isles of Scilly, Cornwall: Ein Luxusretreat f\u00fcr kleine Gruppen - Urlaub &amp; Reisen","isPartOf":{"@id":"https:\/\/www.urlaubcornwall.de\/blog\/#website"},"datePublished":"2024-11-01T15:29:25+00:00","dateModified":"2025-02-28T12:56:43+00:00","breadcrumb":{"@id":"https:\/\/www.urlaubcornwall.de\/blog\/die-isles-of-scilly-ein-luxusretreat-fuer-kleine-gruppen\/#breadcrumb"},"inLanguage":"en-US","potentialAction":[{"@type":"ReadAction","target":["https:\/\/www.urlaubcornwall.de\/blog\/die-isles-of-scilly-ein-luxusretreat-fuer-kleine-gruppen\/"]}]},{"@type":"BreadcrumbList","@id":"https:\/\/www.urlaubcornwall.de\/blog\/die-isles-of-scilly-ein-luxusretreat-fuer-kleine-gruppen\/#breadcrumb","itemListElement":[{"@type":"ListItem","position":1,"name":"Home","item":"https:\/\/www.urlaubcornwall.de\/blog\/"},{"@type":"ListItem","position":2,"name":"Die Isles of Scilly, Cornwall: Ein Luxusretreat f\u00fcr kleine Gruppen"}]}]}},"_links":{"self":[{"href":"https:\/\/www.urlaubcornwall.de\/blog\/wp-json\/wp\/v2\/pages\/51765"}],"collection":[{"href":"https:\/\/www.urlaubcornwall.de\/blog\/wp-json\/wp\/v2\/pages"}],"about":[{"href":"https:\/\/www.urlaubcornwall.de\/blog\/wp-json\/wp\/v2\/types\/page"}],"author":[{"embeddable":true,"href":"https:\/\/www.urlaubcornwall.de\/blog\/wp-json\/wp\/v2\/users\/1"}],"replies":[{"embeddable":true,"href":"https:\/\/www.urlaubcornwall.de\/blog\/wp-json\/wp\/v2\/comments?post=51765"}],"version-history":[{"count":2,"href":"https:\/\/www.urlaubcornwall.de\/blog\/wp-json\/wp\/v2\/pages\/51765\/revisions"}],"predecessor-version":[{"id":51849,"href":"https:\/\/www.urlaubcornwall.de\/blog\/wp-json\/wp\/v2\/pages\/51765\/revisions\/51849"}],"wp:attachment":[{"href":"https:\/\/www.urlaubcornwall.de\/blog\/wp-json\/wp\/v2\/media?parent=51765"}],"curies":[{"name":"wp","href":"https:\/\/api.w.org\/{rel}","templated":true}]}}