{"id":51734,"date":"2024-10-28T14:50:23","date_gmt":"2024-10-28T14:50:23","guid":{"rendered":"https:\/\/www.urlaubcornwall.de\/blog\/?page_id=51734"},"modified":"2024-10-29T08:38:30","modified_gmt":"2024-10-29T08:38:30","slug":"grosses-ferienhaeuser-in-der-naehe-london","status":"publish","type":"page","link":"https:\/\/www.urlaubcornwall.de\/blog\/grosses-ferienhaeuser-in-der-naehe-london\/","title":{"rendered":"Gro\u00dfes Ferienh\u00e4user in der N\u00e4he London"},"content":{"rendered":"<p><a href=\"https:\/\/www.urlaubcornwall.de\/blog\/wp-content\/uploads\/2024\/03\/Groses-Ferienhaus-fur-Gruppen-in-newquay.jpg\"><img loading=\"lazy\" src=\"https:\/\/www.urlaubcornwall.de\/blog\/wp-content\/uploads\/2024\/03\/Groses-Ferienhaus-fur-Gruppen-in-newquay.jpg\" alt=\"Gro\u00dfes Ferienhaus f\u00fcr Gruppen in newquay\" width=\"750\" height=\"500\" class=\"alignnone size-full wp-image-48290\" srcset=\"https:\/\/www.urlaubcornwall.de\/blog\/wp-content\/uploads\/2024\/03\/Groses-Ferienhaus-fur-Gruppen-in-newquay.jpg 750w, https:\/\/www.urlaubcornwall.de\/blog\/wp-content\/uploads\/2024\/03\/Groses-Ferienhaus-fur-Gruppen-in-newquay-300x200.jpg 300w\" sizes=\"(max-width: 750px) 100vw, 750px\" \/><\/a><\/p>\n<p>Luxus pur: Ihr R\u00fcckzugsort in den Grafschaften rund um London &#8211; <a href=\"https:\/\/www.urlaubcornwall.de\/ferienhaeuser-fewos\/eng\/sussex\/sussex.html\">Sussex<\/a>, <a href=\"https:\/\/www.urlaubcornwall.de\/ferienhaeuser-fewos\/eng\/kent\/kent.html\">Kent<\/a>, <a href=\"https:\/\/www.urlaubcornwall.de\/ferienhaeuser-fewos\/eng\/buckinghamshire\/buckinghamshire.html\">Buckinghamshire<\/a>, <a href=\"https:\/\/www.urlaubcornwall.de\/ferienhaeuser-fewos\/eng\/bedfordshire\/bedfordshire.html\">Bedfordshire<\/a>, <a href=\"https:\/\/www.urlaubcornwall.de\/ferienhaeuser-fewos\/eng\/hampshire\/hampshire.html\">Hampshire<\/a> &#038; <a href=\"https:\/\/www.urlaubcornwall.de\/ferienhaeuser-fewos\/eng\/essex\/essex.html\">Essex<\/a>.<\/p>\n<p>Erleben Sie die pulsierende Energie Londons, kombiniert mit dem exklusiven Komfort unserer handverlesenen Luxusferienh\u00e4user. Jede Unterkunft ist ein Meisterwerk des Stils und der Bequemlichkeit, sorgf\u00e4ltig ausgew\u00e4hlt, um Ihren Besuch in der Hauptstadt unvergesslich zu machen.<\/p>\n<p><strong>Geschmackvolle Auswahl:<\/strong> Pers\u00f6nlich gepr\u00fcfte Villen und Wohnungen, die Eleganz mit modernem Komfort verbinden.<\/p>\n<p><strong>Zentrale Lage:<\/strong> Nur einen Steinwurf von den kulturellen Highlights, Shopping-Meilen und historischen St\u00e4tten Londons entfernt.<\/p>\n<p><strong>Exklusive Annehmlichkeiten:<\/strong> Von privaten Wellnessbereichen bis hin zu ma\u00dfgeschneiderten Dienstleistungen \u2013 alles, was Sie f\u00fcr einen perfekten Aufenthalt ben\u00f6tigen.<\/p>\n<p>Genie\u00dfen Sie die N\u00e4he zu allem, was London bietet, ohne auf Ruhe und Luxus verzichten zu m\u00fcssen. Buchen Sie Ihr <a href=\"https:\/\/www.urlaubcornwall.de\/ferienhaeuser-fewos\/eng\/england.html\">Luxusferienhaus<\/a> f\u00fcr 6, 8, 10 &#038; 12 + Personen und entdecken Sie die Stadt auf eine Weise, wie Sie es sich immer vorgestellt haben.<\/p>\n","protected":false},"excerpt":{"rendered":"<p>Luxus pur: Ihr R\u00fcckzugsort in den Grafschaften rund um London &#8211; Sussex, Kent, Buckinghamshire, Bedfordshire, Hampshire &#038; Essex. Erleben Sie die pulsierende Energie Londons, kombiniert mit dem exklusiven Komfort unserer handverlesenen Luxusferienh\u00e4user. Jede Unterkunft ist ein Meisterwerk des Stils und der Bequemlichkeit, sorgf\u00e4ltig ausgew\u00e4hlt, um Ihren Besuch in der Hauptstadt unvergesslich zu machen. Geschmackvolle Auswahl: [&hellip;]<\/p>\n","protected":false},"author":1,"featured_media":0,"parent":0,"menu_order":0,"comment_status":"closed","ping_status":"closed","template":"single-four.php","meta":[],"acf":[],"yoast_head":"<!-- This site is optimized with the Yoast SEO plugin v19.4 - https:\/\/yoast.com\/wordpress\/plugins\/seo\/ -->\n<title>Gro\u00dfes Ferienh\u00e4user in der N\u00e4he London - Urlaub &amp; Reisen<\/title>\n<meta name=\"robots\" content=\"index, follow, max-snippet:-1, max-image-preview:large, max-video-preview:-1\" \/>\n<link rel=\"canonical\" href=\"https:\/\/www.urlaubcornwall.de\/blog\/grosses-ferienhaeuser-in-der-naehe-london\/\" \/>\n<meta property=\"og:locale\" content=\"en_US\" \/>\n<meta property=\"og:type\" content=\"article\" \/>\n<meta property=\"og:title\" content=\"Gro\u00dfes Ferienh\u00e4user in der N\u00e4he London - Urlaub &amp; Reisen\" \/>\n<meta property=\"og:description\" content=\"Luxus pur: Ihr R\u00fcckzugsort in den Grafschaften rund um London &#8211; Sussex, Kent, Buckinghamshire, Bedfordshire, Hampshire &#038; Essex. Erleben Sie die pulsierende Energie Londons, kombiniert mit dem exklusiven Komfort unserer handverlesenen Luxusferienh\u00e4user. Jede Unterkunft ist ein Meisterwerk des Stils und der Bequemlichkeit, sorgf\u00e4ltig ausgew\u00e4hlt, um Ihren Besuch in der Hauptstadt unvergesslich zu machen. Geschmackvolle Auswahl: [&hellip;]\" \/>\n<meta property=\"og:url\" content=\"https:\/\/www.urlaubcornwall.de\/blog\/grosses-ferienhaeuser-in-der-naehe-london\/\" \/>\n<meta property=\"og:site_name\" content=\"Urlaub &amp; Reisen\" \/>\n<meta property=\"article:modified_time\" content=\"2024-10-29T08:38:30+00:00\" \/>\n<meta property=\"og:image\" content=\"https:\/\/www.urlaubcornwall.de\/blog\/wp-content\/uploads\/2024\/03\/Groses-Ferienhaus-fur-Gruppen-in-newquay.jpg\" \/>\n<meta name=\"twitter:card\" content=\"summary\" \/>\n<meta name=\"twitter:label1\" content=\"Est. reading time\" \/>\n\t<meta name=\"twitter:data1\" content=\"1 minute\" \/>\n<script type=\"application\/ld+json\" class=\"yoast-schema-graph\">{\"@context\":\"https:\/\/schema.org\",\"@graph\":[{\"@type\":\"WebSite\",\"@id\":\"https:\/\/www.urlaubcornwall.de\/blog\/#website\",\"url\":\"https:\/\/www.urlaubcornwall.de\/blog\/\",\"name\":\"Urlaub &amp; Reisen\",\"description\":\"Urlaub, Reisen, Cornwall und S\u00fcdengland: eine perfekte Kombination\",\"potentialAction\":[{\"@type\":\"SearchAction\",\"target\":{\"@type\":\"EntryPoint\",\"urlTemplate\":\"https:\/\/www.urlaubcornwall.de\/blog\/?s={search_term_string}\"},\"query-input\":\"required name=search_term_string\"}],\"inLanguage\":\"en-US\"},{\"@type\":\"WebPage\",\"@id\":\"https:\/\/www.urlaubcornwall.de\/blog\/grosses-ferienhaeuser-in-der-naehe-london\/\",\"url\":\"https:\/\/www.urlaubcornwall.de\/blog\/grosses-ferienhaeuser-in-der-naehe-london\/\",\"name\":\"Gro\u00dfes Ferienh\u00e4user in der N\u00e4he London - Urlaub &amp; Reisen\",\"isPartOf\":{\"@id\":\"https:\/\/www.urlaubcornwall.de\/blog\/#website\"},\"datePublished\":\"2024-10-28T14:50:23+00:00\",\"dateModified\":\"2024-10-29T08:38:30+00:00\",\"breadcrumb\":{\"@id\":\"https:\/\/www.urlaubcornwall.de\/blog\/grosses-ferienhaeuser-in-der-naehe-london\/#breadcrumb\"},\"inLanguage\":\"en-US\",\"potentialAction\":[{\"@type\":\"ReadAction\",\"target\":[\"https:\/\/www.urlaubcornwall.de\/blog\/grosses-ferienhaeuser-in-der-naehe-london\/\"]}]},{\"@type\":\"BreadcrumbList\",\"@id\":\"https:\/\/www.urlaubcornwall.de\/blog\/grosses-ferienhaeuser-in-der-naehe-london\/#breadcrumb\",\"itemListElement\":[{\"@type\":\"ListItem\",\"position\":1,\"name\":\"Home\",\"item\":\"https:\/\/www.urlaubcornwall.de\/blog\/\"},{\"@type\":\"ListItem\",\"position\":2,\"name\":\"Gro\u00dfes Ferienh\u00e4user in der N\u00e4he London\"}]}]}<\/script>\n<!-- \/ Yoast SEO plugin. -->","yoast_head_json":{"title":"Gro\u00dfes Ferienh\u00e4user in der N\u00e4he London - Urlaub &amp; Reisen","robots":{"index":"index","follow":"follow","max-snippet":"max-snippet:-1","max-image-preview":"max-image-preview:large","max-video-preview":"max-video-preview:-1"},"canonical":"https:\/\/www.urlaubcornwall.de\/blog\/grosses-ferienhaeuser-in-der-naehe-london\/","og_locale":"en_US","og_type":"article","og_title":"Gro\u00dfes Ferienh\u00e4user in der N\u00e4he London - Urlaub &amp; Reisen","og_description":"Luxus pur: Ihr R\u00fcckzugsort in den Grafschaften rund um London &#8211; Sussex, Kent, Buckinghamshire, Bedfordshire, Hampshire &#038; Essex. Erleben Sie die pulsierende Energie Londons, kombiniert mit dem exklusiven Komfort unserer handverlesenen Luxusferienh\u00e4user. Jede Unterkunft ist ein Meisterwerk des Stils und der Bequemlichkeit, sorgf\u00e4ltig ausgew\u00e4hlt, um Ihren Besuch in der Hauptstadt unvergesslich zu machen. Geschmackvolle Auswahl: [&hellip;]","og_url":"https:\/\/www.urlaubcornwall.de\/blog\/grosses-ferienhaeuser-in-der-naehe-london\/","og_site_name":"Urlaub &amp; Reisen","article_modified_time":"2024-10-29T08:38:30+00:00","og_image":[{"url":"https:\/\/www.urlaubcornwall.de\/blog\/wp-content\/uploads\/2024\/03\/Groses-Ferienhaus-fur-Gruppen-in-newquay.jpg"}],"twitter_card":"summary","twitter_misc":{"Est. reading time":"1 minute"},"schema":{"@context":"https:\/\/schema.org","@graph":[{"@type":"WebSite","@id":"https:\/\/www.urlaubcornwall.de\/blog\/#website","url":"https:\/\/www.urlaubcornwall.de\/blog\/","name":"Urlaub &amp; Reisen","description":"Urlaub, Reisen, Cornwall und S\u00fcdengland: eine perfekte Kombination","potentialAction":[{"@type":"SearchAction","target":{"@type":"EntryPoint","urlTemplate":"https:\/\/www.urlaubcornwall.de\/blog\/?s={search_term_string}"},"query-input":"required name=search_term_string"}],"inLanguage":"en-US"},{"@type":"WebPage","@id":"https:\/\/www.urlaubcornwall.de\/blog\/grosses-ferienhaeuser-in-der-naehe-london\/","url":"https:\/\/www.urlaubcornwall.de\/blog\/grosses-ferienhaeuser-in-der-naehe-london\/","name":"Gro\u00dfes Ferienh\u00e4user in der N\u00e4he London - Urlaub &amp; Reisen","isPartOf":{"@id":"https:\/\/www.urlaubcornwall.de\/blog\/#website"},"datePublished":"2024-10-28T14:50:23+00:00","dateModified":"2024-10-29T08:38:30+00:00","breadcrumb":{"@id":"https:\/\/www.urlaubcornwall.de\/blog\/grosses-ferienhaeuser-in-der-naehe-london\/#breadcrumb"},"inLanguage":"en-US","potentialAction":[{"@type":"ReadAction","target":["https:\/\/www.urlaubcornwall.de\/blog\/grosses-ferienhaeuser-in-der-naehe-london\/"]}]},{"@type":"BreadcrumbList","@id":"https:\/\/www.urlaubcornwall.de\/blog\/grosses-ferienhaeuser-in-der-naehe-london\/#breadcrumb","itemListElement":[{"@type":"ListItem","position":1,"name":"Home","item":"https:\/\/www.urlaubcornwall.de\/blog\/"},{"@type":"ListItem","position":2,"name":"Gro\u00dfes Ferienh\u00e4user in der N\u00e4he London"}]}]}},"_links":{"self":[{"href":"https:\/\/www.urlaubcornwall.de\/blog\/wp-json\/wp\/v2\/pages\/51734"}],"collection":[{"href":"https:\/\/www.urlaubcornwall.de\/blog\/wp-json\/wp\/v2\/pages"}],"about":[{"href":"https:\/\/www.urlaubcornwall.de\/blog\/wp-json\/wp\/v2\/types\/page"}],"author":[{"embeddable":true,"href":"https:\/\/www.urlaubcornwall.de\/blog\/wp-json\/wp\/v2\/users\/1"}],"replies":[{"embeddable":true,"href":"https:\/\/www.urlaubcornwall.de\/blog\/wp-json\/wp\/v2\/comments?post=51734"}],"version-history":[{"count":3,"href":"https:\/\/www.urlaubcornwall.de\/blog\/wp-json\/wp\/v2\/pages\/51734\/revisions"}],"predecessor-version":[{"id":51743,"href":"https:\/\/www.urlaubcornwall.de\/blog\/wp-json\/wp\/v2\/pages\/51734\/revisions\/51743"}],"wp:attachment":[{"href":"https:\/\/www.urlaubcornwall.de\/blog\/wp-json\/wp\/v2\/media?parent=51734"}],"curies":[{"name":"wp","href":"https:\/\/api.w.org\/{rel}","templated":true}]}}