{"id":51731,"date":"2024-10-28T14:25:52","date_gmt":"2024-10-28T14:25:52","guid":{"rendered":"https:\/\/www.urlaubcornwall.de\/blog\/?page_id=51731"},"modified":"2024-10-28T15:09:39","modified_gmt":"2024-10-28T15:09:39","slug":"grosses-ferienhaus-fuer-famillien-gruppen-auf-arran","status":"publish","type":"page","link":"https:\/\/www.urlaubcornwall.de\/blog\/grosses-ferienhaus-fuer-famillien-gruppen-auf-arran\/","title":{"rendered":"Gro\u00dfes Ferienhaus f\u00fcr Familien &#038; Gruppen auf Arran"},"content":{"rendered":"<p><a href=\"https:\/\/www.urlaubcornwall.de\/blog\/wp-content\/uploads\/2021\/07\/ferienhaus-lamlash-insel-arran.jpg\"><img loading=\"lazy\" src=\"https:\/\/www.urlaubcornwall.de\/blog\/wp-content\/uploads\/2021\/07\/ferienhaus-lamlash-insel-arran.jpg\" alt=\"ferienhaus-lamlash-insel-arran\" width=\"750\" height=\"562\" class=\"alignnone size-full wp-image-42006\" srcset=\"https:\/\/www.urlaubcornwall.de\/blog\/wp-content\/uploads\/2021\/07\/ferienhaus-lamlash-insel-arran.jpg 750w, https:\/\/www.urlaubcornwall.de\/blog\/wp-content\/uploads\/2021\/07\/ferienhaus-lamlash-insel-arran-300x225.jpg 300w\" sizes=\"(max-width: 750px) 100vw, 750px\" \/><\/a><\/p>\n<p>Entdecken Sie Ihr tr\u00e4umliches Ferienhaus auf <a href=\"https:\/\/www.urlaubcornwall.de\/blog\/ferienhaeuser-ferienwohnungen-cottages-isle-of-arran\/\">Arran<\/a> &#8211; F\u00fcr Paare und Gruppen \/ Familien mit 4, 6, 8, 10 oder 12 Personen<\/p>\n<p>Erleben Sie die magische Sch\u00f6nheit der Isle of Arran mit unseren exklusiv kuratierten Ferienh\u00e4usern in <a href=\"https:\/\/www.urlaubcornwall.de\/ferienhaeuser-fewos\/sco\/schottische-inseln\/brodick.html\">Brodick<\/a>, <a href=\"https:\/\/www.urlaubcornwall.de\/ferienhaeuser-fewos\/sco\/schottische-inseln\/lamlash.html\">Lamlash<\/a>, <a href=\"https:\/\/www.urlaubcornwall.de\/ferienhaeuser-fewos\/sco\/schottische-inseln\/machrie.html\">Machrie<\/a>, <a href=\"https:\/\/www.urlaubcornwall.de\/ferienhaeuser-fewos\/sco\/schottische-inseln\/blackwaterfoot.html\">Blackwaterfoot<\/a> &amp; <a href=\"https:\/\/www.urlaubcornwall.de\/ferienhaeuser-fewos\/sco\/schottische-inseln\/whiting-bay.html\">Whiting Bay<\/a>. Jede Unterkunft wurde sorgf\u00e4ltig ausgew\u00e4hlt, um Ihnen den perfekten Aufenthalt zu garantieren. Unser Versprechen: Authentizit\u00e4t, Komfort und ein unvergleichlicher Blick auf die schottische Landschaft.<\/p>\n<p><strong>Personalisierte Auswahl:<\/strong> Jedes Haus wurde von uns pers\u00f6nlich gepr\u00fcft und f\u00fcr seine Einzigartigkeit ausgew\u00e4hlt.<\/p>\n<p><strong>Idyllische Lage:<\/strong> Direkt in Brodick, wo Natur und Luxus aufeinandertreffen.<\/p>\n<p><strong>Top-Qualit\u00e4t:<\/strong> Hochwertige Ausstattung und Service f\u00fcr einen unvergesslichen Urlaub.<\/p>\n<p>Lassen Sie sich von Arran verzaubern. Buchen Sie jetzt Ihr <a href=\"https:\/\/www.urlaubcornwall.de\/ferienhaeuser-fewos\/sco\/schottland.html\">Ferienhaus und erleben Sie Schottland<\/a> auf eine Weise, die Sie nie vergessen werden.<\/p>\n","protected":false},"excerpt":{"rendered":"<p>Entdecken Sie Ihr tr\u00e4umliches Ferienhaus auf Arran &#8211; F\u00fcr Paare und Gruppen \/ Familien mit 4, 6, 8, 10 oder 12 Personen Erleben Sie die magische Sch\u00f6nheit der Isle of Arran mit unseren exklusiv kuratierten Ferienh\u00e4usern in Brodick, Lamlash, Machrie, Blackwaterfoot &amp; Whiting Bay. Jede Unterkunft wurde sorgf\u00e4ltig ausgew\u00e4hlt, um Ihnen den perfekten Aufenthalt zu [&hellip;]<\/p>\n","protected":false},"author":1,"featured_media":0,"parent":0,"menu_order":0,"comment_status":"closed","ping_status":"closed","template":"single-four.php","meta":[],"acf":[],"yoast_head":"<!-- This site is optimized with the Yoast SEO plugin v19.4 - https:\/\/yoast.com\/wordpress\/plugins\/seo\/ -->\n<title>Gro\u00dfes Ferienhaus f\u00fcr Familien &amp; Gruppen auf Arran - Urlaub &amp; Reisen<\/title>\n<meta name=\"robots\" content=\"index, follow, max-snippet:-1, max-image-preview:large, max-video-preview:-1\" \/>\n<link rel=\"canonical\" href=\"https:\/\/www.urlaubcornwall.de\/blog\/grosses-ferienhaus-fuer-famillien-gruppen-auf-arran\/\" \/>\n<meta property=\"og:locale\" content=\"en_US\" \/>\n<meta property=\"og:type\" content=\"article\" \/>\n<meta property=\"og:title\" content=\"Gro\u00dfes Ferienhaus f\u00fcr Familien &amp; Gruppen auf Arran - Urlaub &amp; Reisen\" \/>\n<meta property=\"og:description\" content=\"Entdecken Sie Ihr tr\u00e4umliches Ferienhaus auf Arran &#8211; F\u00fcr Paare und Gruppen \/ Familien mit 4, 6, 8, 10 oder 12 Personen Erleben Sie die magische Sch\u00f6nheit der Isle of Arran mit unseren exklusiv kuratierten Ferienh\u00e4usern in Brodick, Lamlash, Machrie, Blackwaterfoot &amp; Whiting Bay. Jede Unterkunft wurde sorgf\u00e4ltig ausgew\u00e4hlt, um Ihnen den perfekten Aufenthalt zu [&hellip;]\" \/>\n<meta property=\"og:url\" content=\"https:\/\/www.urlaubcornwall.de\/blog\/grosses-ferienhaus-fuer-famillien-gruppen-auf-arran\/\" \/>\n<meta property=\"og:site_name\" content=\"Urlaub &amp; Reisen\" \/>\n<meta property=\"article:modified_time\" content=\"2024-10-28T15:09:39+00:00\" \/>\n<meta property=\"og:image\" content=\"https:\/\/www.urlaubcornwall.de\/blog\/wp-content\/uploads\/2021\/07\/ferienhaus-lamlash-insel-arran.jpg\" \/>\n<meta name=\"twitter:card\" content=\"summary\" \/>\n<meta name=\"twitter:label1\" content=\"Est. reading time\" \/>\n\t<meta name=\"twitter:data1\" content=\"1 minute\" \/>\n<script type=\"application\/ld+json\" class=\"yoast-schema-graph\">{\"@context\":\"https:\/\/schema.org\",\"@graph\":[{\"@type\":\"WebSite\",\"@id\":\"https:\/\/www.urlaubcornwall.de\/blog\/#website\",\"url\":\"https:\/\/www.urlaubcornwall.de\/blog\/\",\"name\":\"Urlaub &amp; Reisen\",\"description\":\"Urlaub, Reisen, Cornwall und S\u00fcdengland: eine perfekte Kombination\",\"potentialAction\":[{\"@type\":\"SearchAction\",\"target\":{\"@type\":\"EntryPoint\",\"urlTemplate\":\"https:\/\/www.urlaubcornwall.de\/blog\/?s={search_term_string}\"},\"query-input\":\"required name=search_term_string\"}],\"inLanguage\":\"en-US\"},{\"@type\":\"WebPage\",\"@id\":\"https:\/\/www.urlaubcornwall.de\/blog\/grosses-ferienhaus-fuer-famillien-gruppen-auf-arran\/\",\"url\":\"https:\/\/www.urlaubcornwall.de\/blog\/grosses-ferienhaus-fuer-famillien-gruppen-auf-arran\/\",\"name\":\"Gro\u00dfes Ferienhaus f\u00fcr Familien & Gruppen auf Arran - Urlaub &amp; Reisen\",\"isPartOf\":{\"@id\":\"https:\/\/www.urlaubcornwall.de\/blog\/#website\"},\"datePublished\":\"2024-10-28T14:25:52+00:00\",\"dateModified\":\"2024-10-28T15:09:39+00:00\",\"breadcrumb\":{\"@id\":\"https:\/\/www.urlaubcornwall.de\/blog\/grosses-ferienhaus-fuer-famillien-gruppen-auf-arran\/#breadcrumb\"},\"inLanguage\":\"en-US\",\"potentialAction\":[{\"@type\":\"ReadAction\",\"target\":[\"https:\/\/www.urlaubcornwall.de\/blog\/grosses-ferienhaus-fuer-famillien-gruppen-auf-arran\/\"]}]},{\"@type\":\"BreadcrumbList\",\"@id\":\"https:\/\/www.urlaubcornwall.de\/blog\/grosses-ferienhaus-fuer-famillien-gruppen-auf-arran\/#breadcrumb\",\"itemListElement\":[{\"@type\":\"ListItem\",\"position\":1,\"name\":\"Home\",\"item\":\"https:\/\/www.urlaubcornwall.de\/blog\/\"},{\"@type\":\"ListItem\",\"position\":2,\"name\":\"Gro\u00dfes Ferienhaus f\u00fcr Familien &#038; Gruppen auf Arran\"}]}]}<\/script>\n<!-- \/ Yoast SEO plugin. -->","yoast_head_json":{"title":"Gro\u00dfes Ferienhaus f\u00fcr Familien & Gruppen auf Arran - Urlaub &amp; Reisen","robots":{"index":"index","follow":"follow","max-snippet":"max-snippet:-1","max-image-preview":"max-image-preview:large","max-video-preview":"max-video-preview:-1"},"canonical":"https:\/\/www.urlaubcornwall.de\/blog\/grosses-ferienhaus-fuer-famillien-gruppen-auf-arran\/","og_locale":"en_US","og_type":"article","og_title":"Gro\u00dfes Ferienhaus f\u00fcr Familien & Gruppen auf Arran - Urlaub &amp; Reisen","og_description":"Entdecken Sie Ihr tr\u00e4umliches Ferienhaus auf Arran &#8211; F\u00fcr Paare und Gruppen \/ Familien mit 4, 6, 8, 10 oder 12 Personen Erleben Sie die magische Sch\u00f6nheit der Isle of Arran mit unseren exklusiv kuratierten Ferienh\u00e4usern in Brodick, Lamlash, Machrie, Blackwaterfoot &amp; Whiting Bay. Jede Unterkunft wurde sorgf\u00e4ltig ausgew\u00e4hlt, um Ihnen den perfekten Aufenthalt zu [&hellip;]","og_url":"https:\/\/www.urlaubcornwall.de\/blog\/grosses-ferienhaus-fuer-famillien-gruppen-auf-arran\/","og_site_name":"Urlaub &amp; Reisen","article_modified_time":"2024-10-28T15:09:39+00:00","og_image":[{"url":"https:\/\/www.urlaubcornwall.de\/blog\/wp-content\/uploads\/2021\/07\/ferienhaus-lamlash-insel-arran.jpg"}],"twitter_card":"summary","twitter_misc":{"Est. reading time":"1 minute"},"schema":{"@context":"https:\/\/schema.org","@graph":[{"@type":"WebSite","@id":"https:\/\/www.urlaubcornwall.de\/blog\/#website","url":"https:\/\/www.urlaubcornwall.de\/blog\/","name":"Urlaub &amp; Reisen","description":"Urlaub, Reisen, Cornwall und S\u00fcdengland: eine perfekte Kombination","potentialAction":[{"@type":"SearchAction","target":{"@type":"EntryPoint","urlTemplate":"https:\/\/www.urlaubcornwall.de\/blog\/?s={search_term_string}"},"query-input":"required name=search_term_string"}],"inLanguage":"en-US"},{"@type":"WebPage","@id":"https:\/\/www.urlaubcornwall.de\/blog\/grosses-ferienhaus-fuer-famillien-gruppen-auf-arran\/","url":"https:\/\/www.urlaubcornwall.de\/blog\/grosses-ferienhaus-fuer-famillien-gruppen-auf-arran\/","name":"Gro\u00dfes Ferienhaus f\u00fcr Familien & Gruppen auf Arran - Urlaub &amp; Reisen","isPartOf":{"@id":"https:\/\/www.urlaubcornwall.de\/blog\/#website"},"datePublished":"2024-10-28T14:25:52+00:00","dateModified":"2024-10-28T15:09:39+00:00","breadcrumb":{"@id":"https:\/\/www.urlaubcornwall.de\/blog\/grosses-ferienhaus-fuer-famillien-gruppen-auf-arran\/#breadcrumb"},"inLanguage":"en-US","potentialAction":[{"@type":"ReadAction","target":["https:\/\/www.urlaubcornwall.de\/blog\/grosses-ferienhaus-fuer-famillien-gruppen-auf-arran\/"]}]},{"@type":"BreadcrumbList","@id":"https:\/\/www.urlaubcornwall.de\/blog\/grosses-ferienhaus-fuer-famillien-gruppen-auf-arran\/#breadcrumb","itemListElement":[{"@type":"ListItem","position":1,"name":"Home","item":"https:\/\/www.urlaubcornwall.de\/blog\/"},{"@type":"ListItem","position":2,"name":"Gro\u00dfes Ferienhaus f\u00fcr Familien &#038; Gruppen auf Arran"}]}]}},"_links":{"self":[{"href":"https:\/\/www.urlaubcornwall.de\/blog\/wp-json\/wp\/v2\/pages\/51731"}],"collection":[{"href":"https:\/\/www.urlaubcornwall.de\/blog\/wp-json\/wp\/v2\/pages"}],"about":[{"href":"https:\/\/www.urlaubcornwall.de\/blog\/wp-json\/wp\/v2\/types\/page"}],"author":[{"embeddable":true,"href":"https:\/\/www.urlaubcornwall.de\/blog\/wp-json\/wp\/v2\/users\/1"}],"replies":[{"embeddable":true,"href":"https:\/\/www.urlaubcornwall.de\/blog\/wp-json\/wp\/v2\/comments?post=51731"}],"version-history":[{"count":3,"href":"https:\/\/www.urlaubcornwall.de\/blog\/wp-json\/wp\/v2\/pages\/51731\/revisions"}],"predecessor-version":[{"id":51738,"href":"https:\/\/www.urlaubcornwall.de\/blog\/wp-json\/wp\/v2\/pages\/51731\/revisions\/51738"}],"wp:attachment":[{"href":"https:\/\/www.urlaubcornwall.de\/blog\/wp-json\/wp\/v2\/media?parent=51731"}],"curies":[{"name":"wp","href":"https:\/\/api.w.org\/{rel}","templated":true}]}}