{"id":51723,"date":"2024-10-25T10:01:04","date_gmt":"2024-10-25T10:01:04","guid":{"rendered":"https:\/\/www.urlaubcornwall.de\/blog\/?page_id=51723"},"modified":"2024-10-28T12:49:33","modified_gmt":"2024-10-28T12:49:33","slug":"ferienhaus-in-der-naehe-sandwich-golfplatz","status":"publish","type":"page","link":"https:\/\/www.urlaubcornwall.de\/blog\/ferienhaus-in-der-naehe-sandwich-golfplatz\/","title":{"rendered":"Ferienhaus in der N\u00e4he Sandwich Golfplatz &#8211; Royal St George&#8217;s"},"content":{"rendered":"<p><a href=\"https:\/\/www.urlaubcornwall.de\/blog\/wp-content\/uploads\/2016\/03\/Golf-urlaub-falmouth-cornwall.jpg\"><img loading=\"lazy\" src=\"https:\/\/www.urlaubcornwall.de\/blog\/wp-content\/uploads\/2016\/03\/Golf-urlaub-falmouth-cornwall.jpg\" alt=\"Golfurlaub kent\" width=\"750\" height=\"371\" class=\"alignnone size-full wp-image-23304\" \/><\/a><\/p>\n<p>Der <a href=\"https:\/\/www.urlaubcornwall.de\/ferienhaeuser-fewos\/eng\/kent\/sandwich.html\">Sandwich<\/a> Golf Club, auch bekannt als Royal St George&#8217;s Golf Club, ist ein Juwel an der <a href=\"https:\/\/www.urlaubcornwall.de\/ferienhaeuser-fewos\/eng\/kent\/kent.html\">K\u00fcste von Kent<\/a>, ber\u00fchmt f\u00fcr seine historische Bedeutung und seine anspruchsvollen Bahnen, die sich durch die D\u00fcnenlandschaft winden. Ein Muss f\u00fcr jeden Golfenthusiasten, bietet der Club nicht nur eine herausragende Spielqualit\u00e4t, sondern auch atemberaubende Ausblicke auf die K\u00fcste. In der N\u00e4he finden Sie den Prince&#8217;s Golf Club, der direkt am Royal Cinque Ports Golf Club grenzt, ein weiterer traditionsreicher Club mit einer einzigartigen Herausforderung. <\/p>\n<p>Wir bieten handverlesene Ferienh\u00e4user in der N\u00e4he <a href=\"https:\/\/www.urlaubcornwall.de\/ferienhaeuser-fewos\/eng\/kent\/sandwich.html\">Sandwich f\u00fcr Golfgruppen &#8211; 2, 4 6 und 8 Personen<\/a><\/p>\n<p>Diese Golfclubs in Kent sind nicht nur f\u00fcr ihre exzellenten Platzbedingungen bekannt, sondern auch f\u00fcr ihre Gastfreundschaft und die M\u00f6glichkeit, Golf in einer der Wiegen dieses Sports zu spielen, was sie zu einem perfekten Ziel f\u00fcr Golfgruppen macht, die ein unvergessliches Erlebnis suchen.<\/p>\n","protected":false},"excerpt":{"rendered":"<p>Der Sandwich Golf Club, auch bekannt als Royal St George&#8217;s Golf Club, ist ein Juwel an der K\u00fcste von Kent, ber\u00fchmt f\u00fcr seine historische Bedeutung und seine anspruchsvollen Bahnen, die sich durch die D\u00fcnenlandschaft winden. Ein Muss f\u00fcr jeden Golfenthusiasten, bietet der Club nicht nur eine herausragende Spielqualit\u00e4t, sondern auch atemberaubende Ausblicke auf die K\u00fcste. [&hellip;]<\/p>\n","protected":false},"author":1,"featured_media":0,"parent":0,"menu_order":0,"comment_status":"closed","ping_status":"closed","template":"single-four.php","meta":[],"acf":[],"yoast_head":"<!-- This site is optimized with the Yoast SEO plugin v19.4 - https:\/\/yoast.com\/wordpress\/plugins\/seo\/ -->\n<title>Ferienhaus in der N\u00e4he Sandwich Golfplatz - Royal St George&#039;s - Urlaub &amp; Reisen<\/title>\n<meta name=\"robots\" content=\"index, follow, max-snippet:-1, max-image-preview:large, max-video-preview:-1\" \/>\n<link rel=\"canonical\" href=\"https:\/\/www.urlaubcornwall.de\/blog\/ferienhaus-in-der-naehe-sandwich-golfplatz\/\" \/>\n<meta property=\"og:locale\" content=\"en_US\" \/>\n<meta property=\"og:type\" content=\"article\" \/>\n<meta property=\"og:title\" content=\"Ferienhaus in der N\u00e4he Sandwich Golfplatz - Royal St George&#039;s - Urlaub &amp; Reisen\" \/>\n<meta property=\"og:description\" content=\"Der Sandwich Golf Club, auch bekannt als Royal St George&#8217;s Golf Club, ist ein Juwel an der K\u00fcste von Kent, ber\u00fchmt f\u00fcr seine historische Bedeutung und seine anspruchsvollen Bahnen, die sich durch die D\u00fcnenlandschaft winden. Ein Muss f\u00fcr jeden Golfenthusiasten, bietet der Club nicht nur eine herausragende Spielqualit\u00e4t, sondern auch atemberaubende Ausblicke auf die K\u00fcste. [&hellip;]\" \/>\n<meta property=\"og:url\" content=\"https:\/\/www.urlaubcornwall.de\/blog\/ferienhaus-in-der-naehe-sandwich-golfplatz\/\" \/>\n<meta property=\"og:site_name\" content=\"Urlaub &amp; Reisen\" \/>\n<meta property=\"article:modified_time\" content=\"2024-10-28T12:49:33+00:00\" \/>\n<meta property=\"og:image\" content=\"https:\/\/www.urlaubcornwall.de\/blog\/wp-content\/uploads\/2016\/03\/Golf-urlaub-falmouth-cornwall.jpg\" \/>\n<meta name=\"twitter:card\" content=\"summary\" \/>\n<script type=\"application\/ld+json\" class=\"yoast-schema-graph\">{\"@context\":\"https:\/\/schema.org\",\"@graph\":[{\"@type\":\"WebSite\",\"@id\":\"https:\/\/www.urlaubcornwall.de\/blog\/#website\",\"url\":\"https:\/\/www.urlaubcornwall.de\/blog\/\",\"name\":\"Urlaub &amp; Reisen\",\"description\":\"Urlaub, Reisen, Cornwall und S\u00fcdengland: eine perfekte Kombination\",\"potentialAction\":[{\"@type\":\"SearchAction\",\"target\":{\"@type\":\"EntryPoint\",\"urlTemplate\":\"https:\/\/www.urlaubcornwall.de\/blog\/?s={search_term_string}\"},\"query-input\":\"required name=search_term_string\"}],\"inLanguage\":\"en-US\"},{\"@type\":\"WebPage\",\"@id\":\"https:\/\/www.urlaubcornwall.de\/blog\/ferienhaus-in-der-naehe-sandwich-golfplatz\/\",\"url\":\"https:\/\/www.urlaubcornwall.de\/blog\/ferienhaus-in-der-naehe-sandwich-golfplatz\/\",\"name\":\"Ferienhaus in der N\u00e4he Sandwich Golfplatz - Royal St George's - Urlaub &amp; Reisen\",\"isPartOf\":{\"@id\":\"https:\/\/www.urlaubcornwall.de\/blog\/#website\"},\"datePublished\":\"2024-10-25T10:01:04+00:00\",\"dateModified\":\"2024-10-28T12:49:33+00:00\",\"breadcrumb\":{\"@id\":\"https:\/\/www.urlaubcornwall.de\/blog\/ferienhaus-in-der-naehe-sandwich-golfplatz\/#breadcrumb\"},\"inLanguage\":\"en-US\",\"potentialAction\":[{\"@type\":\"ReadAction\",\"target\":[\"https:\/\/www.urlaubcornwall.de\/blog\/ferienhaus-in-der-naehe-sandwich-golfplatz\/\"]}]},{\"@type\":\"BreadcrumbList\",\"@id\":\"https:\/\/www.urlaubcornwall.de\/blog\/ferienhaus-in-der-naehe-sandwich-golfplatz\/#breadcrumb\",\"itemListElement\":[{\"@type\":\"ListItem\",\"position\":1,\"name\":\"Home\",\"item\":\"https:\/\/www.urlaubcornwall.de\/blog\/\"},{\"@type\":\"ListItem\",\"position\":2,\"name\":\"Ferienhaus in der N\u00e4he Sandwich Golfplatz &#8211; Royal St George&#8217;s\"}]}]}<\/script>\n<!-- \/ Yoast SEO plugin. -->","yoast_head_json":{"title":"Ferienhaus in der N\u00e4he Sandwich Golfplatz - Royal St George's - Urlaub &amp; Reisen","robots":{"index":"index","follow":"follow","max-snippet":"max-snippet:-1","max-image-preview":"max-image-preview:large","max-video-preview":"max-video-preview:-1"},"canonical":"https:\/\/www.urlaubcornwall.de\/blog\/ferienhaus-in-der-naehe-sandwich-golfplatz\/","og_locale":"en_US","og_type":"article","og_title":"Ferienhaus in der N\u00e4he Sandwich Golfplatz - Royal St George's - Urlaub &amp; Reisen","og_description":"Der Sandwich Golf Club, auch bekannt als Royal St George&#8217;s Golf Club, ist ein Juwel an der K\u00fcste von Kent, ber\u00fchmt f\u00fcr seine historische Bedeutung und seine anspruchsvollen Bahnen, die sich durch die D\u00fcnenlandschaft winden. Ein Muss f\u00fcr jeden Golfenthusiasten, bietet der Club nicht nur eine herausragende Spielqualit\u00e4t, sondern auch atemberaubende Ausblicke auf die K\u00fcste. [&hellip;]","og_url":"https:\/\/www.urlaubcornwall.de\/blog\/ferienhaus-in-der-naehe-sandwich-golfplatz\/","og_site_name":"Urlaub &amp; Reisen","article_modified_time":"2024-10-28T12:49:33+00:00","og_image":[{"url":"https:\/\/www.urlaubcornwall.de\/blog\/wp-content\/uploads\/2016\/03\/Golf-urlaub-falmouth-cornwall.jpg"}],"twitter_card":"summary","schema":{"@context":"https:\/\/schema.org","@graph":[{"@type":"WebSite","@id":"https:\/\/www.urlaubcornwall.de\/blog\/#website","url":"https:\/\/www.urlaubcornwall.de\/blog\/","name":"Urlaub &amp; Reisen","description":"Urlaub, Reisen, Cornwall und S\u00fcdengland: eine perfekte Kombination","potentialAction":[{"@type":"SearchAction","target":{"@type":"EntryPoint","urlTemplate":"https:\/\/www.urlaubcornwall.de\/blog\/?s={search_term_string}"},"query-input":"required name=search_term_string"}],"inLanguage":"en-US"},{"@type":"WebPage","@id":"https:\/\/www.urlaubcornwall.de\/blog\/ferienhaus-in-der-naehe-sandwich-golfplatz\/","url":"https:\/\/www.urlaubcornwall.de\/blog\/ferienhaus-in-der-naehe-sandwich-golfplatz\/","name":"Ferienhaus in der N\u00e4he Sandwich Golfplatz - Royal St George's - Urlaub &amp; Reisen","isPartOf":{"@id":"https:\/\/www.urlaubcornwall.de\/blog\/#website"},"datePublished":"2024-10-25T10:01:04+00:00","dateModified":"2024-10-28T12:49:33+00:00","breadcrumb":{"@id":"https:\/\/www.urlaubcornwall.de\/blog\/ferienhaus-in-der-naehe-sandwich-golfplatz\/#breadcrumb"},"inLanguage":"en-US","potentialAction":[{"@type":"ReadAction","target":["https:\/\/www.urlaubcornwall.de\/blog\/ferienhaus-in-der-naehe-sandwich-golfplatz\/"]}]},{"@type":"BreadcrumbList","@id":"https:\/\/www.urlaubcornwall.de\/blog\/ferienhaus-in-der-naehe-sandwich-golfplatz\/#breadcrumb","itemListElement":[{"@type":"ListItem","position":1,"name":"Home","item":"https:\/\/www.urlaubcornwall.de\/blog\/"},{"@type":"ListItem","position":2,"name":"Ferienhaus in der N\u00e4he Sandwich Golfplatz &#8211; Royal St George&#8217;s"}]}]}},"_links":{"self":[{"href":"https:\/\/www.urlaubcornwall.de\/blog\/wp-json\/wp\/v2\/pages\/51723"}],"collection":[{"href":"https:\/\/www.urlaubcornwall.de\/blog\/wp-json\/wp\/v2\/pages"}],"about":[{"href":"https:\/\/www.urlaubcornwall.de\/blog\/wp-json\/wp\/v2\/types\/page"}],"author":[{"embeddable":true,"href":"https:\/\/www.urlaubcornwall.de\/blog\/wp-json\/wp\/v2\/users\/1"}],"replies":[{"embeddable":true,"href":"https:\/\/www.urlaubcornwall.de\/blog\/wp-json\/wp\/v2\/comments?post=51723"}],"version-history":[{"count":2,"href":"https:\/\/www.urlaubcornwall.de\/blog\/wp-json\/wp\/v2\/pages\/51723\/revisions"}],"predecessor-version":[{"id":51730,"href":"https:\/\/www.urlaubcornwall.de\/blog\/wp-json\/wp\/v2\/pages\/51723\/revisions\/51730"}],"wp:attachment":[{"href":"https:\/\/www.urlaubcornwall.de\/blog\/wp-json\/wp\/v2\/media?parent=51723"}],"curies":[{"name":"wp","href":"https:\/\/api.w.org\/{rel}","templated":true}]}}