{"id":51721,"date":"2024-10-25T09:50:04","date_gmt":"2024-10-25T09:50:04","guid":{"rendered":"https:\/\/www.urlaubcornwall.de\/blog\/?page_id=51721"},"modified":"2024-10-25T09:50:04","modified_gmt":"2024-10-25T09:50:04","slug":"ferienhaus-in-der-naehe-carnoustie-golfplatz","status":"publish","type":"page","link":"https:\/\/www.urlaubcornwall.de\/blog\/ferienhaus-in-der-naehe-carnoustie-golfplatz\/","title":{"rendered":"Ferienhaus in der N\u00e4he Carnoustie Golfplatz"},"content":{"rendered":"<p><a href=\"https:\/\/www.urlaubcornwall.de\/blog\/wp-content\/uploads\/2016\/03\/Golf-urlaub-falmouth-cornwall.jpg\"><img loading=\"lazy\" src=\"https:\/\/www.urlaubcornwall.de\/blog\/wp-content\/uploads\/2016\/03\/Golf-urlaub-falmouth-cornwall.jpg\" alt=\"Golfurlaub Schottland\" width=\"745\" height=\"371\" class=\"alignnone size-full wp-image-23304\" srcset=\"https:\/\/www.urlaubcornwall.de\/blog\/wp-content\/uploads\/2016\/03\/Golf-urlaub-falmouth-cornwall.jpg 745w, https:\/\/www.urlaubcornwall.de\/blog\/wp-content\/uploads\/2016\/03\/Golf-urlaub-falmouth-cornwall-300x149.jpg 300w\" sizes=\"(max-width: 745px) 100vw, 745px\" \/><\/a><\/p>\n<p>Carnoustie Golf Links, bekannt als einer der ber\u00fcchtigtsten und traditionsreichsten Golfpl\u00e4tze der Welt, liegt in der charmanten K\u00fcstenstadt Carnoustie in <a href=\"https:\/\/www.urlaubcornwall.de\/ferienhaeuser-fewos\/sco\/schottland.html\">Schottland<\/a>. Diese legend\u00e4re Anlage hat mehrfach als Austragungsort f\u00fcr die Open Championship gedient, und ihr schwieriges Layout &#8211; mit ber\u00fcchtigten Hindernissen wie &#8220;Barry Burn&#8221; und &#8220;Hogan&#8217;s Alley&#8221; &#8211; stellt selbst die erfahrensten Golfer vor eine Herausforderung. <\/p>\n<p>F\u00fcr Golfer, die das ultimative Spiel auf einem historischen Kurs erleben m\u00f6chten, bietet Carnoustie nicht nur eine Pr\u00fcfung ihres K\u00f6nnens, sondern auch die Gelegenheit, in der N\u00e4he eines solchen prestigetr\u00e4chtigen Ortes in einem gem\u00fctlichen Ferienhaus zu wohnen, um die einzigartige Atmosph\u00e4re dieses golfhistorischen Mekkas zu genie\u00dfen.<\/p>\n<p>Wir bieten handverlesene Ferienh\u00e4user in der N\u00e4he <a href=\"https:\/\/www.urlaubcornwall.de\/ferienhaeuser-fewos\/sco\/zentralschottland\/carnoustie.html\">Carnoustie f\u00fcr Golfgruppen &#8211; 2, 4 6 und 8 Personen<\/a><\/p>\n","protected":false},"excerpt":{"rendered":"<p>Carnoustie Golf Links, bekannt als einer der ber\u00fcchtigtsten und traditionsreichsten Golfpl\u00e4tze der Welt, liegt in der charmanten K\u00fcstenstadt Carnoustie in Schottland. Diese legend\u00e4re Anlage hat mehrfach als Austragungsort f\u00fcr die Open Championship gedient, und ihr schwieriges Layout &#8211; mit ber\u00fcchtigten Hindernissen wie &#8220;Barry Burn&#8221; und &#8220;Hogan&#8217;s Alley&#8221; &#8211; stellt selbst die erfahrensten Golfer vor eine [&hellip;]<\/p>\n","protected":false},"author":1,"featured_media":0,"parent":0,"menu_order":0,"comment_status":"closed","ping_status":"closed","template":"single-four.php","meta":[],"acf":[],"yoast_head":"<!-- This site is optimized with the Yoast SEO plugin v19.4 - https:\/\/yoast.com\/wordpress\/plugins\/seo\/ -->\n<title>Ferienhaus in der N\u00e4he Carnoustie Golfplatz - Urlaub &amp; Reisen<\/title>\n<meta name=\"robots\" content=\"index, follow, max-snippet:-1, max-image-preview:large, max-video-preview:-1\" \/>\n<link rel=\"canonical\" href=\"https:\/\/www.urlaubcornwall.de\/blog\/ferienhaus-in-der-naehe-carnoustie-golfplatz\/\" \/>\n<meta property=\"og:locale\" content=\"en_US\" \/>\n<meta property=\"og:type\" content=\"article\" \/>\n<meta property=\"og:title\" content=\"Ferienhaus in der N\u00e4he Carnoustie Golfplatz - Urlaub &amp; Reisen\" \/>\n<meta property=\"og:description\" content=\"Carnoustie Golf Links, bekannt als einer der ber\u00fcchtigtsten und traditionsreichsten Golfpl\u00e4tze der Welt, liegt in der charmanten K\u00fcstenstadt Carnoustie in Schottland. Diese legend\u00e4re Anlage hat mehrfach als Austragungsort f\u00fcr die Open Championship gedient, und ihr schwieriges Layout &#8211; mit ber\u00fcchtigten Hindernissen wie &#8220;Barry Burn&#8221; und &#8220;Hogan&#8217;s Alley&#8221; &#8211; stellt selbst die erfahrensten Golfer vor eine [&hellip;]\" \/>\n<meta property=\"og:url\" content=\"https:\/\/www.urlaubcornwall.de\/blog\/ferienhaus-in-der-naehe-carnoustie-golfplatz\/\" \/>\n<meta property=\"og:site_name\" content=\"Urlaub &amp; Reisen\" \/>\n<meta property=\"og:image\" content=\"https:\/\/www.urlaubcornwall.de\/blog\/wp-content\/uploads\/2016\/03\/Golf-urlaub-falmouth-cornwall.jpg\" \/>\n<meta name=\"twitter:card\" content=\"summary\" \/>\n<script type=\"application\/ld+json\" class=\"yoast-schema-graph\">{\"@context\":\"https:\/\/schema.org\",\"@graph\":[{\"@type\":\"WebSite\",\"@id\":\"https:\/\/www.urlaubcornwall.de\/blog\/#website\",\"url\":\"https:\/\/www.urlaubcornwall.de\/blog\/\",\"name\":\"Urlaub &amp; Reisen\",\"description\":\"Urlaub, Reisen, Cornwall und S\u00fcdengland: eine perfekte Kombination\",\"potentialAction\":[{\"@type\":\"SearchAction\",\"target\":{\"@type\":\"EntryPoint\",\"urlTemplate\":\"https:\/\/www.urlaubcornwall.de\/blog\/?s={search_term_string}\"},\"query-input\":\"required name=search_term_string\"}],\"inLanguage\":\"en-US\"},{\"@type\":\"WebPage\",\"@id\":\"https:\/\/www.urlaubcornwall.de\/blog\/ferienhaus-in-der-naehe-carnoustie-golfplatz\/\",\"url\":\"https:\/\/www.urlaubcornwall.de\/blog\/ferienhaus-in-der-naehe-carnoustie-golfplatz\/\",\"name\":\"Ferienhaus in der N\u00e4he Carnoustie Golfplatz - Urlaub &amp; Reisen\",\"isPartOf\":{\"@id\":\"https:\/\/www.urlaubcornwall.de\/blog\/#website\"},\"datePublished\":\"2024-10-25T09:50:04+00:00\",\"dateModified\":\"2024-10-25T09:50:04+00:00\",\"breadcrumb\":{\"@id\":\"https:\/\/www.urlaubcornwall.de\/blog\/ferienhaus-in-der-naehe-carnoustie-golfplatz\/#breadcrumb\"},\"inLanguage\":\"en-US\",\"potentialAction\":[{\"@type\":\"ReadAction\",\"target\":[\"https:\/\/www.urlaubcornwall.de\/blog\/ferienhaus-in-der-naehe-carnoustie-golfplatz\/\"]}]},{\"@type\":\"BreadcrumbList\",\"@id\":\"https:\/\/www.urlaubcornwall.de\/blog\/ferienhaus-in-der-naehe-carnoustie-golfplatz\/#breadcrumb\",\"itemListElement\":[{\"@type\":\"ListItem\",\"position\":1,\"name\":\"Home\",\"item\":\"https:\/\/www.urlaubcornwall.de\/blog\/\"},{\"@type\":\"ListItem\",\"position\":2,\"name\":\"Ferienhaus in der N\u00e4he Carnoustie Golfplatz\"}]}]}<\/script>\n<!-- \/ Yoast SEO plugin. -->","yoast_head_json":{"title":"Ferienhaus in der N\u00e4he Carnoustie Golfplatz - Urlaub &amp; Reisen","robots":{"index":"index","follow":"follow","max-snippet":"max-snippet:-1","max-image-preview":"max-image-preview:large","max-video-preview":"max-video-preview:-1"},"canonical":"https:\/\/www.urlaubcornwall.de\/blog\/ferienhaus-in-der-naehe-carnoustie-golfplatz\/","og_locale":"en_US","og_type":"article","og_title":"Ferienhaus in der N\u00e4he Carnoustie Golfplatz - Urlaub &amp; Reisen","og_description":"Carnoustie Golf Links, bekannt als einer der ber\u00fcchtigtsten und traditionsreichsten Golfpl\u00e4tze der Welt, liegt in der charmanten K\u00fcstenstadt Carnoustie in Schottland. Diese legend\u00e4re Anlage hat mehrfach als Austragungsort f\u00fcr die Open Championship gedient, und ihr schwieriges Layout &#8211; mit ber\u00fcchtigten Hindernissen wie &#8220;Barry Burn&#8221; und &#8220;Hogan&#8217;s Alley&#8221; &#8211; stellt selbst die erfahrensten Golfer vor eine [&hellip;]","og_url":"https:\/\/www.urlaubcornwall.de\/blog\/ferienhaus-in-der-naehe-carnoustie-golfplatz\/","og_site_name":"Urlaub &amp; Reisen","og_image":[{"url":"https:\/\/www.urlaubcornwall.de\/blog\/wp-content\/uploads\/2016\/03\/Golf-urlaub-falmouth-cornwall.jpg"}],"twitter_card":"summary","schema":{"@context":"https:\/\/schema.org","@graph":[{"@type":"WebSite","@id":"https:\/\/www.urlaubcornwall.de\/blog\/#website","url":"https:\/\/www.urlaubcornwall.de\/blog\/","name":"Urlaub &amp; Reisen","description":"Urlaub, Reisen, Cornwall und S\u00fcdengland: eine perfekte Kombination","potentialAction":[{"@type":"SearchAction","target":{"@type":"EntryPoint","urlTemplate":"https:\/\/www.urlaubcornwall.de\/blog\/?s={search_term_string}"},"query-input":"required name=search_term_string"}],"inLanguage":"en-US"},{"@type":"WebPage","@id":"https:\/\/www.urlaubcornwall.de\/blog\/ferienhaus-in-der-naehe-carnoustie-golfplatz\/","url":"https:\/\/www.urlaubcornwall.de\/blog\/ferienhaus-in-der-naehe-carnoustie-golfplatz\/","name":"Ferienhaus in der N\u00e4he Carnoustie Golfplatz - Urlaub &amp; Reisen","isPartOf":{"@id":"https:\/\/www.urlaubcornwall.de\/blog\/#website"},"datePublished":"2024-10-25T09:50:04+00:00","dateModified":"2024-10-25T09:50:04+00:00","breadcrumb":{"@id":"https:\/\/www.urlaubcornwall.de\/blog\/ferienhaus-in-der-naehe-carnoustie-golfplatz\/#breadcrumb"},"inLanguage":"en-US","potentialAction":[{"@type":"ReadAction","target":["https:\/\/www.urlaubcornwall.de\/blog\/ferienhaus-in-der-naehe-carnoustie-golfplatz\/"]}]},{"@type":"BreadcrumbList","@id":"https:\/\/www.urlaubcornwall.de\/blog\/ferienhaus-in-der-naehe-carnoustie-golfplatz\/#breadcrumb","itemListElement":[{"@type":"ListItem","position":1,"name":"Home","item":"https:\/\/www.urlaubcornwall.de\/blog\/"},{"@type":"ListItem","position":2,"name":"Ferienhaus in der N\u00e4he Carnoustie Golfplatz"}]}]}},"_links":{"self":[{"href":"https:\/\/www.urlaubcornwall.de\/blog\/wp-json\/wp\/v2\/pages\/51721"}],"collection":[{"href":"https:\/\/www.urlaubcornwall.de\/blog\/wp-json\/wp\/v2\/pages"}],"about":[{"href":"https:\/\/www.urlaubcornwall.de\/blog\/wp-json\/wp\/v2\/types\/page"}],"author":[{"embeddable":true,"href":"https:\/\/www.urlaubcornwall.de\/blog\/wp-json\/wp\/v2\/users\/1"}],"replies":[{"embeddable":true,"href":"https:\/\/www.urlaubcornwall.de\/blog\/wp-json\/wp\/v2\/comments?post=51721"}],"version-history":[{"count":1,"href":"https:\/\/www.urlaubcornwall.de\/blog\/wp-json\/wp\/v2\/pages\/51721\/revisions"}],"predecessor-version":[{"id":51722,"href":"https:\/\/www.urlaubcornwall.de\/blog\/wp-json\/wp\/v2\/pages\/51721\/revisions\/51722"}],"wp:attachment":[{"href":"https:\/\/www.urlaubcornwall.de\/blog\/wp-json\/wp\/v2\/media?parent=51721"}],"curies":[{"name":"wp","href":"https:\/\/api.w.org\/{rel}","templated":true}]}}