{"id":51711,"date":"2024-10-24T14:31:01","date_gmt":"2024-10-24T14:31:01","guid":{"rendered":"https:\/\/www.urlaubcornwall.de\/blog\/?page_id=51711"},"modified":"2024-10-24T14:31:01","modified_gmt":"2024-10-24T14:31:01","slug":"grosses-ferienhaus-fuer-gruppen-in-buckinghamshire","status":"publish","type":"page","link":"https:\/\/www.urlaubcornwall.de\/blog\/grosses-ferienhaus-fuer-gruppen-in-buckinghamshire\/","title":{"rendered":"Gro\u00dfes Ferienhaus f\u00fcr Gruppen in Buckinghamshire"},"content":{"rendered":"<p><a href=\"https:\/\/www.urlaubcornwall.de\/blog\/wp-content\/uploads\/2024\/03\/ferienhaus-bath-gruppen.jpg\"><img loading=\"lazy\" src=\"https:\/\/www.urlaubcornwall.de\/blog\/wp-content\/uploads\/2024\/03\/ferienhaus-bath-gruppen.jpg\" alt=\"ferienhaus Buckinghamshire gruppen\" width=\"750\" height=\"563\" class=\"alignnone size-full wp-image-48324\" srcset=\"https:\/\/www.urlaubcornwall.de\/blog\/wp-content\/uploads\/2024\/03\/ferienhaus-bath-gruppen.jpg 750w, https:\/\/www.urlaubcornwall.de\/blog\/wp-content\/uploads\/2024\/03\/ferienhaus-bath-gruppen-300x225.jpg 300w\" sizes=\"(max-width: 750px) 100vw, 750px\" \/><\/a><\/p>\n<p>Buckinghamshire ist ein gro\u00dfartiges Reiseziel f\u00fcr eine Gruppe von Freunden oder Familien, die die l\u00e4ndliche Sch\u00f6nheit Englands genie\u00dfen und gleichzeitig die N\u00e4he zu London sch\u00e4tzen. Die Region bietet charmante D\u00f6rfer, sanfte H\u00fcgel und historische Herrenh\u00e4user, ideal f\u00fcr Erholung und gemeinsame Ausfl\u00fcge. <\/p>\n<p>Wir bieten handverlesene Gruppenh\u00e4user in <a href=\"https:\/\/www.urlaubcornwall.de\/ferienhaeuser-fewos\/eng\/buckinghamshire\/buckinghamshire.html\">Buckinghamshire f\u00fcr 6, 8, 10 und mehr Personen<\/a><\/p>\n<p>Besonders sehenswert sind Orte wie Marlow, ein h\u00fcbsches St\u00e4dtchen am Ufer der Themse, und <a href=\"https:\/\/www.urlaubcornwall.de\/ferienhaeuser-fewos\/eng\/buckinghamshire\/aylesbury.html\">Aylesbury<\/a>, mit seinen malerischen Fachwerkh\u00e4usern und historischen Gassen. <a href=\"https:\/\/www.urlaubcornwall.de\/ferienhaeuser-fewos\/eng\/buckinghamshire\/beaconsfield.html\">Beaconsfield<\/a>, ebenfalls ein reizvolles St\u00e4dtchen, bietet eine idyllische Atmosph\u00e4re und gute Verbindungen nach London, nur eine kurze Zugfahrt entfernt. In einem Ferienhaus in Buckinghamshire k\u00f6nnen Besucher die Ruhe des Landlebens genie\u00dfen, w\u00e4hrend sie gleichzeitig die kulturellen und st\u00e4dtischen Highlights der Hauptstadt erkunden k\u00f6nnen.<\/p>\n","protected":false},"excerpt":{"rendered":"<p>Buckinghamshire ist ein gro\u00dfartiges Reiseziel f\u00fcr eine Gruppe von Freunden oder Familien, die die l\u00e4ndliche Sch\u00f6nheit Englands genie\u00dfen und gleichzeitig die N\u00e4he zu London sch\u00e4tzen. Die Region bietet charmante D\u00f6rfer, sanfte H\u00fcgel und historische Herrenh\u00e4user, ideal f\u00fcr Erholung und gemeinsame Ausfl\u00fcge. Wir bieten handverlesene Gruppenh\u00e4user in Buckinghamshire f\u00fcr 6, 8, 10 und mehr Personen Besonders [&hellip;]<\/p>\n","protected":false},"author":1,"featured_media":0,"parent":0,"menu_order":0,"comment_status":"closed","ping_status":"closed","template":"single-four.php","meta":[],"acf":[],"yoast_head":"<!-- This site is optimized with the Yoast SEO plugin v19.4 - https:\/\/yoast.com\/wordpress\/plugins\/seo\/ -->\n<title>Gro\u00dfes Ferienhaus f\u00fcr Gruppen in Buckinghamshire - Urlaub &amp; Reisen<\/title>\n<meta name=\"robots\" content=\"index, follow, max-snippet:-1, max-image-preview:large, max-video-preview:-1\" \/>\n<link rel=\"canonical\" href=\"https:\/\/www.urlaubcornwall.de\/blog\/grosses-ferienhaus-fuer-gruppen-in-buckinghamshire\/\" \/>\n<meta property=\"og:locale\" content=\"en_US\" \/>\n<meta property=\"og:type\" content=\"article\" \/>\n<meta property=\"og:title\" content=\"Gro\u00dfes Ferienhaus f\u00fcr Gruppen in Buckinghamshire - Urlaub &amp; Reisen\" \/>\n<meta property=\"og:description\" content=\"Buckinghamshire ist ein gro\u00dfartiges Reiseziel f\u00fcr eine Gruppe von Freunden oder Familien, die die l\u00e4ndliche Sch\u00f6nheit Englands genie\u00dfen und gleichzeitig die N\u00e4he zu London sch\u00e4tzen. Die Region bietet charmante D\u00f6rfer, sanfte H\u00fcgel und historische Herrenh\u00e4user, ideal f\u00fcr Erholung und gemeinsame Ausfl\u00fcge. Wir bieten handverlesene Gruppenh\u00e4user in Buckinghamshire f\u00fcr 6, 8, 10 und mehr Personen Besonders [&hellip;]\" \/>\n<meta property=\"og:url\" content=\"https:\/\/www.urlaubcornwall.de\/blog\/grosses-ferienhaus-fuer-gruppen-in-buckinghamshire\/\" \/>\n<meta property=\"og:site_name\" content=\"Urlaub &amp; Reisen\" \/>\n<meta property=\"og:image\" content=\"https:\/\/www.urlaubcornwall.de\/blog\/wp-content\/uploads\/2024\/03\/ferienhaus-bath-gruppen.jpg\" \/>\n<meta name=\"twitter:card\" content=\"summary\" \/>\n<script type=\"application\/ld+json\" class=\"yoast-schema-graph\">{\"@context\":\"https:\/\/schema.org\",\"@graph\":[{\"@type\":\"WebSite\",\"@id\":\"https:\/\/www.urlaubcornwall.de\/blog\/#website\",\"url\":\"https:\/\/www.urlaubcornwall.de\/blog\/\",\"name\":\"Urlaub &amp; Reisen\",\"description\":\"Urlaub, Reisen, Cornwall und S\u00fcdengland: eine perfekte Kombination\",\"potentialAction\":[{\"@type\":\"SearchAction\",\"target\":{\"@type\":\"EntryPoint\",\"urlTemplate\":\"https:\/\/www.urlaubcornwall.de\/blog\/?s={search_term_string}\"},\"query-input\":\"required name=search_term_string\"}],\"inLanguage\":\"en-US\"},{\"@type\":\"WebPage\",\"@id\":\"https:\/\/www.urlaubcornwall.de\/blog\/grosses-ferienhaus-fuer-gruppen-in-buckinghamshire\/\",\"url\":\"https:\/\/www.urlaubcornwall.de\/blog\/grosses-ferienhaus-fuer-gruppen-in-buckinghamshire\/\",\"name\":\"Gro\u00dfes Ferienhaus f\u00fcr Gruppen in Buckinghamshire - Urlaub &amp; Reisen\",\"isPartOf\":{\"@id\":\"https:\/\/www.urlaubcornwall.de\/blog\/#website\"},\"datePublished\":\"2024-10-24T14:31:01+00:00\",\"dateModified\":\"2024-10-24T14:31:01+00:00\",\"breadcrumb\":{\"@id\":\"https:\/\/www.urlaubcornwall.de\/blog\/grosses-ferienhaus-fuer-gruppen-in-buckinghamshire\/#breadcrumb\"},\"inLanguage\":\"en-US\",\"potentialAction\":[{\"@type\":\"ReadAction\",\"target\":[\"https:\/\/www.urlaubcornwall.de\/blog\/grosses-ferienhaus-fuer-gruppen-in-buckinghamshire\/\"]}]},{\"@type\":\"BreadcrumbList\",\"@id\":\"https:\/\/www.urlaubcornwall.de\/blog\/grosses-ferienhaus-fuer-gruppen-in-buckinghamshire\/#breadcrumb\",\"itemListElement\":[{\"@type\":\"ListItem\",\"position\":1,\"name\":\"Home\",\"item\":\"https:\/\/www.urlaubcornwall.de\/blog\/\"},{\"@type\":\"ListItem\",\"position\":2,\"name\":\"Gro\u00dfes Ferienhaus f\u00fcr Gruppen in Buckinghamshire\"}]}]}<\/script>\n<!-- \/ Yoast SEO plugin. -->","yoast_head_json":{"title":"Gro\u00dfes Ferienhaus f\u00fcr Gruppen in Buckinghamshire - Urlaub &amp; Reisen","robots":{"index":"index","follow":"follow","max-snippet":"max-snippet:-1","max-image-preview":"max-image-preview:large","max-video-preview":"max-video-preview:-1"},"canonical":"https:\/\/www.urlaubcornwall.de\/blog\/grosses-ferienhaus-fuer-gruppen-in-buckinghamshire\/","og_locale":"en_US","og_type":"article","og_title":"Gro\u00dfes Ferienhaus f\u00fcr Gruppen in Buckinghamshire - Urlaub &amp; Reisen","og_description":"Buckinghamshire ist ein gro\u00dfartiges Reiseziel f\u00fcr eine Gruppe von Freunden oder Familien, die die l\u00e4ndliche Sch\u00f6nheit Englands genie\u00dfen und gleichzeitig die N\u00e4he zu London sch\u00e4tzen. Die Region bietet charmante D\u00f6rfer, sanfte H\u00fcgel und historische Herrenh\u00e4user, ideal f\u00fcr Erholung und gemeinsame Ausfl\u00fcge. Wir bieten handverlesene Gruppenh\u00e4user in Buckinghamshire f\u00fcr 6, 8, 10 und mehr Personen Besonders [&hellip;]","og_url":"https:\/\/www.urlaubcornwall.de\/blog\/grosses-ferienhaus-fuer-gruppen-in-buckinghamshire\/","og_site_name":"Urlaub &amp; Reisen","og_image":[{"url":"https:\/\/www.urlaubcornwall.de\/blog\/wp-content\/uploads\/2024\/03\/ferienhaus-bath-gruppen.jpg"}],"twitter_card":"summary","schema":{"@context":"https:\/\/schema.org","@graph":[{"@type":"WebSite","@id":"https:\/\/www.urlaubcornwall.de\/blog\/#website","url":"https:\/\/www.urlaubcornwall.de\/blog\/","name":"Urlaub &amp; Reisen","description":"Urlaub, Reisen, Cornwall und S\u00fcdengland: eine perfekte Kombination","potentialAction":[{"@type":"SearchAction","target":{"@type":"EntryPoint","urlTemplate":"https:\/\/www.urlaubcornwall.de\/blog\/?s={search_term_string}"},"query-input":"required name=search_term_string"}],"inLanguage":"en-US"},{"@type":"WebPage","@id":"https:\/\/www.urlaubcornwall.de\/blog\/grosses-ferienhaus-fuer-gruppen-in-buckinghamshire\/","url":"https:\/\/www.urlaubcornwall.de\/blog\/grosses-ferienhaus-fuer-gruppen-in-buckinghamshire\/","name":"Gro\u00dfes Ferienhaus f\u00fcr Gruppen in Buckinghamshire - Urlaub &amp; Reisen","isPartOf":{"@id":"https:\/\/www.urlaubcornwall.de\/blog\/#website"},"datePublished":"2024-10-24T14:31:01+00:00","dateModified":"2024-10-24T14:31:01+00:00","breadcrumb":{"@id":"https:\/\/www.urlaubcornwall.de\/blog\/grosses-ferienhaus-fuer-gruppen-in-buckinghamshire\/#breadcrumb"},"inLanguage":"en-US","potentialAction":[{"@type":"ReadAction","target":["https:\/\/www.urlaubcornwall.de\/blog\/grosses-ferienhaus-fuer-gruppen-in-buckinghamshire\/"]}]},{"@type":"BreadcrumbList","@id":"https:\/\/www.urlaubcornwall.de\/blog\/grosses-ferienhaus-fuer-gruppen-in-buckinghamshire\/#breadcrumb","itemListElement":[{"@type":"ListItem","position":1,"name":"Home","item":"https:\/\/www.urlaubcornwall.de\/blog\/"},{"@type":"ListItem","position":2,"name":"Gro\u00dfes Ferienhaus f\u00fcr Gruppen in Buckinghamshire"}]}]}},"_links":{"self":[{"href":"https:\/\/www.urlaubcornwall.de\/blog\/wp-json\/wp\/v2\/pages\/51711"}],"collection":[{"href":"https:\/\/www.urlaubcornwall.de\/blog\/wp-json\/wp\/v2\/pages"}],"about":[{"href":"https:\/\/www.urlaubcornwall.de\/blog\/wp-json\/wp\/v2\/types\/page"}],"author":[{"embeddable":true,"href":"https:\/\/www.urlaubcornwall.de\/blog\/wp-json\/wp\/v2\/users\/1"}],"replies":[{"embeddable":true,"href":"https:\/\/www.urlaubcornwall.de\/blog\/wp-json\/wp\/v2\/comments?post=51711"}],"version-history":[{"count":1,"href":"https:\/\/www.urlaubcornwall.de\/blog\/wp-json\/wp\/v2\/pages\/51711\/revisions"}],"predecessor-version":[{"id":51712,"href":"https:\/\/www.urlaubcornwall.de\/blog\/wp-json\/wp\/v2\/pages\/51711\/revisions\/51712"}],"wp:attachment":[{"href":"https:\/\/www.urlaubcornwall.de\/blog\/wp-json\/wp\/v2\/media?parent=51711"}],"curies":[{"name":"wp","href":"https:\/\/api.w.org\/{rel}","templated":true}]}}