{"id":51709,"date":"2024-10-24T14:25:34","date_gmt":"2024-10-24T14:25:34","guid":{"rendered":"https:\/\/www.urlaubcornwall.de\/blog\/?page_id=51709"},"modified":"2024-10-24T14:25:34","modified_gmt":"2024-10-24T14:25:34","slug":"grosses-ferienhaus-fuer-gruppen-kueste-sussex","status":"publish","type":"page","link":"https:\/\/www.urlaubcornwall.de\/blog\/grosses-ferienhaus-fuer-gruppen-kueste-sussex\/","title":{"rendered":"Gro\u00dfes Ferienhaus f\u00fcr Gruppen auf die K\u00fcste von Sussex"},"content":{"rendered":"<p><a href=\"https:\/\/www.urlaubcornwall.de\/blog\/wp-content\/uploads\/2024\/03\/sussex-am-meer-rotated.jpg\"><img loading=\"lazy\" src=\"https:\/\/www.urlaubcornwall.de\/blog\/wp-content\/uploads\/2024\/03\/sussex-am-meer-rotated.jpg\" alt=\"sussex am meer\" width=\"750\" height=\"563\" class=\"alignnone size-full wp-image-47767\" srcset=\"https:\/\/www.urlaubcornwall.de\/blog\/wp-content\/uploads\/2024\/03\/sussex-am-meer-rotated.jpg 750w, https:\/\/www.urlaubcornwall.de\/blog\/wp-content\/uploads\/2024\/03\/sussex-am-meer-300x225.jpg 300w\" sizes=\"(max-width: 750px) 100vw, 750px\" \/><\/a><\/p>\n<p>Die <a href=\"https:\/\/www.urlaubcornwall.de\/reiseziel\/sussex.php\">K\u00fcste von Sussex<\/a> ist ein wunderbares Reiseziel f\u00fcr eine Gruppe von Freunden oder Familien, da sie eine perfekte Kombination aus Natur, Kultur und K\u00fcstencharme bietet. Die beeindruckenden Kreideklippen der Seven Sisters und der South Downs National Park laden zu Wanderungen und malerischen Ausblicken ein, w\u00e4hrend die Str\u00e4nde von <a href=\"https:\/\/www.urlaubcornwall.de\/ferienhaeuser-fewos\/eng\/sussex\/eastbourne.html\">Eastbourne<\/a>, <a href=\"https:\/\/www.urlaubcornwall.de\/ferienhaeuser-fewos\/eng\/sussex\/hastings.html\">Hastings<\/a> und <a href=\"https:\/\/www.urlaubcornwall.de\/ferienhaeuser-fewos\/eng\/sussex\/bexhill-on-sea.html\">Bexhill-on-Sea<\/a> ideal zum Entspannen oder f\u00fcr Wassersportaktivit\u00e4ten sind. <\/p>\n<p>Wir bieten handverlesene Gruppenh\u00e4user auf die <a href=\"https:\/\/www.urlaubcornwall.de\/ferienhaeuser-fewos\/eng\/sussex\/sussex.html\">K\u00fcste von Sussex f\u00fcr 6, 8, 10 und mehr Personen<\/a><\/p>\n<p>F\u00fcr einen Aufenthalt in einem Ferienhaus sind die charmanten Orte Rye, mit seinen Kopfsteinpflasterstra\u00dfen und historischen Geb\u00e4uden, sowie das malerische <a href=\"https:\/\/www.urlaubcornwall.de\/ferienhaeuser-fewos\/eng\/sussex\/alfriston.html\">Alfriston<\/a>, bekannt f\u00fcr seine traditionelle englische Dorfatmosph\u00e4re, perfekt. <a href=\"https:\/\/www.urlaubcornwall.de\/ferienhaeuser-fewos\/eng\/sussex\/seaford.html\">Seaford<\/a> bietet ebenfalls eine ruhige Basis, nur einen Steinwurf von den ikonischen Klippen entfernt. Diese Mischung aus Naturerlebnissen und K\u00fcstenidylle macht Sussex zu einem gro\u00dfartigen Ziel f\u00fcr gemeinsame Entdeckungen und Entspannung.<\/p>\n","protected":false},"excerpt":{"rendered":"<p>Die K\u00fcste von Sussex ist ein wunderbares Reiseziel f\u00fcr eine Gruppe von Freunden oder Familien, da sie eine perfekte Kombination aus Natur, Kultur und K\u00fcstencharme bietet. Die beeindruckenden Kreideklippen der Seven Sisters und der South Downs National Park laden zu Wanderungen und malerischen Ausblicken ein, w\u00e4hrend die Str\u00e4nde von Eastbourne, Hastings und Bexhill-on-Sea ideal zum [&hellip;]<\/p>\n","protected":false},"author":1,"featured_media":0,"parent":0,"menu_order":0,"comment_status":"closed","ping_status":"closed","template":"single-four.php","meta":[],"acf":[],"yoast_head":"<!-- This site is optimized with the Yoast SEO plugin v19.4 - https:\/\/yoast.com\/wordpress\/plugins\/seo\/ -->\n<title>Gro\u00dfes Ferienhaus f\u00fcr Gruppen auf die K\u00fcste von Sussex - Urlaub &amp; Reisen<\/title>\n<meta name=\"robots\" content=\"index, follow, max-snippet:-1, max-image-preview:large, max-video-preview:-1\" \/>\n<link rel=\"canonical\" href=\"https:\/\/www.urlaubcornwall.de\/blog\/grosses-ferienhaus-fuer-gruppen-kueste-sussex\/\" \/>\n<meta property=\"og:locale\" content=\"en_US\" \/>\n<meta property=\"og:type\" content=\"article\" \/>\n<meta property=\"og:title\" content=\"Gro\u00dfes Ferienhaus f\u00fcr Gruppen auf die K\u00fcste von Sussex - Urlaub &amp; Reisen\" \/>\n<meta property=\"og:description\" content=\"Die K\u00fcste von Sussex ist ein wunderbares Reiseziel f\u00fcr eine Gruppe von Freunden oder Familien, da sie eine perfekte Kombination aus Natur, Kultur und K\u00fcstencharme bietet. Die beeindruckenden Kreideklippen der Seven Sisters und der South Downs National Park laden zu Wanderungen und malerischen Ausblicken ein, w\u00e4hrend die Str\u00e4nde von Eastbourne, Hastings und Bexhill-on-Sea ideal zum [&hellip;]\" \/>\n<meta property=\"og:url\" content=\"https:\/\/www.urlaubcornwall.de\/blog\/grosses-ferienhaus-fuer-gruppen-kueste-sussex\/\" \/>\n<meta property=\"og:site_name\" content=\"Urlaub &amp; Reisen\" \/>\n<meta property=\"og:image\" content=\"https:\/\/www.urlaubcornwall.de\/blog\/wp-content\/uploads\/2024\/03\/sussex-am-meer-rotated.jpg\" \/>\n<meta name=\"twitter:card\" content=\"summary\" \/>\n<script type=\"application\/ld+json\" class=\"yoast-schema-graph\">{\"@context\":\"https:\/\/schema.org\",\"@graph\":[{\"@type\":\"WebSite\",\"@id\":\"https:\/\/www.urlaubcornwall.de\/blog\/#website\",\"url\":\"https:\/\/www.urlaubcornwall.de\/blog\/\",\"name\":\"Urlaub &amp; Reisen\",\"description\":\"Urlaub, Reisen, Cornwall und S\u00fcdengland: eine perfekte Kombination\",\"potentialAction\":[{\"@type\":\"SearchAction\",\"target\":{\"@type\":\"EntryPoint\",\"urlTemplate\":\"https:\/\/www.urlaubcornwall.de\/blog\/?s={search_term_string}\"},\"query-input\":\"required name=search_term_string\"}],\"inLanguage\":\"en-US\"},{\"@type\":\"WebPage\",\"@id\":\"https:\/\/www.urlaubcornwall.de\/blog\/grosses-ferienhaus-fuer-gruppen-kueste-sussex\/\",\"url\":\"https:\/\/www.urlaubcornwall.de\/blog\/grosses-ferienhaus-fuer-gruppen-kueste-sussex\/\",\"name\":\"Gro\u00dfes Ferienhaus f\u00fcr Gruppen auf die K\u00fcste von Sussex - Urlaub &amp; Reisen\",\"isPartOf\":{\"@id\":\"https:\/\/www.urlaubcornwall.de\/blog\/#website\"},\"datePublished\":\"2024-10-24T14:25:34+00:00\",\"dateModified\":\"2024-10-24T14:25:34+00:00\",\"breadcrumb\":{\"@id\":\"https:\/\/www.urlaubcornwall.de\/blog\/grosses-ferienhaus-fuer-gruppen-kueste-sussex\/#breadcrumb\"},\"inLanguage\":\"en-US\",\"potentialAction\":[{\"@type\":\"ReadAction\",\"target\":[\"https:\/\/www.urlaubcornwall.de\/blog\/grosses-ferienhaus-fuer-gruppen-kueste-sussex\/\"]}]},{\"@type\":\"BreadcrumbList\",\"@id\":\"https:\/\/www.urlaubcornwall.de\/blog\/grosses-ferienhaus-fuer-gruppen-kueste-sussex\/#breadcrumb\",\"itemListElement\":[{\"@type\":\"ListItem\",\"position\":1,\"name\":\"Home\",\"item\":\"https:\/\/www.urlaubcornwall.de\/blog\/\"},{\"@type\":\"ListItem\",\"position\":2,\"name\":\"Gro\u00dfes Ferienhaus f\u00fcr Gruppen auf die K\u00fcste von Sussex\"}]}]}<\/script>\n<!-- \/ Yoast SEO plugin. -->","yoast_head_json":{"title":"Gro\u00dfes Ferienhaus f\u00fcr Gruppen auf die K\u00fcste von Sussex - Urlaub &amp; Reisen","robots":{"index":"index","follow":"follow","max-snippet":"max-snippet:-1","max-image-preview":"max-image-preview:large","max-video-preview":"max-video-preview:-1"},"canonical":"https:\/\/www.urlaubcornwall.de\/blog\/grosses-ferienhaus-fuer-gruppen-kueste-sussex\/","og_locale":"en_US","og_type":"article","og_title":"Gro\u00dfes Ferienhaus f\u00fcr Gruppen auf die K\u00fcste von Sussex - Urlaub &amp; Reisen","og_description":"Die K\u00fcste von Sussex ist ein wunderbares Reiseziel f\u00fcr eine Gruppe von Freunden oder Familien, da sie eine perfekte Kombination aus Natur, Kultur und K\u00fcstencharme bietet. Die beeindruckenden Kreideklippen der Seven Sisters und der South Downs National Park laden zu Wanderungen und malerischen Ausblicken ein, w\u00e4hrend die Str\u00e4nde von Eastbourne, Hastings und Bexhill-on-Sea ideal zum [&hellip;]","og_url":"https:\/\/www.urlaubcornwall.de\/blog\/grosses-ferienhaus-fuer-gruppen-kueste-sussex\/","og_site_name":"Urlaub &amp; Reisen","og_image":[{"url":"https:\/\/www.urlaubcornwall.de\/blog\/wp-content\/uploads\/2024\/03\/sussex-am-meer-rotated.jpg"}],"twitter_card":"summary","schema":{"@context":"https:\/\/schema.org","@graph":[{"@type":"WebSite","@id":"https:\/\/www.urlaubcornwall.de\/blog\/#website","url":"https:\/\/www.urlaubcornwall.de\/blog\/","name":"Urlaub &amp; Reisen","description":"Urlaub, Reisen, Cornwall und S\u00fcdengland: eine perfekte Kombination","potentialAction":[{"@type":"SearchAction","target":{"@type":"EntryPoint","urlTemplate":"https:\/\/www.urlaubcornwall.de\/blog\/?s={search_term_string}"},"query-input":"required name=search_term_string"}],"inLanguage":"en-US"},{"@type":"WebPage","@id":"https:\/\/www.urlaubcornwall.de\/blog\/grosses-ferienhaus-fuer-gruppen-kueste-sussex\/","url":"https:\/\/www.urlaubcornwall.de\/blog\/grosses-ferienhaus-fuer-gruppen-kueste-sussex\/","name":"Gro\u00dfes Ferienhaus f\u00fcr Gruppen auf die K\u00fcste von Sussex - Urlaub &amp; Reisen","isPartOf":{"@id":"https:\/\/www.urlaubcornwall.de\/blog\/#website"},"datePublished":"2024-10-24T14:25:34+00:00","dateModified":"2024-10-24T14:25:34+00:00","breadcrumb":{"@id":"https:\/\/www.urlaubcornwall.de\/blog\/grosses-ferienhaus-fuer-gruppen-kueste-sussex\/#breadcrumb"},"inLanguage":"en-US","potentialAction":[{"@type":"ReadAction","target":["https:\/\/www.urlaubcornwall.de\/blog\/grosses-ferienhaus-fuer-gruppen-kueste-sussex\/"]}]},{"@type":"BreadcrumbList","@id":"https:\/\/www.urlaubcornwall.de\/blog\/grosses-ferienhaus-fuer-gruppen-kueste-sussex\/#breadcrumb","itemListElement":[{"@type":"ListItem","position":1,"name":"Home","item":"https:\/\/www.urlaubcornwall.de\/blog\/"},{"@type":"ListItem","position":2,"name":"Gro\u00dfes Ferienhaus f\u00fcr Gruppen auf die K\u00fcste von Sussex"}]}]}},"_links":{"self":[{"href":"https:\/\/www.urlaubcornwall.de\/blog\/wp-json\/wp\/v2\/pages\/51709"}],"collection":[{"href":"https:\/\/www.urlaubcornwall.de\/blog\/wp-json\/wp\/v2\/pages"}],"about":[{"href":"https:\/\/www.urlaubcornwall.de\/blog\/wp-json\/wp\/v2\/types\/page"}],"author":[{"embeddable":true,"href":"https:\/\/www.urlaubcornwall.de\/blog\/wp-json\/wp\/v2\/users\/1"}],"replies":[{"embeddable":true,"href":"https:\/\/www.urlaubcornwall.de\/blog\/wp-json\/wp\/v2\/comments?post=51709"}],"version-history":[{"count":1,"href":"https:\/\/www.urlaubcornwall.de\/blog\/wp-json\/wp\/v2\/pages\/51709\/revisions"}],"predecessor-version":[{"id":51710,"href":"https:\/\/www.urlaubcornwall.de\/blog\/wp-json\/wp\/v2\/pages\/51709\/revisions\/51710"}],"wp:attachment":[{"href":"https:\/\/www.urlaubcornwall.de\/blog\/wp-json\/wp\/v2\/media?parent=51709"}],"curies":[{"name":"wp","href":"https:\/\/api.w.org\/{rel}","templated":true}]}}