{"id":51696,"date":"2024-10-24T13:41:44","date_gmt":"2024-10-24T13:41:44","guid":{"rendered":"https:\/\/www.urlaubcornwall.de\/blog\/?page_id=51696"},"modified":"2024-10-24T13:41:44","modified_gmt":"2024-10-24T13:41:44","slug":"grosses-ferienhaus-fuer-gruppen-in-dartmoor","status":"publish","type":"page","link":"https:\/\/www.urlaubcornwall.de\/blog\/grosses-ferienhaus-fuer-gruppen-in-dartmoor\/","title":{"rendered":"Gro\u00dfes Ferienhaus f\u00fcr Gruppen in Dartmoor"},"content":{"rendered":"<p><a href=\"https:\/\/www.urlaubcornwall.de\/blog\/wp-content\/uploads\/2024\/03\/dartmoor.jpg\"><img loading=\"lazy\" src=\"https:\/\/www.urlaubcornwall.de\/blog\/wp-content\/uploads\/2024\/03\/dartmoor.jpg\" alt=\"dartmoor\" width=\"750\" height=\"500\" class=\"alignnone size-full wp-image-47878\" srcset=\"https:\/\/www.urlaubcornwall.de\/blog\/wp-content\/uploads\/2024\/03\/dartmoor.jpg 750w, https:\/\/www.urlaubcornwall.de\/blog\/wp-content\/uploads\/2024\/03\/dartmoor-300x200.jpg 300w\" sizes=\"(max-width: 750px) 100vw, 750px\" \/><\/a><\/p>\n<p><a href=\"https:\/\/www.urlaubcornwall.de\/blog\/dartmoor-ein-mystischer-ort\/\">Dartmoor<\/a> in <a href=\"https:\/\/www.urlaubcornwall.de\/ferienhaeuser-fewos\/eng\/devon\/devon.html\">Devon<\/a> ist ein gro\u00dfartiges Reiseziel f\u00fcr eine Gruppe von Freunden oder Familien, die die Natur lieben und gemeinsam Abenteuer erleben m\u00f6chten. Die atemberaubende Moorlandschaft, mit ihren weiten Hochebenen, geheimnisvollen W\u00e4ldern und dramatischen Felsformationen (Tors), l\u00e4dt zu Wanderungen, Fahrradtouren und Erkundungen ein. Besonders reizvoll sind auch die wilden Ponys, die in Dartmoor heimisch sind. <\/p>\n<p>Wir bieten handverlesene Gruppenh\u00e4user in <a href=\"https:\/\/www.urlaubcornwall.de\/ferienhaeuser-fewos\/eng\/sued-devon\/devon-dartmoor.html\">Dartmoor f\u00fcr 6, 8, 10 und mehr Personen<\/a><\/p>\n<p>F\u00fcr einen Aufenthalt in einem Ferienhaus eignen sich die malerischen D\u00f6rfer <a href=\"https:\/\/www.urlaubcornwall.de\/ferienhaeuser-fewos\/eng\/sued-devon\/chagford.html\">Chagford<\/a>, mit seinen gem\u00fctlichen Pubs und Kunsthandwerksl\u00e4den, sowie <a href=\"https:\/\/www.urlaubcornwall.de\/ferienhaeuser-fewos\/eng\/sued-devon\/widecombe-in-the-moor.html\">Widecombe-in-the-Moor<\/a>, bekannt f\u00fcr seine charmante Dorfkirche und die traditionelle Moor-Atmosph\u00e4re. <a href=\"https:\/\/www.urlaubcornwall.de\/ferienhaeuser-fewos\/eng\/sued-devon\/bovey-tracey.html\">Bovey Tracey<\/a>, das Tor zu Dartmoor, ist ebenfalls eine gute Wahl, ideal f\u00fcr diejenigen, die sowohl die Ruhe der Natur als auch die N\u00e4he zu lokalen Annehmlichkeiten genie\u00dfen m\u00f6chten. Dartmoor bietet eine einzigartige Mischung aus Abenteuer und Erholung f\u00fcr alle Altersgruppen.<\/p>\n","protected":false},"excerpt":{"rendered":"<p>Dartmoor in Devon ist ein gro\u00dfartiges Reiseziel f\u00fcr eine Gruppe von Freunden oder Familien, die die Natur lieben und gemeinsam Abenteuer erleben m\u00f6chten. Die atemberaubende Moorlandschaft, mit ihren weiten Hochebenen, geheimnisvollen W\u00e4ldern und dramatischen Felsformationen (Tors), l\u00e4dt zu Wanderungen, Fahrradtouren und Erkundungen ein. Besonders reizvoll sind auch die wilden Ponys, die in Dartmoor heimisch sind. [&hellip;]<\/p>\n","protected":false},"author":1,"featured_media":0,"parent":0,"menu_order":0,"comment_status":"closed","ping_status":"closed","template":"single-four.php","meta":[],"acf":[],"yoast_head":"<!-- This site is optimized with the Yoast SEO plugin v19.4 - https:\/\/yoast.com\/wordpress\/plugins\/seo\/ -->\n<title>Gro\u00dfes Ferienhaus f\u00fcr Gruppen in Dartmoor - Urlaub &amp; Reisen<\/title>\n<meta name=\"robots\" content=\"index, follow, max-snippet:-1, max-image-preview:large, max-video-preview:-1\" \/>\n<link rel=\"canonical\" href=\"https:\/\/www.urlaubcornwall.de\/blog\/grosses-ferienhaus-fuer-gruppen-in-dartmoor\/\" \/>\n<meta property=\"og:locale\" content=\"en_US\" \/>\n<meta property=\"og:type\" content=\"article\" \/>\n<meta property=\"og:title\" content=\"Gro\u00dfes Ferienhaus f\u00fcr Gruppen in Dartmoor - Urlaub &amp; Reisen\" \/>\n<meta property=\"og:description\" content=\"Dartmoor in Devon ist ein gro\u00dfartiges Reiseziel f\u00fcr eine Gruppe von Freunden oder Familien, die die Natur lieben und gemeinsam Abenteuer erleben m\u00f6chten. Die atemberaubende Moorlandschaft, mit ihren weiten Hochebenen, geheimnisvollen W\u00e4ldern und dramatischen Felsformationen (Tors), l\u00e4dt zu Wanderungen, Fahrradtouren und Erkundungen ein. Besonders reizvoll sind auch die wilden Ponys, die in Dartmoor heimisch sind. [&hellip;]\" \/>\n<meta property=\"og:url\" content=\"https:\/\/www.urlaubcornwall.de\/blog\/grosses-ferienhaus-fuer-gruppen-in-dartmoor\/\" \/>\n<meta property=\"og:site_name\" content=\"Urlaub &amp; Reisen\" \/>\n<meta property=\"og:image\" content=\"https:\/\/www.urlaubcornwall.de\/blog\/wp-content\/uploads\/2024\/03\/dartmoor.jpg\" \/>\n<meta name=\"twitter:card\" content=\"summary\" \/>\n<script type=\"application\/ld+json\" class=\"yoast-schema-graph\">{\"@context\":\"https:\/\/schema.org\",\"@graph\":[{\"@type\":\"WebSite\",\"@id\":\"https:\/\/www.urlaubcornwall.de\/blog\/#website\",\"url\":\"https:\/\/www.urlaubcornwall.de\/blog\/\",\"name\":\"Urlaub &amp; Reisen\",\"description\":\"Urlaub, Reisen, Cornwall und S\u00fcdengland: eine perfekte Kombination\",\"potentialAction\":[{\"@type\":\"SearchAction\",\"target\":{\"@type\":\"EntryPoint\",\"urlTemplate\":\"https:\/\/www.urlaubcornwall.de\/blog\/?s={search_term_string}\"},\"query-input\":\"required name=search_term_string\"}],\"inLanguage\":\"en-US\"},{\"@type\":\"WebPage\",\"@id\":\"https:\/\/www.urlaubcornwall.de\/blog\/grosses-ferienhaus-fuer-gruppen-in-dartmoor\/\",\"url\":\"https:\/\/www.urlaubcornwall.de\/blog\/grosses-ferienhaus-fuer-gruppen-in-dartmoor\/\",\"name\":\"Gro\u00dfes Ferienhaus f\u00fcr Gruppen in Dartmoor - Urlaub &amp; Reisen\",\"isPartOf\":{\"@id\":\"https:\/\/www.urlaubcornwall.de\/blog\/#website\"},\"datePublished\":\"2024-10-24T13:41:44+00:00\",\"dateModified\":\"2024-10-24T13:41:44+00:00\",\"breadcrumb\":{\"@id\":\"https:\/\/www.urlaubcornwall.de\/blog\/grosses-ferienhaus-fuer-gruppen-in-dartmoor\/#breadcrumb\"},\"inLanguage\":\"en-US\",\"potentialAction\":[{\"@type\":\"ReadAction\",\"target\":[\"https:\/\/www.urlaubcornwall.de\/blog\/grosses-ferienhaus-fuer-gruppen-in-dartmoor\/\"]}]},{\"@type\":\"BreadcrumbList\",\"@id\":\"https:\/\/www.urlaubcornwall.de\/blog\/grosses-ferienhaus-fuer-gruppen-in-dartmoor\/#breadcrumb\",\"itemListElement\":[{\"@type\":\"ListItem\",\"position\":1,\"name\":\"Home\",\"item\":\"https:\/\/www.urlaubcornwall.de\/blog\/\"},{\"@type\":\"ListItem\",\"position\":2,\"name\":\"Gro\u00dfes Ferienhaus f\u00fcr Gruppen in Dartmoor\"}]}]}<\/script>\n<!-- \/ Yoast SEO plugin. -->","yoast_head_json":{"title":"Gro\u00dfes Ferienhaus f\u00fcr Gruppen in Dartmoor - Urlaub &amp; Reisen","robots":{"index":"index","follow":"follow","max-snippet":"max-snippet:-1","max-image-preview":"max-image-preview:large","max-video-preview":"max-video-preview:-1"},"canonical":"https:\/\/www.urlaubcornwall.de\/blog\/grosses-ferienhaus-fuer-gruppen-in-dartmoor\/","og_locale":"en_US","og_type":"article","og_title":"Gro\u00dfes Ferienhaus f\u00fcr Gruppen in Dartmoor - Urlaub &amp; Reisen","og_description":"Dartmoor in Devon ist ein gro\u00dfartiges Reiseziel f\u00fcr eine Gruppe von Freunden oder Familien, die die Natur lieben und gemeinsam Abenteuer erleben m\u00f6chten. Die atemberaubende Moorlandschaft, mit ihren weiten Hochebenen, geheimnisvollen W\u00e4ldern und dramatischen Felsformationen (Tors), l\u00e4dt zu Wanderungen, Fahrradtouren und Erkundungen ein. Besonders reizvoll sind auch die wilden Ponys, die in Dartmoor heimisch sind. [&hellip;]","og_url":"https:\/\/www.urlaubcornwall.de\/blog\/grosses-ferienhaus-fuer-gruppen-in-dartmoor\/","og_site_name":"Urlaub &amp; Reisen","og_image":[{"url":"https:\/\/www.urlaubcornwall.de\/blog\/wp-content\/uploads\/2024\/03\/dartmoor.jpg"}],"twitter_card":"summary","schema":{"@context":"https:\/\/schema.org","@graph":[{"@type":"WebSite","@id":"https:\/\/www.urlaubcornwall.de\/blog\/#website","url":"https:\/\/www.urlaubcornwall.de\/blog\/","name":"Urlaub &amp; Reisen","description":"Urlaub, Reisen, Cornwall und S\u00fcdengland: eine perfekte Kombination","potentialAction":[{"@type":"SearchAction","target":{"@type":"EntryPoint","urlTemplate":"https:\/\/www.urlaubcornwall.de\/blog\/?s={search_term_string}"},"query-input":"required name=search_term_string"}],"inLanguage":"en-US"},{"@type":"WebPage","@id":"https:\/\/www.urlaubcornwall.de\/blog\/grosses-ferienhaus-fuer-gruppen-in-dartmoor\/","url":"https:\/\/www.urlaubcornwall.de\/blog\/grosses-ferienhaus-fuer-gruppen-in-dartmoor\/","name":"Gro\u00dfes Ferienhaus f\u00fcr Gruppen in Dartmoor - Urlaub &amp; Reisen","isPartOf":{"@id":"https:\/\/www.urlaubcornwall.de\/blog\/#website"},"datePublished":"2024-10-24T13:41:44+00:00","dateModified":"2024-10-24T13:41:44+00:00","breadcrumb":{"@id":"https:\/\/www.urlaubcornwall.de\/blog\/grosses-ferienhaus-fuer-gruppen-in-dartmoor\/#breadcrumb"},"inLanguage":"en-US","potentialAction":[{"@type":"ReadAction","target":["https:\/\/www.urlaubcornwall.de\/blog\/grosses-ferienhaus-fuer-gruppen-in-dartmoor\/"]}]},{"@type":"BreadcrumbList","@id":"https:\/\/www.urlaubcornwall.de\/blog\/grosses-ferienhaus-fuer-gruppen-in-dartmoor\/#breadcrumb","itemListElement":[{"@type":"ListItem","position":1,"name":"Home","item":"https:\/\/www.urlaubcornwall.de\/blog\/"},{"@type":"ListItem","position":2,"name":"Gro\u00dfes Ferienhaus f\u00fcr Gruppen in Dartmoor"}]}]}},"_links":{"self":[{"href":"https:\/\/www.urlaubcornwall.de\/blog\/wp-json\/wp\/v2\/pages\/51696"}],"collection":[{"href":"https:\/\/www.urlaubcornwall.de\/blog\/wp-json\/wp\/v2\/pages"}],"about":[{"href":"https:\/\/www.urlaubcornwall.de\/blog\/wp-json\/wp\/v2\/types\/page"}],"author":[{"embeddable":true,"href":"https:\/\/www.urlaubcornwall.de\/blog\/wp-json\/wp\/v2\/users\/1"}],"replies":[{"embeddable":true,"href":"https:\/\/www.urlaubcornwall.de\/blog\/wp-json\/wp\/v2\/comments?post=51696"}],"version-history":[{"count":2,"href":"https:\/\/www.urlaubcornwall.de\/blog\/wp-json\/wp\/v2\/pages\/51696\/revisions"}],"predecessor-version":[{"id":51708,"href":"https:\/\/www.urlaubcornwall.de\/blog\/wp-json\/wp\/v2\/pages\/51696\/revisions\/51708"}],"wp:attachment":[{"href":"https:\/\/www.urlaubcornwall.de\/blog\/wp-json\/wp\/v2\/media?parent=51696"}],"curies":[{"name":"wp","href":"https:\/\/api.w.org\/{rel}","templated":true}]}}