{"id":51694,"date":"2024-10-24T13:34:52","date_gmt":"2024-10-24T13:34:52","guid":{"rendered":"https:\/\/www.urlaubcornwall.de\/blog\/?page_id=51694"},"modified":"2024-10-24T13:34:52","modified_gmt":"2024-10-24T13:34:52","slug":"grosses-ferienhaus-fuer-gruppen-in-torquay","status":"publish","type":"page","link":"https:\/\/www.urlaubcornwall.de\/blog\/grosses-ferienhaus-fuer-gruppen-in-torquay\/","title":{"rendered":"Gro\u00dfes Ferienhaus f\u00fcr Gruppen in Torquay"},"content":{"rendered":"<p><a href=\"https:\/\/www.urlaubcornwall.de\/blog\/wp-content\/uploads\/2024\/03\/torquay.jpg\"><img loading=\"lazy\" src=\"https:\/\/www.urlaubcornwall.de\/blog\/wp-content\/uploads\/2024\/03\/torquay.jpg\" alt=\"torquay\" width=\"750\" height=\"500\" class=\"alignnone size-full wp-image-47875\" srcset=\"https:\/\/www.urlaubcornwall.de\/blog\/wp-content\/uploads\/2024\/03\/torquay.jpg 750w, https:\/\/www.urlaubcornwall.de\/blog\/wp-content\/uploads\/2024\/03\/torquay-300x200.jpg 300w\" sizes=\"(max-width: 750px) 100vw, 750px\" \/><\/a><\/p>\n<p>Torquay in <a href=\"https:\/\/www.urlaubcornwall.de\/ferienhaeuser-fewos\/eng\/sued-devon\/sued-devon.html\">Devon<\/a> ist ein ideales Reiseziel f\u00fcr eine Gruppe von Freunden oder Familie, da es vielf\u00e4ltige Aktivit\u00e4ten f\u00fcr jedes Interesse bietet. Die malerischen Str\u00e4nde laden zum Sonnenbaden und Schwimmen ein, w\u00e4hrend Abenteuerlustige Wassersportarten wie Kajakfahren oder Bootstouren genie\u00dfen k\u00f6nnen. F\u00fcr kulturelle Entdeckungen gibt es historische Sehensw\u00fcrdigkeiten, darunter Agatha Christies Geburtshaus, sowie malerische K\u00fcstenpfade zum Wandern. Abends bietet Torquay eine lebendige Restaurantszene und gem\u00fctliche Pubs, perfekt f\u00fcr gemeinsame Abende. <\/p>\n<p>Wir bieten handverlesene Gruppenh\u00e4user in <a href=\"https:\/\/www.urlaubcornwall.de\/ferienhaeuser-fewos\/eng\/sued-devon\/torquay.html\">Torquay f\u00fcr 6, 8, 10 und mehr Personen<\/a><\/p>\n","protected":false},"excerpt":{"rendered":"<p>Torquay in Devon ist ein ideales Reiseziel f\u00fcr eine Gruppe von Freunden oder Familie, da es vielf\u00e4ltige Aktivit\u00e4ten f\u00fcr jedes Interesse bietet. Die malerischen Str\u00e4nde laden zum Sonnenbaden und Schwimmen ein, w\u00e4hrend Abenteuerlustige Wassersportarten wie Kajakfahren oder Bootstouren genie\u00dfen k\u00f6nnen. F\u00fcr kulturelle Entdeckungen gibt es historische Sehensw\u00fcrdigkeiten, darunter Agatha Christies Geburtshaus, sowie malerische K\u00fcstenpfade zum [&hellip;]<\/p>\n","protected":false},"author":1,"featured_media":0,"parent":0,"menu_order":0,"comment_status":"closed","ping_status":"closed","template":"single-four.php","meta":[],"acf":[],"yoast_head":"<!-- This site is optimized with the Yoast SEO plugin v19.4 - https:\/\/yoast.com\/wordpress\/plugins\/seo\/ -->\n<title>Gro\u00dfes Ferienhaus f\u00fcr Gruppen in Torquay - Urlaub &amp; Reisen<\/title>\n<meta name=\"robots\" content=\"index, follow, max-snippet:-1, max-image-preview:large, max-video-preview:-1\" \/>\n<link rel=\"canonical\" href=\"https:\/\/www.urlaubcornwall.de\/blog\/grosses-ferienhaus-fuer-gruppen-in-torquay\/\" \/>\n<meta property=\"og:locale\" content=\"en_US\" \/>\n<meta property=\"og:type\" content=\"article\" \/>\n<meta property=\"og:title\" content=\"Gro\u00dfes Ferienhaus f\u00fcr Gruppen in Torquay - Urlaub &amp; Reisen\" \/>\n<meta property=\"og:description\" content=\"Torquay in Devon ist ein ideales Reiseziel f\u00fcr eine Gruppe von Freunden oder Familie, da es vielf\u00e4ltige Aktivit\u00e4ten f\u00fcr jedes Interesse bietet. Die malerischen Str\u00e4nde laden zum Sonnenbaden und Schwimmen ein, w\u00e4hrend Abenteuerlustige Wassersportarten wie Kajakfahren oder Bootstouren genie\u00dfen k\u00f6nnen. F\u00fcr kulturelle Entdeckungen gibt es historische Sehensw\u00fcrdigkeiten, darunter Agatha Christies Geburtshaus, sowie malerische K\u00fcstenpfade zum [&hellip;]\" \/>\n<meta property=\"og:url\" content=\"https:\/\/www.urlaubcornwall.de\/blog\/grosses-ferienhaus-fuer-gruppen-in-torquay\/\" \/>\n<meta property=\"og:site_name\" content=\"Urlaub &amp; Reisen\" \/>\n<meta property=\"og:image\" content=\"https:\/\/www.urlaubcornwall.de\/blog\/wp-content\/uploads\/2024\/03\/torquay.jpg\" \/>\n<meta name=\"twitter:card\" content=\"summary\" \/>\n<meta name=\"twitter:label1\" content=\"Est. reading time\" \/>\n\t<meta name=\"twitter:data1\" content=\"1 minute\" \/>\n<script type=\"application\/ld+json\" class=\"yoast-schema-graph\">{\"@context\":\"https:\/\/schema.org\",\"@graph\":[{\"@type\":\"WebSite\",\"@id\":\"https:\/\/www.urlaubcornwall.de\/blog\/#website\",\"url\":\"https:\/\/www.urlaubcornwall.de\/blog\/\",\"name\":\"Urlaub &amp; Reisen\",\"description\":\"Urlaub, Reisen, Cornwall und S\u00fcdengland: eine perfekte Kombination\",\"potentialAction\":[{\"@type\":\"SearchAction\",\"target\":{\"@type\":\"EntryPoint\",\"urlTemplate\":\"https:\/\/www.urlaubcornwall.de\/blog\/?s={search_term_string}\"},\"query-input\":\"required name=search_term_string\"}],\"inLanguage\":\"en-US\"},{\"@type\":\"WebPage\",\"@id\":\"https:\/\/www.urlaubcornwall.de\/blog\/grosses-ferienhaus-fuer-gruppen-in-torquay\/\",\"url\":\"https:\/\/www.urlaubcornwall.de\/blog\/grosses-ferienhaus-fuer-gruppen-in-torquay\/\",\"name\":\"Gro\u00dfes Ferienhaus f\u00fcr Gruppen in Torquay - Urlaub &amp; Reisen\",\"isPartOf\":{\"@id\":\"https:\/\/www.urlaubcornwall.de\/blog\/#website\"},\"datePublished\":\"2024-10-24T13:34:52+00:00\",\"dateModified\":\"2024-10-24T13:34:52+00:00\",\"breadcrumb\":{\"@id\":\"https:\/\/www.urlaubcornwall.de\/blog\/grosses-ferienhaus-fuer-gruppen-in-torquay\/#breadcrumb\"},\"inLanguage\":\"en-US\",\"potentialAction\":[{\"@type\":\"ReadAction\",\"target\":[\"https:\/\/www.urlaubcornwall.de\/blog\/grosses-ferienhaus-fuer-gruppen-in-torquay\/\"]}]},{\"@type\":\"BreadcrumbList\",\"@id\":\"https:\/\/www.urlaubcornwall.de\/blog\/grosses-ferienhaus-fuer-gruppen-in-torquay\/#breadcrumb\",\"itemListElement\":[{\"@type\":\"ListItem\",\"position\":1,\"name\":\"Home\",\"item\":\"https:\/\/www.urlaubcornwall.de\/blog\/\"},{\"@type\":\"ListItem\",\"position\":2,\"name\":\"Gro\u00dfes Ferienhaus f\u00fcr Gruppen in Torquay\"}]}]}<\/script>\n<!-- \/ Yoast SEO plugin. -->","yoast_head_json":{"title":"Gro\u00dfes Ferienhaus f\u00fcr Gruppen in Torquay - Urlaub &amp; Reisen","robots":{"index":"index","follow":"follow","max-snippet":"max-snippet:-1","max-image-preview":"max-image-preview:large","max-video-preview":"max-video-preview:-1"},"canonical":"https:\/\/www.urlaubcornwall.de\/blog\/grosses-ferienhaus-fuer-gruppen-in-torquay\/","og_locale":"en_US","og_type":"article","og_title":"Gro\u00dfes Ferienhaus f\u00fcr Gruppen in Torquay - Urlaub &amp; Reisen","og_description":"Torquay in Devon ist ein ideales Reiseziel f\u00fcr eine Gruppe von Freunden oder Familie, da es vielf\u00e4ltige Aktivit\u00e4ten f\u00fcr jedes Interesse bietet. Die malerischen Str\u00e4nde laden zum Sonnenbaden und Schwimmen ein, w\u00e4hrend Abenteuerlustige Wassersportarten wie Kajakfahren oder Bootstouren genie\u00dfen k\u00f6nnen. F\u00fcr kulturelle Entdeckungen gibt es historische Sehensw\u00fcrdigkeiten, darunter Agatha Christies Geburtshaus, sowie malerische K\u00fcstenpfade zum [&hellip;]","og_url":"https:\/\/www.urlaubcornwall.de\/blog\/grosses-ferienhaus-fuer-gruppen-in-torquay\/","og_site_name":"Urlaub &amp; Reisen","og_image":[{"url":"https:\/\/www.urlaubcornwall.de\/blog\/wp-content\/uploads\/2024\/03\/torquay.jpg"}],"twitter_card":"summary","twitter_misc":{"Est. reading time":"1 minute"},"schema":{"@context":"https:\/\/schema.org","@graph":[{"@type":"WebSite","@id":"https:\/\/www.urlaubcornwall.de\/blog\/#website","url":"https:\/\/www.urlaubcornwall.de\/blog\/","name":"Urlaub &amp; Reisen","description":"Urlaub, Reisen, Cornwall und S\u00fcdengland: eine perfekte Kombination","potentialAction":[{"@type":"SearchAction","target":{"@type":"EntryPoint","urlTemplate":"https:\/\/www.urlaubcornwall.de\/blog\/?s={search_term_string}"},"query-input":"required name=search_term_string"}],"inLanguage":"en-US"},{"@type":"WebPage","@id":"https:\/\/www.urlaubcornwall.de\/blog\/grosses-ferienhaus-fuer-gruppen-in-torquay\/","url":"https:\/\/www.urlaubcornwall.de\/blog\/grosses-ferienhaus-fuer-gruppen-in-torquay\/","name":"Gro\u00dfes Ferienhaus f\u00fcr Gruppen in Torquay - Urlaub &amp; Reisen","isPartOf":{"@id":"https:\/\/www.urlaubcornwall.de\/blog\/#website"},"datePublished":"2024-10-24T13:34:52+00:00","dateModified":"2024-10-24T13:34:52+00:00","breadcrumb":{"@id":"https:\/\/www.urlaubcornwall.de\/blog\/grosses-ferienhaus-fuer-gruppen-in-torquay\/#breadcrumb"},"inLanguage":"en-US","potentialAction":[{"@type":"ReadAction","target":["https:\/\/www.urlaubcornwall.de\/blog\/grosses-ferienhaus-fuer-gruppen-in-torquay\/"]}]},{"@type":"BreadcrumbList","@id":"https:\/\/www.urlaubcornwall.de\/blog\/grosses-ferienhaus-fuer-gruppen-in-torquay\/#breadcrumb","itemListElement":[{"@type":"ListItem","position":1,"name":"Home","item":"https:\/\/www.urlaubcornwall.de\/blog\/"},{"@type":"ListItem","position":2,"name":"Gro\u00dfes Ferienhaus f\u00fcr Gruppen in Torquay"}]}]}},"_links":{"self":[{"href":"https:\/\/www.urlaubcornwall.de\/blog\/wp-json\/wp\/v2\/pages\/51694"}],"collection":[{"href":"https:\/\/www.urlaubcornwall.de\/blog\/wp-json\/wp\/v2\/pages"}],"about":[{"href":"https:\/\/www.urlaubcornwall.de\/blog\/wp-json\/wp\/v2\/types\/page"}],"author":[{"embeddable":true,"href":"https:\/\/www.urlaubcornwall.de\/blog\/wp-json\/wp\/v2\/users\/1"}],"replies":[{"embeddable":true,"href":"https:\/\/www.urlaubcornwall.de\/blog\/wp-json\/wp\/v2\/comments?post=51694"}],"version-history":[{"count":3,"href":"https:\/\/www.urlaubcornwall.de\/blog\/wp-json\/wp\/v2\/pages\/51694\/revisions"}],"predecessor-version":[{"id":51706,"href":"https:\/\/www.urlaubcornwall.de\/blog\/wp-json\/wp\/v2\/pages\/51694\/revisions\/51706"}],"wp:attachment":[{"href":"https:\/\/www.urlaubcornwall.de\/blog\/wp-json\/wp\/v2\/media?parent=51694"}],"curies":[{"name":"wp","href":"https:\/\/api.w.org\/{rel}","templated":true}]}}