{"id":51692,"date":"2024-10-25T10:19:35","date_gmt":"2024-10-25T10:19:35","guid":{"rendered":"https:\/\/www.urlaubcornwall.de\/blog\/?page_id=51692"},"modified":"2024-10-25T10:32:57","modified_gmt":"2024-10-25T10:32:57","slug":"grosses-ferienhaus-fuer-gruppen-lake-district","status":"publish","type":"page","link":"https:\/\/www.urlaubcornwall.de\/blog\/grosses-ferienhaus-fuer-gruppen-lake-district\/","title":{"rendered":"Gro\u00dfes Ferienhaus f\u00fcr Gruppen in Lake District"},"content":{"rendered":"<p><a href=\"https:\/\/www.urlaubcornwall.de\/blog\/wp-content\/uploads\/2024\/03\/lake-district-2.jpg\"><img loading=\"lazy\" src=\"https:\/\/www.urlaubcornwall.de\/blog\/wp-content\/uploads\/2024\/03\/lake-district-2-1024x438.jpg\" alt=\"lake district\" width=\"1024\" height=\"438\" class=\"alignnone size-large wp-image-47989\" srcset=\"https:\/\/www.urlaubcornwall.de\/blog\/wp-content\/uploads\/2024\/03\/lake-district-2-1024x438.jpg 1024w, https:\/\/www.urlaubcornwall.de\/blog\/wp-content\/uploads\/2024\/03\/lake-district-2-300x128.jpg 300w, https:\/\/www.urlaubcornwall.de\/blog\/wp-content\/uploads\/2024\/03\/lake-district-2-768x328.jpg 768w, https:\/\/www.urlaubcornwall.de\/blog\/wp-content\/uploads\/2024\/03\/lake-district-2.jpg 1169w\" sizes=\"(max-width: 1024px) 100vw, 1024px\" \/><\/a><\/p>\n<p>Der <a href=\"https:\/\/www.urlaubcornwall.de\/reiseziel\/lake-district-nationalpark.php\">Lake District in Nordengland<\/a> ist ein faszinierendes Reiseziel f\u00fcr Gruppen von Freunden oder Familien, da er eine einzigartige Mischung aus nat\u00fcrlicher Sch\u00f6nheit und kulturellem Reichtum bietet. Mit seinen glitzernden Seen, beeindruckenden Bergr\u00fccken und \u00fcppigen T\u00e4lern ist es der perfekte Ort f\u00fcr Outdoor-Abenteuer und entspannende Urlaubstage. <\/p>\n<p>Wir bieten handverlesene Ferienh\u00e4user in <a href=\"https:\/\/www.urlaubcornwall.de\/ferienhaeuser-fewos\/eng\/lake-district\/lake-district.html\">Lake District  f\u00fcr 4, 6, 8 und 10 + Personen<\/a><\/p>\n<p>F\u00fcr einen unvergesslichen Aufenthalt in einem pers\u00f6nlich gepr\u00fcften Ferienhaus bieten sich besonders die charmanten Orte <a href=\"https:\/\/www.urlaubcornwall.de\/ferienhaeuser-fewos\/eng\/lake-district\/windermere.html\">Windermere<\/a>, <a href=\"https:\/\/www.urlaubcornwall.de\/ferienhaeuser-fewos\/eng\/lake-district\/bowness-on-windermere.html\">Bowness-on-Windermere<\/a> und <a href=\"https:\/\/www.urlaubcornwall.de\/ferienhaeuser-fewos\/eng\/lake-district\/ambleside.html\">Ambleside<\/a> an, die sowohl traditionelle Pubs als auch gem\u00fctliche Caf\u00e9s bieten. <a href=\"https:\/\/www.urlaubcornwall.de\/ferienhaeuser-fewos\/eng\/lake-district\/keswick.html\">Keswick<\/a>, mit seiner lebendigen Atmosph\u00e4re und N\u00e4he zu Derwentwater, ist ein weiteres Highlight. Diese Standorte sind besonders bei unseren <a href=\"https:\/\/www.urlaubcornwall.de\/ferienhaeuser-fewos\/eng\/lake-district\/lake-district.html\">pers\u00f6nlich gepr\u00fcften Ferienh\u00e4usern<\/a> beliebt, die Komfort und Qualit\u00e4t in einer Umgebung versprechen, die die Seele baumeln l\u00e4sst und unvergessliche Erlebnisse f\u00fcr alle Altersgruppen garantiert.<\/p>\n","protected":false},"excerpt":{"rendered":"<p>Der Lake District in Nordengland ist ein faszinierendes Reiseziel f\u00fcr Gruppen von Freunden oder Familien, da er eine einzigartige Mischung aus nat\u00fcrlicher Sch\u00f6nheit und kulturellem Reichtum bietet. Mit seinen glitzernden Seen, beeindruckenden Bergr\u00fccken und \u00fcppigen T\u00e4lern ist es der perfekte Ort f\u00fcr Outdoor-Abenteuer und entspannende Urlaubstage. Wir bieten handverlesene Ferienh\u00e4user in Lake District f\u00fcr 4, [&hellip;]<\/p>\n","protected":false},"author":1,"featured_media":0,"parent":0,"menu_order":0,"comment_status":"closed","ping_status":"closed","template":"single-four.php","meta":[],"acf":[],"yoast_head":"<!-- This site is optimized with the Yoast SEO plugin v19.4 - https:\/\/yoast.com\/wordpress\/plugins\/seo\/ -->\n<title>Gro\u00dfes Ferienhaus f\u00fcr Gruppen in Lake District - Urlaub &amp; Reisen<\/title>\n<meta name=\"robots\" content=\"index, follow, max-snippet:-1, max-image-preview:large, max-video-preview:-1\" \/>\n<link rel=\"canonical\" href=\"https:\/\/www.urlaubcornwall.de\/blog\/grosses-ferienhaus-fuer-gruppen-lake-district\/\" \/>\n<meta property=\"og:locale\" content=\"en_US\" \/>\n<meta property=\"og:type\" content=\"article\" \/>\n<meta property=\"og:title\" content=\"Gro\u00dfes Ferienhaus f\u00fcr Gruppen in Lake District - Urlaub &amp; Reisen\" \/>\n<meta property=\"og:description\" content=\"Der Lake District in Nordengland ist ein faszinierendes Reiseziel f\u00fcr Gruppen von Freunden oder Familien, da er eine einzigartige Mischung aus nat\u00fcrlicher Sch\u00f6nheit und kulturellem Reichtum bietet. Mit seinen glitzernden Seen, beeindruckenden Bergr\u00fccken und \u00fcppigen T\u00e4lern ist es der perfekte Ort f\u00fcr Outdoor-Abenteuer und entspannende Urlaubstage. Wir bieten handverlesene Ferienh\u00e4user in Lake District f\u00fcr 4, [&hellip;]\" \/>\n<meta property=\"og:url\" content=\"https:\/\/www.urlaubcornwall.de\/blog\/grosses-ferienhaus-fuer-gruppen-lake-district\/\" \/>\n<meta property=\"og:site_name\" content=\"Urlaub &amp; Reisen\" \/>\n<meta property=\"article:modified_time\" content=\"2024-10-25T10:32:57+00:00\" \/>\n<meta property=\"og:image\" content=\"https:\/\/www.urlaubcornwall.de\/blog\/wp-content\/uploads\/2024\/03\/lake-district-2-1024x438.jpg\" \/>\n<meta name=\"twitter:card\" content=\"summary\" \/>\n<meta name=\"twitter:label1\" content=\"Est. reading time\" \/>\n\t<meta name=\"twitter:data1\" content=\"1 minute\" \/>\n<script type=\"application\/ld+json\" class=\"yoast-schema-graph\">{\"@context\":\"https:\/\/schema.org\",\"@graph\":[{\"@type\":\"WebSite\",\"@id\":\"https:\/\/www.urlaubcornwall.de\/blog\/#website\",\"url\":\"https:\/\/www.urlaubcornwall.de\/blog\/\",\"name\":\"Urlaub &amp; Reisen\",\"description\":\"Urlaub, Reisen, Cornwall und S\u00fcdengland: eine perfekte Kombination\",\"potentialAction\":[{\"@type\":\"SearchAction\",\"target\":{\"@type\":\"EntryPoint\",\"urlTemplate\":\"https:\/\/www.urlaubcornwall.de\/blog\/?s={search_term_string}\"},\"query-input\":\"required name=search_term_string\"}],\"inLanguage\":\"en-US\"},{\"@type\":\"WebPage\",\"@id\":\"https:\/\/www.urlaubcornwall.de\/blog\/grosses-ferienhaus-fuer-gruppen-lake-district\/\",\"url\":\"https:\/\/www.urlaubcornwall.de\/blog\/grosses-ferienhaus-fuer-gruppen-lake-district\/\",\"name\":\"Gro\u00dfes Ferienhaus f\u00fcr Gruppen in Lake District - Urlaub &amp; Reisen\",\"isPartOf\":{\"@id\":\"https:\/\/www.urlaubcornwall.de\/blog\/#website\"},\"datePublished\":\"2024-10-25T10:19:35+00:00\",\"dateModified\":\"2024-10-25T10:32:57+00:00\",\"breadcrumb\":{\"@id\":\"https:\/\/www.urlaubcornwall.de\/blog\/grosses-ferienhaus-fuer-gruppen-lake-district\/#breadcrumb\"},\"inLanguage\":\"en-US\",\"potentialAction\":[{\"@type\":\"ReadAction\",\"target\":[\"https:\/\/www.urlaubcornwall.de\/blog\/grosses-ferienhaus-fuer-gruppen-lake-district\/\"]}]},{\"@type\":\"BreadcrumbList\",\"@id\":\"https:\/\/www.urlaubcornwall.de\/blog\/grosses-ferienhaus-fuer-gruppen-lake-district\/#breadcrumb\",\"itemListElement\":[{\"@type\":\"ListItem\",\"position\":1,\"name\":\"Home\",\"item\":\"https:\/\/www.urlaubcornwall.de\/blog\/\"},{\"@type\":\"ListItem\",\"position\":2,\"name\":\"Gro\u00dfes Ferienhaus f\u00fcr Gruppen in Lake District\"}]}]}<\/script>\n<!-- \/ Yoast SEO plugin. -->","yoast_head_json":{"title":"Gro\u00dfes Ferienhaus f\u00fcr Gruppen in Lake District - Urlaub &amp; Reisen","robots":{"index":"index","follow":"follow","max-snippet":"max-snippet:-1","max-image-preview":"max-image-preview:large","max-video-preview":"max-video-preview:-1"},"canonical":"https:\/\/www.urlaubcornwall.de\/blog\/grosses-ferienhaus-fuer-gruppen-lake-district\/","og_locale":"en_US","og_type":"article","og_title":"Gro\u00dfes Ferienhaus f\u00fcr Gruppen in Lake District - Urlaub &amp; Reisen","og_description":"Der Lake District in Nordengland ist ein faszinierendes Reiseziel f\u00fcr Gruppen von Freunden oder Familien, da er eine einzigartige Mischung aus nat\u00fcrlicher Sch\u00f6nheit und kulturellem Reichtum bietet. Mit seinen glitzernden Seen, beeindruckenden Bergr\u00fccken und \u00fcppigen T\u00e4lern ist es der perfekte Ort f\u00fcr Outdoor-Abenteuer und entspannende Urlaubstage. Wir bieten handverlesene Ferienh\u00e4user in Lake District f\u00fcr 4, [&hellip;]","og_url":"https:\/\/www.urlaubcornwall.de\/blog\/grosses-ferienhaus-fuer-gruppen-lake-district\/","og_site_name":"Urlaub &amp; Reisen","article_modified_time":"2024-10-25T10:32:57+00:00","og_image":[{"url":"https:\/\/www.urlaubcornwall.de\/blog\/wp-content\/uploads\/2024\/03\/lake-district-2-1024x438.jpg"}],"twitter_card":"summary","twitter_misc":{"Est. reading time":"1 minute"},"schema":{"@context":"https:\/\/schema.org","@graph":[{"@type":"WebSite","@id":"https:\/\/www.urlaubcornwall.de\/blog\/#website","url":"https:\/\/www.urlaubcornwall.de\/blog\/","name":"Urlaub &amp; Reisen","description":"Urlaub, Reisen, Cornwall und S\u00fcdengland: eine perfekte Kombination","potentialAction":[{"@type":"SearchAction","target":{"@type":"EntryPoint","urlTemplate":"https:\/\/www.urlaubcornwall.de\/blog\/?s={search_term_string}"},"query-input":"required name=search_term_string"}],"inLanguage":"en-US"},{"@type":"WebPage","@id":"https:\/\/www.urlaubcornwall.de\/blog\/grosses-ferienhaus-fuer-gruppen-lake-district\/","url":"https:\/\/www.urlaubcornwall.de\/blog\/grosses-ferienhaus-fuer-gruppen-lake-district\/","name":"Gro\u00dfes Ferienhaus f\u00fcr Gruppen in Lake District - Urlaub &amp; Reisen","isPartOf":{"@id":"https:\/\/www.urlaubcornwall.de\/blog\/#website"},"datePublished":"2024-10-25T10:19:35+00:00","dateModified":"2024-10-25T10:32:57+00:00","breadcrumb":{"@id":"https:\/\/www.urlaubcornwall.de\/blog\/grosses-ferienhaus-fuer-gruppen-lake-district\/#breadcrumb"},"inLanguage":"en-US","potentialAction":[{"@type":"ReadAction","target":["https:\/\/www.urlaubcornwall.de\/blog\/grosses-ferienhaus-fuer-gruppen-lake-district\/"]}]},{"@type":"BreadcrumbList","@id":"https:\/\/www.urlaubcornwall.de\/blog\/grosses-ferienhaus-fuer-gruppen-lake-district\/#breadcrumb","itemListElement":[{"@type":"ListItem","position":1,"name":"Home","item":"https:\/\/www.urlaubcornwall.de\/blog\/"},{"@type":"ListItem","position":2,"name":"Gro\u00dfes Ferienhaus f\u00fcr Gruppen in Lake District"}]}]}},"_links":{"self":[{"href":"https:\/\/www.urlaubcornwall.de\/blog\/wp-json\/wp\/v2\/pages\/51692"}],"collection":[{"href":"https:\/\/www.urlaubcornwall.de\/blog\/wp-json\/wp\/v2\/pages"}],"about":[{"href":"https:\/\/www.urlaubcornwall.de\/blog\/wp-json\/wp\/v2\/types\/page"}],"author":[{"embeddable":true,"href":"https:\/\/www.urlaubcornwall.de\/blog\/wp-json\/wp\/v2\/users\/1"}],"replies":[{"embeddable":true,"href":"https:\/\/www.urlaubcornwall.de\/blog\/wp-json\/wp\/v2\/comments?post=51692"}],"version-history":[{"count":5,"href":"https:\/\/www.urlaubcornwall.de\/blog\/wp-json\/wp\/v2\/pages\/51692\/revisions"}],"predecessor-version":[{"id":51728,"href":"https:\/\/www.urlaubcornwall.de\/blog\/wp-json\/wp\/v2\/pages\/51692\/revisions\/51728"}],"wp:attachment":[{"href":"https:\/\/www.urlaubcornwall.de\/blog\/wp-json\/wp\/v2\/media?parent=51692"}],"curies":[{"name":"wp","href":"https:\/\/api.w.org\/{rel}","templated":true}]}}