{"id":51556,"date":"2024-09-12T16:26:52","date_gmt":"2024-09-12T16:26:52","guid":{"rendered":"https:\/\/www.urlaubcornwall.de\/blog\/?page_id=51556"},"modified":"2026-01-12T11:47:35","modified_gmt":"2026-01-12T11:47:35","slug":"cornwall-ist-ruhiger-als-frueher-eine-gute-nachricht-fuer-ihren-urlaub-im-2025","status":"publish","type":"page","link":"https:\/\/www.urlaubcornwall.de\/blog\/cornwall-ist-ruhiger-als-frueher-eine-gute-nachricht-fuer-ihren-urlaub-im-2025\/","title":{"rendered":"Cornwall ist ruhiger als fr\u00fcher \u2013 eine gute Nachricht f\u00fcr Ihren Urlaub!"},"content":{"rendered":"<p><img loading=\"lazy\" class=\"aligncenter size-full wp-image-42090\" src=\"https:\/\/www.urlaubcornwall.de\/blog\/wp-content\/uploads\/2021\/08\/scilly-klima-wetter-urlaub.jpg\" alt=\"scilly cornwall urlaub sommer\" width=\"750\" height=\"772\" srcset=\"https:\/\/www.urlaubcornwall.de\/blog\/wp-content\/uploads\/2021\/08\/scilly-klima-wetter-urlaub.jpg 750w, https:\/\/www.urlaubcornwall.de\/blog\/wp-content\/uploads\/2021\/08\/scilly-klima-wetter-urlaub-291x300.jpg 291w\" sizes=\"(max-width: 750px) 100vw, 750px\" \/><\/p>\n<p><a href=\"https:\/\/www.urlaubcornwall.de\/reiseziel\/cornwall.php\">Cornwall<\/a> ist ruhiger als fr\u00fcher, da immer mehr britische Besucher ihren Urlaub in L\u00e4ndern wie Spanien und der T\u00fcrkei verbringen. Die Besucherzahlen liegen wieder auf dem Niveau von 2014. Hier sind die Gr\u00fcnde, warum es dadurch perfekt f\u00fcr Ihren Urlaub ist&#8230;..<\/p>\n<p>1. Weniger Menschenmengen: Weniger Touristen bedeuten weniger \u00fcberf\u00fcllte Str\u00e4nde, Sehensw\u00fcrdigkeiten und Restaurants. Besucher k\u00f6nnen ber\u00fchmte Orte wie <a href=\"https:\/\/www.urlaubcornwall.de\/ferienhaeuser-fewos\/st-ives.html\">St. Ives<\/a> oder den K\u00fcstenpfad in Ruhe genie\u00dfen, was zu einem entspannteren Erlebnis f\u00fchrt.<\/p>\n<p>2. Besserer Service: Durch den geringeren Andrang k\u00f6nnten Hotels, Restaurants und lokale Anbieter mehr Zeit und Ressourcen haben, um einen pers\u00f6nlicheren und aufmerksameren Service zu bieten.<\/p>\n<p>3. M\u00f6gliche Preisnachl\u00e4sse: Viele Unternehmen k\u00f6nnten aufgrund der geringeren Nachfrage gezwungen sein, ihre Preise zu senken oder Sonderangebote zu machen. Dies k\u00f6nnte sich positiv auf die Reisekosten auswirken und Cornwall f\u00fcr Preisbewusste attraktiver machen.<\/p>\n<p>4. Unterst\u00fctzung lokaler Unternehmen: Die Besucher k\u00f6nnen einen wichtigen Beitrag zur Unterst\u00fctzung der lokalen Wirtschaft leisten, insbesondere wenn viele Betriebe unter dem R\u00fcckgang der Touristenzahlen leiden.<\/p>\n<p>5. Nachhaltigkeit: Weniger Besucher bedeuten weniger Belastung f\u00fcr die Umwelt und die nat\u00fcrlichen Ressourcen Cornwalls, was zu einer nachhaltigeren und umweltfreundlicheren Erfahrung f\u00fchren k\u00f6nnte.<\/p>\n<p>F\u00fcr Besucher bietet ein Besuch Cornwalls in einer ruhigeren Zeit die Chance, die Region authentischer und entspannter zu erleben.<\/p>\n<p><strong>Bei uns finden Sie Ferienh\u00e4user zum Verlieben &#8211; so einfach ist das! Pers\u00f6nlich inspizierte Ferienh\u00e4user in Cornwall<\/strong><\/p>\n<p style=\"text-align: center;\"><a class=\"tidycta\" href=\"https:\/\/www.urlaubcornwall.de\/ferienhaeuser-fewos\/cornwall.html\">Suche Ferienh\u00e4user in Cornwall<\/a><\/p>\n<div class=\"snippet\"> <a class=\"featured-item\" href=\"https:\/\/www.urlaubcornwall.de\/ferienhaeuser\/cornwall.php\"> <span class=\"image-holder\" style=\"background-image: url(' https:\/\/www.urlaubcornwall.de\/blog\/wp-content\/uploads\/2018\/12\/ferienhaus-cornwall-mit-hund.jpg ');\"><\/span> <span class=\"featured-content\"> \n<h2 class=\"featured-title\">Ferienh\u00e4user in Cornwall zum Verlieben!<\/h2>\n<p class=\"featured-body\">Cornwall besitzt mehr K\u00fcstenlinien als jede andere Grafschaft und bietet einige der besten Str\u00e4nde, K\u00fcstenwanderwege und Klippenlandschaften, die man \u00fcberhaupt finden kann&#8230;.<\/p><\/span> <span class=\"featured-link-holder\"> <span class=\"featured-extra-info\"> \n<p>F\u00fcr Paare, Familien &#038; Gruppen<\/p>\n<\/span> \n<p class=\"featured-link\">DETAILS<\/p>\n<\/span> <\/a><\/div>\n<div class=\"snippet\"> <a class=\"featured-item\" href=\" https:\/\/www.urlaubcornwall.de\/rundreisen\/cornwall-suedengland.php\"> <span class=\"image-holder\" style=\"background-image: url(' https:\/\/www.urlaubcornwall.de\/blog\/wp-content\/uploads\/2018\/11\/rundreise-cornwall.jpg ');\"><\/span> <span class=\"featured-content\"> \n<h2 class=\"featured-title\">Individuelle Rundreise in Cornwall &#038; S\u00fcdengland<\/h2>\n<p class=\"featured-body\"> Bei dieser Cornwall Rundreise entdecken Sie die H\u00f6hepunkte S\u00fcdenglands. Kultur, Geschichte, Landschaft und heutiges Leben werden Sie hierbei kennenlernen&#8230;<\/p>\n<\/span> <span class=\"featured-link-holder\"> <span class=\"featured-extra-info\"> \n<p>Urlaub im eigenen Schritttempo<\/p>\n<\/span> \n<p class=\"featured-link\">DETAILS<\/p>\n<\/span> <\/a><\/div>\n","protected":false},"excerpt":{"rendered":"<p>Cornwall ist ruhiger als fr\u00fcher, da immer mehr britische Besucher ihren Urlaub in L\u00e4ndern wie Spanien und der T\u00fcrkei verbringen. Die Besucherzahlen liegen wieder auf dem Niveau von 2014. Hier sind die Gr\u00fcnde, warum es dadurch perfekt f\u00fcr Ihren Urlaub ist&#8230;.. 1. Weniger Menschenmengen: Weniger Touristen bedeuten weniger \u00fcberf\u00fcllte Str\u00e4nde, Sehensw\u00fcrdigkeiten und Restaurants. Besucher k\u00f6nnen [&hellip;]<\/p>\n","protected":false},"author":1,"featured_media":0,"parent":0,"menu_order":0,"comment_status":"closed","ping_status":"closed","template":"single-four.php","meta":[],"acf":[],"yoast_head":"<!-- This site is optimized with the Yoast SEO plugin v19.4 - https:\/\/yoast.com\/wordpress\/plugins\/seo\/ -->\n<title>Cornwall ist ruhiger als fr\u00fcher \u2013 eine gute Nachricht f\u00fcr Ihren Urlaub! - Urlaub &amp; Reisen<\/title>\n<meta name=\"robots\" content=\"index, follow, max-snippet:-1, max-image-preview:large, max-video-preview:-1\" \/>\n<link rel=\"canonical\" href=\"https:\/\/www.urlaubcornwall.de\/blog\/cornwall-ist-ruhiger-als-frueher-eine-gute-nachricht-fuer-ihren-urlaub-im-2025\/\" \/>\n<meta property=\"og:locale\" content=\"en_US\" \/>\n<meta property=\"og:type\" content=\"article\" \/>\n<meta property=\"og:title\" content=\"Cornwall ist ruhiger als fr\u00fcher \u2013 eine gute Nachricht f\u00fcr Ihren Urlaub! - Urlaub &amp; Reisen\" \/>\n<meta property=\"og:description\" content=\"Cornwall ist ruhiger als fr\u00fcher, da immer mehr britische Besucher ihren Urlaub in L\u00e4ndern wie Spanien und der T\u00fcrkei verbringen. Die Besucherzahlen liegen wieder auf dem Niveau von 2014. Hier sind die Gr\u00fcnde, warum es dadurch perfekt f\u00fcr Ihren Urlaub ist&#8230;.. 1. Weniger Menschenmengen: Weniger Touristen bedeuten weniger \u00fcberf\u00fcllte Str\u00e4nde, Sehensw\u00fcrdigkeiten und Restaurants. Besucher k\u00f6nnen [&hellip;]\" \/>\n<meta property=\"og:url\" content=\"https:\/\/www.urlaubcornwall.de\/blog\/cornwall-ist-ruhiger-als-frueher-eine-gute-nachricht-fuer-ihren-urlaub-im-2025\/\" \/>\n<meta property=\"og:site_name\" content=\"Urlaub &amp; Reisen\" \/>\n<meta property=\"article:modified_time\" content=\"2026-01-12T11:47:35+00:00\" \/>\n<meta property=\"og:image\" content=\"https:\/\/www.urlaubcornwall.de\/blog\/wp-content\/uploads\/2021\/08\/scilly-klima-wetter-urlaub.jpg\" \/>\n<meta name=\"twitter:card\" content=\"summary\" \/>\n<meta name=\"twitter:label1\" content=\"Est. reading time\" \/>\n\t<meta name=\"twitter:data1\" content=\"2 minutes\" \/>\n<script type=\"application\/ld+json\" class=\"yoast-schema-graph\">{\"@context\":\"https:\/\/schema.org\",\"@graph\":[{\"@type\":\"WebSite\",\"@id\":\"https:\/\/www.urlaubcornwall.de\/blog\/#website\",\"url\":\"https:\/\/www.urlaubcornwall.de\/blog\/\",\"name\":\"Urlaub &amp; Reisen\",\"description\":\"Urlaub, Reisen, Cornwall und S\u00fcdengland: eine perfekte Kombination\",\"potentialAction\":[{\"@type\":\"SearchAction\",\"target\":{\"@type\":\"EntryPoint\",\"urlTemplate\":\"https:\/\/www.urlaubcornwall.de\/blog\/?s={search_term_string}\"},\"query-input\":\"required name=search_term_string\"}],\"inLanguage\":\"en-US\"},{\"@type\":\"WebPage\",\"@id\":\"https:\/\/www.urlaubcornwall.de\/blog\/cornwall-ist-ruhiger-als-frueher-eine-gute-nachricht-fuer-ihren-urlaub-im-2025\/\",\"url\":\"https:\/\/www.urlaubcornwall.de\/blog\/cornwall-ist-ruhiger-als-frueher-eine-gute-nachricht-fuer-ihren-urlaub-im-2025\/\",\"name\":\"Cornwall ist ruhiger als fr\u00fcher \u2013 eine gute Nachricht f\u00fcr Ihren Urlaub! - Urlaub &amp; Reisen\",\"isPartOf\":{\"@id\":\"https:\/\/www.urlaubcornwall.de\/blog\/#website\"},\"datePublished\":\"2024-09-12T16:26:52+00:00\",\"dateModified\":\"2026-01-12T11:47:35+00:00\",\"breadcrumb\":{\"@id\":\"https:\/\/www.urlaubcornwall.de\/blog\/cornwall-ist-ruhiger-als-frueher-eine-gute-nachricht-fuer-ihren-urlaub-im-2025\/#breadcrumb\"},\"inLanguage\":\"en-US\",\"potentialAction\":[{\"@type\":\"ReadAction\",\"target\":[\"https:\/\/www.urlaubcornwall.de\/blog\/cornwall-ist-ruhiger-als-frueher-eine-gute-nachricht-fuer-ihren-urlaub-im-2025\/\"]}]},{\"@type\":\"BreadcrumbList\",\"@id\":\"https:\/\/www.urlaubcornwall.de\/blog\/cornwall-ist-ruhiger-als-frueher-eine-gute-nachricht-fuer-ihren-urlaub-im-2025\/#breadcrumb\",\"itemListElement\":[{\"@type\":\"ListItem\",\"position\":1,\"name\":\"Home\",\"item\":\"https:\/\/www.urlaubcornwall.de\/blog\/\"},{\"@type\":\"ListItem\",\"position\":2,\"name\":\"Cornwall ist ruhiger als fr\u00fcher \u2013 eine gute Nachricht f\u00fcr Ihren Urlaub!\"}]}]}<\/script>\n<!-- \/ Yoast SEO plugin. -->","yoast_head_json":{"title":"Cornwall ist ruhiger als fr\u00fcher \u2013 eine gute Nachricht f\u00fcr Ihren Urlaub! - Urlaub &amp; Reisen","robots":{"index":"index","follow":"follow","max-snippet":"max-snippet:-1","max-image-preview":"max-image-preview:large","max-video-preview":"max-video-preview:-1"},"canonical":"https:\/\/www.urlaubcornwall.de\/blog\/cornwall-ist-ruhiger-als-frueher-eine-gute-nachricht-fuer-ihren-urlaub-im-2025\/","og_locale":"en_US","og_type":"article","og_title":"Cornwall ist ruhiger als fr\u00fcher \u2013 eine gute Nachricht f\u00fcr Ihren Urlaub! - Urlaub &amp; Reisen","og_description":"Cornwall ist ruhiger als fr\u00fcher, da immer mehr britische Besucher ihren Urlaub in L\u00e4ndern wie Spanien und der T\u00fcrkei verbringen. Die Besucherzahlen liegen wieder auf dem Niveau von 2014. Hier sind die Gr\u00fcnde, warum es dadurch perfekt f\u00fcr Ihren Urlaub ist&#8230;.. 1. Weniger Menschenmengen: Weniger Touristen bedeuten weniger \u00fcberf\u00fcllte Str\u00e4nde, Sehensw\u00fcrdigkeiten und Restaurants. Besucher k\u00f6nnen [&hellip;]","og_url":"https:\/\/www.urlaubcornwall.de\/blog\/cornwall-ist-ruhiger-als-frueher-eine-gute-nachricht-fuer-ihren-urlaub-im-2025\/","og_site_name":"Urlaub &amp; Reisen","article_modified_time":"2026-01-12T11:47:35+00:00","og_image":[{"url":"https:\/\/www.urlaubcornwall.de\/blog\/wp-content\/uploads\/2021\/08\/scilly-klima-wetter-urlaub.jpg"}],"twitter_card":"summary","twitter_misc":{"Est. reading time":"2 minutes"},"schema":{"@context":"https:\/\/schema.org","@graph":[{"@type":"WebSite","@id":"https:\/\/www.urlaubcornwall.de\/blog\/#website","url":"https:\/\/www.urlaubcornwall.de\/blog\/","name":"Urlaub &amp; Reisen","description":"Urlaub, Reisen, Cornwall und S\u00fcdengland: eine perfekte Kombination","potentialAction":[{"@type":"SearchAction","target":{"@type":"EntryPoint","urlTemplate":"https:\/\/www.urlaubcornwall.de\/blog\/?s={search_term_string}"},"query-input":"required name=search_term_string"}],"inLanguage":"en-US"},{"@type":"WebPage","@id":"https:\/\/www.urlaubcornwall.de\/blog\/cornwall-ist-ruhiger-als-frueher-eine-gute-nachricht-fuer-ihren-urlaub-im-2025\/","url":"https:\/\/www.urlaubcornwall.de\/blog\/cornwall-ist-ruhiger-als-frueher-eine-gute-nachricht-fuer-ihren-urlaub-im-2025\/","name":"Cornwall ist ruhiger als fr\u00fcher \u2013 eine gute Nachricht f\u00fcr Ihren Urlaub! - Urlaub &amp; Reisen","isPartOf":{"@id":"https:\/\/www.urlaubcornwall.de\/blog\/#website"},"datePublished":"2024-09-12T16:26:52+00:00","dateModified":"2026-01-12T11:47:35+00:00","breadcrumb":{"@id":"https:\/\/www.urlaubcornwall.de\/blog\/cornwall-ist-ruhiger-als-frueher-eine-gute-nachricht-fuer-ihren-urlaub-im-2025\/#breadcrumb"},"inLanguage":"en-US","potentialAction":[{"@type":"ReadAction","target":["https:\/\/www.urlaubcornwall.de\/blog\/cornwall-ist-ruhiger-als-frueher-eine-gute-nachricht-fuer-ihren-urlaub-im-2025\/"]}]},{"@type":"BreadcrumbList","@id":"https:\/\/www.urlaubcornwall.de\/blog\/cornwall-ist-ruhiger-als-frueher-eine-gute-nachricht-fuer-ihren-urlaub-im-2025\/#breadcrumb","itemListElement":[{"@type":"ListItem","position":1,"name":"Home","item":"https:\/\/www.urlaubcornwall.de\/blog\/"},{"@type":"ListItem","position":2,"name":"Cornwall ist ruhiger als fr\u00fcher \u2013 eine gute Nachricht f\u00fcr Ihren Urlaub!"}]}]}},"_links":{"self":[{"href":"https:\/\/www.urlaubcornwall.de\/blog\/wp-json\/wp\/v2\/pages\/51556"}],"collection":[{"href":"https:\/\/www.urlaubcornwall.de\/blog\/wp-json\/wp\/v2\/pages"}],"about":[{"href":"https:\/\/www.urlaubcornwall.de\/blog\/wp-json\/wp\/v2\/types\/page"}],"author":[{"embeddable":true,"href":"https:\/\/www.urlaubcornwall.de\/blog\/wp-json\/wp\/v2\/users\/1"}],"replies":[{"embeddable":true,"href":"https:\/\/www.urlaubcornwall.de\/blog\/wp-json\/wp\/v2\/comments?post=51556"}],"version-history":[{"count":10,"href":"https:\/\/www.urlaubcornwall.de\/blog\/wp-json\/wp\/v2\/pages\/51556\/revisions"}],"predecessor-version":[{"id":52026,"href":"https:\/\/www.urlaubcornwall.de\/blog\/wp-json\/wp\/v2\/pages\/51556\/revisions\/52026"}],"wp:attachment":[{"href":"https:\/\/www.urlaubcornwall.de\/blog\/wp-json\/wp\/v2\/media?parent=51556"}],"curies":[{"name":"wp","href":"https:\/\/api.w.org\/{rel}","templated":true}]}}