{"id":51481,"date":"2024-06-27T07:48:59","date_gmt":"2024-06-27T07:48:59","guid":{"rendered":"https:\/\/www.urlaubcornwall.de\/blog\/?page_id=51481"},"modified":"2024-06-27T07:48:59","modified_gmt":"2024-06-27T07:48:59","slug":"bio-lebensmittelproduktion-in-cornwall","status":"publish","type":"page","link":"https:\/\/www.urlaubcornwall.de\/blog\/bio-lebensmittelproduktion-in-cornwall\/","title":{"rendered":"Bio-Lebensmittelproduktion in Cornwall"},"content":{"rendered":"<p><a href=\"https:\/\/www.urlaubcornwall.de\/blog\/wp-content\/uploads\/2024\/06\/Picture3.jpg\"><img loading=\"lazy\" src=\"https:\/\/www.urlaubcornwall.de\/blog\/wp-content\/uploads\/2024\/06\/Picture3.jpg\" alt=\"Potager, Constantine\" width=\"750\" height=\"491\" class=\"alignnone size-full wp-image-51468\" srcset=\"https:\/\/www.urlaubcornwall.de\/blog\/wp-content\/uploads\/2024\/06\/Picture3.jpg 750w, https:\/\/www.urlaubcornwall.de\/blog\/wp-content\/uploads\/2024\/06\/Picture3-300x196.jpg 300w\" sizes=\"(max-width: 750px) 100vw, 750px\" \/><\/a><br \/>\nimage credit potager garden<\/p>\n<p><a href=\"https:\/\/www.urlaubcornwall.de\/reiseziel\/cornwall.php\">Cornwall<\/a> ist nicht nur f\u00fcr seine Restaurants bekannt, sondern auch f\u00fcr seine nachhaltige Lebensmittelproduktion. Zahlreiche Farmen und Produzenten setzen auf biologische Anbaumethoden und f\u00f6rdern so die lokale Wirtschaft und den Umweltschutz.<\/p>\n<p><a href=\"https:\/\/www.trebahgarden.co.uk\/eating-and-drinking\">Trebah Garden Kitchen<\/a><\/p>\n<p>Dieser wundersch\u00f6ne Garten in der N\u00e4he von <a href=\"https:\/\/www.urlaubcornwall.de\/blog\/falmouth-cornwall-geschichte-sehenswuerdigkeiten-und-unterkunft\/\">Falmouth<\/a> bietet nicht nur eine beeindruckende Pflanzenwelt, sondern auch ein Caf\u00e9, das lokale, biologische Produkte verwendet. Die Gerichte sind saisonal und oft vegetarisch oder vegan.<\/p>\n<p><a href=\"https:\/\/www.bosaverncommunityfarm.org.uk\/\">Bosavern Community Farm<\/a><\/p>\n<p>Diese Community Farm in <a href=\"https:\/\/www.urlaubcornwall.de\/ferienhaeuser-fewos\/st-just.html\">St Just<\/a> liefert frisches, biologisches Gem\u00fcse und Obst an lokale M\u00e4rkte und Restaurants. Besucher k\u00f6nnen die Farm besichtigen und mehr \u00fcber nachhaltige Landwirtschaft erfahren.<\/p>\n<p><a href=\"https:\/\/tamarorganics.co.uk\/\">Tamar Valley Organic Fruit and Veg<\/a><\/p>\n<p>Dieses Unternehmen liefert biologisches Obst und Gem\u00fcse aus dem <a href=\"https:\/\/www.urlaubcornwall.de\/ferienhaeuser-fewos\/tamar-valley.html\">Tamar-Tal<\/a> direkt an die Haust\u00fcren in Cornwall. Die Produkte sind saisonal und lokal angebaut, was die Umweltbelastung minimiert und die Frische maximiert.<\/p>\n<p>Cornwall bietet eine F\u00fclle von M\u00f6glichkeiten f\u00fcr Vegetarier und Veganer, sei es durch <a href=\"https:\/\/www.urlaubcornwall.de\/blog\/besten-veganen-und-vegetarischen-restaurants-in-cornwall\/\">innovative Restaurants, gem\u00fctliche Caf\u00e9s<\/a> oder nachhaltige Bio-Produzenten. Ein Besuch in dieser wundersch\u00f6nen Grafschaft wird nicht nur kulinarisch bereichern, sondern auch ein tiefes Verst\u00e4ndnis f\u00fcr die Bedeutung von Nachhaltigkeit und regionaler Produktion vermitteln.<\/p>\n","protected":false},"excerpt":{"rendered":"<p>image credit potager garden Cornwall ist nicht nur f\u00fcr seine Restaurants bekannt, sondern auch f\u00fcr seine nachhaltige Lebensmittelproduktion. Zahlreiche Farmen und Produzenten setzen auf biologische Anbaumethoden und f\u00f6rdern so die lokale Wirtschaft und den Umweltschutz. Trebah Garden Kitchen Dieser wundersch\u00f6ne Garten in der N\u00e4he von Falmouth bietet nicht nur eine beeindruckende Pflanzenwelt, sondern auch ein [&hellip;]<\/p>\n","protected":false},"author":1,"featured_media":0,"parent":0,"menu_order":0,"comment_status":"closed","ping_status":"closed","template":"single-four.php","meta":{"_bos_mb_destination":[""]},"acf":[],"yoast_head":"<!-- This site is optimized with the Yoast SEO plugin v19.4 - https:\/\/yoast.com\/wordpress\/plugins\/seo\/ -->\n<title>Bio-Lebensmittelproduktion in Cornwall - Urlaub &amp; Reisen<\/title>\n<meta name=\"robots\" content=\"index, follow, max-snippet:-1, max-image-preview:large, max-video-preview:-1\" \/>\n<link rel=\"canonical\" href=\"https:\/\/www.urlaubcornwall.de\/blog\/bio-lebensmittelproduktion-in-cornwall\/\" \/>\n<meta property=\"og:locale\" content=\"en_US\" \/>\n<meta property=\"og:type\" content=\"article\" \/>\n<meta property=\"og:title\" content=\"Bio-Lebensmittelproduktion in Cornwall - Urlaub &amp; Reisen\" \/>\n<meta property=\"og:description\" content=\"image credit potager garden Cornwall ist nicht nur f\u00fcr seine Restaurants bekannt, sondern auch f\u00fcr seine nachhaltige Lebensmittelproduktion. Zahlreiche Farmen und Produzenten setzen auf biologische Anbaumethoden und f\u00f6rdern so die lokale Wirtschaft und den Umweltschutz. Trebah Garden Kitchen Dieser wundersch\u00f6ne Garten in der N\u00e4he von Falmouth bietet nicht nur eine beeindruckende Pflanzenwelt, sondern auch ein [&hellip;]\" \/>\n<meta property=\"og:url\" content=\"https:\/\/www.urlaubcornwall.de\/blog\/bio-lebensmittelproduktion-in-cornwall\/\" \/>\n<meta property=\"og:site_name\" content=\"Urlaub &amp; Reisen\" \/>\n<meta property=\"og:image\" content=\"https:\/\/www.urlaubcornwall.de\/blog\/wp-content\/uploads\/2024\/06\/Picture3.jpg\" \/>\n<meta name=\"twitter:card\" content=\"summary\" \/>\n<script type=\"application\/ld+json\" class=\"yoast-schema-graph\">{\"@context\":\"https:\/\/schema.org\",\"@graph\":[{\"@type\":\"WebSite\",\"@id\":\"https:\/\/www.urlaubcornwall.de\/blog\/#website\",\"url\":\"https:\/\/www.urlaubcornwall.de\/blog\/\",\"name\":\"Urlaub &amp; Reisen\",\"description\":\"Urlaub, Reisen, Cornwall und S\u00fcdengland: eine perfekte Kombination\",\"potentialAction\":[{\"@type\":\"SearchAction\",\"target\":{\"@type\":\"EntryPoint\",\"urlTemplate\":\"https:\/\/www.urlaubcornwall.de\/blog\/?s={search_term_string}\"},\"query-input\":\"required name=search_term_string\"}],\"inLanguage\":\"en-US\"},{\"@type\":\"WebPage\",\"@id\":\"https:\/\/www.urlaubcornwall.de\/blog\/bio-lebensmittelproduktion-in-cornwall\/\",\"url\":\"https:\/\/www.urlaubcornwall.de\/blog\/bio-lebensmittelproduktion-in-cornwall\/\",\"name\":\"Bio-Lebensmittelproduktion in Cornwall - Urlaub &amp; Reisen\",\"isPartOf\":{\"@id\":\"https:\/\/www.urlaubcornwall.de\/blog\/#website\"},\"datePublished\":\"2024-06-27T07:48:59+00:00\",\"dateModified\":\"2024-06-27T07:48:59+00:00\",\"breadcrumb\":{\"@id\":\"https:\/\/www.urlaubcornwall.de\/blog\/bio-lebensmittelproduktion-in-cornwall\/#breadcrumb\"},\"inLanguage\":\"en-US\",\"potentialAction\":[{\"@type\":\"ReadAction\",\"target\":[\"https:\/\/www.urlaubcornwall.de\/blog\/bio-lebensmittelproduktion-in-cornwall\/\"]}]},{\"@type\":\"BreadcrumbList\",\"@id\":\"https:\/\/www.urlaubcornwall.de\/blog\/bio-lebensmittelproduktion-in-cornwall\/#breadcrumb\",\"itemListElement\":[{\"@type\":\"ListItem\",\"position\":1,\"name\":\"Home\",\"item\":\"https:\/\/www.urlaubcornwall.de\/blog\/\"},{\"@type\":\"ListItem\",\"position\":2,\"name\":\"Bio-Lebensmittelproduktion in Cornwall\"}]}]}<\/script>\n<!-- \/ Yoast SEO plugin. -->","yoast_head_json":{"title":"Bio-Lebensmittelproduktion in Cornwall - Urlaub &amp; Reisen","robots":{"index":"index","follow":"follow","max-snippet":"max-snippet:-1","max-image-preview":"max-image-preview:large","max-video-preview":"max-video-preview:-1"},"canonical":"https:\/\/www.urlaubcornwall.de\/blog\/bio-lebensmittelproduktion-in-cornwall\/","og_locale":"en_US","og_type":"article","og_title":"Bio-Lebensmittelproduktion in Cornwall - Urlaub &amp; Reisen","og_description":"image credit potager garden Cornwall ist nicht nur f\u00fcr seine Restaurants bekannt, sondern auch f\u00fcr seine nachhaltige Lebensmittelproduktion. Zahlreiche Farmen und Produzenten setzen auf biologische Anbaumethoden und f\u00f6rdern so die lokale Wirtschaft und den Umweltschutz. Trebah Garden Kitchen Dieser wundersch\u00f6ne Garten in der N\u00e4he von Falmouth bietet nicht nur eine beeindruckende Pflanzenwelt, sondern auch ein [&hellip;]","og_url":"https:\/\/www.urlaubcornwall.de\/blog\/bio-lebensmittelproduktion-in-cornwall\/","og_site_name":"Urlaub &amp; Reisen","og_image":[{"url":"https:\/\/www.urlaubcornwall.de\/blog\/wp-content\/uploads\/2024\/06\/Picture3.jpg"}],"twitter_card":"summary","schema":{"@context":"https:\/\/schema.org","@graph":[{"@type":"WebSite","@id":"https:\/\/www.urlaubcornwall.de\/blog\/#website","url":"https:\/\/www.urlaubcornwall.de\/blog\/","name":"Urlaub &amp; Reisen","description":"Urlaub, Reisen, Cornwall und S\u00fcdengland: eine perfekte Kombination","potentialAction":[{"@type":"SearchAction","target":{"@type":"EntryPoint","urlTemplate":"https:\/\/www.urlaubcornwall.de\/blog\/?s={search_term_string}"},"query-input":"required name=search_term_string"}],"inLanguage":"en-US"},{"@type":"WebPage","@id":"https:\/\/www.urlaubcornwall.de\/blog\/bio-lebensmittelproduktion-in-cornwall\/","url":"https:\/\/www.urlaubcornwall.de\/blog\/bio-lebensmittelproduktion-in-cornwall\/","name":"Bio-Lebensmittelproduktion in Cornwall - Urlaub &amp; Reisen","isPartOf":{"@id":"https:\/\/www.urlaubcornwall.de\/blog\/#website"},"datePublished":"2024-06-27T07:48:59+00:00","dateModified":"2024-06-27T07:48:59+00:00","breadcrumb":{"@id":"https:\/\/www.urlaubcornwall.de\/blog\/bio-lebensmittelproduktion-in-cornwall\/#breadcrumb"},"inLanguage":"en-US","potentialAction":[{"@type":"ReadAction","target":["https:\/\/www.urlaubcornwall.de\/blog\/bio-lebensmittelproduktion-in-cornwall\/"]}]},{"@type":"BreadcrumbList","@id":"https:\/\/www.urlaubcornwall.de\/blog\/bio-lebensmittelproduktion-in-cornwall\/#breadcrumb","itemListElement":[{"@type":"ListItem","position":1,"name":"Home","item":"https:\/\/www.urlaubcornwall.de\/blog\/"},{"@type":"ListItem","position":2,"name":"Bio-Lebensmittelproduktion in Cornwall"}]}]}},"_links":{"self":[{"href":"https:\/\/www.urlaubcornwall.de\/blog\/wp-json\/wp\/v2\/pages\/51481"}],"collection":[{"href":"https:\/\/www.urlaubcornwall.de\/blog\/wp-json\/wp\/v2\/pages"}],"about":[{"href":"https:\/\/www.urlaubcornwall.de\/blog\/wp-json\/wp\/v2\/types\/page"}],"author":[{"embeddable":true,"href":"https:\/\/www.urlaubcornwall.de\/blog\/wp-json\/wp\/v2\/users\/1"}],"replies":[{"embeddable":true,"href":"https:\/\/www.urlaubcornwall.de\/blog\/wp-json\/wp\/v2\/comments?post=51481"}],"version-history":[{"count":1,"href":"https:\/\/www.urlaubcornwall.de\/blog\/wp-json\/wp\/v2\/pages\/51481\/revisions"}],"predecessor-version":[{"id":51482,"href":"https:\/\/www.urlaubcornwall.de\/blog\/wp-json\/wp\/v2\/pages\/51481\/revisions\/51482"}],"wp:attachment":[{"href":"https:\/\/www.urlaubcornwall.de\/blog\/wp-json\/wp\/v2\/media?parent=51481"}],"curies":[{"name":"wp","href":"https:\/\/api.w.org\/{rel}","templated":true}]}}