{"id":48476,"date":"2024-03-27T12:06:10","date_gmt":"2024-03-27T12:06:10","guid":{"rendered":"https:\/\/www.urlaubcornwall.de\/blog\/?page_id=48476"},"modified":"2024-03-27T12:06:10","modified_gmt":"2024-03-27T12:06:10","slug":"grosses-ferienhaus-fuer-gruppen-in-den-cotswolds","status":"publish","type":"page","link":"https:\/\/www.urlaubcornwall.de\/blog\/grosses-ferienhaus-fuer-gruppen-in-den-cotswolds\/","title":{"rendered":"Gro\u00dfes Ferienhaus f\u00fcr Gruppen in den Cotswolds"},"content":{"rendered":"<p><img loading=\"lazy\" class=\"aligncenter size-full wp-image-47790\" src=\"https:\/\/www.urlaubcornwall.de\/blog\/wp-content\/uploads\/2024\/03\/cotswolds-cottage.jpg\" alt=\"cotswolds cottage\" width=\"750\" height=\"500\" srcset=\"https:\/\/www.urlaubcornwall.de\/blog\/wp-content\/uploads\/2024\/03\/cotswolds-cottage.jpg 750w, https:\/\/www.urlaubcornwall.de\/blog\/wp-content\/uploads\/2024\/03\/cotswolds-cottage-300x200.jpg 300w\" sizes=\"(max-width: 750px) 100vw, 750px\" \/><\/p>\n<p><strong><a href=\"https:\/\/www.urlaubcornwall.de\/ferienhaus-suchen.php?cnt=eng&#038;action=search&#038;rgn=Gloucestershire&#038;minA=6&#038;minB=0&#038;pet=0&#038;bed=0&#038;nday=0&#038;fromDate=Alle&#038;nlm=0&#038;nlc=0\">Gruppenh\u00e4user Cotswolds<\/a><\/strong><\/p>\n<p>Die Cotswolds umfassen ein gro\u00dfes Gebiet \u2013 fast 200.000 Hektar \u2013 und erstrecken sich durch f\u00fcnf Grafschaften (<a href=\"https:\/\/www.urlaubcornwall.de\/ferienhaeuser-fewos\/eng\/gloucestershire\/gloucestershire.html\">Gloucestershire<\/a>, <a href=\"https:\/\/www.urlaubcornwall.de\/ferienhaeuser-fewos\/eng\/oxfordshire\/oxfordshire.html\">Oxfordshire<\/a>, <a href=\"https:\/\/www.urlaubcornwall.de\/ferienhaeuser-fewos\/eng\/warwickshire\/warwickshire.html\">Warwickshire<\/a>, <a href=\"https:\/\/www.urlaubcornwall.de\/ferienhaeuser-fewos\/eng\/wiltshire\/wiltshire.html\">Wiltshire<\/a> und <a href=\"https:\/\/www.urlaubcornwall.de\/ferienhaeuser-fewos\/eng\/worcestershire\/worcestershire.html\">Worcestershire<\/a>). Eine der Freuden eines Besuchs in den Cotswolds besteht darin, die verschiedenen Gebiete zu erkunden, jedes mit seiner eigenen Identit\u00e4t, aber alle mit den charakteristischen Merkmalen der Cotswolds: goldener Stein und sanfte H\u00fcgel, die \u201eWolds\u201c.<\/p>\n<p>Je mehr desto sch\u00f6ner, wenn es um Ihren Urlaub geht. Bringen Sie also alle zusammen, Freunde, Familie und sogar die Haustiere, und verbringen Sie eine sch\u00f6ne Zeit damit, sich wieder kennenzulernen. Im Urlaub entstehen die sch\u00f6nsten Erinnerungen. Sorgen Sie also daf\u00fcr, dass keiner Ihrer Liebsten den Spa\u00df verpasst, indem Sie eines unserer Ferienh\u00e4user f\u00fcr eine gro\u00dfe Gruppe buchen.<\/p>\n<p>M\u00f6chten Sie in der N\u00e4he von <a href=\"https:\/\/www.urlaubcornwall.de\/ferienhaeuser-fewos\/eng\/gloucestershire\/gloucestershire.html\">Costwolds<\/a> und gleichzeitig nicht weit von der wundersch\u00f6nen Landschaft entfernt sein? Unsere gro\u00dfen Selbstversorger-Cottages sind die perfekte L\u00f6sung. Wenn Sie auf der Suche nach einer auf Ihre Bed\u00fcrfnisse zugeschnittenen Gruppenunterkunft sind, gibt es auf jeden Fall eine Option f\u00fcr Sie.<\/p>\n<p>Wir bieten handverlesene Gruppenh\u00e4user f\u00fcr <a href=\"https:\/\/www.urlaubcornwall.de\/ferienhaus-suchen.php?cnt=eng&#038;action=search&#038;rgn=Gloucestershire&#038;minA=6&#038;minB=0&#038;pet=0&#038;bed=0&#038;nday=0&#038;fromDate=Alle&#038;nlm=0&#038;nlc=0\">6, 8, 10 und mehr Personen<\/a><\/p>\n","protected":false},"excerpt":{"rendered":"<p>Gruppenh\u00e4user Cotswolds Die Cotswolds umfassen ein gro\u00dfes Gebiet \u2013 fast 200.000 Hektar \u2013 und erstrecken sich durch f\u00fcnf Grafschaften (Gloucestershire, Oxfordshire, Warwickshire, Wiltshire und Worcestershire). Eine der Freuden eines Besuchs in den Cotswolds besteht darin, die verschiedenen Gebiete zu erkunden, jedes mit seiner eigenen Identit\u00e4t, aber alle mit den charakteristischen Merkmalen der Cotswolds: goldener Stein [&hellip;]<\/p>\n","protected":false},"author":1,"featured_media":0,"parent":0,"menu_order":0,"comment_status":"closed","ping_status":"closed","template":"single-four.php","meta":[],"acf":[],"yoast_head":"<!-- This site is optimized with the Yoast SEO plugin v19.4 - https:\/\/yoast.com\/wordpress\/plugins\/seo\/ -->\n<title>Gro\u00dfes Ferienhaus f\u00fcr Gruppen in den Cotswolds - Urlaub &amp; Reisen<\/title>\n<meta name=\"robots\" content=\"index, follow, max-snippet:-1, max-image-preview:large, max-video-preview:-1\" \/>\n<link rel=\"canonical\" href=\"https:\/\/www.urlaubcornwall.de\/blog\/grosses-ferienhaus-fuer-gruppen-in-den-cotswolds\/\" \/>\n<meta property=\"og:locale\" content=\"en_US\" \/>\n<meta property=\"og:type\" content=\"article\" \/>\n<meta property=\"og:title\" content=\"Gro\u00dfes Ferienhaus f\u00fcr Gruppen in den Cotswolds - Urlaub &amp; Reisen\" \/>\n<meta property=\"og:description\" content=\"Gruppenh\u00e4user Cotswolds Die Cotswolds umfassen ein gro\u00dfes Gebiet \u2013 fast 200.000 Hektar \u2013 und erstrecken sich durch f\u00fcnf Grafschaften (Gloucestershire, Oxfordshire, Warwickshire, Wiltshire und Worcestershire). Eine der Freuden eines Besuchs in den Cotswolds besteht darin, die verschiedenen Gebiete zu erkunden, jedes mit seiner eigenen Identit\u00e4t, aber alle mit den charakteristischen Merkmalen der Cotswolds: goldener Stein [&hellip;]\" \/>\n<meta property=\"og:url\" content=\"https:\/\/www.urlaubcornwall.de\/blog\/grosses-ferienhaus-fuer-gruppen-in-den-cotswolds\/\" \/>\n<meta property=\"og:site_name\" content=\"Urlaub &amp; Reisen\" \/>\n<meta property=\"og:image\" content=\"https:\/\/www.urlaubcornwall.de\/blog\/wp-content\/uploads\/2024\/03\/cotswolds-cottage.jpg\" \/>\n<meta name=\"twitter:card\" content=\"summary\" \/>\n<script type=\"application\/ld+json\" class=\"yoast-schema-graph\">{\"@context\":\"https:\/\/schema.org\",\"@graph\":[{\"@type\":\"WebSite\",\"@id\":\"https:\/\/www.urlaubcornwall.de\/blog\/#website\",\"url\":\"https:\/\/www.urlaubcornwall.de\/blog\/\",\"name\":\"Urlaub &amp; Reisen\",\"description\":\"Urlaub, Reisen, Cornwall und S\u00fcdengland: eine perfekte Kombination\",\"potentialAction\":[{\"@type\":\"SearchAction\",\"target\":{\"@type\":\"EntryPoint\",\"urlTemplate\":\"https:\/\/www.urlaubcornwall.de\/blog\/?s={search_term_string}\"},\"query-input\":\"required name=search_term_string\"}],\"inLanguage\":\"en-US\"},{\"@type\":\"WebPage\",\"@id\":\"https:\/\/www.urlaubcornwall.de\/blog\/grosses-ferienhaus-fuer-gruppen-in-den-cotswolds\/\",\"url\":\"https:\/\/www.urlaubcornwall.de\/blog\/grosses-ferienhaus-fuer-gruppen-in-den-cotswolds\/\",\"name\":\"Gro\u00dfes Ferienhaus f\u00fcr Gruppen in den Cotswolds - Urlaub &amp; Reisen\",\"isPartOf\":{\"@id\":\"https:\/\/www.urlaubcornwall.de\/blog\/#website\"},\"datePublished\":\"2024-03-27T12:06:10+00:00\",\"dateModified\":\"2024-03-27T12:06:10+00:00\",\"breadcrumb\":{\"@id\":\"https:\/\/www.urlaubcornwall.de\/blog\/grosses-ferienhaus-fuer-gruppen-in-den-cotswolds\/#breadcrumb\"},\"inLanguage\":\"en-US\",\"potentialAction\":[{\"@type\":\"ReadAction\",\"target\":[\"https:\/\/www.urlaubcornwall.de\/blog\/grosses-ferienhaus-fuer-gruppen-in-den-cotswolds\/\"]}]},{\"@type\":\"BreadcrumbList\",\"@id\":\"https:\/\/www.urlaubcornwall.de\/blog\/grosses-ferienhaus-fuer-gruppen-in-den-cotswolds\/#breadcrumb\",\"itemListElement\":[{\"@type\":\"ListItem\",\"position\":1,\"name\":\"Home\",\"item\":\"https:\/\/www.urlaubcornwall.de\/blog\/\"},{\"@type\":\"ListItem\",\"position\":2,\"name\":\"Gro\u00dfes Ferienhaus f\u00fcr Gruppen in den Cotswolds\"}]}]}<\/script>\n<!-- \/ Yoast SEO plugin. -->","yoast_head_json":{"title":"Gro\u00dfes Ferienhaus f\u00fcr Gruppen in den Cotswolds - Urlaub &amp; Reisen","robots":{"index":"index","follow":"follow","max-snippet":"max-snippet:-1","max-image-preview":"max-image-preview:large","max-video-preview":"max-video-preview:-1"},"canonical":"https:\/\/www.urlaubcornwall.de\/blog\/grosses-ferienhaus-fuer-gruppen-in-den-cotswolds\/","og_locale":"en_US","og_type":"article","og_title":"Gro\u00dfes Ferienhaus f\u00fcr Gruppen in den Cotswolds - Urlaub &amp; Reisen","og_description":"Gruppenh\u00e4user Cotswolds Die Cotswolds umfassen ein gro\u00dfes Gebiet \u2013 fast 200.000 Hektar \u2013 und erstrecken sich durch f\u00fcnf Grafschaften (Gloucestershire, Oxfordshire, Warwickshire, Wiltshire und Worcestershire). Eine der Freuden eines Besuchs in den Cotswolds besteht darin, die verschiedenen Gebiete zu erkunden, jedes mit seiner eigenen Identit\u00e4t, aber alle mit den charakteristischen Merkmalen der Cotswolds: goldener Stein [&hellip;]","og_url":"https:\/\/www.urlaubcornwall.de\/blog\/grosses-ferienhaus-fuer-gruppen-in-den-cotswolds\/","og_site_name":"Urlaub &amp; Reisen","og_image":[{"url":"https:\/\/www.urlaubcornwall.de\/blog\/wp-content\/uploads\/2024\/03\/cotswolds-cottage.jpg"}],"twitter_card":"summary","schema":{"@context":"https:\/\/schema.org","@graph":[{"@type":"WebSite","@id":"https:\/\/www.urlaubcornwall.de\/blog\/#website","url":"https:\/\/www.urlaubcornwall.de\/blog\/","name":"Urlaub &amp; Reisen","description":"Urlaub, Reisen, Cornwall und S\u00fcdengland: eine perfekte Kombination","potentialAction":[{"@type":"SearchAction","target":{"@type":"EntryPoint","urlTemplate":"https:\/\/www.urlaubcornwall.de\/blog\/?s={search_term_string}"},"query-input":"required name=search_term_string"}],"inLanguage":"en-US"},{"@type":"WebPage","@id":"https:\/\/www.urlaubcornwall.de\/blog\/grosses-ferienhaus-fuer-gruppen-in-den-cotswolds\/","url":"https:\/\/www.urlaubcornwall.de\/blog\/grosses-ferienhaus-fuer-gruppen-in-den-cotswolds\/","name":"Gro\u00dfes Ferienhaus f\u00fcr Gruppen in den Cotswolds - Urlaub &amp; Reisen","isPartOf":{"@id":"https:\/\/www.urlaubcornwall.de\/blog\/#website"},"datePublished":"2024-03-27T12:06:10+00:00","dateModified":"2024-03-27T12:06:10+00:00","breadcrumb":{"@id":"https:\/\/www.urlaubcornwall.de\/blog\/grosses-ferienhaus-fuer-gruppen-in-den-cotswolds\/#breadcrumb"},"inLanguage":"en-US","potentialAction":[{"@type":"ReadAction","target":["https:\/\/www.urlaubcornwall.de\/blog\/grosses-ferienhaus-fuer-gruppen-in-den-cotswolds\/"]}]},{"@type":"BreadcrumbList","@id":"https:\/\/www.urlaubcornwall.de\/blog\/grosses-ferienhaus-fuer-gruppen-in-den-cotswolds\/#breadcrumb","itemListElement":[{"@type":"ListItem","position":1,"name":"Home","item":"https:\/\/www.urlaubcornwall.de\/blog\/"},{"@type":"ListItem","position":2,"name":"Gro\u00dfes Ferienhaus f\u00fcr Gruppen in den Cotswolds"}]}]}},"_links":{"self":[{"href":"https:\/\/www.urlaubcornwall.de\/blog\/wp-json\/wp\/v2\/pages\/48476"}],"collection":[{"href":"https:\/\/www.urlaubcornwall.de\/blog\/wp-json\/wp\/v2\/pages"}],"about":[{"href":"https:\/\/www.urlaubcornwall.de\/blog\/wp-json\/wp\/v2\/types\/page"}],"author":[{"embeddable":true,"href":"https:\/\/www.urlaubcornwall.de\/blog\/wp-json\/wp\/v2\/users\/1"}],"replies":[{"embeddable":true,"href":"https:\/\/www.urlaubcornwall.de\/blog\/wp-json\/wp\/v2\/comments?post=48476"}],"version-history":[{"count":1,"href":"https:\/\/www.urlaubcornwall.de\/blog\/wp-json\/wp\/v2\/pages\/48476\/revisions"}],"predecessor-version":[{"id":48478,"href":"https:\/\/www.urlaubcornwall.de\/blog\/wp-json\/wp\/v2\/pages\/48476\/revisions\/48478"}],"wp:attachment":[{"href":"https:\/\/www.urlaubcornwall.de\/blog\/wp-json\/wp\/v2\/media?parent=48476"}],"curies":[{"name":"wp","href":"https:\/\/api.w.org\/{rel}","templated":true}]}}