{"id":48460,"date":"2024-03-25T11:05:02","date_gmt":"2024-03-25T11:05:02","guid":{"rendered":"https:\/\/www.urlaubcornwall.de\/blog\/?page_id=48460"},"modified":"2024-03-25T11:05:02","modified_gmt":"2024-03-25T11:05:02","slug":"grosses-ferienhaus-fuer-gruppen-in-pembrokeshire","status":"publish","type":"page","link":"https:\/\/www.urlaubcornwall.de\/blog\/grosses-ferienhaus-fuer-gruppen-in-pembrokeshire\/","title":{"rendered":"Gro\u00dfes Ferienhaus f\u00fcr Gruppen in Pembrokeshire"},"content":{"rendered":"<p><img loading=\"lazy\" class=\"aligncenter size-full wp-image-47959\" src=\"https:\/\/www.urlaubcornwall.de\/blog\/wp-content\/uploads\/2024\/03\/gower-halbinsel-wales-1.jpg\" alt=\"Pembrokeshire wales\" width=\"750\" height=\"500\" srcset=\"https:\/\/www.urlaubcornwall.de\/blog\/wp-content\/uploads\/2024\/03\/gower-halbinsel-wales-1.jpg 750w, https:\/\/www.urlaubcornwall.de\/blog\/wp-content\/uploads\/2024\/03\/gower-halbinsel-wales-1-300x200.jpg 300w\" sizes=\"(max-width: 750px) 100vw, 750px\" \/><\/p>\n<p><strong><a href=\"https:\/\/www.urlaubcornwall.de\/ferienhaus-suchen.php?cnt=wal&#038;action=search&#038;rgn=0&#038;minA=6&#038;minB=0&#038;pet=0&#038;bed=0&#038;nday=0&#038;fromDate=Alle&#038;nlm=15&#038;nlc=Pembroke\">Gruppenh\u00e4user in Pembrokeshire<\/a><\/strong><\/p>\n<p>Pembrokeshire, ein wundersch\u00f6ner K\u00fcstenbezirk im S\u00fcdwesten von <a href=\"https:\/\/www.urlaubcornwall.de\/reiseziel\/wales.php\">Wales<\/a>, bietet eine unglaubliche Mischung aus mit der Blauen Flagge ausgezeichneten Str\u00e4nden, atemberaubenden Ausblicken, h\u00fcbschen St\u00e4dten und einer herzlichen, einladenden Atmosph\u00e4re. Als Heimat des Pembrokeshire-Coast-Nationalparks mit seiner spektakul\u00e4ren K\u00fcstenlinie bietet es viele M\u00f6glichkeiten f\u00fcr atemberaubende Spazierg\u00e4nge, um die Landschaft zu genie\u00dfen, ist aber auch f\u00fcr diejenigen geeignet, die noch energiegeladenere Aktivit\u00e4ten wie Coasteering, Kajakfahren und Tauchen bevorzugen.<\/p>\n<p>Je mehr desto sch\u00f6ner, wenn es um Ihren Urlaub geht. Bringen Sie also alle zusammen, Freunde, Familie und sogar die Haustiere, und verbringen Sie eine sch\u00f6ne Zeit damit, sich wieder kennenzulernen. Im Urlaub entstehen die sch\u00f6nsten Erinnerungen. Sorgen Sie also daf\u00fcr, dass keiner Ihrer Liebsten den Spa\u00df verpasst, indem Sie eines unserer <a href=\"https:\/\/www.urlaubcornwall.de\/ferienhaus-suchen.php?cnt=wal&#038;action=search&#038;rgn=0&#038;minA=6&#038;minB=0&#038;pet=0&#038;bed=0&#038;nday=0&#038;fromDate=Alle&#038;nlm=15&#038;nlc=Pembroke\">Ferienh\u00e4user f\u00fcr eine gro\u00dfe Gruppe buchen<\/a>.<\/p>\n<p>M\u00f6chten Sie in <a href=\"https:\/\/www.urlaubcornwall.de\/ferienhaeuser-fewos\/wal\/nordwales\/nordwales.html\">Pembrokeshire<\/a> und gleichzeitig nicht weit von der wundersch\u00f6nen Landschaft entfernt sein? Unsere gro\u00dfen Selbstversorger-Cottages sind die perfekte L\u00f6sung. Wenn Sie auf der Suche nach einer auf Ihre Bed\u00fcrfnisse zugeschnittenen Gruppenunterkunft sind, gibt es auf jeden Fall eine Option f\u00fcr Sie.<\/p>\n<p>Wir bieten handverlesene Gruppenh\u00e4user f\u00fcr <a href=\"https:\/\/www.urlaubcornwall.de\/ferienhaus-suchen.php?cnt=wal&#038;action=search&#038;rgn=0&#038;minA=6&#038;minB=0&#038;pet=0&#038;bed=0&#038;nday=0&#038;fromDate=Alle&#038;nlm=15&#038;nlc=Pembroke\">6, 8, 10 und mehr Personen<\/a><\/p>\n","protected":false},"excerpt":{"rendered":"<p>Gruppenh\u00e4user in Pembrokeshire Pembrokeshire, ein wundersch\u00f6ner K\u00fcstenbezirk im S\u00fcdwesten von Wales, bietet eine unglaubliche Mischung aus mit der Blauen Flagge ausgezeichneten Str\u00e4nden, atemberaubenden Ausblicken, h\u00fcbschen St\u00e4dten und einer herzlichen, einladenden Atmosph\u00e4re. Als Heimat des Pembrokeshire-Coast-Nationalparks mit seiner spektakul\u00e4ren K\u00fcstenlinie bietet es viele M\u00f6glichkeiten f\u00fcr atemberaubende Spazierg\u00e4nge, um die Landschaft zu genie\u00dfen, ist aber auch f\u00fcr [&hellip;]<\/p>\n","protected":false},"author":1,"featured_media":0,"parent":0,"menu_order":0,"comment_status":"closed","ping_status":"closed","template":"single-four.php","meta":[],"acf":[],"yoast_head":"<!-- This site is optimized with the Yoast SEO plugin v19.4 - https:\/\/yoast.com\/wordpress\/plugins\/seo\/ -->\n<title>Gro\u00dfes Ferienhaus f\u00fcr Gruppen in Pembrokeshire - Urlaub &amp; Reisen<\/title>\n<meta name=\"robots\" content=\"index, follow, max-snippet:-1, max-image-preview:large, max-video-preview:-1\" \/>\n<link rel=\"canonical\" href=\"https:\/\/www.urlaubcornwall.de\/blog\/grosses-ferienhaus-fuer-gruppen-in-pembrokeshire\/\" \/>\n<meta property=\"og:locale\" content=\"en_US\" \/>\n<meta property=\"og:type\" content=\"article\" \/>\n<meta property=\"og:title\" content=\"Gro\u00dfes Ferienhaus f\u00fcr Gruppen in Pembrokeshire - Urlaub &amp; Reisen\" \/>\n<meta property=\"og:description\" content=\"Gruppenh\u00e4user in Pembrokeshire Pembrokeshire, ein wundersch\u00f6ner K\u00fcstenbezirk im S\u00fcdwesten von Wales, bietet eine unglaubliche Mischung aus mit der Blauen Flagge ausgezeichneten Str\u00e4nden, atemberaubenden Ausblicken, h\u00fcbschen St\u00e4dten und einer herzlichen, einladenden Atmosph\u00e4re. Als Heimat des Pembrokeshire-Coast-Nationalparks mit seiner spektakul\u00e4ren K\u00fcstenlinie bietet es viele M\u00f6glichkeiten f\u00fcr atemberaubende Spazierg\u00e4nge, um die Landschaft zu genie\u00dfen, ist aber auch f\u00fcr [&hellip;]\" \/>\n<meta property=\"og:url\" content=\"https:\/\/www.urlaubcornwall.de\/blog\/grosses-ferienhaus-fuer-gruppen-in-pembrokeshire\/\" \/>\n<meta property=\"og:site_name\" content=\"Urlaub &amp; Reisen\" \/>\n<meta property=\"og:image\" content=\"https:\/\/www.urlaubcornwall.de\/blog\/wp-content\/uploads\/2024\/03\/gower-halbinsel-wales-1.jpg\" \/>\n<meta name=\"twitter:card\" content=\"summary\" \/>\n<script type=\"application\/ld+json\" class=\"yoast-schema-graph\">{\"@context\":\"https:\/\/schema.org\",\"@graph\":[{\"@type\":\"WebSite\",\"@id\":\"https:\/\/www.urlaubcornwall.de\/blog\/#website\",\"url\":\"https:\/\/www.urlaubcornwall.de\/blog\/\",\"name\":\"Urlaub &amp; Reisen\",\"description\":\"Urlaub, Reisen, Cornwall und S\u00fcdengland: eine perfekte Kombination\",\"potentialAction\":[{\"@type\":\"SearchAction\",\"target\":{\"@type\":\"EntryPoint\",\"urlTemplate\":\"https:\/\/www.urlaubcornwall.de\/blog\/?s={search_term_string}\"},\"query-input\":\"required name=search_term_string\"}],\"inLanguage\":\"en-US\"},{\"@type\":\"WebPage\",\"@id\":\"https:\/\/www.urlaubcornwall.de\/blog\/grosses-ferienhaus-fuer-gruppen-in-pembrokeshire\/\",\"url\":\"https:\/\/www.urlaubcornwall.de\/blog\/grosses-ferienhaus-fuer-gruppen-in-pembrokeshire\/\",\"name\":\"Gro\u00dfes Ferienhaus f\u00fcr Gruppen in Pembrokeshire - Urlaub &amp; Reisen\",\"isPartOf\":{\"@id\":\"https:\/\/www.urlaubcornwall.de\/blog\/#website\"},\"datePublished\":\"2024-03-25T11:05:02+00:00\",\"dateModified\":\"2024-03-25T11:05:02+00:00\",\"breadcrumb\":{\"@id\":\"https:\/\/www.urlaubcornwall.de\/blog\/grosses-ferienhaus-fuer-gruppen-in-pembrokeshire\/#breadcrumb\"},\"inLanguage\":\"en-US\",\"potentialAction\":[{\"@type\":\"ReadAction\",\"target\":[\"https:\/\/www.urlaubcornwall.de\/blog\/grosses-ferienhaus-fuer-gruppen-in-pembrokeshire\/\"]}]},{\"@type\":\"BreadcrumbList\",\"@id\":\"https:\/\/www.urlaubcornwall.de\/blog\/grosses-ferienhaus-fuer-gruppen-in-pembrokeshire\/#breadcrumb\",\"itemListElement\":[{\"@type\":\"ListItem\",\"position\":1,\"name\":\"Home\",\"item\":\"https:\/\/www.urlaubcornwall.de\/blog\/\"},{\"@type\":\"ListItem\",\"position\":2,\"name\":\"Gro\u00dfes Ferienhaus f\u00fcr Gruppen in Pembrokeshire\"}]}]}<\/script>\n<!-- \/ Yoast SEO plugin. -->","yoast_head_json":{"title":"Gro\u00dfes Ferienhaus f\u00fcr Gruppen in Pembrokeshire - Urlaub &amp; Reisen","robots":{"index":"index","follow":"follow","max-snippet":"max-snippet:-1","max-image-preview":"max-image-preview:large","max-video-preview":"max-video-preview:-1"},"canonical":"https:\/\/www.urlaubcornwall.de\/blog\/grosses-ferienhaus-fuer-gruppen-in-pembrokeshire\/","og_locale":"en_US","og_type":"article","og_title":"Gro\u00dfes Ferienhaus f\u00fcr Gruppen in Pembrokeshire - Urlaub &amp; Reisen","og_description":"Gruppenh\u00e4user in Pembrokeshire Pembrokeshire, ein wundersch\u00f6ner K\u00fcstenbezirk im S\u00fcdwesten von Wales, bietet eine unglaubliche Mischung aus mit der Blauen Flagge ausgezeichneten Str\u00e4nden, atemberaubenden Ausblicken, h\u00fcbschen St\u00e4dten und einer herzlichen, einladenden Atmosph\u00e4re. Als Heimat des Pembrokeshire-Coast-Nationalparks mit seiner spektakul\u00e4ren K\u00fcstenlinie bietet es viele M\u00f6glichkeiten f\u00fcr atemberaubende Spazierg\u00e4nge, um die Landschaft zu genie\u00dfen, ist aber auch f\u00fcr [&hellip;]","og_url":"https:\/\/www.urlaubcornwall.de\/blog\/grosses-ferienhaus-fuer-gruppen-in-pembrokeshire\/","og_site_name":"Urlaub &amp; Reisen","og_image":[{"url":"https:\/\/www.urlaubcornwall.de\/blog\/wp-content\/uploads\/2024\/03\/gower-halbinsel-wales-1.jpg"}],"twitter_card":"summary","schema":{"@context":"https:\/\/schema.org","@graph":[{"@type":"WebSite","@id":"https:\/\/www.urlaubcornwall.de\/blog\/#website","url":"https:\/\/www.urlaubcornwall.de\/blog\/","name":"Urlaub &amp; Reisen","description":"Urlaub, Reisen, Cornwall und S\u00fcdengland: eine perfekte Kombination","potentialAction":[{"@type":"SearchAction","target":{"@type":"EntryPoint","urlTemplate":"https:\/\/www.urlaubcornwall.de\/blog\/?s={search_term_string}"},"query-input":"required name=search_term_string"}],"inLanguage":"en-US"},{"@type":"WebPage","@id":"https:\/\/www.urlaubcornwall.de\/blog\/grosses-ferienhaus-fuer-gruppen-in-pembrokeshire\/","url":"https:\/\/www.urlaubcornwall.de\/blog\/grosses-ferienhaus-fuer-gruppen-in-pembrokeshire\/","name":"Gro\u00dfes Ferienhaus f\u00fcr Gruppen in Pembrokeshire - Urlaub &amp; Reisen","isPartOf":{"@id":"https:\/\/www.urlaubcornwall.de\/blog\/#website"},"datePublished":"2024-03-25T11:05:02+00:00","dateModified":"2024-03-25T11:05:02+00:00","breadcrumb":{"@id":"https:\/\/www.urlaubcornwall.de\/blog\/grosses-ferienhaus-fuer-gruppen-in-pembrokeshire\/#breadcrumb"},"inLanguage":"en-US","potentialAction":[{"@type":"ReadAction","target":["https:\/\/www.urlaubcornwall.de\/blog\/grosses-ferienhaus-fuer-gruppen-in-pembrokeshire\/"]}]},{"@type":"BreadcrumbList","@id":"https:\/\/www.urlaubcornwall.de\/blog\/grosses-ferienhaus-fuer-gruppen-in-pembrokeshire\/#breadcrumb","itemListElement":[{"@type":"ListItem","position":1,"name":"Home","item":"https:\/\/www.urlaubcornwall.de\/blog\/"},{"@type":"ListItem","position":2,"name":"Gro\u00dfes Ferienhaus f\u00fcr Gruppen in Pembrokeshire"}]}]}},"_links":{"self":[{"href":"https:\/\/www.urlaubcornwall.de\/blog\/wp-json\/wp\/v2\/pages\/48460"}],"collection":[{"href":"https:\/\/www.urlaubcornwall.de\/blog\/wp-json\/wp\/v2\/pages"}],"about":[{"href":"https:\/\/www.urlaubcornwall.de\/blog\/wp-json\/wp\/v2\/types\/page"}],"author":[{"embeddable":true,"href":"https:\/\/www.urlaubcornwall.de\/blog\/wp-json\/wp\/v2\/users\/1"}],"replies":[{"embeddable":true,"href":"https:\/\/www.urlaubcornwall.de\/blog\/wp-json\/wp\/v2\/comments?post=48460"}],"version-history":[{"count":1,"href":"https:\/\/www.urlaubcornwall.de\/blog\/wp-json\/wp\/v2\/pages\/48460\/revisions"}],"predecessor-version":[{"id":48461,"href":"https:\/\/www.urlaubcornwall.de\/blog\/wp-json\/wp\/v2\/pages\/48460\/revisions\/48461"}],"wp:attachment":[{"href":"https:\/\/www.urlaubcornwall.de\/blog\/wp-json\/wp\/v2\/media?parent=48460"}],"curies":[{"name":"wp","href":"https:\/\/api.w.org\/{rel}","templated":true}]}}