{"id":48448,"date":"2024-03-22T10:11:34","date_gmt":"2024-03-22T10:11:34","guid":{"rendered":"https:\/\/www.urlaubcornwall.de\/blog\/?page_id=48448"},"modified":"2024-03-22T10:11:34","modified_gmt":"2024-03-22T10:11:34","slug":"grosses-ferienhaus-fuer-gruppen-lands-end","status":"publish","type":"page","link":"https:\/\/www.urlaubcornwall.de\/blog\/grosses-ferienhaus-fuer-gruppen-lands-end\/","title":{"rendered":"Gro\u00dfes Ferienhaus f\u00fcr Gruppen Land&#8217;s End"},"content":{"rendered":"<p><img loading=\"lazy\" class=\"aligncenter size-full wp-image-48059\" src=\"https:\/\/www.urlaubcornwall.de\/blog\/wp-content\/uploads\/2024\/03\/cape-cornwall_lands-end.jpg\" alt=\"cape cornwall_lands end\" width=\"750\" height=\"500\" srcset=\"https:\/\/www.urlaubcornwall.de\/blog\/wp-content\/uploads\/2024\/03\/cape-cornwall_lands-end.jpg 750w, https:\/\/www.urlaubcornwall.de\/blog\/wp-content\/uploads\/2024\/03\/cape-cornwall_lands-end-300x200.jpg 300w\" sizes=\"(max-width: 750px) 100vw, 750px\" \/><\/p>\n<p><a href=\"https:\/\/www.urlaubcornwall.de\/ferienhaeuser-fewos\/lands-end.html\">Land&#8217;s End<\/a> ist der s\u00fcdwestlichste Punkt des britischen Festlandes und eines der ber\u00fchmtesten Wahrzeichen des Landes. Von den 200 Fu\u00df hohen Granitfelsen, die aus dem Atlantischen Ozean ragen, k\u00f6nnen Sie auf den Longships Lighthouse und an einem guten Tag auf die Scilly-Inseln blicken.<\/p>\n<p><a href=\"https:\/\/www.urlaubcornwall.de\/ferienhaus-suchen.php?cnt=cor&#038;action=search&#038;rgn=0&#038;minA=8&#038;minB=0&#038;pet=0&#038;bed=0&#038;nday=0&#038;fromDate=Alle&#038;nlm=10&#038;nlc=St-Ives\">Gruppenh\u00e4user in Land&#8217;s End ab 6, 8, 10 Personen oder mehr<\/a> &#8211; Diese ger\u00e4umigen Ferienh\u00e4user in Cornwall eignen sich perfekt f\u00fcr Treffen mit Freunden oder Familientreffen.<\/p>\n<p>Je mehr desto sch\u00f6ner, wenn es um Ihren Urlaub geht. Bringen Sie also alle zusammen, Freunde, Familie und sogar die Haustiere, und verbringen Sie eine sch\u00f6ne Zeit damit, sich wieder kennenzulernen. Im Urlaub entstehen die sch\u00f6nsten Erinnerungen. Sorgen Sie also daf\u00fcr, dass keiner Ihrer Liebsten den Spa\u00df verpasst, indem Sie eines unserer Ferienh\u00e4user f\u00fcr eine gro\u00dfe Gruppe buchen.<\/p>\n<p>M\u00f6chten Sie in <a href=\"https:\/\/www.urlaubcornwall.de\/ferienhaeuser-fewos\/cornwall.html\">Cornwall<\/a> oder nur einen kurzen Spaziergang vom Strand entfernt sein? Mit unseren gro\u00dfen Selbstversorger-Cottages ist das kein Problem. Wenn Sie auf der Suche nach einer auf Ihre Bed\u00fcrfnisse zugeschnittenen Gruppenunterkunft sind, gibt es auf jeden Fall eine Option f\u00fcr Sie.<\/p>\n<p>Wir bieten handverlesene <a href=\"https:\/\/www.urlaubcornwall.de\/ferienhaus-suchen.php?cnt=cor&#038;action=search&#038;rgn=0&#038;minA=6&#038;minB=0&#038;pet=0&#038;bed=0&#038;nday=0&#038;fromDate=Alle&#038;nlm=15&#038;nlc=0\">Gruppenh\u00e4user f\u00fcr 6,8, 10 und mehr Personen in Cornwall<\/a><\/p>\n","protected":false},"excerpt":{"rendered":"<p>Land&#8217;s End ist der s\u00fcdwestlichste Punkt des britischen Festlandes und eines der ber\u00fchmtesten Wahrzeichen des Landes. Von den 200 Fu\u00df hohen Granitfelsen, die aus dem Atlantischen Ozean ragen, k\u00f6nnen Sie auf den Longships Lighthouse und an einem guten Tag auf die Scilly-Inseln blicken. Gruppenh\u00e4user in Land&#8217;s End ab 6, 8, 10 Personen oder mehr &#8211; [&hellip;]<\/p>\n","protected":false},"author":1,"featured_media":0,"parent":0,"menu_order":0,"comment_status":"closed","ping_status":"closed","template":"single-four.php","meta":[],"acf":[],"yoast_head":"<!-- This site is optimized with the Yoast SEO plugin v19.4 - https:\/\/yoast.com\/wordpress\/plugins\/seo\/ -->\n<title>Gro\u00dfes Ferienhaus f\u00fcr Gruppen Land&#039;s End - Urlaub &amp; Reisen<\/title>\n<meta name=\"robots\" content=\"index, follow, max-snippet:-1, max-image-preview:large, max-video-preview:-1\" \/>\n<link rel=\"canonical\" href=\"https:\/\/www.urlaubcornwall.de\/blog\/grosses-ferienhaus-fuer-gruppen-lands-end\/\" \/>\n<meta property=\"og:locale\" content=\"en_US\" \/>\n<meta property=\"og:type\" content=\"article\" \/>\n<meta property=\"og:title\" content=\"Gro\u00dfes Ferienhaus f\u00fcr Gruppen Land&#039;s End - Urlaub &amp; Reisen\" \/>\n<meta property=\"og:description\" content=\"Land&#8217;s End ist der s\u00fcdwestlichste Punkt des britischen Festlandes und eines der ber\u00fchmtesten Wahrzeichen des Landes. Von den 200 Fu\u00df hohen Granitfelsen, die aus dem Atlantischen Ozean ragen, k\u00f6nnen Sie auf den Longships Lighthouse und an einem guten Tag auf die Scilly-Inseln blicken. Gruppenh\u00e4user in Land&#8217;s End ab 6, 8, 10 Personen oder mehr &#8211; [&hellip;]\" \/>\n<meta property=\"og:url\" content=\"https:\/\/www.urlaubcornwall.de\/blog\/grosses-ferienhaus-fuer-gruppen-lands-end\/\" \/>\n<meta property=\"og:site_name\" content=\"Urlaub &amp; Reisen\" \/>\n<meta property=\"og:image\" content=\"https:\/\/www.urlaubcornwall.de\/blog\/wp-content\/uploads\/2024\/03\/cape-cornwall_lands-end.jpg\" \/>\n<meta name=\"twitter:card\" content=\"summary\" \/>\n<script type=\"application\/ld+json\" class=\"yoast-schema-graph\">{\"@context\":\"https:\/\/schema.org\",\"@graph\":[{\"@type\":\"WebSite\",\"@id\":\"https:\/\/www.urlaubcornwall.de\/blog\/#website\",\"url\":\"https:\/\/www.urlaubcornwall.de\/blog\/\",\"name\":\"Urlaub &amp; Reisen\",\"description\":\"Urlaub, Reisen, Cornwall und S\u00fcdengland: eine perfekte Kombination\",\"potentialAction\":[{\"@type\":\"SearchAction\",\"target\":{\"@type\":\"EntryPoint\",\"urlTemplate\":\"https:\/\/www.urlaubcornwall.de\/blog\/?s={search_term_string}\"},\"query-input\":\"required name=search_term_string\"}],\"inLanguage\":\"en-US\"},{\"@type\":\"WebPage\",\"@id\":\"https:\/\/www.urlaubcornwall.de\/blog\/grosses-ferienhaus-fuer-gruppen-lands-end\/\",\"url\":\"https:\/\/www.urlaubcornwall.de\/blog\/grosses-ferienhaus-fuer-gruppen-lands-end\/\",\"name\":\"Gro\u00dfes Ferienhaus f\u00fcr Gruppen Land's End - Urlaub &amp; Reisen\",\"isPartOf\":{\"@id\":\"https:\/\/www.urlaubcornwall.de\/blog\/#website\"},\"datePublished\":\"2024-03-22T10:11:34+00:00\",\"dateModified\":\"2024-03-22T10:11:34+00:00\",\"breadcrumb\":{\"@id\":\"https:\/\/www.urlaubcornwall.de\/blog\/grosses-ferienhaus-fuer-gruppen-lands-end\/#breadcrumb\"},\"inLanguage\":\"en-US\",\"potentialAction\":[{\"@type\":\"ReadAction\",\"target\":[\"https:\/\/www.urlaubcornwall.de\/blog\/grosses-ferienhaus-fuer-gruppen-lands-end\/\"]}]},{\"@type\":\"BreadcrumbList\",\"@id\":\"https:\/\/www.urlaubcornwall.de\/blog\/grosses-ferienhaus-fuer-gruppen-lands-end\/#breadcrumb\",\"itemListElement\":[{\"@type\":\"ListItem\",\"position\":1,\"name\":\"Home\",\"item\":\"https:\/\/www.urlaubcornwall.de\/blog\/\"},{\"@type\":\"ListItem\",\"position\":2,\"name\":\"Gro\u00dfes Ferienhaus f\u00fcr Gruppen Land&#8217;s End\"}]}]}<\/script>\n<!-- \/ Yoast SEO plugin. -->","yoast_head_json":{"title":"Gro\u00dfes Ferienhaus f\u00fcr Gruppen Land's End - Urlaub &amp; Reisen","robots":{"index":"index","follow":"follow","max-snippet":"max-snippet:-1","max-image-preview":"max-image-preview:large","max-video-preview":"max-video-preview:-1"},"canonical":"https:\/\/www.urlaubcornwall.de\/blog\/grosses-ferienhaus-fuer-gruppen-lands-end\/","og_locale":"en_US","og_type":"article","og_title":"Gro\u00dfes Ferienhaus f\u00fcr Gruppen Land's End - Urlaub &amp; Reisen","og_description":"Land&#8217;s End ist der s\u00fcdwestlichste Punkt des britischen Festlandes und eines der ber\u00fchmtesten Wahrzeichen des Landes. Von den 200 Fu\u00df hohen Granitfelsen, die aus dem Atlantischen Ozean ragen, k\u00f6nnen Sie auf den Longships Lighthouse und an einem guten Tag auf die Scilly-Inseln blicken. Gruppenh\u00e4user in Land&#8217;s End ab 6, 8, 10 Personen oder mehr &#8211; [&hellip;]","og_url":"https:\/\/www.urlaubcornwall.de\/blog\/grosses-ferienhaus-fuer-gruppen-lands-end\/","og_site_name":"Urlaub &amp; Reisen","og_image":[{"url":"https:\/\/www.urlaubcornwall.de\/blog\/wp-content\/uploads\/2024\/03\/cape-cornwall_lands-end.jpg"}],"twitter_card":"summary","schema":{"@context":"https:\/\/schema.org","@graph":[{"@type":"WebSite","@id":"https:\/\/www.urlaubcornwall.de\/blog\/#website","url":"https:\/\/www.urlaubcornwall.de\/blog\/","name":"Urlaub &amp; Reisen","description":"Urlaub, Reisen, Cornwall und S\u00fcdengland: eine perfekte Kombination","potentialAction":[{"@type":"SearchAction","target":{"@type":"EntryPoint","urlTemplate":"https:\/\/www.urlaubcornwall.de\/blog\/?s={search_term_string}"},"query-input":"required name=search_term_string"}],"inLanguage":"en-US"},{"@type":"WebPage","@id":"https:\/\/www.urlaubcornwall.de\/blog\/grosses-ferienhaus-fuer-gruppen-lands-end\/","url":"https:\/\/www.urlaubcornwall.de\/blog\/grosses-ferienhaus-fuer-gruppen-lands-end\/","name":"Gro\u00dfes Ferienhaus f\u00fcr Gruppen Land's End - Urlaub &amp; Reisen","isPartOf":{"@id":"https:\/\/www.urlaubcornwall.de\/blog\/#website"},"datePublished":"2024-03-22T10:11:34+00:00","dateModified":"2024-03-22T10:11:34+00:00","breadcrumb":{"@id":"https:\/\/www.urlaubcornwall.de\/blog\/grosses-ferienhaus-fuer-gruppen-lands-end\/#breadcrumb"},"inLanguage":"en-US","potentialAction":[{"@type":"ReadAction","target":["https:\/\/www.urlaubcornwall.de\/blog\/grosses-ferienhaus-fuer-gruppen-lands-end\/"]}]},{"@type":"BreadcrumbList","@id":"https:\/\/www.urlaubcornwall.de\/blog\/grosses-ferienhaus-fuer-gruppen-lands-end\/#breadcrumb","itemListElement":[{"@type":"ListItem","position":1,"name":"Home","item":"https:\/\/www.urlaubcornwall.de\/blog\/"},{"@type":"ListItem","position":2,"name":"Gro\u00dfes Ferienhaus f\u00fcr Gruppen Land&#8217;s End"}]}]}},"_links":{"self":[{"href":"https:\/\/www.urlaubcornwall.de\/blog\/wp-json\/wp\/v2\/pages\/48448"}],"collection":[{"href":"https:\/\/www.urlaubcornwall.de\/blog\/wp-json\/wp\/v2\/pages"}],"about":[{"href":"https:\/\/www.urlaubcornwall.de\/blog\/wp-json\/wp\/v2\/types\/page"}],"author":[{"embeddable":true,"href":"https:\/\/www.urlaubcornwall.de\/blog\/wp-json\/wp\/v2\/users\/1"}],"replies":[{"embeddable":true,"href":"https:\/\/www.urlaubcornwall.de\/blog\/wp-json\/wp\/v2\/comments?post=48448"}],"version-history":[{"count":1,"href":"https:\/\/www.urlaubcornwall.de\/blog\/wp-json\/wp\/v2\/pages\/48448\/revisions"}],"predecessor-version":[{"id":48451,"href":"https:\/\/www.urlaubcornwall.de\/blog\/wp-json\/wp\/v2\/pages\/48448\/revisions\/48451"}],"wp:attachment":[{"href":"https:\/\/www.urlaubcornwall.de\/blog\/wp-json\/wp\/v2\/media?parent=48448"}],"curies":[{"name":"wp","href":"https:\/\/api.w.org\/{rel}","templated":true}]}}