{"id":48431,"date":"2024-03-21T10:35:23","date_gmt":"2024-03-21T10:35:23","guid":{"rendered":"https:\/\/www.urlaubcornwall.de\/blog\/?page_id=48431"},"modified":"2024-03-21T10:35:23","modified_gmt":"2024-03-21T10:35:23","slug":"luxus-ferienhaeuser-und-exquisite-ferienwohnungen-in-cardiff","status":"publish","type":"page","link":"https:\/\/www.urlaubcornwall.de\/blog\/luxus-ferienhaeuser-und-exquisite-ferienwohnungen-in-cardiff\/","title":{"rendered":"Luxus Ferienh\u00e4user und Exquisite Ferienwohnungen in Cardiff"},"content":{"rendered":"<p><img loading=\"lazy\" class=\"aligncenter size-full wp-image-48328\" src=\"https:\/\/www.urlaubcornwall.de\/blog\/wp-content\/uploads\/2024\/03\/cardiff-gruppen-Modernes-Stadtapartment-Principality-Stadium.jpg\" alt=\"cardiff Luxus Ferienh\u00e4user und Exquisite Ferienwohnungen Principality Stadium\" width=\"750\" height=\"500\" srcset=\"https:\/\/www.urlaubcornwall.de\/blog\/wp-content\/uploads\/2024\/03\/cardiff-gruppen-Modernes-Stadtapartment-Principality-Stadium.jpg 750w, https:\/\/www.urlaubcornwall.de\/blog\/wp-content\/uploads\/2024\/03\/cardiff-gruppen-Modernes-Stadtapartment-Principality-Stadium-300x200.jpg 300w\" sizes=\"(max-width: 750px) 100vw, 750px\" \/><\/p>\n<p>Bei uns finden Sie Luxus Unterk\u00fcnfte zum Verlieben &#8211; so einfach ist das! Pers\u00f6nlich inspizierte <a href=\"https:\/\/www.urlaubcornwall.de\/ferienhaeuser-fewos\/wal\/suedwales\/cardiff.html\">4 und 5-Sterne Ferienh\u00e4user und Ferienwohnungen in Cardiff<\/a> f\u00fcr Ihren Luxusurlaub mit Selbstverpflegung in Wales.<\/p>\n<p>Cardiff ist eine kompakte, freundliche Hauptstadt. Entdecken Sie Pop-up-Restaurants, intime Auftritte und globale Sportveranstaltungen. Wir haben Nationalmuseen, ein spektakul\u00e4res Schloss und ein Stadion mit 76.000 Sitzpl\u00e4tzen Principality Stadium mitten im Herzen der Stadt<\/p>\n<p>Wir bieten handverlesene Ferienh\u00e4user f\u00fcr <a href=\"https:\/\/www.urlaubcornwall.de\/ferienhaus-suchen.php?cnt=wal&#038;action=search&#038;rgn=0&#038;minA=6&#038;minB=0&#038;pet=0&#038;bed=0&#038;nday=0&#038;fromDate=Alle&#038;nlm=10&#038;nlc=Cardiff\">4, 6, 8 und mehr Personen<\/a><\/p>\n","protected":false},"excerpt":{"rendered":"<p>Bei uns finden Sie Luxus Unterk\u00fcnfte zum Verlieben &#8211; so einfach ist das! Pers\u00f6nlich inspizierte 4 und 5-Sterne Ferienh\u00e4user und Ferienwohnungen in Cardiff f\u00fcr Ihren Luxusurlaub mit Selbstverpflegung in Wales. Cardiff ist eine kompakte, freundliche Hauptstadt. Entdecken Sie Pop-up-Restaurants, intime Auftritte und globale Sportveranstaltungen. Wir haben Nationalmuseen, ein spektakul\u00e4res Schloss und ein Stadion mit 76.000 [&hellip;]<\/p>\n","protected":false},"author":1,"featured_media":0,"parent":0,"menu_order":0,"comment_status":"closed","ping_status":"closed","template":"single-four.php","meta":[],"acf":[],"yoast_head":"<!-- This site is optimized with the Yoast SEO plugin v19.4 - https:\/\/yoast.com\/wordpress\/plugins\/seo\/ -->\n<title>Luxus Ferienh\u00e4user und Exquisite Ferienwohnungen in Cardiff - Urlaub &amp; Reisen<\/title>\n<meta name=\"robots\" content=\"index, follow, max-snippet:-1, max-image-preview:large, max-video-preview:-1\" \/>\n<link rel=\"canonical\" href=\"https:\/\/www.urlaubcornwall.de\/blog\/luxus-ferienhaeuser-und-exquisite-ferienwohnungen-in-cardiff\/\" \/>\n<meta property=\"og:locale\" content=\"en_US\" \/>\n<meta property=\"og:type\" content=\"article\" \/>\n<meta property=\"og:title\" content=\"Luxus Ferienh\u00e4user und Exquisite Ferienwohnungen in Cardiff - Urlaub &amp; Reisen\" \/>\n<meta property=\"og:description\" content=\"Bei uns finden Sie Luxus Unterk\u00fcnfte zum Verlieben &#8211; so einfach ist das! Pers\u00f6nlich inspizierte 4 und 5-Sterne Ferienh\u00e4user und Ferienwohnungen in Cardiff f\u00fcr Ihren Luxusurlaub mit Selbstverpflegung in Wales. Cardiff ist eine kompakte, freundliche Hauptstadt. Entdecken Sie Pop-up-Restaurants, intime Auftritte und globale Sportveranstaltungen. Wir haben Nationalmuseen, ein spektakul\u00e4res Schloss und ein Stadion mit 76.000 [&hellip;]\" \/>\n<meta property=\"og:url\" content=\"https:\/\/www.urlaubcornwall.de\/blog\/luxus-ferienhaeuser-und-exquisite-ferienwohnungen-in-cardiff\/\" \/>\n<meta property=\"og:site_name\" content=\"Urlaub &amp; Reisen\" \/>\n<meta property=\"og:image\" content=\"https:\/\/www.urlaubcornwall.de\/blog\/wp-content\/uploads\/2024\/03\/cardiff-gruppen-Modernes-Stadtapartment-Principality-Stadium.jpg\" \/>\n<meta name=\"twitter:card\" content=\"summary\" \/>\n<script type=\"application\/ld+json\" class=\"yoast-schema-graph\">{\"@context\":\"https:\/\/schema.org\",\"@graph\":[{\"@type\":\"WebSite\",\"@id\":\"https:\/\/www.urlaubcornwall.de\/blog\/#website\",\"url\":\"https:\/\/www.urlaubcornwall.de\/blog\/\",\"name\":\"Urlaub &amp; Reisen\",\"description\":\"Urlaub, Reisen, Cornwall und S\u00fcdengland: eine perfekte Kombination\",\"potentialAction\":[{\"@type\":\"SearchAction\",\"target\":{\"@type\":\"EntryPoint\",\"urlTemplate\":\"https:\/\/www.urlaubcornwall.de\/blog\/?s={search_term_string}\"},\"query-input\":\"required name=search_term_string\"}],\"inLanguage\":\"en-US\"},{\"@type\":\"WebPage\",\"@id\":\"https:\/\/www.urlaubcornwall.de\/blog\/luxus-ferienhaeuser-und-exquisite-ferienwohnungen-in-cardiff\/\",\"url\":\"https:\/\/www.urlaubcornwall.de\/blog\/luxus-ferienhaeuser-und-exquisite-ferienwohnungen-in-cardiff\/\",\"name\":\"Luxus Ferienh\u00e4user und Exquisite Ferienwohnungen in Cardiff - Urlaub &amp; Reisen\",\"isPartOf\":{\"@id\":\"https:\/\/www.urlaubcornwall.de\/blog\/#website\"},\"datePublished\":\"2024-03-21T10:35:23+00:00\",\"dateModified\":\"2024-03-21T10:35:23+00:00\",\"breadcrumb\":{\"@id\":\"https:\/\/www.urlaubcornwall.de\/blog\/luxus-ferienhaeuser-und-exquisite-ferienwohnungen-in-cardiff\/#breadcrumb\"},\"inLanguage\":\"en-US\",\"potentialAction\":[{\"@type\":\"ReadAction\",\"target\":[\"https:\/\/www.urlaubcornwall.de\/blog\/luxus-ferienhaeuser-und-exquisite-ferienwohnungen-in-cardiff\/\"]}]},{\"@type\":\"BreadcrumbList\",\"@id\":\"https:\/\/www.urlaubcornwall.de\/blog\/luxus-ferienhaeuser-und-exquisite-ferienwohnungen-in-cardiff\/#breadcrumb\",\"itemListElement\":[{\"@type\":\"ListItem\",\"position\":1,\"name\":\"Home\",\"item\":\"https:\/\/www.urlaubcornwall.de\/blog\/\"},{\"@type\":\"ListItem\",\"position\":2,\"name\":\"Luxus Ferienh\u00e4user und Exquisite Ferienwohnungen in Cardiff\"}]}]}<\/script>\n<!-- \/ Yoast SEO plugin. -->","yoast_head_json":{"title":"Luxus Ferienh\u00e4user und Exquisite Ferienwohnungen in Cardiff - Urlaub &amp; Reisen","robots":{"index":"index","follow":"follow","max-snippet":"max-snippet:-1","max-image-preview":"max-image-preview:large","max-video-preview":"max-video-preview:-1"},"canonical":"https:\/\/www.urlaubcornwall.de\/blog\/luxus-ferienhaeuser-und-exquisite-ferienwohnungen-in-cardiff\/","og_locale":"en_US","og_type":"article","og_title":"Luxus Ferienh\u00e4user und Exquisite Ferienwohnungen in Cardiff - Urlaub &amp; Reisen","og_description":"Bei uns finden Sie Luxus Unterk\u00fcnfte zum Verlieben &#8211; so einfach ist das! Pers\u00f6nlich inspizierte 4 und 5-Sterne Ferienh\u00e4user und Ferienwohnungen in Cardiff f\u00fcr Ihren Luxusurlaub mit Selbstverpflegung in Wales. Cardiff ist eine kompakte, freundliche Hauptstadt. Entdecken Sie Pop-up-Restaurants, intime Auftritte und globale Sportveranstaltungen. Wir haben Nationalmuseen, ein spektakul\u00e4res Schloss und ein Stadion mit 76.000 [&hellip;]","og_url":"https:\/\/www.urlaubcornwall.de\/blog\/luxus-ferienhaeuser-und-exquisite-ferienwohnungen-in-cardiff\/","og_site_name":"Urlaub &amp; Reisen","og_image":[{"url":"https:\/\/www.urlaubcornwall.de\/blog\/wp-content\/uploads\/2024\/03\/cardiff-gruppen-Modernes-Stadtapartment-Principality-Stadium.jpg"}],"twitter_card":"summary","schema":{"@context":"https:\/\/schema.org","@graph":[{"@type":"WebSite","@id":"https:\/\/www.urlaubcornwall.de\/blog\/#website","url":"https:\/\/www.urlaubcornwall.de\/blog\/","name":"Urlaub &amp; Reisen","description":"Urlaub, Reisen, Cornwall und S\u00fcdengland: eine perfekte Kombination","potentialAction":[{"@type":"SearchAction","target":{"@type":"EntryPoint","urlTemplate":"https:\/\/www.urlaubcornwall.de\/blog\/?s={search_term_string}"},"query-input":"required name=search_term_string"}],"inLanguage":"en-US"},{"@type":"WebPage","@id":"https:\/\/www.urlaubcornwall.de\/blog\/luxus-ferienhaeuser-und-exquisite-ferienwohnungen-in-cardiff\/","url":"https:\/\/www.urlaubcornwall.de\/blog\/luxus-ferienhaeuser-und-exquisite-ferienwohnungen-in-cardiff\/","name":"Luxus Ferienh\u00e4user und Exquisite Ferienwohnungen in Cardiff - Urlaub &amp; Reisen","isPartOf":{"@id":"https:\/\/www.urlaubcornwall.de\/blog\/#website"},"datePublished":"2024-03-21T10:35:23+00:00","dateModified":"2024-03-21T10:35:23+00:00","breadcrumb":{"@id":"https:\/\/www.urlaubcornwall.de\/blog\/luxus-ferienhaeuser-und-exquisite-ferienwohnungen-in-cardiff\/#breadcrumb"},"inLanguage":"en-US","potentialAction":[{"@type":"ReadAction","target":["https:\/\/www.urlaubcornwall.de\/blog\/luxus-ferienhaeuser-und-exquisite-ferienwohnungen-in-cardiff\/"]}]},{"@type":"BreadcrumbList","@id":"https:\/\/www.urlaubcornwall.de\/blog\/luxus-ferienhaeuser-und-exquisite-ferienwohnungen-in-cardiff\/#breadcrumb","itemListElement":[{"@type":"ListItem","position":1,"name":"Home","item":"https:\/\/www.urlaubcornwall.de\/blog\/"},{"@type":"ListItem","position":2,"name":"Luxus Ferienh\u00e4user und Exquisite Ferienwohnungen in Cardiff"}]}]}},"_links":{"self":[{"href":"https:\/\/www.urlaubcornwall.de\/blog\/wp-json\/wp\/v2\/pages\/48431"}],"collection":[{"href":"https:\/\/www.urlaubcornwall.de\/blog\/wp-json\/wp\/v2\/pages"}],"about":[{"href":"https:\/\/www.urlaubcornwall.de\/blog\/wp-json\/wp\/v2\/types\/page"}],"author":[{"embeddable":true,"href":"https:\/\/www.urlaubcornwall.de\/blog\/wp-json\/wp\/v2\/users\/1"}],"replies":[{"embeddable":true,"href":"https:\/\/www.urlaubcornwall.de\/blog\/wp-json\/wp\/v2\/comments?post=48431"}],"version-history":[{"count":1,"href":"https:\/\/www.urlaubcornwall.de\/blog\/wp-json\/wp\/v2\/pages\/48431\/revisions"}],"predecessor-version":[{"id":48432,"href":"https:\/\/www.urlaubcornwall.de\/blog\/wp-json\/wp\/v2\/pages\/48431\/revisions\/48432"}],"wp:attachment":[{"href":"https:\/\/www.urlaubcornwall.de\/blog\/wp-json\/wp\/v2\/media?parent=48431"}],"curies":[{"name":"wp","href":"https:\/\/api.w.org\/{rel}","templated":true}]}}