{"id":48399,"date":"2024-03-20T14:26:49","date_gmt":"2024-03-20T14:26:49","guid":{"rendered":"https:\/\/www.urlaubcornwall.de\/blog\/?page_id=48399"},"modified":"2024-03-20T15:43:11","modified_gmt":"2024-03-20T15:43:11","slug":"ferienhaeuser-ferienwohnungen-cottages-isle-of-arran","status":"publish","type":"page","link":"https:\/\/www.urlaubcornwall.de\/blog\/ferienhaeuser-ferienwohnungen-cottages-isle-of-arran\/","title":{"rendered":"Ferienh\u00e4user, Ferienwohnungen &#038; Cottages Isle of Arran"},"content":{"rendered":"<p>Mit hohen Bergen, glitzerndem Meer, viel Natur und leckeren lokalen Produkten \u2013 die Isle of Arran hat alles, was Sie sich von einer schottischen Insel w\u00fcnschen. Arran wird oft als \u201eSchottland im Miniaturformat\u201c bezeichnet, da es der Landschaft des schottischen Festlandes \u00e4hnelt \u2013 gebirgig im Norden und gr\u00fcne Landschaft im S\u00fcden \u2013 und ist die sechstgr\u00f6\u00dfte Insel Schottlands. Sie hat sich f\u00fcr Besucher aus aller Welt als unwiderstehlich erwiesen.<\/p>\n<p>Vom Festland aus ist es mit einer 55-min\u00fctigen F\u00e4hre von Ardrossan aus, das nur 35 Meilen von Glasgow entfernt liegt, leicht zu erreichen. Mit einer L\u00e4nge von nur 35 km ist es einfach, bei nur einem Besuch alles zu erkunden, was die Insel zu bieten hat \u2013 aber das bedeutet nicht, dass Sie nicht jedes Jahr wiederkommen m\u00f6chten.<\/p>\n<p>Bei uns finden Sie Ferienh\u00e4user zum Verlieben &#8211; so einfach ist das! Pers\u00f6nlich inspizierte Ferienh\u00e4user und Ferienwohnungen Schottische Inseln f\u00fcr Ihren <a href=\"https:\/\/www.urlaubcornwall.de\/ferienhaeuser\/schottland.php\">Urlaub in Schottland<\/a>. Unterk\u00fcnfte der Spitzenklasse f\u00fcr 2 Personen, Familien und Gruppen mit 4, 6 oder mehr. Online Buchung: In <a href=\"https:\/\/www.urlaubcornwall.de\/ferienhaeuser-fewos\/sco\/schottland.html\">unserer Suchmaschine<\/a> finden Sie sicher Ihr freies Wunsch-Ferienhaus.<\/p>\n","protected":false},"excerpt":{"rendered":"<p>Mit hohen Bergen, glitzerndem Meer, viel Natur und leckeren lokalen Produkten \u2013 die Isle of Arran hat alles, was Sie sich von einer schottischen Insel w\u00fcnschen. Arran wird oft als \u201eSchottland im Miniaturformat\u201c bezeichnet, da es der Landschaft des schottischen Festlandes \u00e4hnelt \u2013 gebirgig im Norden und gr\u00fcne Landschaft im S\u00fcden \u2013 und ist die [&hellip;]<\/p>\n","protected":false},"author":1,"featured_media":0,"parent":0,"menu_order":0,"comment_status":"closed","ping_status":"closed","template":"page-products.php","meta":[],"acf":[],"yoast_head":"<!-- This site is optimized with the Yoast SEO plugin v19.4 - https:\/\/yoast.com\/wordpress\/plugins\/seo\/ -->\n<title>Ferienh\u00e4user, Ferienwohnungen &amp; Cottages Isle of Arran - Urlaub &amp; Reisen<\/title>\n<meta name=\"robots\" content=\"index, follow, max-snippet:-1, max-image-preview:large, max-video-preview:-1\" \/>\n<link rel=\"canonical\" href=\"https:\/\/www.urlaubcornwall.de\/blog\/ferienhaeuser-ferienwohnungen-cottages-isle-of-arran\/\" \/>\n<meta property=\"og:locale\" content=\"en_US\" \/>\n<meta property=\"og:type\" content=\"article\" \/>\n<meta property=\"og:title\" content=\"Ferienh\u00e4user, Ferienwohnungen &amp; Cottages Isle of Arran - Urlaub &amp; Reisen\" \/>\n<meta property=\"og:description\" content=\"Mit hohen Bergen, glitzerndem Meer, viel Natur und leckeren lokalen Produkten \u2013 die Isle of Arran hat alles, was Sie sich von einer schottischen Insel w\u00fcnschen. Arran wird oft als \u201eSchottland im Miniaturformat\u201c bezeichnet, da es der Landschaft des schottischen Festlandes \u00e4hnelt \u2013 gebirgig im Norden und gr\u00fcne Landschaft im S\u00fcden \u2013 und ist die [&hellip;]\" \/>\n<meta property=\"og:url\" content=\"https:\/\/www.urlaubcornwall.de\/blog\/ferienhaeuser-ferienwohnungen-cottages-isle-of-arran\/\" \/>\n<meta property=\"og:site_name\" content=\"Urlaub &amp; Reisen\" \/>\n<meta property=\"article:modified_time\" content=\"2024-03-20T15:43:11+00:00\" \/>\n<meta name=\"twitter:card\" content=\"summary\" \/>\n<meta name=\"twitter:label1\" content=\"Est. reading time\" \/>\n\t<meta name=\"twitter:data1\" content=\"1 minute\" \/>\n<script type=\"application\/ld+json\" class=\"yoast-schema-graph\">{\"@context\":\"https:\/\/schema.org\",\"@graph\":[{\"@type\":\"WebSite\",\"@id\":\"https:\/\/www.urlaubcornwall.de\/blog\/#website\",\"url\":\"https:\/\/www.urlaubcornwall.de\/blog\/\",\"name\":\"Urlaub &amp; Reisen\",\"description\":\"Urlaub, Reisen, Cornwall und S\u00fcdengland: eine perfekte Kombination\",\"potentialAction\":[{\"@type\":\"SearchAction\",\"target\":{\"@type\":\"EntryPoint\",\"urlTemplate\":\"https:\/\/www.urlaubcornwall.de\/blog\/?s={search_term_string}\"},\"query-input\":\"required name=search_term_string\"}],\"inLanguage\":\"en-US\"},{\"@type\":\"WebPage\",\"@id\":\"https:\/\/www.urlaubcornwall.de\/blog\/ferienhaeuser-ferienwohnungen-cottages-isle-of-arran\/\",\"url\":\"https:\/\/www.urlaubcornwall.de\/blog\/ferienhaeuser-ferienwohnungen-cottages-isle-of-arran\/\",\"name\":\"Ferienh\u00e4user, Ferienwohnungen & Cottages Isle of Arran - Urlaub &amp; Reisen\",\"isPartOf\":{\"@id\":\"https:\/\/www.urlaubcornwall.de\/blog\/#website\"},\"datePublished\":\"2024-03-20T14:26:49+00:00\",\"dateModified\":\"2024-03-20T15:43:11+00:00\",\"breadcrumb\":{\"@id\":\"https:\/\/www.urlaubcornwall.de\/blog\/ferienhaeuser-ferienwohnungen-cottages-isle-of-arran\/#breadcrumb\"},\"inLanguage\":\"en-US\",\"potentialAction\":[{\"@type\":\"ReadAction\",\"target\":[\"https:\/\/www.urlaubcornwall.de\/blog\/ferienhaeuser-ferienwohnungen-cottages-isle-of-arran\/\"]}]},{\"@type\":\"BreadcrumbList\",\"@id\":\"https:\/\/www.urlaubcornwall.de\/blog\/ferienhaeuser-ferienwohnungen-cottages-isle-of-arran\/#breadcrumb\",\"itemListElement\":[{\"@type\":\"ListItem\",\"position\":1,\"name\":\"Home\",\"item\":\"https:\/\/www.urlaubcornwall.de\/blog\/\"},{\"@type\":\"ListItem\",\"position\":2,\"name\":\"Ferienh\u00e4user, Ferienwohnungen &#038; Cottages Isle of Arran\"}]}]}<\/script>\n<!-- \/ Yoast SEO plugin. -->","yoast_head_json":{"title":"Ferienh\u00e4user, Ferienwohnungen & Cottages Isle of Arran - Urlaub &amp; Reisen","robots":{"index":"index","follow":"follow","max-snippet":"max-snippet:-1","max-image-preview":"max-image-preview:large","max-video-preview":"max-video-preview:-1"},"canonical":"https:\/\/www.urlaubcornwall.de\/blog\/ferienhaeuser-ferienwohnungen-cottages-isle-of-arran\/","og_locale":"en_US","og_type":"article","og_title":"Ferienh\u00e4user, Ferienwohnungen & Cottages Isle of Arran - Urlaub &amp; Reisen","og_description":"Mit hohen Bergen, glitzerndem Meer, viel Natur und leckeren lokalen Produkten \u2013 die Isle of Arran hat alles, was Sie sich von einer schottischen Insel w\u00fcnschen. Arran wird oft als \u201eSchottland im Miniaturformat\u201c bezeichnet, da es der Landschaft des schottischen Festlandes \u00e4hnelt \u2013 gebirgig im Norden und gr\u00fcne Landschaft im S\u00fcden \u2013 und ist die [&hellip;]","og_url":"https:\/\/www.urlaubcornwall.de\/blog\/ferienhaeuser-ferienwohnungen-cottages-isle-of-arran\/","og_site_name":"Urlaub &amp; Reisen","article_modified_time":"2024-03-20T15:43:11+00:00","twitter_card":"summary","twitter_misc":{"Est. reading time":"1 minute"},"schema":{"@context":"https:\/\/schema.org","@graph":[{"@type":"WebSite","@id":"https:\/\/www.urlaubcornwall.de\/blog\/#website","url":"https:\/\/www.urlaubcornwall.de\/blog\/","name":"Urlaub &amp; Reisen","description":"Urlaub, Reisen, Cornwall und S\u00fcdengland: eine perfekte Kombination","potentialAction":[{"@type":"SearchAction","target":{"@type":"EntryPoint","urlTemplate":"https:\/\/www.urlaubcornwall.de\/blog\/?s={search_term_string}"},"query-input":"required name=search_term_string"}],"inLanguage":"en-US"},{"@type":"WebPage","@id":"https:\/\/www.urlaubcornwall.de\/blog\/ferienhaeuser-ferienwohnungen-cottages-isle-of-arran\/","url":"https:\/\/www.urlaubcornwall.de\/blog\/ferienhaeuser-ferienwohnungen-cottages-isle-of-arran\/","name":"Ferienh\u00e4user, Ferienwohnungen & Cottages Isle of Arran - Urlaub &amp; Reisen","isPartOf":{"@id":"https:\/\/www.urlaubcornwall.de\/blog\/#website"},"datePublished":"2024-03-20T14:26:49+00:00","dateModified":"2024-03-20T15:43:11+00:00","breadcrumb":{"@id":"https:\/\/www.urlaubcornwall.de\/blog\/ferienhaeuser-ferienwohnungen-cottages-isle-of-arran\/#breadcrumb"},"inLanguage":"en-US","potentialAction":[{"@type":"ReadAction","target":["https:\/\/www.urlaubcornwall.de\/blog\/ferienhaeuser-ferienwohnungen-cottages-isle-of-arran\/"]}]},{"@type":"BreadcrumbList","@id":"https:\/\/www.urlaubcornwall.de\/blog\/ferienhaeuser-ferienwohnungen-cottages-isle-of-arran\/#breadcrumb","itemListElement":[{"@type":"ListItem","position":1,"name":"Home","item":"https:\/\/www.urlaubcornwall.de\/blog\/"},{"@type":"ListItem","position":2,"name":"Ferienh\u00e4user, Ferienwohnungen &#038; Cottages Isle of Arran"}]}]}},"_links":{"self":[{"href":"https:\/\/www.urlaubcornwall.de\/blog\/wp-json\/wp\/v2\/pages\/48399"}],"collection":[{"href":"https:\/\/www.urlaubcornwall.de\/blog\/wp-json\/wp\/v2\/pages"}],"about":[{"href":"https:\/\/www.urlaubcornwall.de\/blog\/wp-json\/wp\/v2\/types\/page"}],"author":[{"embeddable":true,"href":"https:\/\/www.urlaubcornwall.de\/blog\/wp-json\/wp\/v2\/users\/1"}],"replies":[{"embeddable":true,"href":"https:\/\/www.urlaubcornwall.de\/blog\/wp-json\/wp\/v2\/comments?post=48399"}],"version-history":[{"count":6,"href":"https:\/\/www.urlaubcornwall.de\/blog\/wp-json\/wp\/v2\/pages\/48399\/revisions"}],"predecessor-version":[{"id":48424,"href":"https:\/\/www.urlaubcornwall.de\/blog\/wp-json\/wp\/v2\/pages\/48399\/revisions\/48424"}],"wp:attachment":[{"href":"https:\/\/www.urlaubcornwall.de\/blog\/wp-json\/wp\/v2\/media?parent=48399"}],"curies":[{"name":"wp","href":"https:\/\/api.w.org\/{rel}","templated":true}]}}