{"id":48341,"date":"2024-03-19T10:30:44","date_gmt":"2024-03-19T10:30:44","guid":{"rendered":"https:\/\/www.urlaubcornwall.de\/blog\/?page_id=48341"},"modified":"2024-03-19T11:08:14","modified_gmt":"2024-03-19T11:08:14","slug":"ferienhaeuser-ferienwohnungen-cottages-isle-of-skye","status":"publish","type":"page","link":"https:\/\/www.urlaubcornwall.de\/blog\/ferienhaeuser-ferienwohnungen-cottages-isle-of-skye\/","title":{"rendered":"Ferienh\u00e4user, Ferienwohnungen &#038; Cottages Isle of Skye"},"content":{"rendered":"<p>Bei uns finden Sie Ferienh\u00e4user zum Verlieben &#8211; so einfach ist das! Pers\u00f6nlich inspizierte Ferienh\u00e4user und Ferienwohnungen Schottische Inseln f\u00fcr Ihren <a href=\"https:\/\/www.urlaubcornwall.de\/ferienhaeuser\/schottland.php\">Urlaub in Schottland<\/a>. Unterk\u00fcnfte der Spitzenklasse f\u00fcr 2 Personen, Familien und Gruppen mit 4, 6 oder mehr. Online Buchung: In <a href=\"https:\/\/www.urlaubcornwall.de\/ferienhaeuser-fewos\/sco\/schottland.html\">unserer Suchmaschine<\/a> finden Sie sicher Ihr freies Wunsch-Ferienhaus.<\/p>\n<p>Die Insel Skye ist 80 km lang und die gr\u00f6\u00dfte der Inneren Hebriden. Die Hauptstadt ist <a href=\"https:\/\/www.urlaubcornwall.de\/ferienhaeuser-fewos\/unterkunft\/Holiday\/87578-2-bedroom-log-cabin-in-portree---87578.html\">Portree<\/a>. Zu den D\u00f6rfern im Norden der Insel geh\u00f6ren <a href=\"https:\/\/www.urlaubcornwall.de\/ferienhaeuser-fewos\/unterkunft\/Holiday\/93292-2-bedroom-cottage-in-isle-of-skye---93292.html\">Dunvegan<\/a>, Edinbane, Uig und Staffin. Zu den bemerkenswerten D\u00f6rfern im S\u00fcden von Skye geh\u00f6ren <a href=\"https:\/\/www.urlaubcornwall.de\/ferienhaeuser-fewos\/unterkunft\/Holiday\/81181-3-bedroom-bungalow-in-broadford---81181.html\">Broadford<\/a>, Armadale, Carbost, Elgol und Kyleakin. Die Insel hat eine reiche Geschichte, die viele Themen abdeckt, wie zum Beispiel: Dinosaurierfossilien, Clankriege, Highland Clearances und der ber\u00fcchtigte Bonnie Prince Charlie und der Jakobitenaufstand. Sowohl Clan MacDonald als auch Clan MacLeod haben ihre Clanburgen auf der Insel und sollten auf Ihrer Liste der zu besuchenden Orte stehen. Die Isle of Skye ist auch ein gro\u00dfartiges Ziel f\u00fcr die Tierbeobachtung, wobei der Seeadler ganz oben auf der Liste der Vogelbeobachter steht. Otter, Robben, Wale, Delfine und Rothirsche sind nur einige der anderen beeindruckenden Kreaturen, die man auf und um die Isle of Skye beobachten kann.<\/p>\n","protected":false},"excerpt":{"rendered":"<p>Bei uns finden Sie Ferienh\u00e4user zum Verlieben &#8211; so einfach ist das! Pers\u00f6nlich inspizierte Ferienh\u00e4user und Ferienwohnungen Schottische Inseln f\u00fcr Ihren Urlaub in Schottland. Unterk\u00fcnfte der Spitzenklasse f\u00fcr 2 Personen, Familien und Gruppen mit 4, 6 oder mehr. Online Buchung: In unserer Suchmaschine finden Sie sicher Ihr freies Wunsch-Ferienhaus. Die Insel Skye ist 80 km [&hellip;]<\/p>\n","protected":false},"author":1,"featured_media":0,"parent":0,"menu_order":0,"comment_status":"closed","ping_status":"closed","template":"page-products.php","meta":[],"acf":[],"yoast_head":"<!-- This site is optimized with the Yoast SEO plugin v19.4 - https:\/\/yoast.com\/wordpress\/plugins\/seo\/ -->\n<title>Ferienh\u00e4user, Ferienwohnungen &amp; Cottages Isle of Skye - Urlaub &amp; Reisen<\/title>\n<meta name=\"robots\" content=\"index, follow, max-snippet:-1, max-image-preview:large, max-video-preview:-1\" \/>\n<link rel=\"canonical\" href=\"https:\/\/www.urlaubcornwall.de\/blog\/ferienhaeuser-ferienwohnungen-cottages-isle-of-skye\/\" \/>\n<meta property=\"og:locale\" content=\"en_US\" \/>\n<meta property=\"og:type\" content=\"article\" \/>\n<meta property=\"og:title\" content=\"Ferienh\u00e4user, Ferienwohnungen &amp; Cottages Isle of Skye - Urlaub &amp; Reisen\" \/>\n<meta property=\"og:description\" content=\"Bei uns finden Sie Ferienh\u00e4user zum Verlieben &#8211; so einfach ist das! Pers\u00f6nlich inspizierte Ferienh\u00e4user und Ferienwohnungen Schottische Inseln f\u00fcr Ihren Urlaub in Schottland. Unterk\u00fcnfte der Spitzenklasse f\u00fcr 2 Personen, Familien und Gruppen mit 4, 6 oder mehr. Online Buchung: In unserer Suchmaschine finden Sie sicher Ihr freies Wunsch-Ferienhaus. Die Insel Skye ist 80 km [&hellip;]\" \/>\n<meta property=\"og:url\" content=\"https:\/\/www.urlaubcornwall.de\/blog\/ferienhaeuser-ferienwohnungen-cottages-isle-of-skye\/\" \/>\n<meta property=\"og:site_name\" content=\"Urlaub &amp; Reisen\" \/>\n<meta property=\"article:modified_time\" content=\"2024-03-19T11:08:14+00:00\" \/>\n<meta name=\"twitter:card\" content=\"summary\" \/>\n<meta name=\"twitter:label1\" content=\"Est. reading time\" \/>\n\t<meta name=\"twitter:data1\" content=\"1 minute\" \/>\n<script type=\"application\/ld+json\" class=\"yoast-schema-graph\">{\"@context\":\"https:\/\/schema.org\",\"@graph\":[{\"@type\":\"WebSite\",\"@id\":\"https:\/\/www.urlaubcornwall.de\/blog\/#website\",\"url\":\"https:\/\/www.urlaubcornwall.de\/blog\/\",\"name\":\"Urlaub &amp; Reisen\",\"description\":\"Urlaub, Reisen, Cornwall und S\u00fcdengland: eine perfekte Kombination\",\"potentialAction\":[{\"@type\":\"SearchAction\",\"target\":{\"@type\":\"EntryPoint\",\"urlTemplate\":\"https:\/\/www.urlaubcornwall.de\/blog\/?s={search_term_string}\"},\"query-input\":\"required name=search_term_string\"}],\"inLanguage\":\"en-US\"},{\"@type\":\"WebPage\",\"@id\":\"https:\/\/www.urlaubcornwall.de\/blog\/ferienhaeuser-ferienwohnungen-cottages-isle-of-skye\/\",\"url\":\"https:\/\/www.urlaubcornwall.de\/blog\/ferienhaeuser-ferienwohnungen-cottages-isle-of-skye\/\",\"name\":\"Ferienh\u00e4user, Ferienwohnungen & Cottages Isle of Skye - Urlaub &amp; Reisen\",\"isPartOf\":{\"@id\":\"https:\/\/www.urlaubcornwall.de\/blog\/#website\"},\"datePublished\":\"2024-03-19T10:30:44+00:00\",\"dateModified\":\"2024-03-19T11:08:14+00:00\",\"breadcrumb\":{\"@id\":\"https:\/\/www.urlaubcornwall.de\/blog\/ferienhaeuser-ferienwohnungen-cottages-isle-of-skye\/#breadcrumb\"},\"inLanguage\":\"en-US\",\"potentialAction\":[{\"@type\":\"ReadAction\",\"target\":[\"https:\/\/www.urlaubcornwall.de\/blog\/ferienhaeuser-ferienwohnungen-cottages-isle-of-skye\/\"]}]},{\"@type\":\"BreadcrumbList\",\"@id\":\"https:\/\/www.urlaubcornwall.de\/blog\/ferienhaeuser-ferienwohnungen-cottages-isle-of-skye\/#breadcrumb\",\"itemListElement\":[{\"@type\":\"ListItem\",\"position\":1,\"name\":\"Home\",\"item\":\"https:\/\/www.urlaubcornwall.de\/blog\/\"},{\"@type\":\"ListItem\",\"position\":2,\"name\":\"Ferienh\u00e4user, Ferienwohnungen &#038; Cottages Isle of Skye\"}]}]}<\/script>\n<!-- \/ Yoast SEO plugin. -->","yoast_head_json":{"title":"Ferienh\u00e4user, Ferienwohnungen & Cottages Isle of Skye - Urlaub &amp; Reisen","robots":{"index":"index","follow":"follow","max-snippet":"max-snippet:-1","max-image-preview":"max-image-preview:large","max-video-preview":"max-video-preview:-1"},"canonical":"https:\/\/www.urlaubcornwall.de\/blog\/ferienhaeuser-ferienwohnungen-cottages-isle-of-skye\/","og_locale":"en_US","og_type":"article","og_title":"Ferienh\u00e4user, Ferienwohnungen & Cottages Isle of Skye - Urlaub &amp; Reisen","og_description":"Bei uns finden Sie Ferienh\u00e4user zum Verlieben &#8211; so einfach ist das! Pers\u00f6nlich inspizierte Ferienh\u00e4user und Ferienwohnungen Schottische Inseln f\u00fcr Ihren Urlaub in Schottland. Unterk\u00fcnfte der Spitzenklasse f\u00fcr 2 Personen, Familien und Gruppen mit 4, 6 oder mehr. Online Buchung: In unserer Suchmaschine finden Sie sicher Ihr freies Wunsch-Ferienhaus. Die Insel Skye ist 80 km [&hellip;]","og_url":"https:\/\/www.urlaubcornwall.de\/blog\/ferienhaeuser-ferienwohnungen-cottages-isle-of-skye\/","og_site_name":"Urlaub &amp; Reisen","article_modified_time":"2024-03-19T11:08:14+00:00","twitter_card":"summary","twitter_misc":{"Est. reading time":"1 minute"},"schema":{"@context":"https:\/\/schema.org","@graph":[{"@type":"WebSite","@id":"https:\/\/www.urlaubcornwall.de\/blog\/#website","url":"https:\/\/www.urlaubcornwall.de\/blog\/","name":"Urlaub &amp; Reisen","description":"Urlaub, Reisen, Cornwall und S\u00fcdengland: eine perfekte Kombination","potentialAction":[{"@type":"SearchAction","target":{"@type":"EntryPoint","urlTemplate":"https:\/\/www.urlaubcornwall.de\/blog\/?s={search_term_string}"},"query-input":"required name=search_term_string"}],"inLanguage":"en-US"},{"@type":"WebPage","@id":"https:\/\/www.urlaubcornwall.de\/blog\/ferienhaeuser-ferienwohnungen-cottages-isle-of-skye\/","url":"https:\/\/www.urlaubcornwall.de\/blog\/ferienhaeuser-ferienwohnungen-cottages-isle-of-skye\/","name":"Ferienh\u00e4user, Ferienwohnungen & Cottages Isle of Skye - Urlaub &amp; Reisen","isPartOf":{"@id":"https:\/\/www.urlaubcornwall.de\/blog\/#website"},"datePublished":"2024-03-19T10:30:44+00:00","dateModified":"2024-03-19T11:08:14+00:00","breadcrumb":{"@id":"https:\/\/www.urlaubcornwall.de\/blog\/ferienhaeuser-ferienwohnungen-cottages-isle-of-skye\/#breadcrumb"},"inLanguage":"en-US","potentialAction":[{"@type":"ReadAction","target":["https:\/\/www.urlaubcornwall.de\/blog\/ferienhaeuser-ferienwohnungen-cottages-isle-of-skye\/"]}]},{"@type":"BreadcrumbList","@id":"https:\/\/www.urlaubcornwall.de\/blog\/ferienhaeuser-ferienwohnungen-cottages-isle-of-skye\/#breadcrumb","itemListElement":[{"@type":"ListItem","position":1,"name":"Home","item":"https:\/\/www.urlaubcornwall.de\/blog\/"},{"@type":"ListItem","position":2,"name":"Ferienh\u00e4user, Ferienwohnungen &#038; Cottages Isle of Skye"}]}]}},"_links":{"self":[{"href":"https:\/\/www.urlaubcornwall.de\/blog\/wp-json\/wp\/v2\/pages\/48341"}],"collection":[{"href":"https:\/\/www.urlaubcornwall.de\/blog\/wp-json\/wp\/v2\/pages"}],"about":[{"href":"https:\/\/www.urlaubcornwall.de\/blog\/wp-json\/wp\/v2\/types\/page"}],"author":[{"embeddable":true,"href":"https:\/\/www.urlaubcornwall.de\/blog\/wp-json\/wp\/v2\/users\/1"}],"replies":[{"embeddable":true,"href":"https:\/\/www.urlaubcornwall.de\/blog\/wp-json\/wp\/v2\/comments?post=48341"}],"version-history":[{"count":9,"href":"https:\/\/www.urlaubcornwall.de\/blog\/wp-json\/wp\/v2\/pages\/48341\/revisions"}],"predecessor-version":[{"id":48366,"href":"https:\/\/www.urlaubcornwall.de\/blog\/wp-json\/wp\/v2\/pages\/48341\/revisions\/48366"}],"wp:attachment":[{"href":"https:\/\/www.urlaubcornwall.de\/blog\/wp-json\/wp\/v2\/media?parent=48341"}],"curies":[{"name":"wp","href":"https:\/\/api.w.org\/{rel}","templated":true}]}}