{"id":48333,"date":"2024-03-18T13:47:15","date_gmt":"2024-03-18T13:47:15","guid":{"rendered":"https:\/\/www.urlaubcornwall.de\/blog\/?page_id=48333"},"modified":"2024-03-19T08:34:04","modified_gmt":"2024-03-19T08:34:04","slug":"grosses-ferienhaus-fuer-gruppen-isle-of-skye","status":"publish","type":"page","link":"https:\/\/www.urlaubcornwall.de\/blog\/grosses-ferienhaus-fuer-gruppen-isle-of-skye\/","title":{"rendered":"Gro\u00dfes Ferienhaus f\u00fcr Gruppen Isle of Skye"},"content":{"rendered":"<p><img loading=\"lazy\" class=\"aligncenter size-full wp-image-48335\" src=\"https:\/\/www.urlaubcornwall.de\/blog\/wp-content\/uploads\/2024\/03\/ferienhaus-skye-gruppen.jpg\" alt=\"ferienhaus skye gruppen\" width=\"750\" height=\"563\" srcset=\"https:\/\/www.urlaubcornwall.de\/blog\/wp-content\/uploads\/2024\/03\/ferienhaus-skye-gruppen.jpg 750w, https:\/\/www.urlaubcornwall.de\/blog\/wp-content\/uploads\/2024\/03\/ferienhaus-skye-gruppen-300x225.jpg 300w\" sizes=\"(max-width: 750px) 100vw, 750px\" \/><\/p>\n<p>In atemberaubender Lage am Ufer des Loch Ainort im Dorf Luib, etwas au\u00dferhalb von Broadford. Dieses Anwesen bietet fantastische M\u00f6glichkeiten f\u00fcr diejenigen, die die Ostk\u00fcste der Isle of Skye erkunden m\u00f6chten.<\/p>\n<p>Aufgrund der zentralen Lage des Anwesens sind die zahlreichen Naturwunder, die Skye zu bieten hat, alle mit dem Auto leicht zu erreichen. Wie zum Beispiel Fairy Pools Old Man of Storr Quiraing Neist Point Dunvegan Castle und Talisker Distillery und viele mehr.<\/p>\n<p><strong><a href=\"https:\/\/www.urlaubcornwall.de\/ferienhaeuser-fewos\/unterkunft\/Holiday\/81181-3-bedroom-bungalow-in-broadford---81181.html\">Anfrage \/ Buchung<\/a><\/strong><\/p>\n<p><a href=\"https:\/\/www.urlaubcornwall.de\/ferienhaeuser-fewos\/unterkunft\/Holiday\/81181-3-bedroom-bungalow-in-broadford---81181.html\">3 Schlafzimmer 2 Badezimmer Hundefreundlich Ferienhaus in Broadford, Isle of Skye >><\/a><\/p>\n","protected":false},"excerpt":{"rendered":"<p>In atemberaubender Lage am Ufer des Loch Ainort im Dorf Luib, etwas au\u00dferhalb von Broadford. Dieses Anwesen bietet fantastische M\u00f6glichkeiten f\u00fcr diejenigen, die die Ostk\u00fcste der Isle of Skye erkunden m\u00f6chten. Aufgrund der zentralen Lage des Anwesens sind die zahlreichen Naturwunder, die Skye zu bieten hat, alle mit dem Auto leicht zu erreichen. Wie zum [&hellip;]<\/p>\n","protected":false},"author":1,"featured_media":0,"parent":0,"menu_order":0,"comment_status":"closed","ping_status":"closed","template":"single-four.php","meta":[],"acf":[],"yoast_head":"<!-- This site is optimized with the Yoast SEO plugin v19.4 - https:\/\/yoast.com\/wordpress\/plugins\/seo\/ -->\n<title>Gro\u00dfes Ferienhaus f\u00fcr Gruppen Isle of Skye - Urlaub &amp; Reisen<\/title>\n<meta name=\"robots\" content=\"index, follow, max-snippet:-1, max-image-preview:large, max-video-preview:-1\" \/>\n<link rel=\"canonical\" href=\"https:\/\/www.urlaubcornwall.de\/blog\/grosses-ferienhaus-fuer-gruppen-isle-of-skye\/\" \/>\n<meta property=\"og:locale\" content=\"en_US\" \/>\n<meta property=\"og:type\" content=\"article\" \/>\n<meta property=\"og:title\" content=\"Gro\u00dfes Ferienhaus f\u00fcr Gruppen Isle of Skye - Urlaub &amp; Reisen\" \/>\n<meta property=\"og:description\" content=\"In atemberaubender Lage am Ufer des Loch Ainort im Dorf Luib, etwas au\u00dferhalb von Broadford. Dieses Anwesen bietet fantastische M\u00f6glichkeiten f\u00fcr diejenigen, die die Ostk\u00fcste der Isle of Skye erkunden m\u00f6chten. Aufgrund der zentralen Lage des Anwesens sind die zahlreichen Naturwunder, die Skye zu bieten hat, alle mit dem Auto leicht zu erreichen. Wie zum [&hellip;]\" \/>\n<meta property=\"og:url\" content=\"https:\/\/www.urlaubcornwall.de\/blog\/grosses-ferienhaus-fuer-gruppen-isle-of-skye\/\" \/>\n<meta property=\"og:site_name\" content=\"Urlaub &amp; Reisen\" \/>\n<meta property=\"article:modified_time\" content=\"2024-03-19T08:34:04+00:00\" \/>\n<meta property=\"og:image\" content=\"https:\/\/www.urlaubcornwall.de\/blog\/wp-content\/uploads\/2024\/03\/ferienhaus-skye-gruppen.jpg\" \/>\n<meta name=\"twitter:card\" content=\"summary\" \/>\n<meta name=\"twitter:label1\" content=\"Est. reading time\" \/>\n\t<meta name=\"twitter:data1\" content=\"1 minute\" \/>\n<script type=\"application\/ld+json\" class=\"yoast-schema-graph\">{\"@context\":\"https:\/\/schema.org\",\"@graph\":[{\"@type\":\"WebSite\",\"@id\":\"https:\/\/www.urlaubcornwall.de\/blog\/#website\",\"url\":\"https:\/\/www.urlaubcornwall.de\/blog\/\",\"name\":\"Urlaub &amp; Reisen\",\"description\":\"Urlaub, Reisen, Cornwall und S\u00fcdengland: eine perfekte Kombination\",\"potentialAction\":[{\"@type\":\"SearchAction\",\"target\":{\"@type\":\"EntryPoint\",\"urlTemplate\":\"https:\/\/www.urlaubcornwall.de\/blog\/?s={search_term_string}\"},\"query-input\":\"required name=search_term_string\"}],\"inLanguage\":\"en-US\"},{\"@type\":\"WebPage\",\"@id\":\"https:\/\/www.urlaubcornwall.de\/blog\/grosses-ferienhaus-fuer-gruppen-isle-of-skye\/\",\"url\":\"https:\/\/www.urlaubcornwall.de\/blog\/grosses-ferienhaus-fuer-gruppen-isle-of-skye\/\",\"name\":\"Gro\u00dfes Ferienhaus f\u00fcr Gruppen Isle of Skye - Urlaub &amp; Reisen\",\"isPartOf\":{\"@id\":\"https:\/\/www.urlaubcornwall.de\/blog\/#website\"},\"datePublished\":\"2024-03-18T13:47:15+00:00\",\"dateModified\":\"2024-03-19T08:34:04+00:00\",\"breadcrumb\":{\"@id\":\"https:\/\/www.urlaubcornwall.de\/blog\/grosses-ferienhaus-fuer-gruppen-isle-of-skye\/#breadcrumb\"},\"inLanguage\":\"en-US\",\"potentialAction\":[{\"@type\":\"ReadAction\",\"target\":[\"https:\/\/www.urlaubcornwall.de\/blog\/grosses-ferienhaus-fuer-gruppen-isle-of-skye\/\"]}]},{\"@type\":\"BreadcrumbList\",\"@id\":\"https:\/\/www.urlaubcornwall.de\/blog\/grosses-ferienhaus-fuer-gruppen-isle-of-skye\/#breadcrumb\",\"itemListElement\":[{\"@type\":\"ListItem\",\"position\":1,\"name\":\"Home\",\"item\":\"https:\/\/www.urlaubcornwall.de\/blog\/\"},{\"@type\":\"ListItem\",\"position\":2,\"name\":\"Gro\u00dfes Ferienhaus f\u00fcr Gruppen Isle of Skye\"}]}]}<\/script>\n<!-- \/ Yoast SEO plugin. -->","yoast_head_json":{"title":"Gro\u00dfes Ferienhaus f\u00fcr Gruppen Isle of Skye - Urlaub &amp; Reisen","robots":{"index":"index","follow":"follow","max-snippet":"max-snippet:-1","max-image-preview":"max-image-preview:large","max-video-preview":"max-video-preview:-1"},"canonical":"https:\/\/www.urlaubcornwall.de\/blog\/grosses-ferienhaus-fuer-gruppen-isle-of-skye\/","og_locale":"en_US","og_type":"article","og_title":"Gro\u00dfes Ferienhaus f\u00fcr Gruppen Isle of Skye - Urlaub &amp; Reisen","og_description":"In atemberaubender Lage am Ufer des Loch Ainort im Dorf Luib, etwas au\u00dferhalb von Broadford. Dieses Anwesen bietet fantastische M\u00f6glichkeiten f\u00fcr diejenigen, die die Ostk\u00fcste der Isle of Skye erkunden m\u00f6chten. Aufgrund der zentralen Lage des Anwesens sind die zahlreichen Naturwunder, die Skye zu bieten hat, alle mit dem Auto leicht zu erreichen. Wie zum [&hellip;]","og_url":"https:\/\/www.urlaubcornwall.de\/blog\/grosses-ferienhaus-fuer-gruppen-isle-of-skye\/","og_site_name":"Urlaub &amp; Reisen","article_modified_time":"2024-03-19T08:34:04+00:00","og_image":[{"url":"https:\/\/www.urlaubcornwall.de\/blog\/wp-content\/uploads\/2024\/03\/ferienhaus-skye-gruppen.jpg"}],"twitter_card":"summary","twitter_misc":{"Est. reading time":"1 minute"},"schema":{"@context":"https:\/\/schema.org","@graph":[{"@type":"WebSite","@id":"https:\/\/www.urlaubcornwall.de\/blog\/#website","url":"https:\/\/www.urlaubcornwall.de\/blog\/","name":"Urlaub &amp; Reisen","description":"Urlaub, Reisen, Cornwall und S\u00fcdengland: eine perfekte Kombination","potentialAction":[{"@type":"SearchAction","target":{"@type":"EntryPoint","urlTemplate":"https:\/\/www.urlaubcornwall.de\/blog\/?s={search_term_string}"},"query-input":"required name=search_term_string"}],"inLanguage":"en-US"},{"@type":"WebPage","@id":"https:\/\/www.urlaubcornwall.de\/blog\/grosses-ferienhaus-fuer-gruppen-isle-of-skye\/","url":"https:\/\/www.urlaubcornwall.de\/blog\/grosses-ferienhaus-fuer-gruppen-isle-of-skye\/","name":"Gro\u00dfes Ferienhaus f\u00fcr Gruppen Isle of Skye - Urlaub &amp; Reisen","isPartOf":{"@id":"https:\/\/www.urlaubcornwall.de\/blog\/#website"},"datePublished":"2024-03-18T13:47:15+00:00","dateModified":"2024-03-19T08:34:04+00:00","breadcrumb":{"@id":"https:\/\/www.urlaubcornwall.de\/blog\/grosses-ferienhaus-fuer-gruppen-isle-of-skye\/#breadcrumb"},"inLanguage":"en-US","potentialAction":[{"@type":"ReadAction","target":["https:\/\/www.urlaubcornwall.de\/blog\/grosses-ferienhaus-fuer-gruppen-isle-of-skye\/"]}]},{"@type":"BreadcrumbList","@id":"https:\/\/www.urlaubcornwall.de\/blog\/grosses-ferienhaus-fuer-gruppen-isle-of-skye\/#breadcrumb","itemListElement":[{"@type":"ListItem","position":1,"name":"Home","item":"https:\/\/www.urlaubcornwall.de\/blog\/"},{"@type":"ListItem","position":2,"name":"Gro\u00dfes Ferienhaus f\u00fcr Gruppen Isle of Skye"}]}]}},"_links":{"self":[{"href":"https:\/\/www.urlaubcornwall.de\/blog\/wp-json\/wp\/v2\/pages\/48333"}],"collection":[{"href":"https:\/\/www.urlaubcornwall.de\/blog\/wp-json\/wp\/v2\/pages"}],"about":[{"href":"https:\/\/www.urlaubcornwall.de\/blog\/wp-json\/wp\/v2\/types\/page"}],"author":[{"embeddable":true,"href":"https:\/\/www.urlaubcornwall.de\/blog\/wp-json\/wp\/v2\/users\/1"}],"replies":[{"embeddable":true,"href":"https:\/\/www.urlaubcornwall.de\/blog\/wp-json\/wp\/v2\/comments?post=48333"}],"version-history":[{"count":2,"href":"https:\/\/www.urlaubcornwall.de\/blog\/wp-json\/wp\/v2\/pages\/48333\/revisions"}],"predecessor-version":[{"id":48340,"href":"https:\/\/www.urlaubcornwall.de\/blog\/wp-json\/wp\/v2\/pages\/48333\/revisions\/48340"}],"wp:attachment":[{"href":"https:\/\/www.urlaubcornwall.de\/blog\/wp-json\/wp\/v2\/media?parent=48333"}],"curies":[{"name":"wp","href":"https:\/\/api.w.org\/{rel}","templated":true}]}}