{"id":48317,"date":"2024-03-18T09:28:17","date_gmt":"2024-03-18T09:28:17","guid":{"rendered":"https:\/\/www.urlaubcornwall.de\/blog\/?page_id=48317"},"modified":"2024-03-18T09:54:54","modified_gmt":"2024-03-18T09:54:54","slug":"grosses-ferienhaus-fuer-gruppen-in-chester","status":"publish","type":"page","link":"https:\/\/www.urlaubcornwall.de\/blog\/grosses-ferienhaus-fuer-gruppen-in-chester\/","title":{"rendered":"Gro\u00dfes Ferienhaus f\u00fcr Gruppen in Chester"},"content":{"rendered":"<p><img loading=\"lazy\" class=\"aligncenter size-full wp-image-48318\" src=\"https:\/\/www.urlaubcornwall.de\/blog\/wp-content\/uploads\/2024\/03\/ferienhaus-gruppen-chester.jpg\" alt=\"ferienhaus gruppen chester\" width=\"750\" height=\"563\" srcset=\"https:\/\/www.urlaubcornwall.de\/blog\/wp-content\/uploads\/2024\/03\/ferienhaus-gruppen-chester.jpg 750w, https:\/\/www.urlaubcornwall.de\/blog\/wp-content\/uploads\/2024\/03\/ferienhaus-gruppen-chester-300x225.jpg 300w\" sizes=\"(max-width: 750px) 100vw, 750px\" \/><\/p>\n<p><strong><a href=\"https:\/\/www.urlaubcornwall.de\/ferienhaus-suchen.php?cnt=eng&#038;action=search&#038;rgn=0&#038;minA=0&#038;minB=0&#038;pet=0&#038;bed=0&#038;nday=0&#038;fromDate=Alle&#038;nlm=15&#038;nlc=Chester\">Gruppenh\u00e4user in Chester<\/a><\/strong> &#8211; Je mehr desto sch\u00f6ner, wenn es um Ihren Urlaub geht. Bringen Sie also alle zusammen, Freunde, Familie und sogar die Haustiere, und verbringen Sie eine sch\u00f6ne Zeit damit, sich wieder kennenzulernen. Im Urlaub entstehen die sch\u00f6nsten Erinnerungen. Sorgen Sie also daf\u00fcr, dass keiner Ihrer Liebsten den Spa\u00df verpasst, indem Sie eines unserer Ferienh\u00e4user f\u00fcr eine gro\u00dfe Gruppe buchen.<\/p>\n<p>Der Charme von <a href=\"https:\/\/www.urlaubcornwall.de\/ferienhaeuser-fewos\/eng\/cheshire\/chester.html\">Chester<\/a> ist fesselnd und nicht zu \u00fcbersehen, von den Stadtmauern, die Geschichte und Geschichten der R\u00f6mer ausstrahlen, bis hin zur Besichtigung der Tierwelt im Zoo von Chester. Treten Sie in die Fu\u00dfstapfen r\u00f6mischer Gladiatoren oder erkunden Sie das Labyrinth der 700 Jahre alten Einkaufsstra\u00dfen. Probieren Sie au\u00dferhalb der Stadtgrenzen die einzigartigen lokalen Produkte aus Cheshire und stehen Sie stolz auf alten Festungen. Ganz gleich, ob Sie Geschichtsfan, Abenteuerliebhaber oder Feinschmecker sind, Chester und Cheshire haben etwas f\u00fcr Sie.<\/p>\n<p>Wir bieten handverlesene Gruppenh\u00e4user f\u00fcr <a href=\"Wir bieten handverlesene Gruppenh\u00e4user f\u00fcr <a href=\"https:\/\/www.urlaubcornwall.de\/ferienhaus-suchen.php?cnt=eng&#038;action=search&#038;rgn=0&#038;minA=0&#038;minB=0&#038;pet=0&#038;bed=0&#038;nday=0&#038;fromDate=Alle&#038;nlm=15&#038;nlc=Chester\">6,8, 10 und mehr Personen<\/a>&#8220;>6,8, 10 und mehr Personen<\/p>\n","protected":false},"excerpt":{"rendered":"<p>Gruppenh\u00e4user in Chester &#8211; Je mehr desto sch\u00f6ner, wenn es um Ihren Urlaub geht. Bringen Sie also alle zusammen, Freunde, Familie und sogar die Haustiere, und verbringen Sie eine sch\u00f6ne Zeit damit, sich wieder kennenzulernen. Im Urlaub entstehen die sch\u00f6nsten Erinnerungen. Sorgen Sie also daf\u00fcr, dass keiner Ihrer Liebsten den Spa\u00df verpasst, indem Sie eines [&hellip;]<\/p>\n","protected":false},"author":1,"featured_media":0,"parent":0,"menu_order":0,"comment_status":"closed","ping_status":"closed","template":"single-four.php","meta":[],"acf":[],"yoast_head":"<!-- This site is optimized with the Yoast SEO plugin v19.4 - https:\/\/yoast.com\/wordpress\/plugins\/seo\/ -->\n<title>Gro\u00dfes Ferienhaus f\u00fcr Gruppen in Chester - Urlaub &amp; Reisen<\/title>\n<meta name=\"robots\" content=\"index, follow, max-snippet:-1, max-image-preview:large, max-video-preview:-1\" \/>\n<link rel=\"canonical\" href=\"https:\/\/www.urlaubcornwall.de\/blog\/grosses-ferienhaus-fuer-gruppen-in-chester\/\" \/>\n<meta property=\"og:locale\" content=\"en_US\" \/>\n<meta property=\"og:type\" content=\"article\" \/>\n<meta property=\"og:title\" content=\"Gro\u00dfes Ferienhaus f\u00fcr Gruppen in Chester - Urlaub &amp; Reisen\" \/>\n<meta property=\"og:description\" content=\"Gruppenh\u00e4user in Chester &#8211; Je mehr desto sch\u00f6ner, wenn es um Ihren Urlaub geht. Bringen Sie also alle zusammen, Freunde, Familie und sogar die Haustiere, und verbringen Sie eine sch\u00f6ne Zeit damit, sich wieder kennenzulernen. Im Urlaub entstehen die sch\u00f6nsten Erinnerungen. Sorgen Sie also daf\u00fcr, dass keiner Ihrer Liebsten den Spa\u00df verpasst, indem Sie eines [&hellip;]\" \/>\n<meta property=\"og:url\" content=\"https:\/\/www.urlaubcornwall.de\/blog\/grosses-ferienhaus-fuer-gruppen-in-chester\/\" \/>\n<meta property=\"og:site_name\" content=\"Urlaub &amp; Reisen\" \/>\n<meta property=\"article:modified_time\" content=\"2024-03-18T09:54:54+00:00\" \/>\n<meta property=\"og:image\" content=\"https:\/\/www.urlaubcornwall.de\/blog\/wp-content\/uploads\/2024\/03\/ferienhaus-gruppen-chester.jpg\" \/>\n<meta name=\"twitter:card\" content=\"summary\" \/>\n<meta name=\"twitter:label1\" content=\"Est. reading time\" \/>\n\t<meta name=\"twitter:data1\" content=\"1 minute\" \/>\n<script type=\"application\/ld+json\" class=\"yoast-schema-graph\">{\"@context\":\"https:\/\/schema.org\",\"@graph\":[{\"@type\":\"WebSite\",\"@id\":\"https:\/\/www.urlaubcornwall.de\/blog\/#website\",\"url\":\"https:\/\/www.urlaubcornwall.de\/blog\/\",\"name\":\"Urlaub &amp; Reisen\",\"description\":\"Urlaub, Reisen, Cornwall und S\u00fcdengland: eine perfekte Kombination\",\"potentialAction\":[{\"@type\":\"SearchAction\",\"target\":{\"@type\":\"EntryPoint\",\"urlTemplate\":\"https:\/\/www.urlaubcornwall.de\/blog\/?s={search_term_string}\"},\"query-input\":\"required name=search_term_string\"}],\"inLanguage\":\"en-US\"},{\"@type\":\"WebPage\",\"@id\":\"https:\/\/www.urlaubcornwall.de\/blog\/grosses-ferienhaus-fuer-gruppen-in-chester\/\",\"url\":\"https:\/\/www.urlaubcornwall.de\/blog\/grosses-ferienhaus-fuer-gruppen-in-chester\/\",\"name\":\"Gro\u00dfes Ferienhaus f\u00fcr Gruppen in Chester - Urlaub &amp; Reisen\",\"isPartOf\":{\"@id\":\"https:\/\/www.urlaubcornwall.de\/blog\/#website\"},\"datePublished\":\"2024-03-18T09:28:17+00:00\",\"dateModified\":\"2024-03-18T09:54:54+00:00\",\"breadcrumb\":{\"@id\":\"https:\/\/www.urlaubcornwall.de\/blog\/grosses-ferienhaus-fuer-gruppen-in-chester\/#breadcrumb\"},\"inLanguage\":\"en-US\",\"potentialAction\":[{\"@type\":\"ReadAction\",\"target\":[\"https:\/\/www.urlaubcornwall.de\/blog\/grosses-ferienhaus-fuer-gruppen-in-chester\/\"]}]},{\"@type\":\"BreadcrumbList\",\"@id\":\"https:\/\/www.urlaubcornwall.de\/blog\/grosses-ferienhaus-fuer-gruppen-in-chester\/#breadcrumb\",\"itemListElement\":[{\"@type\":\"ListItem\",\"position\":1,\"name\":\"Home\",\"item\":\"https:\/\/www.urlaubcornwall.de\/blog\/\"},{\"@type\":\"ListItem\",\"position\":2,\"name\":\"Gro\u00dfes Ferienhaus f\u00fcr Gruppen in Chester\"}]}]}<\/script>\n<!-- \/ Yoast SEO plugin. -->","yoast_head_json":{"title":"Gro\u00dfes Ferienhaus f\u00fcr Gruppen in Chester - Urlaub &amp; Reisen","robots":{"index":"index","follow":"follow","max-snippet":"max-snippet:-1","max-image-preview":"max-image-preview:large","max-video-preview":"max-video-preview:-1"},"canonical":"https:\/\/www.urlaubcornwall.de\/blog\/grosses-ferienhaus-fuer-gruppen-in-chester\/","og_locale":"en_US","og_type":"article","og_title":"Gro\u00dfes Ferienhaus f\u00fcr Gruppen in Chester - Urlaub &amp; Reisen","og_description":"Gruppenh\u00e4user in Chester &#8211; Je mehr desto sch\u00f6ner, wenn es um Ihren Urlaub geht. Bringen Sie also alle zusammen, Freunde, Familie und sogar die Haustiere, und verbringen Sie eine sch\u00f6ne Zeit damit, sich wieder kennenzulernen. Im Urlaub entstehen die sch\u00f6nsten Erinnerungen. Sorgen Sie also daf\u00fcr, dass keiner Ihrer Liebsten den Spa\u00df verpasst, indem Sie eines [&hellip;]","og_url":"https:\/\/www.urlaubcornwall.de\/blog\/grosses-ferienhaus-fuer-gruppen-in-chester\/","og_site_name":"Urlaub &amp; Reisen","article_modified_time":"2024-03-18T09:54:54+00:00","og_image":[{"url":"https:\/\/www.urlaubcornwall.de\/blog\/wp-content\/uploads\/2024\/03\/ferienhaus-gruppen-chester.jpg"}],"twitter_card":"summary","twitter_misc":{"Est. reading time":"1 minute"},"schema":{"@context":"https:\/\/schema.org","@graph":[{"@type":"WebSite","@id":"https:\/\/www.urlaubcornwall.de\/blog\/#website","url":"https:\/\/www.urlaubcornwall.de\/blog\/","name":"Urlaub &amp; Reisen","description":"Urlaub, Reisen, Cornwall und S\u00fcdengland: eine perfekte Kombination","potentialAction":[{"@type":"SearchAction","target":{"@type":"EntryPoint","urlTemplate":"https:\/\/www.urlaubcornwall.de\/blog\/?s={search_term_string}"},"query-input":"required name=search_term_string"}],"inLanguage":"en-US"},{"@type":"WebPage","@id":"https:\/\/www.urlaubcornwall.de\/blog\/grosses-ferienhaus-fuer-gruppen-in-chester\/","url":"https:\/\/www.urlaubcornwall.de\/blog\/grosses-ferienhaus-fuer-gruppen-in-chester\/","name":"Gro\u00dfes Ferienhaus f\u00fcr Gruppen in Chester - Urlaub &amp; Reisen","isPartOf":{"@id":"https:\/\/www.urlaubcornwall.de\/blog\/#website"},"datePublished":"2024-03-18T09:28:17+00:00","dateModified":"2024-03-18T09:54:54+00:00","breadcrumb":{"@id":"https:\/\/www.urlaubcornwall.de\/blog\/grosses-ferienhaus-fuer-gruppen-in-chester\/#breadcrumb"},"inLanguage":"en-US","potentialAction":[{"@type":"ReadAction","target":["https:\/\/www.urlaubcornwall.de\/blog\/grosses-ferienhaus-fuer-gruppen-in-chester\/"]}]},{"@type":"BreadcrumbList","@id":"https:\/\/www.urlaubcornwall.de\/blog\/grosses-ferienhaus-fuer-gruppen-in-chester\/#breadcrumb","itemListElement":[{"@type":"ListItem","position":1,"name":"Home","item":"https:\/\/www.urlaubcornwall.de\/blog\/"},{"@type":"ListItem","position":2,"name":"Gro\u00dfes Ferienhaus f\u00fcr Gruppen in Chester"}]}]}},"_links":{"self":[{"href":"https:\/\/www.urlaubcornwall.de\/blog\/wp-json\/wp\/v2\/pages\/48317"}],"collection":[{"href":"https:\/\/www.urlaubcornwall.de\/blog\/wp-json\/wp\/v2\/pages"}],"about":[{"href":"https:\/\/www.urlaubcornwall.de\/blog\/wp-json\/wp\/v2\/types\/page"}],"author":[{"embeddable":true,"href":"https:\/\/www.urlaubcornwall.de\/blog\/wp-json\/wp\/v2\/users\/1"}],"replies":[{"embeddable":true,"href":"https:\/\/www.urlaubcornwall.de\/blog\/wp-json\/wp\/v2\/comments?post=48317"}],"version-history":[{"count":3,"href":"https:\/\/www.urlaubcornwall.de\/blog\/wp-json\/wp\/v2\/pages\/48317\/revisions"}],"predecessor-version":[{"id":48323,"href":"https:\/\/www.urlaubcornwall.de\/blog\/wp-json\/wp\/v2\/pages\/48317\/revisions\/48323"}],"wp:attachment":[{"href":"https:\/\/www.urlaubcornwall.de\/blog\/wp-json\/wp\/v2\/media?parent=48317"}],"curies":[{"name":"wp","href":"https:\/\/api.w.org\/{rel}","templated":true}]}}