{"id":48309,"date":"2024-03-18T08:55:59","date_gmt":"2024-03-18T08:55:59","guid":{"rendered":"https:\/\/www.urlaubcornwall.de\/blog\/?page_id=48309"},"modified":"2024-03-18T08:55:59","modified_gmt":"2024-03-18T08:55:59","slug":"grosses-ferienhaus-fuer-gruppen-in-der-naehe-inverness","status":"publish","type":"page","link":"https:\/\/www.urlaubcornwall.de\/blog\/grosses-ferienhaus-fuer-gruppen-in-der-naehe-inverness\/","title":{"rendered":"Gro\u00dfes Ferienhaus f\u00fcr Gruppen in der N\u00e4he Inverness"},"content":{"rendered":"<p><img loading=\"lazy\" class=\"aligncenter size-full wp-image-48311\" src=\"https:\/\/www.urlaubcornwall.de\/blog\/wp-content\/uploads\/2024\/03\/ferienhaus-gruppen-inverness.jpg\" alt=\"ferienhaus gruppen inverness\" width=\"750\" height=\"563\" srcset=\"https:\/\/www.urlaubcornwall.de\/blog\/wp-content\/uploads\/2024\/03\/ferienhaus-gruppen-inverness.jpg 750w, https:\/\/www.urlaubcornwall.de\/blog\/wp-content\/uploads\/2024\/03\/ferienhaus-gruppen-inverness-300x225.jpg 300w\" sizes=\"(max-width: 750px) 100vw, 750px\" \/><\/p>\n<p><strong>Gruppenh\u00e4user in Inverness<\/strong> &#8211; Je mehr desto sch\u00f6ner, wenn es um Ihren Urlaub geht. Bringen Sie also alle zusammen, Freunde, Familie und sogar die Haustiere, und verbringen Sie eine sch\u00f6ne Zeit damit, sich wieder kennenzulernen. Im Urlaub entstehen die sch\u00f6nsten Erinnerungen. Sorgen Sie also daf\u00fcr, dass keiner Ihrer Liebsten den Spa\u00df verpasst, indem Sie eines unserer Ferienh\u00e4user f\u00fcr eine gro\u00dfe Gruppe buchen.<\/p>\n<p>M\u00f6chten Sie in der N\u00e4he von <a href=\"https:\/\/www.urlaubcornwall.de\/ferienhaeuser-fewos\/sco\/nordschottland\/inverness.html\">Inverness in Nordschottland<\/a> oder nur einen kurzen Spaziergang vom Meer entfernt sein? Mit unseren gro\u00dfen Selbstversorger-Cottages ist das kein Problem. Wenn Sie auf der Suche nach einer auf Ihre Bed\u00fcrfnisse zugeschnittenen Gruppenunterkunft sind, gibt es auf jeden Fall eine Option f\u00fcr Sie<\/p>\n<p>Wir bieten handverlesene Gruppenh\u00e4user f\u00fcr <a href=\"https:\/\/www.urlaubcornwall.de\/ferienhaus-suchen.php?cnt=sco&#038;action=search&#038;rgn=0&#038;minA=0&#038;minB=0&#038;pet=0&#038;bed=0&#038;nday=0&#038;fromDate=Alle&#038;nlm=20&#038;nlc=Inverness\">6,8, 10 und mehr Personen<\/a><\/p>\n","protected":false},"excerpt":{"rendered":"<p>Gruppenh\u00e4user in Inverness &#8211; Je mehr desto sch\u00f6ner, wenn es um Ihren Urlaub geht. Bringen Sie also alle zusammen, Freunde, Familie und sogar die Haustiere, und verbringen Sie eine sch\u00f6ne Zeit damit, sich wieder kennenzulernen. Im Urlaub entstehen die sch\u00f6nsten Erinnerungen. Sorgen Sie also daf\u00fcr, dass keiner Ihrer Liebsten den Spa\u00df verpasst, indem Sie eines [&hellip;]<\/p>\n","protected":false},"author":1,"featured_media":0,"parent":0,"menu_order":0,"comment_status":"closed","ping_status":"closed","template":"single-four.php","meta":[],"acf":[],"yoast_head":"<!-- This site is optimized with the Yoast SEO plugin v19.4 - https:\/\/yoast.com\/wordpress\/plugins\/seo\/ -->\n<title>Gro\u00dfes Ferienhaus f\u00fcr Gruppen in der N\u00e4he Inverness - Urlaub &amp; Reisen<\/title>\n<meta name=\"robots\" content=\"index, follow, max-snippet:-1, max-image-preview:large, max-video-preview:-1\" \/>\n<link rel=\"canonical\" href=\"https:\/\/www.urlaubcornwall.de\/blog\/grosses-ferienhaus-fuer-gruppen-in-der-naehe-inverness\/\" \/>\n<meta property=\"og:locale\" content=\"en_US\" \/>\n<meta property=\"og:type\" content=\"article\" \/>\n<meta property=\"og:title\" content=\"Gro\u00dfes Ferienhaus f\u00fcr Gruppen in der N\u00e4he Inverness - Urlaub &amp; Reisen\" \/>\n<meta property=\"og:description\" content=\"Gruppenh\u00e4user in Inverness &#8211; Je mehr desto sch\u00f6ner, wenn es um Ihren Urlaub geht. Bringen Sie also alle zusammen, Freunde, Familie und sogar die Haustiere, und verbringen Sie eine sch\u00f6ne Zeit damit, sich wieder kennenzulernen. Im Urlaub entstehen die sch\u00f6nsten Erinnerungen. Sorgen Sie also daf\u00fcr, dass keiner Ihrer Liebsten den Spa\u00df verpasst, indem Sie eines [&hellip;]\" \/>\n<meta property=\"og:url\" content=\"https:\/\/www.urlaubcornwall.de\/blog\/grosses-ferienhaus-fuer-gruppen-in-der-naehe-inverness\/\" \/>\n<meta property=\"og:site_name\" content=\"Urlaub &amp; Reisen\" \/>\n<meta property=\"og:image\" content=\"https:\/\/www.urlaubcornwall.de\/blog\/wp-content\/uploads\/2024\/03\/ferienhaus-gruppen-inverness.jpg\" \/>\n<meta name=\"twitter:card\" content=\"summary\" \/>\n<script type=\"application\/ld+json\" class=\"yoast-schema-graph\">{\"@context\":\"https:\/\/schema.org\",\"@graph\":[{\"@type\":\"WebSite\",\"@id\":\"https:\/\/www.urlaubcornwall.de\/blog\/#website\",\"url\":\"https:\/\/www.urlaubcornwall.de\/blog\/\",\"name\":\"Urlaub &amp; Reisen\",\"description\":\"Urlaub, Reisen, Cornwall und S\u00fcdengland: eine perfekte Kombination\",\"potentialAction\":[{\"@type\":\"SearchAction\",\"target\":{\"@type\":\"EntryPoint\",\"urlTemplate\":\"https:\/\/www.urlaubcornwall.de\/blog\/?s={search_term_string}\"},\"query-input\":\"required name=search_term_string\"}],\"inLanguage\":\"en-US\"},{\"@type\":\"WebPage\",\"@id\":\"https:\/\/www.urlaubcornwall.de\/blog\/grosses-ferienhaus-fuer-gruppen-in-der-naehe-inverness\/\",\"url\":\"https:\/\/www.urlaubcornwall.de\/blog\/grosses-ferienhaus-fuer-gruppen-in-der-naehe-inverness\/\",\"name\":\"Gro\u00dfes Ferienhaus f\u00fcr Gruppen in der N\u00e4he Inverness - Urlaub &amp; Reisen\",\"isPartOf\":{\"@id\":\"https:\/\/www.urlaubcornwall.de\/blog\/#website\"},\"datePublished\":\"2024-03-18T08:55:59+00:00\",\"dateModified\":\"2024-03-18T08:55:59+00:00\",\"breadcrumb\":{\"@id\":\"https:\/\/www.urlaubcornwall.de\/blog\/grosses-ferienhaus-fuer-gruppen-in-der-naehe-inverness\/#breadcrumb\"},\"inLanguage\":\"en-US\",\"potentialAction\":[{\"@type\":\"ReadAction\",\"target\":[\"https:\/\/www.urlaubcornwall.de\/blog\/grosses-ferienhaus-fuer-gruppen-in-der-naehe-inverness\/\"]}]},{\"@type\":\"BreadcrumbList\",\"@id\":\"https:\/\/www.urlaubcornwall.de\/blog\/grosses-ferienhaus-fuer-gruppen-in-der-naehe-inverness\/#breadcrumb\",\"itemListElement\":[{\"@type\":\"ListItem\",\"position\":1,\"name\":\"Home\",\"item\":\"https:\/\/www.urlaubcornwall.de\/blog\/\"},{\"@type\":\"ListItem\",\"position\":2,\"name\":\"Gro\u00dfes Ferienhaus f\u00fcr Gruppen in der N\u00e4he Inverness\"}]}]}<\/script>\n<!-- \/ Yoast SEO plugin. -->","yoast_head_json":{"title":"Gro\u00dfes Ferienhaus f\u00fcr Gruppen in der N\u00e4he Inverness - Urlaub &amp; Reisen","robots":{"index":"index","follow":"follow","max-snippet":"max-snippet:-1","max-image-preview":"max-image-preview:large","max-video-preview":"max-video-preview:-1"},"canonical":"https:\/\/www.urlaubcornwall.de\/blog\/grosses-ferienhaus-fuer-gruppen-in-der-naehe-inverness\/","og_locale":"en_US","og_type":"article","og_title":"Gro\u00dfes Ferienhaus f\u00fcr Gruppen in der N\u00e4he Inverness - Urlaub &amp; Reisen","og_description":"Gruppenh\u00e4user in Inverness &#8211; Je mehr desto sch\u00f6ner, wenn es um Ihren Urlaub geht. Bringen Sie also alle zusammen, Freunde, Familie und sogar die Haustiere, und verbringen Sie eine sch\u00f6ne Zeit damit, sich wieder kennenzulernen. Im Urlaub entstehen die sch\u00f6nsten Erinnerungen. Sorgen Sie also daf\u00fcr, dass keiner Ihrer Liebsten den Spa\u00df verpasst, indem Sie eines [&hellip;]","og_url":"https:\/\/www.urlaubcornwall.de\/blog\/grosses-ferienhaus-fuer-gruppen-in-der-naehe-inverness\/","og_site_name":"Urlaub &amp; Reisen","og_image":[{"url":"https:\/\/www.urlaubcornwall.de\/blog\/wp-content\/uploads\/2024\/03\/ferienhaus-gruppen-inverness.jpg"}],"twitter_card":"summary","schema":{"@context":"https:\/\/schema.org","@graph":[{"@type":"WebSite","@id":"https:\/\/www.urlaubcornwall.de\/blog\/#website","url":"https:\/\/www.urlaubcornwall.de\/blog\/","name":"Urlaub &amp; Reisen","description":"Urlaub, Reisen, Cornwall und S\u00fcdengland: eine perfekte Kombination","potentialAction":[{"@type":"SearchAction","target":{"@type":"EntryPoint","urlTemplate":"https:\/\/www.urlaubcornwall.de\/blog\/?s={search_term_string}"},"query-input":"required name=search_term_string"}],"inLanguage":"en-US"},{"@type":"WebPage","@id":"https:\/\/www.urlaubcornwall.de\/blog\/grosses-ferienhaus-fuer-gruppen-in-der-naehe-inverness\/","url":"https:\/\/www.urlaubcornwall.de\/blog\/grosses-ferienhaus-fuer-gruppen-in-der-naehe-inverness\/","name":"Gro\u00dfes Ferienhaus f\u00fcr Gruppen in der N\u00e4he Inverness - Urlaub &amp; Reisen","isPartOf":{"@id":"https:\/\/www.urlaubcornwall.de\/blog\/#website"},"datePublished":"2024-03-18T08:55:59+00:00","dateModified":"2024-03-18T08:55:59+00:00","breadcrumb":{"@id":"https:\/\/www.urlaubcornwall.de\/blog\/grosses-ferienhaus-fuer-gruppen-in-der-naehe-inverness\/#breadcrumb"},"inLanguage":"en-US","potentialAction":[{"@type":"ReadAction","target":["https:\/\/www.urlaubcornwall.de\/blog\/grosses-ferienhaus-fuer-gruppen-in-der-naehe-inverness\/"]}]},{"@type":"BreadcrumbList","@id":"https:\/\/www.urlaubcornwall.de\/blog\/grosses-ferienhaus-fuer-gruppen-in-der-naehe-inverness\/#breadcrumb","itemListElement":[{"@type":"ListItem","position":1,"name":"Home","item":"https:\/\/www.urlaubcornwall.de\/blog\/"},{"@type":"ListItem","position":2,"name":"Gro\u00dfes Ferienhaus f\u00fcr Gruppen in der N\u00e4he Inverness"}]}]}},"_links":{"self":[{"href":"https:\/\/www.urlaubcornwall.de\/blog\/wp-json\/wp\/v2\/pages\/48309"}],"collection":[{"href":"https:\/\/www.urlaubcornwall.de\/blog\/wp-json\/wp\/v2\/pages"}],"about":[{"href":"https:\/\/www.urlaubcornwall.de\/blog\/wp-json\/wp\/v2\/types\/page"}],"author":[{"embeddable":true,"href":"https:\/\/www.urlaubcornwall.de\/blog\/wp-json\/wp\/v2\/users\/1"}],"replies":[{"embeddable":true,"href":"https:\/\/www.urlaubcornwall.de\/blog\/wp-json\/wp\/v2\/comments?post=48309"}],"version-history":[{"count":1,"href":"https:\/\/www.urlaubcornwall.de\/blog\/wp-json\/wp\/v2\/pages\/48309\/revisions"}],"predecessor-version":[{"id":48312,"href":"https:\/\/www.urlaubcornwall.de\/blog\/wp-json\/wp\/v2\/pages\/48309\/revisions\/48312"}],"wp:attachment":[{"href":"https:\/\/www.urlaubcornwall.de\/blog\/wp-json\/wp\/v2\/media?parent=48309"}],"curies":[{"name":"wp","href":"https:\/\/api.w.org\/{rel}","templated":true}]}}