{"id":48037,"date":"2024-03-08T16:33:00","date_gmt":"2024-03-08T16:33:00","guid":{"rendered":"https:\/\/www.urlaubcornwall.de\/blog\/?page_id=48037"},"modified":"2024-03-08T16:33:00","modified_gmt":"2024-03-08T16:33:00","slug":"landhaeuser-zu-vermieten","status":"publish","type":"page","link":"https:\/\/www.urlaubcornwall.de\/blog\/landhaeuser-zu-vermieten\/","title":{"rendered":"Landh\u00e4user zu vermieten in England, Scottland &#038; Wales"},"content":{"rendered":"<p><img loading=\"lazy\" class=\"aligncenter size-full wp-image-48039\" src=\"https:\/\/www.urlaubcornwall.de\/blog\/wp-content\/uploads\/2024\/03\/Landhauser-zu-vermieten-in-England.jpg\" alt=\"Landh\u00e4user zu vermieten in England\" width=\"750\" height=\"563\" srcset=\"https:\/\/www.urlaubcornwall.de\/blog\/wp-content\/uploads\/2024\/03\/Landhauser-zu-vermieten-in-England.jpg 750w, https:\/\/www.urlaubcornwall.de\/blog\/wp-content\/uploads\/2024\/03\/Landhauser-zu-vermieten-in-England-300x225.jpg 300w\" sizes=\"(max-width: 750px) 100vw, 750px\" \/><\/p>\n<p>Wenn Sie in Gro\u00dfbritannien abseits der Hektik eines Stadturlaubs Urlaub machen, warum g\u00f6nnen Sie sich und Ihren Liebsten nicht einen ruhigen Kurzurlaub auf dem Land? Mieten Sie ein Landhaus f\u00fcr lange, gem\u00fctliche Spazierg\u00e4nge in der Natur, Krocketspielen auf dem Rasen und k\u00f6stliche Mahlzeiten \u2013 und genie\u00dfen Sie dabei die atemberaubende Aussicht um Sie herum.<\/p>\n<p>Wenn Sie ein luxuri\u00f6ses Landhaus mieten, k\u00f6nnen Sie zur Natur zur\u00fcckkehren und die sch\u00f6nen Dinge des Lebens genie\u00dfen. Ganz gleich, ob Sie zu wunderbaren Spazierg\u00e4ngen in die Berge aufbrechen oder eine entspannte Woche mit Ihrer Familie planen, wir haben gro\u00dfe Landh\u00e4user zum Mieten, die allen Ihren Bed\u00fcrfnissen gerecht werden.<\/p>\n<p>Wir bieten eine Auswahl luxuri\u00f6ser Landh\u00e4user in <a href=\"https:\/\/www.urlaubcornwall.de\/ferienhaus-suchen.php?cnt=eng&#038;action=search&#038;rgn=0&#038;minA=20&#038;minB=0&#038;pet=0&#038;bed=0&#038;nday=0&#038;fromDate=Alle&#038;nlm=0&#038;nlc=0\">England<\/a>, <a href=\"https:\/\/www.urlaubcornwall.de\/ferienhaus-suchen.php?cnt=wal&#038;action=search&#038;rgn=0&#038;minA=20&#038;minB=0&#038;pet=0&#038;bed=0&#038;nday=0&#038;fromDate=Alle&#038;nlm=0&#038;nlc=0\">Wales<\/a> und <a href=\"https:\/\/www.urlaubcornwall.de\/ferienhaus-suchen.php?cnt=sco&#038;action=search&#038;rgn=0&#038;minA=16&#038;minB=0&#038;pet=0&#038;bed=0&#038;nday=0&#038;fromDate=Alle&#038;nlm=0&#038;nlc=0\">Schottland<\/a> an. Diese v\u00f6llig einzigartigen Unterk\u00fcnfte bieten Platz f\u00fcr 10, 20 oder sogar 30 Personen in luxuri\u00f6ser Umgebung.<\/p>\n","protected":false},"excerpt":{"rendered":"<p>Wenn Sie in Gro\u00dfbritannien abseits der Hektik eines Stadturlaubs Urlaub machen, warum g\u00f6nnen Sie sich und Ihren Liebsten nicht einen ruhigen Kurzurlaub auf dem Land? Mieten Sie ein Landhaus f\u00fcr lange, gem\u00fctliche Spazierg\u00e4nge in der Natur, Krocketspielen auf dem Rasen und k\u00f6stliche Mahlzeiten \u2013 und genie\u00dfen Sie dabei die atemberaubende Aussicht um Sie herum. Wenn [&hellip;]<\/p>\n","protected":false},"author":1,"featured_media":0,"parent":0,"menu_order":0,"comment_status":"closed","ping_status":"closed","template":"single-four.php","meta":[],"acf":[],"yoast_head":"<!-- This site is optimized with the Yoast SEO plugin v19.4 - https:\/\/yoast.com\/wordpress\/plugins\/seo\/ -->\n<title>Landh\u00e4user zu vermieten in England, Scottland &amp; Wales - Urlaub &amp; Reisen<\/title>\n<meta name=\"robots\" content=\"index, follow, max-snippet:-1, max-image-preview:large, max-video-preview:-1\" \/>\n<link rel=\"canonical\" href=\"https:\/\/www.urlaubcornwall.de\/blog\/landhaeuser-zu-vermieten\/\" \/>\n<meta property=\"og:locale\" content=\"en_US\" \/>\n<meta property=\"og:type\" content=\"article\" \/>\n<meta property=\"og:title\" content=\"Landh\u00e4user zu vermieten in England, Scottland &amp; Wales - Urlaub &amp; Reisen\" \/>\n<meta property=\"og:description\" content=\"Wenn Sie in Gro\u00dfbritannien abseits der Hektik eines Stadturlaubs Urlaub machen, warum g\u00f6nnen Sie sich und Ihren Liebsten nicht einen ruhigen Kurzurlaub auf dem Land? Mieten Sie ein Landhaus f\u00fcr lange, gem\u00fctliche Spazierg\u00e4nge in der Natur, Krocketspielen auf dem Rasen und k\u00f6stliche Mahlzeiten \u2013 und genie\u00dfen Sie dabei die atemberaubende Aussicht um Sie herum. Wenn [&hellip;]\" \/>\n<meta property=\"og:url\" content=\"https:\/\/www.urlaubcornwall.de\/blog\/landhaeuser-zu-vermieten\/\" \/>\n<meta property=\"og:site_name\" content=\"Urlaub &amp; Reisen\" \/>\n<meta property=\"og:image\" content=\"https:\/\/www.urlaubcornwall.de\/blog\/wp-content\/uploads\/2024\/03\/Landhauser-zu-vermieten-in-England.jpg\" \/>\n<meta name=\"twitter:card\" content=\"summary\" \/>\n<meta name=\"twitter:label1\" content=\"Est. reading time\" \/>\n\t<meta name=\"twitter:data1\" content=\"1 minute\" \/>\n<script type=\"application\/ld+json\" class=\"yoast-schema-graph\">{\"@context\":\"https:\/\/schema.org\",\"@graph\":[{\"@type\":\"WebSite\",\"@id\":\"https:\/\/www.urlaubcornwall.de\/blog\/#website\",\"url\":\"https:\/\/www.urlaubcornwall.de\/blog\/\",\"name\":\"Urlaub &amp; Reisen\",\"description\":\"Urlaub, Reisen, Cornwall und S\u00fcdengland: eine perfekte Kombination\",\"potentialAction\":[{\"@type\":\"SearchAction\",\"target\":{\"@type\":\"EntryPoint\",\"urlTemplate\":\"https:\/\/www.urlaubcornwall.de\/blog\/?s={search_term_string}\"},\"query-input\":\"required name=search_term_string\"}],\"inLanguage\":\"en-US\"},{\"@type\":\"WebPage\",\"@id\":\"https:\/\/www.urlaubcornwall.de\/blog\/landhaeuser-zu-vermieten\/\",\"url\":\"https:\/\/www.urlaubcornwall.de\/blog\/landhaeuser-zu-vermieten\/\",\"name\":\"Landh\u00e4user zu vermieten in England, Scottland & Wales - Urlaub &amp; Reisen\",\"isPartOf\":{\"@id\":\"https:\/\/www.urlaubcornwall.de\/blog\/#website\"},\"datePublished\":\"2024-03-08T16:33:00+00:00\",\"dateModified\":\"2024-03-08T16:33:00+00:00\",\"breadcrumb\":{\"@id\":\"https:\/\/www.urlaubcornwall.de\/blog\/landhaeuser-zu-vermieten\/#breadcrumb\"},\"inLanguage\":\"en-US\",\"potentialAction\":[{\"@type\":\"ReadAction\",\"target\":[\"https:\/\/www.urlaubcornwall.de\/blog\/landhaeuser-zu-vermieten\/\"]}]},{\"@type\":\"BreadcrumbList\",\"@id\":\"https:\/\/www.urlaubcornwall.de\/blog\/landhaeuser-zu-vermieten\/#breadcrumb\",\"itemListElement\":[{\"@type\":\"ListItem\",\"position\":1,\"name\":\"Home\",\"item\":\"https:\/\/www.urlaubcornwall.de\/blog\/\"},{\"@type\":\"ListItem\",\"position\":2,\"name\":\"Landh\u00e4user zu vermieten in England, Scottland &#038; Wales\"}]}]}<\/script>\n<!-- \/ Yoast SEO plugin. -->","yoast_head_json":{"title":"Landh\u00e4user zu vermieten in England, Scottland & Wales - Urlaub &amp; Reisen","robots":{"index":"index","follow":"follow","max-snippet":"max-snippet:-1","max-image-preview":"max-image-preview:large","max-video-preview":"max-video-preview:-1"},"canonical":"https:\/\/www.urlaubcornwall.de\/blog\/landhaeuser-zu-vermieten\/","og_locale":"en_US","og_type":"article","og_title":"Landh\u00e4user zu vermieten in England, Scottland & Wales - Urlaub &amp; Reisen","og_description":"Wenn Sie in Gro\u00dfbritannien abseits der Hektik eines Stadturlaubs Urlaub machen, warum g\u00f6nnen Sie sich und Ihren Liebsten nicht einen ruhigen Kurzurlaub auf dem Land? Mieten Sie ein Landhaus f\u00fcr lange, gem\u00fctliche Spazierg\u00e4nge in der Natur, Krocketspielen auf dem Rasen und k\u00f6stliche Mahlzeiten \u2013 und genie\u00dfen Sie dabei die atemberaubende Aussicht um Sie herum. Wenn [&hellip;]","og_url":"https:\/\/www.urlaubcornwall.de\/blog\/landhaeuser-zu-vermieten\/","og_site_name":"Urlaub &amp; Reisen","og_image":[{"url":"https:\/\/www.urlaubcornwall.de\/blog\/wp-content\/uploads\/2024\/03\/Landhauser-zu-vermieten-in-England.jpg"}],"twitter_card":"summary","twitter_misc":{"Est. reading time":"1 minute"},"schema":{"@context":"https:\/\/schema.org","@graph":[{"@type":"WebSite","@id":"https:\/\/www.urlaubcornwall.de\/blog\/#website","url":"https:\/\/www.urlaubcornwall.de\/blog\/","name":"Urlaub &amp; Reisen","description":"Urlaub, Reisen, Cornwall und S\u00fcdengland: eine perfekte Kombination","potentialAction":[{"@type":"SearchAction","target":{"@type":"EntryPoint","urlTemplate":"https:\/\/www.urlaubcornwall.de\/blog\/?s={search_term_string}"},"query-input":"required name=search_term_string"}],"inLanguage":"en-US"},{"@type":"WebPage","@id":"https:\/\/www.urlaubcornwall.de\/blog\/landhaeuser-zu-vermieten\/","url":"https:\/\/www.urlaubcornwall.de\/blog\/landhaeuser-zu-vermieten\/","name":"Landh\u00e4user zu vermieten in England, Scottland & Wales - Urlaub &amp; Reisen","isPartOf":{"@id":"https:\/\/www.urlaubcornwall.de\/blog\/#website"},"datePublished":"2024-03-08T16:33:00+00:00","dateModified":"2024-03-08T16:33:00+00:00","breadcrumb":{"@id":"https:\/\/www.urlaubcornwall.de\/blog\/landhaeuser-zu-vermieten\/#breadcrumb"},"inLanguage":"en-US","potentialAction":[{"@type":"ReadAction","target":["https:\/\/www.urlaubcornwall.de\/blog\/landhaeuser-zu-vermieten\/"]}]},{"@type":"BreadcrumbList","@id":"https:\/\/www.urlaubcornwall.de\/blog\/landhaeuser-zu-vermieten\/#breadcrumb","itemListElement":[{"@type":"ListItem","position":1,"name":"Home","item":"https:\/\/www.urlaubcornwall.de\/blog\/"},{"@type":"ListItem","position":2,"name":"Landh\u00e4user zu vermieten in England, Scottland &#038; Wales"}]}]}},"_links":{"self":[{"href":"https:\/\/www.urlaubcornwall.de\/blog\/wp-json\/wp\/v2\/pages\/48037"}],"collection":[{"href":"https:\/\/www.urlaubcornwall.de\/blog\/wp-json\/wp\/v2\/pages"}],"about":[{"href":"https:\/\/www.urlaubcornwall.de\/blog\/wp-json\/wp\/v2\/types\/page"}],"author":[{"embeddable":true,"href":"https:\/\/www.urlaubcornwall.de\/blog\/wp-json\/wp\/v2\/users\/1"}],"replies":[{"embeddable":true,"href":"https:\/\/www.urlaubcornwall.de\/blog\/wp-json\/wp\/v2\/comments?post=48037"}],"version-history":[{"count":2,"href":"https:\/\/www.urlaubcornwall.de\/blog\/wp-json\/wp\/v2\/pages\/48037\/revisions"}],"predecessor-version":[{"id":48040,"href":"https:\/\/www.urlaubcornwall.de\/blog\/wp-json\/wp\/v2\/pages\/48037\/revisions\/48040"}],"wp:attachment":[{"href":"https:\/\/www.urlaubcornwall.de\/blog\/wp-json\/wp\/v2\/media?parent=48037"}],"curies":[{"name":"wp","href":"https:\/\/api.w.org\/{rel}","templated":true}]}}