{"id":48030,"date":"2024-03-08T15:49:45","date_gmt":"2024-03-08T15:49:45","guid":{"rendered":"https:\/\/www.urlaubcornwall.de\/blog\/?page_id=48030"},"modified":"2024-03-08T15:55:38","modified_gmt":"2024-03-08T15:55:38","slug":"gruppenhaeuser-england-ab-10-personen","status":"publish","type":"page","link":"https:\/\/www.urlaubcornwall.de\/blog\/gruppenhaeuser-england-ab-10-personen\/","title":{"rendered":"Gruppenh\u00e4user England ab 10 Personen +"},"content":{"rendered":"<p><img loading=\"lazy\" class=\"aligncenter size-full wp-image-47744\" src=\"https:\/\/www.urlaubcornwall.de\/blog\/wp-content\/uploads\/2024\/02\/gruppenhaeuser-cornwall.jpg\" alt=\"gruppenhaeuser England\" width=\"750\" height=\"500\" srcset=\"https:\/\/www.urlaubcornwall.de\/blog\/wp-content\/uploads\/2024\/02\/gruppenhaeuser-cornwall.jpg 750w, https:\/\/www.urlaubcornwall.de\/blog\/wp-content\/uploads\/2024\/02\/gruppenhaeuser-cornwall-300x200.jpg 300w\" sizes=\"(max-width: 750px) 100vw, 750px\" \/><\/p>\n<p>Gro\u00dfes Ferienhaus f\u00fcr Gruppen in England &#8211; Diese ger\u00e4umigen Ferienh\u00e4user in England eignen sich perfekt f\u00fcr Treffen mit Freunden oder Familientreffen.<\/p>\n<p>Je mehr desto sch\u00f6ner, wenn es um Ihren Urlaub geht. Bringen Sie also alle zusammen, Freunde, Familie und sogar die Haustiere, und verbringen Sie eine sch\u00f6ne Zeit damit, sich wieder kennenzulernen. Im Urlaub entstehen die sch\u00f6nsten Erinnerungen. Sorgen Sie also daf\u00fcr, dass keiner Ihrer Liebsten den Spa\u00df verpasst, indem Sie eines unserer Ferienh\u00e4user f\u00fcr eine gro\u00dfe Gruppe buchen.<\/p>\n<p>Wir bieten handverlesene Gruppenh\u00e4user f\u00fcr <a href=\"https:\/\/www.urlaubcornwall.de\/ferienhaus-suchen.php?cnt=eng&#038;action=search&#038;rgn=0&#038;minA=8&#038;minB=0&#038;pet=0&#038;bed=0&#038;nday=0&#038;fromDate=Alle&#038;nlm=0&#038;nlc=0\">8<\/a>, <a href=\"https:\/\/www.urlaubcornwall.de\/ferienhaus-suchen.php?cnt=eng&#038;action=search&#038;rgn=0&#038;minA=10&#038;minB=0&#038;pet=0&#038;bed=0&#038;nday=0&#038;fromDate=Alle&#038;nlm=0&#038;nlc=0\">10<\/a>, <a href=\"https:\/\/www.urlaubcornwall.de\/ferienhaus-suchen.php?cnt=eng&#038;action=search&#038;rgn=0&#038;minA=12&#038;minB=0&#038;pet=0&#038;bed=0&#038;nday=0&#038;fromDate=Alle&#038;nlm=0&#038;nlc=0\">12<\/a> und <a href=\"https:\/\/www.urlaubcornwall.de\/ferienhaus-suchen.php?cnt=eng&#038;action=search&#038;rgn=0&#038;minA=14&#038;minB=0&#038;pet=0&#038;bed=0&#038;nday=0&#038;fromDate=Alle&#038;nlm=0&#038;nlc=0\">mehr<\/a> Personen<\/p>\n","protected":false},"excerpt":{"rendered":"<p>Gro\u00dfes Ferienhaus f\u00fcr Gruppen in England &#8211; Diese ger\u00e4umigen Ferienh\u00e4user in England eignen sich perfekt f\u00fcr Treffen mit Freunden oder Familientreffen. Je mehr desto sch\u00f6ner, wenn es um Ihren Urlaub geht. Bringen Sie also alle zusammen, Freunde, Familie und sogar die Haustiere, und verbringen Sie eine sch\u00f6ne Zeit damit, sich wieder kennenzulernen. Im Urlaub entstehen [&hellip;]<\/p>\n","protected":false},"author":1,"featured_media":0,"parent":0,"menu_order":0,"comment_status":"closed","ping_status":"closed","template":"single-four.php","meta":[],"acf":[],"yoast_head":"<!-- This site is optimized with the Yoast SEO plugin v19.4 - https:\/\/yoast.com\/wordpress\/plugins\/seo\/ -->\n<title>Gruppenh\u00e4user England ab 10 Personen + - Urlaub &amp; Reisen<\/title>\n<meta name=\"robots\" content=\"index, follow, max-snippet:-1, max-image-preview:large, max-video-preview:-1\" \/>\n<link rel=\"canonical\" href=\"https:\/\/www.urlaubcornwall.de\/blog\/gruppenhaeuser-england-ab-10-personen\/\" \/>\n<meta property=\"og:locale\" content=\"en_US\" \/>\n<meta property=\"og:type\" content=\"article\" \/>\n<meta property=\"og:title\" content=\"Gruppenh\u00e4user England ab 10 Personen + - Urlaub &amp; Reisen\" \/>\n<meta property=\"og:description\" content=\"Gro\u00dfes Ferienhaus f\u00fcr Gruppen in England &#8211; Diese ger\u00e4umigen Ferienh\u00e4user in England eignen sich perfekt f\u00fcr Treffen mit Freunden oder Familientreffen. Je mehr desto sch\u00f6ner, wenn es um Ihren Urlaub geht. Bringen Sie also alle zusammen, Freunde, Familie und sogar die Haustiere, und verbringen Sie eine sch\u00f6ne Zeit damit, sich wieder kennenzulernen. Im Urlaub entstehen [&hellip;]\" \/>\n<meta property=\"og:url\" content=\"https:\/\/www.urlaubcornwall.de\/blog\/gruppenhaeuser-england-ab-10-personen\/\" \/>\n<meta property=\"og:site_name\" content=\"Urlaub &amp; Reisen\" \/>\n<meta property=\"article:modified_time\" content=\"2024-03-08T15:55:38+00:00\" \/>\n<meta property=\"og:image\" content=\"https:\/\/www.urlaubcornwall.de\/blog\/wp-content\/uploads\/2024\/02\/gruppenhaeuser-cornwall.jpg\" \/>\n<meta name=\"twitter:card\" content=\"summary\" \/>\n<meta name=\"twitter:label1\" content=\"Est. reading time\" \/>\n\t<meta name=\"twitter:data1\" content=\"1 minute\" \/>\n<script type=\"application\/ld+json\" class=\"yoast-schema-graph\">{\"@context\":\"https:\/\/schema.org\",\"@graph\":[{\"@type\":\"WebSite\",\"@id\":\"https:\/\/www.urlaubcornwall.de\/blog\/#website\",\"url\":\"https:\/\/www.urlaubcornwall.de\/blog\/\",\"name\":\"Urlaub &amp; Reisen\",\"description\":\"Urlaub, Reisen, Cornwall und S\u00fcdengland: eine perfekte Kombination\",\"potentialAction\":[{\"@type\":\"SearchAction\",\"target\":{\"@type\":\"EntryPoint\",\"urlTemplate\":\"https:\/\/www.urlaubcornwall.de\/blog\/?s={search_term_string}\"},\"query-input\":\"required name=search_term_string\"}],\"inLanguage\":\"en-US\"},{\"@type\":\"WebPage\",\"@id\":\"https:\/\/www.urlaubcornwall.de\/blog\/gruppenhaeuser-england-ab-10-personen\/\",\"url\":\"https:\/\/www.urlaubcornwall.de\/blog\/gruppenhaeuser-england-ab-10-personen\/\",\"name\":\"Gruppenh\u00e4user England ab 10 Personen + - Urlaub &amp; Reisen\",\"isPartOf\":{\"@id\":\"https:\/\/www.urlaubcornwall.de\/blog\/#website\"},\"datePublished\":\"2024-03-08T15:49:45+00:00\",\"dateModified\":\"2024-03-08T15:55:38+00:00\",\"breadcrumb\":{\"@id\":\"https:\/\/www.urlaubcornwall.de\/blog\/gruppenhaeuser-england-ab-10-personen\/#breadcrumb\"},\"inLanguage\":\"en-US\",\"potentialAction\":[{\"@type\":\"ReadAction\",\"target\":[\"https:\/\/www.urlaubcornwall.de\/blog\/gruppenhaeuser-england-ab-10-personen\/\"]}]},{\"@type\":\"BreadcrumbList\",\"@id\":\"https:\/\/www.urlaubcornwall.de\/blog\/gruppenhaeuser-england-ab-10-personen\/#breadcrumb\",\"itemListElement\":[{\"@type\":\"ListItem\",\"position\":1,\"name\":\"Home\",\"item\":\"https:\/\/www.urlaubcornwall.de\/blog\/\"},{\"@type\":\"ListItem\",\"position\":2,\"name\":\"Gruppenh\u00e4user England ab 10 Personen +\"}]}]}<\/script>\n<!-- \/ Yoast SEO plugin. -->","yoast_head_json":{"title":"Gruppenh\u00e4user England ab 10 Personen + - Urlaub &amp; Reisen","robots":{"index":"index","follow":"follow","max-snippet":"max-snippet:-1","max-image-preview":"max-image-preview:large","max-video-preview":"max-video-preview:-1"},"canonical":"https:\/\/www.urlaubcornwall.de\/blog\/gruppenhaeuser-england-ab-10-personen\/","og_locale":"en_US","og_type":"article","og_title":"Gruppenh\u00e4user England ab 10 Personen + - Urlaub &amp; Reisen","og_description":"Gro\u00dfes Ferienhaus f\u00fcr Gruppen in England &#8211; Diese ger\u00e4umigen Ferienh\u00e4user in England eignen sich perfekt f\u00fcr Treffen mit Freunden oder Familientreffen. Je mehr desto sch\u00f6ner, wenn es um Ihren Urlaub geht. Bringen Sie also alle zusammen, Freunde, Familie und sogar die Haustiere, und verbringen Sie eine sch\u00f6ne Zeit damit, sich wieder kennenzulernen. Im Urlaub entstehen [&hellip;]","og_url":"https:\/\/www.urlaubcornwall.de\/blog\/gruppenhaeuser-england-ab-10-personen\/","og_site_name":"Urlaub &amp; Reisen","article_modified_time":"2024-03-08T15:55:38+00:00","og_image":[{"url":"https:\/\/www.urlaubcornwall.de\/blog\/wp-content\/uploads\/2024\/02\/gruppenhaeuser-cornwall.jpg"}],"twitter_card":"summary","twitter_misc":{"Est. reading time":"1 minute"},"schema":{"@context":"https:\/\/schema.org","@graph":[{"@type":"WebSite","@id":"https:\/\/www.urlaubcornwall.de\/blog\/#website","url":"https:\/\/www.urlaubcornwall.de\/blog\/","name":"Urlaub &amp; Reisen","description":"Urlaub, Reisen, Cornwall und S\u00fcdengland: eine perfekte Kombination","potentialAction":[{"@type":"SearchAction","target":{"@type":"EntryPoint","urlTemplate":"https:\/\/www.urlaubcornwall.de\/blog\/?s={search_term_string}"},"query-input":"required name=search_term_string"}],"inLanguage":"en-US"},{"@type":"WebPage","@id":"https:\/\/www.urlaubcornwall.de\/blog\/gruppenhaeuser-england-ab-10-personen\/","url":"https:\/\/www.urlaubcornwall.de\/blog\/gruppenhaeuser-england-ab-10-personen\/","name":"Gruppenh\u00e4user England ab 10 Personen + - Urlaub &amp; Reisen","isPartOf":{"@id":"https:\/\/www.urlaubcornwall.de\/blog\/#website"},"datePublished":"2024-03-08T15:49:45+00:00","dateModified":"2024-03-08T15:55:38+00:00","breadcrumb":{"@id":"https:\/\/www.urlaubcornwall.de\/blog\/gruppenhaeuser-england-ab-10-personen\/#breadcrumb"},"inLanguage":"en-US","potentialAction":[{"@type":"ReadAction","target":["https:\/\/www.urlaubcornwall.de\/blog\/gruppenhaeuser-england-ab-10-personen\/"]}]},{"@type":"BreadcrumbList","@id":"https:\/\/www.urlaubcornwall.de\/blog\/gruppenhaeuser-england-ab-10-personen\/#breadcrumb","itemListElement":[{"@type":"ListItem","position":1,"name":"Home","item":"https:\/\/www.urlaubcornwall.de\/blog\/"},{"@type":"ListItem","position":2,"name":"Gruppenh\u00e4user England ab 10 Personen +"}]}]}},"_links":{"self":[{"href":"https:\/\/www.urlaubcornwall.de\/blog\/wp-json\/wp\/v2\/pages\/48030"}],"collection":[{"href":"https:\/\/www.urlaubcornwall.de\/blog\/wp-json\/wp\/v2\/pages"}],"about":[{"href":"https:\/\/www.urlaubcornwall.de\/blog\/wp-json\/wp\/v2\/types\/page"}],"author":[{"embeddable":true,"href":"https:\/\/www.urlaubcornwall.de\/blog\/wp-json\/wp\/v2\/users\/1"}],"replies":[{"embeddable":true,"href":"https:\/\/www.urlaubcornwall.de\/blog\/wp-json\/wp\/v2\/comments?post=48030"}],"version-history":[{"count":2,"href":"https:\/\/www.urlaubcornwall.de\/blog\/wp-json\/wp\/v2\/pages\/48030\/revisions"}],"predecessor-version":[{"id":48032,"href":"https:\/\/www.urlaubcornwall.de\/blog\/wp-json\/wp\/v2\/pages\/48030\/revisions\/48032"}],"wp:attachment":[{"href":"https:\/\/www.urlaubcornwall.de\/blog\/wp-json\/wp\/v2\/media?parent=48030"}],"curies":[{"name":"wp","href":"https:\/\/api.w.org\/{rel}","templated":true}]}}