{"id":47578,"date":"2024-02-22T10:19:15","date_gmt":"2024-02-22T10:19:15","guid":{"rendered":"https:\/\/www.urlaubcornwall.de\/blog\/?page_id=47578"},"modified":"2024-04-15T15:09:26","modified_gmt":"2024-04-15T15:09:26","slug":"aenderung-von-aonb-zu-nationalen-landschaften-in-england","status":"publish","type":"page","link":"https:\/\/www.urlaubcornwall.de\/blog\/aenderung-von-aonb-zu-nationalen-landschaften-in-england\/","title":{"rendered":"\u00c4nderung von AONB zu Nationalen Landschaften in England"},"content":{"rendered":"<p><img loading=\"lazy\" class=\"aligncenter size-full wp-image-47969\" src=\"https:\/\/www.urlaubcornwall.de\/blog\/wp-content\/uploads\/2024\/03\/durdle-door-1.jpg\" alt=\"durdle door\" width=\"750\" height=\"562\" srcset=\"https:\/\/www.urlaubcornwall.de\/blog\/wp-content\/uploads\/2024\/03\/durdle-door-1.jpg 750w, https:\/\/www.urlaubcornwall.de\/blog\/wp-content\/uploads\/2024\/03\/durdle-door-1-300x225.jpg 300w\" sizes=\"(max-width: 750px) 100vw, 750px\" \/><\/p>\n<p>Im November 2022 k\u00fcndigte die britische Regierung an, dass 46 Gebiete in <a href=\"https:\/\/www.urlaubcornwall.de\/\">England<\/a>, die zuvor als Areas of Outstanding Natural Beauty (AONB) ausgewiesen waren, in den Status Nationaler Landschaften (National Landscapes) erhoben werden. Diese \u00c4nderung zielt darauf ab, die Anerkennung und den Schutz dieser Gebiete mit besonders wertvoller Landschaft zu verbessern.<\/p>\n<p><strong>Die wichtigsten Punkte der \u00c4nderung:<\/strong><\/p>\n<p>Neuer Status: Die 46 AONBs werden zu Nationalen Landschaften umbenannt.<\/p>\n<p>H\u00f6herer Schutz: Der Status Nationaler Landschaft bietet einen st\u00e4rkeren Schutz vor unvorteilhafter Entwicklung.<\/p>\n<p>F\u00f6rderung nachhaltiger Nutzung: Die neuen Nationalen Landschaften sollen weiterhin f\u00fcr Freizeit und Erholung genutzt werden k\u00f6nnen, gleichzeitig soll aber auch ihre nat\u00fcrliche Sch\u00f6nheit und ihr \u00f6kologischer Wert erhalten bleiben.<\/p>\n<p>Zusammenarbeit: Die lokalen Beh\u00f6rden und Interessengruppen werden eng zusammenarbeiten, um die Nationalen Landschaften zu verwalten und zu entwickeln.<\/p>\n<p><strong>Liste der 46 neuen Nationalen Landschaften:<\/strong><\/p>\n<p><strong>England<\/strong><\/p>\n<p>Arnside &#038; Silverdale<\/p>\n<p>Blackdown Hills<\/p>\n<p><a href=\"https:\/\/www.urlaubcornwall.de\/blog\/wo-in-staffordshire-urlaub-machen\/\">Cannock Chase<\/a><\/p>\n<p><a href=\"https:\/\/www.urlaubcornwall.de\/blog\/erkunden-sie-sussex\/\">Chichester Harbour<\/a><\/p>\n<p>Chilterns<\/p>\n<p><a href=\"https:\/\/www.urlaubcornwall.de\/reiseziel\/cornwall.php\">Cornwall<\/a><\/p>\n<p><a href=\"https:\/\/www.urlaubcornwall.de\/reiseziel\/cotswolds.php\">Cotswolds<\/a><\/p>\n<p>Cranborne Chase<\/p>\n<p><a href=\"https:\/\/www.urlaubcornwall.de\/blog\/urlaub-in-suffolk-die-grafschaft-von-constable-und-das-zuhause-mittelalterlicher-staedte-und-doerfer\/\">Dedham Vale<\/a><\/p>\n<p><a href=\"https:\/\/www.urlaubcornwall.de\/reiseziel\/dorset.php\">Dorset<\/a><\/p>\n<p><a href=\"https:\/\/www.urlaubcornwall.de\/reiseziel\/devon.php\">East Devon<\/a><\/p>\n<p>Forest of Bowland<\/p>\n<p><a href=\"https:\/\/www.urlaubcornwall.de\/blog\/top-10-reisetipps-kent-die-sie-sehen-und-erleben-sollten\/\">High Weald<\/a><\/p>\n<p>Howardian Hills<\/p>\n<p><a href=\"https:\/\/www.urlaubcornwall.de\/reiseziel\/isle-of-wight.php\">Isle of Wight<\/a><\/p>\n<p><a href=\"https:\/\/www.urlaubcornwall.de\/Scilly-Inseln.php\">Isles of Scilly<\/a><\/p>\n<p><a href=\"https:\/\/www.urlaubcornwall.de\/reiseziel\/kent.php\">Kent Downs<\/a><\/p>\n<p><a href=\"https:\/\/www.urlaubcornwall.de\/blog\/wo-in-lincolnshire-urlaub-machen\/\">Lincolnshire Wolds<\/a><\/p>\n<p><a href=\"https:\/\/www.urlaubcornwall.de\/blog\/wo-in-herefordshire-urlaub-machen\/\">Malvern Hills<\/a><\/p>\n<p>Mendip Hills<\/p>\n<p><a href=\"https:\/\/www.urlaubcornwall.de\/blog\/urlaub-in-nordengland-typisch-englische-laendliche-gegend-in-den-yorkshire-dales\/\">Nidderdale<\/a><\/p>\n<p><a href=\"https:\/\/www.urlaubcornwall.de\/blog\/urlaub-in-norfolk-von-sandstraenden-bis-hin-zu-den-broads\/\">Norfolk Coast<\/a><\/p>\n<p><a href=\"https:\/\/www.urlaubcornwall.de\/ferienhaeuser-fewos\/eng\/nord-devon\/nord-devon.html\">North Devon Coast<\/a><\/p>\n<p><a href=\"https:\/\/www.urlaubcornwall.de\/blog\/wie-viele-tage-fuer-lake-district-yorkshire-rundreise\/\">North Pennines<\/a><\/p>\n<p>North Wessex Downs<\/p>\n<p><a href=\"https:\/\/www.urlaubcornwall.de\/blog\/wo-in-northumberland-urlaub-machen\/\">Northumberland Coast<\/a><\/p>\n<p>Quantock Hills<\/p>\n<p><a href=\"https:\/\/www.urlaubcornwall.de\/blog\/ist-shropshire-schoen\/\">Shropshire Hills<\/a><\/p>\n<p><a href=\"https:\/\/www.urlaubcornwall.de\/blog\/highlights-rundreise-nordengland\/\">Solway Coast<\/a><\/p>\n<p><a href=\"https:\/\/www.urlaubcornwall.de\/ferienhaeuser-fewos\/eng\/sued-devon\/sued-devon.html\">South Devon<\/a><\/p>\n<p><a href=\"https:\/\/www.urlaubcornwall.de\/blog\/wo-in-suffolk-urlaub-machen\/\">Suffolk &#038; Essex Coast and Heaths<\/a><\/p>\n<p>Surrey Hills<\/p>\n<p><a href=\"https:\/\/www.urlaubcornwall.de\/reiseziel\/devon.php\">Tamar Valley<\/a><\/p>\n<p><strong><a href=\"https:\/\/www.urlaubcornwall.de\/reiseziel\/wales.php\">Wales<\/a><\/strong><\/p>\n<p><a href=\"https:\/\/www.urlaubcornwall.de\/blog\/urlaub-anglesey-nord-wales-sehenswuerdigkeiten-geschichte-und-unterkunft\/\">Anglesey \/ Ynys M\u00f4n<\/a><\/p>\n<p>Clwydian Range and Dee Valley \/ Tirwedd Cenedlaethol Bryniau Clwyd a Dyffryn Dyfrdwy<\/p>\n<p><a href=\"https:\/\/www.urlaubcornwall.de\/blog\/walisische-kueste-urlaub-in-wales\/\">Gower \/ G\u0175yr<\/a><\/p>\n<p><a href=\"https:\/\/www.urlaubcornwall.de\/blog\/erkunden-sie-wales-nordwales-mit-seinen-straenden-bergen-und-burgen\/\">Ll\u0177n<\/a><\/p>\n<p><a href=\"https:\/\/www.urlaubcornwall.de\/blog\/urlaub-wye-valley-das-vale-of-usk-sehenswuerdigkeiten-und-unterkunft\/\">Wye Valley \/ Dyffryn Gwy<\/a><\/p>\n<div class=\"snippet\"> <a class=\"featured-item\" href=\"https:\/\/www.urlaubcornwall.de\/ferienhaeuser\/suedengland.php\"> <span class=\"image-holder\" style=\"background-image: url('https:\/\/www.urlaubcornwall.de\/blog\/wp-content\/uploads\/2018\/12\/ferienhaus-cornwall-mit-hund.jpg');\"><\/span> <span class=\"featured-content\"> \n<h2 class=\"featured-title\">Ferienh\u00e4user in S\u00fcdengland<\/h2>\n<p class=\"featured-body\">Bei uns finden Sie Ferienh\u00e4user zum Verlieben &#8211; so einfach ist das! Dank seiner langen Geschichte, der reizvollen Landschaften und seinen vielen Attraktionen ist S\u00fcdengland ein wahres Mekka f\u00fcr Urlauber&#8230;..<\/p><\/span> <span class=\"featured-link-holder\"> <span class=\"featured-extra-info\"> \n<p>Pers\u00f6nlich inspizierter Ferienh\u00e4user<\/p>\n<\/span> \n<p class=\"featured-link\">DETAILS<\/p>\n<\/span> <\/a><\/div>\n<h1>Unser Rundreisenservice in England<\/h1>\n<p>Weshalb \u00fcber uns buchen?<\/p>\n<p>Firmensitz in Cornwall und ein Team Deutsch sprechender Reisespezialisten.<\/p>\n<p>Wir haben eine Leidenschaft f\u00fcrs Reisen und gestalten den perfekten Urlaub.<\/p>\n<p>Ortskenntnisse und Insidertipps f\u00fcr unsere Kunden.<\/p>\n<p>Sonderangebote und Preisnachl\u00e4sse<\/p>\n<p>S\u00e4mtliche unserer Rundreisen sind durch einen voll versicherten deutschen Reiseveranstalter gesichert.<\/p>\n<p style=\"text-align: center;\"><a class=\"tidycta\" href=\"https:\/\/www.urlaubcornwall.de\/rundreisen\/cornwall-suedengland.php\"> Mehr Info<\/a><\/p>\n","protected":false},"excerpt":{"rendered":"<p>Im November 2022 k\u00fcndigte die britische Regierung an, dass 46 Gebiete in England, die zuvor als Areas of Outstanding Natural Beauty (AONB) ausgewiesen waren, in den Status Nationaler Landschaften (National Landscapes) erhoben werden. Diese \u00c4nderung zielt darauf ab, die Anerkennung und den Schutz dieser Gebiete mit besonders wertvoller Landschaft zu verbessern. Die wichtigsten Punkte der [&hellip;]<\/p>\n","protected":false},"author":1,"featured_media":0,"parent":0,"menu_order":0,"comment_status":"closed","ping_status":"closed","template":"single-four.php","meta":[],"acf":[],"yoast_head":"<!-- This site is optimized with the Yoast SEO plugin v19.4 - https:\/\/yoast.com\/wordpress\/plugins\/seo\/ -->\n<title>\u00c4nderung von AONB zu Nationalen Landschaften in England - Urlaub &amp; Reisen<\/title>\n<meta name=\"robots\" content=\"index, follow, max-snippet:-1, max-image-preview:large, max-video-preview:-1\" \/>\n<link rel=\"canonical\" href=\"https:\/\/www.urlaubcornwall.de\/blog\/aenderung-von-aonb-zu-nationalen-landschaften-in-england\/\" \/>\n<meta property=\"og:locale\" content=\"en_US\" \/>\n<meta property=\"og:type\" content=\"article\" \/>\n<meta property=\"og:title\" content=\"\u00c4nderung von AONB zu Nationalen Landschaften in England - Urlaub &amp; Reisen\" \/>\n<meta property=\"og:description\" content=\"Im November 2022 k\u00fcndigte die britische Regierung an, dass 46 Gebiete in England, die zuvor als Areas of Outstanding Natural Beauty (AONB) ausgewiesen waren, in den Status Nationaler Landschaften (National Landscapes) erhoben werden. Diese \u00c4nderung zielt darauf ab, die Anerkennung und den Schutz dieser Gebiete mit besonders wertvoller Landschaft zu verbessern. Die wichtigsten Punkte der [&hellip;]\" \/>\n<meta property=\"og:url\" content=\"https:\/\/www.urlaubcornwall.de\/blog\/aenderung-von-aonb-zu-nationalen-landschaften-in-england\/\" \/>\n<meta property=\"og:site_name\" content=\"Urlaub &amp; Reisen\" \/>\n<meta property=\"article:modified_time\" content=\"2024-04-15T15:09:26+00:00\" \/>\n<meta property=\"og:image\" content=\"https:\/\/www.urlaubcornwall.de\/blog\/wp-content\/uploads\/2024\/03\/durdle-door-1.jpg\" \/>\n<meta name=\"twitter:card\" content=\"summary\" \/>\n<meta name=\"twitter:label1\" content=\"Est. reading time\" \/>\n\t<meta name=\"twitter:data1\" content=\"2 minutes\" \/>\n<script type=\"application\/ld+json\" class=\"yoast-schema-graph\">{\"@context\":\"https:\/\/schema.org\",\"@graph\":[{\"@type\":\"WebSite\",\"@id\":\"https:\/\/www.urlaubcornwall.de\/blog\/#website\",\"url\":\"https:\/\/www.urlaubcornwall.de\/blog\/\",\"name\":\"Urlaub &amp; Reisen\",\"description\":\"Urlaub, Reisen, Cornwall und S\u00fcdengland: eine perfekte Kombination\",\"potentialAction\":[{\"@type\":\"SearchAction\",\"target\":{\"@type\":\"EntryPoint\",\"urlTemplate\":\"https:\/\/www.urlaubcornwall.de\/blog\/?s={search_term_string}\"},\"query-input\":\"required name=search_term_string\"}],\"inLanguage\":\"en-US\"},{\"@type\":\"WebPage\",\"@id\":\"https:\/\/www.urlaubcornwall.de\/blog\/aenderung-von-aonb-zu-nationalen-landschaften-in-england\/\",\"url\":\"https:\/\/www.urlaubcornwall.de\/blog\/aenderung-von-aonb-zu-nationalen-landschaften-in-england\/\",\"name\":\"\u00c4nderung von AONB zu Nationalen Landschaften in England - Urlaub &amp; Reisen\",\"isPartOf\":{\"@id\":\"https:\/\/www.urlaubcornwall.de\/blog\/#website\"},\"datePublished\":\"2024-02-22T10:19:15+00:00\",\"dateModified\":\"2024-04-15T15:09:26+00:00\",\"breadcrumb\":{\"@id\":\"https:\/\/www.urlaubcornwall.de\/blog\/aenderung-von-aonb-zu-nationalen-landschaften-in-england\/#breadcrumb\"},\"inLanguage\":\"en-US\",\"potentialAction\":[{\"@type\":\"ReadAction\",\"target\":[\"https:\/\/www.urlaubcornwall.de\/blog\/aenderung-von-aonb-zu-nationalen-landschaften-in-england\/\"]}]},{\"@type\":\"BreadcrumbList\",\"@id\":\"https:\/\/www.urlaubcornwall.de\/blog\/aenderung-von-aonb-zu-nationalen-landschaften-in-england\/#breadcrumb\",\"itemListElement\":[{\"@type\":\"ListItem\",\"position\":1,\"name\":\"Home\",\"item\":\"https:\/\/www.urlaubcornwall.de\/blog\/\"},{\"@type\":\"ListItem\",\"position\":2,\"name\":\"\u00c4nderung von AONB zu Nationalen Landschaften in England\"}]}]}<\/script>\n<!-- \/ Yoast SEO plugin. -->","yoast_head_json":{"title":"\u00c4nderung von AONB zu Nationalen Landschaften in England - Urlaub &amp; Reisen","robots":{"index":"index","follow":"follow","max-snippet":"max-snippet:-1","max-image-preview":"max-image-preview:large","max-video-preview":"max-video-preview:-1"},"canonical":"https:\/\/www.urlaubcornwall.de\/blog\/aenderung-von-aonb-zu-nationalen-landschaften-in-england\/","og_locale":"en_US","og_type":"article","og_title":"\u00c4nderung von AONB zu Nationalen Landschaften in England - Urlaub &amp; Reisen","og_description":"Im November 2022 k\u00fcndigte die britische Regierung an, dass 46 Gebiete in England, die zuvor als Areas of Outstanding Natural Beauty (AONB) ausgewiesen waren, in den Status Nationaler Landschaften (National Landscapes) erhoben werden. Diese \u00c4nderung zielt darauf ab, die Anerkennung und den Schutz dieser Gebiete mit besonders wertvoller Landschaft zu verbessern. Die wichtigsten Punkte der [&hellip;]","og_url":"https:\/\/www.urlaubcornwall.de\/blog\/aenderung-von-aonb-zu-nationalen-landschaften-in-england\/","og_site_name":"Urlaub &amp; Reisen","article_modified_time":"2024-04-15T15:09:26+00:00","og_image":[{"url":"https:\/\/www.urlaubcornwall.de\/blog\/wp-content\/uploads\/2024\/03\/durdle-door-1.jpg"}],"twitter_card":"summary","twitter_misc":{"Est. reading time":"2 minutes"},"schema":{"@context":"https:\/\/schema.org","@graph":[{"@type":"WebSite","@id":"https:\/\/www.urlaubcornwall.de\/blog\/#website","url":"https:\/\/www.urlaubcornwall.de\/blog\/","name":"Urlaub &amp; Reisen","description":"Urlaub, Reisen, Cornwall und S\u00fcdengland: eine perfekte Kombination","potentialAction":[{"@type":"SearchAction","target":{"@type":"EntryPoint","urlTemplate":"https:\/\/www.urlaubcornwall.de\/blog\/?s={search_term_string}"},"query-input":"required name=search_term_string"}],"inLanguage":"en-US"},{"@type":"WebPage","@id":"https:\/\/www.urlaubcornwall.de\/blog\/aenderung-von-aonb-zu-nationalen-landschaften-in-england\/","url":"https:\/\/www.urlaubcornwall.de\/blog\/aenderung-von-aonb-zu-nationalen-landschaften-in-england\/","name":"\u00c4nderung von AONB zu Nationalen Landschaften in England - Urlaub &amp; Reisen","isPartOf":{"@id":"https:\/\/www.urlaubcornwall.de\/blog\/#website"},"datePublished":"2024-02-22T10:19:15+00:00","dateModified":"2024-04-15T15:09:26+00:00","breadcrumb":{"@id":"https:\/\/www.urlaubcornwall.de\/blog\/aenderung-von-aonb-zu-nationalen-landschaften-in-england\/#breadcrumb"},"inLanguage":"en-US","potentialAction":[{"@type":"ReadAction","target":["https:\/\/www.urlaubcornwall.de\/blog\/aenderung-von-aonb-zu-nationalen-landschaften-in-england\/"]}]},{"@type":"BreadcrumbList","@id":"https:\/\/www.urlaubcornwall.de\/blog\/aenderung-von-aonb-zu-nationalen-landschaften-in-england\/#breadcrumb","itemListElement":[{"@type":"ListItem","position":1,"name":"Home","item":"https:\/\/www.urlaubcornwall.de\/blog\/"},{"@type":"ListItem","position":2,"name":"\u00c4nderung von AONB zu Nationalen Landschaften in England"}]}]}},"_links":{"self":[{"href":"https:\/\/www.urlaubcornwall.de\/blog\/wp-json\/wp\/v2\/pages\/47578"}],"collection":[{"href":"https:\/\/www.urlaubcornwall.de\/blog\/wp-json\/wp\/v2\/pages"}],"about":[{"href":"https:\/\/www.urlaubcornwall.de\/blog\/wp-json\/wp\/v2\/types\/page"}],"author":[{"embeddable":true,"href":"https:\/\/www.urlaubcornwall.de\/blog\/wp-json\/wp\/v2\/users\/1"}],"replies":[{"embeddable":true,"href":"https:\/\/www.urlaubcornwall.de\/blog\/wp-json\/wp\/v2\/comments?post=47578"}],"version-history":[{"count":5,"href":"https:\/\/www.urlaubcornwall.de\/blog\/wp-json\/wp\/v2\/pages\/47578\/revisions"}],"predecessor-version":[{"id":49645,"href":"https:\/\/www.urlaubcornwall.de\/blog\/wp-json\/wp\/v2\/pages\/47578\/revisions\/49645"}],"wp:attachment":[{"href":"https:\/\/www.urlaubcornwall.de\/blog\/wp-json\/wp\/v2\/media?parent=47578"}],"curies":[{"name":"wp","href":"https:\/\/api.w.org\/{rel}","templated":true}]}}