{"id":47398,"date":"2024-01-25T11:24:03","date_gmt":"2024-01-25T11:24:03","guid":{"rendered":"https:\/\/www.urlaubcornwall.de\/blog\/?page_id=47398"},"modified":"2024-04-02T12:54:00","modified_gmt":"2024-04-02T12:54:00","slug":"biest-von-bodmin","status":"publish","type":"page","link":"https:\/\/www.urlaubcornwall.de\/blog\/biest-von-bodmin\/","title":{"rendered":"Biest von Bodmin"},"content":{"rendered":"<p><img loading=\"lazy\" class=\"aligncenter size-full wp-image-48096\" src=\"https:\/\/www.urlaubcornwall.de\/blog\/wp-content\/uploads\/2024\/03\/bodmin-moor.jpg\" alt=\"bodmin moor\" width=\"750\" height=\"421\" srcset=\"https:\/\/www.urlaubcornwall.de\/blog\/wp-content\/uploads\/2024\/03\/bodmin-moor.jpg 750w, https:\/\/www.urlaubcornwall.de\/blog\/wp-content\/uploads\/2024\/03\/bodmin-moor-300x168.jpg 300w\" sizes=\"(max-width: 750px) 100vw, 750px\" \/><\/p>\n<p>\u00dcbereinander gestapelte Steine bei Cheesewring im <a href=\"https:\/\/www.urlaubcornwall.de\/ferienhaeuser-fewos\/bodmin.html\">Bodmin Moor<\/a><\/p>\n<p>So weit hergeholt diese Geschichte auch erscheinen mag, es muss sich um <a href=\"https:\/\/www.urlaubcornwall.de\/reiseziel\/cornwall.php\">Cornwalls<\/a> best\u00e4ndigstes Geheimnis der letzten Jahre handeln. Berichte \u00fcber eine Gro\u00dfkatze im Bodmin Moor tauchten erstmals in den 1970er Jahren auf und seitdem gab es mehr als 60 einzelne Sichtungen, wobei es in den 1990er Jahren zu einer Reihe von Vorf\u00e4llen kam.<\/p>\n<p>Zeugen berichteten oft, sie h\u00e4tten ein gro\u00dfes schwarzes, panther\u00e4hnliches Gesch\u00f6pf in der Wildnis des abgelegenen Moorlandes gesehen, aber was vielleicht am besorgniserregendsten ist, berichteten Landwirte h\u00e4ufig \u00fcber Angriffe auf Nutztiere, von denen sie sicher waren, dass sie nicht den \u00fcblichen Raubtieren der Region zugeschrieben werden konnten. Neben diesen Sichtungen wurden auch gro\u00dfe katzenartige Pfotenabdr\u00fccke entdeckt und Berichten zufolge h\u00f6rten Spazierg\u00e4nger seltsame Knurr- und Zischger\u00e4usche.<\/p>\n<p>Bodmin Moor mit seinen hoch aufragenden Granitt\u00fcrmen, pr\u00e4historischen Denkm\u00e4lern und sumpfigen S\u00fcmpfen ist ein besonders stimmungsvolles Gebiet Cornwalls, besonders wenn der Nebel \u00fcber das ausgedehnte Moorland zieht. Es ist sicherlich ein Ort, an dem die Fantasie freien Lauf l\u00e4sst, aber so viele Sichtungen einer Gro\u00dfkatze \u00fcber so viele Jahre hinweg ist schwer zu erkl\u00e4ren. Daraufhin beschloss die Regierung zu handeln und 1995 kam es zu einer offiziellen Untersuchung der Bestie von Bodmin. Die Untersuchung kam zu dem Schluss, dass es keine Beweise daf\u00fcr gab, dass eine Gro\u00dfkatze irgendeiner Art wild im Moor lebte, aber die Sichtungen gingen weiter und viele Einheimische sind bis heute fest davon \u00fcberzeugt, dass das Biest da drau\u00dfen ist!<\/p>\n<p>Es gibt einige Theorien dar\u00fcber, was das Biest von Bodmin sein k\u00f6nnte. Einige glauben, dass es sich bei der Kreatur um ein exotisches Haustier handelt, das aus einem Zoo oder einer Privatsammlung entkommen ist und nicht gemeldet wurde, weil es illegal gehalten wurde. Andere denken, dass die Kreatur etwas viel Gruseligeres sein k\u00f6nnte \u2013 dass das Biest eine Art paranormale Erscheinung ist.<\/p>\n<p>Wenn diese Mythen und Legenden Ihre Fantasie befl\u00fcgelt haben und Sie mehr entdecken m\u00f6chten, nutzen Sie doch eines <a href=\"https:\/\/www.urlaubcornwall.de\/ferienhaeuser\/cornwall.php\">unserer gem\u00fctlichen Ferienh\u00e4user<\/a> als Ausgangspunkt und beginnen Sie Ihr eigenes Abenteuer in <a href=\"https:\/\/www.urlaubcornwall.de\/reiseziel\/cornwall.php\">Cornwall<\/a>!<br \/>\n\u200b<\/p>\n","protected":false},"excerpt":{"rendered":"<p>\u00dcbereinander gestapelte Steine bei Cheesewring im Bodmin Moor So weit hergeholt diese Geschichte auch erscheinen mag, es muss sich um Cornwalls best\u00e4ndigstes Geheimnis der letzten Jahre handeln. Berichte \u00fcber eine Gro\u00dfkatze im Bodmin Moor tauchten erstmals in den 1970er Jahren auf und seitdem gab es mehr als 60 einzelne Sichtungen, wobei es in den 1990er [&hellip;]<\/p>\n","protected":false},"author":1,"featured_media":0,"parent":0,"menu_order":0,"comment_status":"closed","ping_status":"closed","template":"single-four.php","meta":[],"acf":[],"yoast_head":"<!-- This site is optimized with the Yoast SEO plugin v19.4 - https:\/\/yoast.com\/wordpress\/plugins\/seo\/ -->\n<title>Biest von Bodmin - Urlaub &amp; Reisen<\/title>\n<meta name=\"robots\" content=\"index, follow, max-snippet:-1, max-image-preview:large, max-video-preview:-1\" \/>\n<link rel=\"canonical\" href=\"https:\/\/www.urlaubcornwall.de\/blog\/biest-von-bodmin\/\" \/>\n<meta property=\"og:locale\" content=\"en_US\" \/>\n<meta property=\"og:type\" content=\"article\" \/>\n<meta property=\"og:title\" content=\"Biest von Bodmin - Urlaub &amp; Reisen\" \/>\n<meta property=\"og:description\" content=\"\u00dcbereinander gestapelte Steine bei Cheesewring im Bodmin Moor So weit hergeholt diese Geschichte auch erscheinen mag, es muss sich um Cornwalls best\u00e4ndigstes Geheimnis der letzten Jahre handeln. Berichte \u00fcber eine Gro\u00dfkatze im Bodmin Moor tauchten erstmals in den 1970er Jahren auf und seitdem gab es mehr als 60 einzelne Sichtungen, wobei es in den 1990er [&hellip;]\" \/>\n<meta property=\"og:url\" content=\"https:\/\/www.urlaubcornwall.de\/blog\/biest-von-bodmin\/\" \/>\n<meta property=\"og:site_name\" content=\"Urlaub &amp; Reisen\" \/>\n<meta property=\"article:modified_time\" content=\"2024-04-02T12:54:00+00:00\" \/>\n<meta property=\"og:image\" content=\"https:\/\/www.urlaubcornwall.de\/blog\/wp-content\/uploads\/2024\/03\/bodmin-moor.jpg\" \/>\n<meta name=\"twitter:card\" content=\"summary\" \/>\n<meta name=\"twitter:label1\" content=\"Est. reading time\" \/>\n\t<meta name=\"twitter:data1\" content=\"2 minutes\" \/>\n<script type=\"application\/ld+json\" class=\"yoast-schema-graph\">{\"@context\":\"https:\/\/schema.org\",\"@graph\":[{\"@type\":\"WebSite\",\"@id\":\"https:\/\/www.urlaubcornwall.de\/blog\/#website\",\"url\":\"https:\/\/www.urlaubcornwall.de\/blog\/\",\"name\":\"Urlaub &amp; Reisen\",\"description\":\"Urlaub, Reisen, Cornwall und S\u00fcdengland: eine perfekte Kombination\",\"potentialAction\":[{\"@type\":\"SearchAction\",\"target\":{\"@type\":\"EntryPoint\",\"urlTemplate\":\"https:\/\/www.urlaubcornwall.de\/blog\/?s={search_term_string}\"},\"query-input\":\"required name=search_term_string\"}],\"inLanguage\":\"en-US\"},{\"@type\":\"WebPage\",\"@id\":\"https:\/\/www.urlaubcornwall.de\/blog\/biest-von-bodmin\/\",\"url\":\"https:\/\/www.urlaubcornwall.de\/blog\/biest-von-bodmin\/\",\"name\":\"Biest von Bodmin - Urlaub &amp; Reisen\",\"isPartOf\":{\"@id\":\"https:\/\/www.urlaubcornwall.de\/blog\/#website\"},\"datePublished\":\"2024-01-25T11:24:03+00:00\",\"dateModified\":\"2024-04-02T12:54:00+00:00\",\"breadcrumb\":{\"@id\":\"https:\/\/www.urlaubcornwall.de\/blog\/biest-von-bodmin\/#breadcrumb\"},\"inLanguage\":\"en-US\",\"potentialAction\":[{\"@type\":\"ReadAction\",\"target\":[\"https:\/\/www.urlaubcornwall.de\/blog\/biest-von-bodmin\/\"]}]},{\"@type\":\"BreadcrumbList\",\"@id\":\"https:\/\/www.urlaubcornwall.de\/blog\/biest-von-bodmin\/#breadcrumb\",\"itemListElement\":[{\"@type\":\"ListItem\",\"position\":1,\"name\":\"Home\",\"item\":\"https:\/\/www.urlaubcornwall.de\/blog\/\"},{\"@type\":\"ListItem\",\"position\":2,\"name\":\"Biest von Bodmin\"}]}]}<\/script>\n<!-- \/ Yoast SEO plugin. -->","yoast_head_json":{"title":"Biest von Bodmin - Urlaub &amp; Reisen","robots":{"index":"index","follow":"follow","max-snippet":"max-snippet:-1","max-image-preview":"max-image-preview:large","max-video-preview":"max-video-preview:-1"},"canonical":"https:\/\/www.urlaubcornwall.de\/blog\/biest-von-bodmin\/","og_locale":"en_US","og_type":"article","og_title":"Biest von Bodmin - Urlaub &amp; Reisen","og_description":"\u00dcbereinander gestapelte Steine bei Cheesewring im Bodmin Moor So weit hergeholt diese Geschichte auch erscheinen mag, es muss sich um Cornwalls best\u00e4ndigstes Geheimnis der letzten Jahre handeln. Berichte \u00fcber eine Gro\u00dfkatze im Bodmin Moor tauchten erstmals in den 1970er Jahren auf und seitdem gab es mehr als 60 einzelne Sichtungen, wobei es in den 1990er [&hellip;]","og_url":"https:\/\/www.urlaubcornwall.de\/blog\/biest-von-bodmin\/","og_site_name":"Urlaub &amp; Reisen","article_modified_time":"2024-04-02T12:54:00+00:00","og_image":[{"url":"https:\/\/www.urlaubcornwall.de\/blog\/wp-content\/uploads\/2024\/03\/bodmin-moor.jpg"}],"twitter_card":"summary","twitter_misc":{"Est. reading time":"2 minutes"},"schema":{"@context":"https:\/\/schema.org","@graph":[{"@type":"WebSite","@id":"https:\/\/www.urlaubcornwall.de\/blog\/#website","url":"https:\/\/www.urlaubcornwall.de\/blog\/","name":"Urlaub &amp; Reisen","description":"Urlaub, Reisen, Cornwall und S\u00fcdengland: eine perfekte Kombination","potentialAction":[{"@type":"SearchAction","target":{"@type":"EntryPoint","urlTemplate":"https:\/\/www.urlaubcornwall.de\/blog\/?s={search_term_string}"},"query-input":"required name=search_term_string"}],"inLanguage":"en-US"},{"@type":"WebPage","@id":"https:\/\/www.urlaubcornwall.de\/blog\/biest-von-bodmin\/","url":"https:\/\/www.urlaubcornwall.de\/blog\/biest-von-bodmin\/","name":"Biest von Bodmin - Urlaub &amp; Reisen","isPartOf":{"@id":"https:\/\/www.urlaubcornwall.de\/blog\/#website"},"datePublished":"2024-01-25T11:24:03+00:00","dateModified":"2024-04-02T12:54:00+00:00","breadcrumb":{"@id":"https:\/\/www.urlaubcornwall.de\/blog\/biest-von-bodmin\/#breadcrumb"},"inLanguage":"en-US","potentialAction":[{"@type":"ReadAction","target":["https:\/\/www.urlaubcornwall.de\/blog\/biest-von-bodmin\/"]}]},{"@type":"BreadcrumbList","@id":"https:\/\/www.urlaubcornwall.de\/blog\/biest-von-bodmin\/#breadcrumb","itemListElement":[{"@type":"ListItem","position":1,"name":"Home","item":"https:\/\/www.urlaubcornwall.de\/blog\/"},{"@type":"ListItem","position":2,"name":"Biest von Bodmin"}]}]}},"_links":{"self":[{"href":"https:\/\/www.urlaubcornwall.de\/blog\/wp-json\/wp\/v2\/pages\/47398"}],"collection":[{"href":"https:\/\/www.urlaubcornwall.de\/blog\/wp-json\/wp\/v2\/pages"}],"about":[{"href":"https:\/\/www.urlaubcornwall.de\/blog\/wp-json\/wp\/v2\/types\/page"}],"author":[{"embeddable":true,"href":"https:\/\/www.urlaubcornwall.de\/blog\/wp-json\/wp\/v2\/users\/1"}],"replies":[{"embeddable":true,"href":"https:\/\/www.urlaubcornwall.de\/blog\/wp-json\/wp\/v2\/comments?post=47398"}],"version-history":[{"count":2,"href":"https:\/\/www.urlaubcornwall.de\/blog\/wp-json\/wp\/v2\/pages\/47398\/revisions"}],"predecessor-version":[{"id":48612,"href":"https:\/\/www.urlaubcornwall.de\/blog\/wp-json\/wp\/v2\/pages\/47398\/revisions\/48612"}],"wp:attachment":[{"href":"https:\/\/www.urlaubcornwall.de\/blog\/wp-json\/wp\/v2\/media?parent=47398"}],"curies":[{"name":"wp","href":"https:\/\/api.w.org\/{rel}","templated":true}]}}