{"id":47395,"date":"2024-01-25T11:20:55","date_gmt":"2024-01-25T11:20:55","guid":{"rendered":"https:\/\/www.urlaubcornwall.de\/blog\/?page_id=47395"},"modified":"2024-01-25T11:20:55","modified_gmt":"2024-01-25T11:20:55","slug":"seeungeheuer-in-cornwall","status":"publish","type":"page","link":"https:\/\/www.urlaubcornwall.de\/blog\/seeungeheuer-in-cornwall\/","title":{"rendered":"Seeungeheuer in Cornwall"},"content":{"rendered":"<p><img loading=\"lazy\" class=\"aligncenter size-full wp-image-47396\" src=\"https:\/\/www.urlaubcornwall.de\/blog\/wp-content\/uploads\/2024\/01\/porthcurno-am-meer.jpg\" alt=\"Seeungeheuer in Cornwall\" width=\"750\" height=\"1000\" srcset=\"https:\/\/www.urlaubcornwall.de\/blog\/wp-content\/uploads\/2024\/01\/porthcurno-am-meer.jpg 750w, https:\/\/www.urlaubcornwall.de\/blog\/wp-content\/uploads\/2024\/01\/porthcurno-am-meer-225x300.jpg 225w\" sizes=\"(max-width: 750px) 100vw, 750px\" \/><\/p>\n<p>Die gewundene Flussm\u00fcndung und das bewaldete Land entlang des Helford River in <a href=\"https:\/\/www.urlaubcornwall.de\/reiseziel\/cornwall.php\">Cornwall<\/a><\/p>\n<p>Legenden \u00fcber Seeungeheuer gibt es auf der ganzen Welt, und wie bei Meerjungfrauen gibt es in den meisten Kulturen ihre eigenen Versionen unerkl\u00e4rlicher Kreaturen aus der Tiefe. Wir alle kennen die seltsamen Schlangen, die oft am Rand alter Karten abgebildet waren, und angesichts der langen und bedeutenden Seefahrts- und Fischereitradition Cornwalls ist es kaum verwunderlich, dass auch Seeungeheuer ein fester Bestandteil der Geschichte Cornwalls sind.<\/p>\n<p>Im Laufe der Jahre gab es \u00fcberall an der K\u00fcste Cornwalls Berichte \u00fcber seltsame Sichtungen \u2013 1876 berichteten Zeitungen, dass Fischer vor <a href=\"https:\/\/www.urlaubcornwall.de\/ferienhaeuser-fewos\/portscatho.html\">Portscatho<\/a> eine ungew\u00f6hnliche Schlange gefangen hatten, und in den 1920er Jahren berichteten zwei Fischer aus Flushing, sie h\u00e4tten ein 20 m langes Seeungeheuer mit einem Schnabel und einem langen Hals an Land gebracht , Fell und Flossen. Ein Leviathan wurde 1903 vor dem Leuchtturm von Longships und ein weiterer vor Lands End im Jahr 1906 gesichtet, und der sogenannte North Coast Nessie wurde in den 1930er Jahren vor <a href=\"https:\/\/www.urlaubcornwall.de\/ferienhaeuser-fewos\/port-isaac.html\">Port Isaac<\/a> und <a href=\"https:\/\/www.urlaubcornwall.de\/ferienhaeuser-fewos\/newquay.html\">Newquay<\/a> gesichtet.<\/p>\n<p>Allerdings gibt es einige Krisenherde, an denen scheinbar regelm\u00e4\u00dfig unerkl\u00e4rliche Dinge im Wasser gesichtet wurden. Einer dieser Orte ist <a href=\"https:\/\/www.urlaubcornwall.de\/ferienhaeuser-fewos\/falmouth.html\">Falmouth Bay<\/a> und der <a href=\"https:\/\/www.urlaubcornwall.de\/ferienhaeuser-fewos\/helford.html\">Helford<\/a> River. Es wird angenommen, dass ein Seeungeheuer, heute Morgawr genannt, in der Gegend lebt und sowohl von Fischern auf dem Wasser als auch von Spazierg\u00e4ngern an der K\u00fcste wiederholt gesehen wurde. In den 1970er und 1980er Jahren kam es zu zahlreichen Sichtungen des langhalsigen, st\u00e4mmigen, geh\u00f6rnten Tieres, was zu einer Art Medienrummel f\u00fchrte. Warum also nicht eine Bootsfahrt auf dem Wasser in der Falmouth Bay machen und sehen, ob Morgawr auftaucht?<\/p>\n<p>Wenn diese Mythen und Legenden Ihre Fantasie befl\u00fcgelt haben und Sie mehr entdecken m\u00f6chten, nutzen Sie doch eines <a href=\"https:\/\/www.urlaubcornwall.de\/ferienhaeuser\/cornwall.php\">unserer gem\u00fctlichen Ferienh\u00e4user<\/a> als Ausgangspunkt und beginnen Sie Ihr eigenes Abenteuer in <a href=\"https:\/\/www.urlaubcornwall.de\/reiseziel\/cornwall.php\">Cornwall<\/a>!<\/p>\n","protected":false},"excerpt":{"rendered":"<p>Die gewundene Flussm\u00fcndung und das bewaldete Land entlang des Helford River in Cornwall Legenden \u00fcber Seeungeheuer gibt es auf der ganzen Welt, und wie bei Meerjungfrauen gibt es in den meisten Kulturen ihre eigenen Versionen unerkl\u00e4rlicher Kreaturen aus der Tiefe. Wir alle kennen die seltsamen Schlangen, die oft am Rand alter Karten abgebildet waren, und [&hellip;]<\/p>\n","protected":false},"author":1,"featured_media":0,"parent":0,"menu_order":0,"comment_status":"closed","ping_status":"closed","template":"single-four.php","meta":[],"acf":[],"yoast_head":"<!-- This site is optimized with the Yoast SEO plugin v19.4 - https:\/\/yoast.com\/wordpress\/plugins\/seo\/ -->\n<title>Seeungeheuer in Cornwall - Urlaub &amp; Reisen<\/title>\n<meta name=\"robots\" content=\"index, follow, max-snippet:-1, max-image-preview:large, max-video-preview:-1\" \/>\n<link rel=\"canonical\" href=\"https:\/\/www.urlaubcornwall.de\/blog\/seeungeheuer-in-cornwall\/\" \/>\n<meta property=\"og:locale\" content=\"en_US\" \/>\n<meta property=\"og:type\" content=\"article\" \/>\n<meta property=\"og:title\" content=\"Seeungeheuer in Cornwall - Urlaub &amp; Reisen\" \/>\n<meta property=\"og:description\" content=\"Die gewundene Flussm\u00fcndung und das bewaldete Land entlang des Helford River in Cornwall Legenden \u00fcber Seeungeheuer gibt es auf der ganzen Welt, und wie bei Meerjungfrauen gibt es in den meisten Kulturen ihre eigenen Versionen unerkl\u00e4rlicher Kreaturen aus der Tiefe. Wir alle kennen die seltsamen Schlangen, die oft am Rand alter Karten abgebildet waren, und [&hellip;]\" \/>\n<meta property=\"og:url\" content=\"https:\/\/www.urlaubcornwall.de\/blog\/seeungeheuer-in-cornwall\/\" \/>\n<meta property=\"og:site_name\" content=\"Urlaub &amp; Reisen\" \/>\n<meta property=\"og:image\" content=\"https:\/\/www.urlaubcornwall.de\/blog\/wp-content\/uploads\/2024\/01\/porthcurno-am-meer.jpg\" \/>\n<meta name=\"twitter:card\" content=\"summary\" \/>\n<script type=\"application\/ld+json\" class=\"yoast-schema-graph\">{\"@context\":\"https:\/\/schema.org\",\"@graph\":[{\"@type\":\"WebSite\",\"@id\":\"https:\/\/www.urlaubcornwall.de\/blog\/#website\",\"url\":\"https:\/\/www.urlaubcornwall.de\/blog\/\",\"name\":\"Urlaub &amp; Reisen\",\"description\":\"Urlaub, Reisen, Cornwall und S\u00fcdengland: eine perfekte Kombination\",\"potentialAction\":[{\"@type\":\"SearchAction\",\"target\":{\"@type\":\"EntryPoint\",\"urlTemplate\":\"https:\/\/www.urlaubcornwall.de\/blog\/?s={search_term_string}\"},\"query-input\":\"required name=search_term_string\"}],\"inLanguage\":\"en-US\"},{\"@type\":\"WebPage\",\"@id\":\"https:\/\/www.urlaubcornwall.de\/blog\/seeungeheuer-in-cornwall\/\",\"url\":\"https:\/\/www.urlaubcornwall.de\/blog\/seeungeheuer-in-cornwall\/\",\"name\":\"Seeungeheuer in Cornwall - Urlaub &amp; Reisen\",\"isPartOf\":{\"@id\":\"https:\/\/www.urlaubcornwall.de\/blog\/#website\"},\"datePublished\":\"2024-01-25T11:20:55+00:00\",\"dateModified\":\"2024-01-25T11:20:55+00:00\",\"breadcrumb\":{\"@id\":\"https:\/\/www.urlaubcornwall.de\/blog\/seeungeheuer-in-cornwall\/#breadcrumb\"},\"inLanguage\":\"en-US\",\"potentialAction\":[{\"@type\":\"ReadAction\",\"target\":[\"https:\/\/www.urlaubcornwall.de\/blog\/seeungeheuer-in-cornwall\/\"]}]},{\"@type\":\"BreadcrumbList\",\"@id\":\"https:\/\/www.urlaubcornwall.de\/blog\/seeungeheuer-in-cornwall\/#breadcrumb\",\"itemListElement\":[{\"@type\":\"ListItem\",\"position\":1,\"name\":\"Home\",\"item\":\"https:\/\/www.urlaubcornwall.de\/blog\/\"},{\"@type\":\"ListItem\",\"position\":2,\"name\":\"Seeungeheuer in Cornwall\"}]}]}<\/script>\n<!-- \/ Yoast SEO plugin. -->","yoast_head_json":{"title":"Seeungeheuer in Cornwall - Urlaub &amp; Reisen","robots":{"index":"index","follow":"follow","max-snippet":"max-snippet:-1","max-image-preview":"max-image-preview:large","max-video-preview":"max-video-preview:-1"},"canonical":"https:\/\/www.urlaubcornwall.de\/blog\/seeungeheuer-in-cornwall\/","og_locale":"en_US","og_type":"article","og_title":"Seeungeheuer in Cornwall - Urlaub &amp; Reisen","og_description":"Die gewundene Flussm\u00fcndung und das bewaldete Land entlang des Helford River in Cornwall Legenden \u00fcber Seeungeheuer gibt es auf der ganzen Welt, und wie bei Meerjungfrauen gibt es in den meisten Kulturen ihre eigenen Versionen unerkl\u00e4rlicher Kreaturen aus der Tiefe. Wir alle kennen die seltsamen Schlangen, die oft am Rand alter Karten abgebildet waren, und [&hellip;]","og_url":"https:\/\/www.urlaubcornwall.de\/blog\/seeungeheuer-in-cornwall\/","og_site_name":"Urlaub &amp; Reisen","og_image":[{"url":"https:\/\/www.urlaubcornwall.de\/blog\/wp-content\/uploads\/2024\/01\/porthcurno-am-meer.jpg"}],"twitter_card":"summary","schema":{"@context":"https:\/\/schema.org","@graph":[{"@type":"WebSite","@id":"https:\/\/www.urlaubcornwall.de\/blog\/#website","url":"https:\/\/www.urlaubcornwall.de\/blog\/","name":"Urlaub &amp; Reisen","description":"Urlaub, Reisen, Cornwall und S\u00fcdengland: eine perfekte Kombination","potentialAction":[{"@type":"SearchAction","target":{"@type":"EntryPoint","urlTemplate":"https:\/\/www.urlaubcornwall.de\/blog\/?s={search_term_string}"},"query-input":"required name=search_term_string"}],"inLanguage":"en-US"},{"@type":"WebPage","@id":"https:\/\/www.urlaubcornwall.de\/blog\/seeungeheuer-in-cornwall\/","url":"https:\/\/www.urlaubcornwall.de\/blog\/seeungeheuer-in-cornwall\/","name":"Seeungeheuer in Cornwall - Urlaub &amp; Reisen","isPartOf":{"@id":"https:\/\/www.urlaubcornwall.de\/blog\/#website"},"datePublished":"2024-01-25T11:20:55+00:00","dateModified":"2024-01-25T11:20:55+00:00","breadcrumb":{"@id":"https:\/\/www.urlaubcornwall.de\/blog\/seeungeheuer-in-cornwall\/#breadcrumb"},"inLanguage":"en-US","potentialAction":[{"@type":"ReadAction","target":["https:\/\/www.urlaubcornwall.de\/blog\/seeungeheuer-in-cornwall\/"]}]},{"@type":"BreadcrumbList","@id":"https:\/\/www.urlaubcornwall.de\/blog\/seeungeheuer-in-cornwall\/#breadcrumb","itemListElement":[{"@type":"ListItem","position":1,"name":"Home","item":"https:\/\/www.urlaubcornwall.de\/blog\/"},{"@type":"ListItem","position":2,"name":"Seeungeheuer in Cornwall"}]}]}},"_links":{"self":[{"href":"https:\/\/www.urlaubcornwall.de\/blog\/wp-json\/wp\/v2\/pages\/47395"}],"collection":[{"href":"https:\/\/www.urlaubcornwall.de\/blog\/wp-json\/wp\/v2\/pages"}],"about":[{"href":"https:\/\/www.urlaubcornwall.de\/blog\/wp-json\/wp\/v2\/types\/page"}],"author":[{"embeddable":true,"href":"https:\/\/www.urlaubcornwall.de\/blog\/wp-json\/wp\/v2\/users\/1"}],"replies":[{"embeddable":true,"href":"https:\/\/www.urlaubcornwall.de\/blog\/wp-json\/wp\/v2\/comments?post=47395"}],"version-history":[{"count":1,"href":"https:\/\/www.urlaubcornwall.de\/blog\/wp-json\/wp\/v2\/pages\/47395\/revisions"}],"predecessor-version":[{"id":47397,"href":"https:\/\/www.urlaubcornwall.de\/blog\/wp-json\/wp\/v2\/pages\/47395\/revisions\/47397"}],"wp:attachment":[{"href":"https:\/\/www.urlaubcornwall.de\/blog\/wp-json\/wp\/v2\/media?parent=47395"}],"curies":[{"name":"wp","href":"https:\/\/api.w.org\/{rel}","templated":true}]}}