{"id":47392,"date":"2024-01-25T11:03:39","date_gmt":"2024-01-25T11:03:39","guid":{"rendered":"https:\/\/www.urlaubcornwall.de\/blog\/?page_id=47392"},"modified":"2024-05-31T11:43:44","modified_gmt":"2024-05-31T11:43:44","slug":"legende-von-koenig-artus","status":"publish","type":"page","link":"https:\/\/www.urlaubcornwall.de\/blog\/legende-von-koenig-artus\/","title":{"rendered":"Legende von K\u00f6nig Artus in Cornwall"},"content":{"rendered":"<p><img loading=\"lazy\" class=\"aligncenter size-full wp-image-50931\" src=\"https:\/\/www.urlaubcornwall.de\/blog\/wp-content\/uploads\/2024\/05\/tintagel_bridge.jpg\" alt=\"tintagel_bridge\" width=\"750\" height=\"643\" srcset=\"https:\/\/www.urlaubcornwall.de\/blog\/wp-content\/uploads\/2024\/05\/tintagel_bridge.jpg 750w, https:\/\/www.urlaubcornwall.de\/blog\/wp-content\/uploads\/2024\/05\/tintagel_bridge-300x257.jpg 300w\" sizes=\"(max-width: 750px) 100vw, 750px\" \/><\/p>\n<p>Blick entlang der dramatischen K\u00fcste rund um Tintagel Castle und der Legende von K\u00f6nig Artus<\/p>\n<p>Wenn Sie auf der Klippe von <a href=\"https:\/\/www.urlaubcornwall.de\/ferienhaeuser-fewos\/tintagel.html\">Tintagel<\/a> stehen und auf die Ruinen der alten Burg auf der dramatischen Felseninsel blicken, f\u00e4llt es Ihnen nicht schwer, Ihrer Fantasie freien Lauf zu lassen und sich in eine Zeit der Zauberer und ritterlichen Ritter zu entf\u00fchren. Der Mythos von K\u00f6nig Artus wird seit langem mit Cornwall in Verbindung gebracht, und die Begeisterung erreichte fieberhafte Ausma\u00dfe, nachdem der Dichter Lord Alfred Tennyson 1848 die Gegend besuchte und 1859 seine \u201eIdyllen des K\u00f6nigs\u201c ver\u00f6ffentlichte. Seitdem ist die Artus-Legende im Umlauf Besucher der Region auf der Suche nach den Rittern der Tafelrunde in der l\u00e4ndlichen Gegend Cornwalls.<\/p>\n<p>Neben Tintagel Castle, das als wahrscheinlicher Geburtsort von Arthur identifiziert wurde, k\u00f6nnen Sie auch Dozmary Pool im <a href=\"https:\/\/www.urlaubcornwall.de\/ferienhaeuser-fewos\/bodmin.html\">Bodmin Moor<\/a> besuchen, wo sein ber\u00fchmtes Schwert Excalibur versteckt sein soll. Slaughterbridge, nicht weit von <a href=\"https:\/\/www.urlaubcornwall.de\/ferienhaeuser-fewos\/camelford.html\">Camelford<\/a> entfernt, wird von einigen fr\u00fchen Historikern als Schauplatz von Arthurs letzter, t\u00f6dlicher Schlacht gesch\u00e4tzt und Sie k\u00f6nnen dort ein Artus-Zentrum namens Vale of Avalon besuchen. Hier k\u00f6nnen Sie auch einen gro\u00dfen Stein mit Inschrift sehen, der als K\u00f6nig Artus-Stein bekannt ist und im Fluss Camel liegt. Dieses St\u00fcck Granit soll einst der Grabstein des mythischen K\u00f6nigs gewesen sein, heute geht man jedoch davon aus, dass er zu Ehren eines \u00f6rtlichen H\u00e4uptlings aus dem 6. Jahrhundert gedacht ist.<\/p>\n<p>Wenn diese Mythen und Legenden Ihre Fantasie befl\u00fcgelt haben und Sie mehr entdecken m\u00f6chten, nutzen Sie doch eines <a href=\"https:\/\/www.urlaubcornwall.de\/ferienhaeuser\/cornwall.php\">unserer gem\u00fctlichen Ferienh\u00e4user<\/a> als Ausgangspunkt und beginnen Sie Ihr eigenes Abenteuer in <a href=\"https:\/\/www.urlaubcornwall.de\/reiseziel\/cornwall.php\">Cornwall<\/a>!<\/p>\n","protected":false},"excerpt":{"rendered":"<p>Blick entlang der dramatischen K\u00fcste rund um Tintagel Castle und der Legende von K\u00f6nig Artus Wenn Sie auf der Klippe von Tintagel stehen und auf die Ruinen der alten Burg auf der dramatischen Felseninsel blicken, f\u00e4llt es Ihnen nicht schwer, Ihrer Fantasie freien Lauf zu lassen und sich in eine Zeit der Zauberer und ritterlichen [&hellip;]<\/p>\n","protected":false},"author":1,"featured_media":0,"parent":0,"menu_order":0,"comment_status":"closed","ping_status":"closed","template":"single-four.php","meta":[],"acf":[],"yoast_head":"<!-- This site is optimized with the Yoast SEO plugin v19.4 - https:\/\/yoast.com\/wordpress\/plugins\/seo\/ -->\n<title>Legende von K\u00f6nig Artus in Cornwall - Urlaub &amp; Reisen<\/title>\n<meta name=\"robots\" content=\"index, follow, max-snippet:-1, max-image-preview:large, max-video-preview:-1\" \/>\n<link rel=\"canonical\" href=\"https:\/\/www.urlaubcornwall.de\/blog\/legende-von-koenig-artus\/\" \/>\n<meta property=\"og:locale\" content=\"en_US\" \/>\n<meta property=\"og:type\" content=\"article\" \/>\n<meta property=\"og:title\" content=\"Legende von K\u00f6nig Artus in Cornwall - Urlaub &amp; Reisen\" \/>\n<meta property=\"og:description\" content=\"Blick entlang der dramatischen K\u00fcste rund um Tintagel Castle und der Legende von K\u00f6nig Artus Wenn Sie auf der Klippe von Tintagel stehen und auf die Ruinen der alten Burg auf der dramatischen Felseninsel blicken, f\u00e4llt es Ihnen nicht schwer, Ihrer Fantasie freien Lauf zu lassen und sich in eine Zeit der Zauberer und ritterlichen [&hellip;]\" \/>\n<meta property=\"og:url\" content=\"https:\/\/www.urlaubcornwall.de\/blog\/legende-von-koenig-artus\/\" \/>\n<meta property=\"og:site_name\" content=\"Urlaub &amp; Reisen\" \/>\n<meta property=\"article:modified_time\" content=\"2024-05-31T11:43:44+00:00\" \/>\n<meta property=\"og:image\" content=\"https:\/\/www.urlaubcornwall.de\/blog\/wp-content\/uploads\/2024\/05\/tintagel_bridge.jpg\" \/>\n<meta name=\"twitter:card\" content=\"summary\" \/>\n<meta name=\"twitter:label1\" content=\"Est. reading time\" \/>\n\t<meta name=\"twitter:data1\" content=\"2 minutes\" \/>\n<script type=\"application\/ld+json\" class=\"yoast-schema-graph\">{\"@context\":\"https:\/\/schema.org\",\"@graph\":[{\"@type\":\"WebSite\",\"@id\":\"https:\/\/www.urlaubcornwall.de\/blog\/#website\",\"url\":\"https:\/\/www.urlaubcornwall.de\/blog\/\",\"name\":\"Urlaub &amp; Reisen\",\"description\":\"Urlaub, Reisen, Cornwall und S\u00fcdengland: eine perfekte Kombination\",\"potentialAction\":[{\"@type\":\"SearchAction\",\"target\":{\"@type\":\"EntryPoint\",\"urlTemplate\":\"https:\/\/www.urlaubcornwall.de\/blog\/?s={search_term_string}\"},\"query-input\":\"required name=search_term_string\"}],\"inLanguage\":\"en-US\"},{\"@type\":\"WebPage\",\"@id\":\"https:\/\/www.urlaubcornwall.de\/blog\/legende-von-koenig-artus\/\",\"url\":\"https:\/\/www.urlaubcornwall.de\/blog\/legende-von-koenig-artus\/\",\"name\":\"Legende von K\u00f6nig Artus in Cornwall - Urlaub &amp; Reisen\",\"isPartOf\":{\"@id\":\"https:\/\/www.urlaubcornwall.de\/blog\/#website\"},\"datePublished\":\"2024-01-25T11:03:39+00:00\",\"dateModified\":\"2024-05-31T11:43:44+00:00\",\"breadcrumb\":{\"@id\":\"https:\/\/www.urlaubcornwall.de\/blog\/legende-von-koenig-artus\/#breadcrumb\"},\"inLanguage\":\"en-US\",\"potentialAction\":[{\"@type\":\"ReadAction\",\"target\":[\"https:\/\/www.urlaubcornwall.de\/blog\/legende-von-koenig-artus\/\"]}]},{\"@type\":\"BreadcrumbList\",\"@id\":\"https:\/\/www.urlaubcornwall.de\/blog\/legende-von-koenig-artus\/#breadcrumb\",\"itemListElement\":[{\"@type\":\"ListItem\",\"position\":1,\"name\":\"Home\",\"item\":\"https:\/\/www.urlaubcornwall.de\/blog\/\"},{\"@type\":\"ListItem\",\"position\":2,\"name\":\"Legende von K\u00f6nig Artus in Cornwall\"}]}]}<\/script>\n<!-- \/ Yoast SEO plugin. -->","yoast_head_json":{"title":"Legende von K\u00f6nig Artus in Cornwall - Urlaub &amp; Reisen","robots":{"index":"index","follow":"follow","max-snippet":"max-snippet:-1","max-image-preview":"max-image-preview:large","max-video-preview":"max-video-preview:-1"},"canonical":"https:\/\/www.urlaubcornwall.de\/blog\/legende-von-koenig-artus\/","og_locale":"en_US","og_type":"article","og_title":"Legende von K\u00f6nig Artus in Cornwall - Urlaub &amp; Reisen","og_description":"Blick entlang der dramatischen K\u00fcste rund um Tintagel Castle und der Legende von K\u00f6nig Artus Wenn Sie auf der Klippe von Tintagel stehen und auf die Ruinen der alten Burg auf der dramatischen Felseninsel blicken, f\u00e4llt es Ihnen nicht schwer, Ihrer Fantasie freien Lauf zu lassen und sich in eine Zeit der Zauberer und ritterlichen [&hellip;]","og_url":"https:\/\/www.urlaubcornwall.de\/blog\/legende-von-koenig-artus\/","og_site_name":"Urlaub &amp; Reisen","article_modified_time":"2024-05-31T11:43:44+00:00","og_image":[{"url":"https:\/\/www.urlaubcornwall.de\/blog\/wp-content\/uploads\/2024\/05\/tintagel_bridge.jpg"}],"twitter_card":"summary","twitter_misc":{"Est. reading time":"2 minutes"},"schema":{"@context":"https:\/\/schema.org","@graph":[{"@type":"WebSite","@id":"https:\/\/www.urlaubcornwall.de\/blog\/#website","url":"https:\/\/www.urlaubcornwall.de\/blog\/","name":"Urlaub &amp; Reisen","description":"Urlaub, Reisen, Cornwall und S\u00fcdengland: eine perfekte Kombination","potentialAction":[{"@type":"SearchAction","target":{"@type":"EntryPoint","urlTemplate":"https:\/\/www.urlaubcornwall.de\/blog\/?s={search_term_string}"},"query-input":"required name=search_term_string"}],"inLanguage":"en-US"},{"@type":"WebPage","@id":"https:\/\/www.urlaubcornwall.de\/blog\/legende-von-koenig-artus\/","url":"https:\/\/www.urlaubcornwall.de\/blog\/legende-von-koenig-artus\/","name":"Legende von K\u00f6nig Artus in Cornwall - Urlaub &amp; Reisen","isPartOf":{"@id":"https:\/\/www.urlaubcornwall.de\/blog\/#website"},"datePublished":"2024-01-25T11:03:39+00:00","dateModified":"2024-05-31T11:43:44+00:00","breadcrumb":{"@id":"https:\/\/www.urlaubcornwall.de\/blog\/legende-von-koenig-artus\/#breadcrumb"},"inLanguage":"en-US","potentialAction":[{"@type":"ReadAction","target":["https:\/\/www.urlaubcornwall.de\/blog\/legende-von-koenig-artus\/"]}]},{"@type":"BreadcrumbList","@id":"https:\/\/www.urlaubcornwall.de\/blog\/legende-von-koenig-artus\/#breadcrumb","itemListElement":[{"@type":"ListItem","position":1,"name":"Home","item":"https:\/\/www.urlaubcornwall.de\/blog\/"},{"@type":"ListItem","position":2,"name":"Legende von K\u00f6nig Artus in Cornwall"}]}]}},"_links":{"self":[{"href":"https:\/\/www.urlaubcornwall.de\/blog\/wp-json\/wp\/v2\/pages\/47392"}],"collection":[{"href":"https:\/\/www.urlaubcornwall.de\/blog\/wp-json\/wp\/v2\/pages"}],"about":[{"href":"https:\/\/www.urlaubcornwall.de\/blog\/wp-json\/wp\/v2\/types\/page"}],"author":[{"embeddable":true,"href":"https:\/\/www.urlaubcornwall.de\/blog\/wp-json\/wp\/v2\/users\/1"}],"replies":[{"embeddable":true,"href":"https:\/\/www.urlaubcornwall.de\/blog\/wp-json\/wp\/v2\/comments?post=47392"}],"version-history":[{"count":4,"href":"https:\/\/www.urlaubcornwall.de\/blog\/wp-json\/wp\/v2\/pages\/47392\/revisions"}],"predecessor-version":[{"id":51322,"href":"https:\/\/www.urlaubcornwall.de\/blog\/wp-json\/wp\/v2\/pages\/47392\/revisions\/51322"}],"wp:attachment":[{"href":"https:\/\/www.urlaubcornwall.de\/blog\/wp-json\/wp\/v2\/media?parent=47392"}],"curies":[{"name":"wp","href":"https:\/\/api.w.org\/{rel}","templated":true}]}}