{"id":4738,"date":"2012-08-02T13:40:46","date_gmt":"2012-08-02T13:40:46","guid":{"rendered":"https:\/\/www.urlaubcornwall.de\/blog\/?page_id=4738"},"modified":"2016-01-27T17:01:03","modified_gmt":"2016-01-27T17:01:03","slug":"unsere-auswahl-an-cottages-auf-tresco-scilly-inseln","status":"publish","type":"page","link":"https:\/\/www.urlaubcornwall.de\/blog\/unsere-auswahl-an-cottages-auf-tresco-scilly-inseln\/","title":{"rendered":"Unsere Auswahl an Cottages auf Tresco, Scilly Inseln"},"content":{"rendered":"<p>Viele Luxus Ferienwohnungen auf Tresco befinden sich in privater Hand und werden nicht oft zur Vermietung angeboten, aber wir haben Zugriff auf alle Verf\u00fcgbarkeiten f\u00fcr sorgf\u00e4ltig erlesene Cottages und Luxus-Apartments.Hier finden Sie eine Auswahl an romantischen Cottages, Luxusapartments und Strandh\u00e4usern auf dieser einzigartigen Insel.<\/p>\n<p>Die Scilly-Inseln sind das ideale Reiseziel f\u00fcr einen Familienurlaub, mit einigen der besten Str\u00e4nde in ganz England und der Gelegenheit, Ferien fernab von der Alltagshektik zu genie\u00dfen und dem Rhythmus der Gezeiten zu folgen, die hier die Bootsfahrten bestimmen. F\u00fcr P\u00e4rchen steht ein gem\u00fctliches Cottage mit unglaublichem Meeresblick zur Verf\u00fcgung, der ideale Ausgangspunkt, um die einzigartige nat\u00fcrliche Sch\u00f6nheit der Inseln und Fisch und Meeresfr\u00fcchte der Weltklasse zu genie\u00dfen.<\/p>\n<p>Sagen Sie uns, wonach Sie suchen &#8211; wir finden genau das Richtige.<\/p>\n<h2><a href=\"http:\/\/www.urlaubcornwall.de\/anfrage.php?tourcode=Cottages%20Tresco\"><span style=\"text-decoration: underline;\">Anfrage Cottages Tresco<\/span>&gt;&gt;<\/a><\/h2>\n<p><strong>N\u00fctzliche Informationen:<\/strong><\/p>\n<p><strong><span style=\"text-decoration: underline;\"><a href=\"http:\/\/www.urlaubcornwall.de\/pdf\/tresco_island_cottage_map.pdf\">Landkarte von Tresco<\/a><\/span> ,<span style=\"text-decoration: underline;\"> <a href=\"https:\/\/www.urlaubcornwall.de\/blog\/2012\/03\/lebensmittel-und-getraenke-auf-tresco\/\" target=\"_blank\">Lebensmittel und Getr\u00e4nke auf Tresco<\/a><\/span> , <span style=\"text-decoration: underline;\"><a href=\"https:\/\/www.urlaubcornwall.de\/blog\/?p=3979\" target=\"_blank\">Nat\u00fcrliche Umgebung<\/a><\/span> , <span style=\"text-decoration: underline;\"><a href=\"https:\/\/www.urlaubcornwall.de\/blog\/?p=3990\" target=\"_blank\">Geschichte von Tresco <\/a><\/span>, <span style=\"text-decoration: underline;\"><a href=\"https:\/\/www.urlaubcornwall.de\/blog\/?p=3798\" target=\"_blank\">Bildergalerie<\/a><\/span><\/strong><\/p>\n\n","protected":false},"excerpt":{"rendered":"<p>Viele Luxus Ferienwohnungen auf Tresco befinden sich in privater Hand und werden nicht oft zur Vermietung angeboten, aber wir haben Zugriff auf alle Verf\u00fcgbarkeiten f\u00fcr sorgf\u00e4ltig erlesene Cottages und Luxus-Apartments.Hier finden Sie eine Auswahl an romantischen Cottages, Luxusapartments und Strandh\u00e4usern auf dieser einzigartigen Insel. Die Scilly-Inseln sind das ideale Reiseziel f\u00fcr einen Familienurlaub, mit einigen [&hellip;]<\/p>\n","protected":false},"author":1,"featured_media":0,"parent":0,"menu_order":0,"comment_status":"closed","ping_status":"closed","template":"single-three.php","meta":[],"acf":[],"yoast_head":"<!-- This site is optimized with the Yoast SEO plugin v19.4 - https:\/\/yoast.com\/wordpress\/plugins\/seo\/ -->\n<title>Unsere Auswahl an Cottages auf Tresco, Scilly Inseln - Urlaub &amp; Reisen<\/title>\n<meta name=\"robots\" content=\"index, follow, max-snippet:-1, max-image-preview:large, max-video-preview:-1\" \/>\n<link rel=\"canonical\" href=\"https:\/\/www.urlaubcornwall.de\/blog\/unsere-auswahl-an-cottages-auf-tresco-scilly-inseln\/\" \/>\n<meta property=\"og:locale\" content=\"en_US\" \/>\n<meta property=\"og:type\" content=\"article\" \/>\n<meta property=\"og:title\" content=\"Unsere Auswahl an Cottages auf Tresco, Scilly Inseln - Urlaub &amp; Reisen\" \/>\n<meta property=\"og:description\" content=\"Viele Luxus Ferienwohnungen auf Tresco befinden sich in privater Hand und werden nicht oft zur Vermietung angeboten, aber wir haben Zugriff auf alle Verf\u00fcgbarkeiten f\u00fcr sorgf\u00e4ltig erlesene Cottages und Luxus-Apartments.Hier finden Sie eine Auswahl an romantischen Cottages, Luxusapartments und Strandh\u00e4usern auf dieser einzigartigen Insel. Die Scilly-Inseln sind das ideale Reiseziel f\u00fcr einen Familienurlaub, mit einigen [&hellip;]\" \/>\n<meta property=\"og:url\" content=\"https:\/\/www.urlaubcornwall.de\/blog\/unsere-auswahl-an-cottages-auf-tresco-scilly-inseln\/\" \/>\n<meta property=\"og:site_name\" content=\"Urlaub &amp; Reisen\" \/>\n<meta property=\"article:modified_time\" content=\"2016-01-27T17:01:03+00:00\" \/>\n<meta name=\"twitter:card\" content=\"summary\" \/>\n<meta name=\"twitter:label1\" content=\"Est. reading time\" \/>\n\t<meta name=\"twitter:data1\" content=\"1 minute\" \/>\n<script type=\"application\/ld+json\" class=\"yoast-schema-graph\">{\"@context\":\"https:\/\/schema.org\",\"@graph\":[{\"@type\":\"WebSite\",\"@id\":\"https:\/\/www.urlaubcornwall.de\/blog\/#website\",\"url\":\"https:\/\/www.urlaubcornwall.de\/blog\/\",\"name\":\"Urlaub &amp; Reisen\",\"description\":\"Urlaub, Reisen, Cornwall und S\u00fcdengland: eine perfekte Kombination\",\"potentialAction\":[{\"@type\":\"SearchAction\",\"target\":{\"@type\":\"EntryPoint\",\"urlTemplate\":\"https:\/\/www.urlaubcornwall.de\/blog\/?s={search_term_string}\"},\"query-input\":\"required name=search_term_string\"}],\"inLanguage\":\"en-US\"},{\"@type\":\"WebPage\",\"@id\":\"https:\/\/www.urlaubcornwall.de\/blog\/unsere-auswahl-an-cottages-auf-tresco-scilly-inseln\/\",\"url\":\"https:\/\/www.urlaubcornwall.de\/blog\/unsere-auswahl-an-cottages-auf-tresco-scilly-inseln\/\",\"name\":\"Unsere Auswahl an Cottages auf Tresco, Scilly Inseln - Urlaub &amp; Reisen\",\"isPartOf\":{\"@id\":\"https:\/\/www.urlaubcornwall.de\/blog\/#website\"},\"datePublished\":\"2012-08-02T13:40:46+00:00\",\"dateModified\":\"2016-01-27T17:01:03+00:00\",\"breadcrumb\":{\"@id\":\"https:\/\/www.urlaubcornwall.de\/blog\/unsere-auswahl-an-cottages-auf-tresco-scilly-inseln\/#breadcrumb\"},\"inLanguage\":\"en-US\",\"potentialAction\":[{\"@type\":\"ReadAction\",\"target\":[\"https:\/\/www.urlaubcornwall.de\/blog\/unsere-auswahl-an-cottages-auf-tresco-scilly-inseln\/\"]}]},{\"@type\":\"BreadcrumbList\",\"@id\":\"https:\/\/www.urlaubcornwall.de\/blog\/unsere-auswahl-an-cottages-auf-tresco-scilly-inseln\/#breadcrumb\",\"itemListElement\":[{\"@type\":\"ListItem\",\"position\":1,\"name\":\"Home\",\"item\":\"https:\/\/www.urlaubcornwall.de\/blog\/\"},{\"@type\":\"ListItem\",\"position\":2,\"name\":\"Unsere Auswahl an Cottages auf Tresco, Scilly Inseln\"}]}]}<\/script>\n<!-- \/ Yoast SEO plugin. -->","yoast_head_json":{"title":"Unsere Auswahl an Cottages auf Tresco, Scilly Inseln - Urlaub &amp; Reisen","robots":{"index":"index","follow":"follow","max-snippet":"max-snippet:-1","max-image-preview":"max-image-preview:large","max-video-preview":"max-video-preview:-1"},"canonical":"https:\/\/www.urlaubcornwall.de\/blog\/unsere-auswahl-an-cottages-auf-tresco-scilly-inseln\/","og_locale":"en_US","og_type":"article","og_title":"Unsere Auswahl an Cottages auf Tresco, Scilly Inseln - Urlaub &amp; Reisen","og_description":"Viele Luxus Ferienwohnungen auf Tresco befinden sich in privater Hand und werden nicht oft zur Vermietung angeboten, aber wir haben Zugriff auf alle Verf\u00fcgbarkeiten f\u00fcr sorgf\u00e4ltig erlesene Cottages und Luxus-Apartments.Hier finden Sie eine Auswahl an romantischen Cottages, Luxusapartments und Strandh\u00e4usern auf dieser einzigartigen Insel. Die Scilly-Inseln sind das ideale Reiseziel f\u00fcr einen Familienurlaub, mit einigen [&hellip;]","og_url":"https:\/\/www.urlaubcornwall.de\/blog\/unsere-auswahl-an-cottages-auf-tresco-scilly-inseln\/","og_site_name":"Urlaub &amp; Reisen","article_modified_time":"2016-01-27T17:01:03+00:00","twitter_card":"summary","twitter_misc":{"Est. reading time":"1 minute"},"schema":{"@context":"https:\/\/schema.org","@graph":[{"@type":"WebSite","@id":"https:\/\/www.urlaubcornwall.de\/blog\/#website","url":"https:\/\/www.urlaubcornwall.de\/blog\/","name":"Urlaub &amp; Reisen","description":"Urlaub, Reisen, Cornwall und S\u00fcdengland: eine perfekte Kombination","potentialAction":[{"@type":"SearchAction","target":{"@type":"EntryPoint","urlTemplate":"https:\/\/www.urlaubcornwall.de\/blog\/?s={search_term_string}"},"query-input":"required name=search_term_string"}],"inLanguage":"en-US"},{"@type":"WebPage","@id":"https:\/\/www.urlaubcornwall.de\/blog\/unsere-auswahl-an-cottages-auf-tresco-scilly-inseln\/","url":"https:\/\/www.urlaubcornwall.de\/blog\/unsere-auswahl-an-cottages-auf-tresco-scilly-inseln\/","name":"Unsere Auswahl an Cottages auf Tresco, Scilly Inseln - Urlaub &amp; Reisen","isPartOf":{"@id":"https:\/\/www.urlaubcornwall.de\/blog\/#website"},"datePublished":"2012-08-02T13:40:46+00:00","dateModified":"2016-01-27T17:01:03+00:00","breadcrumb":{"@id":"https:\/\/www.urlaubcornwall.de\/blog\/unsere-auswahl-an-cottages-auf-tresco-scilly-inseln\/#breadcrumb"},"inLanguage":"en-US","potentialAction":[{"@type":"ReadAction","target":["https:\/\/www.urlaubcornwall.de\/blog\/unsere-auswahl-an-cottages-auf-tresco-scilly-inseln\/"]}]},{"@type":"BreadcrumbList","@id":"https:\/\/www.urlaubcornwall.de\/blog\/unsere-auswahl-an-cottages-auf-tresco-scilly-inseln\/#breadcrumb","itemListElement":[{"@type":"ListItem","position":1,"name":"Home","item":"https:\/\/www.urlaubcornwall.de\/blog\/"},{"@type":"ListItem","position":2,"name":"Unsere Auswahl an Cottages auf Tresco, Scilly Inseln"}]}]}},"_links":{"self":[{"href":"https:\/\/www.urlaubcornwall.de\/blog\/wp-json\/wp\/v2\/pages\/4738"}],"collection":[{"href":"https:\/\/www.urlaubcornwall.de\/blog\/wp-json\/wp\/v2\/pages"}],"about":[{"href":"https:\/\/www.urlaubcornwall.de\/blog\/wp-json\/wp\/v2\/types\/page"}],"author":[{"embeddable":true,"href":"https:\/\/www.urlaubcornwall.de\/blog\/wp-json\/wp\/v2\/users\/1"}],"replies":[{"embeddable":true,"href":"https:\/\/www.urlaubcornwall.de\/blog\/wp-json\/wp\/v2\/comments?post=4738"}],"version-history":[{"count":32,"href":"https:\/\/www.urlaubcornwall.de\/blog\/wp-json\/wp\/v2\/pages\/4738\/revisions"}],"predecessor-version":[{"id":22941,"href":"https:\/\/www.urlaubcornwall.de\/blog\/wp-json\/wp\/v2\/pages\/4738\/revisions\/22941"}],"wp:attachment":[{"href":"https:\/\/www.urlaubcornwall.de\/blog\/wp-json\/wp\/v2\/media?parent=4738"}],"curies":[{"name":"wp","href":"https:\/\/api.w.org\/{rel}","templated":true}]}}